











{"id":114627,"date":"2026-02-05T13:52:34","date_gmt":"2026-02-05T13:52:34","guid":{"rendered":"https:\/\/ses-creative.com\/?post_type=product&#038;p=114627"},"modified":"2026-02-06T09:51:32","modified_gmt":"2026-02-06T09:51:32","slug":"zick-zack-origami-tiere","status":"publish","type":"product","link":"https:\/\/ses-creative.com\/de\/produkt\/zick-zack-origami-tiere\/","title":{"rendered":"Zick-Zack-Origami-Tiere"},"content":{"rendered":"<p>Falten, kleben und deinen eigenen Zoo gestalten! Mit dem Zig Zag Origami Tiere Set von SES Creative lernen Kinder auf spielerische Weise die Grundlagen des Origami. Dank des vorgedruckten Faltpapiers und der kindgerechten Schere basteln sie Schritt f\u00fcr Schritt fr\u00f6hliche Tiere wie einen Fuchs, einen Elefanten und einen Welpen. Eine lehrreiche und unterhaltsame Aktivit\u00e4t f\u00fcr Kinder ab 3 Jahren!<\/p>\n<p>Was dieses Set so toll macht:<br \/>\n 9 gro\u00dfe Tiere zum Selberfalten und Verzieren<\/p>\n<p>\u2702 Inklusive kindersicherer Schere \u2013 f\u00fcr Links- und Rechtsh\u00e4nder geeignet<\/p>\n<p> Vorgedrucktes Faltpapier mit deutlichen Faltlinien<\/p>\n<p> F\u00f6rdert die Feinmotorik, Konzentration und Kreativit\u00e4t<br \/>\n Entwickelt f\u00fcr kleine Kinder \u2013 einfach und macht Spa\u00df<\/p>\n<p>Falten mit einem L\u00e4cheln<br \/>\nMit diesem Set entdecken Kinder, wie viel Spa\u00df Origami machen kann und wie einfach es ist. Dank des fr\u00f6hlich bedruckten Papiers und der einfachen Zickzack-Technik falten sie im Handumdrehen eine ganze Tierwelt zusammen. Die Verwendung einer echten (aber sicheren!) Schere macht das Erlebnis besonders realistisch \u2013 und besonders lehrreich.<\/p>\n<p>Inhalt des Sets:<br \/>\nDruckteile f\u00fcr 9 verschiedene Tiere<\/p>\n<p>Kinderschere, geeignet f\u00fcr Links- und Rechtsh\u00e4nder<\/p>\n<p>Warum SES Creative?<br \/>\nBei SES Creative entwickeln wir Spielzeug, das Kindern beim Wachsen hilft. Unsere Produkte f\u00f6rdern Kreativit\u00e4t, Selbstvertrauen und Entwicklung \u2013 immer sicher, verantwortungsbewusst und unterhaltsam. Seit mehr als 50 Jahren stellen wir nachhaltiges Spielzeug her, das mit Stolz in den Niederlanden entworfen und produziert wird.<\/p>\n<p>Falten Sie noch heute Ihr erstes Tier!<br \/>\nLassen Sie Kinder ihren eigenen Zoo bauen \u2013 Papier f\u00fcr Papier. Bestellen Sie jetzt das Zig Zag Origami-Tierset und entdecken Sie, wie viel Spa\u00df kreatives Falten machen kann!<\/p>\n","protected":false},"excerpt":{"rendered":"<p>Falten, kleben und deinen eigenen Zoo gestalten! Mit dem Zig Zag Origami Tiere Set von SES Creative lernen Kinder auf spielerische Weise die Grundlagen des Origami. Dank des vorgedruckten Faltpapiers und der kindgerechten Schere basteln sie Schritt f\u00fcr Schritt fr\u00f6hliche Tiere wie einen Fuchs, einen Elefanten und einen Welpen. Eine lehrreiche und unterhaltsame Aktivit\u00e4t f\u00fcr [&hellip;]<\/p>\n","protected":false},"featured_media":101308,"comment_status":"closed","ping_status":"closed","template":"","meta":{"_acf_changed":false},"product_brand":[],"product_cat":[115],"product_tag":[],"class_list":{"0":"post-114627","1":"product","2":"type-product","3":"status-publish","4":"has-post-thumbnail","6":"product_cat-basteln","7":"pa_leeftijd-filter-3-4-jahre","8":"pa_meest-populair-bij-jungen-maedchen","10":"first","11":"instock","12":"shipping-taxable","13":"product-type-simple"},"acf":[],"yoast_head":"<!-- This site is optimized with the Yoast SEO plugin v27.4 - https:\/\/yoast.com\/product\/yoast-seo-wordpress\/ -->\n<title>Zick-Zack-Origami-Tiere - SES Creative<\/title>\n<meta name=\"robots\" content=\"index, follow, max-snippet:-1, max-image-preview:large, max-video-preview:-1\" \/>\n<link rel=\"canonical\" href=\"https:\/\/ses-creative.com\/de\/produkt\/zick-zack-origami-tiere\/\" \/>\n<meta property=\"og:locale\" content=\"de_DE\" \/>\n<meta property=\"og:type\" content=\"article\" \/>\n<meta property=\"og:title\" content=\"Zick-Zack-Origami-Tiere - SES Creative\" \/>\n<meta property=\"og:description\" content=\"Falten, kleben und deinen eigenen Zoo gestalten! Mit dem Zig Zag Origami Tiere Set von SES Creative lernen Kinder auf spielerische Weise die Grundlagen des Origami. Dank des vorgedruckten Faltpapiers und der kindgerechten Schere basteln sie Schritt f\u00fcr Schritt fr\u00f6hliche Tiere wie einen Fuchs, einen Elefanten und einen Welpen. Eine lehrreiche und unterhaltsame Aktivit\u00e4t f\u00fcr [&hellip;]\" \/>\n<meta property=\"og:url\" content=\"https:\/\/ses-creative.com\/de\/produkt\/zick-zack-origami-tiere\/\" \/>\n<meta property=\"og:site_name\" content=\"SES Creative\" \/>\n<meta property=\"article:modified_time\" content=\"2026-02-06T09:51:32+00:00\" \/>\n<meta name=\"twitter:card\" content=\"summary_large_image\" \/>\n<meta name=\"twitter:label1\" content=\"Gesch\u00e4tzte Lesezeit\" \/>\n\t<meta name=\"twitter:data1\" content=\"1\u00a0Minute\" \/>\n<script type=\"application\/ld+json\" class=\"yoast-schema-graph\">{\"@context\":\"https:\\\/\\\/schema.org\",\"@graph\":[{\"@type\":\"WebPage\",\"@id\":\"https:\\\/\\\/ses-creative.com\\\/de\\\/produkt\\\/zick-zack-origami-tiere\\\/\",\"url\":\"https:\\\/\\\/ses-creative.com\\\/de\\\/produkt\\\/zick-zack-origami-tiere\\\/\",\"name\":\"Zick-Zack-Origami-Tiere - SES Creative\",\"isPartOf\":{\"@id\":\"https:\\\/\\\/ses-creative.com\\\/#website\"},\"primaryImageOfPage\":{\"@id\":\"https:\\\/\\\/ses-creative.com\\\/de\\\/produkt\\\/zick-zack-origami-tiere\\\/#primaryimage\"},\"image\":{\"@id\":\"https:\\\/\\\/ses-creative.com\\\/de\\\/produkt\\\/zick-zack-origami-tiere\\\/#primaryimage\"},\"thumbnailUrl\":\"https:\\\/\\\/ses-creative.com\\\/wp-content\\\/uploads\\\/2026\\\/01\\\/140261.jpg\",\"datePublished\":\"2026-02-05T13:52:34+00:00\",\"dateModified\":\"2026-02-06T09:51:32+00:00\",\"breadcrumb\":{\"@id\":\"https:\\\/\\\/ses-creative.com\\\/de\\\/produkt\\\/zick-zack-origami-tiere\\\/#breadcrumb\"},\"inLanguage\":\"de\",\"potentialAction\":[{\"@type\":\"ReadAction\",\"target\":[\"https:\\\/\\\/ses-creative.com\\\/de\\\/produkt\\\/zick-zack-origami-tiere\\\/\"]}]},{\"@type\":\"ImageObject\",\"inLanguage\":\"de\",\"@id\":\"https:\\\/\\\/ses-creative.com\\\/de\\\/produkt\\\/zick-zack-origami-tiere\\\/#primaryimage\",\"url\":\"https:\\\/\\\/ses-creative.com\\\/wp-content\\\/uploads\\\/2026\\\/01\\\/140261.jpg\",\"contentUrl\":\"https:\\\/\\\/ses-creative.com\\\/wp-content\\\/uploads\\\/2026\\\/01\\\/140261.jpg\",\"width\":1000,\"height\":1000},{\"@type\":\"BreadcrumbList\",\"@id\":\"https:\\\/\\\/ses-creative.com\\\/de\\\/produkt\\\/zick-zack-origami-tiere\\\/#breadcrumb\",\"itemListElement\":[{\"@type\":\"ListItem\",\"position\":1,\"name\":\"Shop\",\"item\":\"https:\\\/\\\/ses-creative.com\\\/de\\\/shop\\\/\"},{\"@type\":\"ListItem\",\"position\":2,\"name\":\"Basteln\",\"item\":\"https:\\\/\\\/ses-creative.com\\\/de\\\/product-categorie\\\/basteln\\\/\"},{\"@type\":\"ListItem\",\"position\":3,\"name\":\"Zick-Zack-Origami-Tiere\"}]},{\"@type\":\"WebSite\",\"@id\":\"https:\\\/\\\/ses-creative.com\\\/#website\",\"url\":\"https:\\\/\\\/ses-creative.com\\\/\",\"name\":\"SES Creative\",\"description\":\"\",\"publisher\":{\"@id\":\"https:\\\/\\\/ses-creative.com\\\/#organization\"},\"potentialAction\":[{\"@type\":\"SearchAction\",\"target\":{\"@type\":\"EntryPoint\",\"urlTemplate\":\"https:\\\/\\\/ses-creative.com\\\/?s={search_term_string}\"},\"query-input\":{\"@type\":\"PropertyValueSpecification\",\"valueRequired\":true,\"valueName\":\"search_term_string\"}}],\"inLanguage\":\"de\"},{\"@type\":\"Organization\",\"@id\":\"https:\\\/\\\/ses-creative.com\\\/#organization\",\"name\":\"SES Creative\",\"url\":\"https:\\\/\\\/ses-creative.com\\\/\",\"logo\":{\"@type\":\"ImageObject\",\"inLanguage\":\"de\",\"@id\":\"https:\\\/\\\/ses-creative.com\\\/#\\\/schema\\\/logo\\\/image\\\/\",\"url\":\"https:\\\/\\\/ses-creative.com\\\/wp-content\\\/uploads\\\/2025\\\/10\\\/ses-creative-logo.jpg\",\"contentUrl\":\"https:\\\/\\\/ses-creative.com\\\/wp-content\\\/uploads\\\/2025\\\/10\\\/ses-creative-logo.jpg\",\"width\":2037,\"height\":2037,\"caption\":\"SES Creative\"},\"image\":{\"@id\":\"https:\\\/\\\/ses-creative.com\\\/#\\\/schema\\\/logo\\\/image\\\/\"}}]}<\/script>\n<!-- \/ Yoast SEO plugin. -->","yoast_head_json":{"title":"Zick-Zack-Origami-Tiere - SES Creative","robots":{"index":"index","follow":"follow","max-snippet":"max-snippet:-1","max-image-preview":"max-image-preview:large","max-video-preview":"max-video-preview:-1"},"canonical":"https:\/\/ses-creative.com\/de\/produkt\/zick-zack-origami-tiere\/","og_locale":"de_DE","og_type":"article","og_title":"Zick-Zack-Origami-Tiere - SES Creative","og_description":"Falten, kleben und deinen eigenen Zoo gestalten! Mit dem Zig Zag Origami Tiere Set von SES Creative lernen Kinder auf spielerische Weise die Grundlagen des Origami. Dank des vorgedruckten Faltpapiers und der kindgerechten Schere basteln sie Schritt f\u00fcr Schritt fr\u00f6hliche Tiere wie einen Fuchs, einen Elefanten und einen Welpen. Eine lehrreiche und unterhaltsame Aktivit\u00e4t f\u00fcr [&hellip;]","og_url":"https:\/\/ses-creative.com\/de\/produkt\/zick-zack-origami-tiere\/","og_site_name":"SES Creative","article_modified_time":"2026-02-06T09:51:32+00:00","twitter_card":"summary_large_image","twitter_misc":{"Gesch\u00e4tzte Lesezeit":"1\u00a0Minute"},"schema":{"@context":"https:\/\/schema.org","@graph":[{"@type":"WebPage","@id":"https:\/\/ses-creative.com\/de\/produkt\/zick-zack-origami-tiere\/","url":"https:\/\/ses-creative.com\/de\/produkt\/zick-zack-origami-tiere\/","name":"Zick-Zack-Origami-Tiere - SES Creative","isPartOf":{"@id":"https:\/\/ses-creative.com\/#website"},"primaryImageOfPage":{"@id":"https:\/\/ses-creative.com\/de\/produkt\/zick-zack-origami-tiere\/#primaryimage"},"image":{"@id":"https:\/\/ses-creative.com\/de\/produkt\/zick-zack-origami-tiere\/#primaryimage"},"thumbnailUrl":"https:\/\/ses-creative.com\/wp-content\/uploads\/2026\/01\/140261.jpg","datePublished":"2026-02-05T13:52:34+00:00","dateModified":"2026-02-06T09:51:32+00:00","breadcrumb":{"@id":"https:\/\/ses-creative.com\/de\/produkt\/zick-zack-origami-tiere\/#breadcrumb"},"inLanguage":"de","potentialAction":[{"@type":"ReadAction","target":["https:\/\/ses-creative.com\/de\/produkt\/zick-zack-origami-tiere\/"]}]},{"@type":"ImageObject","inLanguage":"de","@id":"https:\/\/ses-creative.com\/de\/produkt\/zick-zack-origami-tiere\/#primaryimage","url":"https:\/\/ses-creative.com\/wp-content\/uploads\/2026\/01\/140261.jpg","contentUrl":"https:\/\/ses-creative.com\/wp-content\/uploads\/2026\/01\/140261.jpg","width":1000,"height":1000},{"@type":"BreadcrumbList","@id":"https:\/\/ses-creative.com\/de\/produkt\/zick-zack-origami-tiere\/#breadcrumb","itemListElement":[{"@type":"ListItem","position":1,"name":"Shop","item":"https:\/\/ses-creative.com\/de\/shop\/"},{"@type":"ListItem","position":2,"name":"Basteln","item":"https:\/\/ses-creative.com\/de\/product-categorie\/basteln\/"},{"@type":"ListItem","position":3,"name":"Zick-Zack-Origami-Tiere"}]},{"@type":"WebSite","@id":"https:\/\/ses-creative.com\/#website","url":"https:\/\/ses-creative.com\/","name":"SES Creative","description":"","publisher":{"@id":"https:\/\/ses-creative.com\/#organization"},"potentialAction":[{"@type":"SearchAction","target":{"@type":"EntryPoint","urlTemplate":"https:\/\/ses-creative.com\/?s={search_term_string}"},"query-input":{"@type":"PropertyValueSpecification","valueRequired":true,"valueName":"search_term_string"}}],"inLanguage":"de"},{"@type":"Organization","@id":"https:\/\/ses-creative.com\/#organization","name":"SES Creative","url":"https:\/\/ses-creative.com\/","logo":{"@type":"ImageObject","inLanguage":"de","@id":"https:\/\/ses-creative.com\/#\/schema\/logo\/image\/","url":"https:\/\/ses-creative.com\/wp-content\/uploads\/2025\/10\/ses-creative-logo.jpg","contentUrl":"https:\/\/ses-creative.com\/wp-content\/uploads\/2025\/10\/ses-creative-logo.jpg","width":2037,"height":2037,"caption":"SES Creative"},"image":{"@id":"https:\/\/ses-creative.com\/#\/schema\/logo\/image\/"}}]}},"_links":{"self":[{"href":"https:\/\/ses-creative.com\/de\/wp-json\/wp\/v2\/product\/114627","targetHints":{"allow":["GET"]}}],"collection":[{"href":"https:\/\/ses-creative.com\/de\/wp-json\/wp\/v2\/product"}],"about":[{"href":"https:\/\/ses-creative.com\/de\/wp-json\/wp\/v2\/types\/product"}],"replies":[{"embeddable":true,"href":"https:\/\/ses-creative.com\/de\/wp-json\/wp\/v2\/comments?post=114627"}],"wp:featuredmedia":[{"embeddable":true,"href":"https:\/\/ses-creative.com\/de\/wp-json\/wp\/v2\/media\/101308"}],"wp:attachment":[{"href":"https:\/\/ses-creative.com\/de\/wp-json\/wp\/v2\/media?parent=114627"}],"wp:term":[{"taxonomy":"product_brand","embeddable":true,"href":"https:\/\/ses-creative.com\/de\/wp-json\/wp\/v2\/product_brand?post=114627"},{"taxonomy":"product_cat","embeddable":true,"href":"https:\/\/ses-creative.com\/de\/wp-json\/wp\/v2\/product_cat?post=114627"},{"taxonomy":"product_tag","embeddable":true,"href":"https:\/\/ses-creative.com\/de\/wp-json\/wp\/v2\/product_tag?post=114627"}],"curies":[{"name":"wp","href":"https:\/\/api.w.org\/{rel}","templated":true}]}}