











{"id":114625,"date":"2026-02-05T13:52:33","date_gmt":"2026-02-05T13:52:33","guid":{"rendered":"https:\/\/ses-creative.com\/?post_type=product&#038;p=114625"},"modified":"2026-02-06T09:51:32","modified_gmt":"2026-02-06T09:51:32","slug":"schrumpffolie-schluesselanhaenger","status":"publish","type":"product","link":"https:\/\/ses-creative.com\/de\/produkt\/schrumpffolie-schluesselanhaenger\/","title":{"rendered":"Schrumpffolie &#8211; Schl\u00fcsselanh\u00e4nger"},"content":{"rendered":"<p>Schrumpffolie \u2013 Schl\u00fcsselanh\u00e4nger: Gestalten Sie einzigartige Schl\u00fcsselanh\u00e4nger!<\/p>\n<p>Entdecken Sie die magische Wirkung von Schrumpffolie! Dieses Set enth\u00e4lt alles, was Sie zum Basteln Ihrer eigenen Schl\u00fcsselanh\u00e4nger ben\u00f6tigen. \u00dcbertragen Sie die Vorlagen, malen Sie sie aus und legen Sie sie anschlie\u00dfend in einen warmen Ofen. Wow! Sehen Sie, wie schnell sie schrumpfen. Sie werden bis zu sieben Mal kleiner. Niemand sonst hat so einzigartige Schl\u00fcsselanh\u00e4nger!<\/p>\n<p>Inhalt der Verpackung:<\/p>\n<p>3 Schrumpffolienb\u00f6gen<br \/>\n8 Buntstifte<br \/>\n6 Kunststoff-Schl\u00fcsselanh\u00e4nger<br \/>\nBand<br \/>\nAnleitung<\/p>\n<p>Einzigartige Eigenschaften:<\/p>\n<p>Magische Schrumpffolie<br \/>\nErstellen Sie mehrere sch\u00f6ne Schl\u00fcsselanh\u00e4nger mit Schrumpffolie<br \/>\nInklusive Vorlagen zum Nachzeichnen<br \/>\nAcht Bleistifte in fr\u00f6hlichen Farben<br \/>\nSchrumpffolie wird im Ofen 7-mal kleiner und 7-mal dicker<br \/>\nKreativ und magisch<\/p>\n<p>Mit diesem Set k\u00f6nnen Sie ganz einfach einzigartige Schl\u00fcsselanh\u00e4nger basteln. \u00dcbertragen Sie die Vorlagen auf die Schrumpffolie, malen Sie sie mit den mitgelieferten Stiften aus und legen Sie sie in den Backofen. Beobachten Sie, wie die Folie auf magische Weise um das Siebenfache schrumpft und dicker wird, sodass Sie wundersch\u00f6ne und robuste Schl\u00fcsselanh\u00e4nger erhalten.<\/p>\n<p>Warum dies perfekt f\u00fcr Sie ist<\/p>\n<p>Dies ist das ideale Set f\u00fcr Kinder, die gerne kreativ sind und etwas Einzigartiges gestalten m\u00f6chten. Das Ausmalen und Schrumpfen ist einfach und sicher, und das Endergebnis ist immer \u00fcberraschend und sch\u00f6n. Es f\u00f6rdert die Kreativit\u00e4t und die Feinmotorik und sorgt f\u00fcr stundenlangen Bastelspa\u00df.<\/p>\n<p>Beginnen Sie noch heute mit der Herstellung von Schl\u00fcsselanh\u00e4ngern<\/p>\n<p>Lassen Sie Ihrer Kreativit\u00e4t freien Lauf und gestalten Sie die sch\u00f6nsten Schl\u00fcsselanh\u00e4nger mit dem Schrumpffolien-Set von SES Creative. Perfekt f\u00fcr einen regnerischen Nachmittag oder eine lustige Aktivit\u00e4t mit Freunden!<\/p>\n","protected":false},"excerpt":{"rendered":"<p>Schrumpffolie \u2013 Schl\u00fcsselanh\u00e4nger: Gestalten Sie einzigartige Schl\u00fcsselanh\u00e4nger! Entdecken Sie die magische Wirkung von Schrumpffolie! Dieses Set enth\u00e4lt alles, was Sie zum Basteln Ihrer eigenen Schl\u00fcsselanh\u00e4nger ben\u00f6tigen. \u00dcbertragen Sie die Vorlagen, malen Sie sie aus und legen Sie sie anschlie\u00dfend in einen warmen Ofen. Wow! Sehen Sie, wie schnell sie schrumpfen. Sie werden bis zu sieben [&hellip;]<\/p>\n","protected":false},"featured_media":101268,"comment_status":"closed","ping_status":"closed","template":"","meta":{"_acf_changed":false},"product_brand":[],"product_cat":[115],"product_tag":[],"class_list":{"0":"post-114625","1":"product","2":"type-product","3":"status-publish","4":"has-post-thumbnail","6":"product_cat-basteln","7":"pa_leeftijd-filter-4-6-jahre","8":"pa_meest-populair-bij-jungen-maedchen","10":"first","11":"instock","12":"shipping-taxable","13":"product-type-simple"},"acf":[],"yoast_head":"<!-- This site is optimized with the Yoast SEO plugin v27.5 - https:\/\/yoast.com\/product\/yoast-seo-wordpress\/ -->\n<title>Schrumpffolie - Schl\u00fcsselanh\u00e4nger - SES Creative<\/title>\n<meta name=\"robots\" content=\"index, follow, max-snippet:-1, max-image-preview:large, max-video-preview:-1\" \/>\n<link rel=\"canonical\" href=\"https:\/\/ses-creative.com\/de\/produkt\/schrumpffolie-schluesselanhaenger\/\" \/>\n<meta property=\"og:locale\" content=\"de_DE\" \/>\n<meta property=\"og:type\" content=\"article\" \/>\n<meta property=\"og:title\" content=\"Schrumpffolie - Schl\u00fcsselanh\u00e4nger - SES Creative\" \/>\n<meta property=\"og:description\" content=\"Schrumpffolie \u2013 Schl\u00fcsselanh\u00e4nger: Gestalten Sie einzigartige Schl\u00fcsselanh\u00e4nger! Entdecken Sie die magische Wirkung von Schrumpffolie! Dieses Set enth\u00e4lt alles, was Sie zum Basteln Ihrer eigenen Schl\u00fcsselanh\u00e4nger ben\u00f6tigen. \u00dcbertragen Sie die Vorlagen, malen Sie sie aus und legen Sie sie anschlie\u00dfend in einen warmen Ofen. Wow! Sehen Sie, wie schnell sie schrumpfen. Sie werden bis zu sieben [&hellip;]\" \/>\n<meta property=\"og:url\" content=\"https:\/\/ses-creative.com\/de\/produkt\/schrumpffolie-schluesselanhaenger\/\" \/>\n<meta property=\"og:site_name\" content=\"SES Creative\" \/>\n<meta property=\"article:modified_time\" content=\"2026-02-06T09:51:32+00:00\" \/>\n<meta name=\"twitter:card\" content=\"summary_large_image\" \/>\n<meta name=\"twitter:label1\" content=\"Gesch\u00e4tzte Lesezeit\" \/>\n\t<meta name=\"twitter:data1\" content=\"1\u00a0Minute\" \/>\n<script type=\"application\/ld+json\" class=\"yoast-schema-graph\">{\"@context\":\"https:\\\/\\\/schema.org\",\"@graph\":[{\"@type\":\"WebPage\",\"@id\":\"https:\\\/\\\/ses-creative.com\\\/de\\\/produkt\\\/schrumpffolie-schluesselanhaenger\\\/\",\"url\":\"https:\\\/\\\/ses-creative.com\\\/de\\\/produkt\\\/schrumpffolie-schluesselanhaenger\\\/\",\"name\":\"Schrumpffolie - Schl\u00fcsselanh\u00e4nger - SES Creative\",\"isPartOf\":{\"@id\":\"https:\\\/\\\/ses-creative.com\\\/#website\"},\"primaryImageOfPage\":{\"@id\":\"https:\\\/\\\/ses-creative.com\\\/de\\\/produkt\\\/schrumpffolie-schluesselanhaenger\\\/#primaryimage\"},\"image\":{\"@id\":\"https:\\\/\\\/ses-creative.com\\\/de\\\/produkt\\\/schrumpffolie-schluesselanhaenger\\\/#primaryimage\"},\"thumbnailUrl\":\"https:\\\/\\\/ses-creative.com\\\/wp-content\\\/uploads\\\/2026\\\/01\\\/140221.jpg\",\"datePublished\":\"2026-02-05T13:52:33+00:00\",\"dateModified\":\"2026-02-06T09:51:32+00:00\",\"breadcrumb\":{\"@id\":\"https:\\\/\\\/ses-creative.com\\\/de\\\/produkt\\\/schrumpffolie-schluesselanhaenger\\\/#breadcrumb\"},\"inLanguage\":\"de\",\"potentialAction\":[{\"@type\":\"ReadAction\",\"target\":[\"https:\\\/\\\/ses-creative.com\\\/de\\\/produkt\\\/schrumpffolie-schluesselanhaenger\\\/\"]}]},{\"@type\":\"ImageObject\",\"inLanguage\":\"de\",\"@id\":\"https:\\\/\\\/ses-creative.com\\\/de\\\/produkt\\\/schrumpffolie-schluesselanhaenger\\\/#primaryimage\",\"url\":\"https:\\\/\\\/ses-creative.com\\\/wp-content\\\/uploads\\\/2026\\\/01\\\/140221.jpg\",\"contentUrl\":\"https:\\\/\\\/ses-creative.com\\\/wp-content\\\/uploads\\\/2026\\\/01\\\/140221.jpg\",\"width\":1000,\"height\":1000},{\"@type\":\"BreadcrumbList\",\"@id\":\"https:\\\/\\\/ses-creative.com\\\/de\\\/produkt\\\/schrumpffolie-schluesselanhaenger\\\/#breadcrumb\",\"itemListElement\":[{\"@type\":\"ListItem\",\"position\":1,\"name\":\"Shop\",\"item\":\"https:\\\/\\\/ses-creative.com\\\/de\\\/shop\\\/\"},{\"@type\":\"ListItem\",\"position\":2,\"name\":\"Basteln\",\"item\":\"https:\\\/\\\/ses-creative.com\\\/de\\\/product-categorie\\\/basteln\\\/\"},{\"@type\":\"ListItem\",\"position\":3,\"name\":\"Schrumpffolie &#8211; Schl\u00fcsselanh\u00e4nger\"}]},{\"@type\":\"WebSite\",\"@id\":\"https:\\\/\\\/ses-creative.com\\\/#website\",\"url\":\"https:\\\/\\\/ses-creative.com\\\/\",\"name\":\"SES Creative\",\"description\":\"\",\"publisher\":{\"@id\":\"https:\\\/\\\/ses-creative.com\\\/#organization\"},\"potentialAction\":[{\"@type\":\"SearchAction\",\"target\":{\"@type\":\"EntryPoint\",\"urlTemplate\":\"https:\\\/\\\/ses-creative.com\\\/?s={search_term_string}\"},\"query-input\":{\"@type\":\"PropertyValueSpecification\",\"valueRequired\":true,\"valueName\":\"search_term_string\"}}],\"inLanguage\":\"de\"},{\"@type\":\"Organization\",\"@id\":\"https:\\\/\\\/ses-creative.com\\\/#organization\",\"name\":\"SES Creative\",\"url\":\"https:\\\/\\\/ses-creative.com\\\/\",\"logo\":{\"@type\":\"ImageObject\",\"inLanguage\":\"de\",\"@id\":\"https:\\\/\\\/ses-creative.com\\\/#\\\/schema\\\/logo\\\/image\\\/\",\"url\":\"https:\\\/\\\/ses-creative.com\\\/wp-content\\\/uploads\\\/2025\\\/10\\\/ses-creative-logo.jpg\",\"contentUrl\":\"https:\\\/\\\/ses-creative.com\\\/wp-content\\\/uploads\\\/2025\\\/10\\\/ses-creative-logo.jpg\",\"width\":2037,\"height\":2037,\"caption\":\"SES Creative\"},\"image\":{\"@id\":\"https:\\\/\\\/ses-creative.com\\\/#\\\/schema\\\/logo\\\/image\\\/\"}}]}<\/script>\n<!-- \/ Yoast SEO plugin. -->","yoast_head_json":{"title":"Schrumpffolie - Schl\u00fcsselanh\u00e4nger - SES Creative","robots":{"index":"index","follow":"follow","max-snippet":"max-snippet:-1","max-image-preview":"max-image-preview:large","max-video-preview":"max-video-preview:-1"},"canonical":"https:\/\/ses-creative.com\/de\/produkt\/schrumpffolie-schluesselanhaenger\/","og_locale":"de_DE","og_type":"article","og_title":"Schrumpffolie - Schl\u00fcsselanh\u00e4nger - SES Creative","og_description":"Schrumpffolie \u2013 Schl\u00fcsselanh\u00e4nger: Gestalten Sie einzigartige Schl\u00fcsselanh\u00e4nger! Entdecken Sie die magische Wirkung von Schrumpffolie! Dieses Set enth\u00e4lt alles, was Sie zum Basteln Ihrer eigenen Schl\u00fcsselanh\u00e4nger ben\u00f6tigen. \u00dcbertragen Sie die Vorlagen, malen Sie sie aus und legen Sie sie anschlie\u00dfend in einen warmen Ofen. Wow! Sehen Sie, wie schnell sie schrumpfen. Sie werden bis zu sieben [&hellip;]","og_url":"https:\/\/ses-creative.com\/de\/produkt\/schrumpffolie-schluesselanhaenger\/","og_site_name":"SES Creative","article_modified_time":"2026-02-06T09:51:32+00:00","twitter_card":"summary_large_image","twitter_misc":{"Gesch\u00e4tzte Lesezeit":"1\u00a0Minute"},"schema":{"@context":"https:\/\/schema.org","@graph":[{"@type":"WebPage","@id":"https:\/\/ses-creative.com\/de\/produkt\/schrumpffolie-schluesselanhaenger\/","url":"https:\/\/ses-creative.com\/de\/produkt\/schrumpffolie-schluesselanhaenger\/","name":"Schrumpffolie - Schl\u00fcsselanh\u00e4nger - SES Creative","isPartOf":{"@id":"https:\/\/ses-creative.com\/#website"},"primaryImageOfPage":{"@id":"https:\/\/ses-creative.com\/de\/produkt\/schrumpffolie-schluesselanhaenger\/#primaryimage"},"image":{"@id":"https:\/\/ses-creative.com\/de\/produkt\/schrumpffolie-schluesselanhaenger\/#primaryimage"},"thumbnailUrl":"https:\/\/ses-creative.com\/wp-content\/uploads\/2026\/01\/140221.jpg","datePublished":"2026-02-05T13:52:33+00:00","dateModified":"2026-02-06T09:51:32+00:00","breadcrumb":{"@id":"https:\/\/ses-creative.com\/de\/produkt\/schrumpffolie-schluesselanhaenger\/#breadcrumb"},"inLanguage":"de","potentialAction":[{"@type":"ReadAction","target":["https:\/\/ses-creative.com\/de\/produkt\/schrumpffolie-schluesselanhaenger\/"]}]},{"@type":"ImageObject","inLanguage":"de","@id":"https:\/\/ses-creative.com\/de\/produkt\/schrumpffolie-schluesselanhaenger\/#primaryimage","url":"https:\/\/ses-creative.com\/wp-content\/uploads\/2026\/01\/140221.jpg","contentUrl":"https:\/\/ses-creative.com\/wp-content\/uploads\/2026\/01\/140221.jpg","width":1000,"height":1000},{"@type":"BreadcrumbList","@id":"https:\/\/ses-creative.com\/de\/produkt\/schrumpffolie-schluesselanhaenger\/#breadcrumb","itemListElement":[{"@type":"ListItem","position":1,"name":"Shop","item":"https:\/\/ses-creative.com\/de\/shop\/"},{"@type":"ListItem","position":2,"name":"Basteln","item":"https:\/\/ses-creative.com\/de\/product-categorie\/basteln\/"},{"@type":"ListItem","position":3,"name":"Schrumpffolie &#8211; Schl\u00fcsselanh\u00e4nger"}]},{"@type":"WebSite","@id":"https:\/\/ses-creative.com\/#website","url":"https:\/\/ses-creative.com\/","name":"SES Creative","description":"","publisher":{"@id":"https:\/\/ses-creative.com\/#organization"},"potentialAction":[{"@type":"SearchAction","target":{"@type":"EntryPoint","urlTemplate":"https:\/\/ses-creative.com\/?s={search_term_string}"},"query-input":{"@type":"PropertyValueSpecification","valueRequired":true,"valueName":"search_term_string"}}],"inLanguage":"de"},{"@type":"Organization","@id":"https:\/\/ses-creative.com\/#organization","name":"SES Creative","url":"https:\/\/ses-creative.com\/","logo":{"@type":"ImageObject","inLanguage":"de","@id":"https:\/\/ses-creative.com\/#\/schema\/logo\/image\/","url":"https:\/\/ses-creative.com\/wp-content\/uploads\/2025\/10\/ses-creative-logo.jpg","contentUrl":"https:\/\/ses-creative.com\/wp-content\/uploads\/2025\/10\/ses-creative-logo.jpg","width":2037,"height":2037,"caption":"SES Creative"},"image":{"@id":"https:\/\/ses-creative.com\/#\/schema\/logo\/image\/"}}]}},"_links":{"self":[{"href":"https:\/\/ses-creative.com\/de\/wp-json\/wp\/v2\/product\/114625","targetHints":{"allow":["GET"]}}],"collection":[{"href":"https:\/\/ses-creative.com\/de\/wp-json\/wp\/v2\/product"}],"about":[{"href":"https:\/\/ses-creative.com\/de\/wp-json\/wp\/v2\/types\/product"}],"replies":[{"embeddable":true,"href":"https:\/\/ses-creative.com\/de\/wp-json\/wp\/v2\/comments?post=114625"}],"wp:featuredmedia":[{"embeddable":true,"href":"https:\/\/ses-creative.com\/de\/wp-json\/wp\/v2\/media\/101268"}],"wp:attachment":[{"href":"https:\/\/ses-creative.com\/de\/wp-json\/wp\/v2\/media?parent=114625"}],"wp:term":[{"taxonomy":"product_brand","embeddable":true,"href":"https:\/\/ses-creative.com\/de\/wp-json\/wp\/v2\/product_brand?post=114625"},{"taxonomy":"product_cat","embeddable":true,"href":"https:\/\/ses-creative.com\/de\/wp-json\/wp\/v2\/product_cat?post=114625"},{"taxonomy":"product_tag","embeddable":true,"href":"https:\/\/ses-creative.com\/de\/wp-json\/wp\/v2\/product_tag?post=114625"}],"curies":[{"name":"wp","href":"https:\/\/api.w.org\/{rel}","templated":true}]}}