











{"id":114624,"date":"2026-02-05T13:52:33","date_gmt":"2026-02-05T13:52:33","guid":{"rendered":"https:\/\/ses-creative.com\/?post_type=product&#038;p=114624"},"modified":"2026-02-06T09:51:32","modified_gmt":"2026-02-06T09:51:32","slug":"modellierballons","status":"publish","type":"product","link":"https:\/\/ses-creative.com\/de\/produkt\/modellierballons\/","title":{"rendered":"Modellierballons"},"content":{"rendered":"<p>Farbenfrohe Ballonkunst f\u00fcr Jung und Alt!<\/p>\n<p>Mit dem SES Creative Modellierballonset lernst du Schritt f\u00fcr Schritt, wie du Ballons zu den sch\u00f6nsten Figuren falten kannst. Von Hunden und Blumen bis hin zu Schwertern und lustigen Formen \u2013 du verwandelst jeden Ballon in eine fr\u00f6hliche Kreation. Dank der mitgelieferten Pumpe und Aufkleber ist es einfach und macht besonders viel Spa\u00df.<\/p>\n<p>Inhalt der Verpackung<\/p>\n<p>10 lange, bunte Ballons<\/p>\n<p>Praktische Pumpe<\/p>\n<p>Aufkleber zum Verzieren deiner Kreationen<\/p>\n<p>Klare Anweisungen<\/p>\n<p>Warum dieses Set so toll ist<\/p>\n<p>Lernen Sie auf einfache Weise, Ballons zu falten<\/p>\n<p>F\u00f6rdert Kreativit\u00e4t, Konzentration und Feinmotorik<\/p>\n<p>Perfekt f\u00fcr Partys, Geburtstage oder einfach zu Hause<\/p>\n<p>Sichere, robuste Ballons in fr\u00f6hlichen Farben<\/p>\n<p>Wie funktioniert es?<br \/>\nBlasen Sie einen Ballon mit der Pumpe auf und befolgen Sie die einfachen Schritte in der Anleitung. Falten Sie den Ballon zu einer Figur und verzieren Sie ihn mit Aufklebern, um ihm einen einzigartigen Look zu verleihen. Im Handumdrehen haben Sie Ihre eigenen farbenfrohen Ballonkreationen in den H\u00e4nden!<\/p>\n<p>Sind Sie bereit loszulegen?<br \/>\nHolen Sie sich das Modellierballon-Set von SES Creative und entdecken Sie, wie viel Spa\u00df das Ballonfalten machen kann. Ideal f\u00fcr Kinder und Erwachsene, die kreativen Spa\u00df lieben.<\/p>\n","protected":false},"excerpt":{"rendered":"<p>Farbenfrohe Ballonkunst f\u00fcr Jung und Alt! Mit dem SES Creative Modellierballonset lernst du Schritt f\u00fcr Schritt, wie du Ballons zu den sch\u00f6nsten Figuren falten kannst. Von Hunden und Blumen bis hin zu Schwertern und lustigen Formen \u2013 du verwandelst jeden Ballon in eine fr\u00f6hliche Kreation. Dank der mitgelieferten Pumpe und Aufkleber ist es einfach und [&hellip;]<\/p>\n","protected":false},"featured_media":101248,"comment_status":"closed","ping_status":"closed","template":"","meta":{"_acf_changed":false},"product_brand":[],"product_cat":[115],"product_tag":[],"class_list":{"0":"post-114624","1":"product","2":"type-product","3":"status-publish","4":"has-post-thumbnail","6":"product_cat-basteln","7":"pa_leeftijd-filter-4-6-jahre","8":"pa_meest-populair-bij-jungen-maedchen","10":"first","11":"instock","12":"shipping-taxable","13":"product-type-simple"},"acf":[],"yoast_head":"<!-- This site is optimized with the Yoast SEO plugin v27.2 - https:\/\/yoast.com\/product\/yoast-seo-wordpress\/ -->\n<title>Modellierballons - SES Creative<\/title>\n<meta name=\"robots\" content=\"index, follow, max-snippet:-1, max-image-preview:large, max-video-preview:-1\" \/>\n<link rel=\"canonical\" href=\"https:\/\/ses-creative.com\/de\/produkt\/modellierballons\/\" \/>\n<meta property=\"og:locale\" content=\"de_DE\" \/>\n<meta property=\"og:type\" content=\"article\" \/>\n<meta property=\"og:title\" content=\"Modellierballons - SES Creative\" \/>\n<meta property=\"og:description\" content=\"Farbenfrohe Ballonkunst f\u00fcr Jung und Alt! Mit dem SES Creative Modellierballonset lernst du Schritt f\u00fcr Schritt, wie du Ballons zu den sch\u00f6nsten Figuren falten kannst. Von Hunden und Blumen bis hin zu Schwertern und lustigen Formen \u2013 du verwandelst jeden Ballon in eine fr\u00f6hliche Kreation. Dank der mitgelieferten Pumpe und Aufkleber ist es einfach und [&hellip;]\" \/>\n<meta property=\"og:url\" content=\"https:\/\/ses-creative.com\/de\/produkt\/modellierballons\/\" \/>\n<meta property=\"og:site_name\" content=\"SES Creative\" \/>\n<meta property=\"article:modified_time\" content=\"2026-02-06T09:51:32+00:00\" \/>\n<meta name=\"twitter:card\" content=\"summary_large_image\" \/>\n<meta name=\"twitter:label1\" content=\"Gesch\u00e4tzte Lesezeit\" \/>\n\t<meta name=\"twitter:data1\" content=\"1\u00a0Minute\" \/>\n<script type=\"application\/ld+json\" class=\"yoast-schema-graph\">{\"@context\":\"https:\/\/schema.org\",\"@graph\":[{\"@type\":\"WebPage\",\"@id\":\"https:\/\/ses-creative.com\/de\/produkt\/modellierballons\/\",\"url\":\"https:\/\/ses-creative.com\/de\/produkt\/modellierballons\/\",\"name\":\"Modellierballons - SES Creative\",\"isPartOf\":{\"@id\":\"https:\/\/ses-creative.com\/#website\"},\"primaryImageOfPage\":{\"@id\":\"https:\/\/ses-creative.com\/de\/produkt\/modellierballons\/#primaryimage\"},\"image\":{\"@id\":\"https:\/\/ses-creative.com\/de\/produkt\/modellierballons\/#primaryimage\"},\"thumbnailUrl\":\"https:\/\/ses-creative.com\/wp-content\/uploads\/2026\/01\/140171.jpg\",\"datePublished\":\"2026-02-05T13:52:33+00:00\",\"dateModified\":\"2026-02-06T09:51:32+00:00\",\"breadcrumb\":{\"@id\":\"https:\/\/ses-creative.com\/de\/produkt\/modellierballons\/#breadcrumb\"},\"inLanguage\":\"de\",\"potentialAction\":[{\"@type\":\"ReadAction\",\"target\":[\"https:\/\/ses-creative.com\/de\/produkt\/modellierballons\/\"]}]},{\"@type\":\"ImageObject\",\"inLanguage\":\"de\",\"@id\":\"https:\/\/ses-creative.com\/de\/produkt\/modellierballons\/#primaryimage\",\"url\":\"https:\/\/ses-creative.com\/wp-content\/uploads\/2026\/01\/140171.jpg\",\"contentUrl\":\"https:\/\/ses-creative.com\/wp-content\/uploads\/2026\/01\/140171.jpg\",\"width\":1000,\"height\":1000},{\"@type\":\"BreadcrumbList\",\"@id\":\"https:\/\/ses-creative.com\/de\/produkt\/modellierballons\/#breadcrumb\",\"itemListElement\":[{\"@type\":\"ListItem\",\"position\":1,\"name\":\"Shop\",\"item\":\"https:\/\/ses-creative.com\/de\/shop\/\"},{\"@type\":\"ListItem\",\"position\":2,\"name\":\"Basteln\",\"item\":\"https:\/\/ses-creative.com\/de\/product-categorie\/basteln\/\"},{\"@type\":\"ListItem\",\"position\":3,\"name\":\"Modellierballons\"}]},{\"@type\":\"WebSite\",\"@id\":\"https:\/\/ses-creative.com\/#website\",\"url\":\"https:\/\/ses-creative.com\/\",\"name\":\"SES Creative\",\"description\":\"\",\"publisher\":{\"@id\":\"https:\/\/ses-creative.com\/#organization\"},\"potentialAction\":[{\"@type\":\"SearchAction\",\"target\":{\"@type\":\"EntryPoint\",\"urlTemplate\":\"https:\/\/ses-creative.com\/?s={search_term_string}\"},\"query-input\":{\"@type\":\"PropertyValueSpecification\",\"valueRequired\":true,\"valueName\":\"search_term_string\"}}],\"inLanguage\":\"de\"},{\"@type\":\"Organization\",\"@id\":\"https:\/\/ses-creative.com\/#organization\",\"name\":\"SES Creative\",\"url\":\"https:\/\/ses-creative.com\/\",\"logo\":{\"@type\":\"ImageObject\",\"inLanguage\":\"de\",\"@id\":\"https:\/\/ses-creative.com\/#\/schema\/logo\/image\/\",\"url\":\"https:\/\/ses-creative.com\/wp-content\/uploads\/2025\/10\/ses-creative-logo.jpg\",\"contentUrl\":\"https:\/\/ses-creative.com\/wp-content\/uploads\/2025\/10\/ses-creative-logo.jpg\",\"width\":2037,\"height\":2037,\"caption\":\"SES Creative\"},\"image\":{\"@id\":\"https:\/\/ses-creative.com\/#\/schema\/logo\/image\/\"}}]}<\/script>\n<!-- \/ Yoast SEO plugin. -->","yoast_head_json":{"title":"Modellierballons - SES Creative","robots":{"index":"index","follow":"follow","max-snippet":"max-snippet:-1","max-image-preview":"max-image-preview:large","max-video-preview":"max-video-preview:-1"},"canonical":"https:\/\/ses-creative.com\/de\/produkt\/modellierballons\/","og_locale":"de_DE","og_type":"article","og_title":"Modellierballons - SES Creative","og_description":"Farbenfrohe Ballonkunst f\u00fcr Jung und Alt! Mit dem SES Creative Modellierballonset lernst du Schritt f\u00fcr Schritt, wie du Ballons zu den sch\u00f6nsten Figuren falten kannst. Von Hunden und Blumen bis hin zu Schwertern und lustigen Formen \u2013 du verwandelst jeden Ballon in eine fr\u00f6hliche Kreation. Dank der mitgelieferten Pumpe und Aufkleber ist es einfach und [&hellip;]","og_url":"https:\/\/ses-creative.com\/de\/produkt\/modellierballons\/","og_site_name":"SES Creative","article_modified_time":"2026-02-06T09:51:32+00:00","twitter_card":"summary_large_image","twitter_misc":{"Gesch\u00e4tzte Lesezeit":"1\u00a0Minute"},"schema":{"@context":"https:\/\/schema.org","@graph":[{"@type":"WebPage","@id":"https:\/\/ses-creative.com\/de\/produkt\/modellierballons\/","url":"https:\/\/ses-creative.com\/de\/produkt\/modellierballons\/","name":"Modellierballons - SES Creative","isPartOf":{"@id":"https:\/\/ses-creative.com\/#website"},"primaryImageOfPage":{"@id":"https:\/\/ses-creative.com\/de\/produkt\/modellierballons\/#primaryimage"},"image":{"@id":"https:\/\/ses-creative.com\/de\/produkt\/modellierballons\/#primaryimage"},"thumbnailUrl":"https:\/\/ses-creative.com\/wp-content\/uploads\/2026\/01\/140171.jpg","datePublished":"2026-02-05T13:52:33+00:00","dateModified":"2026-02-06T09:51:32+00:00","breadcrumb":{"@id":"https:\/\/ses-creative.com\/de\/produkt\/modellierballons\/#breadcrumb"},"inLanguage":"de","potentialAction":[{"@type":"ReadAction","target":["https:\/\/ses-creative.com\/de\/produkt\/modellierballons\/"]}]},{"@type":"ImageObject","inLanguage":"de","@id":"https:\/\/ses-creative.com\/de\/produkt\/modellierballons\/#primaryimage","url":"https:\/\/ses-creative.com\/wp-content\/uploads\/2026\/01\/140171.jpg","contentUrl":"https:\/\/ses-creative.com\/wp-content\/uploads\/2026\/01\/140171.jpg","width":1000,"height":1000},{"@type":"BreadcrumbList","@id":"https:\/\/ses-creative.com\/de\/produkt\/modellierballons\/#breadcrumb","itemListElement":[{"@type":"ListItem","position":1,"name":"Shop","item":"https:\/\/ses-creative.com\/de\/shop\/"},{"@type":"ListItem","position":2,"name":"Basteln","item":"https:\/\/ses-creative.com\/de\/product-categorie\/basteln\/"},{"@type":"ListItem","position":3,"name":"Modellierballons"}]},{"@type":"WebSite","@id":"https:\/\/ses-creative.com\/#website","url":"https:\/\/ses-creative.com\/","name":"SES Creative","description":"","publisher":{"@id":"https:\/\/ses-creative.com\/#organization"},"potentialAction":[{"@type":"SearchAction","target":{"@type":"EntryPoint","urlTemplate":"https:\/\/ses-creative.com\/?s={search_term_string}"},"query-input":{"@type":"PropertyValueSpecification","valueRequired":true,"valueName":"search_term_string"}}],"inLanguage":"de"},{"@type":"Organization","@id":"https:\/\/ses-creative.com\/#organization","name":"SES Creative","url":"https:\/\/ses-creative.com\/","logo":{"@type":"ImageObject","inLanguage":"de","@id":"https:\/\/ses-creative.com\/#\/schema\/logo\/image\/","url":"https:\/\/ses-creative.com\/wp-content\/uploads\/2025\/10\/ses-creative-logo.jpg","contentUrl":"https:\/\/ses-creative.com\/wp-content\/uploads\/2025\/10\/ses-creative-logo.jpg","width":2037,"height":2037,"caption":"SES Creative"},"image":{"@id":"https:\/\/ses-creative.com\/#\/schema\/logo\/image\/"}}]}},"_links":{"self":[{"href":"https:\/\/ses-creative.com\/de\/wp-json\/wp\/v2\/product\/114624","targetHints":{"allow":["GET"]}}],"collection":[{"href":"https:\/\/ses-creative.com\/de\/wp-json\/wp\/v2\/product"}],"about":[{"href":"https:\/\/ses-creative.com\/de\/wp-json\/wp\/v2\/types\/product"}],"replies":[{"embeddable":true,"href":"https:\/\/ses-creative.com\/de\/wp-json\/wp\/v2\/comments?post=114624"}],"wp:featuredmedia":[{"embeddable":true,"href":"https:\/\/ses-creative.com\/de\/wp-json\/wp\/v2\/media\/101248"}],"wp:attachment":[{"href":"https:\/\/ses-creative.com\/de\/wp-json\/wp\/v2\/media?parent=114624"}],"wp:term":[{"taxonomy":"product_brand","embeddable":true,"href":"https:\/\/ses-creative.com\/de\/wp-json\/wp\/v2\/product_brand?post=114624"},{"taxonomy":"product_cat","embeddable":true,"href":"https:\/\/ses-creative.com\/de\/wp-json\/wp\/v2\/product_cat?post=114624"},{"taxonomy":"product_tag","embeddable":true,"href":"https:\/\/ses-creative.com\/de\/wp-json\/wp\/v2\/product_tag?post=114624"}],"curies":[{"name":"wp","href":"https:\/\/api.w.org\/{rel}","templated":true}]}}