











{"id":114622,"date":"2026-02-05T13:52:33","date_gmt":"2026-02-05T13:52:33","guid":{"rendered":"https:\/\/ses-creative.com\/?post_type=product&#038;p=114622"},"modified":"2026-02-06T09:51:32","modified_gmt":"2026-02-06T09:51:32","slug":"stapelwuerfel-und-formensortierer-2-in-1-bauernhoftiere","status":"publish","type":"product","link":"https:\/\/ses-creative.com\/de\/produkt\/stapelwuerfel-und-formensortierer-2-in-1-bauernhoftiere\/","title":{"rendered":"Stapelw\u00fcrfel und Formensortierer 2 in 1 &#8211; Bauernhoftiere"},"content":{"rendered":"<p>Stapelbl\u00f6cke Turm und Formensammler 2-in-1 \u2013 Bauernhoftiere: Spielen, Stapeln und Entdecken!<\/p>\n<p>Mit den Stapelbl\u00f6cken Turm und Formensammler 2-in-1 \u2013 Bauernhoftiere von SES Creative entdecken kleine Kinder spielerisch Formen, Tiere, Zahlen und vieles mehr! Die sieben stabilen Bl\u00f6cke k\u00f6nnen zu einem hohen Turm gestapelt oder zur kompakten Aufbewahrung ineinander gesteckt werden. Dank der verschiedenen Illustrationen, Formen und Themen bietet jeder Block eine neue Lernerfahrung. Vom Erkennen von Bauernhoftieren bis zum Z\u00e4hlen mit Gem\u00fcse.<\/p>\n<p>Das Set kombiniert Spielen, Lernen und Entdecken in einem farbenfrohen Design, das perfekt zur Erlebniswelt kleiner Kinder passt.<\/p>\n<p>Was dieses Set so gro\u00dfartig macht<\/p>\n<p>Ein Blockturm und ein Formensortierer in einem, f\u00fcr doppelten Spielspa\u00df<\/p>\n<p>Jede Seite der Bl\u00f6cke hat ein anderes Design, das zu verschiedenen Lernformen passt<\/p>\n<p>Vier Sortierl\u00f6cher mit passenden Kunststoffformen in fr\u00f6hlichen Bauernhofmotiven<\/p>\n<p>Die Bl\u00f6cke passen ineinander und lassen sich einfach und kompakt verstauen<\/p>\n<p>Moderne, farbenfrohe Illustrationen, die zur beliebten Bauernhofwelt passen<\/p>\n<p>Spielerisches Lernen und Entdecken<\/p>\n<p>Der Stapelblock-Turm und Formenset 2-in-1 f\u00f6rdert die Entwicklung der Motorik, des Erkennungsverm\u00f6gens, des Z\u00e4hlens und des logischen Denkens. Kinder \u00fcben das Stapeln, Sortieren und Kombinieren, w\u00e4hrend sie Spa\u00df daran haben, den Bauernhof zu entdecken. Die verschiedenen Seiten der Bl\u00f6cke sorgen immer wieder f\u00fcr neue Herausforderungen, sodass das Spielzeug lange interessant bleibt.<\/p>\n<p>Inhalt des Sets<\/p>\n<p>7 Stapelbl\u00f6cke zum Thema Bauernhof (davon 4 mit Formstapel-L\u00f6chern und 1 mit Tor)<\/p>\n<p>Aufkleberbogen mit 4 fr\u00f6hlichen Tierfiguren<\/p>\n<p>4 Kunststoffformen<\/p>\n<p>Warum SES Creative w\u00e4hlen?<\/p>\n<p>Bei SES Creative legen wir gr\u00f6\u00dften Wert auf Sicherheit und Qualit\u00e4t. Alle unsere Produkte werden mit Sorgfalt in unserer eigenen Fabrik in den Niederlanden entwickelt und getestet und entsprechen den strengsten europ\u00e4ischen Sicherheitsnormen. SES Creative steht f\u00fcr Kreativit\u00e4t, Spa\u00df und Entwicklung, damit Kinder sicher lernen, entdecken und stolz auf das sein k\u00f6nnen, was sie herstellen.<\/p>\n<p>Bauen, lernen und Spa\u00df haben auf dem Bauernhof<\/p>\n<p>Mit dem Stapelblock-Turm und Formensortierer 2-in-1 \u2013 Bauernhoftiere von SES Creative entdecken Kinder jeden Tag etwas Neues. Ein fr\u00f6hliches, lehrreiches und sicheres Spielerlebnis, das mit ihrer Entwicklung mitw\u00e4chst.<\/p>\n","protected":false},"excerpt":{"rendered":"<p>Stapelbl\u00f6cke Turm und Formensammler 2-in-1 \u2013 Bauernhoftiere: Spielen, Stapeln und Entdecken! Mit den Stapelbl\u00f6cken Turm und Formensammler 2-in-1 \u2013 Bauernhoftiere von SES Creative entdecken kleine Kinder spielerisch Formen, Tiere, Zahlen und vieles mehr! Die sieben stabilen Bl\u00f6cke k\u00f6nnen zu einem hohen Turm gestapelt oder zur kompakten Aufbewahrung ineinander gesteckt werden. Dank der verschiedenen Illustrationen, Formen [&hellip;]<\/p>\n","protected":false},"featured_media":107394,"comment_status":"closed","ping_status":"closed","template":"","meta":{"_acf_changed":false},"product_brand":[],"product_cat":[116],"product_tag":[],"class_list":{"0":"post-114622","1":"product","2":"type-product","3":"status-publish","4":"has-post-thumbnail","6":"product_cat-baby-kleinkind","7":"pa_leeftijd-filter-0-2-jahre","8":"pa_meest-populair-bij-jungen-maedchen","10":"first","11":"instock","12":"shipping-taxable","13":"product-type-simple"},"acf":[],"yoast_head":"<!-- This site is optimized with the Yoast SEO plugin v27.2 - https:\/\/yoast.com\/product\/yoast-seo-wordpress\/ -->\n<title>Stapelw\u00fcrfel und Formensortierer 2 in 1 - Bauernhoftiere - SES Creative<\/title>\n<meta name=\"robots\" content=\"index, follow, max-snippet:-1, max-image-preview:large, max-video-preview:-1\" \/>\n<link rel=\"canonical\" href=\"https:\/\/ses-creative.com\/de\/produkt\/stapelwuerfel-und-formensortierer-2-in-1-bauernhoftiere\/\" \/>\n<meta property=\"og:locale\" content=\"de_DE\" \/>\n<meta property=\"og:type\" content=\"article\" \/>\n<meta property=\"og:title\" content=\"Stapelw\u00fcrfel und Formensortierer 2 in 1 - Bauernhoftiere - SES Creative\" \/>\n<meta property=\"og:description\" content=\"Stapelbl\u00f6cke Turm und Formensammler 2-in-1 \u2013 Bauernhoftiere: Spielen, Stapeln und Entdecken! Mit den Stapelbl\u00f6cken Turm und Formensammler 2-in-1 \u2013 Bauernhoftiere von SES Creative entdecken kleine Kinder spielerisch Formen, Tiere, Zahlen und vieles mehr! Die sieben stabilen Bl\u00f6cke k\u00f6nnen zu einem hohen Turm gestapelt oder zur kompakten Aufbewahrung ineinander gesteckt werden. Dank der verschiedenen Illustrationen, Formen [&hellip;]\" \/>\n<meta property=\"og:url\" content=\"https:\/\/ses-creative.com\/de\/produkt\/stapelwuerfel-und-formensortierer-2-in-1-bauernhoftiere\/\" \/>\n<meta property=\"og:site_name\" content=\"SES Creative\" \/>\n<meta property=\"article:modified_time\" content=\"2026-02-06T09:51:32+00:00\" \/>\n<meta name=\"twitter:card\" content=\"summary_large_image\" \/>\n<meta name=\"twitter:label1\" content=\"Gesch\u00e4tzte Lesezeit\" \/>\n\t<meta name=\"twitter:data1\" content=\"2\u00a0Minuten\" \/>\n<script type=\"application\/ld+json\" class=\"yoast-schema-graph\">{\"@context\":\"https:\/\/schema.org\",\"@graph\":[{\"@type\":\"WebPage\",\"@id\":\"https:\/\/ses-creative.com\/de\/produkt\/stapelwuerfel-und-formensortierer-2-in-1-bauernhoftiere\/\",\"url\":\"https:\/\/ses-creative.com\/de\/produkt\/stapelwuerfel-und-formensortierer-2-in-1-bauernhoftiere\/\",\"name\":\"Stapelw\u00fcrfel und Formensortierer 2 in 1 - Bauernhoftiere - SES Creative\",\"isPartOf\":{\"@id\":\"https:\/\/ses-creative.com\/#website\"},\"primaryImageOfPage\":{\"@id\":\"https:\/\/ses-creative.com\/de\/produkt\/stapelwuerfel-und-formensortierer-2-in-1-bauernhoftiere\/#primaryimage\"},\"image\":{\"@id\":\"https:\/\/ses-creative.com\/de\/produkt\/stapelwuerfel-und-formensortierer-2-in-1-bauernhoftiere\/#primaryimage\"},\"thumbnailUrl\":\"https:\/\/ses-creative.com\/wp-content\/uploads\/2026\/01\/132721-1.jpg\",\"datePublished\":\"2026-02-05T13:52:33+00:00\",\"dateModified\":\"2026-02-06T09:51:32+00:00\",\"breadcrumb\":{\"@id\":\"https:\/\/ses-creative.com\/de\/produkt\/stapelwuerfel-und-formensortierer-2-in-1-bauernhoftiere\/#breadcrumb\"},\"inLanguage\":\"de\",\"potentialAction\":[{\"@type\":\"ReadAction\",\"target\":[\"https:\/\/ses-creative.com\/de\/produkt\/stapelwuerfel-und-formensortierer-2-in-1-bauernhoftiere\/\"]}]},{\"@type\":\"ImageObject\",\"inLanguage\":\"de\",\"@id\":\"https:\/\/ses-creative.com\/de\/produkt\/stapelwuerfel-und-formensortierer-2-in-1-bauernhoftiere\/#primaryimage\",\"url\":\"https:\/\/ses-creative.com\/wp-content\/uploads\/2026\/01\/132721-1.jpg\",\"contentUrl\":\"https:\/\/ses-creative.com\/wp-content\/uploads\/2026\/01\/132721-1.jpg\",\"width\":602,\"height\":686},{\"@type\":\"BreadcrumbList\",\"@id\":\"https:\/\/ses-creative.com\/de\/produkt\/stapelwuerfel-und-formensortierer-2-in-1-bauernhoftiere\/#breadcrumb\",\"itemListElement\":[{\"@type\":\"ListItem\",\"position\":1,\"name\":\"Shop\",\"item\":\"https:\/\/ses-creative.com\/de\/shop\/\"},{\"@type\":\"ListItem\",\"position\":2,\"name\":\"Baby &amp; Kleinkind\",\"item\":\"https:\/\/ses-creative.com\/de\/product-categorie\/baby-kleinkind\/\"},{\"@type\":\"ListItem\",\"position\":3,\"name\":\"Stapelw\u00fcrfel und Formensortierer 2 in 1 &#8211; Bauernhoftiere\"}]},{\"@type\":\"WebSite\",\"@id\":\"https:\/\/ses-creative.com\/#website\",\"url\":\"https:\/\/ses-creative.com\/\",\"name\":\"SES Creative\",\"description\":\"\",\"publisher\":{\"@id\":\"https:\/\/ses-creative.com\/#organization\"},\"potentialAction\":[{\"@type\":\"SearchAction\",\"target\":{\"@type\":\"EntryPoint\",\"urlTemplate\":\"https:\/\/ses-creative.com\/?s={search_term_string}\"},\"query-input\":{\"@type\":\"PropertyValueSpecification\",\"valueRequired\":true,\"valueName\":\"search_term_string\"}}],\"inLanguage\":\"de\"},{\"@type\":\"Organization\",\"@id\":\"https:\/\/ses-creative.com\/#organization\",\"name\":\"SES Creative\",\"url\":\"https:\/\/ses-creative.com\/\",\"logo\":{\"@type\":\"ImageObject\",\"inLanguage\":\"de\",\"@id\":\"https:\/\/ses-creative.com\/#\/schema\/logo\/image\/\",\"url\":\"https:\/\/ses-creative.com\/wp-content\/uploads\/2025\/10\/ses-creative-logo.jpg\",\"contentUrl\":\"https:\/\/ses-creative.com\/wp-content\/uploads\/2025\/10\/ses-creative-logo.jpg\",\"width\":2037,\"height\":2037,\"caption\":\"SES Creative\"},\"image\":{\"@id\":\"https:\/\/ses-creative.com\/#\/schema\/logo\/image\/\"}}]}<\/script>\n<!-- \/ Yoast SEO plugin. -->","yoast_head_json":{"title":"Stapelw\u00fcrfel und Formensortierer 2 in 1 - Bauernhoftiere - SES Creative","robots":{"index":"index","follow":"follow","max-snippet":"max-snippet:-1","max-image-preview":"max-image-preview:large","max-video-preview":"max-video-preview:-1"},"canonical":"https:\/\/ses-creative.com\/de\/produkt\/stapelwuerfel-und-formensortierer-2-in-1-bauernhoftiere\/","og_locale":"de_DE","og_type":"article","og_title":"Stapelw\u00fcrfel und Formensortierer 2 in 1 - Bauernhoftiere - SES Creative","og_description":"Stapelbl\u00f6cke Turm und Formensammler 2-in-1 \u2013 Bauernhoftiere: Spielen, Stapeln und Entdecken! Mit den Stapelbl\u00f6cken Turm und Formensammler 2-in-1 \u2013 Bauernhoftiere von SES Creative entdecken kleine Kinder spielerisch Formen, Tiere, Zahlen und vieles mehr! Die sieben stabilen Bl\u00f6cke k\u00f6nnen zu einem hohen Turm gestapelt oder zur kompakten Aufbewahrung ineinander gesteckt werden. Dank der verschiedenen Illustrationen, Formen [&hellip;]","og_url":"https:\/\/ses-creative.com\/de\/produkt\/stapelwuerfel-und-formensortierer-2-in-1-bauernhoftiere\/","og_site_name":"SES Creative","article_modified_time":"2026-02-06T09:51:32+00:00","twitter_card":"summary_large_image","twitter_misc":{"Gesch\u00e4tzte Lesezeit":"2\u00a0Minuten"},"schema":{"@context":"https:\/\/schema.org","@graph":[{"@type":"WebPage","@id":"https:\/\/ses-creative.com\/de\/produkt\/stapelwuerfel-und-formensortierer-2-in-1-bauernhoftiere\/","url":"https:\/\/ses-creative.com\/de\/produkt\/stapelwuerfel-und-formensortierer-2-in-1-bauernhoftiere\/","name":"Stapelw\u00fcrfel und Formensortierer 2 in 1 - Bauernhoftiere - SES Creative","isPartOf":{"@id":"https:\/\/ses-creative.com\/#website"},"primaryImageOfPage":{"@id":"https:\/\/ses-creative.com\/de\/produkt\/stapelwuerfel-und-formensortierer-2-in-1-bauernhoftiere\/#primaryimage"},"image":{"@id":"https:\/\/ses-creative.com\/de\/produkt\/stapelwuerfel-und-formensortierer-2-in-1-bauernhoftiere\/#primaryimage"},"thumbnailUrl":"https:\/\/ses-creative.com\/wp-content\/uploads\/2026\/01\/132721-1.jpg","datePublished":"2026-02-05T13:52:33+00:00","dateModified":"2026-02-06T09:51:32+00:00","breadcrumb":{"@id":"https:\/\/ses-creative.com\/de\/produkt\/stapelwuerfel-und-formensortierer-2-in-1-bauernhoftiere\/#breadcrumb"},"inLanguage":"de","potentialAction":[{"@type":"ReadAction","target":["https:\/\/ses-creative.com\/de\/produkt\/stapelwuerfel-und-formensortierer-2-in-1-bauernhoftiere\/"]}]},{"@type":"ImageObject","inLanguage":"de","@id":"https:\/\/ses-creative.com\/de\/produkt\/stapelwuerfel-und-formensortierer-2-in-1-bauernhoftiere\/#primaryimage","url":"https:\/\/ses-creative.com\/wp-content\/uploads\/2026\/01\/132721-1.jpg","contentUrl":"https:\/\/ses-creative.com\/wp-content\/uploads\/2026\/01\/132721-1.jpg","width":602,"height":686},{"@type":"BreadcrumbList","@id":"https:\/\/ses-creative.com\/de\/produkt\/stapelwuerfel-und-formensortierer-2-in-1-bauernhoftiere\/#breadcrumb","itemListElement":[{"@type":"ListItem","position":1,"name":"Shop","item":"https:\/\/ses-creative.com\/de\/shop\/"},{"@type":"ListItem","position":2,"name":"Baby &amp; Kleinkind","item":"https:\/\/ses-creative.com\/de\/product-categorie\/baby-kleinkind\/"},{"@type":"ListItem","position":3,"name":"Stapelw\u00fcrfel und Formensortierer 2 in 1 &#8211; Bauernhoftiere"}]},{"@type":"WebSite","@id":"https:\/\/ses-creative.com\/#website","url":"https:\/\/ses-creative.com\/","name":"SES Creative","description":"","publisher":{"@id":"https:\/\/ses-creative.com\/#organization"},"potentialAction":[{"@type":"SearchAction","target":{"@type":"EntryPoint","urlTemplate":"https:\/\/ses-creative.com\/?s={search_term_string}"},"query-input":{"@type":"PropertyValueSpecification","valueRequired":true,"valueName":"search_term_string"}}],"inLanguage":"de"},{"@type":"Organization","@id":"https:\/\/ses-creative.com\/#organization","name":"SES Creative","url":"https:\/\/ses-creative.com\/","logo":{"@type":"ImageObject","inLanguage":"de","@id":"https:\/\/ses-creative.com\/#\/schema\/logo\/image\/","url":"https:\/\/ses-creative.com\/wp-content\/uploads\/2025\/10\/ses-creative-logo.jpg","contentUrl":"https:\/\/ses-creative.com\/wp-content\/uploads\/2025\/10\/ses-creative-logo.jpg","width":2037,"height":2037,"caption":"SES Creative"},"image":{"@id":"https:\/\/ses-creative.com\/#\/schema\/logo\/image\/"}}]}},"_links":{"self":[{"href":"https:\/\/ses-creative.com\/de\/wp-json\/wp\/v2\/product\/114622","targetHints":{"allow":["GET"]}}],"collection":[{"href":"https:\/\/ses-creative.com\/de\/wp-json\/wp\/v2\/product"}],"about":[{"href":"https:\/\/ses-creative.com\/de\/wp-json\/wp\/v2\/types\/product"}],"replies":[{"embeddable":true,"href":"https:\/\/ses-creative.com\/de\/wp-json\/wp\/v2\/comments?post=114622"}],"wp:featuredmedia":[{"embeddable":true,"href":"https:\/\/ses-creative.com\/de\/wp-json\/wp\/v2\/media\/107394"}],"wp:attachment":[{"href":"https:\/\/ses-creative.com\/de\/wp-json\/wp\/v2\/media?parent=114622"}],"wp:term":[{"taxonomy":"product_brand","embeddable":true,"href":"https:\/\/ses-creative.com\/de\/wp-json\/wp\/v2\/product_brand?post=114622"},{"taxonomy":"product_cat","embeddable":true,"href":"https:\/\/ses-creative.com\/de\/wp-json\/wp\/v2\/product_cat?post=114622"},{"taxonomy":"product_tag","embeddable":true,"href":"https:\/\/ses-creative.com\/de\/wp-json\/wp\/v2\/product_tag?post=114622"}],"curies":[{"name":"wp","href":"https:\/\/api.w.org\/{rel}","templated":true}]}}