











{"id":114621,"date":"2026-02-05T13:52:33","date_gmt":"2026-02-05T13:52:33","guid":{"rendered":"https:\/\/ses-creative.com\/?post_type=product&#038;p=114621"},"modified":"2026-02-06T09:51:32","modified_gmt":"2026-02-06T09:51:32","slug":"sensory-perlen-bauernhoftiere","status":"publish","type":"product","link":"https:\/\/ses-creative.com\/de\/produkt\/sensory-perlen-bauernhoftiere\/","title":{"rendered":"Sensory Perlen &#8211; Bauernhoftiere"},"content":{"rendered":"<p>Sensorisches Perlen auff\u00e4deln \u2013 Bauernhoftiere: Entdecken, f\u00fchlen und lernen mit Spa\u00df!<\/p>\n<p>F\u00e4deln, f\u00fchlen und lernen zugleich! Mit dem Sensorischen Perlen auff\u00e4deln \u2013 Bauernhoftiere von SES Creative entdecken Kinder spielerisch verschiedene Materialien, Formen und Strukturen. Die fr\u00f6hlichen Bauernhoftiere aus Holz und die bunten Perlen sorgen f\u00fcr stundenlangen Spielspa\u00df. Durch das Auff\u00e4deln trainieren Kinder ihre Feinmotorik, Konzentration und Kreativit\u00e4t und regen gleichzeitig ihre Sinne an.<\/p>\n<p>Was dieses Set so toll macht<\/p>\n<p>Eine Kette mit verschiedenen Perlen zum Thema Bauernhof auff\u00e4deln lernen<\/p>\n<p>Sichere gro\u00dfe Perlen in verschiedenen Materialien, Strukturen und Farben, die die Sinne anregen<\/p>\n<p>Die Auff\u00e4delkette besteht aus mehreren k\u00fcrzeren Teilen, was zus\u00e4tzliche Sicherheit f\u00fcr kleine Kinder bietet<\/p>\n<p>Das Erkennen, Benennen und Nachahmen der Bauernhof-Figuren sorgt f\u00fcr eine unterhaltsame Interaktion zwischen Eltern und Kind<\/p>\n<p>Lehrreich und anregend durch spielerisches \u00dcben des Auff\u00e4delns und Erstellen neuer Kombinationen<\/p>\n<p>Spielerisch entdecken<\/p>\n<p>Mit diesem Set lernen Kinder nicht nur das Auff\u00e4deln von Perlen, sondern auch das Erkennen von Formen und Tieren. Sie f\u00fchlen die verschiedenen Texturen, kombinieren Farben und kreieren ihre eigene Perlenkette voller Fantasie. Eltern k\u00f6nnen mitmachen, wodurch das Spiel noch geselliger und lehrreicher wird. Die Kombination aus Holz, Kunststoff und Schaumstoff macht jede Perle einzigartig zum Entdecken und F\u00fchlen.<\/p>\n<p>Inhalt des Sets<\/p>\n<p>2 Schaumstoffperlen mit Textur in Zylinder- und W\u00fcrfelform<\/p>\n<p>Sichere Baby-F\u00e4delkette (4-teilig)<\/p>\n<p>6 Holzperlen in Form von Bauernhoftieren<\/p>\n<p>2 Holzperlen in Zylinder- und W\u00fcrfelform<\/p>\n<p>2 Kunststoffperlen in Gelb<\/p>\n<p>Warum SES Creative w\u00e4hlen?<\/p>\n<p>Bei SES Creative legen wir gro\u00dfen Wert auf Sicherheit. Deshalb werden alle unsere Produkte in unserem Werk in den Niederlanden nach den strengsten europ\u00e4ischen Sicherheitsnormen hergestellt und getestet. Spielzeug von SES Creative macht Spa\u00df und lehrt Kinder, stolz auf das zu sein, was sie herstellen. So f\u00f6rdern wir Kreativit\u00e4t, Fantasie und Entwicklung, immer auf sichere Weise.<\/p>\n<p>F\u00e4deln, f\u00fchlen und entdecken mit den Sensory Perlen zum Auff\u00e4deln \u2013 Bauernhoftiere!<\/p>\n<p>Lassen Sie kleine Kinder die Welt mit diesem fr\u00f6hlichen und lehrreichen Perlenset von SES Creative entdecken. Perfekt f\u00fcr kleine Entdecker, die f\u00fchlen, auff\u00e4deln und fantasieren m\u00f6chten!<\/p>\n","protected":false},"excerpt":{"rendered":"<p>Sensorisches Perlen auff\u00e4deln \u2013 Bauernhoftiere: Entdecken, f\u00fchlen und lernen mit Spa\u00df! F\u00e4deln, f\u00fchlen und lernen zugleich! Mit dem Sensorischen Perlen auff\u00e4deln \u2013 Bauernhoftiere von SES Creative entdecken Kinder spielerisch verschiedene Materialien, Formen und Strukturen. Die fr\u00f6hlichen Bauernhoftiere aus Holz und die bunten Perlen sorgen f\u00fcr stundenlangen Spielspa\u00df. Durch das Auff\u00e4deln trainieren Kinder ihre Feinmotorik, Konzentration [&hellip;]<\/p>\n","protected":false},"featured_media":107389,"comment_status":"closed","ping_status":"closed","template":"","meta":{"_acf_changed":false},"product_brand":[],"product_cat":[116],"product_tag":[],"class_list":{"0":"post-114621","1":"product","2":"type-product","3":"status-publish","4":"has-post-thumbnail","6":"product_cat-baby-kleinkind","7":"pa_leeftijd-filter-0-2-jahre","8":"pa_meest-populair-bij-jungen-maedchen","10":"first","11":"instock","12":"shipping-taxable","13":"product-type-simple"},"acf":[],"yoast_head":"<!-- This site is optimized with the Yoast SEO plugin v27.2 - https:\/\/yoast.com\/product\/yoast-seo-wordpress\/ -->\n<title>Sensory Perlen - Bauernhoftiere - SES Creative<\/title>\n<meta name=\"robots\" content=\"index, follow, max-snippet:-1, max-image-preview:large, max-video-preview:-1\" \/>\n<link rel=\"canonical\" href=\"https:\/\/ses-creative.com\/de\/produkt\/sensory-perlen-bauernhoftiere\/\" \/>\n<meta property=\"og:locale\" content=\"de_DE\" \/>\n<meta property=\"og:type\" content=\"article\" \/>\n<meta property=\"og:title\" content=\"Sensory Perlen - Bauernhoftiere - SES Creative\" \/>\n<meta property=\"og:description\" content=\"Sensorisches Perlen auff\u00e4deln \u2013 Bauernhoftiere: Entdecken, f\u00fchlen und lernen mit Spa\u00df! F\u00e4deln, f\u00fchlen und lernen zugleich! Mit dem Sensorischen Perlen auff\u00e4deln \u2013 Bauernhoftiere von SES Creative entdecken Kinder spielerisch verschiedene Materialien, Formen und Strukturen. Die fr\u00f6hlichen Bauernhoftiere aus Holz und die bunten Perlen sorgen f\u00fcr stundenlangen Spielspa\u00df. Durch das Auff\u00e4deln trainieren Kinder ihre Feinmotorik, Konzentration [&hellip;]\" \/>\n<meta property=\"og:url\" content=\"https:\/\/ses-creative.com\/de\/produkt\/sensory-perlen-bauernhoftiere\/\" \/>\n<meta property=\"og:site_name\" content=\"SES Creative\" \/>\n<meta property=\"article:modified_time\" content=\"2026-02-06T09:51:32+00:00\" \/>\n<meta name=\"twitter:card\" content=\"summary_large_image\" \/>\n<meta name=\"twitter:label1\" content=\"Gesch\u00e4tzte Lesezeit\" \/>\n\t<meta name=\"twitter:data1\" content=\"2\u00a0Minuten\" \/>\n<script type=\"application\/ld+json\" class=\"yoast-schema-graph\">{\"@context\":\"https:\/\/schema.org\",\"@graph\":[{\"@type\":\"WebPage\",\"@id\":\"https:\/\/ses-creative.com\/de\/produkt\/sensory-perlen-bauernhoftiere\/\",\"url\":\"https:\/\/ses-creative.com\/de\/produkt\/sensory-perlen-bauernhoftiere\/\",\"name\":\"Sensory Perlen - Bauernhoftiere - SES Creative\",\"isPartOf\":{\"@id\":\"https:\/\/ses-creative.com\/#website\"},\"primaryImageOfPage\":{\"@id\":\"https:\/\/ses-creative.com\/de\/produkt\/sensory-perlen-bauernhoftiere\/#primaryimage\"},\"image\":{\"@id\":\"https:\/\/ses-creative.com\/de\/produkt\/sensory-perlen-bauernhoftiere\/#primaryimage\"},\"thumbnailUrl\":\"https:\/\/ses-creative.com\/wp-content\/uploads\/2026\/01\/132711-1.jpg\",\"datePublished\":\"2026-02-05T13:52:33+00:00\",\"dateModified\":\"2026-02-06T09:51:32+00:00\",\"breadcrumb\":{\"@id\":\"https:\/\/ses-creative.com\/de\/produkt\/sensory-perlen-bauernhoftiere\/#breadcrumb\"},\"inLanguage\":\"de\",\"potentialAction\":[{\"@type\":\"ReadAction\",\"target\":[\"https:\/\/ses-creative.com\/de\/produkt\/sensory-perlen-bauernhoftiere\/\"]}]},{\"@type\":\"ImageObject\",\"inLanguage\":\"de\",\"@id\":\"https:\/\/ses-creative.com\/de\/produkt\/sensory-perlen-bauernhoftiere\/#primaryimage\",\"url\":\"https:\/\/ses-creative.com\/wp-content\/uploads\/2026\/01\/132711-1.jpg\",\"contentUrl\":\"https:\/\/ses-creative.com\/wp-content\/uploads\/2026\/01\/132711-1.jpg\",\"width\":1000,\"height\":1000},{\"@type\":\"BreadcrumbList\",\"@id\":\"https:\/\/ses-creative.com\/de\/produkt\/sensory-perlen-bauernhoftiere\/#breadcrumb\",\"itemListElement\":[{\"@type\":\"ListItem\",\"position\":1,\"name\":\"Shop\",\"item\":\"https:\/\/ses-creative.com\/de\/shop\/\"},{\"@type\":\"ListItem\",\"position\":2,\"name\":\"Baby &amp; Kleinkind\",\"item\":\"https:\/\/ses-creative.com\/de\/product-categorie\/baby-kleinkind\/\"},{\"@type\":\"ListItem\",\"position\":3,\"name\":\"Sensory Perlen &#8211; Bauernhoftiere\"}]},{\"@type\":\"WebSite\",\"@id\":\"https:\/\/ses-creative.com\/#website\",\"url\":\"https:\/\/ses-creative.com\/\",\"name\":\"SES Creative\",\"description\":\"\",\"publisher\":{\"@id\":\"https:\/\/ses-creative.com\/#organization\"},\"potentialAction\":[{\"@type\":\"SearchAction\",\"target\":{\"@type\":\"EntryPoint\",\"urlTemplate\":\"https:\/\/ses-creative.com\/?s={search_term_string}\"},\"query-input\":{\"@type\":\"PropertyValueSpecification\",\"valueRequired\":true,\"valueName\":\"search_term_string\"}}],\"inLanguage\":\"de\"},{\"@type\":\"Organization\",\"@id\":\"https:\/\/ses-creative.com\/#organization\",\"name\":\"SES Creative\",\"url\":\"https:\/\/ses-creative.com\/\",\"logo\":{\"@type\":\"ImageObject\",\"inLanguage\":\"de\",\"@id\":\"https:\/\/ses-creative.com\/#\/schema\/logo\/image\/\",\"url\":\"https:\/\/ses-creative.com\/wp-content\/uploads\/2025\/10\/ses-creative-logo.jpg\",\"contentUrl\":\"https:\/\/ses-creative.com\/wp-content\/uploads\/2025\/10\/ses-creative-logo.jpg\",\"width\":2037,\"height\":2037,\"caption\":\"SES Creative\"},\"image\":{\"@id\":\"https:\/\/ses-creative.com\/#\/schema\/logo\/image\/\"}}]}<\/script>\n<!-- \/ Yoast SEO plugin. -->","yoast_head_json":{"title":"Sensory Perlen - Bauernhoftiere - SES Creative","robots":{"index":"index","follow":"follow","max-snippet":"max-snippet:-1","max-image-preview":"max-image-preview:large","max-video-preview":"max-video-preview:-1"},"canonical":"https:\/\/ses-creative.com\/de\/produkt\/sensory-perlen-bauernhoftiere\/","og_locale":"de_DE","og_type":"article","og_title":"Sensory Perlen - Bauernhoftiere - SES Creative","og_description":"Sensorisches Perlen auff\u00e4deln \u2013 Bauernhoftiere: Entdecken, f\u00fchlen und lernen mit Spa\u00df! F\u00e4deln, f\u00fchlen und lernen zugleich! Mit dem Sensorischen Perlen auff\u00e4deln \u2013 Bauernhoftiere von SES Creative entdecken Kinder spielerisch verschiedene Materialien, Formen und Strukturen. Die fr\u00f6hlichen Bauernhoftiere aus Holz und die bunten Perlen sorgen f\u00fcr stundenlangen Spielspa\u00df. Durch das Auff\u00e4deln trainieren Kinder ihre Feinmotorik, Konzentration [&hellip;]","og_url":"https:\/\/ses-creative.com\/de\/produkt\/sensory-perlen-bauernhoftiere\/","og_site_name":"SES Creative","article_modified_time":"2026-02-06T09:51:32+00:00","twitter_card":"summary_large_image","twitter_misc":{"Gesch\u00e4tzte Lesezeit":"2\u00a0Minuten"},"schema":{"@context":"https:\/\/schema.org","@graph":[{"@type":"WebPage","@id":"https:\/\/ses-creative.com\/de\/produkt\/sensory-perlen-bauernhoftiere\/","url":"https:\/\/ses-creative.com\/de\/produkt\/sensory-perlen-bauernhoftiere\/","name":"Sensory Perlen - Bauernhoftiere - SES Creative","isPartOf":{"@id":"https:\/\/ses-creative.com\/#website"},"primaryImageOfPage":{"@id":"https:\/\/ses-creative.com\/de\/produkt\/sensory-perlen-bauernhoftiere\/#primaryimage"},"image":{"@id":"https:\/\/ses-creative.com\/de\/produkt\/sensory-perlen-bauernhoftiere\/#primaryimage"},"thumbnailUrl":"https:\/\/ses-creative.com\/wp-content\/uploads\/2026\/01\/132711-1.jpg","datePublished":"2026-02-05T13:52:33+00:00","dateModified":"2026-02-06T09:51:32+00:00","breadcrumb":{"@id":"https:\/\/ses-creative.com\/de\/produkt\/sensory-perlen-bauernhoftiere\/#breadcrumb"},"inLanguage":"de","potentialAction":[{"@type":"ReadAction","target":["https:\/\/ses-creative.com\/de\/produkt\/sensory-perlen-bauernhoftiere\/"]}]},{"@type":"ImageObject","inLanguage":"de","@id":"https:\/\/ses-creative.com\/de\/produkt\/sensory-perlen-bauernhoftiere\/#primaryimage","url":"https:\/\/ses-creative.com\/wp-content\/uploads\/2026\/01\/132711-1.jpg","contentUrl":"https:\/\/ses-creative.com\/wp-content\/uploads\/2026\/01\/132711-1.jpg","width":1000,"height":1000},{"@type":"BreadcrumbList","@id":"https:\/\/ses-creative.com\/de\/produkt\/sensory-perlen-bauernhoftiere\/#breadcrumb","itemListElement":[{"@type":"ListItem","position":1,"name":"Shop","item":"https:\/\/ses-creative.com\/de\/shop\/"},{"@type":"ListItem","position":2,"name":"Baby &amp; Kleinkind","item":"https:\/\/ses-creative.com\/de\/product-categorie\/baby-kleinkind\/"},{"@type":"ListItem","position":3,"name":"Sensory Perlen &#8211; Bauernhoftiere"}]},{"@type":"WebSite","@id":"https:\/\/ses-creative.com\/#website","url":"https:\/\/ses-creative.com\/","name":"SES Creative","description":"","publisher":{"@id":"https:\/\/ses-creative.com\/#organization"},"potentialAction":[{"@type":"SearchAction","target":{"@type":"EntryPoint","urlTemplate":"https:\/\/ses-creative.com\/?s={search_term_string}"},"query-input":{"@type":"PropertyValueSpecification","valueRequired":true,"valueName":"search_term_string"}}],"inLanguage":"de"},{"@type":"Organization","@id":"https:\/\/ses-creative.com\/#organization","name":"SES Creative","url":"https:\/\/ses-creative.com\/","logo":{"@type":"ImageObject","inLanguage":"de","@id":"https:\/\/ses-creative.com\/#\/schema\/logo\/image\/","url":"https:\/\/ses-creative.com\/wp-content\/uploads\/2025\/10\/ses-creative-logo.jpg","contentUrl":"https:\/\/ses-creative.com\/wp-content\/uploads\/2025\/10\/ses-creative-logo.jpg","width":2037,"height":2037,"caption":"SES Creative"},"image":{"@id":"https:\/\/ses-creative.com\/#\/schema\/logo\/image\/"}}]}},"_links":{"self":[{"href":"https:\/\/ses-creative.com\/de\/wp-json\/wp\/v2\/product\/114621","targetHints":{"allow":["GET"]}}],"collection":[{"href":"https:\/\/ses-creative.com\/de\/wp-json\/wp\/v2\/product"}],"about":[{"href":"https:\/\/ses-creative.com\/de\/wp-json\/wp\/v2\/types\/product"}],"replies":[{"embeddable":true,"href":"https:\/\/ses-creative.com\/de\/wp-json\/wp\/v2\/comments?post=114621"}],"wp:featuredmedia":[{"embeddable":true,"href":"https:\/\/ses-creative.com\/de\/wp-json\/wp\/v2\/media\/107389"}],"wp:attachment":[{"href":"https:\/\/ses-creative.com\/de\/wp-json\/wp\/v2\/media?parent=114621"}],"wp:term":[{"taxonomy":"product_brand","embeddable":true,"href":"https:\/\/ses-creative.com\/de\/wp-json\/wp\/v2\/product_brand?post=114621"},{"taxonomy":"product_cat","embeddable":true,"href":"https:\/\/ses-creative.com\/de\/wp-json\/wp\/v2\/product_cat?post=114621"},{"taxonomy":"product_tag","embeddable":true,"href":"https:\/\/ses-creative.com\/de\/wp-json\/wp\/v2\/product_tag?post=114621"}],"curies":[{"name":"wp","href":"https:\/\/api.w.org\/{rel}","templated":true}]}}