











{"id":114619,"date":"2026-02-05T13:52:33","date_gmt":"2026-02-05T13:52:33","guid":{"rendered":"https:\/\/ses-creative.com\/?post_type=product&#038;p=114619"},"modified":"2026-02-06T09:51:32","modified_gmt":"2026-02-06T09:51:32","slug":"holz-stapelturm-einhorn","status":"publish","type":"product","link":"https:\/\/ses-creative.com\/de\/produkt\/holz-stapelturm-einhorn\/","title":{"rendered":"Holz Stapelturm Einhorn"},"content":{"rendered":"<p>Entdecken und bauen mit dem Holzstapelturm Einhorn!<br \/>\nStapeln, lernen und entdecken \u2013 mit dem Holzstapelturm Einhorn von SES Creative wird Spielen zu einem lehrreichen Abenteuer! Dieser fr\u00f6hliche Stapelturm mit einem niedlichen Einhorn als Aufsatz besteht aus f\u00fcnf bunten Holzringen und einem wackeligen Sockel. Das perfekte Spielzeug f\u00fcr kleine H\u00e4nde und neugierige K\u00f6pfe, die leuchtende Farben und magische Figuren lieben.<br \/>\nWas dieses Set so toll macht<br \/>\n\u2022    Enth\u00e4lt 5 Holzstapelringe und einen Einhorn-Aufsatz<br \/>\n\u2022    Wackelnder Sockel f\u00fcr zus\u00e4tzliche Herausforderung<br \/>\n\u2022    F\u00f6rdert die Feinmotorik und die Hand-Augen-Koordination<br \/>\n\u2022    Bringt Kindern Farben, Formen und Reihenfolgen bei<br \/>\n\u2022    Perfekt f\u00fcr Kinder ab 10 Monaten<br \/>\nWarum es perfekt f\u00fcr Sie ist<br \/>\nDer Holzstapelturm Einhorn ist ideal f\u00fcr Eltern, die nach einem lehrreichen Spielzeug suchen, das kreatives Spielen f\u00f6rdert. Ob Ihr Kind die Ringe der Reihe nach stapelt oder auf seine eigene Weise experimentiert \u2013 jede Bewegung tr\u00e4gt zur Entwicklung der Motorik, der Probleml\u00f6sungsf\u00e4higkeit und des Selbstvertrauens bei. Und das alles in einem magischen Gewand!<br \/>\nInhalt der Verpackung<br \/>\n\u2022    5 farbige Holzringe<br \/>\n\u2022    1 Einhornfigur<br \/>\n\u2022    1 Balancierbasis<br \/>\nWarum SES Creative w\u00e4hlen?<br \/>\nBei SES Creative verbinden wir Fantasie mit Entwicklung. Unsere Spielzeuge werden in unserer eigenen Fabrik in den Niederlanden unter Ber\u00fccksichtigung von Sicherheit, Nachhaltigkeit und Lernwert entworfen und hergestellt.<br \/>\nBeginnen Sie noch heute mit magischem Stapelspa\u00df<br \/>\nLassen Sie Ihr Kind mit dem Holzstapelturm Einhorn von SES Creative bauen, balancieren und lernen. F\u00fcr einen spielerischen Start in seine Entwicklung!<\/p>\n","protected":false},"excerpt":{"rendered":"<p>Entdecken und bauen mit dem Holzstapelturm Einhorn! Stapeln, lernen und entdecken \u2013 mit dem Holzstapelturm Einhorn von SES Creative wird Spielen zu einem lehrreichen Abenteuer! Dieser fr\u00f6hliche Stapelturm mit einem niedlichen Einhorn als Aufsatz besteht aus f\u00fcnf bunten Holzringen und einem wackeligen Sockel. Das perfekte Spielzeug f\u00fcr kleine H\u00e4nde und neugierige K\u00f6pfe, die leuchtende Farben [&hellip;]<\/p>\n","protected":false},"featured_media":101168,"comment_status":"closed","ping_status":"closed","template":"","meta":{"_acf_changed":false},"product_brand":[],"product_cat":[116],"product_tag":[],"class_list":{"0":"post-114619","1":"product","2":"type-product","3":"status-publish","4":"has-post-thumbnail","6":"product_cat-baby-kleinkind","7":"pa_leeftijd-filter-0-2-jahre","8":"pa_meest-populair-bij-jungen-maedchen","10":"first","11":"instock","12":"shipping-taxable","13":"product-type-simple"},"acf":[],"yoast_head":"<!-- This site is optimized with the Yoast SEO plugin v27.2 - https:\/\/yoast.com\/product\/yoast-seo-wordpress\/ -->\n<title>Holz Stapelturm Einhorn - SES Creative<\/title>\n<meta name=\"robots\" content=\"index, follow, max-snippet:-1, max-image-preview:large, max-video-preview:-1\" \/>\n<link rel=\"canonical\" href=\"https:\/\/ses-creative.com\/de\/produkt\/holz-stapelturm-einhorn\/\" \/>\n<meta property=\"og:locale\" content=\"de_DE\" \/>\n<meta property=\"og:type\" content=\"article\" \/>\n<meta property=\"og:title\" content=\"Holz Stapelturm Einhorn - SES Creative\" \/>\n<meta property=\"og:description\" content=\"Entdecken und bauen mit dem Holzstapelturm Einhorn! Stapeln, lernen und entdecken \u2013 mit dem Holzstapelturm Einhorn von SES Creative wird Spielen zu einem lehrreichen Abenteuer! Dieser fr\u00f6hliche Stapelturm mit einem niedlichen Einhorn als Aufsatz besteht aus f\u00fcnf bunten Holzringen und einem wackeligen Sockel. Das perfekte Spielzeug f\u00fcr kleine H\u00e4nde und neugierige K\u00f6pfe, die leuchtende Farben [&hellip;]\" \/>\n<meta property=\"og:url\" content=\"https:\/\/ses-creative.com\/de\/produkt\/holz-stapelturm-einhorn\/\" \/>\n<meta property=\"og:site_name\" content=\"SES Creative\" \/>\n<meta property=\"article:modified_time\" content=\"2026-02-06T09:51:32+00:00\" \/>\n<meta name=\"twitter:card\" content=\"summary_large_image\" \/>\n<meta name=\"twitter:label1\" content=\"Gesch\u00e4tzte Lesezeit\" \/>\n\t<meta name=\"twitter:data1\" content=\"1\u00a0Minute\" \/>\n<script type=\"application\/ld+json\" class=\"yoast-schema-graph\">{\"@context\":\"https:\/\/schema.org\",\"@graph\":[{\"@type\":\"WebPage\",\"@id\":\"https:\/\/ses-creative.com\/de\/produkt\/holz-stapelturm-einhorn\/\",\"url\":\"https:\/\/ses-creative.com\/de\/produkt\/holz-stapelturm-einhorn\/\",\"name\":\"Holz Stapelturm Einhorn - SES Creative\",\"isPartOf\":{\"@id\":\"https:\/\/ses-creative.com\/#website\"},\"primaryImageOfPage\":{\"@id\":\"https:\/\/ses-creative.com\/de\/produkt\/holz-stapelturm-einhorn\/#primaryimage\"},\"image\":{\"@id\":\"https:\/\/ses-creative.com\/de\/produkt\/holz-stapelturm-einhorn\/#primaryimage\"},\"thumbnailUrl\":\"https:\/\/ses-creative.com\/wp-content\/uploads\/2026\/01\/132521.jpg\",\"datePublished\":\"2026-02-05T13:52:33+00:00\",\"dateModified\":\"2026-02-06T09:51:32+00:00\",\"breadcrumb\":{\"@id\":\"https:\/\/ses-creative.com\/de\/produkt\/holz-stapelturm-einhorn\/#breadcrumb\"},\"inLanguage\":\"de\",\"potentialAction\":[{\"@type\":\"ReadAction\",\"target\":[\"https:\/\/ses-creative.com\/de\/produkt\/holz-stapelturm-einhorn\/\"]}]},{\"@type\":\"ImageObject\",\"inLanguage\":\"de\",\"@id\":\"https:\/\/ses-creative.com\/de\/produkt\/holz-stapelturm-einhorn\/#primaryimage\",\"url\":\"https:\/\/ses-creative.com\/wp-content\/uploads\/2026\/01\/132521.jpg\",\"contentUrl\":\"https:\/\/ses-creative.com\/wp-content\/uploads\/2026\/01\/132521.jpg\",\"width\":1000,\"height\":1000},{\"@type\":\"BreadcrumbList\",\"@id\":\"https:\/\/ses-creative.com\/de\/produkt\/holz-stapelturm-einhorn\/#breadcrumb\",\"itemListElement\":[{\"@type\":\"ListItem\",\"position\":1,\"name\":\"Shop\",\"item\":\"https:\/\/ses-creative.com\/de\/shop\/\"},{\"@type\":\"ListItem\",\"position\":2,\"name\":\"Baby &amp; Kleinkind\",\"item\":\"https:\/\/ses-creative.com\/de\/product-categorie\/baby-kleinkind\/\"},{\"@type\":\"ListItem\",\"position\":3,\"name\":\"Holz Stapelturm Einhorn\"}]},{\"@type\":\"WebSite\",\"@id\":\"https:\/\/ses-creative.com\/#website\",\"url\":\"https:\/\/ses-creative.com\/\",\"name\":\"SES Creative\",\"description\":\"\",\"publisher\":{\"@id\":\"https:\/\/ses-creative.com\/#organization\"},\"potentialAction\":[{\"@type\":\"SearchAction\",\"target\":{\"@type\":\"EntryPoint\",\"urlTemplate\":\"https:\/\/ses-creative.com\/?s={search_term_string}\"},\"query-input\":{\"@type\":\"PropertyValueSpecification\",\"valueRequired\":true,\"valueName\":\"search_term_string\"}}],\"inLanguage\":\"de\"},{\"@type\":\"Organization\",\"@id\":\"https:\/\/ses-creative.com\/#organization\",\"name\":\"SES Creative\",\"url\":\"https:\/\/ses-creative.com\/\",\"logo\":{\"@type\":\"ImageObject\",\"inLanguage\":\"de\",\"@id\":\"https:\/\/ses-creative.com\/#\/schema\/logo\/image\/\",\"url\":\"https:\/\/ses-creative.com\/wp-content\/uploads\/2025\/10\/ses-creative-logo.jpg\",\"contentUrl\":\"https:\/\/ses-creative.com\/wp-content\/uploads\/2025\/10\/ses-creative-logo.jpg\",\"width\":2037,\"height\":2037,\"caption\":\"SES Creative\"},\"image\":{\"@id\":\"https:\/\/ses-creative.com\/#\/schema\/logo\/image\/\"}}]}<\/script>\n<!-- \/ Yoast SEO plugin. -->","yoast_head_json":{"title":"Holz Stapelturm Einhorn - SES Creative","robots":{"index":"index","follow":"follow","max-snippet":"max-snippet:-1","max-image-preview":"max-image-preview:large","max-video-preview":"max-video-preview:-1"},"canonical":"https:\/\/ses-creative.com\/de\/produkt\/holz-stapelturm-einhorn\/","og_locale":"de_DE","og_type":"article","og_title":"Holz Stapelturm Einhorn - SES Creative","og_description":"Entdecken und bauen mit dem Holzstapelturm Einhorn! Stapeln, lernen und entdecken \u2013 mit dem Holzstapelturm Einhorn von SES Creative wird Spielen zu einem lehrreichen Abenteuer! Dieser fr\u00f6hliche Stapelturm mit einem niedlichen Einhorn als Aufsatz besteht aus f\u00fcnf bunten Holzringen und einem wackeligen Sockel. Das perfekte Spielzeug f\u00fcr kleine H\u00e4nde und neugierige K\u00f6pfe, die leuchtende Farben [&hellip;]","og_url":"https:\/\/ses-creative.com\/de\/produkt\/holz-stapelturm-einhorn\/","og_site_name":"SES Creative","article_modified_time":"2026-02-06T09:51:32+00:00","twitter_card":"summary_large_image","twitter_misc":{"Gesch\u00e4tzte Lesezeit":"1\u00a0Minute"},"schema":{"@context":"https:\/\/schema.org","@graph":[{"@type":"WebPage","@id":"https:\/\/ses-creative.com\/de\/produkt\/holz-stapelturm-einhorn\/","url":"https:\/\/ses-creative.com\/de\/produkt\/holz-stapelturm-einhorn\/","name":"Holz Stapelturm Einhorn - SES Creative","isPartOf":{"@id":"https:\/\/ses-creative.com\/#website"},"primaryImageOfPage":{"@id":"https:\/\/ses-creative.com\/de\/produkt\/holz-stapelturm-einhorn\/#primaryimage"},"image":{"@id":"https:\/\/ses-creative.com\/de\/produkt\/holz-stapelturm-einhorn\/#primaryimage"},"thumbnailUrl":"https:\/\/ses-creative.com\/wp-content\/uploads\/2026\/01\/132521.jpg","datePublished":"2026-02-05T13:52:33+00:00","dateModified":"2026-02-06T09:51:32+00:00","breadcrumb":{"@id":"https:\/\/ses-creative.com\/de\/produkt\/holz-stapelturm-einhorn\/#breadcrumb"},"inLanguage":"de","potentialAction":[{"@type":"ReadAction","target":["https:\/\/ses-creative.com\/de\/produkt\/holz-stapelturm-einhorn\/"]}]},{"@type":"ImageObject","inLanguage":"de","@id":"https:\/\/ses-creative.com\/de\/produkt\/holz-stapelturm-einhorn\/#primaryimage","url":"https:\/\/ses-creative.com\/wp-content\/uploads\/2026\/01\/132521.jpg","contentUrl":"https:\/\/ses-creative.com\/wp-content\/uploads\/2026\/01\/132521.jpg","width":1000,"height":1000},{"@type":"BreadcrumbList","@id":"https:\/\/ses-creative.com\/de\/produkt\/holz-stapelturm-einhorn\/#breadcrumb","itemListElement":[{"@type":"ListItem","position":1,"name":"Shop","item":"https:\/\/ses-creative.com\/de\/shop\/"},{"@type":"ListItem","position":2,"name":"Baby &amp; Kleinkind","item":"https:\/\/ses-creative.com\/de\/product-categorie\/baby-kleinkind\/"},{"@type":"ListItem","position":3,"name":"Holz Stapelturm Einhorn"}]},{"@type":"WebSite","@id":"https:\/\/ses-creative.com\/#website","url":"https:\/\/ses-creative.com\/","name":"SES Creative","description":"","publisher":{"@id":"https:\/\/ses-creative.com\/#organization"},"potentialAction":[{"@type":"SearchAction","target":{"@type":"EntryPoint","urlTemplate":"https:\/\/ses-creative.com\/?s={search_term_string}"},"query-input":{"@type":"PropertyValueSpecification","valueRequired":true,"valueName":"search_term_string"}}],"inLanguage":"de"},{"@type":"Organization","@id":"https:\/\/ses-creative.com\/#organization","name":"SES Creative","url":"https:\/\/ses-creative.com\/","logo":{"@type":"ImageObject","inLanguage":"de","@id":"https:\/\/ses-creative.com\/#\/schema\/logo\/image\/","url":"https:\/\/ses-creative.com\/wp-content\/uploads\/2025\/10\/ses-creative-logo.jpg","contentUrl":"https:\/\/ses-creative.com\/wp-content\/uploads\/2025\/10\/ses-creative-logo.jpg","width":2037,"height":2037,"caption":"SES Creative"},"image":{"@id":"https:\/\/ses-creative.com\/#\/schema\/logo\/image\/"}}]}},"_links":{"self":[{"href":"https:\/\/ses-creative.com\/de\/wp-json\/wp\/v2\/product\/114619","targetHints":{"allow":["GET"]}}],"collection":[{"href":"https:\/\/ses-creative.com\/de\/wp-json\/wp\/v2\/product"}],"about":[{"href":"https:\/\/ses-creative.com\/de\/wp-json\/wp\/v2\/types\/product"}],"replies":[{"embeddable":true,"href":"https:\/\/ses-creative.com\/de\/wp-json\/wp\/v2\/comments?post=114619"}],"wp:featuredmedia":[{"embeddable":true,"href":"https:\/\/ses-creative.com\/de\/wp-json\/wp\/v2\/media\/101168"}],"wp:attachment":[{"href":"https:\/\/ses-creative.com\/de\/wp-json\/wp\/v2\/media?parent=114619"}],"wp:term":[{"taxonomy":"product_brand","embeddable":true,"href":"https:\/\/ses-creative.com\/de\/wp-json\/wp\/v2\/product_brand?post=114619"},{"taxonomy":"product_cat","embeddable":true,"href":"https:\/\/ses-creative.com\/de\/wp-json\/wp\/v2\/product_cat?post=114619"},{"taxonomy":"product_tag","embeddable":true,"href":"https:\/\/ses-creative.com\/de\/wp-json\/wp\/v2\/product_tag?post=114619"}],"curies":[{"name":"wp","href":"https:\/\/api.w.org\/{rel}","templated":true}]}}