











{"id":114615,"date":"2026-02-05T13:52:32","date_gmt":"2026-02-05T13:52:32","guid":{"rendered":"https:\/\/ses-creative.com\/?post_type=product&#038;p=114615"},"modified":"2026-02-06T09:51:32","modified_gmt":"2026-02-06T09:51:32","slug":"bade-buch-malen-mit-wasser-dinos","status":"publish","type":"product","link":"https:\/\/ses-creative.com\/de\/produkt\/bade-buch-malen-mit-wasser-dinos\/","title":{"rendered":"Bade-Buch &#8211; Malen mit Wasser Dinos"},"content":{"rendered":"<p>Erwecken Sie Dinosaurier mit Wasserfarben zum Leben!<br \/>\nBegeben Sie sich mit dem SES Creative Wasserfarbenbuch \u2013 Dinosaurier auf eine Abenteuerreise in die pr\u00e4historische Welt! Dieses magische Buch wurde speziell f\u00fcr kleine H\u00e4nde und neugierige K\u00f6pfe ab 6 Monaten entwickelt. F\u00fcgen Sie einfach Wasser hinzu und sehen Sie, wie farbenfrohe Dinosaurier und versteckte \u00dcberraschungen zum Vorschein kommen \u2013 immer und immer wieder!<\/p>\n<p>Was dieses Produkt einzigartig macht<\/p>\n<p>Wiederverwendbares Malbuch mit 8 wasserfesten Seiten<\/p>\n<p>Entdecken Sie auf jeder Seite 15 versteckte \u00dcberraschungen<\/p>\n<p>Aktivieren Sie die Farben mit Wasser \u2013 100 % sauber<\/p>\n<p>F\u00f6rdert die Feinmotorik und die Hand-Augen-Koordination<\/p>\n<p>Ideal f\u00fcr die Badezeit, am Tisch oder unterwegs<\/p>\n<p>Sicheres und langlebiges Design f\u00fcr kleine Kinder<\/p>\n<p>Warum es perfekt f\u00fcr Sie ist<br \/>\nEltern, die nach einer ruhigen und zugleich anregenden Besch\u00e4ftigung f\u00fcr ihr Kind suchen, werden dieses Buch lieben. Es verbindet kreatives Spielen mit Entwicklung, ganz ohne Farbe, Stifte oder Reinigungsstress. Perfekt als erste Begegnung mit Farben und Formen, mit einem magischen Effekt, der nie langweilig wird.<\/p>\n<p>Inhalt der Verpackung<\/p>\n<p>1 Wasserfarbenbuch \u2013 Dinosaurier (8 Seiten)<\/p>\n<p>Ohne Zubeh\u00f6r \u2013 verwenden Sie einfach Wasser!<\/p>\n<p>F\u00f6rdern Sie spielerisches Lernen<br \/>\nJede Seite bietet eine neue Welt zum Entdecken, voller Dinosaurier, Farben und \u00dcberraschungen. Ihr Kind lernt spielerisch Ursache und Wirkung zu verstehen und wird immer wieder von der magischen Farbver\u00e4nderung begeistert sein.<\/p>\n<p>Beginnen Sie noch heute mit der Wasserfarbenmagie!<br \/>\nErwecken Sie Farben zum Leben mit dem Wasserfarbenbuch \u2013 Dinosaurier von SES Creative. F\u00fcr neugierige Kleinkinder, die Entdeckungen, Abenteuer und &#8230; Dinosaurier lieben!<\/p>\n","protected":false},"excerpt":{"rendered":"<p>Erwecken Sie Dinosaurier mit Wasserfarben zum Leben! Begeben Sie sich mit dem SES Creative Wasserfarbenbuch \u2013 Dinosaurier auf eine Abenteuerreise in die pr\u00e4historische Welt! Dieses magische Buch wurde speziell f\u00fcr kleine H\u00e4nde und neugierige K\u00f6pfe ab 6 Monaten entwickelt. F\u00fcgen Sie einfach Wasser hinzu und sehen Sie, wie farbenfrohe Dinosaurier und versteckte \u00dcberraschungen zum Vorschein [&hellip;]<\/p>\n","protected":false},"featured_media":101088,"comment_status":"closed","ping_status":"closed","template":"","meta":{"_acf_changed":false},"product_brand":[],"product_cat":[116],"product_tag":[],"class_list":{"0":"post-114615","1":"product","2":"type-product","3":"status-publish","4":"has-post-thumbnail","6":"product_cat-baby-kleinkind","7":"pa_leeftijd-filter-0-2-jahre","8":"pa_meest-populair-bij-jungen-maedchen","10":"first","11":"instock","12":"shipping-taxable","13":"product-type-simple"},"acf":[],"yoast_head":"<!-- This site is optimized with the Yoast SEO plugin v27.2 - https:\/\/yoast.com\/product\/yoast-seo-wordpress\/ -->\n<title>Bade-Buch - Malen mit Wasser Dinos - SES Creative<\/title>\n<meta name=\"robots\" content=\"index, follow, max-snippet:-1, max-image-preview:large, max-video-preview:-1\" \/>\n<link rel=\"canonical\" href=\"https:\/\/ses-creative.com\/de\/produkt\/bade-buch-malen-mit-wasser-dinos\/\" \/>\n<meta property=\"og:locale\" content=\"de_DE\" \/>\n<meta property=\"og:type\" content=\"article\" \/>\n<meta property=\"og:title\" content=\"Bade-Buch - Malen mit Wasser Dinos - SES Creative\" \/>\n<meta property=\"og:description\" content=\"Erwecken Sie Dinosaurier mit Wasserfarben zum Leben! Begeben Sie sich mit dem SES Creative Wasserfarbenbuch \u2013 Dinosaurier auf eine Abenteuerreise in die pr\u00e4historische Welt! Dieses magische Buch wurde speziell f\u00fcr kleine H\u00e4nde und neugierige K\u00f6pfe ab 6 Monaten entwickelt. F\u00fcgen Sie einfach Wasser hinzu und sehen Sie, wie farbenfrohe Dinosaurier und versteckte \u00dcberraschungen zum Vorschein [&hellip;]\" \/>\n<meta property=\"og:url\" content=\"https:\/\/ses-creative.com\/de\/produkt\/bade-buch-malen-mit-wasser-dinos\/\" \/>\n<meta property=\"og:site_name\" content=\"SES Creative\" \/>\n<meta property=\"article:modified_time\" content=\"2026-02-06T09:51:32+00:00\" \/>\n<meta name=\"twitter:card\" content=\"summary_large_image\" \/>\n<meta name=\"twitter:label1\" content=\"Gesch\u00e4tzte Lesezeit\" \/>\n\t<meta name=\"twitter:data1\" content=\"1\u00a0Minute\" \/>\n<script type=\"application\/ld+json\" class=\"yoast-schema-graph\">{\"@context\":\"https:\/\/schema.org\",\"@graph\":[{\"@type\":\"WebPage\",\"@id\":\"https:\/\/ses-creative.com\/de\/produkt\/bade-buch-malen-mit-wasser-dinos\/\",\"url\":\"https:\/\/ses-creative.com\/de\/produkt\/bade-buch-malen-mit-wasser-dinos\/\",\"name\":\"Bade-Buch - Malen mit Wasser Dinos - SES Creative\",\"isPartOf\":{\"@id\":\"https:\/\/ses-creative.com\/#website\"},\"primaryImageOfPage\":{\"@id\":\"https:\/\/ses-creative.com\/de\/produkt\/bade-buch-malen-mit-wasser-dinos\/#primaryimage\"},\"image\":{\"@id\":\"https:\/\/ses-creative.com\/de\/produkt\/bade-buch-malen-mit-wasser-dinos\/#primaryimage\"},\"thumbnailUrl\":\"https:\/\/ses-creative.com\/wp-content\/uploads\/2026\/01\/132151.jpg\",\"datePublished\":\"2026-02-05T13:52:32+00:00\",\"dateModified\":\"2026-02-06T09:51:32+00:00\",\"breadcrumb\":{\"@id\":\"https:\/\/ses-creative.com\/de\/produkt\/bade-buch-malen-mit-wasser-dinos\/#breadcrumb\"},\"inLanguage\":\"de\",\"potentialAction\":[{\"@type\":\"ReadAction\",\"target\":[\"https:\/\/ses-creative.com\/de\/produkt\/bade-buch-malen-mit-wasser-dinos\/\"]}]},{\"@type\":\"ImageObject\",\"inLanguage\":\"de\",\"@id\":\"https:\/\/ses-creative.com\/de\/produkt\/bade-buch-malen-mit-wasser-dinos\/#primaryimage\",\"url\":\"https:\/\/ses-creative.com\/wp-content\/uploads\/2026\/01\/132151.jpg\",\"contentUrl\":\"https:\/\/ses-creative.com\/wp-content\/uploads\/2026\/01\/132151.jpg\",\"width\":1000,\"height\":1000},{\"@type\":\"BreadcrumbList\",\"@id\":\"https:\/\/ses-creative.com\/de\/produkt\/bade-buch-malen-mit-wasser-dinos\/#breadcrumb\",\"itemListElement\":[{\"@type\":\"ListItem\",\"position\":1,\"name\":\"Shop\",\"item\":\"https:\/\/ses-creative.com\/de\/shop\/\"},{\"@type\":\"ListItem\",\"position\":2,\"name\":\"Baby &amp; Kleinkind\",\"item\":\"https:\/\/ses-creative.com\/de\/product-categorie\/baby-kleinkind\/\"},{\"@type\":\"ListItem\",\"position\":3,\"name\":\"Bade-Buch &#8211; Malen mit Wasser Dinos\"}]},{\"@type\":\"WebSite\",\"@id\":\"https:\/\/ses-creative.com\/#website\",\"url\":\"https:\/\/ses-creative.com\/\",\"name\":\"SES Creative\",\"description\":\"\",\"publisher\":{\"@id\":\"https:\/\/ses-creative.com\/#organization\"},\"potentialAction\":[{\"@type\":\"SearchAction\",\"target\":{\"@type\":\"EntryPoint\",\"urlTemplate\":\"https:\/\/ses-creative.com\/?s={search_term_string}\"},\"query-input\":{\"@type\":\"PropertyValueSpecification\",\"valueRequired\":true,\"valueName\":\"search_term_string\"}}],\"inLanguage\":\"de\"},{\"@type\":\"Organization\",\"@id\":\"https:\/\/ses-creative.com\/#organization\",\"name\":\"SES Creative\",\"url\":\"https:\/\/ses-creative.com\/\",\"logo\":{\"@type\":\"ImageObject\",\"inLanguage\":\"de\",\"@id\":\"https:\/\/ses-creative.com\/#\/schema\/logo\/image\/\",\"url\":\"https:\/\/ses-creative.com\/wp-content\/uploads\/2025\/10\/ses-creative-logo.jpg\",\"contentUrl\":\"https:\/\/ses-creative.com\/wp-content\/uploads\/2025\/10\/ses-creative-logo.jpg\",\"width\":2037,\"height\":2037,\"caption\":\"SES Creative\"},\"image\":{\"@id\":\"https:\/\/ses-creative.com\/#\/schema\/logo\/image\/\"}}]}<\/script>\n<!-- \/ Yoast SEO plugin. -->","yoast_head_json":{"title":"Bade-Buch - Malen mit Wasser Dinos - SES Creative","robots":{"index":"index","follow":"follow","max-snippet":"max-snippet:-1","max-image-preview":"max-image-preview:large","max-video-preview":"max-video-preview:-1"},"canonical":"https:\/\/ses-creative.com\/de\/produkt\/bade-buch-malen-mit-wasser-dinos\/","og_locale":"de_DE","og_type":"article","og_title":"Bade-Buch - Malen mit Wasser Dinos - SES Creative","og_description":"Erwecken Sie Dinosaurier mit Wasserfarben zum Leben! Begeben Sie sich mit dem SES Creative Wasserfarbenbuch \u2013 Dinosaurier auf eine Abenteuerreise in die pr\u00e4historische Welt! Dieses magische Buch wurde speziell f\u00fcr kleine H\u00e4nde und neugierige K\u00f6pfe ab 6 Monaten entwickelt. F\u00fcgen Sie einfach Wasser hinzu und sehen Sie, wie farbenfrohe Dinosaurier und versteckte \u00dcberraschungen zum Vorschein [&hellip;]","og_url":"https:\/\/ses-creative.com\/de\/produkt\/bade-buch-malen-mit-wasser-dinos\/","og_site_name":"SES Creative","article_modified_time":"2026-02-06T09:51:32+00:00","twitter_card":"summary_large_image","twitter_misc":{"Gesch\u00e4tzte Lesezeit":"1\u00a0Minute"},"schema":{"@context":"https:\/\/schema.org","@graph":[{"@type":"WebPage","@id":"https:\/\/ses-creative.com\/de\/produkt\/bade-buch-malen-mit-wasser-dinos\/","url":"https:\/\/ses-creative.com\/de\/produkt\/bade-buch-malen-mit-wasser-dinos\/","name":"Bade-Buch - Malen mit Wasser Dinos - SES Creative","isPartOf":{"@id":"https:\/\/ses-creative.com\/#website"},"primaryImageOfPage":{"@id":"https:\/\/ses-creative.com\/de\/produkt\/bade-buch-malen-mit-wasser-dinos\/#primaryimage"},"image":{"@id":"https:\/\/ses-creative.com\/de\/produkt\/bade-buch-malen-mit-wasser-dinos\/#primaryimage"},"thumbnailUrl":"https:\/\/ses-creative.com\/wp-content\/uploads\/2026\/01\/132151.jpg","datePublished":"2026-02-05T13:52:32+00:00","dateModified":"2026-02-06T09:51:32+00:00","breadcrumb":{"@id":"https:\/\/ses-creative.com\/de\/produkt\/bade-buch-malen-mit-wasser-dinos\/#breadcrumb"},"inLanguage":"de","potentialAction":[{"@type":"ReadAction","target":["https:\/\/ses-creative.com\/de\/produkt\/bade-buch-malen-mit-wasser-dinos\/"]}]},{"@type":"ImageObject","inLanguage":"de","@id":"https:\/\/ses-creative.com\/de\/produkt\/bade-buch-malen-mit-wasser-dinos\/#primaryimage","url":"https:\/\/ses-creative.com\/wp-content\/uploads\/2026\/01\/132151.jpg","contentUrl":"https:\/\/ses-creative.com\/wp-content\/uploads\/2026\/01\/132151.jpg","width":1000,"height":1000},{"@type":"BreadcrumbList","@id":"https:\/\/ses-creative.com\/de\/produkt\/bade-buch-malen-mit-wasser-dinos\/#breadcrumb","itemListElement":[{"@type":"ListItem","position":1,"name":"Shop","item":"https:\/\/ses-creative.com\/de\/shop\/"},{"@type":"ListItem","position":2,"name":"Baby &amp; Kleinkind","item":"https:\/\/ses-creative.com\/de\/product-categorie\/baby-kleinkind\/"},{"@type":"ListItem","position":3,"name":"Bade-Buch &#8211; Malen mit Wasser Dinos"}]},{"@type":"WebSite","@id":"https:\/\/ses-creative.com\/#website","url":"https:\/\/ses-creative.com\/","name":"SES Creative","description":"","publisher":{"@id":"https:\/\/ses-creative.com\/#organization"},"potentialAction":[{"@type":"SearchAction","target":{"@type":"EntryPoint","urlTemplate":"https:\/\/ses-creative.com\/?s={search_term_string}"},"query-input":{"@type":"PropertyValueSpecification","valueRequired":true,"valueName":"search_term_string"}}],"inLanguage":"de"},{"@type":"Organization","@id":"https:\/\/ses-creative.com\/#organization","name":"SES Creative","url":"https:\/\/ses-creative.com\/","logo":{"@type":"ImageObject","inLanguage":"de","@id":"https:\/\/ses-creative.com\/#\/schema\/logo\/image\/","url":"https:\/\/ses-creative.com\/wp-content\/uploads\/2025\/10\/ses-creative-logo.jpg","contentUrl":"https:\/\/ses-creative.com\/wp-content\/uploads\/2025\/10\/ses-creative-logo.jpg","width":2037,"height":2037,"caption":"SES Creative"},"image":{"@id":"https:\/\/ses-creative.com\/#\/schema\/logo\/image\/"}}]}},"_links":{"self":[{"href":"https:\/\/ses-creative.com\/de\/wp-json\/wp\/v2\/product\/114615","targetHints":{"allow":["GET"]}}],"collection":[{"href":"https:\/\/ses-creative.com\/de\/wp-json\/wp\/v2\/product"}],"about":[{"href":"https:\/\/ses-creative.com\/de\/wp-json\/wp\/v2\/types\/product"}],"replies":[{"embeddable":true,"href":"https:\/\/ses-creative.com\/de\/wp-json\/wp\/v2\/comments?post=114615"}],"wp:featuredmedia":[{"embeddable":true,"href":"https:\/\/ses-creative.com\/de\/wp-json\/wp\/v2\/media\/101088"}],"wp:attachment":[{"href":"https:\/\/ses-creative.com\/de\/wp-json\/wp\/v2\/media?parent=114615"}],"wp:term":[{"taxonomy":"product_brand","embeddable":true,"href":"https:\/\/ses-creative.com\/de\/wp-json\/wp\/v2\/product_brand?post=114615"},{"taxonomy":"product_cat","embeddable":true,"href":"https:\/\/ses-creative.com\/de\/wp-json\/wp\/v2\/product_cat?post=114615"},{"taxonomy":"product_tag","embeddable":true,"href":"https:\/\/ses-creative.com\/de\/wp-json\/wp\/v2\/product_tag?post=114615"}],"curies":[{"name":"wp","href":"https:\/\/api.w.org\/{rel}","templated":true}]}}