











{"id":114610,"date":"2026-02-05T13:52:32","date_gmt":"2026-02-05T13:52:32","guid":{"rendered":"https:\/\/ses-creative.com\/?post_type=product&#038;p=114610"},"modified":"2026-02-06T09:51:31","modified_gmt":"2026-02-06T09:51:31","slug":"holzbausteine-zum-stapeln-dinos-eimer-50-teile","status":"publish","type":"product","link":"https:\/\/ses-creative.com\/de\/produkt\/holzbausteine-zum-stapeln-dinos-eimer-50-teile\/","title":{"rendered":"Holzbausteine zum Stapeln Dinos &#8211; Eimer 50 Teile"},"content":{"rendered":"<p>Bauen und fantasieren Sie mit den Holzbaukl\u00f6tzen Dinos Eimer!<br \/>\nVerbinden Sie Bauen und Lernen mit den Holzbaukl\u00f6tzen Dino-Eimer von SES Creative! Dieses fr\u00f6hliche 50-teilige Set enth\u00e4lt bunte Holzkl\u00f6tze und niedliche Dino-Figuren \u2013 perfekt f\u00fcr kleine Baumeister ab 12 Monaten. Kinder k\u00f6nnen T\u00fcrme, H\u00e4user oder ganze Dino-D\u00f6rfer bauen und dabei spielerisch ihre Feinmotorik, ihr r\u00e4umliches Vorstellungsverm\u00f6gen und ihre Kreativit\u00e4t entwickeln.<\/p>\n<p>Was dieses Set so toll macht<\/p>\n<p>Enth\u00e4lt 47 Holzkl\u00f6tze und 3 bedruckte Dino-Figuren<\/p>\n<p>Der Deckel des Eimers dient als Formkasten<\/p>\n<p>F\u00f6rdert Motorik, Probleml\u00f6sungsf\u00e4higkeit und kreatives Denken<\/p>\n<p>Langlebiges, sicheres Holz in modernen Farben<\/p>\n<p>Inklusive praktischem Aufbewahrungsbeh\u00e4lter<\/p>\n<p>Perfekt f\u00fcr Kinder ab 12 Monaten<\/p>\n<p>Warum es perfekt f\u00fcr Sie ist<br \/>\nDieses Baukastenset ist ideal f\u00fcr Eltern, die nach multifunktionalem Spielzeug suchen, das Lernen und Spielen verbindet. Die Bausteine und Formen regen Ihr Kind dazu an, logisch zu denken, zu sortieren und zu bauen. Und dank des Aufbewahrungsbeh\u00e4lters ist das Aufr\u00e4umen im Handumdrehen erledigt \u2013 bereit f\u00fcr das n\u00e4chste Dino-Abenteuer!<\/p>\n<p>Inhalt der Verpackung<\/p>\n<p>47 Holzkl\u00f6tze<\/p>\n<p>3 Dino-Figuren<\/p>\n<p>1 Aufbewahrungseimer mit Deckel zum Sortieren<\/p>\n<p>Warum SES Creative w\u00e4hlen?<br \/>\nSES Creative entwickelt seit vielen Jahren sicheres und p\u00e4dagogisch wertvolles Spielzeug in unserer eigenen Fabrik in den Niederlanden. Unsere Produkte erf\u00fcllen die strengsten europ\u00e4ischen Sicherheitsnormen und sind so konzipiert, dass Kinder spielerisch in ihrer Entwicklung wachsen k\u00f6nnen.<\/p>\n<p>Beginnen Sie noch heute mit dem Bauen im Dino-Stil<br \/>\nLassen Sie Ihr Kind mit den Holzbaukl\u00f6tzen \u201eDinos Eimer\u201d von SES Creative bauen, entdecken und tr\u00e4umen. F\u00fcr endlosen kreativen Spa\u00df mit einem pr\u00e4historischen Touch!<\/p>\n","protected":false},"excerpt":{"rendered":"<p>Bauen und fantasieren Sie mit den Holzbaukl\u00f6tzen Dinos Eimer! Verbinden Sie Bauen und Lernen mit den Holzbaukl\u00f6tzen Dino-Eimer von SES Creative! Dieses fr\u00f6hliche 50-teilige Set enth\u00e4lt bunte Holzkl\u00f6tze und niedliche Dino-Figuren \u2013 perfekt f\u00fcr kleine Baumeister ab 12 Monaten. Kinder k\u00f6nnen T\u00fcrme, H\u00e4user oder ganze Dino-D\u00f6rfer bauen und dabei spielerisch ihre Feinmotorik, ihr r\u00e4umliches Vorstellungsverm\u00f6gen [&hellip;]<\/p>\n","protected":false},"featured_media":101048,"comment_status":"closed","ping_status":"closed","template":"","meta":{"_acf_changed":false},"product_brand":[],"product_cat":[116],"product_tag":[],"class_list":{"0":"post-114610","1":"product","2":"type-product","3":"status-publish","4":"has-post-thumbnail","6":"product_cat-baby-kleinkind","7":"pa_leeftijd-filter-0-2-jahre","8":"pa_meest-populair-bij-jungen-maedchen","10":"first","11":"instock","12":"shipping-taxable","13":"product-type-simple"},"acf":[],"yoast_head":"<!-- This site is optimized with the Yoast SEO plugin v27.2 - https:\/\/yoast.com\/product\/yoast-seo-wordpress\/ -->\n<title>Holzbausteine zum Stapeln Dinos - Eimer 50 Teile - SES Creative<\/title>\n<meta name=\"robots\" content=\"index, follow, max-snippet:-1, max-image-preview:large, max-video-preview:-1\" \/>\n<link rel=\"canonical\" href=\"https:\/\/ses-creative.com\/de\/produkt\/holzbausteine-zum-stapeln-dinos-eimer-50-teile\/\" \/>\n<meta property=\"og:locale\" content=\"de_DE\" \/>\n<meta property=\"og:type\" content=\"article\" \/>\n<meta property=\"og:title\" content=\"Holzbausteine zum Stapeln Dinos - Eimer 50 Teile - SES Creative\" \/>\n<meta property=\"og:description\" content=\"Bauen und fantasieren Sie mit den Holzbaukl\u00f6tzen Dinos Eimer! Verbinden Sie Bauen und Lernen mit den Holzbaukl\u00f6tzen Dino-Eimer von SES Creative! Dieses fr\u00f6hliche 50-teilige Set enth\u00e4lt bunte Holzkl\u00f6tze und niedliche Dino-Figuren \u2013 perfekt f\u00fcr kleine Baumeister ab 12 Monaten. Kinder k\u00f6nnen T\u00fcrme, H\u00e4user oder ganze Dino-D\u00f6rfer bauen und dabei spielerisch ihre Feinmotorik, ihr r\u00e4umliches Vorstellungsverm\u00f6gen [&hellip;]\" \/>\n<meta property=\"og:url\" content=\"https:\/\/ses-creative.com\/de\/produkt\/holzbausteine-zum-stapeln-dinos-eimer-50-teile\/\" \/>\n<meta property=\"og:site_name\" content=\"SES Creative\" \/>\n<meta property=\"article:modified_time\" content=\"2026-02-06T09:51:31+00:00\" \/>\n<meta name=\"twitter:card\" content=\"summary_large_image\" \/>\n<meta name=\"twitter:label1\" content=\"Gesch\u00e4tzte Lesezeit\" \/>\n\t<meta name=\"twitter:data1\" content=\"1\u00a0Minute\" \/>\n<script type=\"application\/ld+json\" class=\"yoast-schema-graph\">{\"@context\":\"https:\/\/schema.org\",\"@graph\":[{\"@type\":\"WebPage\",\"@id\":\"https:\/\/ses-creative.com\/de\/produkt\/holzbausteine-zum-stapeln-dinos-eimer-50-teile\/\",\"url\":\"https:\/\/ses-creative.com\/de\/produkt\/holzbausteine-zum-stapeln-dinos-eimer-50-teile\/\",\"name\":\"Holzbausteine zum Stapeln Dinos - Eimer 50 Teile - SES Creative\",\"isPartOf\":{\"@id\":\"https:\/\/ses-creative.com\/#website\"},\"primaryImageOfPage\":{\"@id\":\"https:\/\/ses-creative.com\/de\/produkt\/holzbausteine-zum-stapeln-dinos-eimer-50-teile\/#primaryimage\"},\"image\":{\"@id\":\"https:\/\/ses-creative.com\/de\/produkt\/holzbausteine-zum-stapeln-dinos-eimer-50-teile\/#primaryimage\"},\"thumbnailUrl\":\"https:\/\/ses-creative.com\/wp-content\/uploads\/2026\/01\/132041.jpg\",\"datePublished\":\"2026-02-05T13:52:32+00:00\",\"dateModified\":\"2026-02-06T09:51:31+00:00\",\"breadcrumb\":{\"@id\":\"https:\/\/ses-creative.com\/de\/produkt\/holzbausteine-zum-stapeln-dinos-eimer-50-teile\/#breadcrumb\"},\"inLanguage\":\"de\",\"potentialAction\":[{\"@type\":\"ReadAction\",\"target\":[\"https:\/\/ses-creative.com\/de\/produkt\/holzbausteine-zum-stapeln-dinos-eimer-50-teile\/\"]}]},{\"@type\":\"ImageObject\",\"inLanguage\":\"de\",\"@id\":\"https:\/\/ses-creative.com\/de\/produkt\/holzbausteine-zum-stapeln-dinos-eimer-50-teile\/#primaryimage\",\"url\":\"https:\/\/ses-creative.com\/wp-content\/uploads\/2026\/01\/132041.jpg\",\"contentUrl\":\"https:\/\/ses-creative.com\/wp-content\/uploads\/2026\/01\/132041.jpg\",\"width\":1000,\"height\":1000},{\"@type\":\"BreadcrumbList\",\"@id\":\"https:\/\/ses-creative.com\/de\/produkt\/holzbausteine-zum-stapeln-dinos-eimer-50-teile\/#breadcrumb\",\"itemListElement\":[{\"@type\":\"ListItem\",\"position\":1,\"name\":\"Shop\",\"item\":\"https:\/\/ses-creative.com\/de\/shop\/\"},{\"@type\":\"ListItem\",\"position\":2,\"name\":\"Baby &amp; Kleinkind\",\"item\":\"https:\/\/ses-creative.com\/de\/product-categorie\/baby-kleinkind\/\"},{\"@type\":\"ListItem\",\"position\":3,\"name\":\"Holzbausteine zum Stapeln Dinos &#8211; Eimer 50 Teile\"}]},{\"@type\":\"WebSite\",\"@id\":\"https:\/\/ses-creative.com\/#website\",\"url\":\"https:\/\/ses-creative.com\/\",\"name\":\"SES Creative\",\"description\":\"\",\"publisher\":{\"@id\":\"https:\/\/ses-creative.com\/#organization\"},\"potentialAction\":[{\"@type\":\"SearchAction\",\"target\":{\"@type\":\"EntryPoint\",\"urlTemplate\":\"https:\/\/ses-creative.com\/?s={search_term_string}\"},\"query-input\":{\"@type\":\"PropertyValueSpecification\",\"valueRequired\":true,\"valueName\":\"search_term_string\"}}],\"inLanguage\":\"de\"},{\"@type\":\"Organization\",\"@id\":\"https:\/\/ses-creative.com\/#organization\",\"name\":\"SES Creative\",\"url\":\"https:\/\/ses-creative.com\/\",\"logo\":{\"@type\":\"ImageObject\",\"inLanguage\":\"de\",\"@id\":\"https:\/\/ses-creative.com\/#\/schema\/logo\/image\/\",\"url\":\"https:\/\/ses-creative.com\/wp-content\/uploads\/2025\/10\/ses-creative-logo.jpg\",\"contentUrl\":\"https:\/\/ses-creative.com\/wp-content\/uploads\/2025\/10\/ses-creative-logo.jpg\",\"width\":2037,\"height\":2037,\"caption\":\"SES Creative\"},\"image\":{\"@id\":\"https:\/\/ses-creative.com\/#\/schema\/logo\/image\/\"}}]}<\/script>\n<!-- \/ Yoast SEO plugin. -->","yoast_head_json":{"title":"Holzbausteine zum Stapeln Dinos - Eimer 50 Teile - SES Creative","robots":{"index":"index","follow":"follow","max-snippet":"max-snippet:-1","max-image-preview":"max-image-preview:large","max-video-preview":"max-video-preview:-1"},"canonical":"https:\/\/ses-creative.com\/de\/produkt\/holzbausteine-zum-stapeln-dinos-eimer-50-teile\/","og_locale":"de_DE","og_type":"article","og_title":"Holzbausteine zum Stapeln Dinos - Eimer 50 Teile - SES Creative","og_description":"Bauen und fantasieren Sie mit den Holzbaukl\u00f6tzen Dinos Eimer! Verbinden Sie Bauen und Lernen mit den Holzbaukl\u00f6tzen Dino-Eimer von SES Creative! Dieses fr\u00f6hliche 50-teilige Set enth\u00e4lt bunte Holzkl\u00f6tze und niedliche Dino-Figuren \u2013 perfekt f\u00fcr kleine Baumeister ab 12 Monaten. Kinder k\u00f6nnen T\u00fcrme, H\u00e4user oder ganze Dino-D\u00f6rfer bauen und dabei spielerisch ihre Feinmotorik, ihr r\u00e4umliches Vorstellungsverm\u00f6gen [&hellip;]","og_url":"https:\/\/ses-creative.com\/de\/produkt\/holzbausteine-zum-stapeln-dinos-eimer-50-teile\/","og_site_name":"SES Creative","article_modified_time":"2026-02-06T09:51:31+00:00","twitter_card":"summary_large_image","twitter_misc":{"Gesch\u00e4tzte Lesezeit":"1\u00a0Minute"},"schema":{"@context":"https:\/\/schema.org","@graph":[{"@type":"WebPage","@id":"https:\/\/ses-creative.com\/de\/produkt\/holzbausteine-zum-stapeln-dinos-eimer-50-teile\/","url":"https:\/\/ses-creative.com\/de\/produkt\/holzbausteine-zum-stapeln-dinos-eimer-50-teile\/","name":"Holzbausteine zum Stapeln Dinos - Eimer 50 Teile - SES Creative","isPartOf":{"@id":"https:\/\/ses-creative.com\/#website"},"primaryImageOfPage":{"@id":"https:\/\/ses-creative.com\/de\/produkt\/holzbausteine-zum-stapeln-dinos-eimer-50-teile\/#primaryimage"},"image":{"@id":"https:\/\/ses-creative.com\/de\/produkt\/holzbausteine-zum-stapeln-dinos-eimer-50-teile\/#primaryimage"},"thumbnailUrl":"https:\/\/ses-creative.com\/wp-content\/uploads\/2026\/01\/132041.jpg","datePublished":"2026-02-05T13:52:32+00:00","dateModified":"2026-02-06T09:51:31+00:00","breadcrumb":{"@id":"https:\/\/ses-creative.com\/de\/produkt\/holzbausteine-zum-stapeln-dinos-eimer-50-teile\/#breadcrumb"},"inLanguage":"de","potentialAction":[{"@type":"ReadAction","target":["https:\/\/ses-creative.com\/de\/produkt\/holzbausteine-zum-stapeln-dinos-eimer-50-teile\/"]}]},{"@type":"ImageObject","inLanguage":"de","@id":"https:\/\/ses-creative.com\/de\/produkt\/holzbausteine-zum-stapeln-dinos-eimer-50-teile\/#primaryimage","url":"https:\/\/ses-creative.com\/wp-content\/uploads\/2026\/01\/132041.jpg","contentUrl":"https:\/\/ses-creative.com\/wp-content\/uploads\/2026\/01\/132041.jpg","width":1000,"height":1000},{"@type":"BreadcrumbList","@id":"https:\/\/ses-creative.com\/de\/produkt\/holzbausteine-zum-stapeln-dinos-eimer-50-teile\/#breadcrumb","itemListElement":[{"@type":"ListItem","position":1,"name":"Shop","item":"https:\/\/ses-creative.com\/de\/shop\/"},{"@type":"ListItem","position":2,"name":"Baby &amp; Kleinkind","item":"https:\/\/ses-creative.com\/de\/product-categorie\/baby-kleinkind\/"},{"@type":"ListItem","position":3,"name":"Holzbausteine zum Stapeln Dinos &#8211; Eimer 50 Teile"}]},{"@type":"WebSite","@id":"https:\/\/ses-creative.com\/#website","url":"https:\/\/ses-creative.com\/","name":"SES Creative","description":"","publisher":{"@id":"https:\/\/ses-creative.com\/#organization"},"potentialAction":[{"@type":"SearchAction","target":{"@type":"EntryPoint","urlTemplate":"https:\/\/ses-creative.com\/?s={search_term_string}"},"query-input":{"@type":"PropertyValueSpecification","valueRequired":true,"valueName":"search_term_string"}}],"inLanguage":"de"},{"@type":"Organization","@id":"https:\/\/ses-creative.com\/#organization","name":"SES Creative","url":"https:\/\/ses-creative.com\/","logo":{"@type":"ImageObject","inLanguage":"de","@id":"https:\/\/ses-creative.com\/#\/schema\/logo\/image\/","url":"https:\/\/ses-creative.com\/wp-content\/uploads\/2025\/10\/ses-creative-logo.jpg","contentUrl":"https:\/\/ses-creative.com\/wp-content\/uploads\/2025\/10\/ses-creative-logo.jpg","width":2037,"height":2037,"caption":"SES Creative"},"image":{"@id":"https:\/\/ses-creative.com\/#\/schema\/logo\/image\/"}}]}},"_links":{"self":[{"href":"https:\/\/ses-creative.com\/de\/wp-json\/wp\/v2\/product\/114610","targetHints":{"allow":["GET"]}}],"collection":[{"href":"https:\/\/ses-creative.com\/de\/wp-json\/wp\/v2\/product"}],"about":[{"href":"https:\/\/ses-creative.com\/de\/wp-json\/wp\/v2\/types\/product"}],"replies":[{"embeddable":true,"href":"https:\/\/ses-creative.com\/de\/wp-json\/wp\/v2\/comments?post=114610"}],"wp:featuredmedia":[{"embeddable":true,"href":"https:\/\/ses-creative.com\/de\/wp-json\/wp\/v2\/media\/101048"}],"wp:attachment":[{"href":"https:\/\/ses-creative.com\/de\/wp-json\/wp\/v2\/media?parent=114610"}],"wp:term":[{"taxonomy":"product_brand","embeddable":true,"href":"https:\/\/ses-creative.com\/de\/wp-json\/wp\/v2\/product_brand?post=114610"},{"taxonomy":"product_cat","embeddable":true,"href":"https:\/\/ses-creative.com\/de\/wp-json\/wp\/v2\/product_cat?post=114610"},{"taxonomy":"product_tag","embeddable":true,"href":"https:\/\/ses-creative.com\/de\/wp-json\/wp\/v2\/product_tag?post=114610"}],"curies":[{"name":"wp","href":"https:\/\/api.w.org\/{rel}","templated":true}]}}