











{"id":114609,"date":"2026-02-05T13:52:32","date_gmt":"2026-02-05T13:52:32","guid":{"rendered":"https:\/\/ses-creative.com\/?post_type=product&#038;p=114609"},"modified":"2026-02-06T09:51:31","modified_gmt":"2026-02-06T09:51:31","slug":"nachziehtier-triceratops-2-in-1-aus-holz","status":"publish","type":"product","link":"https:\/\/ses-creative.com\/de\/produkt\/nachziehtier-triceratops-2-in-1-aus-holz\/","title":{"rendered":"Nachziehtier Triceratops 2 in 1 aus Holz"},"content":{"rendered":"<p>Begeben Sie sich auf ein Abenteuer mit dem 2-in-1-Holz-Triceratops!<br \/>\nBegeben Sie sich mit dem 2-in-1-Holz-Triceratops von SES Creative auf ein pr\u00e4historisches Abenteuer! Dieses robuste und farbenfrohe Ziehspielzeug wurde speziell f\u00fcr neugierige Kleinkinder ab 18 Monaten entwickelt. Verwenden Sie es als klassisches Ziehspielzeug mit der stabilen Schnur oder verwandeln Sie es dank des praktischen Griffs in ein Schiebespielzeug \u2013 ideal f\u00fcr kleine H\u00e4nde, die entdecken, sich bewegen und spielen wollen.<\/p>\n<p>Was dieses Set so toll macht<\/p>\n<p>2-in-1-Funktion: schieben oder ziehen<\/p>\n<p>F\u00f6rdert Motorik, Koordination und aktives Spielen<\/p>\n<p>Ergonomischer Griff f\u00fcr Kleinkinder<\/p>\n<p>Langlebiges, sicheres und kinderfreundliches Holz<\/p>\n<p>Perfekt f\u00fcr Kinder ab 18 Monaten<\/p>\n<p>Warum es perfekt f\u00fcr Sie ist<br \/>\nDer 2-in-1-Holz-Triceratops ist perfekt f\u00fcr Eltern, die nach vielseitigem und lehrreichem Spielzeug suchen. Ihr Kind bleibt in Bewegung, entwickelt wichtige motorische F\u00e4higkeiten und wird dazu angeregt, Geschichten und Abenteuer zu erfinden. Ob im Wohnzimmer oder drau\u00dfen im Garten \u2013 dieser Dino ist immer bereit f\u00fcr Action!<\/p>\n<p>Inhalt der Verpackung<\/p>\n<p>1 Triceratops aus Holz mit R\u00e4dern<\/p>\n<p>1 Zugschnur<\/p>\n<p>1 abnehmbarer Griff<\/p>\n<p>Warum SES Creative w\u00e4hlen?<br \/>\nSES Creative steht f\u00fcr sicheres, anregendes und nachhaltiges Spielzeug. Alle unsere Produkte werden in unserer eigenen Fabrik in den Niederlanden entworfen und hergestellt und erf\u00fcllen die strengsten europ\u00e4ischen Sicherheitsnormen. So k\u00f6nnen Sie sicher sein, dass Sie sich f\u00fcr Qualit\u00e4t entscheiden, von der Ihr Kind wirklich profitiert.<\/p>\n<p>Beginnen Sie noch heute mit rollendem Dino-Spa\u00df<br \/>\nLassen Sie Ihr Kleinkind mit dem 2-in-1-Holz-Triceratops von SES Creative auf Entdeckungsreise gehen. F\u00fcr fantasievolles und aktives Spielen \u2013 zu Hause, im Garten oder wo auch immer das Abenteuer Sie hinf\u00fchrt!<\/p>\n","protected":false},"excerpt":{"rendered":"<p>Begeben Sie sich auf ein Abenteuer mit dem 2-in-1-Holz-Triceratops! Begeben Sie sich mit dem 2-in-1-Holz-Triceratops von SES Creative auf ein pr\u00e4historisches Abenteuer! Dieses robuste und farbenfrohe Ziehspielzeug wurde speziell f\u00fcr neugierige Kleinkinder ab 18 Monaten entwickelt. Verwenden Sie es als klassisches Ziehspielzeug mit der stabilen Schnur oder verwandeln Sie es dank des praktischen Griffs in [&hellip;]<\/p>\n","protected":false},"featured_media":94340,"comment_status":"closed","ping_status":"closed","template":"","meta":{"_acf_changed":false},"product_brand":[],"product_cat":[116],"product_tag":[],"class_list":{"0":"post-114609","1":"product","2":"type-product","3":"status-publish","4":"has-post-thumbnail","6":"product_cat-baby-kleinkind","7":"pa_leeftijd-filter-0-2-jahre","8":"pa_meest-populair-bij-jungen-maedchen","10":"first","11":"instock","12":"shipping-taxable","13":"product-type-simple"},"acf":[],"yoast_head":"<!-- This site is optimized with the Yoast SEO plugin v27.2 - https:\/\/yoast.com\/product\/yoast-seo-wordpress\/ -->\n<title>Nachziehtier Triceratops 2 in 1 aus Holz - SES Creative<\/title>\n<meta name=\"robots\" content=\"index, follow, max-snippet:-1, max-image-preview:large, max-video-preview:-1\" \/>\n<link rel=\"canonical\" href=\"https:\/\/ses-creative.com\/de\/produkt\/nachziehtier-triceratops-2-in-1-aus-holz\/\" \/>\n<meta property=\"og:locale\" content=\"de_DE\" \/>\n<meta property=\"og:type\" content=\"article\" \/>\n<meta property=\"og:title\" content=\"Nachziehtier Triceratops 2 in 1 aus Holz - SES Creative\" \/>\n<meta property=\"og:description\" content=\"Begeben Sie sich auf ein Abenteuer mit dem 2-in-1-Holz-Triceratops! Begeben Sie sich mit dem 2-in-1-Holz-Triceratops von SES Creative auf ein pr\u00e4historisches Abenteuer! Dieses robuste und farbenfrohe Ziehspielzeug wurde speziell f\u00fcr neugierige Kleinkinder ab 18 Monaten entwickelt. Verwenden Sie es als klassisches Ziehspielzeug mit der stabilen Schnur oder verwandeln Sie es dank des praktischen Griffs in [&hellip;]\" \/>\n<meta property=\"og:url\" content=\"https:\/\/ses-creative.com\/de\/produkt\/nachziehtier-triceratops-2-in-1-aus-holz\/\" \/>\n<meta property=\"og:site_name\" content=\"SES Creative\" \/>\n<meta property=\"article:modified_time\" content=\"2026-02-06T09:51:31+00:00\" \/>\n<meta name=\"twitter:card\" content=\"summary_large_image\" \/>\n<meta name=\"twitter:label1\" content=\"Gesch\u00e4tzte Lesezeit\" \/>\n\t<meta name=\"twitter:data1\" content=\"1\u00a0Minute\" \/>\n<script type=\"application\/ld+json\" class=\"yoast-schema-graph\">{\"@context\":\"https:\/\/schema.org\",\"@graph\":[{\"@type\":\"WebPage\",\"@id\":\"https:\/\/ses-creative.com\/de\/produkt\/nachziehtier-triceratops-2-in-1-aus-holz\/\",\"url\":\"https:\/\/ses-creative.com\/de\/produkt\/nachziehtier-triceratops-2-in-1-aus-holz\/\",\"name\":\"Nachziehtier Triceratops 2 in 1 aus Holz - SES Creative\",\"isPartOf\":{\"@id\":\"https:\/\/ses-creative.com\/#website\"},\"primaryImageOfPage\":{\"@id\":\"https:\/\/ses-creative.com\/de\/produkt\/nachziehtier-triceratops-2-in-1-aus-holz\/#primaryimage\"},\"image\":{\"@id\":\"https:\/\/ses-creative.com\/de\/produkt\/nachziehtier-triceratops-2-in-1-aus-holz\/#primaryimage\"},\"thumbnailUrl\":\"https:\/\/ses-creative.com\/wp-content\/uploads\/2026\/01\/132031.jpg\",\"datePublished\":\"2026-02-05T13:52:32+00:00\",\"dateModified\":\"2026-02-06T09:51:31+00:00\",\"breadcrumb\":{\"@id\":\"https:\/\/ses-creative.com\/de\/produkt\/nachziehtier-triceratops-2-in-1-aus-holz\/#breadcrumb\"},\"inLanguage\":\"de\",\"potentialAction\":[{\"@type\":\"ReadAction\",\"target\":[\"https:\/\/ses-creative.com\/de\/produkt\/nachziehtier-triceratops-2-in-1-aus-holz\/\"]}]},{\"@type\":\"ImageObject\",\"inLanguage\":\"de\",\"@id\":\"https:\/\/ses-creative.com\/de\/produkt\/nachziehtier-triceratops-2-in-1-aus-holz\/#primaryimage\",\"url\":\"https:\/\/ses-creative.com\/wp-content\/uploads\/2026\/01\/132031.jpg\",\"contentUrl\":\"https:\/\/ses-creative.com\/wp-content\/uploads\/2026\/01\/132031.jpg\",\"width\":1000,\"height\":1000},{\"@type\":\"BreadcrumbList\",\"@id\":\"https:\/\/ses-creative.com\/de\/produkt\/nachziehtier-triceratops-2-in-1-aus-holz\/#breadcrumb\",\"itemListElement\":[{\"@type\":\"ListItem\",\"position\":1,\"name\":\"Shop\",\"item\":\"https:\/\/ses-creative.com\/de\/shop\/\"},{\"@type\":\"ListItem\",\"position\":2,\"name\":\"Baby &amp; Kleinkind\",\"item\":\"https:\/\/ses-creative.com\/de\/product-categorie\/baby-kleinkind\/\"},{\"@type\":\"ListItem\",\"position\":3,\"name\":\"Nachziehtier Triceratops 2 in 1 aus Holz\"}]},{\"@type\":\"WebSite\",\"@id\":\"https:\/\/ses-creative.com\/#website\",\"url\":\"https:\/\/ses-creative.com\/\",\"name\":\"SES Creative\",\"description\":\"\",\"publisher\":{\"@id\":\"https:\/\/ses-creative.com\/#organization\"},\"potentialAction\":[{\"@type\":\"SearchAction\",\"target\":{\"@type\":\"EntryPoint\",\"urlTemplate\":\"https:\/\/ses-creative.com\/?s={search_term_string}\"},\"query-input\":{\"@type\":\"PropertyValueSpecification\",\"valueRequired\":true,\"valueName\":\"search_term_string\"}}],\"inLanguage\":\"de\"},{\"@type\":\"Organization\",\"@id\":\"https:\/\/ses-creative.com\/#organization\",\"name\":\"SES Creative\",\"url\":\"https:\/\/ses-creative.com\/\",\"logo\":{\"@type\":\"ImageObject\",\"inLanguage\":\"de\",\"@id\":\"https:\/\/ses-creative.com\/#\/schema\/logo\/image\/\",\"url\":\"https:\/\/ses-creative.com\/wp-content\/uploads\/2025\/10\/ses-creative-logo.jpg\",\"contentUrl\":\"https:\/\/ses-creative.com\/wp-content\/uploads\/2025\/10\/ses-creative-logo.jpg\",\"width\":2037,\"height\":2037,\"caption\":\"SES Creative\"},\"image\":{\"@id\":\"https:\/\/ses-creative.com\/#\/schema\/logo\/image\/\"}}]}<\/script>\n<!-- \/ Yoast SEO plugin. -->","yoast_head_json":{"title":"Nachziehtier Triceratops 2 in 1 aus Holz - SES Creative","robots":{"index":"index","follow":"follow","max-snippet":"max-snippet:-1","max-image-preview":"max-image-preview:large","max-video-preview":"max-video-preview:-1"},"canonical":"https:\/\/ses-creative.com\/de\/produkt\/nachziehtier-triceratops-2-in-1-aus-holz\/","og_locale":"de_DE","og_type":"article","og_title":"Nachziehtier Triceratops 2 in 1 aus Holz - SES Creative","og_description":"Begeben Sie sich auf ein Abenteuer mit dem 2-in-1-Holz-Triceratops! Begeben Sie sich mit dem 2-in-1-Holz-Triceratops von SES Creative auf ein pr\u00e4historisches Abenteuer! Dieses robuste und farbenfrohe Ziehspielzeug wurde speziell f\u00fcr neugierige Kleinkinder ab 18 Monaten entwickelt. Verwenden Sie es als klassisches Ziehspielzeug mit der stabilen Schnur oder verwandeln Sie es dank des praktischen Griffs in [&hellip;]","og_url":"https:\/\/ses-creative.com\/de\/produkt\/nachziehtier-triceratops-2-in-1-aus-holz\/","og_site_name":"SES Creative","article_modified_time":"2026-02-06T09:51:31+00:00","twitter_card":"summary_large_image","twitter_misc":{"Gesch\u00e4tzte Lesezeit":"1\u00a0Minute"},"schema":{"@context":"https:\/\/schema.org","@graph":[{"@type":"WebPage","@id":"https:\/\/ses-creative.com\/de\/produkt\/nachziehtier-triceratops-2-in-1-aus-holz\/","url":"https:\/\/ses-creative.com\/de\/produkt\/nachziehtier-triceratops-2-in-1-aus-holz\/","name":"Nachziehtier Triceratops 2 in 1 aus Holz - SES Creative","isPartOf":{"@id":"https:\/\/ses-creative.com\/#website"},"primaryImageOfPage":{"@id":"https:\/\/ses-creative.com\/de\/produkt\/nachziehtier-triceratops-2-in-1-aus-holz\/#primaryimage"},"image":{"@id":"https:\/\/ses-creative.com\/de\/produkt\/nachziehtier-triceratops-2-in-1-aus-holz\/#primaryimage"},"thumbnailUrl":"https:\/\/ses-creative.com\/wp-content\/uploads\/2026\/01\/132031.jpg","datePublished":"2026-02-05T13:52:32+00:00","dateModified":"2026-02-06T09:51:31+00:00","breadcrumb":{"@id":"https:\/\/ses-creative.com\/de\/produkt\/nachziehtier-triceratops-2-in-1-aus-holz\/#breadcrumb"},"inLanguage":"de","potentialAction":[{"@type":"ReadAction","target":["https:\/\/ses-creative.com\/de\/produkt\/nachziehtier-triceratops-2-in-1-aus-holz\/"]}]},{"@type":"ImageObject","inLanguage":"de","@id":"https:\/\/ses-creative.com\/de\/produkt\/nachziehtier-triceratops-2-in-1-aus-holz\/#primaryimage","url":"https:\/\/ses-creative.com\/wp-content\/uploads\/2026\/01\/132031.jpg","contentUrl":"https:\/\/ses-creative.com\/wp-content\/uploads\/2026\/01\/132031.jpg","width":1000,"height":1000},{"@type":"BreadcrumbList","@id":"https:\/\/ses-creative.com\/de\/produkt\/nachziehtier-triceratops-2-in-1-aus-holz\/#breadcrumb","itemListElement":[{"@type":"ListItem","position":1,"name":"Shop","item":"https:\/\/ses-creative.com\/de\/shop\/"},{"@type":"ListItem","position":2,"name":"Baby &amp; Kleinkind","item":"https:\/\/ses-creative.com\/de\/product-categorie\/baby-kleinkind\/"},{"@type":"ListItem","position":3,"name":"Nachziehtier Triceratops 2 in 1 aus Holz"}]},{"@type":"WebSite","@id":"https:\/\/ses-creative.com\/#website","url":"https:\/\/ses-creative.com\/","name":"SES Creative","description":"","publisher":{"@id":"https:\/\/ses-creative.com\/#organization"},"potentialAction":[{"@type":"SearchAction","target":{"@type":"EntryPoint","urlTemplate":"https:\/\/ses-creative.com\/?s={search_term_string}"},"query-input":{"@type":"PropertyValueSpecification","valueRequired":true,"valueName":"search_term_string"}}],"inLanguage":"de"},{"@type":"Organization","@id":"https:\/\/ses-creative.com\/#organization","name":"SES Creative","url":"https:\/\/ses-creative.com\/","logo":{"@type":"ImageObject","inLanguage":"de","@id":"https:\/\/ses-creative.com\/#\/schema\/logo\/image\/","url":"https:\/\/ses-creative.com\/wp-content\/uploads\/2025\/10\/ses-creative-logo.jpg","contentUrl":"https:\/\/ses-creative.com\/wp-content\/uploads\/2025\/10\/ses-creative-logo.jpg","width":2037,"height":2037,"caption":"SES Creative"},"image":{"@id":"https:\/\/ses-creative.com\/#\/schema\/logo\/image\/"}}]}},"_links":{"self":[{"href":"https:\/\/ses-creative.com\/de\/wp-json\/wp\/v2\/product\/114609","targetHints":{"allow":["GET"]}}],"collection":[{"href":"https:\/\/ses-creative.com\/de\/wp-json\/wp\/v2\/product"}],"about":[{"href":"https:\/\/ses-creative.com\/de\/wp-json\/wp\/v2\/types\/product"}],"replies":[{"embeddable":true,"href":"https:\/\/ses-creative.com\/de\/wp-json\/wp\/v2\/comments?post=114609"}],"wp:featuredmedia":[{"embeddable":true,"href":"https:\/\/ses-creative.com\/de\/wp-json\/wp\/v2\/media\/94340"}],"wp:attachment":[{"href":"https:\/\/ses-creative.com\/de\/wp-json\/wp\/v2\/media?parent=114609"}],"wp:term":[{"taxonomy":"product_brand","embeddable":true,"href":"https:\/\/ses-creative.com\/de\/wp-json\/wp\/v2\/product_brand?post=114609"},{"taxonomy":"product_cat","embeddable":true,"href":"https:\/\/ses-creative.com\/de\/wp-json\/wp\/v2\/product_cat?post=114609"},{"taxonomy":"product_tag","embeddable":true,"href":"https:\/\/ses-creative.com\/de\/wp-json\/wp\/v2\/product_tag?post=114609"}],"curies":[{"name":"wp","href":"https:\/\/api.w.org\/{rel}","templated":true}]}}