











{"id":114608,"date":"2026-02-05T13:52:32","date_gmt":"2026-02-05T13:52:32","guid":{"rendered":"https:\/\/ses-creative.com\/?post_type=product&#038;p=114608"},"modified":"2026-02-06T09:51:31","modified_gmt":"2026-02-06T09:51:31","slug":"stapelwuerfel-mit-dino-figuren","status":"publish","type":"product","link":"https:\/\/ses-creative.com\/de\/produkt\/stapelwuerfel-mit-dino-figuren\/","title":{"rendered":"Stapelw\u00fcrfel mit Dino-Figuren"},"content":{"rendered":"<p>Stapeln und spielen mit den Dino-Stapelbl\u00f6cken!<br \/>\nBauen, entdecken und lernen \u2013 mit diesen Dino-Stapelbl\u00f6cken von SES Creative kann Ihr Kind alles M\u00f6gliche machen. Das Set enth\u00e4lt bunte Bl\u00f6cke in verschiedenen Gr\u00f6\u00dfen und coole Dino-Figuren zum Spielen. Jede Seite der Bl\u00f6cke zeigt etwas Neues: Zahlen, Farben und fr\u00f6hliche Dino-Bilder. Ideal, um auf spielerische Weise die Motorik und die Lernf\u00e4higkeit zu f\u00f6rdern!<br \/>\nWas dieses Set so toll macht<br \/>\n&#8211;    Jede Seite der Bl\u00f6cke hat ein anderes Thema<br \/>\n&#8211;    Enth\u00e4lt 4 coole Dino-Figuren zum Spielen<br \/>\n&#8211;    F\u00f6rdert die Motorik und die kognitive Entwicklung<br \/>\n&#8211;    Langlebiges, leichtes und sicheres Material<br \/>\n&#8211;    Perfekt f\u00fcr Kinder ab 10 Monaten<br \/>\nWarum das perfekt f\u00fcr Sie ist<br \/>\nDiese Bausteine sind perfekt f\u00fcr Eltern, die Spielzeug suchen, das nicht nur Spa\u00df macht, sondern auch lehrreich ist. Ihr Kind entwickelt wichtige F\u00e4higkeiten durch Bauen, Stapeln und Entdecken. Die Kombination aus lehrreichen Aufdrucken und verspielten Dinosauriern sorgt f\u00fcr endlose Abwechslung und Spielspa\u00df.<br \/>\nInhalt der Verpackung<br \/>\n&#8211;    7 offene Stapelbl\u00f6cke in aufsteigender Gr\u00f6\u00dfe<br \/>\n&#8211;    4 Dino-Figuren<br \/>\nWarum SES Creative w\u00e4hlen?<br \/>\nBei SES Creative steht Sicherheit an erster Stelle. Deshalb werden alle unsere Produkte in unserer eigenen Fabrik in den Niederlanden nach den strengsten europ\u00e4ischen Sicherheitsstandards entwickelt und getestet. Unsere Spielzeuge sorgen nicht nur f\u00fcr Spa\u00df, sondern f\u00f6rdern auch die Kreativit\u00e4t, Entwicklung und das Selbstbewusstsein jedes Kindes.<br \/>\nBeginnen Sie noch heute mit dem Stapeln und Spielen<br \/>\nEntdecken Sie den Spa\u00df am Bauen, Lernen und Spielen mit den Dino-Stapelbl\u00f6cken von SES Creative. Perfekt f\u00fcr neugierige Entdecker ab 10 Monaten!<\/p>\n","protected":false},"excerpt":{"rendered":"<p>Stapeln und spielen mit den Dino-Stapelbl\u00f6cken! Bauen, entdecken und lernen \u2013 mit diesen Dino-Stapelbl\u00f6cken von SES Creative kann Ihr Kind alles M\u00f6gliche machen. Das Set enth\u00e4lt bunte Bl\u00f6cke in verschiedenen Gr\u00f6\u00dfen und coole Dino-Figuren zum Spielen. Jede Seite der Bl\u00f6cke zeigt etwas Neues: Zahlen, Farben und fr\u00f6hliche Dino-Bilder. Ideal, um auf spielerische Weise die Motorik [&hellip;]<\/p>\n","protected":false},"featured_media":101028,"comment_status":"closed","ping_status":"closed","template":"","meta":{"_acf_changed":false},"product_brand":[],"product_cat":[116],"product_tag":[],"class_list":{"0":"post-114608","1":"product","2":"type-product","3":"status-publish","4":"has-post-thumbnail","6":"product_cat-baby-kleinkind","7":"pa_leeftijd-filter-0-2-jahre","8":"pa_meest-populair-bij-jungen-maedchen","10":"first","11":"instock","12":"shipping-taxable","13":"product-type-simple"},"acf":[],"yoast_head":"<!-- This site is optimized with the Yoast SEO plugin v27.2 - https:\/\/yoast.com\/product\/yoast-seo-wordpress\/ -->\n<title>Stapelw\u00fcrfel mit Dino-Figuren - SES Creative<\/title>\n<meta name=\"robots\" content=\"index, follow, max-snippet:-1, max-image-preview:large, max-video-preview:-1\" \/>\n<link rel=\"canonical\" href=\"https:\/\/ses-creative.com\/de\/produkt\/stapelwuerfel-mit-dino-figuren\/\" \/>\n<meta property=\"og:locale\" content=\"de_DE\" \/>\n<meta property=\"og:type\" content=\"article\" \/>\n<meta property=\"og:title\" content=\"Stapelw\u00fcrfel mit Dino-Figuren - SES Creative\" \/>\n<meta property=\"og:description\" content=\"Stapeln und spielen mit den Dino-Stapelbl\u00f6cken! Bauen, entdecken und lernen \u2013 mit diesen Dino-Stapelbl\u00f6cken von SES Creative kann Ihr Kind alles M\u00f6gliche machen. Das Set enth\u00e4lt bunte Bl\u00f6cke in verschiedenen Gr\u00f6\u00dfen und coole Dino-Figuren zum Spielen. Jede Seite der Bl\u00f6cke zeigt etwas Neues: Zahlen, Farben und fr\u00f6hliche Dino-Bilder. Ideal, um auf spielerische Weise die Motorik [&hellip;]\" \/>\n<meta property=\"og:url\" content=\"https:\/\/ses-creative.com\/de\/produkt\/stapelwuerfel-mit-dino-figuren\/\" \/>\n<meta property=\"og:site_name\" content=\"SES Creative\" \/>\n<meta property=\"article:modified_time\" content=\"2026-02-06T09:51:31+00:00\" \/>\n<meta name=\"twitter:card\" content=\"summary_large_image\" \/>\n<meta name=\"twitter:label1\" content=\"Gesch\u00e4tzte Lesezeit\" \/>\n\t<meta name=\"twitter:data1\" content=\"1\u00a0Minute\" \/>\n<script type=\"application\/ld+json\" class=\"yoast-schema-graph\">{\"@context\":\"https:\/\/schema.org\",\"@graph\":[{\"@type\":\"WebPage\",\"@id\":\"https:\/\/ses-creative.com\/de\/produkt\/stapelwuerfel-mit-dino-figuren\/\",\"url\":\"https:\/\/ses-creative.com\/de\/produkt\/stapelwuerfel-mit-dino-figuren\/\",\"name\":\"Stapelw\u00fcrfel mit Dino-Figuren - SES Creative\",\"isPartOf\":{\"@id\":\"https:\/\/ses-creative.com\/#website\"},\"primaryImageOfPage\":{\"@id\":\"https:\/\/ses-creative.com\/de\/produkt\/stapelwuerfel-mit-dino-figuren\/#primaryimage\"},\"image\":{\"@id\":\"https:\/\/ses-creative.com\/de\/produkt\/stapelwuerfel-mit-dino-figuren\/#primaryimage\"},\"thumbnailUrl\":\"https:\/\/ses-creative.com\/wp-content\/uploads\/2026\/01\/132021.jpg\",\"datePublished\":\"2026-02-05T13:52:32+00:00\",\"dateModified\":\"2026-02-06T09:51:31+00:00\",\"breadcrumb\":{\"@id\":\"https:\/\/ses-creative.com\/de\/produkt\/stapelwuerfel-mit-dino-figuren\/#breadcrumb\"},\"inLanguage\":\"de\",\"potentialAction\":[{\"@type\":\"ReadAction\",\"target\":[\"https:\/\/ses-creative.com\/de\/produkt\/stapelwuerfel-mit-dino-figuren\/\"]}]},{\"@type\":\"ImageObject\",\"inLanguage\":\"de\",\"@id\":\"https:\/\/ses-creative.com\/de\/produkt\/stapelwuerfel-mit-dino-figuren\/#primaryimage\",\"url\":\"https:\/\/ses-creative.com\/wp-content\/uploads\/2026\/01\/132021.jpg\",\"contentUrl\":\"https:\/\/ses-creative.com\/wp-content\/uploads\/2026\/01\/132021.jpg\",\"width\":1000,\"height\":1000},{\"@type\":\"BreadcrumbList\",\"@id\":\"https:\/\/ses-creative.com\/de\/produkt\/stapelwuerfel-mit-dino-figuren\/#breadcrumb\",\"itemListElement\":[{\"@type\":\"ListItem\",\"position\":1,\"name\":\"Shop\",\"item\":\"https:\/\/ses-creative.com\/de\/shop\/\"},{\"@type\":\"ListItem\",\"position\":2,\"name\":\"Baby &amp; Kleinkind\",\"item\":\"https:\/\/ses-creative.com\/de\/product-categorie\/baby-kleinkind\/\"},{\"@type\":\"ListItem\",\"position\":3,\"name\":\"Stapelw\u00fcrfel mit Dino-Figuren\"}]},{\"@type\":\"WebSite\",\"@id\":\"https:\/\/ses-creative.com\/#website\",\"url\":\"https:\/\/ses-creative.com\/\",\"name\":\"SES Creative\",\"description\":\"\",\"publisher\":{\"@id\":\"https:\/\/ses-creative.com\/#organization\"},\"potentialAction\":[{\"@type\":\"SearchAction\",\"target\":{\"@type\":\"EntryPoint\",\"urlTemplate\":\"https:\/\/ses-creative.com\/?s={search_term_string}\"},\"query-input\":{\"@type\":\"PropertyValueSpecification\",\"valueRequired\":true,\"valueName\":\"search_term_string\"}}],\"inLanguage\":\"de\"},{\"@type\":\"Organization\",\"@id\":\"https:\/\/ses-creative.com\/#organization\",\"name\":\"SES Creative\",\"url\":\"https:\/\/ses-creative.com\/\",\"logo\":{\"@type\":\"ImageObject\",\"inLanguage\":\"de\",\"@id\":\"https:\/\/ses-creative.com\/#\/schema\/logo\/image\/\",\"url\":\"https:\/\/ses-creative.com\/wp-content\/uploads\/2025\/10\/ses-creative-logo.jpg\",\"contentUrl\":\"https:\/\/ses-creative.com\/wp-content\/uploads\/2025\/10\/ses-creative-logo.jpg\",\"width\":2037,\"height\":2037,\"caption\":\"SES Creative\"},\"image\":{\"@id\":\"https:\/\/ses-creative.com\/#\/schema\/logo\/image\/\"}}]}<\/script>\n<!-- \/ Yoast SEO plugin. -->","yoast_head_json":{"title":"Stapelw\u00fcrfel mit Dino-Figuren - SES Creative","robots":{"index":"index","follow":"follow","max-snippet":"max-snippet:-1","max-image-preview":"max-image-preview:large","max-video-preview":"max-video-preview:-1"},"canonical":"https:\/\/ses-creative.com\/de\/produkt\/stapelwuerfel-mit-dino-figuren\/","og_locale":"de_DE","og_type":"article","og_title":"Stapelw\u00fcrfel mit Dino-Figuren - SES Creative","og_description":"Stapeln und spielen mit den Dino-Stapelbl\u00f6cken! Bauen, entdecken und lernen \u2013 mit diesen Dino-Stapelbl\u00f6cken von SES Creative kann Ihr Kind alles M\u00f6gliche machen. Das Set enth\u00e4lt bunte Bl\u00f6cke in verschiedenen Gr\u00f6\u00dfen und coole Dino-Figuren zum Spielen. Jede Seite der Bl\u00f6cke zeigt etwas Neues: Zahlen, Farben und fr\u00f6hliche Dino-Bilder. Ideal, um auf spielerische Weise die Motorik [&hellip;]","og_url":"https:\/\/ses-creative.com\/de\/produkt\/stapelwuerfel-mit-dino-figuren\/","og_site_name":"SES Creative","article_modified_time":"2026-02-06T09:51:31+00:00","twitter_card":"summary_large_image","twitter_misc":{"Gesch\u00e4tzte Lesezeit":"1\u00a0Minute"},"schema":{"@context":"https:\/\/schema.org","@graph":[{"@type":"WebPage","@id":"https:\/\/ses-creative.com\/de\/produkt\/stapelwuerfel-mit-dino-figuren\/","url":"https:\/\/ses-creative.com\/de\/produkt\/stapelwuerfel-mit-dino-figuren\/","name":"Stapelw\u00fcrfel mit Dino-Figuren - SES Creative","isPartOf":{"@id":"https:\/\/ses-creative.com\/#website"},"primaryImageOfPage":{"@id":"https:\/\/ses-creative.com\/de\/produkt\/stapelwuerfel-mit-dino-figuren\/#primaryimage"},"image":{"@id":"https:\/\/ses-creative.com\/de\/produkt\/stapelwuerfel-mit-dino-figuren\/#primaryimage"},"thumbnailUrl":"https:\/\/ses-creative.com\/wp-content\/uploads\/2026\/01\/132021.jpg","datePublished":"2026-02-05T13:52:32+00:00","dateModified":"2026-02-06T09:51:31+00:00","breadcrumb":{"@id":"https:\/\/ses-creative.com\/de\/produkt\/stapelwuerfel-mit-dino-figuren\/#breadcrumb"},"inLanguage":"de","potentialAction":[{"@type":"ReadAction","target":["https:\/\/ses-creative.com\/de\/produkt\/stapelwuerfel-mit-dino-figuren\/"]}]},{"@type":"ImageObject","inLanguage":"de","@id":"https:\/\/ses-creative.com\/de\/produkt\/stapelwuerfel-mit-dino-figuren\/#primaryimage","url":"https:\/\/ses-creative.com\/wp-content\/uploads\/2026\/01\/132021.jpg","contentUrl":"https:\/\/ses-creative.com\/wp-content\/uploads\/2026\/01\/132021.jpg","width":1000,"height":1000},{"@type":"BreadcrumbList","@id":"https:\/\/ses-creative.com\/de\/produkt\/stapelwuerfel-mit-dino-figuren\/#breadcrumb","itemListElement":[{"@type":"ListItem","position":1,"name":"Shop","item":"https:\/\/ses-creative.com\/de\/shop\/"},{"@type":"ListItem","position":2,"name":"Baby &amp; Kleinkind","item":"https:\/\/ses-creative.com\/de\/product-categorie\/baby-kleinkind\/"},{"@type":"ListItem","position":3,"name":"Stapelw\u00fcrfel mit Dino-Figuren"}]},{"@type":"WebSite","@id":"https:\/\/ses-creative.com\/#website","url":"https:\/\/ses-creative.com\/","name":"SES Creative","description":"","publisher":{"@id":"https:\/\/ses-creative.com\/#organization"},"potentialAction":[{"@type":"SearchAction","target":{"@type":"EntryPoint","urlTemplate":"https:\/\/ses-creative.com\/?s={search_term_string}"},"query-input":{"@type":"PropertyValueSpecification","valueRequired":true,"valueName":"search_term_string"}}],"inLanguage":"de"},{"@type":"Organization","@id":"https:\/\/ses-creative.com\/#organization","name":"SES Creative","url":"https:\/\/ses-creative.com\/","logo":{"@type":"ImageObject","inLanguage":"de","@id":"https:\/\/ses-creative.com\/#\/schema\/logo\/image\/","url":"https:\/\/ses-creative.com\/wp-content\/uploads\/2025\/10\/ses-creative-logo.jpg","contentUrl":"https:\/\/ses-creative.com\/wp-content\/uploads\/2025\/10\/ses-creative-logo.jpg","width":2037,"height":2037,"caption":"SES Creative"},"image":{"@id":"https:\/\/ses-creative.com\/#\/schema\/logo\/image\/"}}]}},"_links":{"self":[{"href":"https:\/\/ses-creative.com\/de\/wp-json\/wp\/v2\/product\/114608","targetHints":{"allow":["GET"]}}],"collection":[{"href":"https:\/\/ses-creative.com\/de\/wp-json\/wp\/v2\/product"}],"about":[{"href":"https:\/\/ses-creative.com\/de\/wp-json\/wp\/v2\/types\/product"}],"replies":[{"embeddable":true,"href":"https:\/\/ses-creative.com\/de\/wp-json\/wp\/v2\/comments?post=114608"}],"wp:featuredmedia":[{"embeddable":true,"href":"https:\/\/ses-creative.com\/de\/wp-json\/wp\/v2\/media\/101028"}],"wp:attachment":[{"href":"https:\/\/ses-creative.com\/de\/wp-json\/wp\/v2\/media?parent=114608"}],"wp:term":[{"taxonomy":"product_brand","embeddable":true,"href":"https:\/\/ses-creative.com\/de\/wp-json\/wp\/v2\/product_brand?post=114608"},{"taxonomy":"product_cat","embeddable":true,"href":"https:\/\/ses-creative.com\/de\/wp-json\/wp\/v2\/product_cat?post=114608"},{"taxonomy":"product_tag","embeddable":true,"href":"https:\/\/ses-creative.com\/de\/wp-json\/wp\/v2\/product_tag?post=114608"}],"curies":[{"name":"wp","href":"https:\/\/api.w.org\/{rel}","templated":true}]}}