











{"id":114603,"date":"2026-02-05T13:52:31","date_gmt":"2026-02-05T13:52:31","guid":{"rendered":"https:\/\/ses-creative.com\/?post_type=product&#038;p=114603"},"modified":"2026-02-06T09:51:31","modified_gmt":"2026-02-06T09:51:31","slug":"sleepy-schaf-glow-in-the-dark-kuscheltier-fuer-die-nacht","status":"publish","type":"product","link":"https:\/\/ses-creative.com\/de\/produkt\/sleepy-schaf-glow-in-the-dark-kuscheltier-fuer-die-nacht\/","title":{"rendered":"Sleepy Schaf &#8211; Glow in the Dark Kuscheltier f\u00fcr die Nacht"},"content":{"rendered":"<p>Das Sleepy Schaf von SES Creative Tiny Talents ist ein besonders liebevolles Kuscheltier, das Babys ab der Geburt beim Einschlafen begleitet. Tags\u00fcber ist es Spielkamerad, nachts wird es zum ruhigen Schlafbegleiter. Das Set besteht aus einem weichen Schaf-Kuscheltier mit geschlossenen Augen und einem Schlafsack mit Leuchteffekten. Bei Dunkelheit beginnen Mond, Sterne und Augen sanft zu leuchten, was dem Kind Sicherheit gibt und die Angst vor der Dunkelheit nimmt. Durch das gemeinsame Zubettgehen entsteht ein beruhigendes Einschlafritual, das die emotionale Bindung st\u00e4rkt. Die verwendeten Materialien sind besonders weich, babyfreundlich und entsprechen den europ\u00e4ischen Sicherheitsnormen. Das Schaf l\u00e4dt zum Kuscheln, Greifen und Spielen ein \u2013 ein wunderbares Geschenk f\u00fcr Neugeborene, das zugleich die Schlafenszeit angenehmer gestaltet. Made in Holland, steht dieses Kuscheltier f\u00fcr Qualit\u00e4t, Geborgenheit und Gebrauchsfreude ab dem ersten Lebenstag. Es hilft Babys, sich an Schlafenszeiten zu gew\u00f6hnen, gibt Orientierung und schafft ein Gef\u00fchl von Sicherheit. Durch die besondere Gestaltung ist es nicht nur funktional, sondern auch emotional wertvoll \u2013 ein Begleiter f\u00fcr die ersten Jahre.<\/p>\n","protected":false},"excerpt":{"rendered":"<p>Das Sleepy Schaf von SES Creative Tiny Talents ist ein besonders liebevolles Kuscheltier, das Babys ab der Geburt beim Einschlafen begleitet. Tags\u00fcber ist es Spielkamerad, nachts wird es zum ruhigen Schlafbegleiter. Das Set besteht aus einem weichen Schaf-Kuscheltier mit geschlossenen Augen und einem Schlafsack mit Leuchteffekten. Bei Dunkelheit beginnen Mond, Sterne und Augen sanft zu [&hellip;]<\/p>\n","protected":false},"featured_media":94220,"comment_status":"closed","ping_status":"closed","template":"","meta":{"_acf_changed":false},"product_brand":[],"product_cat":[116],"product_tag":[],"class_list":{"0":"post-114603","1":"product","2":"type-product","3":"status-publish","4":"has-post-thumbnail","6":"product_cat-baby-kleinkind","7":"pa_leeftijd-filter-0-2-jahre","8":"pa_meest-populair-bij-jungen-maedchen","10":"first","11":"instock","12":"shipping-taxable","13":"product-type-simple"},"acf":[],"yoast_head":"<!-- This site is optimized with the Yoast SEO plugin v27.2 - https:\/\/yoast.com\/product\/yoast-seo-wordpress\/ -->\n<title>Sleepy Schaf - Glow in the Dark Kuscheltier f\u00fcr die Nacht - SES Creative<\/title>\n<meta name=\"robots\" content=\"index, follow, max-snippet:-1, max-image-preview:large, max-video-preview:-1\" \/>\n<link rel=\"canonical\" href=\"https:\/\/ses-creative.com\/de\/produkt\/sleepy-schaf-glow-in-the-dark-kuscheltier-fuer-die-nacht\/\" \/>\n<meta property=\"og:locale\" content=\"de_DE\" \/>\n<meta property=\"og:type\" content=\"article\" \/>\n<meta property=\"og:title\" content=\"Sleepy Schaf - Glow in the Dark Kuscheltier f\u00fcr die Nacht - SES Creative\" \/>\n<meta property=\"og:description\" content=\"Das Sleepy Schaf von SES Creative Tiny Talents ist ein besonders liebevolles Kuscheltier, das Babys ab der Geburt beim Einschlafen begleitet. Tags\u00fcber ist es Spielkamerad, nachts wird es zum ruhigen Schlafbegleiter. Das Set besteht aus einem weichen Schaf-Kuscheltier mit geschlossenen Augen und einem Schlafsack mit Leuchteffekten. Bei Dunkelheit beginnen Mond, Sterne und Augen sanft zu [&hellip;]\" \/>\n<meta property=\"og:url\" content=\"https:\/\/ses-creative.com\/de\/produkt\/sleepy-schaf-glow-in-the-dark-kuscheltier-fuer-die-nacht\/\" \/>\n<meta property=\"og:site_name\" content=\"SES Creative\" \/>\n<meta property=\"article:modified_time\" content=\"2026-02-06T09:51:31+00:00\" \/>\n<meta name=\"twitter:card\" content=\"summary_large_image\" \/>\n<meta name=\"twitter:label1\" content=\"Gesch\u00e4tzte Lesezeit\" \/>\n\t<meta name=\"twitter:data1\" content=\"1\u00a0Minute\" \/>\n<script type=\"application\/ld+json\" class=\"yoast-schema-graph\">{\"@context\":\"https:\/\/schema.org\",\"@graph\":[{\"@type\":\"WebPage\",\"@id\":\"https:\/\/ses-creative.com\/de\/produkt\/sleepy-schaf-glow-in-the-dark-kuscheltier-fuer-die-nacht\/\",\"url\":\"https:\/\/ses-creative.com\/de\/produkt\/sleepy-schaf-glow-in-the-dark-kuscheltier-fuer-die-nacht\/\",\"name\":\"Sleepy Schaf - Glow in the Dark Kuscheltier f\u00fcr die Nacht - SES Creative\",\"isPartOf\":{\"@id\":\"https:\/\/ses-creative.com\/#website\"},\"primaryImageOfPage\":{\"@id\":\"https:\/\/ses-creative.com\/de\/produkt\/sleepy-schaf-glow-in-the-dark-kuscheltier-fuer-die-nacht\/#primaryimage\"},\"image\":{\"@id\":\"https:\/\/ses-creative.com\/de\/produkt\/sleepy-schaf-glow-in-the-dark-kuscheltier-fuer-die-nacht\/#primaryimage\"},\"thumbnailUrl\":\"https:\/\/ses-creative.com\/wp-content\/uploads\/2026\/01\/131551.jpg\",\"datePublished\":\"2026-02-05T13:52:31+00:00\",\"dateModified\":\"2026-02-06T09:51:31+00:00\",\"breadcrumb\":{\"@id\":\"https:\/\/ses-creative.com\/de\/produkt\/sleepy-schaf-glow-in-the-dark-kuscheltier-fuer-die-nacht\/#breadcrumb\"},\"inLanguage\":\"de\",\"potentialAction\":[{\"@type\":\"ReadAction\",\"target\":[\"https:\/\/ses-creative.com\/de\/produkt\/sleepy-schaf-glow-in-the-dark-kuscheltier-fuer-die-nacht\/\"]}]},{\"@type\":\"ImageObject\",\"inLanguage\":\"de\",\"@id\":\"https:\/\/ses-creative.com\/de\/produkt\/sleepy-schaf-glow-in-the-dark-kuscheltier-fuer-die-nacht\/#primaryimage\",\"url\":\"https:\/\/ses-creative.com\/wp-content\/uploads\/2026\/01\/131551.jpg\",\"contentUrl\":\"https:\/\/ses-creative.com\/wp-content\/uploads\/2026\/01\/131551.jpg\",\"width\":1000,\"height\":1000},{\"@type\":\"BreadcrumbList\",\"@id\":\"https:\/\/ses-creative.com\/de\/produkt\/sleepy-schaf-glow-in-the-dark-kuscheltier-fuer-die-nacht\/#breadcrumb\",\"itemListElement\":[{\"@type\":\"ListItem\",\"position\":1,\"name\":\"Shop\",\"item\":\"https:\/\/ses-creative.com\/de\/shop\/\"},{\"@type\":\"ListItem\",\"position\":2,\"name\":\"Baby &amp; Kleinkind\",\"item\":\"https:\/\/ses-creative.com\/de\/product-categorie\/baby-kleinkind\/\"},{\"@type\":\"ListItem\",\"position\":3,\"name\":\"Sleepy Schaf &#8211; Glow in the Dark Kuscheltier f\u00fcr die Nacht\"}]},{\"@type\":\"WebSite\",\"@id\":\"https:\/\/ses-creative.com\/#website\",\"url\":\"https:\/\/ses-creative.com\/\",\"name\":\"SES Creative\",\"description\":\"\",\"publisher\":{\"@id\":\"https:\/\/ses-creative.com\/#organization\"},\"potentialAction\":[{\"@type\":\"SearchAction\",\"target\":{\"@type\":\"EntryPoint\",\"urlTemplate\":\"https:\/\/ses-creative.com\/?s={search_term_string}\"},\"query-input\":{\"@type\":\"PropertyValueSpecification\",\"valueRequired\":true,\"valueName\":\"search_term_string\"}}],\"inLanguage\":\"de\"},{\"@type\":\"Organization\",\"@id\":\"https:\/\/ses-creative.com\/#organization\",\"name\":\"SES Creative\",\"url\":\"https:\/\/ses-creative.com\/\",\"logo\":{\"@type\":\"ImageObject\",\"inLanguage\":\"de\",\"@id\":\"https:\/\/ses-creative.com\/#\/schema\/logo\/image\/\",\"url\":\"https:\/\/ses-creative.com\/wp-content\/uploads\/2025\/10\/ses-creative-logo.jpg\",\"contentUrl\":\"https:\/\/ses-creative.com\/wp-content\/uploads\/2025\/10\/ses-creative-logo.jpg\",\"width\":2037,\"height\":2037,\"caption\":\"SES Creative\"},\"image\":{\"@id\":\"https:\/\/ses-creative.com\/#\/schema\/logo\/image\/\"}}]}<\/script>\n<!-- \/ Yoast SEO plugin. -->","yoast_head_json":{"title":"Sleepy Schaf - Glow in the Dark Kuscheltier f\u00fcr die Nacht - SES Creative","robots":{"index":"index","follow":"follow","max-snippet":"max-snippet:-1","max-image-preview":"max-image-preview:large","max-video-preview":"max-video-preview:-1"},"canonical":"https:\/\/ses-creative.com\/de\/produkt\/sleepy-schaf-glow-in-the-dark-kuscheltier-fuer-die-nacht\/","og_locale":"de_DE","og_type":"article","og_title":"Sleepy Schaf - Glow in the Dark Kuscheltier f\u00fcr die Nacht - SES Creative","og_description":"Das Sleepy Schaf von SES Creative Tiny Talents ist ein besonders liebevolles Kuscheltier, das Babys ab der Geburt beim Einschlafen begleitet. Tags\u00fcber ist es Spielkamerad, nachts wird es zum ruhigen Schlafbegleiter. Das Set besteht aus einem weichen Schaf-Kuscheltier mit geschlossenen Augen und einem Schlafsack mit Leuchteffekten. Bei Dunkelheit beginnen Mond, Sterne und Augen sanft zu [&hellip;]","og_url":"https:\/\/ses-creative.com\/de\/produkt\/sleepy-schaf-glow-in-the-dark-kuscheltier-fuer-die-nacht\/","og_site_name":"SES Creative","article_modified_time":"2026-02-06T09:51:31+00:00","twitter_card":"summary_large_image","twitter_misc":{"Gesch\u00e4tzte Lesezeit":"1\u00a0Minute"},"schema":{"@context":"https:\/\/schema.org","@graph":[{"@type":"WebPage","@id":"https:\/\/ses-creative.com\/de\/produkt\/sleepy-schaf-glow-in-the-dark-kuscheltier-fuer-die-nacht\/","url":"https:\/\/ses-creative.com\/de\/produkt\/sleepy-schaf-glow-in-the-dark-kuscheltier-fuer-die-nacht\/","name":"Sleepy Schaf - Glow in the Dark Kuscheltier f\u00fcr die Nacht - SES Creative","isPartOf":{"@id":"https:\/\/ses-creative.com\/#website"},"primaryImageOfPage":{"@id":"https:\/\/ses-creative.com\/de\/produkt\/sleepy-schaf-glow-in-the-dark-kuscheltier-fuer-die-nacht\/#primaryimage"},"image":{"@id":"https:\/\/ses-creative.com\/de\/produkt\/sleepy-schaf-glow-in-the-dark-kuscheltier-fuer-die-nacht\/#primaryimage"},"thumbnailUrl":"https:\/\/ses-creative.com\/wp-content\/uploads\/2026\/01\/131551.jpg","datePublished":"2026-02-05T13:52:31+00:00","dateModified":"2026-02-06T09:51:31+00:00","breadcrumb":{"@id":"https:\/\/ses-creative.com\/de\/produkt\/sleepy-schaf-glow-in-the-dark-kuscheltier-fuer-die-nacht\/#breadcrumb"},"inLanguage":"de","potentialAction":[{"@type":"ReadAction","target":["https:\/\/ses-creative.com\/de\/produkt\/sleepy-schaf-glow-in-the-dark-kuscheltier-fuer-die-nacht\/"]}]},{"@type":"ImageObject","inLanguage":"de","@id":"https:\/\/ses-creative.com\/de\/produkt\/sleepy-schaf-glow-in-the-dark-kuscheltier-fuer-die-nacht\/#primaryimage","url":"https:\/\/ses-creative.com\/wp-content\/uploads\/2026\/01\/131551.jpg","contentUrl":"https:\/\/ses-creative.com\/wp-content\/uploads\/2026\/01\/131551.jpg","width":1000,"height":1000},{"@type":"BreadcrumbList","@id":"https:\/\/ses-creative.com\/de\/produkt\/sleepy-schaf-glow-in-the-dark-kuscheltier-fuer-die-nacht\/#breadcrumb","itemListElement":[{"@type":"ListItem","position":1,"name":"Shop","item":"https:\/\/ses-creative.com\/de\/shop\/"},{"@type":"ListItem","position":2,"name":"Baby &amp; Kleinkind","item":"https:\/\/ses-creative.com\/de\/product-categorie\/baby-kleinkind\/"},{"@type":"ListItem","position":3,"name":"Sleepy Schaf &#8211; Glow in the Dark Kuscheltier f\u00fcr die Nacht"}]},{"@type":"WebSite","@id":"https:\/\/ses-creative.com\/#website","url":"https:\/\/ses-creative.com\/","name":"SES Creative","description":"","publisher":{"@id":"https:\/\/ses-creative.com\/#organization"},"potentialAction":[{"@type":"SearchAction","target":{"@type":"EntryPoint","urlTemplate":"https:\/\/ses-creative.com\/?s={search_term_string}"},"query-input":{"@type":"PropertyValueSpecification","valueRequired":true,"valueName":"search_term_string"}}],"inLanguage":"de"},{"@type":"Organization","@id":"https:\/\/ses-creative.com\/#organization","name":"SES Creative","url":"https:\/\/ses-creative.com\/","logo":{"@type":"ImageObject","inLanguage":"de","@id":"https:\/\/ses-creative.com\/#\/schema\/logo\/image\/","url":"https:\/\/ses-creative.com\/wp-content\/uploads\/2025\/10\/ses-creative-logo.jpg","contentUrl":"https:\/\/ses-creative.com\/wp-content\/uploads\/2025\/10\/ses-creative-logo.jpg","width":2037,"height":2037,"caption":"SES Creative"},"image":{"@id":"https:\/\/ses-creative.com\/#\/schema\/logo\/image\/"}}]}},"_links":{"self":[{"href":"https:\/\/ses-creative.com\/de\/wp-json\/wp\/v2\/product\/114603","targetHints":{"allow":["GET"]}}],"collection":[{"href":"https:\/\/ses-creative.com\/de\/wp-json\/wp\/v2\/product"}],"about":[{"href":"https:\/\/ses-creative.com\/de\/wp-json\/wp\/v2\/types\/product"}],"replies":[{"embeddable":true,"href":"https:\/\/ses-creative.com\/de\/wp-json\/wp\/v2\/comments?post=114603"}],"wp:featuredmedia":[{"embeddable":true,"href":"https:\/\/ses-creative.com\/de\/wp-json\/wp\/v2\/media\/94220"}],"wp:attachment":[{"href":"https:\/\/ses-creative.com\/de\/wp-json\/wp\/v2\/media?parent=114603"}],"wp:term":[{"taxonomy":"product_brand","embeddable":true,"href":"https:\/\/ses-creative.com\/de\/wp-json\/wp\/v2\/product_brand?post=114603"},{"taxonomy":"product_cat","embeddable":true,"href":"https:\/\/ses-creative.com\/de\/wp-json\/wp\/v2\/product_cat?post=114603"},{"taxonomy":"product_tag","embeddable":true,"href":"https:\/\/ses-creative.com\/de\/wp-json\/wp\/v2\/product_tag?post=114603"}],"curies":[{"name":"wp","href":"https:\/\/api.w.org\/{rel}","templated":true}]}}