











{"id":114601,"date":"2026-02-05T13:52:31","date_gmt":"2026-02-05T13:52:31","guid":{"rendered":"https:\/\/ses-creative.com\/?post_type=product&#038;p=114601"},"modified":"2026-02-06T09:51:31","modified_gmt":"2026-02-06T09:51:31","slug":"filz-strassenkurs-20-teile","status":"publish","type":"product","link":"https:\/\/ses-creative.com\/de\/produkt\/filz-strassenkurs-20-teile\/","title":{"rendered":"Filz-Stra\u00dfenkurs 20 Teile"},"content":{"rendered":"<p>Entwerfen Sie endlose Abenteuer mit dem Filz-Stra\u00dfenkurs \u2013 20-teiliges Set<br \/>\nMit diesen Filzstra\u00dfenst\u00fccken k\u00f6nnen Sie endlos variieren und Ihre eigene Strecke erstellen. Die einfachen puzzleartigen Verbindungen erm\u00f6glichen es kleinen H\u00e4nden, die Rennstrecke schnell und sicher zusammenzubauen. Das Set enth\u00e4lt gerade Teile, Kurven und Kreuzungen aus dickem, strapazierf\u00e4higem Filz und kann in Kombination mit allen kleinen Spielzeugautos bekannter Marken verwendet werden. Dar\u00fcber hinaus kann das Set mit zus\u00e4tzlichen 20-teiligen oder 40-teiligen Sets erweitert werden, wodurch noch l\u00e4ngere Strecken m\u00f6glich sind!<br \/>\nWas dieses Set so toll macht<br \/>\n&#8211;    Enth\u00e4lt gerade Teile, Kurven und Kreuzungen f\u00fcr vielseitige Strecken.<br \/>\n&#8211;    Einfach zu verbindende Puzzleteile aus strapazierf\u00e4higem, dickem Filzmaterial.<br \/>\n&#8211;    Kompatibel mit kleinen Spielzeugautos beliebter Marken f\u00fcr zus\u00e4tzlichen Spielspa\u00df.<br \/>\n&#8211;    F\u00f6rdert die Probleml\u00f6sungsf\u00e4higkeit und verbessert die Feinmotorik<br \/>\n&#8211;    Das offene Spielset f\u00f6rdert Kreativit\u00e4t und interaktives Spielen<br \/>\nPerfekt f\u00fcr Kinder, die gerne bauen und spielen!<br \/>\nDieses kreative Spielset f\u00fcr Kinder ab 24 Monaten eignet sich perfekt zum Bauen individueller Stra\u00dfennetze, die endlos neu zusammengestellt werden k\u00f6nnen. Beobachten Sie, wie Ihr Kind spannende Kreuzungen baut, scharfe Kurven navigiert und seine eigenen belebten Stra\u00dfen erschafft. Perfekt zum alleinigen Spielen oder zum gemeinsamen Spielen mit Freunden. Dar\u00fcber hinaus kann das Set mit zus\u00e4tzlichen 20- oder 40-teiligen Sets erweitert werden, sodass l\u00e4ngere und komplexere Strecken m\u00f6glich sind, wenn die Entw\u00fcrfe Ihres Kindes wachsen.<br \/>\nInhalt des Sets<br \/>\n&#8211;    4 gerade Filzstra\u00dfen<br \/>\n&#8211;    4 Filzwege Kreuzung<br \/>\n&#8211;    4 Filzstra\u00dfen Rechtskurve<br \/>\n&#8211;    8 Filzstra\u00dfen mit Linkskurve<br \/>\nWarum SES Creative w\u00e4hlen?<br \/>\nBei SES Creative legen wir gro\u00dfen Wert auf Sicherheit. Deshalb werden die Produkte in unserem Werk in den Niederlanden nach den strengsten europ\u00e4ischen Sicherheitsnormen hergestellt und getestet. Spielzeug von SES Creative sorgt f\u00fcr Spa\u00df und soll Kindern ein Gef\u00fchl der Stolz auf ihre Arbeit vermitteln, was ihre Kreativit\u00e4t und Entwicklung f\u00f6rdert.<\/p>\n","protected":false},"excerpt":{"rendered":"<p>Entwerfen Sie endlose Abenteuer mit dem Filz-Stra\u00dfenkurs \u2013 20-teiliges Set Mit diesen Filzstra\u00dfenst\u00fccken k\u00f6nnen Sie endlos variieren und Ihre eigene Strecke erstellen. Die einfachen puzzleartigen Verbindungen erm\u00f6glichen es kleinen H\u00e4nden, die Rennstrecke schnell und sicher zusammenzubauen. Das Set enth\u00e4lt gerade Teile, Kurven und Kreuzungen aus dickem, strapazierf\u00e4higem Filz und kann in Kombination mit allen kleinen [&hellip;]<\/p>\n","protected":false},"featured_media":100948,"comment_status":"closed","ping_status":"closed","template":"","meta":{"_acf_changed":false},"product_brand":[],"product_cat":[116],"product_tag":[],"class_list":{"0":"post-114601","1":"product","2":"type-product","3":"status-publish","4":"has-post-thumbnail","6":"product_cat-baby-kleinkind","7":"pa_leeftijd-filter-0-2-jahre","8":"pa_meest-populair-bij-jungen-maedchen","10":"first","11":"instock","12":"shipping-taxable","13":"product-type-simple"},"acf":[],"yoast_head":"<!-- This site is optimized with the Yoast SEO plugin v27.2 - https:\/\/yoast.com\/product\/yoast-seo-wordpress\/ -->\n<title>Filz-Stra\u00dfenkurs 20 Teile - SES Creative<\/title>\n<meta name=\"robots\" content=\"index, follow, max-snippet:-1, max-image-preview:large, max-video-preview:-1\" \/>\n<link rel=\"canonical\" href=\"https:\/\/ses-creative.com\/de\/produkt\/filz-strassenkurs-20-teile\/\" \/>\n<meta property=\"og:locale\" content=\"de_DE\" \/>\n<meta property=\"og:type\" content=\"article\" \/>\n<meta property=\"og:title\" content=\"Filz-Stra\u00dfenkurs 20 Teile - SES Creative\" \/>\n<meta property=\"og:description\" content=\"Entwerfen Sie endlose Abenteuer mit dem Filz-Stra\u00dfenkurs \u2013 20-teiliges Set Mit diesen Filzstra\u00dfenst\u00fccken k\u00f6nnen Sie endlos variieren und Ihre eigene Strecke erstellen. Die einfachen puzzleartigen Verbindungen erm\u00f6glichen es kleinen H\u00e4nden, die Rennstrecke schnell und sicher zusammenzubauen. Das Set enth\u00e4lt gerade Teile, Kurven und Kreuzungen aus dickem, strapazierf\u00e4higem Filz und kann in Kombination mit allen kleinen [&hellip;]\" \/>\n<meta property=\"og:url\" content=\"https:\/\/ses-creative.com\/de\/produkt\/filz-strassenkurs-20-teile\/\" \/>\n<meta property=\"og:site_name\" content=\"SES Creative\" \/>\n<meta property=\"article:modified_time\" content=\"2026-02-06T09:51:31+00:00\" \/>\n<meta name=\"twitter:card\" content=\"summary_large_image\" \/>\n<meta name=\"twitter:label1\" content=\"Gesch\u00e4tzte Lesezeit\" \/>\n\t<meta name=\"twitter:data1\" content=\"2\u00a0Minuten\" \/>\n<script type=\"application\/ld+json\" class=\"yoast-schema-graph\">{\"@context\":\"https:\/\/schema.org\",\"@graph\":[{\"@type\":\"WebPage\",\"@id\":\"https:\/\/ses-creative.com\/de\/produkt\/filz-strassenkurs-20-teile\/\",\"url\":\"https:\/\/ses-creative.com\/de\/produkt\/filz-strassenkurs-20-teile\/\",\"name\":\"Filz-Stra\u00dfenkurs 20 Teile - SES Creative\",\"isPartOf\":{\"@id\":\"https:\/\/ses-creative.com\/#website\"},\"primaryImageOfPage\":{\"@id\":\"https:\/\/ses-creative.com\/de\/produkt\/filz-strassenkurs-20-teile\/#primaryimage\"},\"image\":{\"@id\":\"https:\/\/ses-creative.com\/de\/produkt\/filz-strassenkurs-20-teile\/#primaryimage\"},\"thumbnailUrl\":\"https:\/\/ses-creative.com\/wp-content\/uploads\/2026\/01\/131511.jpg\",\"datePublished\":\"2026-02-05T13:52:31+00:00\",\"dateModified\":\"2026-02-06T09:51:31+00:00\",\"breadcrumb\":{\"@id\":\"https:\/\/ses-creative.com\/de\/produkt\/filz-strassenkurs-20-teile\/#breadcrumb\"},\"inLanguage\":\"de\",\"potentialAction\":[{\"@type\":\"ReadAction\",\"target\":[\"https:\/\/ses-creative.com\/de\/produkt\/filz-strassenkurs-20-teile\/\"]}]},{\"@type\":\"ImageObject\",\"inLanguage\":\"de\",\"@id\":\"https:\/\/ses-creative.com\/de\/produkt\/filz-strassenkurs-20-teile\/#primaryimage\",\"url\":\"https:\/\/ses-creative.com\/wp-content\/uploads\/2026\/01\/131511.jpg\",\"contentUrl\":\"https:\/\/ses-creative.com\/wp-content\/uploads\/2026\/01\/131511.jpg\",\"width\":1000,\"height\":1000},{\"@type\":\"BreadcrumbList\",\"@id\":\"https:\/\/ses-creative.com\/de\/produkt\/filz-strassenkurs-20-teile\/#breadcrumb\",\"itemListElement\":[{\"@type\":\"ListItem\",\"position\":1,\"name\":\"Shop\",\"item\":\"https:\/\/ses-creative.com\/de\/shop\/\"},{\"@type\":\"ListItem\",\"position\":2,\"name\":\"Baby &amp; Kleinkind\",\"item\":\"https:\/\/ses-creative.com\/de\/product-categorie\/baby-kleinkind\/\"},{\"@type\":\"ListItem\",\"position\":3,\"name\":\"Filz-Stra\u00dfenkurs 20 Teile\"}]},{\"@type\":\"WebSite\",\"@id\":\"https:\/\/ses-creative.com\/#website\",\"url\":\"https:\/\/ses-creative.com\/\",\"name\":\"SES Creative\",\"description\":\"\",\"publisher\":{\"@id\":\"https:\/\/ses-creative.com\/#organization\"},\"potentialAction\":[{\"@type\":\"SearchAction\",\"target\":{\"@type\":\"EntryPoint\",\"urlTemplate\":\"https:\/\/ses-creative.com\/?s={search_term_string}\"},\"query-input\":{\"@type\":\"PropertyValueSpecification\",\"valueRequired\":true,\"valueName\":\"search_term_string\"}}],\"inLanguage\":\"de\"},{\"@type\":\"Organization\",\"@id\":\"https:\/\/ses-creative.com\/#organization\",\"name\":\"SES Creative\",\"url\":\"https:\/\/ses-creative.com\/\",\"logo\":{\"@type\":\"ImageObject\",\"inLanguage\":\"de\",\"@id\":\"https:\/\/ses-creative.com\/#\/schema\/logo\/image\/\",\"url\":\"https:\/\/ses-creative.com\/wp-content\/uploads\/2025\/10\/ses-creative-logo.jpg\",\"contentUrl\":\"https:\/\/ses-creative.com\/wp-content\/uploads\/2025\/10\/ses-creative-logo.jpg\",\"width\":2037,\"height\":2037,\"caption\":\"SES Creative\"},\"image\":{\"@id\":\"https:\/\/ses-creative.com\/#\/schema\/logo\/image\/\"}}]}<\/script>\n<!-- \/ Yoast SEO plugin. -->","yoast_head_json":{"title":"Filz-Stra\u00dfenkurs 20 Teile - SES Creative","robots":{"index":"index","follow":"follow","max-snippet":"max-snippet:-1","max-image-preview":"max-image-preview:large","max-video-preview":"max-video-preview:-1"},"canonical":"https:\/\/ses-creative.com\/de\/produkt\/filz-strassenkurs-20-teile\/","og_locale":"de_DE","og_type":"article","og_title":"Filz-Stra\u00dfenkurs 20 Teile - SES Creative","og_description":"Entwerfen Sie endlose Abenteuer mit dem Filz-Stra\u00dfenkurs \u2013 20-teiliges Set Mit diesen Filzstra\u00dfenst\u00fccken k\u00f6nnen Sie endlos variieren und Ihre eigene Strecke erstellen. Die einfachen puzzleartigen Verbindungen erm\u00f6glichen es kleinen H\u00e4nden, die Rennstrecke schnell und sicher zusammenzubauen. Das Set enth\u00e4lt gerade Teile, Kurven und Kreuzungen aus dickem, strapazierf\u00e4higem Filz und kann in Kombination mit allen kleinen [&hellip;]","og_url":"https:\/\/ses-creative.com\/de\/produkt\/filz-strassenkurs-20-teile\/","og_site_name":"SES Creative","article_modified_time":"2026-02-06T09:51:31+00:00","twitter_card":"summary_large_image","twitter_misc":{"Gesch\u00e4tzte Lesezeit":"2\u00a0Minuten"},"schema":{"@context":"https:\/\/schema.org","@graph":[{"@type":"WebPage","@id":"https:\/\/ses-creative.com\/de\/produkt\/filz-strassenkurs-20-teile\/","url":"https:\/\/ses-creative.com\/de\/produkt\/filz-strassenkurs-20-teile\/","name":"Filz-Stra\u00dfenkurs 20 Teile - SES Creative","isPartOf":{"@id":"https:\/\/ses-creative.com\/#website"},"primaryImageOfPage":{"@id":"https:\/\/ses-creative.com\/de\/produkt\/filz-strassenkurs-20-teile\/#primaryimage"},"image":{"@id":"https:\/\/ses-creative.com\/de\/produkt\/filz-strassenkurs-20-teile\/#primaryimage"},"thumbnailUrl":"https:\/\/ses-creative.com\/wp-content\/uploads\/2026\/01\/131511.jpg","datePublished":"2026-02-05T13:52:31+00:00","dateModified":"2026-02-06T09:51:31+00:00","breadcrumb":{"@id":"https:\/\/ses-creative.com\/de\/produkt\/filz-strassenkurs-20-teile\/#breadcrumb"},"inLanguage":"de","potentialAction":[{"@type":"ReadAction","target":["https:\/\/ses-creative.com\/de\/produkt\/filz-strassenkurs-20-teile\/"]}]},{"@type":"ImageObject","inLanguage":"de","@id":"https:\/\/ses-creative.com\/de\/produkt\/filz-strassenkurs-20-teile\/#primaryimage","url":"https:\/\/ses-creative.com\/wp-content\/uploads\/2026\/01\/131511.jpg","contentUrl":"https:\/\/ses-creative.com\/wp-content\/uploads\/2026\/01\/131511.jpg","width":1000,"height":1000},{"@type":"BreadcrumbList","@id":"https:\/\/ses-creative.com\/de\/produkt\/filz-strassenkurs-20-teile\/#breadcrumb","itemListElement":[{"@type":"ListItem","position":1,"name":"Shop","item":"https:\/\/ses-creative.com\/de\/shop\/"},{"@type":"ListItem","position":2,"name":"Baby &amp; Kleinkind","item":"https:\/\/ses-creative.com\/de\/product-categorie\/baby-kleinkind\/"},{"@type":"ListItem","position":3,"name":"Filz-Stra\u00dfenkurs 20 Teile"}]},{"@type":"WebSite","@id":"https:\/\/ses-creative.com\/#website","url":"https:\/\/ses-creative.com\/","name":"SES Creative","description":"","publisher":{"@id":"https:\/\/ses-creative.com\/#organization"},"potentialAction":[{"@type":"SearchAction","target":{"@type":"EntryPoint","urlTemplate":"https:\/\/ses-creative.com\/?s={search_term_string}"},"query-input":{"@type":"PropertyValueSpecification","valueRequired":true,"valueName":"search_term_string"}}],"inLanguage":"de"},{"@type":"Organization","@id":"https:\/\/ses-creative.com\/#organization","name":"SES Creative","url":"https:\/\/ses-creative.com\/","logo":{"@type":"ImageObject","inLanguage":"de","@id":"https:\/\/ses-creative.com\/#\/schema\/logo\/image\/","url":"https:\/\/ses-creative.com\/wp-content\/uploads\/2025\/10\/ses-creative-logo.jpg","contentUrl":"https:\/\/ses-creative.com\/wp-content\/uploads\/2025\/10\/ses-creative-logo.jpg","width":2037,"height":2037,"caption":"SES Creative"},"image":{"@id":"https:\/\/ses-creative.com\/#\/schema\/logo\/image\/"}}]}},"_links":{"self":[{"href":"https:\/\/ses-creative.com\/de\/wp-json\/wp\/v2\/product\/114601","targetHints":{"allow":["GET"]}}],"collection":[{"href":"https:\/\/ses-creative.com\/de\/wp-json\/wp\/v2\/product"}],"about":[{"href":"https:\/\/ses-creative.com\/de\/wp-json\/wp\/v2\/types\/product"}],"replies":[{"embeddable":true,"href":"https:\/\/ses-creative.com\/de\/wp-json\/wp\/v2\/comments?post=114601"}],"wp:featuredmedia":[{"embeddable":true,"href":"https:\/\/ses-creative.com\/de\/wp-json\/wp\/v2\/media\/100948"}],"wp:attachment":[{"href":"https:\/\/ses-creative.com\/de\/wp-json\/wp\/v2\/media?parent=114601"}],"wp:term":[{"taxonomy":"product_brand","embeddable":true,"href":"https:\/\/ses-creative.com\/de\/wp-json\/wp\/v2\/product_brand?post=114601"},{"taxonomy":"product_cat","embeddable":true,"href":"https:\/\/ses-creative.com\/de\/wp-json\/wp\/v2\/product_cat?post=114601"},{"taxonomy":"product_tag","embeddable":true,"href":"https:\/\/ses-creative.com\/de\/wp-json\/wp\/v2\/product_tag?post=114601"}],"curies":[{"name":"wp","href":"https:\/\/api.w.org\/{rel}","templated":true}]}}