











{"id":114600,"date":"2026-02-05T13:52:31","date_gmt":"2026-02-05T13:52:31","guid":{"rendered":"https:\/\/ses-creative.com\/?post_type=product&#038;p=114600"},"modified":"2026-02-06T09:51:30","modified_gmt":"2026-02-06T09:51:30","slug":"klopfbank-guckguck-aus-holz","status":"publish","type":"product","link":"https:\/\/ses-creative.com\/de\/produkt\/klopfbank-guckguck-aus-holz\/","title":{"rendered":"Klopfbank-Guckguck aus Holz"},"content":{"rendered":"<p>Lassen Sie Ihr Kind endlos mit dem Holzhammerbank Kuckuck spielen!<br \/>\nMit dieser h\u00f6lzernen Peekaboo-Hammerbank ist Spa\u00df garantiert. Wenn Sie mit dem Holzhammer auf eines der Enden schlagen, springt die andere Seite hoch und ein Tier erscheint. Dieser Aktion-Reaktion- und \u00dcberraschungseffekt regt die Neugier und Motorik Ihres Kindes an. Perfekt f\u00fcr Kinder, die gerne entdecken und spielen!<br \/>\nWas dieses Set so toll macht<br \/>\n&#8211;    Geeignet f\u00fcr Kinder ab 12 Monaten<br \/>\n&#8211;    Ausgestattet mit einer Wipphammerbank, die einen lustigen und \u00fcberraschenden Pop-up-Effekt erzeugt.<br \/>\n&#8211;    Hergestellt aus robustem und sicherem FSC-Holz<br \/>\n&#8211;    F\u00f6rdert die Neugier, die motorischen F\u00e4higkeiten und das Lernen durch Aktion und Reaktion.<br \/>\n&#8211;    Perfekt f\u00fcr Kinder, die interaktives und spannendes Spielen lieben!<br \/>\nWarum dieses Produkt perfekt f\u00fcr Sie ist<br \/>\nMit der Holzhammerbank Kiekeboe kann Ihr Kind stundenlang interaktiv spielen. Dieses Lernspielzeug wurde f\u00fcr neugierige K\u00f6pfe und aktive H\u00e4nde entwickelt. Es verbindet Spa\u00df, Lernen und die Entwicklung motorischer F\u00e4higkeiten in einer spannenden Aktivit\u00e4t. Die glatten Holzoberfl\u00e4chen und lebendigen Farben erh\u00f6hen die Attraktivit\u00e4t und sorgen gleichzeitig f\u00fcr Sicherheit und Spa\u00df f\u00fcr Ihr Kind. Das \u00dcberraschungselement sorgt f\u00fcr zus\u00e4tzliche Spannung, sodass jeder Schlag zu einem Moment der Entdeckung wird.<br \/>\nInhalt des Sets<br \/>\n&#8211;    Holz-Peekaboo-Hammerbank<br \/>\n&#8211;    Holzhammer<br \/>\nWarum SES Creative w\u00e4hlen?<br \/>\nBei SES Creative legen wir gro\u00dfen Wert auf Sicherheit. Deshalb werden die Produkte in der Fabrik in den Niederlanden nach den strengsten europ\u00e4ischen Sicherheitsstandards hergestellt und getestet. Spielzeug von SES Creative sorgt f\u00fcr Spa\u00df und soll Kindern erm\u00f6glichen, stolz auf ihre Arbeit zu sein, was ihre Kreativit\u00e4t und Entwicklung f\u00f6rdert.<br \/>\nLassen Sie sich von der Holz-Hammerbank Kiekeboe \u00fcberraschen!<\/p>\n","protected":false},"excerpt":{"rendered":"<p>Lassen Sie Ihr Kind endlos mit dem Holzhammerbank Kuckuck spielen! Mit dieser h\u00f6lzernen Peekaboo-Hammerbank ist Spa\u00df garantiert. Wenn Sie mit dem Holzhammer auf eines der Enden schlagen, springt die andere Seite hoch und ein Tier erscheint. Dieser Aktion-Reaktion- und \u00dcberraschungseffekt regt die Neugier und Motorik Ihres Kindes an. Perfekt f\u00fcr Kinder, die gerne entdecken und [&hellip;]<\/p>\n","protected":false},"featured_media":100928,"comment_status":"closed","ping_status":"closed","template":"","meta":{"_acf_changed":false},"product_brand":[],"product_cat":[116],"product_tag":[],"class_list":{"0":"post-114600","1":"product","2":"type-product","3":"status-publish","4":"has-post-thumbnail","6":"product_cat-baby-kleinkind","7":"pa_leeftijd-filter-0-2-jahre","8":"pa_meest-populair-bij-jungen-maedchen","10":"first","11":"instock","12":"shipping-taxable","13":"product-type-simple"},"acf":[],"yoast_head":"<!-- This site is optimized with the Yoast SEO plugin v27.2 - https:\/\/yoast.com\/product\/yoast-seo-wordpress\/ -->\n<title>Klopfbank-Guckguck aus Holz - SES Creative<\/title>\n<meta name=\"robots\" content=\"index, follow, max-snippet:-1, max-image-preview:large, max-video-preview:-1\" \/>\n<link rel=\"canonical\" href=\"https:\/\/ses-creative.com\/de\/produkt\/klopfbank-guckguck-aus-holz\/\" \/>\n<meta property=\"og:locale\" content=\"de_DE\" \/>\n<meta property=\"og:type\" content=\"article\" \/>\n<meta property=\"og:title\" content=\"Klopfbank-Guckguck aus Holz - SES Creative\" \/>\n<meta property=\"og:description\" content=\"Lassen Sie Ihr Kind endlos mit dem Holzhammerbank Kuckuck spielen! Mit dieser h\u00f6lzernen Peekaboo-Hammerbank ist Spa\u00df garantiert. Wenn Sie mit dem Holzhammer auf eines der Enden schlagen, springt die andere Seite hoch und ein Tier erscheint. Dieser Aktion-Reaktion- und \u00dcberraschungseffekt regt die Neugier und Motorik Ihres Kindes an. Perfekt f\u00fcr Kinder, die gerne entdecken und [&hellip;]\" \/>\n<meta property=\"og:url\" content=\"https:\/\/ses-creative.com\/de\/produkt\/klopfbank-guckguck-aus-holz\/\" \/>\n<meta property=\"og:site_name\" content=\"SES Creative\" \/>\n<meta property=\"article:modified_time\" content=\"2026-02-06T09:51:30+00:00\" \/>\n<meta name=\"twitter:card\" content=\"summary_large_image\" \/>\n<meta name=\"twitter:label1\" content=\"Gesch\u00e4tzte Lesezeit\" \/>\n\t<meta name=\"twitter:data1\" content=\"1\u00a0Minute\" \/>\n<script type=\"application\/ld+json\" class=\"yoast-schema-graph\">{\"@context\":\"https:\/\/schema.org\",\"@graph\":[{\"@type\":\"WebPage\",\"@id\":\"https:\/\/ses-creative.com\/de\/produkt\/klopfbank-guckguck-aus-holz\/\",\"url\":\"https:\/\/ses-creative.com\/de\/produkt\/klopfbank-guckguck-aus-holz\/\",\"name\":\"Klopfbank-Guckguck aus Holz - SES Creative\",\"isPartOf\":{\"@id\":\"https:\/\/ses-creative.com\/#website\"},\"primaryImageOfPage\":{\"@id\":\"https:\/\/ses-creative.com\/de\/produkt\/klopfbank-guckguck-aus-holz\/#primaryimage\"},\"image\":{\"@id\":\"https:\/\/ses-creative.com\/de\/produkt\/klopfbank-guckguck-aus-holz\/#primaryimage\"},\"thumbnailUrl\":\"https:\/\/ses-creative.com\/wp-content\/uploads\/2026\/01\/131451.jpg\",\"datePublished\":\"2026-02-05T13:52:31+00:00\",\"dateModified\":\"2026-02-06T09:51:30+00:00\",\"breadcrumb\":{\"@id\":\"https:\/\/ses-creative.com\/de\/produkt\/klopfbank-guckguck-aus-holz\/#breadcrumb\"},\"inLanguage\":\"de\",\"potentialAction\":[{\"@type\":\"ReadAction\",\"target\":[\"https:\/\/ses-creative.com\/de\/produkt\/klopfbank-guckguck-aus-holz\/\"]}]},{\"@type\":\"ImageObject\",\"inLanguage\":\"de\",\"@id\":\"https:\/\/ses-creative.com\/de\/produkt\/klopfbank-guckguck-aus-holz\/#primaryimage\",\"url\":\"https:\/\/ses-creative.com\/wp-content\/uploads\/2026\/01\/131451.jpg\",\"contentUrl\":\"https:\/\/ses-creative.com\/wp-content\/uploads\/2026\/01\/131451.jpg\",\"width\":1000,\"height\":1000},{\"@type\":\"BreadcrumbList\",\"@id\":\"https:\/\/ses-creative.com\/de\/produkt\/klopfbank-guckguck-aus-holz\/#breadcrumb\",\"itemListElement\":[{\"@type\":\"ListItem\",\"position\":1,\"name\":\"Shop\",\"item\":\"https:\/\/ses-creative.com\/de\/shop\/\"},{\"@type\":\"ListItem\",\"position\":2,\"name\":\"Baby &amp; Kleinkind\",\"item\":\"https:\/\/ses-creative.com\/de\/product-categorie\/baby-kleinkind\/\"},{\"@type\":\"ListItem\",\"position\":3,\"name\":\"Klopfbank-Guckguck aus Holz\"}]},{\"@type\":\"WebSite\",\"@id\":\"https:\/\/ses-creative.com\/#website\",\"url\":\"https:\/\/ses-creative.com\/\",\"name\":\"SES Creative\",\"description\":\"\",\"publisher\":{\"@id\":\"https:\/\/ses-creative.com\/#organization\"},\"potentialAction\":[{\"@type\":\"SearchAction\",\"target\":{\"@type\":\"EntryPoint\",\"urlTemplate\":\"https:\/\/ses-creative.com\/?s={search_term_string}\"},\"query-input\":{\"@type\":\"PropertyValueSpecification\",\"valueRequired\":true,\"valueName\":\"search_term_string\"}}],\"inLanguage\":\"de\"},{\"@type\":\"Organization\",\"@id\":\"https:\/\/ses-creative.com\/#organization\",\"name\":\"SES Creative\",\"url\":\"https:\/\/ses-creative.com\/\",\"logo\":{\"@type\":\"ImageObject\",\"inLanguage\":\"de\",\"@id\":\"https:\/\/ses-creative.com\/#\/schema\/logo\/image\/\",\"url\":\"https:\/\/ses-creative.com\/wp-content\/uploads\/2025\/10\/ses-creative-logo.jpg\",\"contentUrl\":\"https:\/\/ses-creative.com\/wp-content\/uploads\/2025\/10\/ses-creative-logo.jpg\",\"width\":2037,\"height\":2037,\"caption\":\"SES Creative\"},\"image\":{\"@id\":\"https:\/\/ses-creative.com\/#\/schema\/logo\/image\/\"}}]}<\/script>\n<!-- \/ Yoast SEO plugin. -->","yoast_head_json":{"title":"Klopfbank-Guckguck aus Holz - SES Creative","robots":{"index":"index","follow":"follow","max-snippet":"max-snippet:-1","max-image-preview":"max-image-preview:large","max-video-preview":"max-video-preview:-1"},"canonical":"https:\/\/ses-creative.com\/de\/produkt\/klopfbank-guckguck-aus-holz\/","og_locale":"de_DE","og_type":"article","og_title":"Klopfbank-Guckguck aus Holz - SES Creative","og_description":"Lassen Sie Ihr Kind endlos mit dem Holzhammerbank Kuckuck spielen! Mit dieser h\u00f6lzernen Peekaboo-Hammerbank ist Spa\u00df garantiert. Wenn Sie mit dem Holzhammer auf eines der Enden schlagen, springt die andere Seite hoch und ein Tier erscheint. Dieser Aktion-Reaktion- und \u00dcberraschungseffekt regt die Neugier und Motorik Ihres Kindes an. Perfekt f\u00fcr Kinder, die gerne entdecken und [&hellip;]","og_url":"https:\/\/ses-creative.com\/de\/produkt\/klopfbank-guckguck-aus-holz\/","og_site_name":"SES Creative","article_modified_time":"2026-02-06T09:51:30+00:00","twitter_card":"summary_large_image","twitter_misc":{"Gesch\u00e4tzte Lesezeit":"1\u00a0Minute"},"schema":{"@context":"https:\/\/schema.org","@graph":[{"@type":"WebPage","@id":"https:\/\/ses-creative.com\/de\/produkt\/klopfbank-guckguck-aus-holz\/","url":"https:\/\/ses-creative.com\/de\/produkt\/klopfbank-guckguck-aus-holz\/","name":"Klopfbank-Guckguck aus Holz - SES Creative","isPartOf":{"@id":"https:\/\/ses-creative.com\/#website"},"primaryImageOfPage":{"@id":"https:\/\/ses-creative.com\/de\/produkt\/klopfbank-guckguck-aus-holz\/#primaryimage"},"image":{"@id":"https:\/\/ses-creative.com\/de\/produkt\/klopfbank-guckguck-aus-holz\/#primaryimage"},"thumbnailUrl":"https:\/\/ses-creative.com\/wp-content\/uploads\/2026\/01\/131451.jpg","datePublished":"2026-02-05T13:52:31+00:00","dateModified":"2026-02-06T09:51:30+00:00","breadcrumb":{"@id":"https:\/\/ses-creative.com\/de\/produkt\/klopfbank-guckguck-aus-holz\/#breadcrumb"},"inLanguage":"de","potentialAction":[{"@type":"ReadAction","target":["https:\/\/ses-creative.com\/de\/produkt\/klopfbank-guckguck-aus-holz\/"]}]},{"@type":"ImageObject","inLanguage":"de","@id":"https:\/\/ses-creative.com\/de\/produkt\/klopfbank-guckguck-aus-holz\/#primaryimage","url":"https:\/\/ses-creative.com\/wp-content\/uploads\/2026\/01\/131451.jpg","contentUrl":"https:\/\/ses-creative.com\/wp-content\/uploads\/2026\/01\/131451.jpg","width":1000,"height":1000},{"@type":"BreadcrumbList","@id":"https:\/\/ses-creative.com\/de\/produkt\/klopfbank-guckguck-aus-holz\/#breadcrumb","itemListElement":[{"@type":"ListItem","position":1,"name":"Shop","item":"https:\/\/ses-creative.com\/de\/shop\/"},{"@type":"ListItem","position":2,"name":"Baby &amp; Kleinkind","item":"https:\/\/ses-creative.com\/de\/product-categorie\/baby-kleinkind\/"},{"@type":"ListItem","position":3,"name":"Klopfbank-Guckguck aus Holz"}]},{"@type":"WebSite","@id":"https:\/\/ses-creative.com\/#website","url":"https:\/\/ses-creative.com\/","name":"SES Creative","description":"","publisher":{"@id":"https:\/\/ses-creative.com\/#organization"},"potentialAction":[{"@type":"SearchAction","target":{"@type":"EntryPoint","urlTemplate":"https:\/\/ses-creative.com\/?s={search_term_string}"},"query-input":{"@type":"PropertyValueSpecification","valueRequired":true,"valueName":"search_term_string"}}],"inLanguage":"de"},{"@type":"Organization","@id":"https:\/\/ses-creative.com\/#organization","name":"SES Creative","url":"https:\/\/ses-creative.com\/","logo":{"@type":"ImageObject","inLanguage":"de","@id":"https:\/\/ses-creative.com\/#\/schema\/logo\/image\/","url":"https:\/\/ses-creative.com\/wp-content\/uploads\/2025\/10\/ses-creative-logo.jpg","contentUrl":"https:\/\/ses-creative.com\/wp-content\/uploads\/2025\/10\/ses-creative-logo.jpg","width":2037,"height":2037,"caption":"SES Creative"},"image":{"@id":"https:\/\/ses-creative.com\/#\/schema\/logo\/image\/"}}]}},"_links":{"self":[{"href":"https:\/\/ses-creative.com\/de\/wp-json\/wp\/v2\/product\/114600","targetHints":{"allow":["GET"]}}],"collection":[{"href":"https:\/\/ses-creative.com\/de\/wp-json\/wp\/v2\/product"}],"about":[{"href":"https:\/\/ses-creative.com\/de\/wp-json\/wp\/v2\/types\/product"}],"replies":[{"embeddable":true,"href":"https:\/\/ses-creative.com\/de\/wp-json\/wp\/v2\/comments?post=114600"}],"wp:featuredmedia":[{"embeddable":true,"href":"https:\/\/ses-creative.com\/de\/wp-json\/wp\/v2\/media\/100928"}],"wp:attachment":[{"href":"https:\/\/ses-creative.com\/de\/wp-json\/wp\/v2\/media?parent=114600"}],"wp:term":[{"taxonomy":"product_brand","embeddable":true,"href":"https:\/\/ses-creative.com\/de\/wp-json\/wp\/v2\/product_brand?post=114600"},{"taxonomy":"product_cat","embeddable":true,"href":"https:\/\/ses-creative.com\/de\/wp-json\/wp\/v2\/product_cat?post=114600"},{"taxonomy":"product_tag","embeddable":true,"href":"https:\/\/ses-creative.com\/de\/wp-json\/wp\/v2\/product_tag?post=114600"}],"curies":[{"name":"wp","href":"https:\/\/api.w.org\/{rel}","templated":true}]}}