











{"id":114599,"date":"2026-02-05T13:52:31","date_gmt":"2026-02-05T13:52:31","guid":{"rendered":"https:\/\/ses-creative.com\/?post_type=product&#038;p=114599"},"modified":"2026-02-06T09:51:30","modified_gmt":"2026-02-06T09:51:30","slug":"kugelbahn-krokodil-aus-holz","status":"publish","type":"product","link":"https:\/\/ses-creative.com\/de\/produkt\/kugelbahn-krokodil-aus-holz\/","title":{"rendered":"Kugelbahn-Krokodil aus Holz"},"content":{"rendered":"<p>Holzkugelbahn Krokodil: Endloser Spielspa\u00df f\u00fcr die Kleinen!<br \/>\nLegen Sie eine der bunten Kugeln oben auf die Kugelbahn und beobachten Sie, wie sie herunterrollt. Die Kugeln folgen der Bahn entlang verschiedener fr\u00f6hlicher Tiere und kommen immer wieder unten an. Dieses einfache, aber fesselnde Spiel sorgt f\u00fcr endlosen Spa\u00df und regt Ihr Kind zu aktiver Besch\u00e4ftigung an.<br \/>\nWas dieses Set so toll macht<br \/>\n&#8211;    Robust und sicher f\u00fcr kleine H\u00e4nde<br \/>\n&#8211;    F\u00f6rdert die Entwicklung der Hand-Augen-Koordination und des Verst\u00e4ndnis f\u00fcr Ursache-Wirkungs-Zusammenh\u00e4nge<br \/>\n&#8211;    Helles und farbenfrohes Design<br \/>\n&#8211;    Nachhaltiges FSC-Holz<br \/>\n&#8211;    Perfekt f\u00fcr Kinder ab 6 Monaten<br \/>\nWarum es perfekt f\u00fcr Sie ist<br \/>\nMit der SES Creative Holz-Kugelbahn Krokodil hat Ihr Kind stundenlangen Spa\u00df. Diese fr\u00f6hliche Kugelbahn in Form eines Krokodils sorgt f\u00fcr Unterhaltung, w\u00e4hrend die bunten Holzkugeln hinunterrollen. Das ideale Spielzeug f\u00fcr Babys und Kleinkinder ab 6 Monaten, mit dem sie auf spielerische Weise ihre motorischen F\u00e4higkeiten entwickeln k\u00f6nnen.<br \/>\nInhalt des Sets<br \/>\n&#8211;    Holz-Kugelbahn in Form eines Krokodils<br \/>\n&#8211;    3 bunte Holzkugeln<br \/>\nWarum SES Creative w\u00e4hlen?<br \/>\nBei SES Creative legen wir gro\u00dfen Wert auf Sicherheit. Deshalb werden die Produkte in der Fabrik in den Niederlanden nach den strengsten europ\u00e4ischen Sicherheitsnormen hergestellt und getestet. Spielzeug von SES Creative sorgt f\u00fcr Spa\u00df und soll Kindern ein Gef\u00fchl des Stolzes auf ihre Arbeit vermitteln, was ihre Kreativit\u00e4t und Entwicklung f\u00f6rdert.<br \/>\nBereit f\u00fcr rollenden Spa\u00df?<br \/>\nMit der SES Creative Holzkugelbahn Krokodil k\u00f6nnen Sie Ihrem Kind ein lehrreiches und unterhaltsames Spielzeug bieten. Perfekt f\u00fcr kleine Entdecker, die gerne in Bewegung sind. Lassen Sie die Kugeln rollen und beobachten Sie, wie ein L\u00e4cheln erscheint!<\/p>\n","protected":false},"excerpt":{"rendered":"<p>Holzkugelbahn Krokodil: Endloser Spielspa\u00df f\u00fcr die Kleinen! Legen Sie eine der bunten Kugeln oben auf die Kugelbahn und beobachten Sie, wie sie herunterrollt. Die Kugeln folgen der Bahn entlang verschiedener fr\u00f6hlicher Tiere und kommen immer wieder unten an. Dieses einfache, aber fesselnde Spiel sorgt f\u00fcr endlosen Spa\u00df und regt Ihr Kind zu aktiver Besch\u00e4ftigung an. [&hellip;]<\/p>\n","protected":false},"featured_media":94200,"comment_status":"closed","ping_status":"closed","template":"","meta":{"_acf_changed":false},"product_brand":[],"product_cat":[116],"product_tag":[],"class_list":{"0":"post-114599","1":"product","2":"type-product","3":"status-publish","4":"has-post-thumbnail","6":"product_cat-baby-kleinkind","7":"pa_leeftijd-filter-0-2-jahre","8":"pa_meest-populair-bij-jungen-maedchen","10":"first","11":"instock","12":"shipping-taxable","13":"product-type-simple"},"acf":[],"yoast_head":"<!-- This site is optimized with the Yoast SEO plugin v27.2 - https:\/\/yoast.com\/product\/yoast-seo-wordpress\/ -->\n<title>Kugelbahn-Krokodil aus Holz - SES Creative<\/title>\n<meta name=\"robots\" content=\"index, follow, max-snippet:-1, max-image-preview:large, max-video-preview:-1\" \/>\n<link rel=\"canonical\" href=\"https:\/\/ses-creative.com\/de\/produkt\/kugelbahn-krokodil-aus-holz\/\" \/>\n<meta property=\"og:locale\" content=\"de_DE\" \/>\n<meta property=\"og:type\" content=\"article\" \/>\n<meta property=\"og:title\" content=\"Kugelbahn-Krokodil aus Holz - SES Creative\" \/>\n<meta property=\"og:description\" content=\"Holzkugelbahn Krokodil: Endloser Spielspa\u00df f\u00fcr die Kleinen! Legen Sie eine der bunten Kugeln oben auf die Kugelbahn und beobachten Sie, wie sie herunterrollt. Die Kugeln folgen der Bahn entlang verschiedener fr\u00f6hlicher Tiere und kommen immer wieder unten an. Dieses einfache, aber fesselnde Spiel sorgt f\u00fcr endlosen Spa\u00df und regt Ihr Kind zu aktiver Besch\u00e4ftigung an. [&hellip;]\" \/>\n<meta property=\"og:url\" content=\"https:\/\/ses-creative.com\/de\/produkt\/kugelbahn-krokodil-aus-holz\/\" \/>\n<meta property=\"og:site_name\" content=\"SES Creative\" \/>\n<meta property=\"article:modified_time\" content=\"2026-02-06T09:51:30+00:00\" \/>\n<meta name=\"twitter:card\" content=\"summary_large_image\" \/>\n<meta name=\"twitter:label1\" content=\"Gesch\u00e4tzte Lesezeit\" \/>\n\t<meta name=\"twitter:data1\" content=\"1\u00a0Minute\" \/>\n<script type=\"application\/ld+json\" class=\"yoast-schema-graph\">{\"@context\":\"https:\/\/schema.org\",\"@graph\":[{\"@type\":\"WebPage\",\"@id\":\"https:\/\/ses-creative.com\/de\/produkt\/kugelbahn-krokodil-aus-holz\/\",\"url\":\"https:\/\/ses-creative.com\/de\/produkt\/kugelbahn-krokodil-aus-holz\/\",\"name\":\"Kugelbahn-Krokodil aus Holz - SES Creative\",\"isPartOf\":{\"@id\":\"https:\/\/ses-creative.com\/#website\"},\"primaryImageOfPage\":{\"@id\":\"https:\/\/ses-creative.com\/de\/produkt\/kugelbahn-krokodil-aus-holz\/#primaryimage\"},\"image\":{\"@id\":\"https:\/\/ses-creative.com\/de\/produkt\/kugelbahn-krokodil-aus-holz\/#primaryimage\"},\"thumbnailUrl\":\"https:\/\/ses-creative.com\/wp-content\/uploads\/2026\/01\/131441.jpg\",\"datePublished\":\"2026-02-05T13:52:31+00:00\",\"dateModified\":\"2026-02-06T09:51:30+00:00\",\"breadcrumb\":{\"@id\":\"https:\/\/ses-creative.com\/de\/produkt\/kugelbahn-krokodil-aus-holz\/#breadcrumb\"},\"inLanguage\":\"de\",\"potentialAction\":[{\"@type\":\"ReadAction\",\"target\":[\"https:\/\/ses-creative.com\/de\/produkt\/kugelbahn-krokodil-aus-holz\/\"]}]},{\"@type\":\"ImageObject\",\"inLanguage\":\"de\",\"@id\":\"https:\/\/ses-creative.com\/de\/produkt\/kugelbahn-krokodil-aus-holz\/#primaryimage\",\"url\":\"https:\/\/ses-creative.com\/wp-content\/uploads\/2026\/01\/131441.jpg\",\"contentUrl\":\"https:\/\/ses-creative.com\/wp-content\/uploads\/2026\/01\/131441.jpg\",\"width\":1000,\"height\":1000},{\"@type\":\"BreadcrumbList\",\"@id\":\"https:\/\/ses-creative.com\/de\/produkt\/kugelbahn-krokodil-aus-holz\/#breadcrumb\",\"itemListElement\":[{\"@type\":\"ListItem\",\"position\":1,\"name\":\"Shop\",\"item\":\"https:\/\/ses-creative.com\/de\/shop\/\"},{\"@type\":\"ListItem\",\"position\":2,\"name\":\"Baby &amp; Kleinkind\",\"item\":\"https:\/\/ses-creative.com\/de\/product-categorie\/baby-kleinkind\/\"},{\"@type\":\"ListItem\",\"position\":3,\"name\":\"Kugelbahn-Krokodil aus Holz\"}]},{\"@type\":\"WebSite\",\"@id\":\"https:\/\/ses-creative.com\/#website\",\"url\":\"https:\/\/ses-creative.com\/\",\"name\":\"SES Creative\",\"description\":\"\",\"publisher\":{\"@id\":\"https:\/\/ses-creative.com\/#organization\"},\"potentialAction\":[{\"@type\":\"SearchAction\",\"target\":{\"@type\":\"EntryPoint\",\"urlTemplate\":\"https:\/\/ses-creative.com\/?s={search_term_string}\"},\"query-input\":{\"@type\":\"PropertyValueSpecification\",\"valueRequired\":true,\"valueName\":\"search_term_string\"}}],\"inLanguage\":\"de\"},{\"@type\":\"Organization\",\"@id\":\"https:\/\/ses-creative.com\/#organization\",\"name\":\"SES Creative\",\"url\":\"https:\/\/ses-creative.com\/\",\"logo\":{\"@type\":\"ImageObject\",\"inLanguage\":\"de\",\"@id\":\"https:\/\/ses-creative.com\/#\/schema\/logo\/image\/\",\"url\":\"https:\/\/ses-creative.com\/wp-content\/uploads\/2025\/10\/ses-creative-logo.jpg\",\"contentUrl\":\"https:\/\/ses-creative.com\/wp-content\/uploads\/2025\/10\/ses-creative-logo.jpg\",\"width\":2037,\"height\":2037,\"caption\":\"SES Creative\"},\"image\":{\"@id\":\"https:\/\/ses-creative.com\/#\/schema\/logo\/image\/\"}}]}<\/script>\n<!-- \/ Yoast SEO plugin. -->","yoast_head_json":{"title":"Kugelbahn-Krokodil aus Holz - SES Creative","robots":{"index":"index","follow":"follow","max-snippet":"max-snippet:-1","max-image-preview":"max-image-preview:large","max-video-preview":"max-video-preview:-1"},"canonical":"https:\/\/ses-creative.com\/de\/produkt\/kugelbahn-krokodil-aus-holz\/","og_locale":"de_DE","og_type":"article","og_title":"Kugelbahn-Krokodil aus Holz - SES Creative","og_description":"Holzkugelbahn Krokodil: Endloser Spielspa\u00df f\u00fcr die Kleinen! Legen Sie eine der bunten Kugeln oben auf die Kugelbahn und beobachten Sie, wie sie herunterrollt. Die Kugeln folgen der Bahn entlang verschiedener fr\u00f6hlicher Tiere und kommen immer wieder unten an. Dieses einfache, aber fesselnde Spiel sorgt f\u00fcr endlosen Spa\u00df und regt Ihr Kind zu aktiver Besch\u00e4ftigung an. [&hellip;]","og_url":"https:\/\/ses-creative.com\/de\/produkt\/kugelbahn-krokodil-aus-holz\/","og_site_name":"SES Creative","article_modified_time":"2026-02-06T09:51:30+00:00","twitter_card":"summary_large_image","twitter_misc":{"Gesch\u00e4tzte Lesezeit":"1\u00a0Minute"},"schema":{"@context":"https:\/\/schema.org","@graph":[{"@type":"WebPage","@id":"https:\/\/ses-creative.com\/de\/produkt\/kugelbahn-krokodil-aus-holz\/","url":"https:\/\/ses-creative.com\/de\/produkt\/kugelbahn-krokodil-aus-holz\/","name":"Kugelbahn-Krokodil aus Holz - SES Creative","isPartOf":{"@id":"https:\/\/ses-creative.com\/#website"},"primaryImageOfPage":{"@id":"https:\/\/ses-creative.com\/de\/produkt\/kugelbahn-krokodil-aus-holz\/#primaryimage"},"image":{"@id":"https:\/\/ses-creative.com\/de\/produkt\/kugelbahn-krokodil-aus-holz\/#primaryimage"},"thumbnailUrl":"https:\/\/ses-creative.com\/wp-content\/uploads\/2026\/01\/131441.jpg","datePublished":"2026-02-05T13:52:31+00:00","dateModified":"2026-02-06T09:51:30+00:00","breadcrumb":{"@id":"https:\/\/ses-creative.com\/de\/produkt\/kugelbahn-krokodil-aus-holz\/#breadcrumb"},"inLanguage":"de","potentialAction":[{"@type":"ReadAction","target":["https:\/\/ses-creative.com\/de\/produkt\/kugelbahn-krokodil-aus-holz\/"]}]},{"@type":"ImageObject","inLanguage":"de","@id":"https:\/\/ses-creative.com\/de\/produkt\/kugelbahn-krokodil-aus-holz\/#primaryimage","url":"https:\/\/ses-creative.com\/wp-content\/uploads\/2026\/01\/131441.jpg","contentUrl":"https:\/\/ses-creative.com\/wp-content\/uploads\/2026\/01\/131441.jpg","width":1000,"height":1000},{"@type":"BreadcrumbList","@id":"https:\/\/ses-creative.com\/de\/produkt\/kugelbahn-krokodil-aus-holz\/#breadcrumb","itemListElement":[{"@type":"ListItem","position":1,"name":"Shop","item":"https:\/\/ses-creative.com\/de\/shop\/"},{"@type":"ListItem","position":2,"name":"Baby &amp; Kleinkind","item":"https:\/\/ses-creative.com\/de\/product-categorie\/baby-kleinkind\/"},{"@type":"ListItem","position":3,"name":"Kugelbahn-Krokodil aus Holz"}]},{"@type":"WebSite","@id":"https:\/\/ses-creative.com\/#website","url":"https:\/\/ses-creative.com\/","name":"SES Creative","description":"","publisher":{"@id":"https:\/\/ses-creative.com\/#organization"},"potentialAction":[{"@type":"SearchAction","target":{"@type":"EntryPoint","urlTemplate":"https:\/\/ses-creative.com\/?s={search_term_string}"},"query-input":{"@type":"PropertyValueSpecification","valueRequired":true,"valueName":"search_term_string"}}],"inLanguage":"de"},{"@type":"Organization","@id":"https:\/\/ses-creative.com\/#organization","name":"SES Creative","url":"https:\/\/ses-creative.com\/","logo":{"@type":"ImageObject","inLanguage":"de","@id":"https:\/\/ses-creative.com\/#\/schema\/logo\/image\/","url":"https:\/\/ses-creative.com\/wp-content\/uploads\/2025\/10\/ses-creative-logo.jpg","contentUrl":"https:\/\/ses-creative.com\/wp-content\/uploads\/2025\/10\/ses-creative-logo.jpg","width":2037,"height":2037,"caption":"SES Creative"},"image":{"@id":"https:\/\/ses-creative.com\/#\/schema\/logo\/image\/"}}]}},"_links":{"self":[{"href":"https:\/\/ses-creative.com\/de\/wp-json\/wp\/v2\/product\/114599","targetHints":{"allow":["GET"]}}],"collection":[{"href":"https:\/\/ses-creative.com\/de\/wp-json\/wp\/v2\/product"}],"about":[{"href":"https:\/\/ses-creative.com\/de\/wp-json\/wp\/v2\/types\/product"}],"replies":[{"embeddable":true,"href":"https:\/\/ses-creative.com\/de\/wp-json\/wp\/v2\/comments?post=114599"}],"wp:featuredmedia":[{"embeddable":true,"href":"https:\/\/ses-creative.com\/de\/wp-json\/wp\/v2\/media\/94200"}],"wp:attachment":[{"href":"https:\/\/ses-creative.com\/de\/wp-json\/wp\/v2\/media?parent=114599"}],"wp:term":[{"taxonomy":"product_brand","embeddable":true,"href":"https:\/\/ses-creative.com\/de\/wp-json\/wp\/v2\/product_brand?post=114599"},{"taxonomy":"product_cat","embeddable":true,"href":"https:\/\/ses-creative.com\/de\/wp-json\/wp\/v2\/product_cat?post=114599"},{"taxonomy":"product_tag","embeddable":true,"href":"https:\/\/ses-creative.com\/de\/wp-json\/wp\/v2\/product_tag?post=114599"}],"curies":[{"name":"wp","href":"https:\/\/api.w.org\/{rel}","templated":true}]}}