











{"id":114598,"date":"2026-02-05T13:52:31","date_gmt":"2026-02-05T13:52:31","guid":{"rendered":"https:\/\/ses-creative.com\/?post_type=product&#038;p=114598"},"modified":"2026-02-06T09:51:30","modified_gmt":"2026-02-06T09:51:30","slug":"holzbausteine-zum-stapeln","status":"publish","type":"product","link":"https:\/\/ses-creative.com\/de\/produkt\/holzbausteine-zum-stapeln\/","title":{"rendered":"Holzbausteine zum stapeln"},"content":{"rendered":"<p>Holzbausteine: Endloser Bauspa\u00df!<br \/>\nDieses Set von SES Creative enth\u00e4lt 52 Holzbaukl\u00f6tze in wundersch\u00f6nen, modernen Farben. Kinder ab 1 Jahr k\u00f6nnen Spa\u00df daran haben, die Bl\u00f6cke zu stapeln und T\u00fcrme, H\u00e4user und andere Strukturen zu bauen. Dieses Spielzeug f\u00f6rdert durch Spielen das r\u00e4umliche Vorstellungsverm\u00f6gen und die motorischen F\u00e4higkeiten. Mit den drei Tierk\u00f6pfen k\u00f6nnen Tiere gestapelt werden, was endlosen Spielspa\u00df garantiert. Wenn sie mit dem Spielen fertig sind, k\u00f6nnen Kinder die Bl\u00f6cke einfach in der praktischen Aufbewahrungstasche verstauen.<br \/>\nWas dieses Set so toll macht<br \/>\n&#8211;    Endloser Spielspa\u00df mit unbegrenzten Kombinationsm\u00f6glichkeiten<br \/>\n&#8211;    Mit praktischer Aufbewahrungstasche<br \/>\n&#8211;    Fr\u00f6hliche, moderne Farben und aus hochwertigem FSC-Holz gefertigt<br \/>\n&#8211;    F\u00f6rdert Kreativit\u00e4t, Feinmotorik und r\u00e4umliches Vorstellungsverm\u00f6gen<br \/>\n&#8211;    F\u00f6rdert das Verst\u00e4ndnis von Ursache und Wirkung<br \/>\nWarum dieses Produkt perfekt f\u00fcr Sie ist<br \/>\nMit diesem Set k\u00f6nnen Kinder ihre eigenen Bauprojekte verwirklichen. Die leuchtenden Farben und die gute Qualit\u00e4t der Bausteine machen es einfach, beeindruckende Strukturen zu bauen. Der Prozess des Bauens und Stapelns f\u00f6rdert die Entwicklung motorischer F\u00e4higkeiten und regt die Kreativit\u00e4t an. Dieses Set ist ideal f\u00fcr Kinder, um gemeinsam mit Eltern oder Freunden zu spielen. Es f\u00f6rdert nicht nur die Kreativit\u00e4t, sondern auch die Zusammenarbeit und Interaktion. Die praktische Aufbewahrungstasche sorgt daf\u00fcr, dass die Bausteine leicht zu verstauen und immer einsatzbereit sind.<br \/>\nInhalt der Verpackung:<br \/>\n&#8211;    49 Holzstapelbl\u00f6cke in verschiedenen Gr\u00f6\u00dfen<br \/>\n&#8211;    3 Holztiere<br \/>\n&#8211;    Aufbewahrungstasche<br \/>\nWarum SES Creative w\u00e4hlen?<br \/>\nBei SES Creative legen wir gro\u00dfen Wert auf Sicherheit. Deshalb werden die Produkte in unserem Werk in den Niederlanden nach den strengsten europ\u00e4ischen Sicherheitsnormen hergestellt und getestet. Spielzeug von SES Creative sorgt f\u00fcr Spa\u00df und soll Kindern ein Gef\u00fchl des Stolzes auf ihre Arbeit vermitteln, was ihre Kreativit\u00e4t und Entwicklung f\u00f6rdert.<br \/>\nBeginnen Sie noch heute mit dem Bauen<br \/>\nEntdecken Sie den Spa\u00df am Bauen und erschaffen Sie die sch\u00f6nsten Konstruktionen mit dem SES Creative Holzbaukl\u00f6tze-Set. Perfekt f\u00fcr stundenlangen kreativen Bauspa\u00df!<\/p>\n","protected":false},"excerpt":{"rendered":"<p>Holzbausteine: Endloser Bauspa\u00df! Dieses Set von SES Creative enth\u00e4lt 52 Holzbaukl\u00f6tze in wundersch\u00f6nen, modernen Farben. Kinder ab 1 Jahr k\u00f6nnen Spa\u00df daran haben, die Bl\u00f6cke zu stapeln und T\u00fcrme, H\u00e4user und andere Strukturen zu bauen. Dieses Spielzeug f\u00f6rdert durch Spielen das r\u00e4umliche Vorstellungsverm\u00f6gen und die motorischen F\u00e4higkeiten. Mit den drei Tierk\u00f6pfen k\u00f6nnen Tiere gestapelt werden, [&hellip;]<\/p>\n","protected":false},"featured_media":100908,"comment_status":"closed","ping_status":"closed","template":"","meta":{"_acf_changed":false},"product_brand":[],"product_cat":[116],"product_tag":[],"class_list":{"0":"post-114598","1":"product","2":"type-product","3":"status-publish","4":"has-post-thumbnail","6":"product_cat-baby-kleinkind","7":"pa_leeftijd-filter-0-2-jahre","8":"pa_meest-populair-bij-jungen-maedchen","10":"first","11":"instock","12":"shipping-taxable","13":"product-type-simple"},"acf":[],"yoast_head":"<!-- This site is optimized with the Yoast SEO plugin v27.2 - https:\/\/yoast.com\/product\/yoast-seo-wordpress\/ -->\n<title>Holzbausteine zum stapeln - SES Creative<\/title>\n<meta name=\"robots\" content=\"index, follow, max-snippet:-1, max-image-preview:large, max-video-preview:-1\" \/>\n<link rel=\"canonical\" href=\"https:\/\/ses-creative.com\/de\/produkt\/holzbausteine-zum-stapeln\/\" \/>\n<meta property=\"og:locale\" content=\"de_DE\" \/>\n<meta property=\"og:type\" content=\"article\" \/>\n<meta property=\"og:title\" content=\"Holzbausteine zum stapeln - SES Creative\" \/>\n<meta property=\"og:description\" content=\"Holzbausteine: Endloser Bauspa\u00df! Dieses Set von SES Creative enth\u00e4lt 52 Holzbaukl\u00f6tze in wundersch\u00f6nen, modernen Farben. Kinder ab 1 Jahr k\u00f6nnen Spa\u00df daran haben, die Bl\u00f6cke zu stapeln und T\u00fcrme, H\u00e4user und andere Strukturen zu bauen. Dieses Spielzeug f\u00f6rdert durch Spielen das r\u00e4umliche Vorstellungsverm\u00f6gen und die motorischen F\u00e4higkeiten. Mit den drei Tierk\u00f6pfen k\u00f6nnen Tiere gestapelt werden, [&hellip;]\" \/>\n<meta property=\"og:url\" content=\"https:\/\/ses-creative.com\/de\/produkt\/holzbausteine-zum-stapeln\/\" \/>\n<meta property=\"og:site_name\" content=\"SES Creative\" \/>\n<meta property=\"article:modified_time\" content=\"2026-02-06T09:51:30+00:00\" \/>\n<meta name=\"twitter:card\" content=\"summary_large_image\" \/>\n<meta name=\"twitter:label1\" content=\"Gesch\u00e4tzte Lesezeit\" \/>\n\t<meta name=\"twitter:data1\" content=\"2\u00a0Minuten\" \/>\n<script type=\"application\/ld+json\" class=\"yoast-schema-graph\">{\"@context\":\"https:\/\/schema.org\",\"@graph\":[{\"@type\":\"WebPage\",\"@id\":\"https:\/\/ses-creative.com\/de\/produkt\/holzbausteine-zum-stapeln\/\",\"url\":\"https:\/\/ses-creative.com\/de\/produkt\/holzbausteine-zum-stapeln\/\",\"name\":\"Holzbausteine zum stapeln - SES Creative\",\"isPartOf\":{\"@id\":\"https:\/\/ses-creative.com\/#website\"},\"primaryImageOfPage\":{\"@id\":\"https:\/\/ses-creative.com\/de\/produkt\/holzbausteine-zum-stapeln\/#primaryimage\"},\"image\":{\"@id\":\"https:\/\/ses-creative.com\/de\/produkt\/holzbausteine-zum-stapeln\/#primaryimage\"},\"thumbnailUrl\":\"https:\/\/ses-creative.com\/wp-content\/uploads\/2026\/01\/131431.jpg\",\"datePublished\":\"2026-02-05T13:52:31+00:00\",\"dateModified\":\"2026-02-06T09:51:30+00:00\",\"breadcrumb\":{\"@id\":\"https:\/\/ses-creative.com\/de\/produkt\/holzbausteine-zum-stapeln\/#breadcrumb\"},\"inLanguage\":\"de\",\"potentialAction\":[{\"@type\":\"ReadAction\",\"target\":[\"https:\/\/ses-creative.com\/de\/produkt\/holzbausteine-zum-stapeln\/\"]}]},{\"@type\":\"ImageObject\",\"inLanguage\":\"de\",\"@id\":\"https:\/\/ses-creative.com\/de\/produkt\/holzbausteine-zum-stapeln\/#primaryimage\",\"url\":\"https:\/\/ses-creative.com\/wp-content\/uploads\/2026\/01\/131431.jpg\",\"contentUrl\":\"https:\/\/ses-creative.com\/wp-content\/uploads\/2026\/01\/131431.jpg\",\"width\":1000,\"height\":1000},{\"@type\":\"BreadcrumbList\",\"@id\":\"https:\/\/ses-creative.com\/de\/produkt\/holzbausteine-zum-stapeln\/#breadcrumb\",\"itemListElement\":[{\"@type\":\"ListItem\",\"position\":1,\"name\":\"Shop\",\"item\":\"https:\/\/ses-creative.com\/de\/shop\/\"},{\"@type\":\"ListItem\",\"position\":2,\"name\":\"Baby &amp; Kleinkind\",\"item\":\"https:\/\/ses-creative.com\/de\/product-categorie\/baby-kleinkind\/\"},{\"@type\":\"ListItem\",\"position\":3,\"name\":\"Holzbausteine zum stapeln\"}]},{\"@type\":\"WebSite\",\"@id\":\"https:\/\/ses-creative.com\/#website\",\"url\":\"https:\/\/ses-creative.com\/\",\"name\":\"SES Creative\",\"description\":\"\",\"publisher\":{\"@id\":\"https:\/\/ses-creative.com\/#organization\"},\"potentialAction\":[{\"@type\":\"SearchAction\",\"target\":{\"@type\":\"EntryPoint\",\"urlTemplate\":\"https:\/\/ses-creative.com\/?s={search_term_string}\"},\"query-input\":{\"@type\":\"PropertyValueSpecification\",\"valueRequired\":true,\"valueName\":\"search_term_string\"}}],\"inLanguage\":\"de\"},{\"@type\":\"Organization\",\"@id\":\"https:\/\/ses-creative.com\/#organization\",\"name\":\"SES Creative\",\"url\":\"https:\/\/ses-creative.com\/\",\"logo\":{\"@type\":\"ImageObject\",\"inLanguage\":\"de\",\"@id\":\"https:\/\/ses-creative.com\/#\/schema\/logo\/image\/\",\"url\":\"https:\/\/ses-creative.com\/wp-content\/uploads\/2025\/10\/ses-creative-logo.jpg\",\"contentUrl\":\"https:\/\/ses-creative.com\/wp-content\/uploads\/2025\/10\/ses-creative-logo.jpg\",\"width\":2037,\"height\":2037,\"caption\":\"SES Creative\"},\"image\":{\"@id\":\"https:\/\/ses-creative.com\/#\/schema\/logo\/image\/\"}}]}<\/script>\n<!-- \/ Yoast SEO plugin. -->","yoast_head_json":{"title":"Holzbausteine zum stapeln - SES Creative","robots":{"index":"index","follow":"follow","max-snippet":"max-snippet:-1","max-image-preview":"max-image-preview:large","max-video-preview":"max-video-preview:-1"},"canonical":"https:\/\/ses-creative.com\/de\/produkt\/holzbausteine-zum-stapeln\/","og_locale":"de_DE","og_type":"article","og_title":"Holzbausteine zum stapeln - SES Creative","og_description":"Holzbausteine: Endloser Bauspa\u00df! Dieses Set von SES Creative enth\u00e4lt 52 Holzbaukl\u00f6tze in wundersch\u00f6nen, modernen Farben. Kinder ab 1 Jahr k\u00f6nnen Spa\u00df daran haben, die Bl\u00f6cke zu stapeln und T\u00fcrme, H\u00e4user und andere Strukturen zu bauen. Dieses Spielzeug f\u00f6rdert durch Spielen das r\u00e4umliche Vorstellungsverm\u00f6gen und die motorischen F\u00e4higkeiten. Mit den drei Tierk\u00f6pfen k\u00f6nnen Tiere gestapelt werden, [&hellip;]","og_url":"https:\/\/ses-creative.com\/de\/produkt\/holzbausteine-zum-stapeln\/","og_site_name":"SES Creative","article_modified_time":"2026-02-06T09:51:30+00:00","twitter_card":"summary_large_image","twitter_misc":{"Gesch\u00e4tzte Lesezeit":"2\u00a0Minuten"},"schema":{"@context":"https:\/\/schema.org","@graph":[{"@type":"WebPage","@id":"https:\/\/ses-creative.com\/de\/produkt\/holzbausteine-zum-stapeln\/","url":"https:\/\/ses-creative.com\/de\/produkt\/holzbausteine-zum-stapeln\/","name":"Holzbausteine zum stapeln - SES Creative","isPartOf":{"@id":"https:\/\/ses-creative.com\/#website"},"primaryImageOfPage":{"@id":"https:\/\/ses-creative.com\/de\/produkt\/holzbausteine-zum-stapeln\/#primaryimage"},"image":{"@id":"https:\/\/ses-creative.com\/de\/produkt\/holzbausteine-zum-stapeln\/#primaryimage"},"thumbnailUrl":"https:\/\/ses-creative.com\/wp-content\/uploads\/2026\/01\/131431.jpg","datePublished":"2026-02-05T13:52:31+00:00","dateModified":"2026-02-06T09:51:30+00:00","breadcrumb":{"@id":"https:\/\/ses-creative.com\/de\/produkt\/holzbausteine-zum-stapeln\/#breadcrumb"},"inLanguage":"de","potentialAction":[{"@type":"ReadAction","target":["https:\/\/ses-creative.com\/de\/produkt\/holzbausteine-zum-stapeln\/"]}]},{"@type":"ImageObject","inLanguage":"de","@id":"https:\/\/ses-creative.com\/de\/produkt\/holzbausteine-zum-stapeln\/#primaryimage","url":"https:\/\/ses-creative.com\/wp-content\/uploads\/2026\/01\/131431.jpg","contentUrl":"https:\/\/ses-creative.com\/wp-content\/uploads\/2026\/01\/131431.jpg","width":1000,"height":1000},{"@type":"BreadcrumbList","@id":"https:\/\/ses-creative.com\/de\/produkt\/holzbausteine-zum-stapeln\/#breadcrumb","itemListElement":[{"@type":"ListItem","position":1,"name":"Shop","item":"https:\/\/ses-creative.com\/de\/shop\/"},{"@type":"ListItem","position":2,"name":"Baby &amp; Kleinkind","item":"https:\/\/ses-creative.com\/de\/product-categorie\/baby-kleinkind\/"},{"@type":"ListItem","position":3,"name":"Holzbausteine zum stapeln"}]},{"@type":"WebSite","@id":"https:\/\/ses-creative.com\/#website","url":"https:\/\/ses-creative.com\/","name":"SES Creative","description":"","publisher":{"@id":"https:\/\/ses-creative.com\/#organization"},"potentialAction":[{"@type":"SearchAction","target":{"@type":"EntryPoint","urlTemplate":"https:\/\/ses-creative.com\/?s={search_term_string}"},"query-input":{"@type":"PropertyValueSpecification","valueRequired":true,"valueName":"search_term_string"}}],"inLanguage":"de"},{"@type":"Organization","@id":"https:\/\/ses-creative.com\/#organization","name":"SES Creative","url":"https:\/\/ses-creative.com\/","logo":{"@type":"ImageObject","inLanguage":"de","@id":"https:\/\/ses-creative.com\/#\/schema\/logo\/image\/","url":"https:\/\/ses-creative.com\/wp-content\/uploads\/2025\/10\/ses-creative-logo.jpg","contentUrl":"https:\/\/ses-creative.com\/wp-content\/uploads\/2025\/10\/ses-creative-logo.jpg","width":2037,"height":2037,"caption":"SES Creative"},"image":{"@id":"https:\/\/ses-creative.com\/#\/schema\/logo\/image\/"}}]}},"_links":{"self":[{"href":"https:\/\/ses-creative.com\/de\/wp-json\/wp\/v2\/product\/114598","targetHints":{"allow":["GET"]}}],"collection":[{"href":"https:\/\/ses-creative.com\/de\/wp-json\/wp\/v2\/product"}],"about":[{"href":"https:\/\/ses-creative.com\/de\/wp-json\/wp\/v2\/types\/product"}],"replies":[{"embeddable":true,"href":"https:\/\/ses-creative.com\/de\/wp-json\/wp\/v2\/comments?post=114598"}],"wp:featuredmedia":[{"embeddable":true,"href":"https:\/\/ses-creative.com\/de\/wp-json\/wp\/v2\/media\/100908"}],"wp:attachment":[{"href":"https:\/\/ses-creative.com\/de\/wp-json\/wp\/v2\/media?parent=114598"}],"wp:term":[{"taxonomy":"product_brand","embeddable":true,"href":"https:\/\/ses-creative.com\/de\/wp-json\/wp\/v2\/product_brand?post=114598"},{"taxonomy":"product_cat","embeddable":true,"href":"https:\/\/ses-creative.com\/de\/wp-json\/wp\/v2\/product_cat?post=114598"},{"taxonomy":"product_tag","embeddable":true,"href":"https:\/\/ses-creative.com\/de\/wp-json\/wp\/v2\/product_tag?post=114598"}],"curies":[{"name":"wp","href":"https:\/\/api.w.org\/{rel}","templated":true}]}}