











{"id":114597,"date":"2026-02-05T13:52:31","date_gmt":"2026-02-05T13:52:31","guid":{"rendered":"https:\/\/ses-creative.com\/?post_type=product&#038;p=114597"},"modified":"2026-02-06T09:51:30","modified_gmt":"2026-02-06T09:51:30","slug":"stapelwuerfel-mit-tierfiguren","status":"publish","type":"product","link":"https:\/\/ses-creative.com\/de\/produkt\/stapelwuerfel-mit-tierfiguren\/","title":{"rendered":"Stapelw\u00fcrfel mit Tierfiguren"},"content":{"rendered":"<p>Mit dem Stapelturm mit Tierfiguren von SES Creative entdecken Babys ab 6 Monaten eine farbenfrohe Spielwelt, die Motorik, Koordination und Kreativit\u00e4t f\u00f6rdert. Das Set besteht aus sieben unterschiedlich gro\u00dfen Stapelw\u00fcrfeln mit liebevollen Illustrationen und drei niedlichen Holzfiguren: Elefant, Fuchs und L\u00f6we. Kinder k\u00f6nnen die W\u00fcrfel stapeln, kombinieren und die Tiere hindurchspielen lassen. Jede Seite der W\u00fcrfel zeigt eine andere Szenerie \u2013 ob Zug, Baum, Stra\u00dfe oder Turm \u2013 und l\u00e4dt zu fantasievollen Geschichten ein. Die W\u00fcrfel lassen sich ineinander stecken und platzsparend aufbewahren. Die verwendeten Materialien sind hochwertig, langlebig und frei von Schadstoffen. Das Spielzeug entspricht den europ\u00e4ischen Sicherheitsstandards und ist optimal f\u00fcr erste Entwicklungsschritte. Ein liebevoll gestaltetes Holz- und Stapelspiel f\u00fcr neugierige kleine Entdecker. Durch das freie Kombinieren der W\u00fcrfel und das Einsetzen der Tierfiguren entstehen neue Spielm\u00f6glichkeiten, die t\u00e4glich variieren k\u00f6nnen. Das Set l\u00e4dt Kinder dazu ein, Farben, Formen und Gr\u00f6\u00dfen aktiv zu entdecken und unterst\u00fctzt damit wichtige Lernschritte im Kleinkindalter.<\/p>\n","protected":false},"excerpt":{"rendered":"<p>Mit dem Stapelturm mit Tierfiguren von SES Creative entdecken Babys ab 6 Monaten eine farbenfrohe Spielwelt, die Motorik, Koordination und Kreativit\u00e4t f\u00f6rdert. Das Set besteht aus sieben unterschiedlich gro\u00dfen Stapelw\u00fcrfeln mit liebevollen Illustrationen und drei niedlichen Holzfiguren: Elefant, Fuchs und L\u00f6we. Kinder k\u00f6nnen die W\u00fcrfel stapeln, kombinieren und die Tiere hindurchspielen lassen. Jede Seite der [&hellip;]<\/p>\n","protected":false},"featured_media":100888,"comment_status":"closed","ping_status":"closed","template":"","meta":{"_acf_changed":false},"product_brand":[],"product_cat":[116],"product_tag":[],"class_list":{"0":"post-114597","1":"product","2":"type-product","3":"status-publish","4":"has-post-thumbnail","6":"product_cat-baby-kleinkind","7":"pa_leeftijd-filter-0-2-jahre","8":"pa_meest-populair-bij-jungen-maedchen","10":"first","11":"instock","12":"shipping-taxable","13":"product-type-simple"},"acf":[],"yoast_head":"<!-- This site is optimized with the Yoast SEO plugin v27.2 - https:\/\/yoast.com\/product\/yoast-seo-wordpress\/ -->\n<title>Stapelw\u00fcrfel mit Tierfiguren - SES Creative<\/title>\n<meta name=\"robots\" content=\"index, follow, max-snippet:-1, max-image-preview:large, max-video-preview:-1\" \/>\n<link rel=\"canonical\" href=\"https:\/\/ses-creative.com\/de\/produkt\/stapelwuerfel-mit-tierfiguren\/\" \/>\n<meta property=\"og:locale\" content=\"de_DE\" \/>\n<meta property=\"og:type\" content=\"article\" \/>\n<meta property=\"og:title\" content=\"Stapelw\u00fcrfel mit Tierfiguren - SES Creative\" \/>\n<meta property=\"og:description\" content=\"Mit dem Stapelturm mit Tierfiguren von SES Creative entdecken Babys ab 6 Monaten eine farbenfrohe Spielwelt, die Motorik, Koordination und Kreativit\u00e4t f\u00f6rdert. Das Set besteht aus sieben unterschiedlich gro\u00dfen Stapelw\u00fcrfeln mit liebevollen Illustrationen und drei niedlichen Holzfiguren: Elefant, Fuchs und L\u00f6we. Kinder k\u00f6nnen die W\u00fcrfel stapeln, kombinieren und die Tiere hindurchspielen lassen. Jede Seite der [&hellip;]\" \/>\n<meta property=\"og:url\" content=\"https:\/\/ses-creative.com\/de\/produkt\/stapelwuerfel-mit-tierfiguren\/\" \/>\n<meta property=\"og:site_name\" content=\"SES Creative\" \/>\n<meta property=\"article:modified_time\" content=\"2026-02-06T09:51:30+00:00\" \/>\n<meta name=\"twitter:card\" content=\"summary_large_image\" \/>\n<meta name=\"twitter:label1\" content=\"Gesch\u00e4tzte Lesezeit\" \/>\n\t<meta name=\"twitter:data1\" content=\"1\u00a0Minute\" \/>\n<script type=\"application\/ld+json\" class=\"yoast-schema-graph\">{\"@context\":\"https:\/\/schema.org\",\"@graph\":[{\"@type\":\"WebPage\",\"@id\":\"https:\/\/ses-creative.com\/de\/produkt\/stapelwuerfel-mit-tierfiguren\/\",\"url\":\"https:\/\/ses-creative.com\/de\/produkt\/stapelwuerfel-mit-tierfiguren\/\",\"name\":\"Stapelw\u00fcrfel mit Tierfiguren - SES Creative\",\"isPartOf\":{\"@id\":\"https:\/\/ses-creative.com\/#website\"},\"primaryImageOfPage\":{\"@id\":\"https:\/\/ses-creative.com\/de\/produkt\/stapelwuerfel-mit-tierfiguren\/#primaryimage\"},\"image\":{\"@id\":\"https:\/\/ses-creative.com\/de\/produkt\/stapelwuerfel-mit-tierfiguren\/#primaryimage\"},\"thumbnailUrl\":\"https:\/\/ses-creative.com\/wp-content\/uploads\/2026\/01\/131421.jpg\",\"datePublished\":\"2026-02-05T13:52:31+00:00\",\"dateModified\":\"2026-02-06T09:51:30+00:00\",\"breadcrumb\":{\"@id\":\"https:\/\/ses-creative.com\/de\/produkt\/stapelwuerfel-mit-tierfiguren\/#breadcrumb\"},\"inLanguage\":\"de\",\"potentialAction\":[{\"@type\":\"ReadAction\",\"target\":[\"https:\/\/ses-creative.com\/de\/produkt\/stapelwuerfel-mit-tierfiguren\/\"]}]},{\"@type\":\"ImageObject\",\"inLanguage\":\"de\",\"@id\":\"https:\/\/ses-creative.com\/de\/produkt\/stapelwuerfel-mit-tierfiguren\/#primaryimage\",\"url\":\"https:\/\/ses-creative.com\/wp-content\/uploads\/2026\/01\/131421.jpg\",\"contentUrl\":\"https:\/\/ses-creative.com\/wp-content\/uploads\/2026\/01\/131421.jpg\",\"width\":1000,\"height\":1000},{\"@type\":\"BreadcrumbList\",\"@id\":\"https:\/\/ses-creative.com\/de\/produkt\/stapelwuerfel-mit-tierfiguren\/#breadcrumb\",\"itemListElement\":[{\"@type\":\"ListItem\",\"position\":1,\"name\":\"Shop\",\"item\":\"https:\/\/ses-creative.com\/de\/shop\/\"},{\"@type\":\"ListItem\",\"position\":2,\"name\":\"Baby &amp; Kleinkind\",\"item\":\"https:\/\/ses-creative.com\/de\/product-categorie\/baby-kleinkind\/\"},{\"@type\":\"ListItem\",\"position\":3,\"name\":\"Stapelw\u00fcrfel mit Tierfiguren\"}]},{\"@type\":\"WebSite\",\"@id\":\"https:\/\/ses-creative.com\/#website\",\"url\":\"https:\/\/ses-creative.com\/\",\"name\":\"SES Creative\",\"description\":\"\",\"publisher\":{\"@id\":\"https:\/\/ses-creative.com\/#organization\"},\"potentialAction\":[{\"@type\":\"SearchAction\",\"target\":{\"@type\":\"EntryPoint\",\"urlTemplate\":\"https:\/\/ses-creative.com\/?s={search_term_string}\"},\"query-input\":{\"@type\":\"PropertyValueSpecification\",\"valueRequired\":true,\"valueName\":\"search_term_string\"}}],\"inLanguage\":\"de\"},{\"@type\":\"Organization\",\"@id\":\"https:\/\/ses-creative.com\/#organization\",\"name\":\"SES Creative\",\"url\":\"https:\/\/ses-creative.com\/\",\"logo\":{\"@type\":\"ImageObject\",\"inLanguage\":\"de\",\"@id\":\"https:\/\/ses-creative.com\/#\/schema\/logo\/image\/\",\"url\":\"https:\/\/ses-creative.com\/wp-content\/uploads\/2025\/10\/ses-creative-logo.jpg\",\"contentUrl\":\"https:\/\/ses-creative.com\/wp-content\/uploads\/2025\/10\/ses-creative-logo.jpg\",\"width\":2037,\"height\":2037,\"caption\":\"SES Creative\"},\"image\":{\"@id\":\"https:\/\/ses-creative.com\/#\/schema\/logo\/image\/\"}}]}<\/script>\n<!-- \/ Yoast SEO plugin. -->","yoast_head_json":{"title":"Stapelw\u00fcrfel mit Tierfiguren - SES Creative","robots":{"index":"index","follow":"follow","max-snippet":"max-snippet:-1","max-image-preview":"max-image-preview:large","max-video-preview":"max-video-preview:-1"},"canonical":"https:\/\/ses-creative.com\/de\/produkt\/stapelwuerfel-mit-tierfiguren\/","og_locale":"de_DE","og_type":"article","og_title":"Stapelw\u00fcrfel mit Tierfiguren - SES Creative","og_description":"Mit dem Stapelturm mit Tierfiguren von SES Creative entdecken Babys ab 6 Monaten eine farbenfrohe Spielwelt, die Motorik, Koordination und Kreativit\u00e4t f\u00f6rdert. Das Set besteht aus sieben unterschiedlich gro\u00dfen Stapelw\u00fcrfeln mit liebevollen Illustrationen und drei niedlichen Holzfiguren: Elefant, Fuchs und L\u00f6we. Kinder k\u00f6nnen die W\u00fcrfel stapeln, kombinieren und die Tiere hindurchspielen lassen. Jede Seite der [&hellip;]","og_url":"https:\/\/ses-creative.com\/de\/produkt\/stapelwuerfel-mit-tierfiguren\/","og_site_name":"SES Creative","article_modified_time":"2026-02-06T09:51:30+00:00","twitter_card":"summary_large_image","twitter_misc":{"Gesch\u00e4tzte Lesezeit":"1\u00a0Minute"},"schema":{"@context":"https:\/\/schema.org","@graph":[{"@type":"WebPage","@id":"https:\/\/ses-creative.com\/de\/produkt\/stapelwuerfel-mit-tierfiguren\/","url":"https:\/\/ses-creative.com\/de\/produkt\/stapelwuerfel-mit-tierfiguren\/","name":"Stapelw\u00fcrfel mit Tierfiguren - SES Creative","isPartOf":{"@id":"https:\/\/ses-creative.com\/#website"},"primaryImageOfPage":{"@id":"https:\/\/ses-creative.com\/de\/produkt\/stapelwuerfel-mit-tierfiguren\/#primaryimage"},"image":{"@id":"https:\/\/ses-creative.com\/de\/produkt\/stapelwuerfel-mit-tierfiguren\/#primaryimage"},"thumbnailUrl":"https:\/\/ses-creative.com\/wp-content\/uploads\/2026\/01\/131421.jpg","datePublished":"2026-02-05T13:52:31+00:00","dateModified":"2026-02-06T09:51:30+00:00","breadcrumb":{"@id":"https:\/\/ses-creative.com\/de\/produkt\/stapelwuerfel-mit-tierfiguren\/#breadcrumb"},"inLanguage":"de","potentialAction":[{"@type":"ReadAction","target":["https:\/\/ses-creative.com\/de\/produkt\/stapelwuerfel-mit-tierfiguren\/"]}]},{"@type":"ImageObject","inLanguage":"de","@id":"https:\/\/ses-creative.com\/de\/produkt\/stapelwuerfel-mit-tierfiguren\/#primaryimage","url":"https:\/\/ses-creative.com\/wp-content\/uploads\/2026\/01\/131421.jpg","contentUrl":"https:\/\/ses-creative.com\/wp-content\/uploads\/2026\/01\/131421.jpg","width":1000,"height":1000},{"@type":"BreadcrumbList","@id":"https:\/\/ses-creative.com\/de\/produkt\/stapelwuerfel-mit-tierfiguren\/#breadcrumb","itemListElement":[{"@type":"ListItem","position":1,"name":"Shop","item":"https:\/\/ses-creative.com\/de\/shop\/"},{"@type":"ListItem","position":2,"name":"Baby &amp; Kleinkind","item":"https:\/\/ses-creative.com\/de\/product-categorie\/baby-kleinkind\/"},{"@type":"ListItem","position":3,"name":"Stapelw\u00fcrfel mit Tierfiguren"}]},{"@type":"WebSite","@id":"https:\/\/ses-creative.com\/#website","url":"https:\/\/ses-creative.com\/","name":"SES Creative","description":"","publisher":{"@id":"https:\/\/ses-creative.com\/#organization"},"potentialAction":[{"@type":"SearchAction","target":{"@type":"EntryPoint","urlTemplate":"https:\/\/ses-creative.com\/?s={search_term_string}"},"query-input":{"@type":"PropertyValueSpecification","valueRequired":true,"valueName":"search_term_string"}}],"inLanguage":"de"},{"@type":"Organization","@id":"https:\/\/ses-creative.com\/#organization","name":"SES Creative","url":"https:\/\/ses-creative.com\/","logo":{"@type":"ImageObject","inLanguage":"de","@id":"https:\/\/ses-creative.com\/#\/schema\/logo\/image\/","url":"https:\/\/ses-creative.com\/wp-content\/uploads\/2025\/10\/ses-creative-logo.jpg","contentUrl":"https:\/\/ses-creative.com\/wp-content\/uploads\/2025\/10\/ses-creative-logo.jpg","width":2037,"height":2037,"caption":"SES Creative"},"image":{"@id":"https:\/\/ses-creative.com\/#\/schema\/logo\/image\/"}}]}},"_links":{"self":[{"href":"https:\/\/ses-creative.com\/de\/wp-json\/wp\/v2\/product\/114597","targetHints":{"allow":["GET"]}}],"collection":[{"href":"https:\/\/ses-creative.com\/de\/wp-json\/wp\/v2\/product"}],"about":[{"href":"https:\/\/ses-creative.com\/de\/wp-json\/wp\/v2\/types\/product"}],"replies":[{"embeddable":true,"href":"https:\/\/ses-creative.com\/de\/wp-json\/wp\/v2\/comments?post=114597"}],"wp:featuredmedia":[{"embeddable":true,"href":"https:\/\/ses-creative.com\/de\/wp-json\/wp\/v2\/media\/100888"}],"wp:attachment":[{"href":"https:\/\/ses-creative.com\/de\/wp-json\/wp\/v2\/media?parent=114597"}],"wp:term":[{"taxonomy":"product_brand","embeddable":true,"href":"https:\/\/ses-creative.com\/de\/wp-json\/wp\/v2\/product_brand?post=114597"},{"taxonomy":"product_cat","embeddable":true,"href":"https:\/\/ses-creative.com\/de\/wp-json\/wp\/v2\/product_cat?post=114597"},{"taxonomy":"product_tag","embeddable":true,"href":"https:\/\/ses-creative.com\/de\/wp-json\/wp\/v2\/product_tag?post=114597"}],"curies":[{"name":"wp","href":"https:\/\/api.w.org\/{rel}","templated":true}]}}