











{"id":114596,"date":"2026-02-05T13:52:31","date_gmt":"2026-02-05T13:52:31","guid":{"rendered":"https:\/\/ses-creative.com\/?post_type=product&#038;p=114596"},"modified":"2026-02-06T09:51:30","modified_gmt":"2026-02-06T09:51:30","slug":"faedelperlen-tiere-aus-holz","status":"publish","type":"product","link":"https:\/\/ses-creative.com\/de\/produkt\/faedelperlen-tiere-aus-holz\/","title":{"rendered":"F\u00e4delperlen-Tiere aus Holz"},"content":{"rendered":"<p>Holztiere zum Auff\u00e4deln: Lehrreich und unterhaltsam f\u00fcr die Kleinen!<br \/>\nMit diesem fr\u00f6hlichen F\u00e4del-Set von SES Creative lernen die Kleinen auf sichere und einfache Weise das F\u00e4deln von Perlen! Die gro\u00dfen Perlen sind leicht zu greifen und die Perlen mit fr\u00f6hlichen Tieren lassen sich einfach aneinander f\u00e4deln. Die F\u00e4delschnur wird mit einer festen Tierperle und einer Holz-Nadel geliefert, was das F\u00e4deln sehr einfach macht.<br \/>\nWas dieses Set so toll macht<br \/>\n&#8211;    Sch\u00f6ne Holzperlen mit Tierfiguren<br \/>\n&#8211;    Sichere Art, das Auff\u00e4deln zu lernen<br \/>\n&#8211;    Da die Endperle am Faden befestigt ist, fallen die Perlen beim Auff\u00e4deln nicht vom Faden<br \/>\n&#8211;    Die gro\u00dfen Perlen lassen sich mit kleinen H\u00e4nden leicht greifen und handhaben<br \/>\n&#8211;    F\u00f6rdert die motorischen F\u00e4higkeiten und regt Kinder zu kreativen Kombinationen an<br \/>\nWarum dies perfekt f\u00fcr Sie ist<br \/>\nDieses Set ist ideal f\u00fcr kleine Kinder, um auf sichere Weise die ersten Schritte im Auff\u00e4deln von Perlen zu machen. Die stabile Holzadel erleichtert es kleinen H\u00e4nden, die Perlen aufzunehmen und aufzuf\u00e4deln. Diese Aktivit\u00e4t f\u00f6rdert die Entwicklung der Hand-Augen-Koordination und der Feinmotorik, w\u00e4hrend die Kinder Spa\u00df mit den niedlichen Tierfiguren haben. Die Materialien sind sicher und langlebig, was es ideal f\u00fcr Eltern macht, die ihre Kinder gleichzeitig spielen und lernen lassen m\u00f6chten.<br \/>\nInhalt des Sets<br \/>\n&#8211;    F\u00e4delschnur mit Holznadel und feststehender Tierperle<br \/>\n&#8211;    5 Tierperlen<br \/>\nWarum SES Creative w\u00e4hlen?<br \/>\nBei SES Creative legen wir gro\u00dfen Wert auf Sicherheit. Deshalb werden die Produkte in unserer Fabrik in den Niederlanden nach den strengsten europ\u00e4ischen Sicherheitsstandards hergestellt und getestet. Spielzeug von SES Creative macht Spa\u00df und soll Kindern ein Gef\u00fchl der Stolz auf ihre Arbeit vermitteln, was ihre Kreativit\u00e4t und Entwicklung f\u00f6rdert.<br \/>\nBeginnen Sie noch heute Ihr F\u00e4delabenteuer<br \/>\nEntdecken Sie, wie viel Spa\u00df es machen und wie lehrreich es sein kann, mit den Holztiereperlen von SES Creative zu basteln. Perfekt f\u00fcr die Kleinsten, um ihre ersten Kreationen zu gestalten!<\/p>\n","protected":false},"excerpt":{"rendered":"<p>Holztiere zum Auff\u00e4deln: Lehrreich und unterhaltsam f\u00fcr die Kleinen! Mit diesem fr\u00f6hlichen F\u00e4del-Set von SES Creative lernen die Kleinen auf sichere und einfache Weise das F\u00e4deln von Perlen! Die gro\u00dfen Perlen sind leicht zu greifen und die Perlen mit fr\u00f6hlichen Tieren lassen sich einfach aneinander f\u00e4deln. Die F\u00e4delschnur wird mit einer festen Tierperle und einer [&hellip;]<\/p>\n","protected":false},"featured_media":100868,"comment_status":"closed","ping_status":"closed","template":"","meta":{"_acf_changed":false},"product_brand":[],"product_cat":[116],"product_tag":[],"class_list":{"0":"post-114596","1":"product","2":"type-product","3":"status-publish","4":"has-post-thumbnail","6":"product_cat-baby-kleinkind","7":"pa_leeftijd-filter-0-2-jahre","8":"pa_meest-populair-bij-jungen-maedchen","10":"first","11":"instock","12":"shipping-taxable","13":"product-type-simple"},"acf":[],"yoast_head":"<!-- This site is optimized with the Yoast SEO plugin v27.2 - https:\/\/yoast.com\/product\/yoast-seo-wordpress\/ -->\n<title>F\u00e4delperlen-Tiere aus Holz - SES Creative<\/title>\n<meta name=\"robots\" content=\"index, follow, max-snippet:-1, max-image-preview:large, max-video-preview:-1\" \/>\n<link rel=\"canonical\" href=\"https:\/\/ses-creative.com\/de\/produkt\/faedelperlen-tiere-aus-holz\/\" \/>\n<meta property=\"og:locale\" content=\"de_DE\" \/>\n<meta property=\"og:type\" content=\"article\" \/>\n<meta property=\"og:title\" content=\"F\u00e4delperlen-Tiere aus Holz - SES Creative\" \/>\n<meta property=\"og:description\" content=\"Holztiere zum Auff\u00e4deln: Lehrreich und unterhaltsam f\u00fcr die Kleinen! Mit diesem fr\u00f6hlichen F\u00e4del-Set von SES Creative lernen die Kleinen auf sichere und einfache Weise das F\u00e4deln von Perlen! Die gro\u00dfen Perlen sind leicht zu greifen und die Perlen mit fr\u00f6hlichen Tieren lassen sich einfach aneinander f\u00e4deln. Die F\u00e4delschnur wird mit einer festen Tierperle und einer [&hellip;]\" \/>\n<meta property=\"og:url\" content=\"https:\/\/ses-creative.com\/de\/produkt\/faedelperlen-tiere-aus-holz\/\" \/>\n<meta property=\"og:site_name\" content=\"SES Creative\" \/>\n<meta property=\"article:modified_time\" content=\"2026-02-06T09:51:30+00:00\" \/>\n<meta name=\"twitter:card\" content=\"summary_large_image\" \/>\n<meta name=\"twitter:label1\" content=\"Gesch\u00e4tzte Lesezeit\" \/>\n\t<meta name=\"twitter:data1\" content=\"2\u00a0Minuten\" \/>\n<script type=\"application\/ld+json\" class=\"yoast-schema-graph\">{\"@context\":\"https:\/\/schema.org\",\"@graph\":[{\"@type\":\"WebPage\",\"@id\":\"https:\/\/ses-creative.com\/de\/produkt\/faedelperlen-tiere-aus-holz\/\",\"url\":\"https:\/\/ses-creative.com\/de\/produkt\/faedelperlen-tiere-aus-holz\/\",\"name\":\"F\u00e4delperlen-Tiere aus Holz - SES Creative\",\"isPartOf\":{\"@id\":\"https:\/\/ses-creative.com\/#website\"},\"primaryImageOfPage\":{\"@id\":\"https:\/\/ses-creative.com\/de\/produkt\/faedelperlen-tiere-aus-holz\/#primaryimage\"},\"image\":{\"@id\":\"https:\/\/ses-creative.com\/de\/produkt\/faedelperlen-tiere-aus-holz\/#primaryimage\"},\"thumbnailUrl\":\"https:\/\/ses-creative.com\/wp-content\/uploads\/2026\/01\/131411.jpg\",\"datePublished\":\"2026-02-05T13:52:31+00:00\",\"dateModified\":\"2026-02-06T09:51:30+00:00\",\"breadcrumb\":{\"@id\":\"https:\/\/ses-creative.com\/de\/produkt\/faedelperlen-tiere-aus-holz\/#breadcrumb\"},\"inLanguage\":\"de\",\"potentialAction\":[{\"@type\":\"ReadAction\",\"target\":[\"https:\/\/ses-creative.com\/de\/produkt\/faedelperlen-tiere-aus-holz\/\"]}]},{\"@type\":\"ImageObject\",\"inLanguage\":\"de\",\"@id\":\"https:\/\/ses-creative.com\/de\/produkt\/faedelperlen-tiere-aus-holz\/#primaryimage\",\"url\":\"https:\/\/ses-creative.com\/wp-content\/uploads\/2026\/01\/131411.jpg\",\"contentUrl\":\"https:\/\/ses-creative.com\/wp-content\/uploads\/2026\/01\/131411.jpg\",\"width\":1000,\"height\":1000},{\"@type\":\"BreadcrumbList\",\"@id\":\"https:\/\/ses-creative.com\/de\/produkt\/faedelperlen-tiere-aus-holz\/#breadcrumb\",\"itemListElement\":[{\"@type\":\"ListItem\",\"position\":1,\"name\":\"Shop\",\"item\":\"https:\/\/ses-creative.com\/de\/shop\/\"},{\"@type\":\"ListItem\",\"position\":2,\"name\":\"Baby &amp; Kleinkind\",\"item\":\"https:\/\/ses-creative.com\/de\/product-categorie\/baby-kleinkind\/\"},{\"@type\":\"ListItem\",\"position\":3,\"name\":\"F\u00e4delperlen-Tiere aus Holz\"}]},{\"@type\":\"WebSite\",\"@id\":\"https:\/\/ses-creative.com\/#website\",\"url\":\"https:\/\/ses-creative.com\/\",\"name\":\"SES Creative\",\"description\":\"\",\"publisher\":{\"@id\":\"https:\/\/ses-creative.com\/#organization\"},\"potentialAction\":[{\"@type\":\"SearchAction\",\"target\":{\"@type\":\"EntryPoint\",\"urlTemplate\":\"https:\/\/ses-creative.com\/?s={search_term_string}\"},\"query-input\":{\"@type\":\"PropertyValueSpecification\",\"valueRequired\":true,\"valueName\":\"search_term_string\"}}],\"inLanguage\":\"de\"},{\"@type\":\"Organization\",\"@id\":\"https:\/\/ses-creative.com\/#organization\",\"name\":\"SES Creative\",\"url\":\"https:\/\/ses-creative.com\/\",\"logo\":{\"@type\":\"ImageObject\",\"inLanguage\":\"de\",\"@id\":\"https:\/\/ses-creative.com\/#\/schema\/logo\/image\/\",\"url\":\"https:\/\/ses-creative.com\/wp-content\/uploads\/2025\/10\/ses-creative-logo.jpg\",\"contentUrl\":\"https:\/\/ses-creative.com\/wp-content\/uploads\/2025\/10\/ses-creative-logo.jpg\",\"width\":2037,\"height\":2037,\"caption\":\"SES Creative\"},\"image\":{\"@id\":\"https:\/\/ses-creative.com\/#\/schema\/logo\/image\/\"}}]}<\/script>\n<!-- \/ Yoast SEO plugin. -->","yoast_head_json":{"title":"F\u00e4delperlen-Tiere aus Holz - SES Creative","robots":{"index":"index","follow":"follow","max-snippet":"max-snippet:-1","max-image-preview":"max-image-preview:large","max-video-preview":"max-video-preview:-1"},"canonical":"https:\/\/ses-creative.com\/de\/produkt\/faedelperlen-tiere-aus-holz\/","og_locale":"de_DE","og_type":"article","og_title":"F\u00e4delperlen-Tiere aus Holz - SES Creative","og_description":"Holztiere zum Auff\u00e4deln: Lehrreich und unterhaltsam f\u00fcr die Kleinen! Mit diesem fr\u00f6hlichen F\u00e4del-Set von SES Creative lernen die Kleinen auf sichere und einfache Weise das F\u00e4deln von Perlen! Die gro\u00dfen Perlen sind leicht zu greifen und die Perlen mit fr\u00f6hlichen Tieren lassen sich einfach aneinander f\u00e4deln. Die F\u00e4delschnur wird mit einer festen Tierperle und einer [&hellip;]","og_url":"https:\/\/ses-creative.com\/de\/produkt\/faedelperlen-tiere-aus-holz\/","og_site_name":"SES Creative","article_modified_time":"2026-02-06T09:51:30+00:00","twitter_card":"summary_large_image","twitter_misc":{"Gesch\u00e4tzte Lesezeit":"2\u00a0Minuten"},"schema":{"@context":"https:\/\/schema.org","@graph":[{"@type":"WebPage","@id":"https:\/\/ses-creative.com\/de\/produkt\/faedelperlen-tiere-aus-holz\/","url":"https:\/\/ses-creative.com\/de\/produkt\/faedelperlen-tiere-aus-holz\/","name":"F\u00e4delperlen-Tiere aus Holz - SES Creative","isPartOf":{"@id":"https:\/\/ses-creative.com\/#website"},"primaryImageOfPage":{"@id":"https:\/\/ses-creative.com\/de\/produkt\/faedelperlen-tiere-aus-holz\/#primaryimage"},"image":{"@id":"https:\/\/ses-creative.com\/de\/produkt\/faedelperlen-tiere-aus-holz\/#primaryimage"},"thumbnailUrl":"https:\/\/ses-creative.com\/wp-content\/uploads\/2026\/01\/131411.jpg","datePublished":"2026-02-05T13:52:31+00:00","dateModified":"2026-02-06T09:51:30+00:00","breadcrumb":{"@id":"https:\/\/ses-creative.com\/de\/produkt\/faedelperlen-tiere-aus-holz\/#breadcrumb"},"inLanguage":"de","potentialAction":[{"@type":"ReadAction","target":["https:\/\/ses-creative.com\/de\/produkt\/faedelperlen-tiere-aus-holz\/"]}]},{"@type":"ImageObject","inLanguage":"de","@id":"https:\/\/ses-creative.com\/de\/produkt\/faedelperlen-tiere-aus-holz\/#primaryimage","url":"https:\/\/ses-creative.com\/wp-content\/uploads\/2026\/01\/131411.jpg","contentUrl":"https:\/\/ses-creative.com\/wp-content\/uploads\/2026\/01\/131411.jpg","width":1000,"height":1000},{"@type":"BreadcrumbList","@id":"https:\/\/ses-creative.com\/de\/produkt\/faedelperlen-tiere-aus-holz\/#breadcrumb","itemListElement":[{"@type":"ListItem","position":1,"name":"Shop","item":"https:\/\/ses-creative.com\/de\/shop\/"},{"@type":"ListItem","position":2,"name":"Baby &amp; Kleinkind","item":"https:\/\/ses-creative.com\/de\/product-categorie\/baby-kleinkind\/"},{"@type":"ListItem","position":3,"name":"F\u00e4delperlen-Tiere aus Holz"}]},{"@type":"WebSite","@id":"https:\/\/ses-creative.com\/#website","url":"https:\/\/ses-creative.com\/","name":"SES Creative","description":"","publisher":{"@id":"https:\/\/ses-creative.com\/#organization"},"potentialAction":[{"@type":"SearchAction","target":{"@type":"EntryPoint","urlTemplate":"https:\/\/ses-creative.com\/?s={search_term_string}"},"query-input":{"@type":"PropertyValueSpecification","valueRequired":true,"valueName":"search_term_string"}}],"inLanguage":"de"},{"@type":"Organization","@id":"https:\/\/ses-creative.com\/#organization","name":"SES Creative","url":"https:\/\/ses-creative.com\/","logo":{"@type":"ImageObject","inLanguage":"de","@id":"https:\/\/ses-creative.com\/#\/schema\/logo\/image\/","url":"https:\/\/ses-creative.com\/wp-content\/uploads\/2025\/10\/ses-creative-logo.jpg","contentUrl":"https:\/\/ses-creative.com\/wp-content\/uploads\/2025\/10\/ses-creative-logo.jpg","width":2037,"height":2037,"caption":"SES Creative"},"image":{"@id":"https:\/\/ses-creative.com\/#\/schema\/logo\/image\/"}}]}},"_links":{"self":[{"href":"https:\/\/ses-creative.com\/de\/wp-json\/wp\/v2\/product\/114596","targetHints":{"allow":["GET"]}}],"collection":[{"href":"https:\/\/ses-creative.com\/de\/wp-json\/wp\/v2\/product"}],"about":[{"href":"https:\/\/ses-creative.com\/de\/wp-json\/wp\/v2\/types\/product"}],"replies":[{"embeddable":true,"href":"https:\/\/ses-creative.com\/de\/wp-json\/wp\/v2\/comments?post=114596"}],"wp:featuredmedia":[{"embeddable":true,"href":"https:\/\/ses-creative.com\/de\/wp-json\/wp\/v2\/media\/100868"}],"wp:attachment":[{"href":"https:\/\/ses-creative.com\/de\/wp-json\/wp\/v2\/media?parent=114596"}],"wp:term":[{"taxonomy":"product_brand","embeddable":true,"href":"https:\/\/ses-creative.com\/de\/wp-json\/wp\/v2\/product_brand?post=114596"},{"taxonomy":"product_cat","embeddable":true,"href":"https:\/\/ses-creative.com\/de\/wp-json\/wp\/v2\/product_cat?post=114596"},{"taxonomy":"product_tag","embeddable":true,"href":"https:\/\/ses-creative.com\/de\/wp-json\/wp\/v2\/product_tag?post=114596"}],"curies":[{"name":"wp","href":"https:\/\/api.w.org\/{rel}","templated":true}]}}