











{"id":114594,"date":"2026-02-05T13:52:30","date_gmt":"2026-02-05T13:52:30","guid":{"rendered":"https:\/\/ses-creative.com\/?post_type=product&#038;p=114594"},"modified":"2026-02-06T09:51:30","modified_gmt":"2026-02-06T09:51:30","slug":"donkey-guck-guck-spiel-plueschesel","status":"publish","type":"product","link":"https:\/\/ses-creative.com\/de\/produkt\/donkey-guck-guck-spiel-plueschesel\/","title":{"rendered":"Donkey &#8211; Guck Guck Spiel Pl\u00fcschesel"},"content":{"rendered":"<p>Spielen Sie Kuckuck mit Ihrem neuen besten Kuschelfreund!<br \/>\nLerne den \u201eDonkey \u2013 Peekaboo Cuddle\u201c kennen, diesen Esel-Kuscheltier, der nicht nur ein Kuscheltier ist \u2013 er erwacht zum Leben, wenn du seinen Fu\u00df dr\u00fcckst! Seine Ohren flattern auf und ab, w\u00e4hrend er Peekaboo spielt, was f\u00fcr viel Lachen und Spa\u00df sorgt. Dieses niedliche Kuscheltier hebt das klassische Kuckuck-Spiel auf ein ganz neues Niveau. Perfekt f\u00fcr kleine Kinder, die weiche Kuscheltiere und interaktives Spielen lieben.<br \/>\nWas dieses Set so toll macht<br \/>\n&#8211;    Funktioniert durch Dr\u00fccken, also ohne Batterien<br \/>\n&#8211;    Superweicher Stoff, perfekt zum Kuscheln und Spielen<br \/>\n&#8211;    F\u00f6rdert interaktives Spielen und die sensorische Entwicklung<br \/>\n&#8211;    Geeignet f\u00fcr Kinder ab 10 Monaten<br \/>\n&#8211;    Tolle Geschenkidee f\u00fcr kleine Kinder<br \/>\nWarum es perfekt f\u00fcr Sie ist<br \/>\nDer Esel wedelt mit den Ohren, wenn man ihm in den Fu\u00df dr\u00fcckt. Diese einfache, aber clevere Funktion macht das Kuckuckspiel noch lustiger und f\u00f6rdert die Interaktion zwischen Eltern und Kind. Das Kuscheltier ist aus superweichem Stoff gefertigt, der sich perfekt zum Kuscheln eignet. Au\u00dferdem funktioniert der Esel ohne Batterien, sodass der Spa\u00df nie aufh\u00f6rt. Das macht das Kuscheltier nicht nur lustig, sondern auch umweltfreundlich und nachhaltig.<br \/>\nInhalt des Sets<br \/>\n&#8211;    Kuscheltier Esel mit flatternden Ohren<br \/>\nWarum SES Creative w\u00e4hlen?<br \/>\nBei SES Creative legen wir gro\u00dfen Wert auf Sicherheit. Deshalb werden die Produkte in der Fabrik in den Niederlanden nach den strengsten europ\u00e4ischen Sicherheitsstandards hergestellt und getestet. Spielzeug von SES Creative sorgt f\u00fcr Spa\u00df und soll Kindern ein Gef\u00fchl der Stolz auf ihre Arbeit vermitteln, was ihre Kreativit\u00e4t und Entwicklung f\u00f6rdert.<br \/>\nEntdecken Sie den Spa\u00df am Kuckuck!<br \/>\nMit dem \u201eDonkey \u2013 Peekaboo-Kuscheltier\u201d schenken Sie Ihrem Kind einen weichen Freund, der f\u00fcr endlosen Spielspa\u00df sorgt. Perfekt f\u00fcr die Kleinsten, die interaktives Spielen und Kuscheln lieben. Probieren Sie es aus und entdecken Sie, wie viel Spa\u00df es macht, mit diesem niedlichen Esel Peekaboo zu spielen!<\/p>\n","protected":false},"excerpt":{"rendered":"<p>Spielen Sie Kuckuck mit Ihrem neuen besten Kuschelfreund! Lerne den \u201eDonkey \u2013 Peekaboo Cuddle\u201c kennen, diesen Esel-Kuscheltier, der nicht nur ein Kuscheltier ist \u2013 er erwacht zum Leben, wenn du seinen Fu\u00df dr\u00fcckst! Seine Ohren flattern auf und ab, w\u00e4hrend er Peekaboo spielt, was f\u00fcr viel Lachen und Spa\u00df sorgt. Dieses niedliche Kuscheltier hebt das [&hellip;]<\/p>\n","protected":false},"featured_media":100828,"comment_status":"closed","ping_status":"closed","template":"","meta":{"_acf_changed":false},"product_brand":[],"product_cat":[116],"product_tag":[],"class_list":{"0":"post-114594","1":"product","2":"type-product","3":"status-publish","4":"has-post-thumbnail","6":"product_cat-baby-kleinkind","7":"pa_leeftijd-filter-0-2-jahre","8":"pa_meest-populair-bij-jungen-maedchen","10":"first","11":"instock","12":"shipping-taxable","13":"product-type-simple"},"acf":[],"yoast_head":"<!-- This site is optimized with the Yoast SEO plugin v27.2 - https:\/\/yoast.com\/product\/yoast-seo-wordpress\/ -->\n<title>Donkey - Guck Guck Spiel Pl\u00fcschesel - SES Creative<\/title>\n<meta name=\"robots\" content=\"index, follow, max-snippet:-1, max-image-preview:large, max-video-preview:-1\" \/>\n<link rel=\"canonical\" href=\"https:\/\/ses-creative.com\/de\/produkt\/donkey-guck-guck-spiel-plueschesel\/\" \/>\n<meta property=\"og:locale\" content=\"de_DE\" \/>\n<meta property=\"og:type\" content=\"article\" \/>\n<meta property=\"og:title\" content=\"Donkey - Guck Guck Spiel Pl\u00fcschesel - SES Creative\" \/>\n<meta property=\"og:description\" content=\"Spielen Sie Kuckuck mit Ihrem neuen besten Kuschelfreund! Lerne den \u201eDonkey \u2013 Peekaboo Cuddle\u201c kennen, diesen Esel-Kuscheltier, der nicht nur ein Kuscheltier ist \u2013 er erwacht zum Leben, wenn du seinen Fu\u00df dr\u00fcckst! Seine Ohren flattern auf und ab, w\u00e4hrend er Peekaboo spielt, was f\u00fcr viel Lachen und Spa\u00df sorgt. Dieses niedliche Kuscheltier hebt das [&hellip;]\" \/>\n<meta property=\"og:url\" content=\"https:\/\/ses-creative.com\/de\/produkt\/donkey-guck-guck-spiel-plueschesel\/\" \/>\n<meta property=\"og:site_name\" content=\"SES Creative\" \/>\n<meta property=\"article:modified_time\" content=\"2026-02-06T09:51:30+00:00\" \/>\n<meta name=\"twitter:card\" content=\"summary_large_image\" \/>\n<meta name=\"twitter:label1\" content=\"Gesch\u00e4tzte Lesezeit\" \/>\n\t<meta name=\"twitter:data1\" content=\"2\u00a0Minuten\" \/>\n<script type=\"application\/ld+json\" class=\"yoast-schema-graph\">{\"@context\":\"https:\/\/schema.org\",\"@graph\":[{\"@type\":\"WebPage\",\"@id\":\"https:\/\/ses-creative.com\/de\/produkt\/donkey-guck-guck-spiel-plueschesel\/\",\"url\":\"https:\/\/ses-creative.com\/de\/produkt\/donkey-guck-guck-spiel-plueschesel\/\",\"name\":\"Donkey - Guck Guck Spiel Pl\u00fcschesel - SES Creative\",\"isPartOf\":{\"@id\":\"https:\/\/ses-creative.com\/#website\"},\"primaryImageOfPage\":{\"@id\":\"https:\/\/ses-creative.com\/de\/produkt\/donkey-guck-guck-spiel-plueschesel\/#primaryimage\"},\"image\":{\"@id\":\"https:\/\/ses-creative.com\/de\/produkt\/donkey-guck-guck-spiel-plueschesel\/#primaryimage\"},\"thumbnailUrl\":\"https:\/\/ses-creative.com\/wp-content\/uploads\/2026\/01\/131361.jpg\",\"datePublished\":\"2026-02-05T13:52:30+00:00\",\"dateModified\":\"2026-02-06T09:51:30+00:00\",\"breadcrumb\":{\"@id\":\"https:\/\/ses-creative.com\/de\/produkt\/donkey-guck-guck-spiel-plueschesel\/#breadcrumb\"},\"inLanguage\":\"de\",\"potentialAction\":[{\"@type\":\"ReadAction\",\"target\":[\"https:\/\/ses-creative.com\/de\/produkt\/donkey-guck-guck-spiel-plueschesel\/\"]}]},{\"@type\":\"ImageObject\",\"inLanguage\":\"de\",\"@id\":\"https:\/\/ses-creative.com\/de\/produkt\/donkey-guck-guck-spiel-plueschesel\/#primaryimage\",\"url\":\"https:\/\/ses-creative.com\/wp-content\/uploads\/2026\/01\/131361.jpg\",\"contentUrl\":\"https:\/\/ses-creative.com\/wp-content\/uploads\/2026\/01\/131361.jpg\",\"width\":1000,\"height\":1000},{\"@type\":\"BreadcrumbList\",\"@id\":\"https:\/\/ses-creative.com\/de\/produkt\/donkey-guck-guck-spiel-plueschesel\/#breadcrumb\",\"itemListElement\":[{\"@type\":\"ListItem\",\"position\":1,\"name\":\"Shop\",\"item\":\"https:\/\/ses-creative.com\/de\/shop\/\"},{\"@type\":\"ListItem\",\"position\":2,\"name\":\"Baby &amp; Kleinkind\",\"item\":\"https:\/\/ses-creative.com\/de\/product-categorie\/baby-kleinkind\/\"},{\"@type\":\"ListItem\",\"position\":3,\"name\":\"Donkey &#8211; Guck Guck Spiel Pl\u00fcschesel\"}]},{\"@type\":\"WebSite\",\"@id\":\"https:\/\/ses-creative.com\/#website\",\"url\":\"https:\/\/ses-creative.com\/\",\"name\":\"SES Creative\",\"description\":\"\",\"publisher\":{\"@id\":\"https:\/\/ses-creative.com\/#organization\"},\"potentialAction\":[{\"@type\":\"SearchAction\",\"target\":{\"@type\":\"EntryPoint\",\"urlTemplate\":\"https:\/\/ses-creative.com\/?s={search_term_string}\"},\"query-input\":{\"@type\":\"PropertyValueSpecification\",\"valueRequired\":true,\"valueName\":\"search_term_string\"}}],\"inLanguage\":\"de\"},{\"@type\":\"Organization\",\"@id\":\"https:\/\/ses-creative.com\/#organization\",\"name\":\"SES Creative\",\"url\":\"https:\/\/ses-creative.com\/\",\"logo\":{\"@type\":\"ImageObject\",\"inLanguage\":\"de\",\"@id\":\"https:\/\/ses-creative.com\/#\/schema\/logo\/image\/\",\"url\":\"https:\/\/ses-creative.com\/wp-content\/uploads\/2025\/10\/ses-creative-logo.jpg\",\"contentUrl\":\"https:\/\/ses-creative.com\/wp-content\/uploads\/2025\/10\/ses-creative-logo.jpg\",\"width\":2037,\"height\":2037,\"caption\":\"SES Creative\"},\"image\":{\"@id\":\"https:\/\/ses-creative.com\/#\/schema\/logo\/image\/\"}}]}<\/script>\n<!-- \/ Yoast SEO plugin. -->","yoast_head_json":{"title":"Donkey - Guck Guck Spiel Pl\u00fcschesel - SES Creative","robots":{"index":"index","follow":"follow","max-snippet":"max-snippet:-1","max-image-preview":"max-image-preview:large","max-video-preview":"max-video-preview:-1"},"canonical":"https:\/\/ses-creative.com\/de\/produkt\/donkey-guck-guck-spiel-plueschesel\/","og_locale":"de_DE","og_type":"article","og_title":"Donkey - Guck Guck Spiel Pl\u00fcschesel - SES Creative","og_description":"Spielen Sie Kuckuck mit Ihrem neuen besten Kuschelfreund! Lerne den \u201eDonkey \u2013 Peekaboo Cuddle\u201c kennen, diesen Esel-Kuscheltier, der nicht nur ein Kuscheltier ist \u2013 er erwacht zum Leben, wenn du seinen Fu\u00df dr\u00fcckst! Seine Ohren flattern auf und ab, w\u00e4hrend er Peekaboo spielt, was f\u00fcr viel Lachen und Spa\u00df sorgt. Dieses niedliche Kuscheltier hebt das [&hellip;]","og_url":"https:\/\/ses-creative.com\/de\/produkt\/donkey-guck-guck-spiel-plueschesel\/","og_site_name":"SES Creative","article_modified_time":"2026-02-06T09:51:30+00:00","twitter_card":"summary_large_image","twitter_misc":{"Gesch\u00e4tzte Lesezeit":"2\u00a0Minuten"},"schema":{"@context":"https:\/\/schema.org","@graph":[{"@type":"WebPage","@id":"https:\/\/ses-creative.com\/de\/produkt\/donkey-guck-guck-spiel-plueschesel\/","url":"https:\/\/ses-creative.com\/de\/produkt\/donkey-guck-guck-spiel-plueschesel\/","name":"Donkey - Guck Guck Spiel Pl\u00fcschesel - SES Creative","isPartOf":{"@id":"https:\/\/ses-creative.com\/#website"},"primaryImageOfPage":{"@id":"https:\/\/ses-creative.com\/de\/produkt\/donkey-guck-guck-spiel-plueschesel\/#primaryimage"},"image":{"@id":"https:\/\/ses-creative.com\/de\/produkt\/donkey-guck-guck-spiel-plueschesel\/#primaryimage"},"thumbnailUrl":"https:\/\/ses-creative.com\/wp-content\/uploads\/2026\/01\/131361.jpg","datePublished":"2026-02-05T13:52:30+00:00","dateModified":"2026-02-06T09:51:30+00:00","breadcrumb":{"@id":"https:\/\/ses-creative.com\/de\/produkt\/donkey-guck-guck-spiel-plueschesel\/#breadcrumb"},"inLanguage":"de","potentialAction":[{"@type":"ReadAction","target":["https:\/\/ses-creative.com\/de\/produkt\/donkey-guck-guck-spiel-plueschesel\/"]}]},{"@type":"ImageObject","inLanguage":"de","@id":"https:\/\/ses-creative.com\/de\/produkt\/donkey-guck-guck-spiel-plueschesel\/#primaryimage","url":"https:\/\/ses-creative.com\/wp-content\/uploads\/2026\/01\/131361.jpg","contentUrl":"https:\/\/ses-creative.com\/wp-content\/uploads\/2026\/01\/131361.jpg","width":1000,"height":1000},{"@type":"BreadcrumbList","@id":"https:\/\/ses-creative.com\/de\/produkt\/donkey-guck-guck-spiel-plueschesel\/#breadcrumb","itemListElement":[{"@type":"ListItem","position":1,"name":"Shop","item":"https:\/\/ses-creative.com\/de\/shop\/"},{"@type":"ListItem","position":2,"name":"Baby &amp; Kleinkind","item":"https:\/\/ses-creative.com\/de\/product-categorie\/baby-kleinkind\/"},{"@type":"ListItem","position":3,"name":"Donkey &#8211; Guck Guck Spiel Pl\u00fcschesel"}]},{"@type":"WebSite","@id":"https:\/\/ses-creative.com\/#website","url":"https:\/\/ses-creative.com\/","name":"SES Creative","description":"","publisher":{"@id":"https:\/\/ses-creative.com\/#organization"},"potentialAction":[{"@type":"SearchAction","target":{"@type":"EntryPoint","urlTemplate":"https:\/\/ses-creative.com\/?s={search_term_string}"},"query-input":{"@type":"PropertyValueSpecification","valueRequired":true,"valueName":"search_term_string"}}],"inLanguage":"de"},{"@type":"Organization","@id":"https:\/\/ses-creative.com\/#organization","name":"SES Creative","url":"https:\/\/ses-creative.com\/","logo":{"@type":"ImageObject","inLanguage":"de","@id":"https:\/\/ses-creative.com\/#\/schema\/logo\/image\/","url":"https:\/\/ses-creative.com\/wp-content\/uploads\/2025\/10\/ses-creative-logo.jpg","contentUrl":"https:\/\/ses-creative.com\/wp-content\/uploads\/2025\/10\/ses-creative-logo.jpg","width":2037,"height":2037,"caption":"SES Creative"},"image":{"@id":"https:\/\/ses-creative.com\/#\/schema\/logo\/image\/"}}]}},"_links":{"self":[{"href":"https:\/\/ses-creative.com\/de\/wp-json\/wp\/v2\/product\/114594","targetHints":{"allow":["GET"]}}],"collection":[{"href":"https:\/\/ses-creative.com\/de\/wp-json\/wp\/v2\/product"}],"about":[{"href":"https:\/\/ses-creative.com\/de\/wp-json\/wp\/v2\/types\/product"}],"replies":[{"embeddable":true,"href":"https:\/\/ses-creative.com\/de\/wp-json\/wp\/v2\/comments?post=114594"}],"wp:featuredmedia":[{"embeddable":true,"href":"https:\/\/ses-creative.com\/de\/wp-json\/wp\/v2\/media\/100828"}],"wp:attachment":[{"href":"https:\/\/ses-creative.com\/de\/wp-json\/wp\/v2\/media?parent=114594"}],"wp:term":[{"taxonomy":"product_brand","embeddable":true,"href":"https:\/\/ses-creative.com\/de\/wp-json\/wp\/v2\/product_brand?post=114594"},{"taxonomy":"product_cat","embeddable":true,"href":"https:\/\/ses-creative.com\/de\/wp-json\/wp\/v2\/product_cat?post=114594"},{"taxonomy":"product_tag","embeddable":true,"href":"https:\/\/ses-creative.com\/de\/wp-json\/wp\/v2\/product_tag?post=114594"}],"curies":[{"name":"wp","href":"https:\/\/api.w.org\/{rel}","templated":true}]}}