











{"id":114593,"date":"2026-02-05T13:52:30","date_gmt":"2026-02-05T13:52:30","guid":{"rendered":"https:\/\/ses-creative.com\/?post_type=product&#038;p=114593"},"modified":"2026-02-06T09:51:30","modified_gmt":"2026-02-06T09:51:30","slug":"farbwechsel-badewannen-fische","status":"publish","type":"product","link":"https:\/\/ses-creative.com\/de\/produkt\/farbwechsel-badewannen-fische\/","title":{"rendered":"Farbwechsel Badewannen-Fische"},"content":{"rendered":"<p>Mit dem SES Creative Farbwechsel Badetiere Set aus der Tiny Talents Kollektion wird jede Badezeit zu einem spannenden Erlebnis. Die drei thermosensitiven Fische \u00e4ndern im warmen Wasser ihre Farben: gr\u00fcn zu gelb, lila zu rosa und blau zu wei\u00df. Sie k\u00f6nnen gestapelt, verbunden, als Schaufel oder Sieb verwendet werden \u2013 perfekt f\u00fcr kreativen Spielspa\u00df. Das Badespielzeug Baby ist C02 neutral, aus sicheren, ungiftigen Materialien gefertigt und geeignet f\u00fcr Kinder ab 10 Monaten. Das Farbwechsel Spielzeug f\u00f6rdert sensorische F\u00e4higkeiten und macht das Baden abwechslungsreich und lehrreich. Ein durchdachtes Wasserspielzeug Kleinkinder zur spielerischen Unterst\u00fctzung der kindlichen Entwicklung.<\/p>\n","protected":false},"excerpt":{"rendered":"<p>Mit dem SES Creative Farbwechsel Badetiere Set aus der Tiny Talents Kollektion wird jede Badezeit zu einem spannenden Erlebnis. Die drei thermosensitiven Fische \u00e4ndern im warmen Wasser ihre Farben: gr\u00fcn zu gelb, lila zu rosa und blau zu wei\u00df. Sie k\u00f6nnen gestapelt, verbunden, als Schaufel oder Sieb verwendet werden \u2013 perfekt f\u00fcr kreativen Spielspa\u00df. Das [&hellip;]<\/p>\n","protected":false},"featured_media":100808,"comment_status":"closed","ping_status":"closed","template":"","meta":{"_acf_changed":false},"product_brand":[],"product_cat":[116],"product_tag":[],"class_list":{"0":"post-114593","1":"product","2":"type-product","3":"status-publish","4":"has-post-thumbnail","6":"product_cat-baby-kleinkind","7":"pa_leeftijd-filter-0-2-jahre","8":"pa_meest-populair-bij-jungen-maedchen","10":"first","11":"instock","12":"shipping-taxable","13":"product-type-simple"},"acf":[],"yoast_head":"<!-- This site is optimized with the Yoast SEO plugin v27.4 - https:\/\/yoast.com\/product\/yoast-seo-wordpress\/ -->\n<title>Farbwechsel Badewannen-Fische - SES Creative<\/title>\n<meta name=\"robots\" content=\"index, follow, max-snippet:-1, max-image-preview:large, max-video-preview:-1\" \/>\n<link rel=\"canonical\" href=\"https:\/\/ses-creative.com\/de\/produkt\/farbwechsel-badewannen-fische\/\" \/>\n<meta property=\"og:locale\" content=\"de_DE\" \/>\n<meta property=\"og:type\" content=\"article\" \/>\n<meta property=\"og:title\" content=\"Farbwechsel Badewannen-Fische - SES Creative\" \/>\n<meta property=\"og:description\" content=\"Mit dem SES Creative Farbwechsel Badetiere Set aus der Tiny Talents Kollektion wird jede Badezeit zu einem spannenden Erlebnis. Die drei thermosensitiven Fische \u00e4ndern im warmen Wasser ihre Farben: gr\u00fcn zu gelb, lila zu rosa und blau zu wei\u00df. Sie k\u00f6nnen gestapelt, verbunden, als Schaufel oder Sieb verwendet werden \u2013 perfekt f\u00fcr kreativen Spielspa\u00df. Das [&hellip;]\" \/>\n<meta property=\"og:url\" content=\"https:\/\/ses-creative.com\/de\/produkt\/farbwechsel-badewannen-fische\/\" \/>\n<meta property=\"og:site_name\" content=\"SES Creative\" \/>\n<meta property=\"article:modified_time\" content=\"2026-02-06T09:51:30+00:00\" \/>\n<meta name=\"twitter:card\" content=\"summary_large_image\" \/>\n<meta name=\"twitter:label1\" content=\"Gesch\u00e4tzte Lesezeit\" \/>\n\t<meta name=\"twitter:data1\" content=\"1\u00a0Minute\" \/>\n<script type=\"application\/ld+json\" class=\"yoast-schema-graph\">{\"@context\":\"https:\\\/\\\/schema.org\",\"@graph\":[{\"@type\":\"WebPage\",\"@id\":\"https:\\\/\\\/ses-creative.com\\\/de\\\/produkt\\\/farbwechsel-badewannen-fische\\\/\",\"url\":\"https:\\\/\\\/ses-creative.com\\\/de\\\/produkt\\\/farbwechsel-badewannen-fische\\\/\",\"name\":\"Farbwechsel Badewannen-Fische - SES Creative\",\"isPartOf\":{\"@id\":\"https:\\\/\\\/ses-creative.com\\\/#website\"},\"primaryImageOfPage\":{\"@id\":\"https:\\\/\\\/ses-creative.com\\\/de\\\/produkt\\\/farbwechsel-badewannen-fische\\\/#primaryimage\"},\"image\":{\"@id\":\"https:\\\/\\\/ses-creative.com\\\/de\\\/produkt\\\/farbwechsel-badewannen-fische\\\/#primaryimage\"},\"thumbnailUrl\":\"https:\\\/\\\/ses-creative.com\\\/wp-content\\\/uploads\\\/2026\\\/01\\\/131351.jpg\",\"datePublished\":\"2026-02-05T13:52:30+00:00\",\"dateModified\":\"2026-02-06T09:51:30+00:00\",\"breadcrumb\":{\"@id\":\"https:\\\/\\\/ses-creative.com\\\/de\\\/produkt\\\/farbwechsel-badewannen-fische\\\/#breadcrumb\"},\"inLanguage\":\"de\",\"potentialAction\":[{\"@type\":\"ReadAction\",\"target\":[\"https:\\\/\\\/ses-creative.com\\\/de\\\/produkt\\\/farbwechsel-badewannen-fische\\\/\"]}]},{\"@type\":\"ImageObject\",\"inLanguage\":\"de\",\"@id\":\"https:\\\/\\\/ses-creative.com\\\/de\\\/produkt\\\/farbwechsel-badewannen-fische\\\/#primaryimage\",\"url\":\"https:\\\/\\\/ses-creative.com\\\/wp-content\\\/uploads\\\/2026\\\/01\\\/131351.jpg\",\"contentUrl\":\"https:\\\/\\\/ses-creative.com\\\/wp-content\\\/uploads\\\/2026\\\/01\\\/131351.jpg\",\"width\":1000,\"height\":1000},{\"@type\":\"BreadcrumbList\",\"@id\":\"https:\\\/\\\/ses-creative.com\\\/de\\\/produkt\\\/farbwechsel-badewannen-fische\\\/#breadcrumb\",\"itemListElement\":[{\"@type\":\"ListItem\",\"position\":1,\"name\":\"Shop\",\"item\":\"https:\\\/\\\/ses-creative.com\\\/de\\\/shop\\\/\"},{\"@type\":\"ListItem\",\"position\":2,\"name\":\"Baby &amp; Kleinkind\",\"item\":\"https:\\\/\\\/ses-creative.com\\\/de\\\/product-categorie\\\/baby-kleinkind\\\/\"},{\"@type\":\"ListItem\",\"position\":3,\"name\":\"Farbwechsel Badewannen-Fische\"}]},{\"@type\":\"WebSite\",\"@id\":\"https:\\\/\\\/ses-creative.com\\\/#website\",\"url\":\"https:\\\/\\\/ses-creative.com\\\/\",\"name\":\"SES Creative\",\"description\":\"\",\"publisher\":{\"@id\":\"https:\\\/\\\/ses-creative.com\\\/#organization\"},\"potentialAction\":[{\"@type\":\"SearchAction\",\"target\":{\"@type\":\"EntryPoint\",\"urlTemplate\":\"https:\\\/\\\/ses-creative.com\\\/?s={search_term_string}\"},\"query-input\":{\"@type\":\"PropertyValueSpecification\",\"valueRequired\":true,\"valueName\":\"search_term_string\"}}],\"inLanguage\":\"de\"},{\"@type\":\"Organization\",\"@id\":\"https:\\\/\\\/ses-creative.com\\\/#organization\",\"name\":\"SES Creative\",\"url\":\"https:\\\/\\\/ses-creative.com\\\/\",\"logo\":{\"@type\":\"ImageObject\",\"inLanguage\":\"de\",\"@id\":\"https:\\\/\\\/ses-creative.com\\\/#\\\/schema\\\/logo\\\/image\\\/\",\"url\":\"https:\\\/\\\/ses-creative.com\\\/wp-content\\\/uploads\\\/2025\\\/10\\\/ses-creative-logo.jpg\",\"contentUrl\":\"https:\\\/\\\/ses-creative.com\\\/wp-content\\\/uploads\\\/2025\\\/10\\\/ses-creative-logo.jpg\",\"width\":2037,\"height\":2037,\"caption\":\"SES Creative\"},\"image\":{\"@id\":\"https:\\\/\\\/ses-creative.com\\\/#\\\/schema\\\/logo\\\/image\\\/\"}}]}<\/script>\n<!-- \/ Yoast SEO plugin. -->","yoast_head_json":{"title":"Farbwechsel Badewannen-Fische - SES Creative","robots":{"index":"index","follow":"follow","max-snippet":"max-snippet:-1","max-image-preview":"max-image-preview:large","max-video-preview":"max-video-preview:-1"},"canonical":"https:\/\/ses-creative.com\/de\/produkt\/farbwechsel-badewannen-fische\/","og_locale":"de_DE","og_type":"article","og_title":"Farbwechsel Badewannen-Fische - SES Creative","og_description":"Mit dem SES Creative Farbwechsel Badetiere Set aus der Tiny Talents Kollektion wird jede Badezeit zu einem spannenden Erlebnis. Die drei thermosensitiven Fische \u00e4ndern im warmen Wasser ihre Farben: gr\u00fcn zu gelb, lila zu rosa und blau zu wei\u00df. Sie k\u00f6nnen gestapelt, verbunden, als Schaufel oder Sieb verwendet werden \u2013 perfekt f\u00fcr kreativen Spielspa\u00df. Das [&hellip;]","og_url":"https:\/\/ses-creative.com\/de\/produkt\/farbwechsel-badewannen-fische\/","og_site_name":"SES Creative","article_modified_time":"2026-02-06T09:51:30+00:00","twitter_card":"summary_large_image","twitter_misc":{"Gesch\u00e4tzte Lesezeit":"1\u00a0Minute"},"schema":{"@context":"https:\/\/schema.org","@graph":[{"@type":"WebPage","@id":"https:\/\/ses-creative.com\/de\/produkt\/farbwechsel-badewannen-fische\/","url":"https:\/\/ses-creative.com\/de\/produkt\/farbwechsel-badewannen-fische\/","name":"Farbwechsel Badewannen-Fische - SES Creative","isPartOf":{"@id":"https:\/\/ses-creative.com\/#website"},"primaryImageOfPage":{"@id":"https:\/\/ses-creative.com\/de\/produkt\/farbwechsel-badewannen-fische\/#primaryimage"},"image":{"@id":"https:\/\/ses-creative.com\/de\/produkt\/farbwechsel-badewannen-fische\/#primaryimage"},"thumbnailUrl":"https:\/\/ses-creative.com\/wp-content\/uploads\/2026\/01\/131351.jpg","datePublished":"2026-02-05T13:52:30+00:00","dateModified":"2026-02-06T09:51:30+00:00","breadcrumb":{"@id":"https:\/\/ses-creative.com\/de\/produkt\/farbwechsel-badewannen-fische\/#breadcrumb"},"inLanguage":"de","potentialAction":[{"@type":"ReadAction","target":["https:\/\/ses-creative.com\/de\/produkt\/farbwechsel-badewannen-fische\/"]}]},{"@type":"ImageObject","inLanguage":"de","@id":"https:\/\/ses-creative.com\/de\/produkt\/farbwechsel-badewannen-fische\/#primaryimage","url":"https:\/\/ses-creative.com\/wp-content\/uploads\/2026\/01\/131351.jpg","contentUrl":"https:\/\/ses-creative.com\/wp-content\/uploads\/2026\/01\/131351.jpg","width":1000,"height":1000},{"@type":"BreadcrumbList","@id":"https:\/\/ses-creative.com\/de\/produkt\/farbwechsel-badewannen-fische\/#breadcrumb","itemListElement":[{"@type":"ListItem","position":1,"name":"Shop","item":"https:\/\/ses-creative.com\/de\/shop\/"},{"@type":"ListItem","position":2,"name":"Baby &amp; Kleinkind","item":"https:\/\/ses-creative.com\/de\/product-categorie\/baby-kleinkind\/"},{"@type":"ListItem","position":3,"name":"Farbwechsel Badewannen-Fische"}]},{"@type":"WebSite","@id":"https:\/\/ses-creative.com\/#website","url":"https:\/\/ses-creative.com\/","name":"SES Creative","description":"","publisher":{"@id":"https:\/\/ses-creative.com\/#organization"},"potentialAction":[{"@type":"SearchAction","target":{"@type":"EntryPoint","urlTemplate":"https:\/\/ses-creative.com\/?s={search_term_string}"},"query-input":{"@type":"PropertyValueSpecification","valueRequired":true,"valueName":"search_term_string"}}],"inLanguage":"de"},{"@type":"Organization","@id":"https:\/\/ses-creative.com\/#organization","name":"SES Creative","url":"https:\/\/ses-creative.com\/","logo":{"@type":"ImageObject","inLanguage":"de","@id":"https:\/\/ses-creative.com\/#\/schema\/logo\/image\/","url":"https:\/\/ses-creative.com\/wp-content\/uploads\/2025\/10\/ses-creative-logo.jpg","contentUrl":"https:\/\/ses-creative.com\/wp-content\/uploads\/2025\/10\/ses-creative-logo.jpg","width":2037,"height":2037,"caption":"SES Creative"},"image":{"@id":"https:\/\/ses-creative.com\/#\/schema\/logo\/image\/"}}]}},"_links":{"self":[{"href":"https:\/\/ses-creative.com\/de\/wp-json\/wp\/v2\/product\/114593","targetHints":{"allow":["GET"]}}],"collection":[{"href":"https:\/\/ses-creative.com\/de\/wp-json\/wp\/v2\/product"}],"about":[{"href":"https:\/\/ses-creative.com\/de\/wp-json\/wp\/v2\/types\/product"}],"replies":[{"embeddable":true,"href":"https:\/\/ses-creative.com\/de\/wp-json\/wp\/v2\/comments?post=114593"}],"wp:featuredmedia":[{"embeddable":true,"href":"https:\/\/ses-creative.com\/de\/wp-json\/wp\/v2\/media\/100808"}],"wp:attachment":[{"href":"https:\/\/ses-creative.com\/de\/wp-json\/wp\/v2\/media?parent=114593"}],"wp:term":[{"taxonomy":"product_brand","embeddable":true,"href":"https:\/\/ses-creative.com\/de\/wp-json\/wp\/v2\/product_brand?post=114593"},{"taxonomy":"product_cat","embeddable":true,"href":"https:\/\/ses-creative.com\/de\/wp-json\/wp\/v2\/product_cat?post=114593"},{"taxonomy":"product_tag","embeddable":true,"href":"https:\/\/ses-creative.com\/de\/wp-json\/wp\/v2\/product_tag?post=114593"}],"curies":[{"name":"wp","href":"https:\/\/api.w.org\/{rel}","templated":true}]}}