











{"id":114591,"date":"2026-02-05T13:52:30","date_gmt":"2026-02-05T13:52:30","guid":{"rendered":"https:\/\/ses-creative.com\/?post_type=product&#038;p=114591"},"modified":"2026-02-06T09:51:30","modified_gmt":"2026-02-06T09:51:30","slug":"sensory-aktivitaetsring","status":"publish","type":"product","link":"https:\/\/ses-creative.com\/de\/produkt\/sensory-aktivitaetsring\/","title":{"rendered":"Sensory Aktivit\u00e4tsring"},"content":{"rendered":"<p>Sense Around Aktivit\u00e4tsring: Entdecken und spielen Sie mit verschiedenen Texturen!<br \/>\nDer **Sense Around Aktivit\u00e4tsring** von SES Creative wurde speziell entwickelt, um die Sinne Ihres Babys zu stimulieren. Dieser farbenfrohe Ring besteht aus verschiedenen Aktivit\u00e4ten und Texturen, die perfekt f\u00fcr neugierige Babys ab einem Monat geeignet sind. Der Ring bietet eine sichere und unterhaltsame M\u00f6glichkeit zum Entdecken, F\u00fchlen und Spielen!<br \/>\nWas dieses Set so gro\u00dfartig macht<br \/>\n&#8211;    Verschiedene Texturen und Kontrastfarben<br \/>\n&#8211;    Regt die Entwicklung der Sinne an<br \/>\n&#8211;    Sicher und lehrreich<br \/>\n&#8211;    Spa\u00df und Neugier<br \/>\n&#8211;    Ab 1 Monat<br \/>\nWarum dies perfekt f\u00fcr Sie ist<br \/>\nDer **Sense Around Activity Ring** bietet Ihrem Kind eine Welt voller Entdeckungen. Mit verschiedenen weichen Materialien und kontrastreichen Bildern f\u00f6rdert der Ring die Entwicklung der visuellen und taktilen Sinne Ihres Babys. Der Ring ist sicher und weich, sodass er sich ideal zum Anfassen, Halten und Spielen eignet.<br \/>\nLassen Sie Ihr Baby die verschiedenen Teile des Rings durch F\u00fchlen und Halten entdecken. Die weichen Stoffe und kontrastreichen Bilder machen die Aktivit\u00e4t besonders spannend. Perfekt f\u00fcr Spiel- oder Ruhezeiten!<br \/>\nInhalt des Sets<br \/>\n&#8211;    12-teiliger Aktivit\u00e4tsring<br \/>\n&#8211;    Stoffh\u00fclle f\u00fcr Aktivit\u00e4tsring<br \/>\nWarum SES Creative w\u00e4hlen?<br \/>\nBei SES Creative legen wir gro\u00dfen Wert auf Sicherheit. Deshalb werden die Produkte in der Fabrik in den Niederlanden nach den strengsten europ\u00e4ischen Sicherheitsnormen hergestellt und getestet. Spielzeug von SES Creative sorgt f\u00fcr Spa\u00df und zielt darauf ab, dass Kinder stolz auf ihre Arbeit sein k\u00f6nnen, was ihre Kreativit\u00e4t und Entwicklung f\u00f6rdert.<br \/>\nSchenken Sie Ihrem Baby jetzt eine Welt voller sensorischer Entdeckungen!<br \/>\nWorauf warten Sie noch? Holen Sie sich den **Sense Around Aktivit\u00e4tsring** von SES Creative. Lassen Sie Ihr Kind mit diesem weichen Aktivit\u00e4tsring spielen, f\u00fchlen und lernen!<\/p>\n","protected":false},"excerpt":{"rendered":"<p>Sense Around Aktivit\u00e4tsring: Entdecken und spielen Sie mit verschiedenen Texturen! Der **Sense Around Aktivit\u00e4tsring** von SES Creative wurde speziell entwickelt, um die Sinne Ihres Babys zu stimulieren. Dieser farbenfrohe Ring besteht aus verschiedenen Aktivit\u00e4ten und Texturen, die perfekt f\u00fcr neugierige Babys ab einem Monat geeignet sind. Der Ring bietet eine sichere und unterhaltsame M\u00f6glichkeit zum [&hellip;]<\/p>\n","protected":false},"featured_media":94180,"comment_status":"closed","ping_status":"closed","template":"","meta":{"_acf_changed":false},"product_brand":[],"product_cat":[116],"product_tag":[],"class_list":{"0":"post-114591","1":"product","2":"type-product","3":"status-publish","4":"has-post-thumbnail","6":"product_cat-baby-kleinkind","7":"pa_leeftijd-filter-0-2-jahre","8":"pa_meest-populair-bij-jungen-maedchen","10":"first","11":"instock","12":"shipping-taxable","13":"product-type-simple"},"acf":[],"yoast_head":"<!-- This site is optimized with the Yoast SEO plugin v27.2 - https:\/\/yoast.com\/product\/yoast-seo-wordpress\/ -->\n<title>Sensory Aktivit\u00e4tsring - SES Creative<\/title>\n<meta name=\"robots\" content=\"index, follow, max-snippet:-1, max-image-preview:large, max-video-preview:-1\" \/>\n<link rel=\"canonical\" href=\"https:\/\/ses-creative.com\/de\/produkt\/sensory-aktivitaetsring\/\" \/>\n<meta property=\"og:locale\" content=\"de_DE\" \/>\n<meta property=\"og:type\" content=\"article\" \/>\n<meta property=\"og:title\" content=\"Sensory Aktivit\u00e4tsring - SES Creative\" \/>\n<meta property=\"og:description\" content=\"Sense Around Aktivit\u00e4tsring: Entdecken und spielen Sie mit verschiedenen Texturen! Der **Sense Around Aktivit\u00e4tsring** von SES Creative wurde speziell entwickelt, um die Sinne Ihres Babys zu stimulieren. Dieser farbenfrohe Ring besteht aus verschiedenen Aktivit\u00e4ten und Texturen, die perfekt f\u00fcr neugierige Babys ab einem Monat geeignet sind. Der Ring bietet eine sichere und unterhaltsame M\u00f6glichkeit zum [&hellip;]\" \/>\n<meta property=\"og:url\" content=\"https:\/\/ses-creative.com\/de\/produkt\/sensory-aktivitaetsring\/\" \/>\n<meta property=\"og:site_name\" content=\"SES Creative\" \/>\n<meta property=\"article:modified_time\" content=\"2026-02-06T09:51:30+00:00\" \/>\n<meta name=\"twitter:card\" content=\"summary_large_image\" \/>\n<meta name=\"twitter:label1\" content=\"Gesch\u00e4tzte Lesezeit\" \/>\n\t<meta name=\"twitter:data1\" content=\"1\u00a0Minute\" \/>\n<script type=\"application\/ld+json\" class=\"yoast-schema-graph\">{\"@context\":\"https:\/\/schema.org\",\"@graph\":[{\"@type\":\"WebPage\",\"@id\":\"https:\/\/ses-creative.com\/de\/produkt\/sensory-aktivitaetsring\/\",\"url\":\"https:\/\/ses-creative.com\/de\/produkt\/sensory-aktivitaetsring\/\",\"name\":\"Sensory Aktivit\u00e4tsring - SES Creative\",\"isPartOf\":{\"@id\":\"https:\/\/ses-creative.com\/#website\"},\"primaryImageOfPage\":{\"@id\":\"https:\/\/ses-creative.com\/de\/produkt\/sensory-aktivitaetsring\/#primaryimage\"},\"image\":{\"@id\":\"https:\/\/ses-creative.com\/de\/produkt\/sensory-aktivitaetsring\/#primaryimage\"},\"thumbnailUrl\":\"https:\/\/ses-creative.com\/wp-content\/uploads\/2026\/01\/131291.jpg\",\"datePublished\":\"2026-02-05T13:52:30+00:00\",\"dateModified\":\"2026-02-06T09:51:30+00:00\",\"breadcrumb\":{\"@id\":\"https:\/\/ses-creative.com\/de\/produkt\/sensory-aktivitaetsring\/#breadcrumb\"},\"inLanguage\":\"de\",\"potentialAction\":[{\"@type\":\"ReadAction\",\"target\":[\"https:\/\/ses-creative.com\/de\/produkt\/sensory-aktivitaetsring\/\"]}]},{\"@type\":\"ImageObject\",\"inLanguage\":\"de\",\"@id\":\"https:\/\/ses-creative.com\/de\/produkt\/sensory-aktivitaetsring\/#primaryimage\",\"url\":\"https:\/\/ses-creative.com\/wp-content\/uploads\/2026\/01\/131291.jpg\",\"contentUrl\":\"https:\/\/ses-creative.com\/wp-content\/uploads\/2026\/01\/131291.jpg\",\"width\":1000,\"height\":1000},{\"@type\":\"BreadcrumbList\",\"@id\":\"https:\/\/ses-creative.com\/de\/produkt\/sensory-aktivitaetsring\/#breadcrumb\",\"itemListElement\":[{\"@type\":\"ListItem\",\"position\":1,\"name\":\"Shop\",\"item\":\"https:\/\/ses-creative.com\/de\/shop\/\"},{\"@type\":\"ListItem\",\"position\":2,\"name\":\"Baby &amp; Kleinkind\",\"item\":\"https:\/\/ses-creative.com\/de\/product-categorie\/baby-kleinkind\/\"},{\"@type\":\"ListItem\",\"position\":3,\"name\":\"Sensory Aktivit\u00e4tsring\"}]},{\"@type\":\"WebSite\",\"@id\":\"https:\/\/ses-creative.com\/#website\",\"url\":\"https:\/\/ses-creative.com\/\",\"name\":\"SES Creative\",\"description\":\"\",\"publisher\":{\"@id\":\"https:\/\/ses-creative.com\/#organization\"},\"potentialAction\":[{\"@type\":\"SearchAction\",\"target\":{\"@type\":\"EntryPoint\",\"urlTemplate\":\"https:\/\/ses-creative.com\/?s={search_term_string}\"},\"query-input\":{\"@type\":\"PropertyValueSpecification\",\"valueRequired\":true,\"valueName\":\"search_term_string\"}}],\"inLanguage\":\"de\"},{\"@type\":\"Organization\",\"@id\":\"https:\/\/ses-creative.com\/#organization\",\"name\":\"SES Creative\",\"url\":\"https:\/\/ses-creative.com\/\",\"logo\":{\"@type\":\"ImageObject\",\"inLanguage\":\"de\",\"@id\":\"https:\/\/ses-creative.com\/#\/schema\/logo\/image\/\",\"url\":\"https:\/\/ses-creative.com\/wp-content\/uploads\/2025\/10\/ses-creative-logo.jpg\",\"contentUrl\":\"https:\/\/ses-creative.com\/wp-content\/uploads\/2025\/10\/ses-creative-logo.jpg\",\"width\":2037,\"height\":2037,\"caption\":\"SES Creative\"},\"image\":{\"@id\":\"https:\/\/ses-creative.com\/#\/schema\/logo\/image\/\"}}]}<\/script>\n<!-- \/ Yoast SEO plugin. -->","yoast_head_json":{"title":"Sensory Aktivit\u00e4tsring - SES Creative","robots":{"index":"index","follow":"follow","max-snippet":"max-snippet:-1","max-image-preview":"max-image-preview:large","max-video-preview":"max-video-preview:-1"},"canonical":"https:\/\/ses-creative.com\/de\/produkt\/sensory-aktivitaetsring\/","og_locale":"de_DE","og_type":"article","og_title":"Sensory Aktivit\u00e4tsring - SES Creative","og_description":"Sense Around Aktivit\u00e4tsring: Entdecken und spielen Sie mit verschiedenen Texturen! Der **Sense Around Aktivit\u00e4tsring** von SES Creative wurde speziell entwickelt, um die Sinne Ihres Babys zu stimulieren. Dieser farbenfrohe Ring besteht aus verschiedenen Aktivit\u00e4ten und Texturen, die perfekt f\u00fcr neugierige Babys ab einem Monat geeignet sind. Der Ring bietet eine sichere und unterhaltsame M\u00f6glichkeit zum [&hellip;]","og_url":"https:\/\/ses-creative.com\/de\/produkt\/sensory-aktivitaetsring\/","og_site_name":"SES Creative","article_modified_time":"2026-02-06T09:51:30+00:00","twitter_card":"summary_large_image","twitter_misc":{"Gesch\u00e4tzte Lesezeit":"1\u00a0Minute"},"schema":{"@context":"https:\/\/schema.org","@graph":[{"@type":"WebPage","@id":"https:\/\/ses-creative.com\/de\/produkt\/sensory-aktivitaetsring\/","url":"https:\/\/ses-creative.com\/de\/produkt\/sensory-aktivitaetsring\/","name":"Sensory Aktivit\u00e4tsring - SES Creative","isPartOf":{"@id":"https:\/\/ses-creative.com\/#website"},"primaryImageOfPage":{"@id":"https:\/\/ses-creative.com\/de\/produkt\/sensory-aktivitaetsring\/#primaryimage"},"image":{"@id":"https:\/\/ses-creative.com\/de\/produkt\/sensory-aktivitaetsring\/#primaryimage"},"thumbnailUrl":"https:\/\/ses-creative.com\/wp-content\/uploads\/2026\/01\/131291.jpg","datePublished":"2026-02-05T13:52:30+00:00","dateModified":"2026-02-06T09:51:30+00:00","breadcrumb":{"@id":"https:\/\/ses-creative.com\/de\/produkt\/sensory-aktivitaetsring\/#breadcrumb"},"inLanguage":"de","potentialAction":[{"@type":"ReadAction","target":["https:\/\/ses-creative.com\/de\/produkt\/sensory-aktivitaetsring\/"]}]},{"@type":"ImageObject","inLanguage":"de","@id":"https:\/\/ses-creative.com\/de\/produkt\/sensory-aktivitaetsring\/#primaryimage","url":"https:\/\/ses-creative.com\/wp-content\/uploads\/2026\/01\/131291.jpg","contentUrl":"https:\/\/ses-creative.com\/wp-content\/uploads\/2026\/01\/131291.jpg","width":1000,"height":1000},{"@type":"BreadcrumbList","@id":"https:\/\/ses-creative.com\/de\/produkt\/sensory-aktivitaetsring\/#breadcrumb","itemListElement":[{"@type":"ListItem","position":1,"name":"Shop","item":"https:\/\/ses-creative.com\/de\/shop\/"},{"@type":"ListItem","position":2,"name":"Baby &amp; Kleinkind","item":"https:\/\/ses-creative.com\/de\/product-categorie\/baby-kleinkind\/"},{"@type":"ListItem","position":3,"name":"Sensory Aktivit\u00e4tsring"}]},{"@type":"WebSite","@id":"https:\/\/ses-creative.com\/#website","url":"https:\/\/ses-creative.com\/","name":"SES Creative","description":"","publisher":{"@id":"https:\/\/ses-creative.com\/#organization"},"potentialAction":[{"@type":"SearchAction","target":{"@type":"EntryPoint","urlTemplate":"https:\/\/ses-creative.com\/?s={search_term_string}"},"query-input":{"@type":"PropertyValueSpecification","valueRequired":true,"valueName":"search_term_string"}}],"inLanguage":"de"},{"@type":"Organization","@id":"https:\/\/ses-creative.com\/#organization","name":"SES Creative","url":"https:\/\/ses-creative.com\/","logo":{"@type":"ImageObject","inLanguage":"de","@id":"https:\/\/ses-creative.com\/#\/schema\/logo\/image\/","url":"https:\/\/ses-creative.com\/wp-content\/uploads\/2025\/10\/ses-creative-logo.jpg","contentUrl":"https:\/\/ses-creative.com\/wp-content\/uploads\/2025\/10\/ses-creative-logo.jpg","width":2037,"height":2037,"caption":"SES Creative"},"image":{"@id":"https:\/\/ses-creative.com\/#\/schema\/logo\/image\/"}}]}},"_links":{"self":[{"href":"https:\/\/ses-creative.com\/de\/wp-json\/wp\/v2\/product\/114591","targetHints":{"allow":["GET"]}}],"collection":[{"href":"https:\/\/ses-creative.com\/de\/wp-json\/wp\/v2\/product"}],"about":[{"href":"https:\/\/ses-creative.com\/de\/wp-json\/wp\/v2\/types\/product"}],"replies":[{"embeddable":true,"href":"https:\/\/ses-creative.com\/de\/wp-json\/wp\/v2\/comments?post=114591"}],"wp:featuredmedia":[{"embeddable":true,"href":"https:\/\/ses-creative.com\/de\/wp-json\/wp\/v2\/media\/94180"}],"wp:attachment":[{"href":"https:\/\/ses-creative.com\/de\/wp-json\/wp\/v2\/media?parent=114591"}],"wp:term":[{"taxonomy":"product_brand","embeddable":true,"href":"https:\/\/ses-creative.com\/de\/wp-json\/wp\/v2\/product_brand?post=114591"},{"taxonomy":"product_cat","embeddable":true,"href":"https:\/\/ses-creative.com\/de\/wp-json\/wp\/v2\/product_cat?post=114591"},{"taxonomy":"product_tag","embeddable":true,"href":"https:\/\/ses-creative.com\/de\/wp-json\/wp\/v2\/product_tag?post=114591"}],"curies":[{"name":"wp","href":"https:\/\/api.w.org\/{rel}","templated":true}]}}