











{"id":114589,"date":"2026-02-05T13:52:30","date_gmt":"2026-02-05T13:52:30","guid":{"rendered":"https:\/\/ses-creative.com\/?post_type=product&#038;p=114589"},"modified":"2026-02-06T09:51:30","modified_gmt":"2026-02-06T09:51:30","slug":"olfi-sensory-elefant","status":"publish","type":"product","link":"https:\/\/ses-creative.com\/de\/produkt\/olfi-sensory-elefant\/","title":{"rendered":"Olfi &#8211; Sensory Elefant"},"content":{"rendered":"<p>Entdecken Sie die Welt mit Olfi, dem sensorischen Elefanten!<br \/>\nDieser gro\u00dfe, weiche, freundliche Olfi der Elefant ist der perfekte Begleiter f\u00fcr Ihr Kleinkind. Mit verschiedenen Stoffen und Texturen regt Olfi die Sinne an und hilft Ihrem Baby auf spielerische Weise, die Welt um sich herum zu entdecken. Olfi ist mehr als nur ein Kuscheltier, er ist ein Abenteuer voller neuer Erfahrungen f\u00fcr kleine H\u00e4nde und neugierige Augen.<br \/>\nWas dieses Set so toll macht<br \/>\n&#8211;    Regt zum Sehen, F\u00fchlen und Spielen an<br \/>\n&#8211;    Sinnesf\u00f6rderndes Spielzeug f\u00fcr die Kleinsten<br \/>\n&#8211;    Verschiedene Stoffe und Texturen zum Entdecken<br \/>\n&#8211;    Weich und sicher f\u00fcr Babys ab 3 Monaten<br \/>\n&#8211;    F\u00f6rdert die Entwicklung der Feinmotorik und der sensorischen F\u00e4higkeiten<br \/>\nWarum dies perfekt f\u00fcr Sie ist<br \/>\nMit Olfi, dem Elefanten, entdeckt Ihr Kind neue Texturen und Ger\u00e4usche, was zur sensorischen Entwicklung beitr\u00e4gt. Ob zum Kuscheln oder zum Spielen, Olfi bietet stundenlangen sicheren und lehrreichen Spa\u00df.<br \/>\nInhalt des Sets<br \/>\n&#8211;    Olfi Sensorik-Kuscheltier Elefant<br \/>\nWarum SES Creative w\u00e4hlen?<br \/>\nBei SES Creative legen wir gro\u00dfen Wert auf Sicherheit. Deshalb werden die Produkte in unserer Fabrik in den Niederlanden nach den strengsten europ\u00e4ischen Sicherheitsstandards hergestellt und getestet. Spielzeug von SES Creative sorgt f\u00fcr Spa\u00df und soll Kindern ein Gef\u00fchl der Stolz auf ihre Arbeit vermitteln, was ihre Kreativit\u00e4t und Entwicklung f\u00f6rdert.<br \/>\nLernen Sie Olfi den Elefanten noch heute kennen!<br \/>\nLernen Sie Olfi kennen, den perfekten ersten Freund f\u00fcr Ihr Baby, der f\u00fcr eine Welt voller neuer Entdeckungen und endlosem Kuschelspa\u00df sorgt!<\/p>\n","protected":false},"excerpt":{"rendered":"<p>Entdecken Sie die Welt mit Olfi, dem sensorischen Elefanten! Dieser gro\u00dfe, weiche, freundliche Olfi der Elefant ist der perfekte Begleiter f\u00fcr Ihr Kleinkind. Mit verschiedenen Stoffen und Texturen regt Olfi die Sinne an und hilft Ihrem Baby auf spielerische Weise, die Welt um sich herum zu entdecken. Olfi ist mehr als nur ein Kuscheltier, er [&hellip;]<\/p>\n","protected":false},"featured_media":94160,"comment_status":"closed","ping_status":"closed","template":"","meta":{"_acf_changed":false},"product_brand":[],"product_cat":[116],"product_tag":[],"class_list":{"0":"post-114589","1":"product","2":"type-product","3":"status-publish","4":"has-post-thumbnail","6":"product_cat-baby-kleinkind","7":"pa_leeftijd-filter-0-2-jahre","8":"pa_meest-populair-bij-jungen-maedchen","10":"first","11":"instock","12":"shipping-taxable","13":"product-type-simple"},"acf":[],"yoast_head":"<!-- This site is optimized with the Yoast SEO plugin v27.2 - https:\/\/yoast.com\/product\/yoast-seo-wordpress\/ -->\n<title>Olfi - Sensory Elefant - SES Creative<\/title>\n<meta name=\"robots\" content=\"index, follow, max-snippet:-1, max-image-preview:large, max-video-preview:-1\" \/>\n<link rel=\"canonical\" href=\"https:\/\/ses-creative.com\/de\/produkt\/olfi-sensory-elefant\/\" \/>\n<meta property=\"og:locale\" content=\"de_DE\" \/>\n<meta property=\"og:type\" content=\"article\" \/>\n<meta property=\"og:title\" content=\"Olfi - Sensory Elefant - SES Creative\" \/>\n<meta property=\"og:description\" content=\"Entdecken Sie die Welt mit Olfi, dem sensorischen Elefanten! Dieser gro\u00dfe, weiche, freundliche Olfi der Elefant ist der perfekte Begleiter f\u00fcr Ihr Kleinkind. Mit verschiedenen Stoffen und Texturen regt Olfi die Sinne an und hilft Ihrem Baby auf spielerische Weise, die Welt um sich herum zu entdecken. Olfi ist mehr als nur ein Kuscheltier, er [&hellip;]\" \/>\n<meta property=\"og:url\" content=\"https:\/\/ses-creative.com\/de\/produkt\/olfi-sensory-elefant\/\" \/>\n<meta property=\"og:site_name\" content=\"SES Creative\" \/>\n<meta property=\"article:modified_time\" content=\"2026-02-06T09:51:30+00:00\" \/>\n<meta name=\"twitter:card\" content=\"summary_large_image\" \/>\n<meta name=\"twitter:label1\" content=\"Gesch\u00e4tzte Lesezeit\" \/>\n\t<meta name=\"twitter:data1\" content=\"1\u00a0Minute\" \/>\n<script type=\"application\/ld+json\" class=\"yoast-schema-graph\">{\"@context\":\"https:\/\/schema.org\",\"@graph\":[{\"@type\":\"WebPage\",\"@id\":\"https:\/\/ses-creative.com\/de\/produkt\/olfi-sensory-elefant\/\",\"url\":\"https:\/\/ses-creative.com\/de\/produkt\/olfi-sensory-elefant\/\",\"name\":\"Olfi - Sensory Elefant - SES Creative\",\"isPartOf\":{\"@id\":\"https:\/\/ses-creative.com\/#website\"},\"primaryImageOfPage\":{\"@id\":\"https:\/\/ses-creative.com\/de\/produkt\/olfi-sensory-elefant\/#primaryimage\"},\"image\":{\"@id\":\"https:\/\/ses-creative.com\/de\/produkt\/olfi-sensory-elefant\/#primaryimage\"},\"thumbnailUrl\":\"https:\/\/ses-creative.com\/wp-content\/uploads\/2026\/01\/131141.jpg\",\"datePublished\":\"2026-02-05T13:52:30+00:00\",\"dateModified\":\"2026-02-06T09:51:30+00:00\",\"breadcrumb\":{\"@id\":\"https:\/\/ses-creative.com\/de\/produkt\/olfi-sensory-elefant\/#breadcrumb\"},\"inLanguage\":\"de\",\"potentialAction\":[{\"@type\":\"ReadAction\",\"target\":[\"https:\/\/ses-creative.com\/de\/produkt\/olfi-sensory-elefant\/\"]}]},{\"@type\":\"ImageObject\",\"inLanguage\":\"de\",\"@id\":\"https:\/\/ses-creative.com\/de\/produkt\/olfi-sensory-elefant\/#primaryimage\",\"url\":\"https:\/\/ses-creative.com\/wp-content\/uploads\/2026\/01\/131141.jpg\",\"contentUrl\":\"https:\/\/ses-creative.com\/wp-content\/uploads\/2026\/01\/131141.jpg\",\"width\":1000,\"height\":1000},{\"@type\":\"BreadcrumbList\",\"@id\":\"https:\/\/ses-creative.com\/de\/produkt\/olfi-sensory-elefant\/#breadcrumb\",\"itemListElement\":[{\"@type\":\"ListItem\",\"position\":1,\"name\":\"Shop\",\"item\":\"https:\/\/ses-creative.com\/de\/shop\/\"},{\"@type\":\"ListItem\",\"position\":2,\"name\":\"Baby &amp; Kleinkind\",\"item\":\"https:\/\/ses-creative.com\/de\/product-categorie\/baby-kleinkind\/\"},{\"@type\":\"ListItem\",\"position\":3,\"name\":\"Olfi &#8211; Sensory Elefant\"}]},{\"@type\":\"WebSite\",\"@id\":\"https:\/\/ses-creative.com\/#website\",\"url\":\"https:\/\/ses-creative.com\/\",\"name\":\"SES Creative\",\"description\":\"\",\"publisher\":{\"@id\":\"https:\/\/ses-creative.com\/#organization\"},\"potentialAction\":[{\"@type\":\"SearchAction\",\"target\":{\"@type\":\"EntryPoint\",\"urlTemplate\":\"https:\/\/ses-creative.com\/?s={search_term_string}\"},\"query-input\":{\"@type\":\"PropertyValueSpecification\",\"valueRequired\":true,\"valueName\":\"search_term_string\"}}],\"inLanguage\":\"de\"},{\"@type\":\"Organization\",\"@id\":\"https:\/\/ses-creative.com\/#organization\",\"name\":\"SES Creative\",\"url\":\"https:\/\/ses-creative.com\/\",\"logo\":{\"@type\":\"ImageObject\",\"inLanguage\":\"de\",\"@id\":\"https:\/\/ses-creative.com\/#\/schema\/logo\/image\/\",\"url\":\"https:\/\/ses-creative.com\/wp-content\/uploads\/2025\/10\/ses-creative-logo.jpg\",\"contentUrl\":\"https:\/\/ses-creative.com\/wp-content\/uploads\/2025\/10\/ses-creative-logo.jpg\",\"width\":2037,\"height\":2037,\"caption\":\"SES Creative\"},\"image\":{\"@id\":\"https:\/\/ses-creative.com\/#\/schema\/logo\/image\/\"}}]}<\/script>\n<!-- \/ Yoast SEO plugin. -->","yoast_head_json":{"title":"Olfi - Sensory Elefant - SES Creative","robots":{"index":"index","follow":"follow","max-snippet":"max-snippet:-1","max-image-preview":"max-image-preview:large","max-video-preview":"max-video-preview:-1"},"canonical":"https:\/\/ses-creative.com\/de\/produkt\/olfi-sensory-elefant\/","og_locale":"de_DE","og_type":"article","og_title":"Olfi - Sensory Elefant - SES Creative","og_description":"Entdecken Sie die Welt mit Olfi, dem sensorischen Elefanten! Dieser gro\u00dfe, weiche, freundliche Olfi der Elefant ist der perfekte Begleiter f\u00fcr Ihr Kleinkind. Mit verschiedenen Stoffen und Texturen regt Olfi die Sinne an und hilft Ihrem Baby auf spielerische Weise, die Welt um sich herum zu entdecken. Olfi ist mehr als nur ein Kuscheltier, er [&hellip;]","og_url":"https:\/\/ses-creative.com\/de\/produkt\/olfi-sensory-elefant\/","og_site_name":"SES Creative","article_modified_time":"2026-02-06T09:51:30+00:00","twitter_card":"summary_large_image","twitter_misc":{"Gesch\u00e4tzte Lesezeit":"1\u00a0Minute"},"schema":{"@context":"https:\/\/schema.org","@graph":[{"@type":"WebPage","@id":"https:\/\/ses-creative.com\/de\/produkt\/olfi-sensory-elefant\/","url":"https:\/\/ses-creative.com\/de\/produkt\/olfi-sensory-elefant\/","name":"Olfi - Sensory Elefant - SES Creative","isPartOf":{"@id":"https:\/\/ses-creative.com\/#website"},"primaryImageOfPage":{"@id":"https:\/\/ses-creative.com\/de\/produkt\/olfi-sensory-elefant\/#primaryimage"},"image":{"@id":"https:\/\/ses-creative.com\/de\/produkt\/olfi-sensory-elefant\/#primaryimage"},"thumbnailUrl":"https:\/\/ses-creative.com\/wp-content\/uploads\/2026\/01\/131141.jpg","datePublished":"2026-02-05T13:52:30+00:00","dateModified":"2026-02-06T09:51:30+00:00","breadcrumb":{"@id":"https:\/\/ses-creative.com\/de\/produkt\/olfi-sensory-elefant\/#breadcrumb"},"inLanguage":"de","potentialAction":[{"@type":"ReadAction","target":["https:\/\/ses-creative.com\/de\/produkt\/olfi-sensory-elefant\/"]}]},{"@type":"ImageObject","inLanguage":"de","@id":"https:\/\/ses-creative.com\/de\/produkt\/olfi-sensory-elefant\/#primaryimage","url":"https:\/\/ses-creative.com\/wp-content\/uploads\/2026\/01\/131141.jpg","contentUrl":"https:\/\/ses-creative.com\/wp-content\/uploads\/2026\/01\/131141.jpg","width":1000,"height":1000},{"@type":"BreadcrumbList","@id":"https:\/\/ses-creative.com\/de\/produkt\/olfi-sensory-elefant\/#breadcrumb","itemListElement":[{"@type":"ListItem","position":1,"name":"Shop","item":"https:\/\/ses-creative.com\/de\/shop\/"},{"@type":"ListItem","position":2,"name":"Baby &amp; Kleinkind","item":"https:\/\/ses-creative.com\/de\/product-categorie\/baby-kleinkind\/"},{"@type":"ListItem","position":3,"name":"Olfi &#8211; Sensory Elefant"}]},{"@type":"WebSite","@id":"https:\/\/ses-creative.com\/#website","url":"https:\/\/ses-creative.com\/","name":"SES Creative","description":"","publisher":{"@id":"https:\/\/ses-creative.com\/#organization"},"potentialAction":[{"@type":"SearchAction","target":{"@type":"EntryPoint","urlTemplate":"https:\/\/ses-creative.com\/?s={search_term_string}"},"query-input":{"@type":"PropertyValueSpecification","valueRequired":true,"valueName":"search_term_string"}}],"inLanguage":"de"},{"@type":"Organization","@id":"https:\/\/ses-creative.com\/#organization","name":"SES Creative","url":"https:\/\/ses-creative.com\/","logo":{"@type":"ImageObject","inLanguage":"de","@id":"https:\/\/ses-creative.com\/#\/schema\/logo\/image\/","url":"https:\/\/ses-creative.com\/wp-content\/uploads\/2025\/10\/ses-creative-logo.jpg","contentUrl":"https:\/\/ses-creative.com\/wp-content\/uploads\/2025\/10\/ses-creative-logo.jpg","width":2037,"height":2037,"caption":"SES Creative"},"image":{"@id":"https:\/\/ses-creative.com\/#\/schema\/logo\/image\/"}}]}},"_links":{"self":[{"href":"https:\/\/ses-creative.com\/de\/wp-json\/wp\/v2\/product\/114589","targetHints":{"allow":["GET"]}}],"collection":[{"href":"https:\/\/ses-creative.com\/de\/wp-json\/wp\/v2\/product"}],"about":[{"href":"https:\/\/ses-creative.com\/de\/wp-json\/wp\/v2\/types\/product"}],"replies":[{"embeddable":true,"href":"https:\/\/ses-creative.com\/de\/wp-json\/wp\/v2\/comments?post=114589"}],"wp:featuredmedia":[{"embeddable":true,"href":"https:\/\/ses-creative.com\/de\/wp-json\/wp\/v2\/media\/94160"}],"wp:attachment":[{"href":"https:\/\/ses-creative.com\/de\/wp-json\/wp\/v2\/media?parent=114589"}],"wp:term":[{"taxonomy":"product_brand","embeddable":true,"href":"https:\/\/ses-creative.com\/de\/wp-json\/wp\/v2\/product_brand?post=114589"},{"taxonomy":"product_cat","embeddable":true,"href":"https:\/\/ses-creative.com\/de\/wp-json\/wp\/v2\/product_cat?post=114589"},{"taxonomy":"product_tag","embeddable":true,"href":"https:\/\/ses-creative.com\/de\/wp-json\/wp\/v2\/product_tag?post=114589"}],"curies":[{"name":"wp","href":"https:\/\/api.w.org\/{rel}","templated":true}]}}