











{"id":114588,"date":"2026-02-05T13:52:30","date_gmt":"2026-02-05T13:52:30","guid":{"rendered":"https:\/\/ses-creative.com\/?post_type=product&#038;p=114588"},"modified":"2026-02-06T09:51:30","modified_gmt":"2026-02-06T09:51:30","slug":"sensory-tierschwanz-stoffbuecher","status":"publish","type":"product","link":"https:\/\/ses-creative.com\/de\/produkt\/sensory-tierschwanz-stoffbuecher\/","title":{"rendered":"Sensory Tierschwanz Stoffb\u00fccher"},"content":{"rendered":"<p>Entdecken Sie die Magie der Tierschw\u00e4nze mit dem sensorischen Stoffbuch!<br \/>\nDieses weiche sensorische Tierbuch macht Ihr Kind auf spielerische Weise mit verschiedenen Tieren und ihren Schw\u00e4nzen vertraut. Jede Seite hat einen anderen Schwanz, der aus verschiedenen Stoffen und Texturen hergestellt ist, sodass das Buch nicht nur sch\u00f6n anzusehen, sondern auch anzufassen ist. Perfekt f\u00fcr neugierige H\u00e4nde, die gerne entdecken und lernen!<br \/>\nWas dieses Set so toll macht<br \/>\n&#8211;    Regt zum Schauen, F\u00fchlen und Spielen an<br \/>\n&#8211;    Verschiedene Stoffe und Texturen zum Entdecken<br \/>\n&#8211;    Sichere und weiche Materialien<br \/>\n&#8211;    Ideal f\u00fcr die sensorische Entwicklung<br \/>\n&#8211;    Perfekt f\u00fcr Kinder ab 6 Monaten<br \/>\nWarum dies perfekt f\u00fcr Sie ist<br \/>\nLassen Sie Ihr Kind die verschiedenen Tierschw\u00e4nze in diesem weichen Stoffbuch entdecken. Jede Seite bietet etwas Neues zum F\u00fchlen, Sehen und Entdecken, was zur sensorischen Entwicklung und Neugier Ihres Kindes beitr\u00e4gt.<br \/>\nInhalt des Sets<br \/>\n&#8211; Stoffbilderbuch mit verschiedenen Stofftierschw\u00e4nzen<br \/>\nWarum SES Creative w\u00e4hlen?<br \/>\nBei SES Creative legen wir gro\u00dfen Wert auf Sicherheit. Deshalb werden die Produkte in der Fabrik in den Niederlanden nach den strengsten europ\u00e4ischen Sicherheitsstandards hergestellt und getestet. Spielzeug von SES Creative sorgt f\u00fcr Spa\u00df und soll Kindern ein Gef\u00fchl des Stolzes auf ihre Arbeit vermitteln, was ihre Kreativit\u00e4t und Entwicklung f\u00f6rdert.<br \/>\nBeginnen Sie noch heute das Abenteuer mit Tierschw\u00e4nzen!<br \/>\nBieten Sie Ihrem Kind eine sanfte und lehrreiche Erfahrung mit dem Sensory Soft Tier-Schw\u00e4nze-Buch. Perfekt, um die Sinne anzuregen und die Welt um sie herum zu entdecken!\u2003<\/p>\n","protected":false},"excerpt":{"rendered":"<p>Entdecken Sie die Magie der Tierschw\u00e4nze mit dem sensorischen Stoffbuch! Dieses weiche sensorische Tierbuch macht Ihr Kind auf spielerische Weise mit verschiedenen Tieren und ihren Schw\u00e4nzen vertraut. Jede Seite hat einen anderen Schwanz, der aus verschiedenen Stoffen und Texturen hergestellt ist, sodass das Buch nicht nur sch\u00f6n anzusehen, sondern auch anzufassen ist. Perfekt f\u00fcr neugierige [&hellip;]<\/p>\n","protected":false},"featured_media":100748,"comment_status":"closed","ping_status":"closed","template":"","meta":{"_acf_changed":false},"product_brand":[],"product_cat":[116],"product_tag":[],"class_list":{"0":"post-114588","1":"product","2":"type-product","3":"status-publish","4":"has-post-thumbnail","6":"product_cat-baby-kleinkind","7":"pa_leeftijd-filter-0-2-jahre","8":"pa_meest-populair-bij-jungen-maedchen","10":"first","11":"instock","12":"shipping-taxable","13":"product-type-simple"},"acf":[],"yoast_head":"<!-- This site is optimized with the Yoast SEO plugin v27.2 - https:\/\/yoast.com\/product\/yoast-seo-wordpress\/ -->\n<title>Sensory Tierschwanz Stoffb\u00fccher - SES Creative<\/title>\n<meta name=\"robots\" content=\"index, follow, max-snippet:-1, max-image-preview:large, max-video-preview:-1\" \/>\n<link rel=\"canonical\" href=\"https:\/\/ses-creative.com\/de\/produkt\/sensory-tierschwanz-stoffbuecher\/\" \/>\n<meta property=\"og:locale\" content=\"de_DE\" \/>\n<meta property=\"og:type\" content=\"article\" \/>\n<meta property=\"og:title\" content=\"Sensory Tierschwanz Stoffb\u00fccher - SES Creative\" \/>\n<meta property=\"og:description\" content=\"Entdecken Sie die Magie der Tierschw\u00e4nze mit dem sensorischen Stoffbuch! Dieses weiche sensorische Tierbuch macht Ihr Kind auf spielerische Weise mit verschiedenen Tieren und ihren Schw\u00e4nzen vertraut. Jede Seite hat einen anderen Schwanz, der aus verschiedenen Stoffen und Texturen hergestellt ist, sodass das Buch nicht nur sch\u00f6n anzusehen, sondern auch anzufassen ist. Perfekt f\u00fcr neugierige [&hellip;]\" \/>\n<meta property=\"og:url\" content=\"https:\/\/ses-creative.com\/de\/produkt\/sensory-tierschwanz-stoffbuecher\/\" \/>\n<meta property=\"og:site_name\" content=\"SES Creative\" \/>\n<meta property=\"article:modified_time\" content=\"2026-02-06T09:51:30+00:00\" \/>\n<meta name=\"twitter:card\" content=\"summary_large_image\" \/>\n<meta name=\"twitter:label1\" content=\"Gesch\u00e4tzte Lesezeit\" \/>\n\t<meta name=\"twitter:data1\" content=\"1\u00a0Minute\" \/>\n<script type=\"application\/ld+json\" class=\"yoast-schema-graph\">{\"@context\":\"https:\/\/schema.org\",\"@graph\":[{\"@type\":\"WebPage\",\"@id\":\"https:\/\/ses-creative.com\/de\/produkt\/sensory-tierschwanz-stoffbuecher\/\",\"url\":\"https:\/\/ses-creative.com\/de\/produkt\/sensory-tierschwanz-stoffbuecher\/\",\"name\":\"Sensory Tierschwanz Stoffb\u00fccher - SES Creative\",\"isPartOf\":{\"@id\":\"https:\/\/ses-creative.com\/#website\"},\"primaryImageOfPage\":{\"@id\":\"https:\/\/ses-creative.com\/de\/produkt\/sensory-tierschwanz-stoffbuecher\/#primaryimage\"},\"image\":{\"@id\":\"https:\/\/ses-creative.com\/de\/produkt\/sensory-tierschwanz-stoffbuecher\/#primaryimage\"},\"thumbnailUrl\":\"https:\/\/ses-creative.com\/wp-content\/uploads\/2026\/01\/131121.jpg\",\"datePublished\":\"2026-02-05T13:52:30+00:00\",\"dateModified\":\"2026-02-06T09:51:30+00:00\",\"breadcrumb\":{\"@id\":\"https:\/\/ses-creative.com\/de\/produkt\/sensory-tierschwanz-stoffbuecher\/#breadcrumb\"},\"inLanguage\":\"de\",\"potentialAction\":[{\"@type\":\"ReadAction\",\"target\":[\"https:\/\/ses-creative.com\/de\/produkt\/sensory-tierschwanz-stoffbuecher\/\"]}]},{\"@type\":\"ImageObject\",\"inLanguage\":\"de\",\"@id\":\"https:\/\/ses-creative.com\/de\/produkt\/sensory-tierschwanz-stoffbuecher\/#primaryimage\",\"url\":\"https:\/\/ses-creative.com\/wp-content\/uploads\/2026\/01\/131121.jpg\",\"contentUrl\":\"https:\/\/ses-creative.com\/wp-content\/uploads\/2026\/01\/131121.jpg\",\"width\":1000,\"height\":1000},{\"@type\":\"BreadcrumbList\",\"@id\":\"https:\/\/ses-creative.com\/de\/produkt\/sensory-tierschwanz-stoffbuecher\/#breadcrumb\",\"itemListElement\":[{\"@type\":\"ListItem\",\"position\":1,\"name\":\"Shop\",\"item\":\"https:\/\/ses-creative.com\/de\/shop\/\"},{\"@type\":\"ListItem\",\"position\":2,\"name\":\"Baby &amp; Kleinkind\",\"item\":\"https:\/\/ses-creative.com\/de\/product-categorie\/baby-kleinkind\/\"},{\"@type\":\"ListItem\",\"position\":3,\"name\":\"Sensory Tierschwanz Stoffb\u00fccher\"}]},{\"@type\":\"WebSite\",\"@id\":\"https:\/\/ses-creative.com\/#website\",\"url\":\"https:\/\/ses-creative.com\/\",\"name\":\"SES Creative\",\"description\":\"\",\"publisher\":{\"@id\":\"https:\/\/ses-creative.com\/#organization\"},\"potentialAction\":[{\"@type\":\"SearchAction\",\"target\":{\"@type\":\"EntryPoint\",\"urlTemplate\":\"https:\/\/ses-creative.com\/?s={search_term_string}\"},\"query-input\":{\"@type\":\"PropertyValueSpecification\",\"valueRequired\":true,\"valueName\":\"search_term_string\"}}],\"inLanguage\":\"de\"},{\"@type\":\"Organization\",\"@id\":\"https:\/\/ses-creative.com\/#organization\",\"name\":\"SES Creative\",\"url\":\"https:\/\/ses-creative.com\/\",\"logo\":{\"@type\":\"ImageObject\",\"inLanguage\":\"de\",\"@id\":\"https:\/\/ses-creative.com\/#\/schema\/logo\/image\/\",\"url\":\"https:\/\/ses-creative.com\/wp-content\/uploads\/2025\/10\/ses-creative-logo.jpg\",\"contentUrl\":\"https:\/\/ses-creative.com\/wp-content\/uploads\/2025\/10\/ses-creative-logo.jpg\",\"width\":2037,\"height\":2037,\"caption\":\"SES Creative\"},\"image\":{\"@id\":\"https:\/\/ses-creative.com\/#\/schema\/logo\/image\/\"}}]}<\/script>\n<!-- \/ Yoast SEO plugin. -->","yoast_head_json":{"title":"Sensory Tierschwanz Stoffb\u00fccher - SES Creative","robots":{"index":"index","follow":"follow","max-snippet":"max-snippet:-1","max-image-preview":"max-image-preview:large","max-video-preview":"max-video-preview:-1"},"canonical":"https:\/\/ses-creative.com\/de\/produkt\/sensory-tierschwanz-stoffbuecher\/","og_locale":"de_DE","og_type":"article","og_title":"Sensory Tierschwanz Stoffb\u00fccher - SES Creative","og_description":"Entdecken Sie die Magie der Tierschw\u00e4nze mit dem sensorischen Stoffbuch! Dieses weiche sensorische Tierbuch macht Ihr Kind auf spielerische Weise mit verschiedenen Tieren und ihren Schw\u00e4nzen vertraut. Jede Seite hat einen anderen Schwanz, der aus verschiedenen Stoffen und Texturen hergestellt ist, sodass das Buch nicht nur sch\u00f6n anzusehen, sondern auch anzufassen ist. Perfekt f\u00fcr neugierige [&hellip;]","og_url":"https:\/\/ses-creative.com\/de\/produkt\/sensory-tierschwanz-stoffbuecher\/","og_site_name":"SES Creative","article_modified_time":"2026-02-06T09:51:30+00:00","twitter_card":"summary_large_image","twitter_misc":{"Gesch\u00e4tzte Lesezeit":"1\u00a0Minute"},"schema":{"@context":"https:\/\/schema.org","@graph":[{"@type":"WebPage","@id":"https:\/\/ses-creative.com\/de\/produkt\/sensory-tierschwanz-stoffbuecher\/","url":"https:\/\/ses-creative.com\/de\/produkt\/sensory-tierschwanz-stoffbuecher\/","name":"Sensory Tierschwanz Stoffb\u00fccher - SES Creative","isPartOf":{"@id":"https:\/\/ses-creative.com\/#website"},"primaryImageOfPage":{"@id":"https:\/\/ses-creative.com\/de\/produkt\/sensory-tierschwanz-stoffbuecher\/#primaryimage"},"image":{"@id":"https:\/\/ses-creative.com\/de\/produkt\/sensory-tierschwanz-stoffbuecher\/#primaryimage"},"thumbnailUrl":"https:\/\/ses-creative.com\/wp-content\/uploads\/2026\/01\/131121.jpg","datePublished":"2026-02-05T13:52:30+00:00","dateModified":"2026-02-06T09:51:30+00:00","breadcrumb":{"@id":"https:\/\/ses-creative.com\/de\/produkt\/sensory-tierschwanz-stoffbuecher\/#breadcrumb"},"inLanguage":"de","potentialAction":[{"@type":"ReadAction","target":["https:\/\/ses-creative.com\/de\/produkt\/sensory-tierschwanz-stoffbuecher\/"]}]},{"@type":"ImageObject","inLanguage":"de","@id":"https:\/\/ses-creative.com\/de\/produkt\/sensory-tierschwanz-stoffbuecher\/#primaryimage","url":"https:\/\/ses-creative.com\/wp-content\/uploads\/2026\/01\/131121.jpg","contentUrl":"https:\/\/ses-creative.com\/wp-content\/uploads\/2026\/01\/131121.jpg","width":1000,"height":1000},{"@type":"BreadcrumbList","@id":"https:\/\/ses-creative.com\/de\/produkt\/sensory-tierschwanz-stoffbuecher\/#breadcrumb","itemListElement":[{"@type":"ListItem","position":1,"name":"Shop","item":"https:\/\/ses-creative.com\/de\/shop\/"},{"@type":"ListItem","position":2,"name":"Baby &amp; Kleinkind","item":"https:\/\/ses-creative.com\/de\/product-categorie\/baby-kleinkind\/"},{"@type":"ListItem","position":3,"name":"Sensory Tierschwanz Stoffb\u00fccher"}]},{"@type":"WebSite","@id":"https:\/\/ses-creative.com\/#website","url":"https:\/\/ses-creative.com\/","name":"SES Creative","description":"","publisher":{"@id":"https:\/\/ses-creative.com\/#organization"},"potentialAction":[{"@type":"SearchAction","target":{"@type":"EntryPoint","urlTemplate":"https:\/\/ses-creative.com\/?s={search_term_string}"},"query-input":{"@type":"PropertyValueSpecification","valueRequired":true,"valueName":"search_term_string"}}],"inLanguage":"de"},{"@type":"Organization","@id":"https:\/\/ses-creative.com\/#organization","name":"SES Creative","url":"https:\/\/ses-creative.com\/","logo":{"@type":"ImageObject","inLanguage":"de","@id":"https:\/\/ses-creative.com\/#\/schema\/logo\/image\/","url":"https:\/\/ses-creative.com\/wp-content\/uploads\/2025\/10\/ses-creative-logo.jpg","contentUrl":"https:\/\/ses-creative.com\/wp-content\/uploads\/2025\/10\/ses-creative-logo.jpg","width":2037,"height":2037,"caption":"SES Creative"},"image":{"@id":"https:\/\/ses-creative.com\/#\/schema\/logo\/image\/"}}]}},"_links":{"self":[{"href":"https:\/\/ses-creative.com\/de\/wp-json\/wp\/v2\/product\/114588","targetHints":{"allow":["GET"]}}],"collection":[{"href":"https:\/\/ses-creative.com\/de\/wp-json\/wp\/v2\/product"}],"about":[{"href":"https:\/\/ses-creative.com\/de\/wp-json\/wp\/v2\/types\/product"}],"replies":[{"embeddable":true,"href":"https:\/\/ses-creative.com\/de\/wp-json\/wp\/v2\/comments?post=114588"}],"wp:featuredmedia":[{"embeddable":true,"href":"https:\/\/ses-creative.com\/de\/wp-json\/wp\/v2\/media\/100748"}],"wp:attachment":[{"href":"https:\/\/ses-creative.com\/de\/wp-json\/wp\/v2\/media?parent=114588"}],"wp:term":[{"taxonomy":"product_brand","embeddable":true,"href":"https:\/\/ses-creative.com\/de\/wp-json\/wp\/v2\/product_brand?post=114588"},{"taxonomy":"product_cat","embeddable":true,"href":"https:\/\/ses-creative.com\/de\/wp-json\/wp\/v2\/product_cat?post=114588"},{"taxonomy":"product_tag","embeddable":true,"href":"https:\/\/ses-creative.com\/de\/wp-json\/wp\/v2\/product_tag?post=114588"}],"curies":[{"name":"wp","href":"https:\/\/api.w.org\/{rel}","templated":true}]}}