











{"id":114587,"date":"2026-02-05T13:52:30","date_gmt":"2026-02-05T13:52:30","guid":{"rendered":"https:\/\/ses-creative.com\/?post_type=product&#038;p=114587"},"modified":"2026-02-06T09:51:30","modified_gmt":"2026-02-06T09:51:30","slug":"sensory-perlen","status":"publish","type":"product","link":"https:\/\/ses-creative.com\/de\/produkt\/sensory-perlen\/","title":{"rendered":"Sensory Perlen"},"content":{"rendered":"<p>Entdecken Sie eine Welt der Sinne mit sensorischem Perlen auff\u00e4deln!<br \/>\nMit \u201eSES Creative Sensorisches Perlen auff\u00e4deln\u201d entdecken Sie auf kreative Weise mit Ihren Sinnen die Welt um Sie herum. Diese bunten Perlen in verschiedenen Materialien und Formen machen das Auff\u00e4deln zu einem spannenden Abenteuer. F\u00fchlen Sie die verschiedenen Texturen, sehen Sie die sch\u00f6nen Farben und f\u00e4deln Sie die Perlen einzeln auf die Schnur. Eine perfekte M\u00f6glichkeit, spielerisch zu lernen und Ihre Feinmotorik zu entwickeln!<br \/>\nWas dieses Set so toll macht<br \/>\n&#8211;    Sinneserfahrung: regt die Sinne an<br \/>\n&#8211;    Lernen Sie spielerisch verschiedene Formen und Texturen kennen<br \/>\n&#8211;    Entwickelt die Feinmotorik<br \/>\n&#8211;    Sicher und geeignet f\u00fcr Kinder ab 18 Monaten<br \/>\n&#8211;    Bunte Perlen aus verschiedenen Materialien<br \/>\nWarum dies perfekt f\u00fcr Sie ist<br \/>\nF\u00e4dle die verschiedenen Perlen auf die Schn\u00fcre und entdecke die einzigartigen Texturen und Formen. Dieses Set bietet endlosen Spielspa\u00df und hilft Kindern, ihre Sinne zu entdecken, w\u00e4hrend sie wundersch\u00f6ne Halsketten basteln.<br \/>\nInhalt des Sets<br \/>\n&#8211; 4 Holzperlen<br \/>\n&#8211;    3 Perlen aus Schaumstoff<br \/>\n&#8211;    2 verschiedene Schn\u00fcre<br \/>\nWarum SES Creative w\u00e4hlen?<br \/>\nBei SES Creative legen wir gro\u00dfen Wert auf Sicherheit. Deshalb werden die Produkte in unserer Fabrik in den Niederlanden nach den strengsten europ\u00e4ischen Sicherheitsnormen hergestellt und getestet. Spielzeug von SES Creative sorgt f\u00fcr Spa\u00df und soll Kindern ein Gef\u00fchl des Stolzes auf ihre Arbeit vermitteln, was ihre Kreativit\u00e4t und Entwicklung f\u00f6rdert.<br \/>\nBeginnen Sie noch heute mit dem Perlen auff\u00e4deln!<br \/>\nErleben Sie den Spa\u00df am sensorischen Spielen mit SES Creative Sensory Perlen auff\u00e4deln. Perfekt f\u00fcr kleine Kinder, die ihre Welt erkunden und ihre Kreativit\u00e4t ausleben m\u00f6chten!<\/p>\n","protected":false},"excerpt":{"rendered":"<p>Entdecken Sie eine Welt der Sinne mit sensorischem Perlen auff\u00e4deln! Mit \u201eSES Creative Sensorisches Perlen auff\u00e4deln\u201d entdecken Sie auf kreative Weise mit Ihren Sinnen die Welt um Sie herum. Diese bunten Perlen in verschiedenen Materialien und Formen machen das Auff\u00e4deln zu einem spannenden Abenteuer. F\u00fchlen Sie die verschiedenen Texturen, sehen Sie die sch\u00f6nen Farben und [&hellip;]<\/p>\n","protected":false},"featured_media":100728,"comment_status":"closed","ping_status":"closed","template":"","meta":{"_acf_changed":false},"product_brand":[],"product_cat":[116],"product_tag":[],"class_list":{"0":"post-114587","1":"product","2":"type-product","3":"status-publish","4":"has-post-thumbnail","6":"product_cat-baby-kleinkind","7":"pa_leeftijd-filter-0-2-jahre","8":"pa_meest-populair-bij-jungen-maedchen","10":"first","11":"instock","12":"shipping-taxable","13":"product-type-simple"},"acf":[],"yoast_head":"<!-- This site is optimized with the Yoast SEO plugin v27.2 - https:\/\/yoast.com\/product\/yoast-seo-wordpress\/ -->\n<title>Sensory Perlen - SES Creative<\/title>\n<meta name=\"robots\" content=\"index, follow, max-snippet:-1, max-image-preview:large, max-video-preview:-1\" \/>\n<link rel=\"canonical\" href=\"https:\/\/ses-creative.com\/de\/produkt\/sensory-perlen\/\" \/>\n<meta property=\"og:locale\" content=\"de_DE\" \/>\n<meta property=\"og:type\" content=\"article\" \/>\n<meta property=\"og:title\" content=\"Sensory Perlen - SES Creative\" \/>\n<meta property=\"og:description\" content=\"Entdecken Sie eine Welt der Sinne mit sensorischem Perlen auff\u00e4deln! Mit \u201eSES Creative Sensorisches Perlen auff\u00e4deln\u201d entdecken Sie auf kreative Weise mit Ihren Sinnen die Welt um Sie herum. Diese bunten Perlen in verschiedenen Materialien und Formen machen das Auff\u00e4deln zu einem spannenden Abenteuer. F\u00fchlen Sie die verschiedenen Texturen, sehen Sie die sch\u00f6nen Farben und [&hellip;]\" \/>\n<meta property=\"og:url\" content=\"https:\/\/ses-creative.com\/de\/produkt\/sensory-perlen\/\" \/>\n<meta property=\"og:site_name\" content=\"SES Creative\" \/>\n<meta property=\"article:modified_time\" content=\"2026-02-06T09:51:30+00:00\" \/>\n<meta name=\"twitter:card\" content=\"summary_large_image\" \/>\n<meta name=\"twitter:label1\" content=\"Gesch\u00e4tzte Lesezeit\" \/>\n\t<meta name=\"twitter:data1\" content=\"1\u00a0Minute\" \/>\n<script type=\"application\/ld+json\" class=\"yoast-schema-graph\">{\"@context\":\"https:\/\/schema.org\",\"@graph\":[{\"@type\":\"WebPage\",\"@id\":\"https:\/\/ses-creative.com\/de\/produkt\/sensory-perlen\/\",\"url\":\"https:\/\/ses-creative.com\/de\/produkt\/sensory-perlen\/\",\"name\":\"Sensory Perlen - SES Creative\",\"isPartOf\":{\"@id\":\"https:\/\/ses-creative.com\/#website\"},\"primaryImageOfPage\":{\"@id\":\"https:\/\/ses-creative.com\/de\/produkt\/sensory-perlen\/#primaryimage\"},\"image\":{\"@id\":\"https:\/\/ses-creative.com\/de\/produkt\/sensory-perlen\/#primaryimage\"},\"thumbnailUrl\":\"https:\/\/ses-creative.com\/wp-content\/uploads\/2026\/01\/131021.jpg\",\"datePublished\":\"2026-02-05T13:52:30+00:00\",\"dateModified\":\"2026-02-06T09:51:30+00:00\",\"breadcrumb\":{\"@id\":\"https:\/\/ses-creative.com\/de\/produkt\/sensory-perlen\/#breadcrumb\"},\"inLanguage\":\"de\",\"potentialAction\":[{\"@type\":\"ReadAction\",\"target\":[\"https:\/\/ses-creative.com\/de\/produkt\/sensory-perlen\/\"]}]},{\"@type\":\"ImageObject\",\"inLanguage\":\"de\",\"@id\":\"https:\/\/ses-creative.com\/de\/produkt\/sensory-perlen\/#primaryimage\",\"url\":\"https:\/\/ses-creative.com\/wp-content\/uploads\/2026\/01\/131021.jpg\",\"contentUrl\":\"https:\/\/ses-creative.com\/wp-content\/uploads\/2026\/01\/131021.jpg\",\"width\":1000,\"height\":1000},{\"@type\":\"BreadcrumbList\",\"@id\":\"https:\/\/ses-creative.com\/de\/produkt\/sensory-perlen\/#breadcrumb\",\"itemListElement\":[{\"@type\":\"ListItem\",\"position\":1,\"name\":\"Shop\",\"item\":\"https:\/\/ses-creative.com\/de\/shop\/\"},{\"@type\":\"ListItem\",\"position\":2,\"name\":\"Baby &amp; Kleinkind\",\"item\":\"https:\/\/ses-creative.com\/de\/product-categorie\/baby-kleinkind\/\"},{\"@type\":\"ListItem\",\"position\":3,\"name\":\"Sensory Perlen\"}]},{\"@type\":\"WebSite\",\"@id\":\"https:\/\/ses-creative.com\/#website\",\"url\":\"https:\/\/ses-creative.com\/\",\"name\":\"SES Creative\",\"description\":\"\",\"publisher\":{\"@id\":\"https:\/\/ses-creative.com\/#organization\"},\"potentialAction\":[{\"@type\":\"SearchAction\",\"target\":{\"@type\":\"EntryPoint\",\"urlTemplate\":\"https:\/\/ses-creative.com\/?s={search_term_string}\"},\"query-input\":{\"@type\":\"PropertyValueSpecification\",\"valueRequired\":true,\"valueName\":\"search_term_string\"}}],\"inLanguage\":\"de\"},{\"@type\":\"Organization\",\"@id\":\"https:\/\/ses-creative.com\/#organization\",\"name\":\"SES Creative\",\"url\":\"https:\/\/ses-creative.com\/\",\"logo\":{\"@type\":\"ImageObject\",\"inLanguage\":\"de\",\"@id\":\"https:\/\/ses-creative.com\/#\/schema\/logo\/image\/\",\"url\":\"https:\/\/ses-creative.com\/wp-content\/uploads\/2025\/10\/ses-creative-logo.jpg\",\"contentUrl\":\"https:\/\/ses-creative.com\/wp-content\/uploads\/2025\/10\/ses-creative-logo.jpg\",\"width\":2037,\"height\":2037,\"caption\":\"SES Creative\"},\"image\":{\"@id\":\"https:\/\/ses-creative.com\/#\/schema\/logo\/image\/\"}}]}<\/script>\n<!-- \/ Yoast SEO plugin. -->","yoast_head_json":{"title":"Sensory Perlen - SES Creative","robots":{"index":"index","follow":"follow","max-snippet":"max-snippet:-1","max-image-preview":"max-image-preview:large","max-video-preview":"max-video-preview:-1"},"canonical":"https:\/\/ses-creative.com\/de\/produkt\/sensory-perlen\/","og_locale":"de_DE","og_type":"article","og_title":"Sensory Perlen - SES Creative","og_description":"Entdecken Sie eine Welt der Sinne mit sensorischem Perlen auff\u00e4deln! Mit \u201eSES Creative Sensorisches Perlen auff\u00e4deln\u201d entdecken Sie auf kreative Weise mit Ihren Sinnen die Welt um Sie herum. Diese bunten Perlen in verschiedenen Materialien und Formen machen das Auff\u00e4deln zu einem spannenden Abenteuer. F\u00fchlen Sie die verschiedenen Texturen, sehen Sie die sch\u00f6nen Farben und [&hellip;]","og_url":"https:\/\/ses-creative.com\/de\/produkt\/sensory-perlen\/","og_site_name":"SES Creative","article_modified_time":"2026-02-06T09:51:30+00:00","twitter_card":"summary_large_image","twitter_misc":{"Gesch\u00e4tzte Lesezeit":"1\u00a0Minute"},"schema":{"@context":"https:\/\/schema.org","@graph":[{"@type":"WebPage","@id":"https:\/\/ses-creative.com\/de\/produkt\/sensory-perlen\/","url":"https:\/\/ses-creative.com\/de\/produkt\/sensory-perlen\/","name":"Sensory Perlen - SES Creative","isPartOf":{"@id":"https:\/\/ses-creative.com\/#website"},"primaryImageOfPage":{"@id":"https:\/\/ses-creative.com\/de\/produkt\/sensory-perlen\/#primaryimage"},"image":{"@id":"https:\/\/ses-creative.com\/de\/produkt\/sensory-perlen\/#primaryimage"},"thumbnailUrl":"https:\/\/ses-creative.com\/wp-content\/uploads\/2026\/01\/131021.jpg","datePublished":"2026-02-05T13:52:30+00:00","dateModified":"2026-02-06T09:51:30+00:00","breadcrumb":{"@id":"https:\/\/ses-creative.com\/de\/produkt\/sensory-perlen\/#breadcrumb"},"inLanguage":"de","potentialAction":[{"@type":"ReadAction","target":["https:\/\/ses-creative.com\/de\/produkt\/sensory-perlen\/"]}]},{"@type":"ImageObject","inLanguage":"de","@id":"https:\/\/ses-creative.com\/de\/produkt\/sensory-perlen\/#primaryimage","url":"https:\/\/ses-creative.com\/wp-content\/uploads\/2026\/01\/131021.jpg","contentUrl":"https:\/\/ses-creative.com\/wp-content\/uploads\/2026\/01\/131021.jpg","width":1000,"height":1000},{"@type":"BreadcrumbList","@id":"https:\/\/ses-creative.com\/de\/produkt\/sensory-perlen\/#breadcrumb","itemListElement":[{"@type":"ListItem","position":1,"name":"Shop","item":"https:\/\/ses-creative.com\/de\/shop\/"},{"@type":"ListItem","position":2,"name":"Baby &amp; Kleinkind","item":"https:\/\/ses-creative.com\/de\/product-categorie\/baby-kleinkind\/"},{"@type":"ListItem","position":3,"name":"Sensory Perlen"}]},{"@type":"WebSite","@id":"https:\/\/ses-creative.com\/#website","url":"https:\/\/ses-creative.com\/","name":"SES Creative","description":"","publisher":{"@id":"https:\/\/ses-creative.com\/#organization"},"potentialAction":[{"@type":"SearchAction","target":{"@type":"EntryPoint","urlTemplate":"https:\/\/ses-creative.com\/?s={search_term_string}"},"query-input":{"@type":"PropertyValueSpecification","valueRequired":true,"valueName":"search_term_string"}}],"inLanguage":"de"},{"@type":"Organization","@id":"https:\/\/ses-creative.com\/#organization","name":"SES Creative","url":"https:\/\/ses-creative.com\/","logo":{"@type":"ImageObject","inLanguage":"de","@id":"https:\/\/ses-creative.com\/#\/schema\/logo\/image\/","url":"https:\/\/ses-creative.com\/wp-content\/uploads\/2025\/10\/ses-creative-logo.jpg","contentUrl":"https:\/\/ses-creative.com\/wp-content\/uploads\/2025\/10\/ses-creative-logo.jpg","width":2037,"height":2037,"caption":"SES Creative"},"image":{"@id":"https:\/\/ses-creative.com\/#\/schema\/logo\/image\/"}}]}},"_links":{"self":[{"href":"https:\/\/ses-creative.com\/de\/wp-json\/wp\/v2\/product\/114587","targetHints":{"allow":["GET"]}}],"collection":[{"href":"https:\/\/ses-creative.com\/de\/wp-json\/wp\/v2\/product"}],"about":[{"href":"https:\/\/ses-creative.com\/de\/wp-json\/wp\/v2\/types\/product"}],"replies":[{"embeddable":true,"href":"https:\/\/ses-creative.com\/de\/wp-json\/wp\/v2\/comments?post=114587"}],"wp:featuredmedia":[{"embeddable":true,"href":"https:\/\/ses-creative.com\/de\/wp-json\/wp\/v2\/media\/100728"}],"wp:attachment":[{"href":"https:\/\/ses-creative.com\/de\/wp-json\/wp\/v2\/media?parent=114587"}],"wp:term":[{"taxonomy":"product_brand","embeddable":true,"href":"https:\/\/ses-creative.com\/de\/wp-json\/wp\/v2\/product_brand?post=114587"},{"taxonomy":"product_cat","embeddable":true,"href":"https:\/\/ses-creative.com\/de\/wp-json\/wp\/v2\/product_cat?post=114587"},{"taxonomy":"product_tag","embeddable":true,"href":"https:\/\/ses-creative.com\/de\/wp-json\/wp\/v2\/product_tag?post=114587"}],"curies":[{"name":"wp","href":"https:\/\/api.w.org\/{rel}","templated":true}]}}