











{"id":114585,"date":"2026-02-05T13:52:29","date_gmt":"2026-02-05T13:52:29","guid":{"rendered":"https:\/\/ses-creative.com\/?post_type=product&#038;p=114585"},"modified":"2026-02-06T09:51:30","modified_gmt":"2026-02-06T09:51:30","slug":"fische-in-einer-reihe","status":"publish","type":"product","link":"https:\/\/ses-creative.com\/de\/produkt\/fische-in-einer-reihe\/","title":{"rendered":"Fische in einer Reihe"},"content":{"rendered":"<p>Machen Sie das Baden zu einem Fest mit Fischen in einer Reihe!<br \/>\nMit diesen vier multifunktionalen Fischen haben Sie stundenlangen Spielspa\u00df in der Badewanne. Die bunten Fischerboote k\u00f6nnen hintereinander schwimmen, gestapelt werden, im Wasser schwimmen oder als Schaufeln verwendet werden. Perfekt f\u00fcr kleine Kinder, die das Baden zu einem Fest machen wollen!<br \/>\nWas dieses Set so toll macht<br \/>\n&#8211;    Die Fische sind multifunktional einsetzbar und sorgen f\u00fcr zus\u00e4tzlichen Spielspa\u00df.<br \/>\n&#8211;    F\u00f6rdert die Hand-Augen-Koordination und die Feinmotorik<br \/>\n&#8211;    Kreatives Spielen im Wasser<br \/>\n&#8211;    Leicht von kleinen H\u00e4nden zu halten<br \/>\n&#8211;    Perfekt f\u00fcr Kinder ab 10 Monaten<br \/>\nWarum dies perfekt f\u00fcr Sie ist<br \/>\nDieses Set ist ideal f\u00fcr Eltern, die ihren Kindern das Baden noch mehr Spa\u00df machen m\u00f6chten. Es bietet eine unterhaltsame M\u00f6glichkeit zum Spielen und Lernen und f\u00f6rdert gleichzeitig die Hand-Augen-Koordination und Feinmotorik Ihres Kindes. Diese Fischboote machen jedes Bad zu einem Abenteuer und regen das kreative Spiel Ihres Kindes an.<br \/>\nInhalt des Sets<br \/>\n&#8211;    4 multifunktionale Fischboote in verschiedenen Farben<br \/>\nWarum SES Creative w\u00e4hlen?<br \/>\nBei SES Creative legen wir gro\u00dfen Wert auf Sicherheit. Deshalb werden die Produkte in der Fabrik in den Niederlanden nach den strengsten europ\u00e4ischen Sicherheitsstandards hergestellt und getestet. Spielzeug von SES Creative sorgt f\u00fcr Spa\u00df und zielt darauf ab, dass Kinder stolz auf ihre Arbeit sein k\u00f6nnen, was ihre Kreativit\u00e4t und Entwicklung f\u00f6rdert.<br \/>\nTauchen Sie ein in den Spa\u00df mit Fischen in einer Reihe!<br \/>\nEntdecken Sie den Spa\u00df am Baden mit diesen fr\u00f6hlichen Fischerbooten. Ideal f\u00fcr kleine Kinder, die gerne im Wasser spielen und ihrer Fantasie freien Lauf lassen!<br \/>\nEntdecken Sie den Spa\u00df dieser Fischboote und erleben Sie mit diesem multifunktionalen Set die sch\u00f6nsten Badeabenteuer. Perfekt f\u00fcr stundenlangen Spielspa\u00df im Wasser!<\/p>\n","protected":false},"excerpt":{"rendered":"<p>Machen Sie das Baden zu einem Fest mit Fischen in einer Reihe! Mit diesen vier multifunktionalen Fischen haben Sie stundenlangen Spielspa\u00df in der Badewanne. Die bunten Fischerboote k\u00f6nnen hintereinander schwimmen, gestapelt werden, im Wasser schwimmen oder als Schaufeln verwendet werden. Perfekt f\u00fcr kleine Kinder, die das Baden zu einem Fest machen wollen! Was dieses Set [&hellip;]<\/p>\n","protected":false},"featured_media":94120,"comment_status":"closed","ping_status":"closed","template":"","meta":{"_acf_changed":false},"product_brand":[],"product_cat":[116],"product_tag":[],"class_list":{"0":"post-114585","1":"product","2":"type-product","3":"status-publish","4":"has-post-thumbnail","6":"product_cat-baby-kleinkind","7":"pa_leeftijd-filter-0-2-jahre","8":"pa_meest-populair-bij-jungen-maedchen","10":"first","11":"instock","12":"shipping-taxable","13":"product-type-simple"},"acf":[],"yoast_head":"<!-- This site is optimized with the Yoast SEO plugin v27.2 - https:\/\/yoast.com\/product\/yoast-seo-wordpress\/ -->\n<title>Fische in einer Reihe - SES Creative<\/title>\n<meta name=\"robots\" content=\"index, follow, max-snippet:-1, max-image-preview:large, max-video-preview:-1\" \/>\n<link rel=\"canonical\" href=\"https:\/\/ses-creative.com\/de\/produkt\/fische-in-einer-reihe\/\" \/>\n<meta property=\"og:locale\" content=\"de_DE\" \/>\n<meta property=\"og:type\" content=\"article\" \/>\n<meta property=\"og:title\" content=\"Fische in einer Reihe - SES Creative\" \/>\n<meta property=\"og:description\" content=\"Machen Sie das Baden zu einem Fest mit Fischen in einer Reihe! Mit diesen vier multifunktionalen Fischen haben Sie stundenlangen Spielspa\u00df in der Badewanne. Die bunten Fischerboote k\u00f6nnen hintereinander schwimmen, gestapelt werden, im Wasser schwimmen oder als Schaufeln verwendet werden. Perfekt f\u00fcr kleine Kinder, die das Baden zu einem Fest machen wollen! Was dieses Set [&hellip;]\" \/>\n<meta property=\"og:url\" content=\"https:\/\/ses-creative.com\/de\/produkt\/fische-in-einer-reihe\/\" \/>\n<meta property=\"og:site_name\" content=\"SES Creative\" \/>\n<meta property=\"article:modified_time\" content=\"2026-02-06T09:51:30+00:00\" \/>\n<meta name=\"twitter:card\" content=\"summary_large_image\" \/>\n<meta name=\"twitter:label1\" content=\"Gesch\u00e4tzte Lesezeit\" \/>\n\t<meta name=\"twitter:data1\" content=\"1\u00a0Minute\" \/>\n<script type=\"application\/ld+json\" class=\"yoast-schema-graph\">{\"@context\":\"https:\/\/schema.org\",\"@graph\":[{\"@type\":\"WebPage\",\"@id\":\"https:\/\/ses-creative.com\/de\/produkt\/fische-in-einer-reihe\/\",\"url\":\"https:\/\/ses-creative.com\/de\/produkt\/fische-in-einer-reihe\/\",\"name\":\"Fische in einer Reihe - SES Creative\",\"isPartOf\":{\"@id\":\"https:\/\/ses-creative.com\/#website\"},\"primaryImageOfPage\":{\"@id\":\"https:\/\/ses-creative.com\/de\/produkt\/fische-in-einer-reihe\/#primaryimage\"},\"image\":{\"@id\":\"https:\/\/ses-creative.com\/de\/produkt\/fische-in-einer-reihe\/#primaryimage\"},\"thumbnailUrl\":\"https:\/\/ses-creative.com\/wp-content\/uploads\/2026\/01\/130981.jpg\",\"datePublished\":\"2026-02-05T13:52:29+00:00\",\"dateModified\":\"2026-02-06T09:51:30+00:00\",\"breadcrumb\":{\"@id\":\"https:\/\/ses-creative.com\/de\/produkt\/fische-in-einer-reihe\/#breadcrumb\"},\"inLanguage\":\"de\",\"potentialAction\":[{\"@type\":\"ReadAction\",\"target\":[\"https:\/\/ses-creative.com\/de\/produkt\/fische-in-einer-reihe\/\"]}]},{\"@type\":\"ImageObject\",\"inLanguage\":\"de\",\"@id\":\"https:\/\/ses-creative.com\/de\/produkt\/fische-in-einer-reihe\/#primaryimage\",\"url\":\"https:\/\/ses-creative.com\/wp-content\/uploads\/2026\/01\/130981.jpg\",\"contentUrl\":\"https:\/\/ses-creative.com\/wp-content\/uploads\/2026\/01\/130981.jpg\",\"width\":2000,\"height\":2000},{\"@type\":\"BreadcrumbList\",\"@id\":\"https:\/\/ses-creative.com\/de\/produkt\/fische-in-einer-reihe\/#breadcrumb\",\"itemListElement\":[{\"@type\":\"ListItem\",\"position\":1,\"name\":\"Shop\",\"item\":\"https:\/\/ses-creative.com\/de\/shop\/\"},{\"@type\":\"ListItem\",\"position\":2,\"name\":\"Baby &amp; Kleinkind\",\"item\":\"https:\/\/ses-creative.com\/de\/product-categorie\/baby-kleinkind\/\"},{\"@type\":\"ListItem\",\"position\":3,\"name\":\"Fische in einer Reihe\"}]},{\"@type\":\"WebSite\",\"@id\":\"https:\/\/ses-creative.com\/#website\",\"url\":\"https:\/\/ses-creative.com\/\",\"name\":\"SES Creative\",\"description\":\"\",\"publisher\":{\"@id\":\"https:\/\/ses-creative.com\/#organization\"},\"potentialAction\":[{\"@type\":\"SearchAction\",\"target\":{\"@type\":\"EntryPoint\",\"urlTemplate\":\"https:\/\/ses-creative.com\/?s={search_term_string}\"},\"query-input\":{\"@type\":\"PropertyValueSpecification\",\"valueRequired\":true,\"valueName\":\"search_term_string\"}}],\"inLanguage\":\"de\"},{\"@type\":\"Organization\",\"@id\":\"https:\/\/ses-creative.com\/#organization\",\"name\":\"SES Creative\",\"url\":\"https:\/\/ses-creative.com\/\",\"logo\":{\"@type\":\"ImageObject\",\"inLanguage\":\"de\",\"@id\":\"https:\/\/ses-creative.com\/#\/schema\/logo\/image\/\",\"url\":\"https:\/\/ses-creative.com\/wp-content\/uploads\/2025\/10\/ses-creative-logo.jpg\",\"contentUrl\":\"https:\/\/ses-creative.com\/wp-content\/uploads\/2025\/10\/ses-creative-logo.jpg\",\"width\":2037,\"height\":2037,\"caption\":\"SES Creative\"},\"image\":{\"@id\":\"https:\/\/ses-creative.com\/#\/schema\/logo\/image\/\"}}]}<\/script>\n<!-- \/ Yoast SEO plugin. -->","yoast_head_json":{"title":"Fische in einer Reihe - SES Creative","robots":{"index":"index","follow":"follow","max-snippet":"max-snippet:-1","max-image-preview":"max-image-preview:large","max-video-preview":"max-video-preview:-1"},"canonical":"https:\/\/ses-creative.com\/de\/produkt\/fische-in-einer-reihe\/","og_locale":"de_DE","og_type":"article","og_title":"Fische in einer Reihe - SES Creative","og_description":"Machen Sie das Baden zu einem Fest mit Fischen in einer Reihe! Mit diesen vier multifunktionalen Fischen haben Sie stundenlangen Spielspa\u00df in der Badewanne. Die bunten Fischerboote k\u00f6nnen hintereinander schwimmen, gestapelt werden, im Wasser schwimmen oder als Schaufeln verwendet werden. Perfekt f\u00fcr kleine Kinder, die das Baden zu einem Fest machen wollen! Was dieses Set [&hellip;]","og_url":"https:\/\/ses-creative.com\/de\/produkt\/fische-in-einer-reihe\/","og_site_name":"SES Creative","article_modified_time":"2026-02-06T09:51:30+00:00","twitter_card":"summary_large_image","twitter_misc":{"Gesch\u00e4tzte Lesezeit":"1\u00a0Minute"},"schema":{"@context":"https:\/\/schema.org","@graph":[{"@type":"WebPage","@id":"https:\/\/ses-creative.com\/de\/produkt\/fische-in-einer-reihe\/","url":"https:\/\/ses-creative.com\/de\/produkt\/fische-in-einer-reihe\/","name":"Fische in einer Reihe - SES Creative","isPartOf":{"@id":"https:\/\/ses-creative.com\/#website"},"primaryImageOfPage":{"@id":"https:\/\/ses-creative.com\/de\/produkt\/fische-in-einer-reihe\/#primaryimage"},"image":{"@id":"https:\/\/ses-creative.com\/de\/produkt\/fische-in-einer-reihe\/#primaryimage"},"thumbnailUrl":"https:\/\/ses-creative.com\/wp-content\/uploads\/2026\/01\/130981.jpg","datePublished":"2026-02-05T13:52:29+00:00","dateModified":"2026-02-06T09:51:30+00:00","breadcrumb":{"@id":"https:\/\/ses-creative.com\/de\/produkt\/fische-in-einer-reihe\/#breadcrumb"},"inLanguage":"de","potentialAction":[{"@type":"ReadAction","target":["https:\/\/ses-creative.com\/de\/produkt\/fische-in-einer-reihe\/"]}]},{"@type":"ImageObject","inLanguage":"de","@id":"https:\/\/ses-creative.com\/de\/produkt\/fische-in-einer-reihe\/#primaryimage","url":"https:\/\/ses-creative.com\/wp-content\/uploads\/2026\/01\/130981.jpg","contentUrl":"https:\/\/ses-creative.com\/wp-content\/uploads\/2026\/01\/130981.jpg","width":2000,"height":2000},{"@type":"BreadcrumbList","@id":"https:\/\/ses-creative.com\/de\/produkt\/fische-in-einer-reihe\/#breadcrumb","itemListElement":[{"@type":"ListItem","position":1,"name":"Shop","item":"https:\/\/ses-creative.com\/de\/shop\/"},{"@type":"ListItem","position":2,"name":"Baby &amp; Kleinkind","item":"https:\/\/ses-creative.com\/de\/product-categorie\/baby-kleinkind\/"},{"@type":"ListItem","position":3,"name":"Fische in einer Reihe"}]},{"@type":"WebSite","@id":"https:\/\/ses-creative.com\/#website","url":"https:\/\/ses-creative.com\/","name":"SES Creative","description":"","publisher":{"@id":"https:\/\/ses-creative.com\/#organization"},"potentialAction":[{"@type":"SearchAction","target":{"@type":"EntryPoint","urlTemplate":"https:\/\/ses-creative.com\/?s={search_term_string}"},"query-input":{"@type":"PropertyValueSpecification","valueRequired":true,"valueName":"search_term_string"}}],"inLanguage":"de"},{"@type":"Organization","@id":"https:\/\/ses-creative.com\/#organization","name":"SES Creative","url":"https:\/\/ses-creative.com\/","logo":{"@type":"ImageObject","inLanguage":"de","@id":"https:\/\/ses-creative.com\/#\/schema\/logo\/image\/","url":"https:\/\/ses-creative.com\/wp-content\/uploads\/2025\/10\/ses-creative-logo.jpg","contentUrl":"https:\/\/ses-creative.com\/wp-content\/uploads\/2025\/10\/ses-creative-logo.jpg","width":2037,"height":2037,"caption":"SES Creative"},"image":{"@id":"https:\/\/ses-creative.com\/#\/schema\/logo\/image\/"}}]}},"_links":{"self":[{"href":"https:\/\/ses-creative.com\/de\/wp-json\/wp\/v2\/product\/114585","targetHints":{"allow":["GET"]}}],"collection":[{"href":"https:\/\/ses-creative.com\/de\/wp-json\/wp\/v2\/product"}],"about":[{"href":"https:\/\/ses-creative.com\/de\/wp-json\/wp\/v2\/types\/product"}],"replies":[{"embeddable":true,"href":"https:\/\/ses-creative.com\/de\/wp-json\/wp\/v2\/comments?post=114585"}],"wp:featuredmedia":[{"embeddable":true,"href":"https:\/\/ses-creative.com\/de\/wp-json\/wp\/v2\/media\/94120"}],"wp:attachment":[{"href":"https:\/\/ses-creative.com\/de\/wp-json\/wp\/v2\/media?parent=114585"}],"wp:term":[{"taxonomy":"product_brand","embeddable":true,"href":"https:\/\/ses-creative.com\/de\/wp-json\/wp\/v2\/product_brand?post=114585"},{"taxonomy":"product_cat","embeddable":true,"href":"https:\/\/ses-creative.com\/de\/wp-json\/wp\/v2\/product_cat?post=114585"},{"taxonomy":"product_tag","embeddable":true,"href":"https:\/\/ses-creative.com\/de\/wp-json\/wp\/v2\/product_tag?post=114585"}],"curies":[{"name":"wp","href":"https:\/\/api.w.org\/{rel}","templated":true}]}}