











{"id":114584,"date":"2026-02-05T13:52:29","date_gmt":"2026-02-05T13:52:29","guid":{"rendered":"https:\/\/ses-creative.com\/?post_type=product&#038;p=114584"},"modified":"2026-02-06T09:51:29","modified_gmt":"2026-02-06T09:51:29","slug":"badewannen-safari-tiere","status":"publish","type":"product","link":"https:\/\/ses-creative.com\/de\/produkt\/badewannen-safari-tiere\/","title":{"rendered":"Badewannen Safari Tiere"},"content":{"rendered":"<p>Verwandeln Sie das Baden in einen Moment des Entdeckens und Spielens mit dem Badespielzeug-Set Tiere Safari von SES Creative! Das Set wurde f\u00fcr Kleinkinder ab 12 Monaten entwickelt und enth\u00e4lt 14 Tiere aus weichem, farbenfrohem Schaumstoff, die auf dem Wasser schwimmen und leicht an nassen Oberfl\u00e4chen haften und so ein spielerisches und interaktives Erlebnis bieten. Es ist ideal, um die Fantasie anzuregen, und erm\u00f6glicht es Kindern, Geschichten zu erfinden, w\u00e4hrend sie ihre Koordination und Feinmotorik entwickeln. Dank ihrer leichten und flexiblen Textur sind diese Spielzeuge perfekt f\u00fcr kleine H\u00e4nde geeignet und garantieren einen einfachen Griff und ein frustfreies Spiel.<\/p>\n<p>Hergestellt aus 100 % sicheren, hypoallergenen und BPA-freien Materialien, sorgen diese Badetiere f\u00fcr eine sichere Verwendung. Sie sind waschbar und langlebig und begleiten die Kinder bei jedem Bad, ohne ihre Gesundheit zu gef\u00e4hrden. SES Creative engagiert sich f\u00fcr die Umwelt und bietet ein CO\u2082-neutrales Produkt, das in seiner Fabrik in den Niederlanden unter strengen Qualit\u00e4tsstandards entwickelt wurde.<\/p>\n<p>Diese Box ist das perfekte Geschenk zum Geburtstag, zu Weihnachten oder einfach nur, um Freude zu bereiten. Das farbenfrohe Design und die niedlichen Figuren fesseln die Aufmerksamkeit der Kinder und machen den Moment des Badens noch unterhaltsamer und lehrreicher. Schenken Sie es Ihrem Kind, um das t\u00e4gliche Ritual in ein sensorisches Abenteuer voller \u00dcberraschungen zu verwandeln!<\/p>\n","protected":false},"excerpt":{"rendered":"<p>Verwandeln Sie das Baden in einen Moment des Entdeckens und Spielens mit dem Badespielzeug-Set Tiere Safari von SES Creative! Das Set wurde f\u00fcr Kleinkinder ab 12 Monaten entwickelt und enth\u00e4lt 14 Tiere aus weichem, farbenfrohem Schaumstoff, die auf dem Wasser schwimmen und leicht an nassen Oberfl\u00e4chen haften und so ein spielerisches und interaktives Erlebnis bieten. [&hellip;]<\/p>\n","protected":false},"featured_media":100708,"comment_status":"closed","ping_status":"closed","template":"","meta":{"_acf_changed":false},"product_brand":[],"product_cat":[116],"product_tag":[],"class_list":{"0":"post-114584","1":"product","2":"type-product","3":"status-publish","4":"has-post-thumbnail","6":"product_cat-baby-kleinkind","7":"pa_leeftijd-filter-0-2-jahre","8":"pa_meest-populair-bij-jungen-maedchen","10":"first","11":"instock","12":"shipping-taxable","13":"product-type-simple"},"acf":[],"yoast_head":"<!-- This site is optimized with the Yoast SEO plugin v27.2 - https:\/\/yoast.com\/product\/yoast-seo-wordpress\/ -->\n<title>Badewannen Safari Tiere - SES Creative<\/title>\n<meta name=\"robots\" content=\"index, follow, max-snippet:-1, max-image-preview:large, max-video-preview:-1\" \/>\n<link rel=\"canonical\" href=\"https:\/\/ses-creative.com\/de\/produkt\/badewannen-safari-tiere\/\" \/>\n<meta property=\"og:locale\" content=\"de_DE\" \/>\n<meta property=\"og:type\" content=\"article\" \/>\n<meta property=\"og:title\" content=\"Badewannen Safari Tiere - SES Creative\" \/>\n<meta property=\"og:description\" content=\"Verwandeln Sie das Baden in einen Moment des Entdeckens und Spielens mit dem Badespielzeug-Set Tiere Safari von SES Creative! Das Set wurde f\u00fcr Kleinkinder ab 12 Monaten entwickelt und enth\u00e4lt 14 Tiere aus weichem, farbenfrohem Schaumstoff, die auf dem Wasser schwimmen und leicht an nassen Oberfl\u00e4chen haften und so ein spielerisches und interaktives Erlebnis bieten. [&hellip;]\" \/>\n<meta property=\"og:url\" content=\"https:\/\/ses-creative.com\/de\/produkt\/badewannen-safari-tiere\/\" \/>\n<meta property=\"og:site_name\" content=\"SES Creative\" \/>\n<meta property=\"article:modified_time\" content=\"2026-02-06T09:51:29+00:00\" \/>\n<meta name=\"twitter:card\" content=\"summary_large_image\" \/>\n<meta name=\"twitter:label1\" content=\"Gesch\u00e4tzte Lesezeit\" \/>\n\t<meta name=\"twitter:data1\" content=\"1\u00a0Minute\" \/>\n<script type=\"application\/ld+json\" class=\"yoast-schema-graph\">{\"@context\":\"https:\/\/schema.org\",\"@graph\":[{\"@type\":\"WebPage\",\"@id\":\"https:\/\/ses-creative.com\/de\/produkt\/badewannen-safari-tiere\/\",\"url\":\"https:\/\/ses-creative.com\/de\/produkt\/badewannen-safari-tiere\/\",\"name\":\"Badewannen Safari Tiere - SES Creative\",\"isPartOf\":{\"@id\":\"https:\/\/ses-creative.com\/#website\"},\"primaryImageOfPage\":{\"@id\":\"https:\/\/ses-creative.com\/de\/produkt\/badewannen-safari-tiere\/#primaryimage\"},\"image\":{\"@id\":\"https:\/\/ses-creative.com\/de\/produkt\/badewannen-safari-tiere\/#primaryimage\"},\"thumbnailUrl\":\"https:\/\/ses-creative.com\/wp-content\/uploads\/2026\/01\/130971.jpg\",\"datePublished\":\"2026-02-05T13:52:29+00:00\",\"dateModified\":\"2026-02-06T09:51:29+00:00\",\"breadcrumb\":{\"@id\":\"https:\/\/ses-creative.com\/de\/produkt\/badewannen-safari-tiere\/#breadcrumb\"},\"inLanguage\":\"de\",\"potentialAction\":[{\"@type\":\"ReadAction\",\"target\":[\"https:\/\/ses-creative.com\/de\/produkt\/badewannen-safari-tiere\/\"]}]},{\"@type\":\"ImageObject\",\"inLanguage\":\"de\",\"@id\":\"https:\/\/ses-creative.com\/de\/produkt\/badewannen-safari-tiere\/#primaryimage\",\"url\":\"https:\/\/ses-creative.com\/wp-content\/uploads\/2026\/01\/130971.jpg\",\"contentUrl\":\"https:\/\/ses-creative.com\/wp-content\/uploads\/2026\/01\/130971.jpg\",\"width\":1000,\"height\":1000},{\"@type\":\"BreadcrumbList\",\"@id\":\"https:\/\/ses-creative.com\/de\/produkt\/badewannen-safari-tiere\/#breadcrumb\",\"itemListElement\":[{\"@type\":\"ListItem\",\"position\":1,\"name\":\"Shop\",\"item\":\"https:\/\/ses-creative.com\/de\/shop\/\"},{\"@type\":\"ListItem\",\"position\":2,\"name\":\"Baby &amp; Kleinkind\",\"item\":\"https:\/\/ses-creative.com\/de\/product-categorie\/baby-kleinkind\/\"},{\"@type\":\"ListItem\",\"position\":3,\"name\":\"Badewannen Safari Tiere\"}]},{\"@type\":\"WebSite\",\"@id\":\"https:\/\/ses-creative.com\/#website\",\"url\":\"https:\/\/ses-creative.com\/\",\"name\":\"SES Creative\",\"description\":\"\",\"publisher\":{\"@id\":\"https:\/\/ses-creative.com\/#organization\"},\"potentialAction\":[{\"@type\":\"SearchAction\",\"target\":{\"@type\":\"EntryPoint\",\"urlTemplate\":\"https:\/\/ses-creative.com\/?s={search_term_string}\"},\"query-input\":{\"@type\":\"PropertyValueSpecification\",\"valueRequired\":true,\"valueName\":\"search_term_string\"}}],\"inLanguage\":\"de\"},{\"@type\":\"Organization\",\"@id\":\"https:\/\/ses-creative.com\/#organization\",\"name\":\"SES Creative\",\"url\":\"https:\/\/ses-creative.com\/\",\"logo\":{\"@type\":\"ImageObject\",\"inLanguage\":\"de\",\"@id\":\"https:\/\/ses-creative.com\/#\/schema\/logo\/image\/\",\"url\":\"https:\/\/ses-creative.com\/wp-content\/uploads\/2025\/10\/ses-creative-logo.jpg\",\"contentUrl\":\"https:\/\/ses-creative.com\/wp-content\/uploads\/2025\/10\/ses-creative-logo.jpg\",\"width\":2037,\"height\":2037,\"caption\":\"SES Creative\"},\"image\":{\"@id\":\"https:\/\/ses-creative.com\/#\/schema\/logo\/image\/\"}}]}<\/script>\n<!-- \/ Yoast SEO plugin. -->","yoast_head_json":{"title":"Badewannen Safari Tiere - SES Creative","robots":{"index":"index","follow":"follow","max-snippet":"max-snippet:-1","max-image-preview":"max-image-preview:large","max-video-preview":"max-video-preview:-1"},"canonical":"https:\/\/ses-creative.com\/de\/produkt\/badewannen-safari-tiere\/","og_locale":"de_DE","og_type":"article","og_title":"Badewannen Safari Tiere - SES Creative","og_description":"Verwandeln Sie das Baden in einen Moment des Entdeckens und Spielens mit dem Badespielzeug-Set Tiere Safari von SES Creative! Das Set wurde f\u00fcr Kleinkinder ab 12 Monaten entwickelt und enth\u00e4lt 14 Tiere aus weichem, farbenfrohem Schaumstoff, die auf dem Wasser schwimmen und leicht an nassen Oberfl\u00e4chen haften und so ein spielerisches und interaktives Erlebnis bieten. [&hellip;]","og_url":"https:\/\/ses-creative.com\/de\/produkt\/badewannen-safari-tiere\/","og_site_name":"SES Creative","article_modified_time":"2026-02-06T09:51:29+00:00","twitter_card":"summary_large_image","twitter_misc":{"Gesch\u00e4tzte Lesezeit":"1\u00a0Minute"},"schema":{"@context":"https:\/\/schema.org","@graph":[{"@type":"WebPage","@id":"https:\/\/ses-creative.com\/de\/produkt\/badewannen-safari-tiere\/","url":"https:\/\/ses-creative.com\/de\/produkt\/badewannen-safari-tiere\/","name":"Badewannen Safari Tiere - SES Creative","isPartOf":{"@id":"https:\/\/ses-creative.com\/#website"},"primaryImageOfPage":{"@id":"https:\/\/ses-creative.com\/de\/produkt\/badewannen-safari-tiere\/#primaryimage"},"image":{"@id":"https:\/\/ses-creative.com\/de\/produkt\/badewannen-safari-tiere\/#primaryimage"},"thumbnailUrl":"https:\/\/ses-creative.com\/wp-content\/uploads\/2026\/01\/130971.jpg","datePublished":"2026-02-05T13:52:29+00:00","dateModified":"2026-02-06T09:51:29+00:00","breadcrumb":{"@id":"https:\/\/ses-creative.com\/de\/produkt\/badewannen-safari-tiere\/#breadcrumb"},"inLanguage":"de","potentialAction":[{"@type":"ReadAction","target":["https:\/\/ses-creative.com\/de\/produkt\/badewannen-safari-tiere\/"]}]},{"@type":"ImageObject","inLanguage":"de","@id":"https:\/\/ses-creative.com\/de\/produkt\/badewannen-safari-tiere\/#primaryimage","url":"https:\/\/ses-creative.com\/wp-content\/uploads\/2026\/01\/130971.jpg","contentUrl":"https:\/\/ses-creative.com\/wp-content\/uploads\/2026\/01\/130971.jpg","width":1000,"height":1000},{"@type":"BreadcrumbList","@id":"https:\/\/ses-creative.com\/de\/produkt\/badewannen-safari-tiere\/#breadcrumb","itemListElement":[{"@type":"ListItem","position":1,"name":"Shop","item":"https:\/\/ses-creative.com\/de\/shop\/"},{"@type":"ListItem","position":2,"name":"Baby &amp; Kleinkind","item":"https:\/\/ses-creative.com\/de\/product-categorie\/baby-kleinkind\/"},{"@type":"ListItem","position":3,"name":"Badewannen Safari Tiere"}]},{"@type":"WebSite","@id":"https:\/\/ses-creative.com\/#website","url":"https:\/\/ses-creative.com\/","name":"SES Creative","description":"","publisher":{"@id":"https:\/\/ses-creative.com\/#organization"},"potentialAction":[{"@type":"SearchAction","target":{"@type":"EntryPoint","urlTemplate":"https:\/\/ses-creative.com\/?s={search_term_string}"},"query-input":{"@type":"PropertyValueSpecification","valueRequired":true,"valueName":"search_term_string"}}],"inLanguage":"de"},{"@type":"Organization","@id":"https:\/\/ses-creative.com\/#organization","name":"SES Creative","url":"https:\/\/ses-creative.com\/","logo":{"@type":"ImageObject","inLanguage":"de","@id":"https:\/\/ses-creative.com\/#\/schema\/logo\/image\/","url":"https:\/\/ses-creative.com\/wp-content\/uploads\/2025\/10\/ses-creative-logo.jpg","contentUrl":"https:\/\/ses-creative.com\/wp-content\/uploads\/2025\/10\/ses-creative-logo.jpg","width":2037,"height":2037,"caption":"SES Creative"},"image":{"@id":"https:\/\/ses-creative.com\/#\/schema\/logo\/image\/"}}]}},"_links":{"self":[{"href":"https:\/\/ses-creative.com\/de\/wp-json\/wp\/v2\/product\/114584","targetHints":{"allow":["GET"]}}],"collection":[{"href":"https:\/\/ses-creative.com\/de\/wp-json\/wp\/v2\/product"}],"about":[{"href":"https:\/\/ses-creative.com\/de\/wp-json\/wp\/v2\/types\/product"}],"replies":[{"embeddable":true,"href":"https:\/\/ses-creative.com\/de\/wp-json\/wp\/v2\/comments?post=114584"}],"wp:featuredmedia":[{"embeddable":true,"href":"https:\/\/ses-creative.com\/de\/wp-json\/wp\/v2\/media\/100708"}],"wp:attachment":[{"href":"https:\/\/ses-creative.com\/de\/wp-json\/wp\/v2\/media?parent=114584"}],"wp:term":[{"taxonomy":"product_brand","embeddable":true,"href":"https:\/\/ses-creative.com\/de\/wp-json\/wp\/v2\/product_brand?post=114584"},{"taxonomy":"product_cat","embeddable":true,"href":"https:\/\/ses-creative.com\/de\/wp-json\/wp\/v2\/product_cat?post=114584"},{"taxonomy":"product_tag","embeddable":true,"href":"https:\/\/ses-creative.com\/de\/wp-json\/wp\/v2\/product_tag?post=114584"}],"curies":[{"name":"wp","href":"https:\/\/api.w.org\/{rel}","templated":true}]}}