











{"id":114583,"date":"2026-02-05T13:52:29","date_gmt":"2026-02-05T13:52:29","guid":{"rendered":"https:\/\/ses-creative.com\/?post_type=product&#038;p=114583"},"modified":"2026-02-06T09:51:29","modified_gmt":"2026-02-06T09:51:29","slug":"angeln-im-wasser","status":"publish","type":"product","link":"https:\/\/ses-creative.com\/de\/produkt\/angeln-im-wasser\/","title":{"rendered":"Angeln im Wasser"},"content":{"rendered":"<p>Fang die au\u00dfergew\u00f6hnlichsten Fische mit Fischen im Wasser!<br \/>\nWer f\u00e4ngt die meisten oder die au\u00dfergew\u00f6hnlichsten Meerestiere in der Badewanne? Mit diesem lustigen Fischfangspiel von SES Creative wird das Baden zu einem echten Abenteuer. Verwenden Sie die Angelruten, um die bunten Fische und Meerestiere aus dem Wasser zu fischen. Perfekt f\u00fcr Kinder, die Wasser und spielerische Herausforderungen lieben!<br \/>\nWas dieses Set so toll macht<br \/>\n&#8211;    Machen Sie das Baden zu einem Fest<br \/>\n&#8211;    Die Meerestiere bleiben schwimmen<br \/>\n&#8211;    F\u00f6rdert die Hand-Augen-Koordination und die Feinmotorik<br \/>\n&#8211;    Geeignet f\u00fcr Kinder ab 3 Jahren<br \/>\n&#8211;    Spielen Sie gemeinsam mit den beiden Angelruten<br \/>\nWarum dieses Produkt perfekt f\u00fcr Sie ist<br \/>\nDieses Set ist ideal f\u00fcr Eltern, die ihren Kindern noch mehr Spa\u00df beim Baden bieten m\u00f6chten. Es bietet eine unterhaltsame M\u00f6glichkeit zum Spielen und Lernen und f\u00f6rdert gleichzeitig die Feinmotorik und Koordination Ihres Kindes.<br \/>\nMit diesem Set k\u00f6nnen Kinder ihr eigenes Angelspiel in der Badewanne organisieren. Die bunten Fische und Meerestiere schwimmen auf dem Wasser und lassen sich so leicht mit den Angelruten fangen. Eine tolle M\u00f6glichkeit, beim Baden Spa\u00df zu haben und gleichzeitig die Hand-Augen-Koordination zu verbessern.<br \/>\nInhalt des Sets<br \/>\n&#8211;    2 Angelruten<br \/>\n&#8211;    Sortiment an Meerestieren (u. a. eine Krabbe, ein Hai und ein Delfin)<br \/>\nWarum SES Creative w\u00e4hlen?<br \/>\nBei SES Creative legen wir gro\u00dfen Wert auf Sicherheit. Deshalb werden die Produkte in der Fabrik in den Niederlanden nach den strengsten europ\u00e4ischen Sicherheitsnormen hergestellt und getestet. Spielzeug von SES Creative sorgt f\u00fcr Spa\u00df und soll Kindern ein Gef\u00fchl des Stolzes auf ihre Arbeit vermitteln, was ihre Kreativit\u00e4t und Entwicklung f\u00f6rdert.<br \/>\nBeginnen Sie noch heute mit dem Fang besonderer Fische<br \/>\nEntdecken Sie den Spa\u00df am Angeln in der Badewanne und veranstalten Sie mit diesem kompletten Angelspielset die lustigsten Angelwettbewerbe. Perfekt f\u00fcr stundenlangen Spielspa\u00df im Wasser!<\/p>\n","protected":false},"excerpt":{"rendered":"<p>Fang die au\u00dfergew\u00f6hnlichsten Fische mit Fischen im Wasser! Wer f\u00e4ngt die meisten oder die au\u00dfergew\u00f6hnlichsten Meerestiere in der Badewanne? Mit diesem lustigen Fischfangspiel von SES Creative wird das Baden zu einem echten Abenteuer. Verwenden Sie die Angelruten, um die bunten Fische und Meerestiere aus dem Wasser zu fischen. Perfekt f\u00fcr Kinder, die Wasser und spielerische [&hellip;]<\/p>\n","protected":false},"featured_media":94092,"comment_status":"closed","ping_status":"closed","template":"","meta":{"_acf_changed":false},"product_brand":[],"product_cat":[116],"product_tag":[],"class_list":{"0":"post-114583","1":"product","2":"type-product","3":"status-publish","4":"has-post-thumbnail","6":"product_cat-baby-kleinkind","7":"pa_leeftijd-filter-3-4-jahre","8":"pa_meest-populair-bij-jungen-maedchen","10":"first","11":"instock","12":"shipping-taxable","13":"product-type-simple"},"acf":[],"yoast_head":"<!-- This site is optimized with the Yoast SEO plugin v27.2 - https:\/\/yoast.com\/product\/yoast-seo-wordpress\/ -->\n<title>Angeln im Wasser - SES Creative<\/title>\n<meta name=\"robots\" content=\"index, follow, max-snippet:-1, max-image-preview:large, max-video-preview:-1\" \/>\n<link rel=\"canonical\" href=\"https:\/\/ses-creative.com\/de\/produkt\/angeln-im-wasser\/\" \/>\n<meta property=\"og:locale\" content=\"de_DE\" \/>\n<meta property=\"og:type\" content=\"article\" \/>\n<meta property=\"og:title\" content=\"Angeln im Wasser - SES Creative\" \/>\n<meta property=\"og:description\" content=\"Fang die au\u00dfergew\u00f6hnlichsten Fische mit Fischen im Wasser! Wer f\u00e4ngt die meisten oder die au\u00dfergew\u00f6hnlichsten Meerestiere in der Badewanne? Mit diesem lustigen Fischfangspiel von SES Creative wird das Baden zu einem echten Abenteuer. Verwenden Sie die Angelruten, um die bunten Fische und Meerestiere aus dem Wasser zu fischen. Perfekt f\u00fcr Kinder, die Wasser und spielerische [&hellip;]\" \/>\n<meta property=\"og:url\" content=\"https:\/\/ses-creative.com\/de\/produkt\/angeln-im-wasser\/\" \/>\n<meta property=\"og:site_name\" content=\"SES Creative\" \/>\n<meta property=\"article:modified_time\" content=\"2026-02-06T09:51:29+00:00\" \/>\n<meta name=\"twitter:card\" content=\"summary_large_image\" \/>\n<meta name=\"twitter:label1\" content=\"Gesch\u00e4tzte Lesezeit\" \/>\n\t<meta name=\"twitter:data1\" content=\"2\u00a0Minuten\" \/>\n<script type=\"application\/ld+json\" class=\"yoast-schema-graph\">{\"@context\":\"https:\/\/schema.org\",\"@graph\":[{\"@type\":\"WebPage\",\"@id\":\"https:\/\/ses-creative.com\/de\/produkt\/angeln-im-wasser\/\",\"url\":\"https:\/\/ses-creative.com\/de\/produkt\/angeln-im-wasser\/\",\"name\":\"Angeln im Wasser - SES Creative\",\"isPartOf\":{\"@id\":\"https:\/\/ses-creative.com\/#website\"},\"primaryImageOfPage\":{\"@id\":\"https:\/\/ses-creative.com\/de\/produkt\/angeln-im-wasser\/#primaryimage\"},\"image\":{\"@id\":\"https:\/\/ses-creative.com\/de\/produkt\/angeln-im-wasser\/#primaryimage\"},\"thumbnailUrl\":\"https:\/\/ses-creative.com\/wp-content\/uploads\/2026\/01\/130921.jpg\",\"datePublished\":\"2026-02-05T13:52:29+00:00\",\"dateModified\":\"2026-02-06T09:51:29+00:00\",\"breadcrumb\":{\"@id\":\"https:\/\/ses-creative.com\/de\/produkt\/angeln-im-wasser\/#breadcrumb\"},\"inLanguage\":\"de\",\"potentialAction\":[{\"@type\":\"ReadAction\",\"target\":[\"https:\/\/ses-creative.com\/de\/produkt\/angeln-im-wasser\/\"]}]},{\"@type\":\"ImageObject\",\"inLanguage\":\"de\",\"@id\":\"https:\/\/ses-creative.com\/de\/produkt\/angeln-im-wasser\/#primaryimage\",\"url\":\"https:\/\/ses-creative.com\/wp-content\/uploads\/2026\/01\/130921.jpg\",\"contentUrl\":\"https:\/\/ses-creative.com\/wp-content\/uploads\/2026\/01\/130921.jpg\",\"width\":1000,\"height\":1000},{\"@type\":\"BreadcrumbList\",\"@id\":\"https:\/\/ses-creative.com\/de\/produkt\/angeln-im-wasser\/#breadcrumb\",\"itemListElement\":[{\"@type\":\"ListItem\",\"position\":1,\"name\":\"Shop\",\"item\":\"https:\/\/ses-creative.com\/de\/shop\/\"},{\"@type\":\"ListItem\",\"position\":2,\"name\":\"Baby &amp; Kleinkind\",\"item\":\"https:\/\/ses-creative.com\/de\/product-categorie\/baby-kleinkind\/\"},{\"@type\":\"ListItem\",\"position\":3,\"name\":\"Angeln im Wasser\"}]},{\"@type\":\"WebSite\",\"@id\":\"https:\/\/ses-creative.com\/#website\",\"url\":\"https:\/\/ses-creative.com\/\",\"name\":\"SES Creative\",\"description\":\"\",\"publisher\":{\"@id\":\"https:\/\/ses-creative.com\/#organization\"},\"potentialAction\":[{\"@type\":\"SearchAction\",\"target\":{\"@type\":\"EntryPoint\",\"urlTemplate\":\"https:\/\/ses-creative.com\/?s={search_term_string}\"},\"query-input\":{\"@type\":\"PropertyValueSpecification\",\"valueRequired\":true,\"valueName\":\"search_term_string\"}}],\"inLanguage\":\"de\"},{\"@type\":\"Organization\",\"@id\":\"https:\/\/ses-creative.com\/#organization\",\"name\":\"SES Creative\",\"url\":\"https:\/\/ses-creative.com\/\",\"logo\":{\"@type\":\"ImageObject\",\"inLanguage\":\"de\",\"@id\":\"https:\/\/ses-creative.com\/#\/schema\/logo\/image\/\",\"url\":\"https:\/\/ses-creative.com\/wp-content\/uploads\/2025\/10\/ses-creative-logo.jpg\",\"contentUrl\":\"https:\/\/ses-creative.com\/wp-content\/uploads\/2025\/10\/ses-creative-logo.jpg\",\"width\":2037,\"height\":2037,\"caption\":\"SES Creative\"},\"image\":{\"@id\":\"https:\/\/ses-creative.com\/#\/schema\/logo\/image\/\"}}]}<\/script>\n<!-- \/ Yoast SEO plugin. -->","yoast_head_json":{"title":"Angeln im Wasser - SES Creative","robots":{"index":"index","follow":"follow","max-snippet":"max-snippet:-1","max-image-preview":"max-image-preview:large","max-video-preview":"max-video-preview:-1"},"canonical":"https:\/\/ses-creative.com\/de\/produkt\/angeln-im-wasser\/","og_locale":"de_DE","og_type":"article","og_title":"Angeln im Wasser - SES Creative","og_description":"Fang die au\u00dfergew\u00f6hnlichsten Fische mit Fischen im Wasser! Wer f\u00e4ngt die meisten oder die au\u00dfergew\u00f6hnlichsten Meerestiere in der Badewanne? Mit diesem lustigen Fischfangspiel von SES Creative wird das Baden zu einem echten Abenteuer. Verwenden Sie die Angelruten, um die bunten Fische und Meerestiere aus dem Wasser zu fischen. Perfekt f\u00fcr Kinder, die Wasser und spielerische [&hellip;]","og_url":"https:\/\/ses-creative.com\/de\/produkt\/angeln-im-wasser\/","og_site_name":"SES Creative","article_modified_time":"2026-02-06T09:51:29+00:00","twitter_card":"summary_large_image","twitter_misc":{"Gesch\u00e4tzte Lesezeit":"2\u00a0Minuten"},"schema":{"@context":"https:\/\/schema.org","@graph":[{"@type":"WebPage","@id":"https:\/\/ses-creative.com\/de\/produkt\/angeln-im-wasser\/","url":"https:\/\/ses-creative.com\/de\/produkt\/angeln-im-wasser\/","name":"Angeln im Wasser - SES Creative","isPartOf":{"@id":"https:\/\/ses-creative.com\/#website"},"primaryImageOfPage":{"@id":"https:\/\/ses-creative.com\/de\/produkt\/angeln-im-wasser\/#primaryimage"},"image":{"@id":"https:\/\/ses-creative.com\/de\/produkt\/angeln-im-wasser\/#primaryimage"},"thumbnailUrl":"https:\/\/ses-creative.com\/wp-content\/uploads\/2026\/01\/130921.jpg","datePublished":"2026-02-05T13:52:29+00:00","dateModified":"2026-02-06T09:51:29+00:00","breadcrumb":{"@id":"https:\/\/ses-creative.com\/de\/produkt\/angeln-im-wasser\/#breadcrumb"},"inLanguage":"de","potentialAction":[{"@type":"ReadAction","target":["https:\/\/ses-creative.com\/de\/produkt\/angeln-im-wasser\/"]}]},{"@type":"ImageObject","inLanguage":"de","@id":"https:\/\/ses-creative.com\/de\/produkt\/angeln-im-wasser\/#primaryimage","url":"https:\/\/ses-creative.com\/wp-content\/uploads\/2026\/01\/130921.jpg","contentUrl":"https:\/\/ses-creative.com\/wp-content\/uploads\/2026\/01\/130921.jpg","width":1000,"height":1000},{"@type":"BreadcrumbList","@id":"https:\/\/ses-creative.com\/de\/produkt\/angeln-im-wasser\/#breadcrumb","itemListElement":[{"@type":"ListItem","position":1,"name":"Shop","item":"https:\/\/ses-creative.com\/de\/shop\/"},{"@type":"ListItem","position":2,"name":"Baby &amp; Kleinkind","item":"https:\/\/ses-creative.com\/de\/product-categorie\/baby-kleinkind\/"},{"@type":"ListItem","position":3,"name":"Angeln im Wasser"}]},{"@type":"WebSite","@id":"https:\/\/ses-creative.com\/#website","url":"https:\/\/ses-creative.com\/","name":"SES Creative","description":"","publisher":{"@id":"https:\/\/ses-creative.com\/#organization"},"potentialAction":[{"@type":"SearchAction","target":{"@type":"EntryPoint","urlTemplate":"https:\/\/ses-creative.com\/?s={search_term_string}"},"query-input":{"@type":"PropertyValueSpecification","valueRequired":true,"valueName":"search_term_string"}}],"inLanguage":"de"},{"@type":"Organization","@id":"https:\/\/ses-creative.com\/#organization","name":"SES Creative","url":"https:\/\/ses-creative.com\/","logo":{"@type":"ImageObject","inLanguage":"de","@id":"https:\/\/ses-creative.com\/#\/schema\/logo\/image\/","url":"https:\/\/ses-creative.com\/wp-content\/uploads\/2025\/10\/ses-creative-logo.jpg","contentUrl":"https:\/\/ses-creative.com\/wp-content\/uploads\/2025\/10\/ses-creative-logo.jpg","width":2037,"height":2037,"caption":"SES Creative"},"image":{"@id":"https:\/\/ses-creative.com\/#\/schema\/logo\/image\/"}}]}},"_links":{"self":[{"href":"https:\/\/ses-creative.com\/de\/wp-json\/wp\/v2\/product\/114583","targetHints":{"allow":["GET"]}}],"collection":[{"href":"https:\/\/ses-creative.com\/de\/wp-json\/wp\/v2\/product"}],"about":[{"href":"https:\/\/ses-creative.com\/de\/wp-json\/wp\/v2\/types\/product"}],"replies":[{"embeddable":true,"href":"https:\/\/ses-creative.com\/de\/wp-json\/wp\/v2\/comments?post=114583"}],"wp:featuredmedia":[{"embeddable":true,"href":"https:\/\/ses-creative.com\/de\/wp-json\/wp\/v2\/media\/94092"}],"wp:attachment":[{"href":"https:\/\/ses-creative.com\/de\/wp-json\/wp\/v2\/media?parent=114583"}],"wp:term":[{"taxonomy":"product_brand","embeddable":true,"href":"https:\/\/ses-creative.com\/de\/wp-json\/wp\/v2\/product_brand?post=114583"},{"taxonomy":"product_cat","embeddable":true,"href":"https:\/\/ses-creative.com\/de\/wp-json\/wp\/v2\/product_cat?post=114583"},{"taxonomy":"product_tag","embeddable":true,"href":"https:\/\/ses-creative.com\/de\/wp-json\/wp\/v2\/product_tag?post=114583"}],"curies":[{"name":"wp","href":"https:\/\/api.w.org\/{rel}","templated":true}]}}