











{"id":114581,"date":"2026-02-05T13:52:29","date_gmt":"2026-02-05T13:52:29","guid":{"rendered":"https:\/\/ses-creative.com\/?post_type=product&#038;p=114581"},"modified":"2026-02-06T09:51:29","modified_gmt":"2026-02-06T09:51:29","slug":"badewannen-maerchenfiguren","status":"publish","type":"product","link":"https:\/\/ses-creative.com\/de\/produkt\/badewannen-maerchenfiguren\/","title":{"rendered":"Badewannen M\u00e4rchenfiguren"},"content":{"rendered":"<p>Das Tiny Talents Set von SES Creative enth\u00e4lt 14 Schaumstofffiguren, inspiriert von M\u00e4rchen, speziell f\u00fcr das Baden von Kindern ab 12 Monaten. Die bunten Formen schwimmen auf dem Wasser und haften leicht an feuchten W\u00e4nden, wodurch das Baden zu einer spielerischen Entdeckungsreise wird. Ohne Schimmel, ohne Kleber und ohne Kleinteile ist jedes Element so gestaltet, dass es Sicherheit und Komfort f\u00fcr die Kleinsten bietet. Dieses Spiel f\u00f6rdert Kreativit\u00e4t, Formerkennung und Hand-Auge-Koordination, w\u00e4hrend es die Fantasie anregt. Hergestellt in der Fabrik in Enschede (Niederlande), ist dieses Spielzeug 100 % CO\u2082-neutral und entspricht den Qualit\u00e4tsstandards von SES Creative.<\/p>\n","protected":false},"excerpt":{"rendered":"<p>Das Tiny Talents Set von SES Creative enth\u00e4lt 14 Schaumstofffiguren, inspiriert von M\u00e4rchen, speziell f\u00fcr das Baden von Kindern ab 12 Monaten. Die bunten Formen schwimmen auf dem Wasser und haften leicht an feuchten W\u00e4nden, wodurch das Baden zu einer spielerischen Entdeckungsreise wird. Ohne Schimmel, ohne Kleber und ohne Kleinteile ist jedes Element so gestaltet, [&hellip;]<\/p>\n","protected":false},"featured_media":100668,"comment_status":"closed","ping_status":"closed","template":"","meta":{"_acf_changed":false},"product_brand":[],"product_cat":[116],"product_tag":[],"class_list":{"0":"post-114581","1":"product","2":"type-product","3":"status-publish","4":"has-post-thumbnail","6":"product_cat-baby-kleinkind","7":"pa_leeftijd-filter-0-2-jahre","8":"pa_meest-populair-bij-jungen-maedchen","10":"first","11":"instock","12":"shipping-taxable","13":"product-type-simple"},"acf":[],"yoast_head":"<!-- This site is optimized with the Yoast SEO plugin v27.2 - https:\/\/yoast.com\/product\/yoast-seo-wordpress\/ -->\n<title>Badewannen M\u00e4rchenfiguren - SES Creative<\/title>\n<meta name=\"robots\" content=\"index, follow, max-snippet:-1, max-image-preview:large, max-video-preview:-1\" \/>\n<link rel=\"canonical\" href=\"https:\/\/ses-creative.com\/de\/produkt\/badewannen-maerchenfiguren\/\" \/>\n<meta property=\"og:locale\" content=\"de_DE\" \/>\n<meta property=\"og:type\" content=\"article\" \/>\n<meta property=\"og:title\" content=\"Badewannen M\u00e4rchenfiguren - SES Creative\" \/>\n<meta property=\"og:description\" content=\"Das Tiny Talents Set von SES Creative enth\u00e4lt 14 Schaumstofffiguren, inspiriert von M\u00e4rchen, speziell f\u00fcr das Baden von Kindern ab 12 Monaten. Die bunten Formen schwimmen auf dem Wasser und haften leicht an feuchten W\u00e4nden, wodurch das Baden zu einer spielerischen Entdeckungsreise wird. Ohne Schimmel, ohne Kleber und ohne Kleinteile ist jedes Element so gestaltet, [&hellip;]\" \/>\n<meta property=\"og:url\" content=\"https:\/\/ses-creative.com\/de\/produkt\/badewannen-maerchenfiguren\/\" \/>\n<meta property=\"og:site_name\" content=\"SES Creative\" \/>\n<meta property=\"article:modified_time\" content=\"2026-02-06T09:51:29+00:00\" \/>\n<meta name=\"twitter:card\" content=\"summary_large_image\" \/>\n<meta name=\"twitter:label1\" content=\"Gesch\u00e4tzte Lesezeit\" \/>\n\t<meta name=\"twitter:data1\" content=\"1\u00a0Minute\" \/>\n<script type=\"application\/ld+json\" class=\"yoast-schema-graph\">{\"@context\":\"https:\/\/schema.org\",\"@graph\":[{\"@type\":\"WebPage\",\"@id\":\"https:\/\/ses-creative.com\/de\/produkt\/badewannen-maerchenfiguren\/\",\"url\":\"https:\/\/ses-creative.com\/de\/produkt\/badewannen-maerchenfiguren\/\",\"name\":\"Badewannen M\u00e4rchenfiguren - SES Creative\",\"isPartOf\":{\"@id\":\"https:\/\/ses-creative.com\/#website\"},\"primaryImageOfPage\":{\"@id\":\"https:\/\/ses-creative.com\/de\/produkt\/badewannen-maerchenfiguren\/#primaryimage\"},\"image\":{\"@id\":\"https:\/\/ses-creative.com\/de\/produkt\/badewannen-maerchenfiguren\/#primaryimage\"},\"thumbnailUrl\":\"https:\/\/ses-creative.com\/wp-content\/uploads\/2026\/01\/130791.jpg\",\"datePublished\":\"2026-02-05T13:52:29+00:00\",\"dateModified\":\"2026-02-06T09:51:29+00:00\",\"breadcrumb\":{\"@id\":\"https:\/\/ses-creative.com\/de\/produkt\/badewannen-maerchenfiguren\/#breadcrumb\"},\"inLanguage\":\"de\",\"potentialAction\":[{\"@type\":\"ReadAction\",\"target\":[\"https:\/\/ses-creative.com\/de\/produkt\/badewannen-maerchenfiguren\/\"]}]},{\"@type\":\"ImageObject\",\"inLanguage\":\"de\",\"@id\":\"https:\/\/ses-creative.com\/de\/produkt\/badewannen-maerchenfiguren\/#primaryimage\",\"url\":\"https:\/\/ses-creative.com\/wp-content\/uploads\/2026\/01\/130791.jpg\",\"contentUrl\":\"https:\/\/ses-creative.com\/wp-content\/uploads\/2026\/01\/130791.jpg\",\"width\":1000,\"height\":1000},{\"@type\":\"BreadcrumbList\",\"@id\":\"https:\/\/ses-creative.com\/de\/produkt\/badewannen-maerchenfiguren\/#breadcrumb\",\"itemListElement\":[{\"@type\":\"ListItem\",\"position\":1,\"name\":\"Shop\",\"item\":\"https:\/\/ses-creative.com\/de\/shop\/\"},{\"@type\":\"ListItem\",\"position\":2,\"name\":\"Baby &amp; Kleinkind\",\"item\":\"https:\/\/ses-creative.com\/de\/product-categorie\/baby-kleinkind\/\"},{\"@type\":\"ListItem\",\"position\":3,\"name\":\"Badewannen M\u00e4rchenfiguren\"}]},{\"@type\":\"WebSite\",\"@id\":\"https:\/\/ses-creative.com\/#website\",\"url\":\"https:\/\/ses-creative.com\/\",\"name\":\"SES Creative\",\"description\":\"\",\"publisher\":{\"@id\":\"https:\/\/ses-creative.com\/#organization\"},\"potentialAction\":[{\"@type\":\"SearchAction\",\"target\":{\"@type\":\"EntryPoint\",\"urlTemplate\":\"https:\/\/ses-creative.com\/?s={search_term_string}\"},\"query-input\":{\"@type\":\"PropertyValueSpecification\",\"valueRequired\":true,\"valueName\":\"search_term_string\"}}],\"inLanguage\":\"de\"},{\"@type\":\"Organization\",\"@id\":\"https:\/\/ses-creative.com\/#organization\",\"name\":\"SES Creative\",\"url\":\"https:\/\/ses-creative.com\/\",\"logo\":{\"@type\":\"ImageObject\",\"inLanguage\":\"de\",\"@id\":\"https:\/\/ses-creative.com\/#\/schema\/logo\/image\/\",\"url\":\"https:\/\/ses-creative.com\/wp-content\/uploads\/2025\/10\/ses-creative-logo.jpg\",\"contentUrl\":\"https:\/\/ses-creative.com\/wp-content\/uploads\/2025\/10\/ses-creative-logo.jpg\",\"width\":2037,\"height\":2037,\"caption\":\"SES Creative\"},\"image\":{\"@id\":\"https:\/\/ses-creative.com\/#\/schema\/logo\/image\/\"}}]}<\/script>\n<!-- \/ Yoast SEO plugin. -->","yoast_head_json":{"title":"Badewannen M\u00e4rchenfiguren - SES Creative","robots":{"index":"index","follow":"follow","max-snippet":"max-snippet:-1","max-image-preview":"max-image-preview:large","max-video-preview":"max-video-preview:-1"},"canonical":"https:\/\/ses-creative.com\/de\/produkt\/badewannen-maerchenfiguren\/","og_locale":"de_DE","og_type":"article","og_title":"Badewannen M\u00e4rchenfiguren - SES Creative","og_description":"Das Tiny Talents Set von SES Creative enth\u00e4lt 14 Schaumstofffiguren, inspiriert von M\u00e4rchen, speziell f\u00fcr das Baden von Kindern ab 12 Monaten. Die bunten Formen schwimmen auf dem Wasser und haften leicht an feuchten W\u00e4nden, wodurch das Baden zu einer spielerischen Entdeckungsreise wird. Ohne Schimmel, ohne Kleber und ohne Kleinteile ist jedes Element so gestaltet, [&hellip;]","og_url":"https:\/\/ses-creative.com\/de\/produkt\/badewannen-maerchenfiguren\/","og_site_name":"SES Creative","article_modified_time":"2026-02-06T09:51:29+00:00","twitter_card":"summary_large_image","twitter_misc":{"Gesch\u00e4tzte Lesezeit":"1\u00a0Minute"},"schema":{"@context":"https:\/\/schema.org","@graph":[{"@type":"WebPage","@id":"https:\/\/ses-creative.com\/de\/produkt\/badewannen-maerchenfiguren\/","url":"https:\/\/ses-creative.com\/de\/produkt\/badewannen-maerchenfiguren\/","name":"Badewannen M\u00e4rchenfiguren - SES Creative","isPartOf":{"@id":"https:\/\/ses-creative.com\/#website"},"primaryImageOfPage":{"@id":"https:\/\/ses-creative.com\/de\/produkt\/badewannen-maerchenfiguren\/#primaryimage"},"image":{"@id":"https:\/\/ses-creative.com\/de\/produkt\/badewannen-maerchenfiguren\/#primaryimage"},"thumbnailUrl":"https:\/\/ses-creative.com\/wp-content\/uploads\/2026\/01\/130791.jpg","datePublished":"2026-02-05T13:52:29+00:00","dateModified":"2026-02-06T09:51:29+00:00","breadcrumb":{"@id":"https:\/\/ses-creative.com\/de\/produkt\/badewannen-maerchenfiguren\/#breadcrumb"},"inLanguage":"de","potentialAction":[{"@type":"ReadAction","target":["https:\/\/ses-creative.com\/de\/produkt\/badewannen-maerchenfiguren\/"]}]},{"@type":"ImageObject","inLanguage":"de","@id":"https:\/\/ses-creative.com\/de\/produkt\/badewannen-maerchenfiguren\/#primaryimage","url":"https:\/\/ses-creative.com\/wp-content\/uploads\/2026\/01\/130791.jpg","contentUrl":"https:\/\/ses-creative.com\/wp-content\/uploads\/2026\/01\/130791.jpg","width":1000,"height":1000},{"@type":"BreadcrumbList","@id":"https:\/\/ses-creative.com\/de\/produkt\/badewannen-maerchenfiguren\/#breadcrumb","itemListElement":[{"@type":"ListItem","position":1,"name":"Shop","item":"https:\/\/ses-creative.com\/de\/shop\/"},{"@type":"ListItem","position":2,"name":"Baby &amp; Kleinkind","item":"https:\/\/ses-creative.com\/de\/product-categorie\/baby-kleinkind\/"},{"@type":"ListItem","position":3,"name":"Badewannen M\u00e4rchenfiguren"}]},{"@type":"WebSite","@id":"https:\/\/ses-creative.com\/#website","url":"https:\/\/ses-creative.com\/","name":"SES Creative","description":"","publisher":{"@id":"https:\/\/ses-creative.com\/#organization"},"potentialAction":[{"@type":"SearchAction","target":{"@type":"EntryPoint","urlTemplate":"https:\/\/ses-creative.com\/?s={search_term_string}"},"query-input":{"@type":"PropertyValueSpecification","valueRequired":true,"valueName":"search_term_string"}}],"inLanguage":"de"},{"@type":"Organization","@id":"https:\/\/ses-creative.com\/#organization","name":"SES Creative","url":"https:\/\/ses-creative.com\/","logo":{"@type":"ImageObject","inLanguage":"de","@id":"https:\/\/ses-creative.com\/#\/schema\/logo\/image\/","url":"https:\/\/ses-creative.com\/wp-content\/uploads\/2025\/10\/ses-creative-logo.jpg","contentUrl":"https:\/\/ses-creative.com\/wp-content\/uploads\/2025\/10\/ses-creative-logo.jpg","width":2037,"height":2037,"caption":"SES Creative"},"image":{"@id":"https:\/\/ses-creative.com\/#\/schema\/logo\/image\/"}}]}},"_links":{"self":[{"href":"https:\/\/ses-creative.com\/de\/wp-json\/wp\/v2\/product\/114581","targetHints":{"allow":["GET"]}}],"collection":[{"href":"https:\/\/ses-creative.com\/de\/wp-json\/wp\/v2\/product"}],"about":[{"href":"https:\/\/ses-creative.com\/de\/wp-json\/wp\/v2\/types\/product"}],"replies":[{"embeddable":true,"href":"https:\/\/ses-creative.com\/de\/wp-json\/wp\/v2\/comments?post=114581"}],"wp:featuredmedia":[{"embeddable":true,"href":"https:\/\/ses-creative.com\/de\/wp-json\/wp\/v2\/media\/100668"}],"wp:attachment":[{"href":"https:\/\/ses-creative.com\/de\/wp-json\/wp\/v2\/media?parent=114581"}],"wp:term":[{"taxonomy":"product_brand","embeddable":true,"href":"https:\/\/ses-creative.com\/de\/wp-json\/wp\/v2\/product_brand?post=114581"},{"taxonomy":"product_cat","embeddable":true,"href":"https:\/\/ses-creative.com\/de\/wp-json\/wp\/v2\/product_cat?post=114581"},{"taxonomy":"product_tag","embeddable":true,"href":"https:\/\/ses-creative.com\/de\/wp-json\/wp\/v2\/product_tag?post=114581"}],"curies":[{"name":"wp","href":"https:\/\/api.w.org\/{rel}","templated":true}]}}