











{"id":114580,"date":"2026-02-05T13:52:28","date_gmt":"2026-02-05T13:52:28","guid":{"rendered":"https:\/\/ses-creative.com\/?post_type=product&#038;p=114580"},"modified":"2026-02-06T09:51:28","modified_gmt":"2026-02-06T09:51:28","slug":"bade-buch-malen-mit-wasser","status":"publish","type":"product","link":"https:\/\/ses-creative.com\/de\/produkt\/bade-buch-malen-mit-wasser\/","title":{"rendered":"Bade-Buch &#8211; Malen mit Wasser"},"content":{"rendered":"<p>Mit dem SES Creative Tiny Talents Badebuch wird das Baden zu einem faszinierenden Erlebnis f\u00fcr Kleinkinder. Auf acht weichen Seiten erscheinen beim Kontakt mit Wasser farbenfrohe Bilder, die beim Trocknen wieder verschwinden. Das magische Wasser Malbuch ist wiederverwendbar, CO2-neutral, PVC-frei und speziell f\u00fcr kleine Kinderh\u00e4nde gestaltet. Es f\u00f6rdert die visuelle Wahrnehmung, Motorik und Aufmerksamkeit durch spielerisches Lernen. Geeignet f\u00fcr Kinder ab 6 Monaten, unterst\u00fctzt es gezielt die fr\u00fchkindliche Entwicklung in einer spielerischen Umgebung. Das Badebuch hilft Eltern dabei, die Badezeit aktiv zu gestalten und mit neuen Reizen anzureichern. Die liebevoll illustrierten Seiten mit fr\u00f6hlichen Tiermotiven laden immer wieder zum Entdecken ein. Das Material ist weich, sicher und angenehm in der Handhabung \u2013 ideal f\u00fcr kleine Finger. Hergestellt in den Niederlanden, vereint es hochwertige Verarbeitung mit kreativem Anspruch. Eine kreative Geschenkidee Baby und ein innovatives Sensorisches Spielzeug Baby f\u00fcr Spielspa\u00df, Lernfreude und kindgerechte Entwicklung im Alltag.<\/p>\n","protected":false},"excerpt":{"rendered":"<p>Mit dem SES Creative Tiny Talents Badebuch wird das Baden zu einem faszinierenden Erlebnis f\u00fcr Kleinkinder. Auf acht weichen Seiten erscheinen beim Kontakt mit Wasser farbenfrohe Bilder, die beim Trocknen wieder verschwinden. Das magische Wasser Malbuch ist wiederverwendbar, CO2-neutral, PVC-frei und speziell f\u00fcr kleine Kinderh\u00e4nde gestaltet. Es f\u00f6rdert die visuelle Wahrnehmung, Motorik und Aufmerksamkeit durch [&hellip;]<\/p>\n","protected":false},"featured_media":100648,"comment_status":"closed","ping_status":"closed","template":"","meta":{"_acf_changed":false},"product_brand":[],"product_cat":[116],"product_tag":[],"class_list":{"0":"post-114580","1":"product","2":"type-product","3":"status-publish","4":"has-post-thumbnail","6":"product_cat-baby-kleinkind","7":"pa_leeftijd-filter-0-2-jahre","8":"pa_meest-populair-bij-jungen-maedchen","10":"first","11":"instock","12":"shipping-taxable","13":"product-type-simple"},"acf":[],"yoast_head":"<!-- This site is optimized with the Yoast SEO plugin v27.2 - https:\/\/yoast.com\/product\/yoast-seo-wordpress\/ -->\n<title>Bade-Buch - Malen mit Wasser - SES Creative<\/title>\n<meta name=\"robots\" content=\"index, follow, max-snippet:-1, max-image-preview:large, max-video-preview:-1\" \/>\n<link rel=\"canonical\" href=\"https:\/\/ses-creative.com\/de\/produkt\/bade-buch-malen-mit-wasser\/\" \/>\n<meta property=\"og:locale\" content=\"de_DE\" \/>\n<meta property=\"og:type\" content=\"article\" \/>\n<meta property=\"og:title\" content=\"Bade-Buch - Malen mit Wasser - SES Creative\" \/>\n<meta property=\"og:description\" content=\"Mit dem SES Creative Tiny Talents Badebuch wird das Baden zu einem faszinierenden Erlebnis f\u00fcr Kleinkinder. Auf acht weichen Seiten erscheinen beim Kontakt mit Wasser farbenfrohe Bilder, die beim Trocknen wieder verschwinden. Das magische Wasser Malbuch ist wiederverwendbar, CO2-neutral, PVC-frei und speziell f\u00fcr kleine Kinderh\u00e4nde gestaltet. Es f\u00f6rdert die visuelle Wahrnehmung, Motorik und Aufmerksamkeit durch [&hellip;]\" \/>\n<meta property=\"og:url\" content=\"https:\/\/ses-creative.com\/de\/produkt\/bade-buch-malen-mit-wasser\/\" \/>\n<meta property=\"og:site_name\" content=\"SES Creative\" \/>\n<meta property=\"article:modified_time\" content=\"2026-02-06T09:51:28+00:00\" \/>\n<meta name=\"twitter:card\" content=\"summary_large_image\" \/>\n<meta name=\"twitter:label1\" content=\"Gesch\u00e4tzte Lesezeit\" \/>\n\t<meta name=\"twitter:data1\" content=\"1\u00a0Minute\" \/>\n<script type=\"application\/ld+json\" class=\"yoast-schema-graph\">{\"@context\":\"https:\/\/schema.org\",\"@graph\":[{\"@type\":\"WebPage\",\"@id\":\"https:\/\/ses-creative.com\/de\/produkt\/bade-buch-malen-mit-wasser\/\",\"url\":\"https:\/\/ses-creative.com\/de\/produkt\/bade-buch-malen-mit-wasser\/\",\"name\":\"Bade-Buch - Malen mit Wasser - SES Creative\",\"isPartOf\":{\"@id\":\"https:\/\/ses-creative.com\/#website\"},\"primaryImageOfPage\":{\"@id\":\"https:\/\/ses-creative.com\/de\/produkt\/bade-buch-malen-mit-wasser\/#primaryimage\"},\"image\":{\"@id\":\"https:\/\/ses-creative.com\/de\/produkt\/bade-buch-malen-mit-wasser\/#primaryimage\"},\"thumbnailUrl\":\"https:\/\/ses-creative.com\/wp-content\/uploads\/2026\/01\/130561.jpg\",\"datePublished\":\"2026-02-05T13:52:28+00:00\",\"dateModified\":\"2026-02-06T09:51:28+00:00\",\"breadcrumb\":{\"@id\":\"https:\/\/ses-creative.com\/de\/produkt\/bade-buch-malen-mit-wasser\/#breadcrumb\"},\"inLanguage\":\"de\",\"potentialAction\":[{\"@type\":\"ReadAction\",\"target\":[\"https:\/\/ses-creative.com\/de\/produkt\/bade-buch-malen-mit-wasser\/\"]}]},{\"@type\":\"ImageObject\",\"inLanguage\":\"de\",\"@id\":\"https:\/\/ses-creative.com\/de\/produkt\/bade-buch-malen-mit-wasser\/#primaryimage\",\"url\":\"https:\/\/ses-creative.com\/wp-content\/uploads\/2026\/01\/130561.jpg\",\"contentUrl\":\"https:\/\/ses-creative.com\/wp-content\/uploads\/2026\/01\/130561.jpg\",\"width\":1000,\"height\":1000},{\"@type\":\"BreadcrumbList\",\"@id\":\"https:\/\/ses-creative.com\/de\/produkt\/bade-buch-malen-mit-wasser\/#breadcrumb\",\"itemListElement\":[{\"@type\":\"ListItem\",\"position\":1,\"name\":\"Shop\",\"item\":\"https:\/\/ses-creative.com\/de\/shop\/\"},{\"@type\":\"ListItem\",\"position\":2,\"name\":\"Baby &amp; Kleinkind\",\"item\":\"https:\/\/ses-creative.com\/de\/product-categorie\/baby-kleinkind\/\"},{\"@type\":\"ListItem\",\"position\":3,\"name\":\"Bade-Buch &#8211; Malen mit Wasser\"}]},{\"@type\":\"WebSite\",\"@id\":\"https:\/\/ses-creative.com\/#website\",\"url\":\"https:\/\/ses-creative.com\/\",\"name\":\"SES Creative\",\"description\":\"\",\"publisher\":{\"@id\":\"https:\/\/ses-creative.com\/#organization\"},\"potentialAction\":[{\"@type\":\"SearchAction\",\"target\":{\"@type\":\"EntryPoint\",\"urlTemplate\":\"https:\/\/ses-creative.com\/?s={search_term_string}\"},\"query-input\":{\"@type\":\"PropertyValueSpecification\",\"valueRequired\":true,\"valueName\":\"search_term_string\"}}],\"inLanguage\":\"de\"},{\"@type\":\"Organization\",\"@id\":\"https:\/\/ses-creative.com\/#organization\",\"name\":\"SES Creative\",\"url\":\"https:\/\/ses-creative.com\/\",\"logo\":{\"@type\":\"ImageObject\",\"inLanguage\":\"de\",\"@id\":\"https:\/\/ses-creative.com\/#\/schema\/logo\/image\/\",\"url\":\"https:\/\/ses-creative.com\/wp-content\/uploads\/2025\/10\/ses-creative-logo.jpg\",\"contentUrl\":\"https:\/\/ses-creative.com\/wp-content\/uploads\/2025\/10\/ses-creative-logo.jpg\",\"width\":2037,\"height\":2037,\"caption\":\"SES Creative\"},\"image\":{\"@id\":\"https:\/\/ses-creative.com\/#\/schema\/logo\/image\/\"}}]}<\/script>\n<!-- \/ Yoast SEO plugin. -->","yoast_head_json":{"title":"Bade-Buch - Malen mit Wasser - SES Creative","robots":{"index":"index","follow":"follow","max-snippet":"max-snippet:-1","max-image-preview":"max-image-preview:large","max-video-preview":"max-video-preview:-1"},"canonical":"https:\/\/ses-creative.com\/de\/produkt\/bade-buch-malen-mit-wasser\/","og_locale":"de_DE","og_type":"article","og_title":"Bade-Buch - Malen mit Wasser - SES Creative","og_description":"Mit dem SES Creative Tiny Talents Badebuch wird das Baden zu einem faszinierenden Erlebnis f\u00fcr Kleinkinder. Auf acht weichen Seiten erscheinen beim Kontakt mit Wasser farbenfrohe Bilder, die beim Trocknen wieder verschwinden. Das magische Wasser Malbuch ist wiederverwendbar, CO2-neutral, PVC-frei und speziell f\u00fcr kleine Kinderh\u00e4nde gestaltet. Es f\u00f6rdert die visuelle Wahrnehmung, Motorik und Aufmerksamkeit durch [&hellip;]","og_url":"https:\/\/ses-creative.com\/de\/produkt\/bade-buch-malen-mit-wasser\/","og_site_name":"SES Creative","article_modified_time":"2026-02-06T09:51:28+00:00","twitter_card":"summary_large_image","twitter_misc":{"Gesch\u00e4tzte Lesezeit":"1\u00a0Minute"},"schema":{"@context":"https:\/\/schema.org","@graph":[{"@type":"WebPage","@id":"https:\/\/ses-creative.com\/de\/produkt\/bade-buch-malen-mit-wasser\/","url":"https:\/\/ses-creative.com\/de\/produkt\/bade-buch-malen-mit-wasser\/","name":"Bade-Buch - Malen mit Wasser - SES Creative","isPartOf":{"@id":"https:\/\/ses-creative.com\/#website"},"primaryImageOfPage":{"@id":"https:\/\/ses-creative.com\/de\/produkt\/bade-buch-malen-mit-wasser\/#primaryimage"},"image":{"@id":"https:\/\/ses-creative.com\/de\/produkt\/bade-buch-malen-mit-wasser\/#primaryimage"},"thumbnailUrl":"https:\/\/ses-creative.com\/wp-content\/uploads\/2026\/01\/130561.jpg","datePublished":"2026-02-05T13:52:28+00:00","dateModified":"2026-02-06T09:51:28+00:00","breadcrumb":{"@id":"https:\/\/ses-creative.com\/de\/produkt\/bade-buch-malen-mit-wasser\/#breadcrumb"},"inLanguage":"de","potentialAction":[{"@type":"ReadAction","target":["https:\/\/ses-creative.com\/de\/produkt\/bade-buch-malen-mit-wasser\/"]}]},{"@type":"ImageObject","inLanguage":"de","@id":"https:\/\/ses-creative.com\/de\/produkt\/bade-buch-malen-mit-wasser\/#primaryimage","url":"https:\/\/ses-creative.com\/wp-content\/uploads\/2026\/01\/130561.jpg","contentUrl":"https:\/\/ses-creative.com\/wp-content\/uploads\/2026\/01\/130561.jpg","width":1000,"height":1000},{"@type":"BreadcrumbList","@id":"https:\/\/ses-creative.com\/de\/produkt\/bade-buch-malen-mit-wasser\/#breadcrumb","itemListElement":[{"@type":"ListItem","position":1,"name":"Shop","item":"https:\/\/ses-creative.com\/de\/shop\/"},{"@type":"ListItem","position":2,"name":"Baby &amp; Kleinkind","item":"https:\/\/ses-creative.com\/de\/product-categorie\/baby-kleinkind\/"},{"@type":"ListItem","position":3,"name":"Bade-Buch &#8211; Malen mit Wasser"}]},{"@type":"WebSite","@id":"https:\/\/ses-creative.com\/#website","url":"https:\/\/ses-creative.com\/","name":"SES Creative","description":"","publisher":{"@id":"https:\/\/ses-creative.com\/#organization"},"potentialAction":[{"@type":"SearchAction","target":{"@type":"EntryPoint","urlTemplate":"https:\/\/ses-creative.com\/?s={search_term_string}"},"query-input":{"@type":"PropertyValueSpecification","valueRequired":true,"valueName":"search_term_string"}}],"inLanguage":"de"},{"@type":"Organization","@id":"https:\/\/ses-creative.com\/#organization","name":"SES Creative","url":"https:\/\/ses-creative.com\/","logo":{"@type":"ImageObject","inLanguage":"de","@id":"https:\/\/ses-creative.com\/#\/schema\/logo\/image\/","url":"https:\/\/ses-creative.com\/wp-content\/uploads\/2025\/10\/ses-creative-logo.jpg","contentUrl":"https:\/\/ses-creative.com\/wp-content\/uploads\/2025\/10\/ses-creative-logo.jpg","width":2037,"height":2037,"caption":"SES Creative"},"image":{"@id":"https:\/\/ses-creative.com\/#\/schema\/logo\/image\/"}}]}},"_links":{"self":[{"href":"https:\/\/ses-creative.com\/de\/wp-json\/wp\/v2\/product\/114580","targetHints":{"allow":["GET"]}}],"collection":[{"href":"https:\/\/ses-creative.com\/de\/wp-json\/wp\/v2\/product"}],"about":[{"href":"https:\/\/ses-creative.com\/de\/wp-json\/wp\/v2\/types\/product"}],"replies":[{"embeddable":true,"href":"https:\/\/ses-creative.com\/de\/wp-json\/wp\/v2\/comments?post=114580"}],"wp:featuredmedia":[{"embeddable":true,"href":"https:\/\/ses-creative.com\/de\/wp-json\/wp\/v2\/media\/100648"}],"wp:attachment":[{"href":"https:\/\/ses-creative.com\/de\/wp-json\/wp\/v2\/media?parent=114580"}],"wp:term":[{"taxonomy":"product_brand","embeddable":true,"href":"https:\/\/ses-creative.com\/de\/wp-json\/wp\/v2\/product_brand?post=114580"},{"taxonomy":"product_cat","embeddable":true,"href":"https:\/\/ses-creative.com\/de\/wp-json\/wp\/v2\/product_cat?post=114580"},{"taxonomy":"product_tag","embeddable":true,"href":"https:\/\/ses-creative.com\/de\/wp-json\/wp\/v2\/product_tag?post=114580"}],"curies":[{"name":"wp","href":"https:\/\/api.w.org\/{rel}","templated":true}]}}