











{"id":114578,"date":"2026-02-05T13:52:28","date_gmt":"2026-02-05T13:52:28","guid":{"rendered":"https:\/\/ses-creative.com\/?post_type=product&#038;p=114578"},"modified":"2026-02-06T09:51:28","modified_gmt":"2026-02-06T09:51:28","slug":"badfarbtabletten-18-st-farben-mischen-tintenfisch","status":"publish","type":"product","link":"https:\/\/ses-creative.com\/de\/produkt\/badfarbtabletten-18-st-farben-mischen-tintenfisch\/","title":{"rendered":"Badfarbtabletten 18 St. &#8211; Farben mischen Tintenfisch"},"content":{"rendered":"<p>Badetabletten 18 St\u00fcck \u2013 Farben mischen Tintenfisch: Planschen, f\u00e4rben und die Magie des Wassers entdecken!<\/p>\n<p>Mit den Badetabletten \u2013 Farben mischen Tintenfisch von SES Creative wird das Baden zu einem farbenfrohen Abenteuer. Lege die Farbtabletten in das fr\u00f6hliche Badetierchen und beobachte, wie sich das Badewasser in ein magisches Farbenfest verwandelt. Mit drei verschiedenen Farben kannst du endlos kombinieren und die sch\u00f6nsten Farbt\u00f6ne zaubern.<\/p>\n<p>Bewege den Tintenfisch durch das Wasser und hinterlasse eine bezaubernde Farbspur. Die Tabletten l\u00f6sen sich leicht auf und sind v\u00f6llig unbedenklich f\u00fcr Haut, Haare und Badewanne. So wird jedes Bad zu einem fr\u00f6hlichen, lehrreichen und unbeschwerten Planschvergn\u00fcgen.<\/p>\n<p>Was dieses Set so toll macht<\/p>\n<p>Verwandeln Sie das Badewasser mit den Farbtabletten und dem lustigen Badetier in ein magisches Farbfest.<\/p>\n<p>Mischen Sie zwei Farben und entdecken Sie immer neue Farbt\u00f6ne, indem Sie die Tabletten austauschen<\/p>\n<p>Hinterlassen Sie mit dem Tintenfisch-Badtierchen eine bunte Spur im Wasser<\/p>\n<p>Kosmetisch getestet und sicher f\u00fcr Haut, Haare und Badewanne<\/p>\n<p>Die Farbtabletten l\u00f6sen sich schnell und vollst\u00e4ndig auf und sorgen f\u00fcr unbeschwerten Spielspa\u00df<\/p>\n<p>Farben mischen und entdecken<\/p>\n<p>Die Badetabletten \u2013 Farben mischen Tintenfisch-Set laden Kinder dazu ein, mit Farben und Bewegungen zu experimentieren. Indem sie Farben mischen und beobachten, was passiert, lernen sie spielerisch Ursache und Wirkung zu verstehen. Das fr\u00f6hliche Badetierchen macht jedes Bad zu einer Entdeckungsreise voller Fantasie und Spa\u00df.<\/p>\n<p>Inhalt des Sets<\/p>\n<p>Badetier Tintenfisch<\/p>\n<p>6 rosa Farbtabletten<\/p>\n<p>6 gelbe Farbtabletten<\/p>\n<p>6 blaue Farbtabletten<\/p>\n<p>Warum SES Creative w\u00e4hlen?<\/p>\n<p>Bei SES Creative legen wir gr\u00f6\u00dften Wert auf Sicherheit und Qualit\u00e4t. Alle unsere Produkte werden in unserer eigenen Fabrik in den Niederlanden sorgf\u00e4ltig entwickelt und getestet und entsprechen den strengsten europ\u00e4ischen Sicherheitsnormen. SES Creative steht f\u00fcr Kreativit\u00e4t, Spa\u00df und Entwicklung \u2013 damit Kinder sicher entdecken, lernen und stolz auf das sein k\u00f6nnen, was sie herstellen.<\/p>\n<p>Verwandeln Sie jedes Bad in ein farbenfrohes Abenteuer<\/p>\n<p>Mit den Badetabletten \u2013 Farben mischen Tintenfisch von SES Creative wird die Badezeit zu einem fr\u00f6hlichen Experiment voller Farben, Spa\u00df und Staunen. Planschen, malen und entdecken! <\/p>\n","protected":false},"excerpt":{"rendered":"<p>Badetabletten 18 St\u00fcck \u2013 Farben mischen Tintenfisch: Planschen, f\u00e4rben und die Magie des Wassers entdecken! Mit den Badetabletten \u2013 Farben mischen Tintenfisch von SES Creative wird das Baden zu einem farbenfrohen Abenteuer. Lege die Farbtabletten in das fr\u00f6hliche Badetierchen und beobachte, wie sich das Badewasser in ein magisches Farbenfest verwandelt. Mit drei verschiedenen Farben kannst [&hellip;]<\/p>\n","protected":false},"featured_media":107384,"comment_status":"closed","ping_status":"closed","template":"","meta":{"_acf_changed":false},"product_brand":[],"product_cat":[116],"product_tag":[],"class_list":{"0":"post-114578","1":"product","2":"type-product","3":"status-publish","4":"has-post-thumbnail","6":"product_cat-baby-kleinkind","7":"pa_leeftijd-filter-3-4-jahre","8":"pa_meest-populair-bij-jungen-maedchen","10":"first","11":"instock","12":"shipping-taxable","13":"product-type-simple"},"acf":[],"yoast_head":"<!-- This site is optimized with the Yoast SEO plugin v27.4 - https:\/\/yoast.com\/product\/yoast-seo-wordpress\/ -->\n<title>Badfarbtabletten 18 St. - Farben mischen Tintenfisch - SES Creative<\/title>\n<meta name=\"robots\" content=\"index, follow, max-snippet:-1, max-image-preview:large, max-video-preview:-1\" \/>\n<link rel=\"canonical\" href=\"https:\/\/ses-creative.com\/de\/produkt\/badfarbtabletten-18-st-farben-mischen-tintenfisch\/\" \/>\n<meta property=\"og:locale\" content=\"de_DE\" \/>\n<meta property=\"og:type\" content=\"article\" \/>\n<meta property=\"og:title\" content=\"Badfarbtabletten 18 St. - Farben mischen Tintenfisch - SES Creative\" \/>\n<meta property=\"og:description\" content=\"Badetabletten 18 St\u00fcck \u2013 Farben mischen Tintenfisch: Planschen, f\u00e4rben und die Magie des Wassers entdecken! Mit den Badetabletten \u2013 Farben mischen Tintenfisch von SES Creative wird das Baden zu einem farbenfrohen Abenteuer. Lege die Farbtabletten in das fr\u00f6hliche Badetierchen und beobachte, wie sich das Badewasser in ein magisches Farbenfest verwandelt. Mit drei verschiedenen Farben kannst [&hellip;]\" \/>\n<meta property=\"og:url\" content=\"https:\/\/ses-creative.com\/de\/produkt\/badfarbtabletten-18-st-farben-mischen-tintenfisch\/\" \/>\n<meta property=\"og:site_name\" content=\"SES Creative\" \/>\n<meta property=\"article:modified_time\" content=\"2026-02-06T09:51:28+00:00\" \/>\n<meta name=\"twitter:card\" content=\"summary_large_image\" \/>\n<meta name=\"twitter:label1\" content=\"Gesch\u00e4tzte Lesezeit\" \/>\n\t<meta name=\"twitter:data1\" content=\"2\u00a0Minuten\" \/>\n<script type=\"application\/ld+json\" class=\"yoast-schema-graph\">{\"@context\":\"https:\\\/\\\/schema.org\",\"@graph\":[{\"@type\":\"WebPage\",\"@id\":\"https:\\\/\\\/ses-creative.com\\\/de\\\/produkt\\\/badfarbtabletten-18-st-farben-mischen-tintenfisch\\\/\",\"url\":\"https:\\\/\\\/ses-creative.com\\\/de\\\/produkt\\\/badfarbtabletten-18-st-farben-mischen-tintenfisch\\\/\",\"name\":\"Badfarbtabletten 18 St. - Farben mischen Tintenfisch - SES Creative\",\"isPartOf\":{\"@id\":\"https:\\\/\\\/ses-creative.com\\\/#website\"},\"primaryImageOfPage\":{\"@id\":\"https:\\\/\\\/ses-creative.com\\\/de\\\/produkt\\\/badfarbtabletten-18-st-farben-mischen-tintenfisch\\\/#primaryimage\"},\"image\":{\"@id\":\"https:\\\/\\\/ses-creative.com\\\/de\\\/produkt\\\/badfarbtabletten-18-st-farben-mischen-tintenfisch\\\/#primaryimage\"},\"thumbnailUrl\":\"https:\\\/\\\/ses-creative.com\\\/wp-content\\\/uploads\\\/2026\\\/01\\\/130531-1.jpg\",\"datePublished\":\"2026-02-05T13:52:28+00:00\",\"dateModified\":\"2026-02-06T09:51:28+00:00\",\"breadcrumb\":{\"@id\":\"https:\\\/\\\/ses-creative.com\\\/de\\\/produkt\\\/badfarbtabletten-18-st-farben-mischen-tintenfisch\\\/#breadcrumb\"},\"inLanguage\":\"de\",\"potentialAction\":[{\"@type\":\"ReadAction\",\"target\":[\"https:\\\/\\\/ses-creative.com\\\/de\\\/produkt\\\/badfarbtabletten-18-st-farben-mischen-tintenfisch\\\/\"]}]},{\"@type\":\"ImageObject\",\"inLanguage\":\"de\",\"@id\":\"https:\\\/\\\/ses-creative.com\\\/de\\\/produkt\\\/badfarbtabletten-18-st-farben-mischen-tintenfisch\\\/#primaryimage\",\"url\":\"https:\\\/\\\/ses-creative.com\\\/wp-content\\\/uploads\\\/2026\\\/01\\\/130531-1.jpg\",\"contentUrl\":\"https:\\\/\\\/ses-creative.com\\\/wp-content\\\/uploads\\\/2026\\\/01\\\/130531-1.jpg\",\"width\":1000,\"height\":1000},{\"@type\":\"BreadcrumbList\",\"@id\":\"https:\\\/\\\/ses-creative.com\\\/de\\\/produkt\\\/badfarbtabletten-18-st-farben-mischen-tintenfisch\\\/#breadcrumb\",\"itemListElement\":[{\"@type\":\"ListItem\",\"position\":1,\"name\":\"Shop\",\"item\":\"https:\\\/\\\/ses-creative.com\\\/de\\\/shop\\\/\"},{\"@type\":\"ListItem\",\"position\":2,\"name\":\"Baby &amp; Kleinkind\",\"item\":\"https:\\\/\\\/ses-creative.com\\\/de\\\/product-categorie\\\/baby-kleinkind\\\/\"},{\"@type\":\"ListItem\",\"position\":3,\"name\":\"Badfarbtabletten 18 St. &#8211; Farben mischen Tintenfisch\"}]},{\"@type\":\"WebSite\",\"@id\":\"https:\\\/\\\/ses-creative.com\\\/#website\",\"url\":\"https:\\\/\\\/ses-creative.com\\\/\",\"name\":\"SES Creative\",\"description\":\"\",\"publisher\":{\"@id\":\"https:\\\/\\\/ses-creative.com\\\/#organization\"},\"potentialAction\":[{\"@type\":\"SearchAction\",\"target\":{\"@type\":\"EntryPoint\",\"urlTemplate\":\"https:\\\/\\\/ses-creative.com\\\/?s={search_term_string}\"},\"query-input\":{\"@type\":\"PropertyValueSpecification\",\"valueRequired\":true,\"valueName\":\"search_term_string\"}}],\"inLanguage\":\"de\"},{\"@type\":\"Organization\",\"@id\":\"https:\\\/\\\/ses-creative.com\\\/#organization\",\"name\":\"SES Creative\",\"url\":\"https:\\\/\\\/ses-creative.com\\\/\",\"logo\":{\"@type\":\"ImageObject\",\"inLanguage\":\"de\",\"@id\":\"https:\\\/\\\/ses-creative.com\\\/#\\\/schema\\\/logo\\\/image\\\/\",\"url\":\"https:\\\/\\\/ses-creative.com\\\/wp-content\\\/uploads\\\/2025\\\/10\\\/ses-creative-logo.jpg\",\"contentUrl\":\"https:\\\/\\\/ses-creative.com\\\/wp-content\\\/uploads\\\/2025\\\/10\\\/ses-creative-logo.jpg\",\"width\":2037,\"height\":2037,\"caption\":\"SES Creative\"},\"image\":{\"@id\":\"https:\\\/\\\/ses-creative.com\\\/#\\\/schema\\\/logo\\\/image\\\/\"}}]}<\/script>\n<!-- \/ Yoast SEO plugin. -->","yoast_head_json":{"title":"Badfarbtabletten 18 St. - Farben mischen Tintenfisch - SES Creative","robots":{"index":"index","follow":"follow","max-snippet":"max-snippet:-1","max-image-preview":"max-image-preview:large","max-video-preview":"max-video-preview:-1"},"canonical":"https:\/\/ses-creative.com\/de\/produkt\/badfarbtabletten-18-st-farben-mischen-tintenfisch\/","og_locale":"de_DE","og_type":"article","og_title":"Badfarbtabletten 18 St. - Farben mischen Tintenfisch - SES Creative","og_description":"Badetabletten 18 St\u00fcck \u2013 Farben mischen Tintenfisch: Planschen, f\u00e4rben und die Magie des Wassers entdecken! Mit den Badetabletten \u2013 Farben mischen Tintenfisch von SES Creative wird das Baden zu einem farbenfrohen Abenteuer. Lege die Farbtabletten in das fr\u00f6hliche Badetierchen und beobachte, wie sich das Badewasser in ein magisches Farbenfest verwandelt. Mit drei verschiedenen Farben kannst [&hellip;]","og_url":"https:\/\/ses-creative.com\/de\/produkt\/badfarbtabletten-18-st-farben-mischen-tintenfisch\/","og_site_name":"SES Creative","article_modified_time":"2026-02-06T09:51:28+00:00","twitter_card":"summary_large_image","twitter_misc":{"Gesch\u00e4tzte Lesezeit":"2\u00a0Minuten"},"schema":{"@context":"https:\/\/schema.org","@graph":[{"@type":"WebPage","@id":"https:\/\/ses-creative.com\/de\/produkt\/badfarbtabletten-18-st-farben-mischen-tintenfisch\/","url":"https:\/\/ses-creative.com\/de\/produkt\/badfarbtabletten-18-st-farben-mischen-tintenfisch\/","name":"Badfarbtabletten 18 St. - Farben mischen Tintenfisch - SES Creative","isPartOf":{"@id":"https:\/\/ses-creative.com\/#website"},"primaryImageOfPage":{"@id":"https:\/\/ses-creative.com\/de\/produkt\/badfarbtabletten-18-st-farben-mischen-tintenfisch\/#primaryimage"},"image":{"@id":"https:\/\/ses-creative.com\/de\/produkt\/badfarbtabletten-18-st-farben-mischen-tintenfisch\/#primaryimage"},"thumbnailUrl":"https:\/\/ses-creative.com\/wp-content\/uploads\/2026\/01\/130531-1.jpg","datePublished":"2026-02-05T13:52:28+00:00","dateModified":"2026-02-06T09:51:28+00:00","breadcrumb":{"@id":"https:\/\/ses-creative.com\/de\/produkt\/badfarbtabletten-18-st-farben-mischen-tintenfisch\/#breadcrumb"},"inLanguage":"de","potentialAction":[{"@type":"ReadAction","target":["https:\/\/ses-creative.com\/de\/produkt\/badfarbtabletten-18-st-farben-mischen-tintenfisch\/"]}]},{"@type":"ImageObject","inLanguage":"de","@id":"https:\/\/ses-creative.com\/de\/produkt\/badfarbtabletten-18-st-farben-mischen-tintenfisch\/#primaryimage","url":"https:\/\/ses-creative.com\/wp-content\/uploads\/2026\/01\/130531-1.jpg","contentUrl":"https:\/\/ses-creative.com\/wp-content\/uploads\/2026\/01\/130531-1.jpg","width":1000,"height":1000},{"@type":"BreadcrumbList","@id":"https:\/\/ses-creative.com\/de\/produkt\/badfarbtabletten-18-st-farben-mischen-tintenfisch\/#breadcrumb","itemListElement":[{"@type":"ListItem","position":1,"name":"Shop","item":"https:\/\/ses-creative.com\/de\/shop\/"},{"@type":"ListItem","position":2,"name":"Baby &amp; Kleinkind","item":"https:\/\/ses-creative.com\/de\/product-categorie\/baby-kleinkind\/"},{"@type":"ListItem","position":3,"name":"Badfarbtabletten 18 St. &#8211; Farben mischen Tintenfisch"}]},{"@type":"WebSite","@id":"https:\/\/ses-creative.com\/#website","url":"https:\/\/ses-creative.com\/","name":"SES Creative","description":"","publisher":{"@id":"https:\/\/ses-creative.com\/#organization"},"potentialAction":[{"@type":"SearchAction","target":{"@type":"EntryPoint","urlTemplate":"https:\/\/ses-creative.com\/?s={search_term_string}"},"query-input":{"@type":"PropertyValueSpecification","valueRequired":true,"valueName":"search_term_string"}}],"inLanguage":"de"},{"@type":"Organization","@id":"https:\/\/ses-creative.com\/#organization","name":"SES Creative","url":"https:\/\/ses-creative.com\/","logo":{"@type":"ImageObject","inLanguage":"de","@id":"https:\/\/ses-creative.com\/#\/schema\/logo\/image\/","url":"https:\/\/ses-creative.com\/wp-content\/uploads\/2025\/10\/ses-creative-logo.jpg","contentUrl":"https:\/\/ses-creative.com\/wp-content\/uploads\/2025\/10\/ses-creative-logo.jpg","width":2037,"height":2037,"caption":"SES Creative"},"image":{"@id":"https:\/\/ses-creative.com\/#\/schema\/logo\/image\/"}}]}},"_links":{"self":[{"href":"https:\/\/ses-creative.com\/de\/wp-json\/wp\/v2\/product\/114578","targetHints":{"allow":["GET"]}}],"collection":[{"href":"https:\/\/ses-creative.com\/de\/wp-json\/wp\/v2\/product"}],"about":[{"href":"https:\/\/ses-creative.com\/de\/wp-json\/wp\/v2\/types\/product"}],"replies":[{"embeddable":true,"href":"https:\/\/ses-creative.com\/de\/wp-json\/wp\/v2\/comments?post=114578"}],"wp:featuredmedia":[{"embeddable":true,"href":"https:\/\/ses-creative.com\/de\/wp-json\/wp\/v2\/media\/107384"}],"wp:attachment":[{"href":"https:\/\/ses-creative.com\/de\/wp-json\/wp\/v2\/media?parent=114578"}],"wp:term":[{"taxonomy":"product_brand","embeddable":true,"href":"https:\/\/ses-creative.com\/de\/wp-json\/wp\/v2\/product_brand?post=114578"},{"taxonomy":"product_cat","embeddable":true,"href":"https:\/\/ses-creative.com\/de\/wp-json\/wp\/v2\/product_cat?post=114578"},{"taxonomy":"product_tag","embeddable":true,"href":"https:\/\/ses-creative.com\/de\/wp-json\/wp\/v2\/product_tag?post=114578"}],"curies":[{"name":"wp","href":"https:\/\/api.w.org\/{rel}","templated":true}]}}