











{"id":114577,"date":"2026-02-05T13:52:28","date_gmt":"2026-02-05T13:52:28","guid":{"rendered":"https:\/\/ses-creative.com\/?post_type=product&#038;p=114577"},"modified":"2026-02-06T09:51:28","modified_gmt":"2026-02-06T09:51:28","slug":"badfarbtabletten-18-st-farben-mischen-krabbe","status":"publish","type":"product","link":"https:\/\/ses-creative.com\/de\/produkt\/badfarbtabletten-18-st-farben-mischen-krabbe\/","title":{"rendered":"Badfarbtabletten 18 St. &#8211; Farben mischen Krabbe"},"content":{"rendered":"<p>Badetabletten 18 St\u00fcck \u2013 Farben mischen Krabbe: Verwandeln Sie das Badewasser in ein magisches Farbspektakel!<\/p>\n<p>Mit den Badetabletten \u2013 Farben mischen Krabbe von SES Creative wird das Baden zu einem farbenfrohen Abenteuer. Legen Sie die Farbtabletten in das fr\u00f6hliche Badetierchen und sehen Sie, wie sich das Badewasser in ein magisches Farbenfest verwandelt. Durch den Austausch der Tabletten k\u00f6nnen Sie selbst Farben mischen und die sch\u00f6nsten Kombinationen kreieren.<\/p>\n<p>Bewege die Krabbe durch das Wasser und hinterlasse eine bezaubernde Farbspur. Die Tabletten l\u00f6sen sich leicht auf und sind sicher f\u00fcr Haut, Haare und Badewanne. Ein kreatives und lehrreiches Badeerlebnis f\u00fcr junge Entdecker!<\/p>\n<p>Was dieses Set so toll macht<\/p>\n<p>Verwandeln Sie das Badewasser mit den Farbtabletten und dem lustigen Badetier in ein magisches Farbfest.<\/p>\n<p>Mischen Sie zwei Farben und entdecken Sie immer neue Farbt\u00f6ne, indem Sie die Tabletten austauschen<\/p>\n<p>Erzeugen Sie eine Farbspur im Wasser, indem Sie die Krabbe bewegen<\/p>\n<p>Kosmetisch getestet und sicher f\u00fcr Haut, Haare und Badewanne<\/p>\n<p>Die Farbtabletten l\u00f6sen sich schnell und vollst\u00e4ndig auf und sorgen f\u00fcr unbeschwertes Spielvergn\u00fcgen<\/p>\n<p>F\u00e4rben, mischen und entdecken in der Badewanne<\/p>\n<p>Das Badetabletten-Set \u201eFarben mischen\u201c regt die Neugier und Kreativit\u00e4t kleiner Kinder an. Durch das Kombinieren von Farben lernen sie spielerisch Ursache und Wirkung zu verstehen, w\u00e4hrend sie den fr\u00f6hlichen Wasserspa\u00df genie\u00dfen.<\/p>\n<p>Inhalt des Sets<\/p>\n<p>Badekrabbe<\/p>\n<p>6 rosa Farbtabletten<\/p>\n<p>6 gelbe Farbtabletten<\/p>\n<p>6 blaue Farbtabletten<\/p>\n<p>Warum SES Creative w\u00e4hlen?<\/p>\n<p>Bei SES Creative legen wir gro\u00dfen Wert auf Sicherheit und Qualit\u00e4t. Alle unsere Produkte werden mit Sorgfalt in unserer eigenen Fabrik in den Niederlanden entwickelt und getestet und entsprechen den strengsten europ\u00e4ischen Sicherheitsnormen. SES Creative steht f\u00fcr Kreativit\u00e4t, Spa\u00df und Entwicklung, damit Kinder sicher entdecken, lernen und stolz auf das sein k\u00f6nnen, was sie herstellen.<\/p>\n<p>Planschen, malen und die Magie der Badezeit entdecken<\/p>\n<p>Mit den Badetabletten \u2013 Farben mischen Krabbe von SES Creative wird jedes Bad zu einem fr\u00f6hlichen Experiment voller Farben, Spa\u00df und Staunen. Spielen, lernen und entspannen in einem!<\/p>\n","protected":false},"excerpt":{"rendered":"<p>Badetabletten 18 St\u00fcck \u2013 Farben mischen Krabbe: Verwandeln Sie das Badewasser in ein magisches Farbspektakel! Mit den Badetabletten \u2013 Farben mischen Krabbe von SES Creative wird das Baden zu einem farbenfrohen Abenteuer. Legen Sie die Farbtabletten in das fr\u00f6hliche Badetierchen und sehen Sie, wie sich das Badewasser in ein magisches Farbenfest verwandelt. Durch den Austausch [&hellip;]<\/p>\n","protected":false},"featured_media":107379,"comment_status":"closed","ping_status":"closed","template":"","meta":{"_acf_changed":false},"product_brand":[],"product_cat":[116],"product_tag":[],"class_list":{"0":"post-114577","1":"product","2":"type-product","3":"status-publish","4":"has-post-thumbnail","6":"product_cat-baby-kleinkind","7":"pa_leeftijd-filter-3-4-jahre","8":"pa_meest-populair-bij-jungen-maedchen","10":"first","11":"instock","12":"shipping-taxable","13":"product-type-simple"},"acf":[],"yoast_head":"<!-- This site is optimized with the Yoast SEO plugin v27.2 - https:\/\/yoast.com\/product\/yoast-seo-wordpress\/ -->\n<title>Badfarbtabletten 18 St. - Farben mischen Krabbe - SES Creative<\/title>\n<meta name=\"robots\" content=\"index, follow, max-snippet:-1, max-image-preview:large, max-video-preview:-1\" \/>\n<link rel=\"canonical\" href=\"https:\/\/ses-creative.com\/de\/produkt\/badfarbtabletten-18-st-farben-mischen-krabbe\/\" \/>\n<meta property=\"og:locale\" content=\"de_DE\" \/>\n<meta property=\"og:type\" content=\"article\" \/>\n<meta property=\"og:title\" content=\"Badfarbtabletten 18 St. - Farben mischen Krabbe - SES Creative\" \/>\n<meta property=\"og:description\" content=\"Badetabletten 18 St\u00fcck \u2013 Farben mischen Krabbe: Verwandeln Sie das Badewasser in ein magisches Farbspektakel! Mit den Badetabletten \u2013 Farben mischen Krabbe von SES Creative wird das Baden zu einem farbenfrohen Abenteuer. Legen Sie die Farbtabletten in das fr\u00f6hliche Badetierchen und sehen Sie, wie sich das Badewasser in ein magisches Farbenfest verwandelt. Durch den Austausch [&hellip;]\" \/>\n<meta property=\"og:url\" content=\"https:\/\/ses-creative.com\/de\/produkt\/badfarbtabletten-18-st-farben-mischen-krabbe\/\" \/>\n<meta property=\"og:site_name\" content=\"SES Creative\" \/>\n<meta property=\"article:modified_time\" content=\"2026-02-06T09:51:28+00:00\" \/>\n<meta name=\"twitter:card\" content=\"summary_large_image\" \/>\n<meta name=\"twitter:label1\" content=\"Gesch\u00e4tzte Lesezeit\" \/>\n\t<meta name=\"twitter:data1\" content=\"2\u00a0Minuten\" \/>\n<script type=\"application\/ld+json\" class=\"yoast-schema-graph\">{\"@context\":\"https:\/\/schema.org\",\"@graph\":[{\"@type\":\"WebPage\",\"@id\":\"https:\/\/ses-creative.com\/de\/produkt\/badfarbtabletten-18-st-farben-mischen-krabbe\/\",\"url\":\"https:\/\/ses-creative.com\/de\/produkt\/badfarbtabletten-18-st-farben-mischen-krabbe\/\",\"name\":\"Badfarbtabletten 18 St. - Farben mischen Krabbe - SES Creative\",\"isPartOf\":{\"@id\":\"https:\/\/ses-creative.com\/#website\"},\"primaryImageOfPage\":{\"@id\":\"https:\/\/ses-creative.com\/de\/produkt\/badfarbtabletten-18-st-farben-mischen-krabbe\/#primaryimage\"},\"image\":{\"@id\":\"https:\/\/ses-creative.com\/de\/produkt\/badfarbtabletten-18-st-farben-mischen-krabbe\/#primaryimage\"},\"thumbnailUrl\":\"https:\/\/ses-creative.com\/wp-content\/uploads\/2026\/01\/130521-1.jpg\",\"datePublished\":\"2026-02-05T13:52:28+00:00\",\"dateModified\":\"2026-02-06T09:51:28+00:00\",\"breadcrumb\":{\"@id\":\"https:\/\/ses-creative.com\/de\/produkt\/badfarbtabletten-18-st-farben-mischen-krabbe\/#breadcrumb\"},\"inLanguage\":\"de\",\"potentialAction\":[{\"@type\":\"ReadAction\",\"target\":[\"https:\/\/ses-creative.com\/de\/produkt\/badfarbtabletten-18-st-farben-mischen-krabbe\/\"]}]},{\"@type\":\"ImageObject\",\"inLanguage\":\"de\",\"@id\":\"https:\/\/ses-creative.com\/de\/produkt\/badfarbtabletten-18-st-farben-mischen-krabbe\/#primaryimage\",\"url\":\"https:\/\/ses-creative.com\/wp-content\/uploads\/2026\/01\/130521-1.jpg\",\"contentUrl\":\"https:\/\/ses-creative.com\/wp-content\/uploads\/2026\/01\/130521-1.jpg\",\"width\":1000,\"height\":1000},{\"@type\":\"BreadcrumbList\",\"@id\":\"https:\/\/ses-creative.com\/de\/produkt\/badfarbtabletten-18-st-farben-mischen-krabbe\/#breadcrumb\",\"itemListElement\":[{\"@type\":\"ListItem\",\"position\":1,\"name\":\"Shop\",\"item\":\"https:\/\/ses-creative.com\/de\/shop\/\"},{\"@type\":\"ListItem\",\"position\":2,\"name\":\"Baby &amp; Kleinkind\",\"item\":\"https:\/\/ses-creative.com\/de\/product-categorie\/baby-kleinkind\/\"},{\"@type\":\"ListItem\",\"position\":3,\"name\":\"Badfarbtabletten 18 St. &#8211; Farben mischen Krabbe\"}]},{\"@type\":\"WebSite\",\"@id\":\"https:\/\/ses-creative.com\/#website\",\"url\":\"https:\/\/ses-creative.com\/\",\"name\":\"SES Creative\",\"description\":\"\",\"publisher\":{\"@id\":\"https:\/\/ses-creative.com\/#organization\"},\"potentialAction\":[{\"@type\":\"SearchAction\",\"target\":{\"@type\":\"EntryPoint\",\"urlTemplate\":\"https:\/\/ses-creative.com\/?s={search_term_string}\"},\"query-input\":{\"@type\":\"PropertyValueSpecification\",\"valueRequired\":true,\"valueName\":\"search_term_string\"}}],\"inLanguage\":\"de\"},{\"@type\":\"Organization\",\"@id\":\"https:\/\/ses-creative.com\/#organization\",\"name\":\"SES Creative\",\"url\":\"https:\/\/ses-creative.com\/\",\"logo\":{\"@type\":\"ImageObject\",\"inLanguage\":\"de\",\"@id\":\"https:\/\/ses-creative.com\/#\/schema\/logo\/image\/\",\"url\":\"https:\/\/ses-creative.com\/wp-content\/uploads\/2025\/10\/ses-creative-logo.jpg\",\"contentUrl\":\"https:\/\/ses-creative.com\/wp-content\/uploads\/2025\/10\/ses-creative-logo.jpg\",\"width\":2037,\"height\":2037,\"caption\":\"SES Creative\"},\"image\":{\"@id\":\"https:\/\/ses-creative.com\/#\/schema\/logo\/image\/\"}}]}<\/script>\n<!-- \/ Yoast SEO plugin. -->","yoast_head_json":{"title":"Badfarbtabletten 18 St. - Farben mischen Krabbe - SES Creative","robots":{"index":"index","follow":"follow","max-snippet":"max-snippet:-1","max-image-preview":"max-image-preview:large","max-video-preview":"max-video-preview:-1"},"canonical":"https:\/\/ses-creative.com\/de\/produkt\/badfarbtabletten-18-st-farben-mischen-krabbe\/","og_locale":"de_DE","og_type":"article","og_title":"Badfarbtabletten 18 St. - Farben mischen Krabbe - SES Creative","og_description":"Badetabletten 18 St\u00fcck \u2013 Farben mischen Krabbe: Verwandeln Sie das Badewasser in ein magisches Farbspektakel! Mit den Badetabletten \u2013 Farben mischen Krabbe von SES Creative wird das Baden zu einem farbenfrohen Abenteuer. Legen Sie die Farbtabletten in das fr\u00f6hliche Badetierchen und sehen Sie, wie sich das Badewasser in ein magisches Farbenfest verwandelt. Durch den Austausch [&hellip;]","og_url":"https:\/\/ses-creative.com\/de\/produkt\/badfarbtabletten-18-st-farben-mischen-krabbe\/","og_site_name":"SES Creative","article_modified_time":"2026-02-06T09:51:28+00:00","twitter_card":"summary_large_image","twitter_misc":{"Gesch\u00e4tzte Lesezeit":"2\u00a0Minuten"},"schema":{"@context":"https:\/\/schema.org","@graph":[{"@type":"WebPage","@id":"https:\/\/ses-creative.com\/de\/produkt\/badfarbtabletten-18-st-farben-mischen-krabbe\/","url":"https:\/\/ses-creative.com\/de\/produkt\/badfarbtabletten-18-st-farben-mischen-krabbe\/","name":"Badfarbtabletten 18 St. - Farben mischen Krabbe - SES Creative","isPartOf":{"@id":"https:\/\/ses-creative.com\/#website"},"primaryImageOfPage":{"@id":"https:\/\/ses-creative.com\/de\/produkt\/badfarbtabletten-18-st-farben-mischen-krabbe\/#primaryimage"},"image":{"@id":"https:\/\/ses-creative.com\/de\/produkt\/badfarbtabletten-18-st-farben-mischen-krabbe\/#primaryimage"},"thumbnailUrl":"https:\/\/ses-creative.com\/wp-content\/uploads\/2026\/01\/130521-1.jpg","datePublished":"2026-02-05T13:52:28+00:00","dateModified":"2026-02-06T09:51:28+00:00","breadcrumb":{"@id":"https:\/\/ses-creative.com\/de\/produkt\/badfarbtabletten-18-st-farben-mischen-krabbe\/#breadcrumb"},"inLanguage":"de","potentialAction":[{"@type":"ReadAction","target":["https:\/\/ses-creative.com\/de\/produkt\/badfarbtabletten-18-st-farben-mischen-krabbe\/"]}]},{"@type":"ImageObject","inLanguage":"de","@id":"https:\/\/ses-creative.com\/de\/produkt\/badfarbtabletten-18-st-farben-mischen-krabbe\/#primaryimage","url":"https:\/\/ses-creative.com\/wp-content\/uploads\/2026\/01\/130521-1.jpg","contentUrl":"https:\/\/ses-creative.com\/wp-content\/uploads\/2026\/01\/130521-1.jpg","width":1000,"height":1000},{"@type":"BreadcrumbList","@id":"https:\/\/ses-creative.com\/de\/produkt\/badfarbtabletten-18-st-farben-mischen-krabbe\/#breadcrumb","itemListElement":[{"@type":"ListItem","position":1,"name":"Shop","item":"https:\/\/ses-creative.com\/de\/shop\/"},{"@type":"ListItem","position":2,"name":"Baby &amp; Kleinkind","item":"https:\/\/ses-creative.com\/de\/product-categorie\/baby-kleinkind\/"},{"@type":"ListItem","position":3,"name":"Badfarbtabletten 18 St. &#8211; Farben mischen Krabbe"}]},{"@type":"WebSite","@id":"https:\/\/ses-creative.com\/#website","url":"https:\/\/ses-creative.com\/","name":"SES Creative","description":"","publisher":{"@id":"https:\/\/ses-creative.com\/#organization"},"potentialAction":[{"@type":"SearchAction","target":{"@type":"EntryPoint","urlTemplate":"https:\/\/ses-creative.com\/?s={search_term_string}"},"query-input":{"@type":"PropertyValueSpecification","valueRequired":true,"valueName":"search_term_string"}}],"inLanguage":"de"},{"@type":"Organization","@id":"https:\/\/ses-creative.com\/#organization","name":"SES Creative","url":"https:\/\/ses-creative.com\/","logo":{"@type":"ImageObject","inLanguage":"de","@id":"https:\/\/ses-creative.com\/#\/schema\/logo\/image\/","url":"https:\/\/ses-creative.com\/wp-content\/uploads\/2025\/10\/ses-creative-logo.jpg","contentUrl":"https:\/\/ses-creative.com\/wp-content\/uploads\/2025\/10\/ses-creative-logo.jpg","width":2037,"height":2037,"caption":"SES Creative"},"image":{"@id":"https:\/\/ses-creative.com\/#\/schema\/logo\/image\/"}}]}},"_links":{"self":[{"href":"https:\/\/ses-creative.com\/de\/wp-json\/wp\/v2\/product\/114577","targetHints":{"allow":["GET"]}}],"collection":[{"href":"https:\/\/ses-creative.com\/de\/wp-json\/wp\/v2\/product"}],"about":[{"href":"https:\/\/ses-creative.com\/de\/wp-json\/wp\/v2\/types\/product"}],"replies":[{"embeddable":true,"href":"https:\/\/ses-creative.com\/de\/wp-json\/wp\/v2\/comments?post=114577"}],"wp:featuredmedia":[{"embeddable":true,"href":"https:\/\/ses-creative.com\/de\/wp-json\/wp\/v2\/media\/107379"}],"wp:attachment":[{"href":"https:\/\/ses-creative.com\/de\/wp-json\/wp\/v2\/media?parent=114577"}],"wp:term":[{"taxonomy":"product_brand","embeddable":true,"href":"https:\/\/ses-creative.com\/de\/wp-json\/wp\/v2\/product_brand?post=114577"},{"taxonomy":"product_cat","embeddable":true,"href":"https:\/\/ses-creative.com\/de\/wp-json\/wp\/v2\/product_cat?post=114577"},{"taxonomy":"product_tag","embeddable":true,"href":"https:\/\/ses-creative.com\/de\/wp-json\/wp\/v2\/product_tag?post=114577"}],"curies":[{"name":"wp","href":"https:\/\/api.w.org\/{rel}","templated":true}]}}