











{"id":114576,"date":"2026-02-05T13:52:28","date_gmt":"2026-02-05T13:52:28","guid":{"rendered":"https:\/\/ses-creative.com\/?post_type=product&#038;p=114576"},"modified":"2026-02-06T09:51:28","modified_gmt":"2026-02-06T09:51:28","slug":"badewannen-malstifte-8-farben","status":"publish","type":"product","link":"https:\/\/ses-creative.com\/de\/produkt\/badewannen-malstifte-8-farben\/","title":{"rendered":"Badewannen-Malstifte &#8211; 8 Farben"},"content":{"rendered":"<p>Verwandeln Sie die Badezeit in einen Moment des kreativen Spiels mit diesen Baby-Badestiften! Diese abwaschbaren Badekreiden sind f\u00fcr Kleinkinder ab 24 Monaten geeignet und erm\u00f6glichen es den Kindern, gefahrlos auf den Fliesen oder den W\u00e4nden der Badewanne zu malen.<\/p>\n<p>Diese leicht zu reinigenden Badewannenstifte f\u00fcr Kinder lassen sich einfach mit Wasser abwischen und garantieren so eine r\u00fcckstandsfreie Verwendung. Dank der 8 leuchtenden Farben k\u00f6nnen kleine K\u00fcnstler ihrer Fantasie Ausdruck verleihen und ihre Feinmotorik entwickeln, w\u00e4hrend sie Spa\u00df in der Badewanne haben.<\/p>\n<p>Inhalt des Sets:<br \/>\n\u2714 1 gelber Bleistift<br \/>\n\u2714 1 roter Bleistift<br \/>\n\u2714 1 blauer Bleistift<br \/>\n\u2714 1 gr\u00fcner Bleistift<br \/>\n\u2714 1 brauner Bleistift<br \/>\n\u2714 1 schwarzer Bleistift<br \/>\n\u2714 1 orangefarbener Bleistift<br \/>\n\u2714 1 rosa Bleistift<\/p>\n<p>Dieses kreative Badespiel ist perfekt, um einen Moment des Lernens und der Unterhaltung zu verschenken. Ein ideales Geschenk f\u00fcr Babys im Alter von 2 Jahren f\u00fcr einen Geburtstag oder eine originelle \u00dcberraschung. Schenken Sie Ihrem Kind mit diesen abwaschbaren Badekreiden ein spielerisches und lehrreiches Erlebnis!<\/p>\n","protected":false},"excerpt":{"rendered":"<p>Verwandeln Sie die Badezeit in einen Moment des kreativen Spiels mit diesen Baby-Badestiften! Diese abwaschbaren Badekreiden sind f\u00fcr Kleinkinder ab 24 Monaten geeignet und erm\u00f6glichen es den Kindern, gefahrlos auf den Fliesen oder den W\u00e4nden der Badewanne zu malen. Diese leicht zu reinigenden Badewannenstifte f\u00fcr Kinder lassen sich einfach mit Wasser abwischen und garantieren so [&hellip;]<\/p>\n","protected":false},"featured_media":100568,"comment_status":"closed","ping_status":"closed","template":"","meta":{"_acf_changed":false},"product_brand":[],"product_cat":[116],"product_tag":[],"class_list":{"0":"post-114576","1":"product","2":"type-product","3":"status-publish","4":"has-post-thumbnail","6":"product_cat-baby-kleinkind","7":"pa_leeftijd-filter-0-2-jahre","8":"pa_meest-populair-bij-jungen-maedchen","10":"first","11":"instock","12":"shipping-taxable","13":"product-type-simple"},"acf":[],"yoast_head":"<!-- This site is optimized with the Yoast SEO plugin v27.2 - https:\/\/yoast.com\/product\/yoast-seo-wordpress\/ -->\n<title>Badewannen-Malstifte - 8 Farben - SES Creative<\/title>\n<meta name=\"robots\" content=\"index, follow, max-snippet:-1, max-image-preview:large, max-video-preview:-1\" \/>\n<link rel=\"canonical\" href=\"https:\/\/ses-creative.com\/de\/produkt\/badewannen-malstifte-8-farben\/\" \/>\n<meta property=\"og:locale\" content=\"de_DE\" \/>\n<meta property=\"og:type\" content=\"article\" \/>\n<meta property=\"og:title\" content=\"Badewannen-Malstifte - 8 Farben - SES Creative\" \/>\n<meta property=\"og:description\" content=\"Verwandeln Sie die Badezeit in einen Moment des kreativen Spiels mit diesen Baby-Badestiften! Diese abwaschbaren Badekreiden sind f\u00fcr Kleinkinder ab 24 Monaten geeignet und erm\u00f6glichen es den Kindern, gefahrlos auf den Fliesen oder den W\u00e4nden der Badewanne zu malen. Diese leicht zu reinigenden Badewannenstifte f\u00fcr Kinder lassen sich einfach mit Wasser abwischen und garantieren so [&hellip;]\" \/>\n<meta property=\"og:url\" content=\"https:\/\/ses-creative.com\/de\/produkt\/badewannen-malstifte-8-farben\/\" \/>\n<meta property=\"og:site_name\" content=\"SES Creative\" \/>\n<meta property=\"article:modified_time\" content=\"2026-02-06T09:51:28+00:00\" \/>\n<meta name=\"twitter:card\" content=\"summary_large_image\" \/>\n<meta name=\"twitter:label1\" content=\"Gesch\u00e4tzte Lesezeit\" \/>\n\t<meta name=\"twitter:data1\" content=\"1\u00a0Minute\" \/>\n<script type=\"application\/ld+json\" class=\"yoast-schema-graph\">{\"@context\":\"https:\/\/schema.org\",\"@graph\":[{\"@type\":\"WebPage\",\"@id\":\"https:\/\/ses-creative.com\/de\/produkt\/badewannen-malstifte-8-farben\/\",\"url\":\"https:\/\/ses-creative.com\/de\/produkt\/badewannen-malstifte-8-farben\/\",\"name\":\"Badewannen-Malstifte - 8 Farben - SES Creative\",\"isPartOf\":{\"@id\":\"https:\/\/ses-creative.com\/#website\"},\"primaryImageOfPage\":{\"@id\":\"https:\/\/ses-creative.com\/de\/produkt\/badewannen-malstifte-8-farben\/#primaryimage\"},\"image\":{\"@id\":\"https:\/\/ses-creative.com\/de\/produkt\/badewannen-malstifte-8-farben\/#primaryimage\"},\"thumbnailUrl\":\"https:\/\/ses-creative.com\/wp-content\/uploads\/2026\/01\/130501.jpg\",\"datePublished\":\"2026-02-05T13:52:28+00:00\",\"dateModified\":\"2026-02-06T09:51:28+00:00\",\"breadcrumb\":{\"@id\":\"https:\/\/ses-creative.com\/de\/produkt\/badewannen-malstifte-8-farben\/#breadcrumb\"},\"inLanguage\":\"de\",\"potentialAction\":[{\"@type\":\"ReadAction\",\"target\":[\"https:\/\/ses-creative.com\/de\/produkt\/badewannen-malstifte-8-farben\/\"]}]},{\"@type\":\"ImageObject\",\"inLanguage\":\"de\",\"@id\":\"https:\/\/ses-creative.com\/de\/produkt\/badewannen-malstifte-8-farben\/#primaryimage\",\"url\":\"https:\/\/ses-creative.com\/wp-content\/uploads\/2026\/01\/130501.jpg\",\"contentUrl\":\"https:\/\/ses-creative.com\/wp-content\/uploads\/2026\/01\/130501.jpg\",\"width\":1000,\"height\":1000},{\"@type\":\"BreadcrumbList\",\"@id\":\"https:\/\/ses-creative.com\/de\/produkt\/badewannen-malstifte-8-farben\/#breadcrumb\",\"itemListElement\":[{\"@type\":\"ListItem\",\"position\":1,\"name\":\"Shop\",\"item\":\"https:\/\/ses-creative.com\/de\/shop\/\"},{\"@type\":\"ListItem\",\"position\":2,\"name\":\"Baby &amp; Kleinkind\",\"item\":\"https:\/\/ses-creative.com\/de\/product-categorie\/baby-kleinkind\/\"},{\"@type\":\"ListItem\",\"position\":3,\"name\":\"Badewannen-Malstifte &#8211; 8 Farben\"}]},{\"@type\":\"WebSite\",\"@id\":\"https:\/\/ses-creative.com\/#website\",\"url\":\"https:\/\/ses-creative.com\/\",\"name\":\"SES Creative\",\"description\":\"\",\"publisher\":{\"@id\":\"https:\/\/ses-creative.com\/#organization\"},\"potentialAction\":[{\"@type\":\"SearchAction\",\"target\":{\"@type\":\"EntryPoint\",\"urlTemplate\":\"https:\/\/ses-creative.com\/?s={search_term_string}\"},\"query-input\":{\"@type\":\"PropertyValueSpecification\",\"valueRequired\":true,\"valueName\":\"search_term_string\"}}],\"inLanguage\":\"de\"},{\"@type\":\"Organization\",\"@id\":\"https:\/\/ses-creative.com\/#organization\",\"name\":\"SES Creative\",\"url\":\"https:\/\/ses-creative.com\/\",\"logo\":{\"@type\":\"ImageObject\",\"inLanguage\":\"de\",\"@id\":\"https:\/\/ses-creative.com\/#\/schema\/logo\/image\/\",\"url\":\"https:\/\/ses-creative.com\/wp-content\/uploads\/2025\/10\/ses-creative-logo.jpg\",\"contentUrl\":\"https:\/\/ses-creative.com\/wp-content\/uploads\/2025\/10\/ses-creative-logo.jpg\",\"width\":2037,\"height\":2037,\"caption\":\"SES Creative\"},\"image\":{\"@id\":\"https:\/\/ses-creative.com\/#\/schema\/logo\/image\/\"}}]}<\/script>\n<!-- \/ Yoast SEO plugin. -->","yoast_head_json":{"title":"Badewannen-Malstifte - 8 Farben - SES Creative","robots":{"index":"index","follow":"follow","max-snippet":"max-snippet:-1","max-image-preview":"max-image-preview:large","max-video-preview":"max-video-preview:-1"},"canonical":"https:\/\/ses-creative.com\/de\/produkt\/badewannen-malstifte-8-farben\/","og_locale":"de_DE","og_type":"article","og_title":"Badewannen-Malstifte - 8 Farben - SES Creative","og_description":"Verwandeln Sie die Badezeit in einen Moment des kreativen Spiels mit diesen Baby-Badestiften! Diese abwaschbaren Badekreiden sind f\u00fcr Kleinkinder ab 24 Monaten geeignet und erm\u00f6glichen es den Kindern, gefahrlos auf den Fliesen oder den W\u00e4nden der Badewanne zu malen. Diese leicht zu reinigenden Badewannenstifte f\u00fcr Kinder lassen sich einfach mit Wasser abwischen und garantieren so [&hellip;]","og_url":"https:\/\/ses-creative.com\/de\/produkt\/badewannen-malstifte-8-farben\/","og_site_name":"SES Creative","article_modified_time":"2026-02-06T09:51:28+00:00","twitter_card":"summary_large_image","twitter_misc":{"Gesch\u00e4tzte Lesezeit":"1\u00a0Minute"},"schema":{"@context":"https:\/\/schema.org","@graph":[{"@type":"WebPage","@id":"https:\/\/ses-creative.com\/de\/produkt\/badewannen-malstifte-8-farben\/","url":"https:\/\/ses-creative.com\/de\/produkt\/badewannen-malstifte-8-farben\/","name":"Badewannen-Malstifte - 8 Farben - SES Creative","isPartOf":{"@id":"https:\/\/ses-creative.com\/#website"},"primaryImageOfPage":{"@id":"https:\/\/ses-creative.com\/de\/produkt\/badewannen-malstifte-8-farben\/#primaryimage"},"image":{"@id":"https:\/\/ses-creative.com\/de\/produkt\/badewannen-malstifte-8-farben\/#primaryimage"},"thumbnailUrl":"https:\/\/ses-creative.com\/wp-content\/uploads\/2026\/01\/130501.jpg","datePublished":"2026-02-05T13:52:28+00:00","dateModified":"2026-02-06T09:51:28+00:00","breadcrumb":{"@id":"https:\/\/ses-creative.com\/de\/produkt\/badewannen-malstifte-8-farben\/#breadcrumb"},"inLanguage":"de","potentialAction":[{"@type":"ReadAction","target":["https:\/\/ses-creative.com\/de\/produkt\/badewannen-malstifte-8-farben\/"]}]},{"@type":"ImageObject","inLanguage":"de","@id":"https:\/\/ses-creative.com\/de\/produkt\/badewannen-malstifte-8-farben\/#primaryimage","url":"https:\/\/ses-creative.com\/wp-content\/uploads\/2026\/01\/130501.jpg","contentUrl":"https:\/\/ses-creative.com\/wp-content\/uploads\/2026\/01\/130501.jpg","width":1000,"height":1000},{"@type":"BreadcrumbList","@id":"https:\/\/ses-creative.com\/de\/produkt\/badewannen-malstifte-8-farben\/#breadcrumb","itemListElement":[{"@type":"ListItem","position":1,"name":"Shop","item":"https:\/\/ses-creative.com\/de\/shop\/"},{"@type":"ListItem","position":2,"name":"Baby &amp; Kleinkind","item":"https:\/\/ses-creative.com\/de\/product-categorie\/baby-kleinkind\/"},{"@type":"ListItem","position":3,"name":"Badewannen-Malstifte &#8211; 8 Farben"}]},{"@type":"WebSite","@id":"https:\/\/ses-creative.com\/#website","url":"https:\/\/ses-creative.com\/","name":"SES Creative","description":"","publisher":{"@id":"https:\/\/ses-creative.com\/#organization"},"potentialAction":[{"@type":"SearchAction","target":{"@type":"EntryPoint","urlTemplate":"https:\/\/ses-creative.com\/?s={search_term_string}"},"query-input":{"@type":"PropertyValueSpecification","valueRequired":true,"valueName":"search_term_string"}}],"inLanguage":"de"},{"@type":"Organization","@id":"https:\/\/ses-creative.com\/#organization","name":"SES Creative","url":"https:\/\/ses-creative.com\/","logo":{"@type":"ImageObject","inLanguage":"de","@id":"https:\/\/ses-creative.com\/#\/schema\/logo\/image\/","url":"https:\/\/ses-creative.com\/wp-content\/uploads\/2025\/10\/ses-creative-logo.jpg","contentUrl":"https:\/\/ses-creative.com\/wp-content\/uploads\/2025\/10\/ses-creative-logo.jpg","width":2037,"height":2037,"caption":"SES Creative"},"image":{"@id":"https:\/\/ses-creative.com\/#\/schema\/logo\/image\/"}}]}},"_links":{"self":[{"href":"https:\/\/ses-creative.com\/de\/wp-json\/wp\/v2\/product\/114576","targetHints":{"allow":["GET"]}}],"collection":[{"href":"https:\/\/ses-creative.com\/de\/wp-json\/wp\/v2\/product"}],"about":[{"href":"https:\/\/ses-creative.com\/de\/wp-json\/wp\/v2\/types\/product"}],"replies":[{"embeddable":true,"href":"https:\/\/ses-creative.com\/de\/wp-json\/wp\/v2\/comments?post=114576"}],"wp:featuredmedia":[{"embeddable":true,"href":"https:\/\/ses-creative.com\/de\/wp-json\/wp\/v2\/media\/100568"}],"wp:attachment":[{"href":"https:\/\/ses-creative.com\/de\/wp-json\/wp\/v2\/media?parent=114576"}],"wp:term":[{"taxonomy":"product_brand","embeddable":true,"href":"https:\/\/ses-creative.com\/de\/wp-json\/wp\/v2\/product_brand?post=114576"},{"taxonomy":"product_cat","embeddable":true,"href":"https:\/\/ses-creative.com\/de\/wp-json\/wp\/v2\/product_cat?post=114576"},{"taxonomy":"product_tag","embeddable":true,"href":"https:\/\/ses-creative.com\/de\/wp-json\/wp\/v2\/product_tag?post=114576"}],"curies":[{"name":"wp","href":"https:\/\/api.w.org\/{rel}","templated":true}]}}