











{"id":114575,"date":"2026-02-05T13:52:27","date_gmt":"2026-02-05T13:52:27","guid":{"rendered":"https:\/\/ses-creative.com\/?post_type=product&#038;p=114575"},"modified":"2026-02-06T09:51:28","modified_gmt":"2026-02-06T09:51:28","slug":"badboote-safaritiere","status":"publish","type":"product","link":"https:\/\/ses-creative.com\/de\/produkt\/badboote-safaritiere\/","title":{"rendered":"Badboote &#8211; Safaritiere"},"content":{"rendered":"<p>Badeautos \u2013 Safari-Tiere: Planschen, entdecken und Abenteuer auf See erleben!<\/p>\n<p>Ahoi, kleiner Kapit\u00e4n! Mit den Badeboote \u2013 Safari-Tiere von SES Creative wird jedes Bad zu einem fr\u00f6hlichen Abenteuer. Dieses Set enth\u00e4lt drei bunte Schwimmboote mit weichen Schaumstofffiguren von Safari-Tieren. Stecke die Tiere zwischen die aufrechten W\u00e4nde der Boote oder spiele mit ihnen separat im Wasser.<\/p>\n<p>Verbinden Sie die Boote einfach miteinander und bilden Sie eine lange Kette, die fr\u00f6hlich durch die Badewanne f\u00e4hrt. Die Boote sind leicht, gut zu greifen und speziell f\u00fcr kleine H\u00e4nde entwickelt. Ideal f\u00fcr Kinder ab 10 Monaten. Sicher, lehrreich und gut f\u00fcr die Entwicklung der Motorik, Fantasie und Spielfreude.<\/p>\n<p>Was dieses Set so toll macht<\/p>\n<p>Drei schwimmende Boote in leuchtenden Farben f\u00fcr endlosen Spielspa\u00df in der Badewanne<\/p>\n<p>Drei Schaumstofffiguren zum Platzieren in den Booten oder zum separaten Spielen<\/p>\n<p>Die Boote k\u00f6nnen zu einer fr\u00f6hlichen Kette auf dem Wasser miteinander verbunden werden<\/p>\n<p>K\u00f6nnen auf verschiedene Weise gestapelt werden, um zus\u00e4tzliche Spielvariationen zu erm\u00f6glichen<\/p>\n<p>Auch sch\u00f6n f\u00fcr den Pool, den Sandkasten oder einfach auf dem Trockenen<\/p>\n<p>Spielerisches Entdecken und Entwickeln<\/p>\n<p>Das Set \u201eBadeboote \u2013 Safari-Tiere\u201c regt die Sinne und die Motorik kleiner Kinder an. Durch Stapeln, Verbinden und Kombinieren lernen sie Ursache und Wirkung zu entdecken und trainieren ihre Feinmotorik. Die fr\u00f6hlichen Farben und niedlichen Safari-Tiere regen die Fantasie an und machen jedes Bad zu einem neuen Abenteuer.<\/p>\n<p>Inhalt des Sets<\/p>\n<p>Schaumstofffigur Nashorn<\/p>\n<p>Schaumstofffigur L\u00f6we<\/p>\n<p>Schaumstofffigur Segelboot<\/p>\n<p>Badeboot gelb<\/p>\n<p>Badeboot orange<\/p>\n<p>Badewanne Boot lila<\/p>\n<p>Warum SES Creative w\u00e4hlen?<\/p>\n<p>Bei SES Creative legen wir gr\u00f6\u00dften Wert auf Sicherheit und Qualit\u00e4t. Alle unsere Produkte werden mit Sorgfalt entwickelt und in unserer eigenen Fabrik in den Niederlanden gem\u00e4\u00df den strengsten europ\u00e4ischen Sicherheitsnormen getestet. SES Creative steht f\u00fcr Kreativit\u00e4t, Spa\u00df und Entwicklung, damit Kinder sicher entdecken, spielen und lernen k\u00f6nnen.<\/p>\n<p>Bootfahren, planschen und lachen in der Badewanne<\/p>\n<p>Mit den Badebooten \u2013 Safari-Tiere von SES Creative wird jedes Bad zu einem fr\u00f6hlichen Abenteuer. Planschen, spielen und entdecken Sie gemeinsam, jeden Tag aufs Neue!<\/p>\n","protected":false},"excerpt":{"rendered":"<p>Badeautos \u2013 Safari-Tiere: Planschen, entdecken und Abenteuer auf See erleben! Ahoi, kleiner Kapit\u00e4n! Mit den Badeboote \u2013 Safari-Tiere von SES Creative wird jedes Bad zu einem fr\u00f6hlichen Abenteuer. Dieses Set enth\u00e4lt drei bunte Schwimmboote mit weichen Schaumstofffiguren von Safari-Tieren. Stecke die Tiere zwischen die aufrechten W\u00e4nde der Boote oder spiele mit ihnen separat im Wasser. [&hellip;]<\/p>\n","protected":false},"featured_media":107374,"comment_status":"closed","ping_status":"closed","template":"","meta":{"_acf_changed":false},"product_brand":[],"product_cat":[116],"product_tag":[],"class_list":{"0":"post-114575","1":"product","2":"type-product","3":"status-publish","4":"has-post-thumbnail","6":"product_cat-baby-kleinkind","7":"pa_leeftijd-filter-0-2-jahre","8":"pa_meest-populair-bij-jungen-maedchen","10":"first","11":"instock","12":"shipping-taxable","13":"product-type-simple"},"acf":[],"yoast_head":"<!-- This site is optimized with the Yoast SEO plugin v27.4 - https:\/\/yoast.com\/product\/yoast-seo-wordpress\/ -->\n<title>Badboote - Safaritiere - SES Creative<\/title>\n<meta name=\"robots\" content=\"index, follow, max-snippet:-1, max-image-preview:large, max-video-preview:-1\" \/>\n<link rel=\"canonical\" href=\"https:\/\/ses-creative.com\/de\/produkt\/badboote-safaritiere\/\" \/>\n<meta property=\"og:locale\" content=\"de_DE\" \/>\n<meta property=\"og:type\" content=\"article\" \/>\n<meta property=\"og:title\" content=\"Badboote - Safaritiere - SES Creative\" \/>\n<meta property=\"og:description\" content=\"Badeautos \u2013 Safari-Tiere: Planschen, entdecken und Abenteuer auf See erleben! Ahoi, kleiner Kapit\u00e4n! Mit den Badeboote \u2013 Safari-Tiere von SES Creative wird jedes Bad zu einem fr\u00f6hlichen Abenteuer. Dieses Set enth\u00e4lt drei bunte Schwimmboote mit weichen Schaumstofffiguren von Safari-Tieren. Stecke die Tiere zwischen die aufrechten W\u00e4nde der Boote oder spiele mit ihnen separat im Wasser. [&hellip;]\" \/>\n<meta property=\"og:url\" content=\"https:\/\/ses-creative.com\/de\/produkt\/badboote-safaritiere\/\" \/>\n<meta property=\"og:site_name\" content=\"SES Creative\" \/>\n<meta property=\"article:modified_time\" content=\"2026-02-06T09:51:28+00:00\" \/>\n<meta name=\"twitter:card\" content=\"summary_large_image\" \/>\n<meta name=\"twitter:label1\" content=\"Gesch\u00e4tzte Lesezeit\" \/>\n\t<meta name=\"twitter:data1\" content=\"2\u00a0Minuten\" \/>\n<script type=\"application\/ld+json\" class=\"yoast-schema-graph\">{\"@context\":\"https:\\\/\\\/schema.org\",\"@graph\":[{\"@type\":\"WebPage\",\"@id\":\"https:\\\/\\\/ses-creative.com\\\/de\\\/produkt\\\/badboote-safaritiere\\\/\",\"url\":\"https:\\\/\\\/ses-creative.com\\\/de\\\/produkt\\\/badboote-safaritiere\\\/\",\"name\":\"Badboote - Safaritiere - SES Creative\",\"isPartOf\":{\"@id\":\"https:\\\/\\\/ses-creative.com\\\/#website\"},\"primaryImageOfPage\":{\"@id\":\"https:\\\/\\\/ses-creative.com\\\/de\\\/produkt\\\/badboote-safaritiere\\\/#primaryimage\"},\"image\":{\"@id\":\"https:\\\/\\\/ses-creative.com\\\/de\\\/produkt\\\/badboote-safaritiere\\\/#primaryimage\"},\"thumbnailUrl\":\"https:\\\/\\\/ses-creative.com\\\/wp-content\\\/uploads\\\/2026\\\/01\\\/130011-1.jpg\",\"datePublished\":\"2026-02-05T13:52:27+00:00\",\"dateModified\":\"2026-02-06T09:51:28+00:00\",\"breadcrumb\":{\"@id\":\"https:\\\/\\\/ses-creative.com\\\/de\\\/produkt\\\/badboote-safaritiere\\\/#breadcrumb\"},\"inLanguage\":\"de\",\"potentialAction\":[{\"@type\":\"ReadAction\",\"target\":[\"https:\\\/\\\/ses-creative.com\\\/de\\\/produkt\\\/badboote-safaritiere\\\/\"]}]},{\"@type\":\"ImageObject\",\"inLanguage\":\"de\",\"@id\":\"https:\\\/\\\/ses-creative.com\\\/de\\\/produkt\\\/badboote-safaritiere\\\/#primaryimage\",\"url\":\"https:\\\/\\\/ses-creative.com\\\/wp-content\\\/uploads\\\/2026\\\/01\\\/130011-1.jpg\",\"contentUrl\":\"https:\\\/\\\/ses-creative.com\\\/wp-content\\\/uploads\\\/2026\\\/01\\\/130011-1.jpg\",\"width\":1000,\"height\":1000},{\"@type\":\"BreadcrumbList\",\"@id\":\"https:\\\/\\\/ses-creative.com\\\/de\\\/produkt\\\/badboote-safaritiere\\\/#breadcrumb\",\"itemListElement\":[{\"@type\":\"ListItem\",\"position\":1,\"name\":\"Shop\",\"item\":\"https:\\\/\\\/ses-creative.com\\\/de\\\/shop\\\/\"},{\"@type\":\"ListItem\",\"position\":2,\"name\":\"Baby &amp; Kleinkind\",\"item\":\"https:\\\/\\\/ses-creative.com\\\/de\\\/product-categorie\\\/baby-kleinkind\\\/\"},{\"@type\":\"ListItem\",\"position\":3,\"name\":\"Badboote &#8211; Safaritiere\"}]},{\"@type\":\"WebSite\",\"@id\":\"https:\\\/\\\/ses-creative.com\\\/#website\",\"url\":\"https:\\\/\\\/ses-creative.com\\\/\",\"name\":\"SES Creative\",\"description\":\"\",\"publisher\":{\"@id\":\"https:\\\/\\\/ses-creative.com\\\/#organization\"},\"potentialAction\":[{\"@type\":\"SearchAction\",\"target\":{\"@type\":\"EntryPoint\",\"urlTemplate\":\"https:\\\/\\\/ses-creative.com\\\/?s={search_term_string}\"},\"query-input\":{\"@type\":\"PropertyValueSpecification\",\"valueRequired\":true,\"valueName\":\"search_term_string\"}}],\"inLanguage\":\"de\"},{\"@type\":\"Organization\",\"@id\":\"https:\\\/\\\/ses-creative.com\\\/#organization\",\"name\":\"SES Creative\",\"url\":\"https:\\\/\\\/ses-creative.com\\\/\",\"logo\":{\"@type\":\"ImageObject\",\"inLanguage\":\"de\",\"@id\":\"https:\\\/\\\/ses-creative.com\\\/#\\\/schema\\\/logo\\\/image\\\/\",\"url\":\"https:\\\/\\\/ses-creative.com\\\/wp-content\\\/uploads\\\/2025\\\/10\\\/ses-creative-logo.jpg\",\"contentUrl\":\"https:\\\/\\\/ses-creative.com\\\/wp-content\\\/uploads\\\/2025\\\/10\\\/ses-creative-logo.jpg\",\"width\":2037,\"height\":2037,\"caption\":\"SES Creative\"},\"image\":{\"@id\":\"https:\\\/\\\/ses-creative.com\\\/#\\\/schema\\\/logo\\\/image\\\/\"}}]}<\/script>\n<!-- \/ Yoast SEO plugin. -->","yoast_head_json":{"title":"Badboote - Safaritiere - SES Creative","robots":{"index":"index","follow":"follow","max-snippet":"max-snippet:-1","max-image-preview":"max-image-preview:large","max-video-preview":"max-video-preview:-1"},"canonical":"https:\/\/ses-creative.com\/de\/produkt\/badboote-safaritiere\/","og_locale":"de_DE","og_type":"article","og_title":"Badboote - Safaritiere - SES Creative","og_description":"Badeautos \u2013 Safari-Tiere: Planschen, entdecken und Abenteuer auf See erleben! Ahoi, kleiner Kapit\u00e4n! Mit den Badeboote \u2013 Safari-Tiere von SES Creative wird jedes Bad zu einem fr\u00f6hlichen Abenteuer. Dieses Set enth\u00e4lt drei bunte Schwimmboote mit weichen Schaumstofffiguren von Safari-Tieren. Stecke die Tiere zwischen die aufrechten W\u00e4nde der Boote oder spiele mit ihnen separat im Wasser. [&hellip;]","og_url":"https:\/\/ses-creative.com\/de\/produkt\/badboote-safaritiere\/","og_site_name":"SES Creative","article_modified_time":"2026-02-06T09:51:28+00:00","twitter_card":"summary_large_image","twitter_misc":{"Gesch\u00e4tzte Lesezeit":"2\u00a0Minuten"},"schema":{"@context":"https:\/\/schema.org","@graph":[{"@type":"WebPage","@id":"https:\/\/ses-creative.com\/de\/produkt\/badboote-safaritiere\/","url":"https:\/\/ses-creative.com\/de\/produkt\/badboote-safaritiere\/","name":"Badboote - Safaritiere - SES Creative","isPartOf":{"@id":"https:\/\/ses-creative.com\/#website"},"primaryImageOfPage":{"@id":"https:\/\/ses-creative.com\/de\/produkt\/badboote-safaritiere\/#primaryimage"},"image":{"@id":"https:\/\/ses-creative.com\/de\/produkt\/badboote-safaritiere\/#primaryimage"},"thumbnailUrl":"https:\/\/ses-creative.com\/wp-content\/uploads\/2026\/01\/130011-1.jpg","datePublished":"2026-02-05T13:52:27+00:00","dateModified":"2026-02-06T09:51:28+00:00","breadcrumb":{"@id":"https:\/\/ses-creative.com\/de\/produkt\/badboote-safaritiere\/#breadcrumb"},"inLanguage":"de","potentialAction":[{"@type":"ReadAction","target":["https:\/\/ses-creative.com\/de\/produkt\/badboote-safaritiere\/"]}]},{"@type":"ImageObject","inLanguage":"de","@id":"https:\/\/ses-creative.com\/de\/produkt\/badboote-safaritiere\/#primaryimage","url":"https:\/\/ses-creative.com\/wp-content\/uploads\/2026\/01\/130011-1.jpg","contentUrl":"https:\/\/ses-creative.com\/wp-content\/uploads\/2026\/01\/130011-1.jpg","width":1000,"height":1000},{"@type":"BreadcrumbList","@id":"https:\/\/ses-creative.com\/de\/produkt\/badboote-safaritiere\/#breadcrumb","itemListElement":[{"@type":"ListItem","position":1,"name":"Shop","item":"https:\/\/ses-creative.com\/de\/shop\/"},{"@type":"ListItem","position":2,"name":"Baby &amp; Kleinkind","item":"https:\/\/ses-creative.com\/de\/product-categorie\/baby-kleinkind\/"},{"@type":"ListItem","position":3,"name":"Badboote &#8211; Safaritiere"}]},{"@type":"WebSite","@id":"https:\/\/ses-creative.com\/#website","url":"https:\/\/ses-creative.com\/","name":"SES Creative","description":"","publisher":{"@id":"https:\/\/ses-creative.com\/#organization"},"potentialAction":[{"@type":"SearchAction","target":{"@type":"EntryPoint","urlTemplate":"https:\/\/ses-creative.com\/?s={search_term_string}"},"query-input":{"@type":"PropertyValueSpecification","valueRequired":true,"valueName":"search_term_string"}}],"inLanguage":"de"},{"@type":"Organization","@id":"https:\/\/ses-creative.com\/#organization","name":"SES Creative","url":"https:\/\/ses-creative.com\/","logo":{"@type":"ImageObject","inLanguage":"de","@id":"https:\/\/ses-creative.com\/#\/schema\/logo\/image\/","url":"https:\/\/ses-creative.com\/wp-content\/uploads\/2025\/10\/ses-creative-logo.jpg","contentUrl":"https:\/\/ses-creative.com\/wp-content\/uploads\/2025\/10\/ses-creative-logo.jpg","width":2037,"height":2037,"caption":"SES Creative"},"image":{"@id":"https:\/\/ses-creative.com\/#\/schema\/logo\/image\/"}}]}},"_links":{"self":[{"href":"https:\/\/ses-creative.com\/de\/wp-json\/wp\/v2\/product\/114575","targetHints":{"allow":["GET"]}}],"collection":[{"href":"https:\/\/ses-creative.com\/de\/wp-json\/wp\/v2\/product"}],"about":[{"href":"https:\/\/ses-creative.com\/de\/wp-json\/wp\/v2\/types\/product"}],"replies":[{"embeddable":true,"href":"https:\/\/ses-creative.com\/de\/wp-json\/wp\/v2\/comments?post=114575"}],"wp:featuredmedia":[{"embeddable":true,"href":"https:\/\/ses-creative.com\/de\/wp-json\/wp\/v2\/media\/107374"}],"wp:attachment":[{"href":"https:\/\/ses-creative.com\/de\/wp-json\/wp\/v2\/media?parent=114575"}],"wp:term":[{"taxonomy":"product_brand","embeddable":true,"href":"https:\/\/ses-creative.com\/de\/wp-json\/wp\/v2\/product_brand?post=114575"},{"taxonomy":"product_cat","embeddable":true,"href":"https:\/\/ses-creative.com\/de\/wp-json\/wp\/v2\/product_cat?post=114575"},{"taxonomy":"product_tag","embeddable":true,"href":"https:\/\/ses-creative.com\/de\/wp-json\/wp\/v2\/product_tag?post=114575"}],"curies":[{"name":"wp","href":"https:\/\/api.w.org\/{rel}","templated":true}]}}