











{"id":114570,"date":"2026-02-05T13:52:27","date_gmt":"2026-02-05T13:52:27","guid":{"rendered":"https:\/\/ses-creative.com\/?post_type=product&#038;p=114570"},"modified":"2026-02-06T09:51:27","modified_gmt":"2026-02-06T09:51:27","slug":"harry-potter-buegelperlen-farbmischung-wappen-hogwarts","status":"publish","type":"product","link":"https:\/\/ses-creative.com\/de\/produkt\/harry-potter-buegelperlen-farbmischung-wappen-hogwarts\/","title":{"rendered":"Harry Potter &#8211; B\u00fcgelperlen Farbmischung (Wappen Hogwarts)"},"content":{"rendered":"<p>Mit diesem SES Creative Set k\u00f6nnen Kinder das ber\u00fchmte Wappen von Hogwarts mit 4000 bunten B\u00fcgelperlen nachbilden. Das beiliegende Poster in Originalgr\u00f6\u00dfe f\u00fchrt Schritt f\u00fcr Schritt durch die Platzierung der Perlen und sorgt so f\u00fcr eine originalgetreue Kreation. Das fertige Kunstwerk kann als Dekoration an einer Wand befestigt werden. Dieses Set f\u00f6rdert die Feinmotorik, die Geduld und die Konzentration. Es ist ideal f\u00fcr Kinder ab 6 Jahren. Die Perlen sind PVC-frei und entsprechen den europ\u00e4ischen Normen EN-71. Die ben\u00f6tigten Platten (4 quadratische Platten) sind nicht im Lieferumfang enthalten.<\/p>\n","protected":false},"excerpt":{"rendered":"<p>Mit diesem SES Creative Set k\u00f6nnen Kinder das ber\u00fchmte Wappen von Hogwarts mit 4000 bunten B\u00fcgelperlen nachbilden. Das beiliegende Poster in Originalgr\u00f6\u00dfe f\u00fchrt Schritt f\u00fcr Schritt durch die Platzierung der Perlen und sorgt so f\u00fcr eine originalgetreue Kreation. Das fertige Kunstwerk kann als Dekoration an einer Wand befestigt werden. Dieses Set f\u00f6rdert die Feinmotorik, die [&hellip;]<\/p>\n","protected":false},"featured_media":100508,"comment_status":"closed","ping_status":"closed","template":"","meta":{"_acf_changed":false},"product_brand":[],"product_cat":[118],"product_tag":[],"class_list":{"0":"post-114570","1":"product","2":"type-product","3":"status-publish","4":"has-post-thumbnail","6":"product_cat-buegelperlen","7":"pa_collecties-harry-potter","8":"pa_leeftijd-filter-6-jahre","9":"pa_meest-populair-bij-jungen-maedchen","11":"first","12":"instock","13":"shipping-taxable","14":"product-type-simple"},"acf":[],"yoast_head":"<!-- This site is optimized with the Yoast SEO plugin v27.2 - https:\/\/yoast.com\/product\/yoast-seo-wordpress\/ -->\n<title>Harry Potter - B\u00fcgelperlen Farbmischung (Wappen Hogwarts) - SES Creative<\/title>\n<meta name=\"robots\" content=\"index, follow, max-snippet:-1, max-image-preview:large, max-video-preview:-1\" \/>\n<link rel=\"canonical\" href=\"https:\/\/ses-creative.com\/de\/produkt\/harry-potter-buegelperlen-farbmischung-wappen-hogwarts\/\" \/>\n<meta property=\"og:locale\" content=\"de_DE\" \/>\n<meta property=\"og:type\" content=\"article\" \/>\n<meta property=\"og:title\" content=\"Harry Potter - B\u00fcgelperlen Farbmischung (Wappen Hogwarts) - SES Creative\" \/>\n<meta property=\"og:description\" content=\"Mit diesem SES Creative Set k\u00f6nnen Kinder das ber\u00fchmte Wappen von Hogwarts mit 4000 bunten B\u00fcgelperlen nachbilden. Das beiliegende Poster in Originalgr\u00f6\u00dfe f\u00fchrt Schritt f\u00fcr Schritt durch die Platzierung der Perlen und sorgt so f\u00fcr eine originalgetreue Kreation. Das fertige Kunstwerk kann als Dekoration an einer Wand befestigt werden. Dieses Set f\u00f6rdert die Feinmotorik, die [&hellip;]\" \/>\n<meta property=\"og:url\" content=\"https:\/\/ses-creative.com\/de\/produkt\/harry-potter-buegelperlen-farbmischung-wappen-hogwarts\/\" \/>\n<meta property=\"og:site_name\" content=\"SES Creative\" \/>\n<meta property=\"article:modified_time\" content=\"2026-02-06T09:51:27+00:00\" \/>\n<meta name=\"twitter:card\" content=\"summary_large_image\" \/>\n<script type=\"application\/ld+json\" class=\"yoast-schema-graph\">{\"@context\":\"https:\/\/schema.org\",\"@graph\":[{\"@type\":\"WebPage\",\"@id\":\"https:\/\/ses-creative.com\/de\/produkt\/harry-potter-buegelperlen-farbmischung-wappen-hogwarts\/\",\"url\":\"https:\/\/ses-creative.com\/de\/produkt\/harry-potter-buegelperlen-farbmischung-wappen-hogwarts\/\",\"name\":\"Harry Potter - B\u00fcgelperlen Farbmischung (Wappen Hogwarts) - SES Creative\",\"isPartOf\":{\"@id\":\"https:\/\/ses-creative.com\/#website\"},\"primaryImageOfPage\":{\"@id\":\"https:\/\/ses-creative.com\/de\/produkt\/harry-potter-buegelperlen-farbmischung-wappen-hogwarts\/#primaryimage\"},\"image\":{\"@id\":\"https:\/\/ses-creative.com\/de\/produkt\/harry-potter-buegelperlen-farbmischung-wappen-hogwarts\/#primaryimage\"},\"thumbnailUrl\":\"https:\/\/ses-creative.com\/wp-content\/uploads\/2026\/01\/093461.jpg\",\"datePublished\":\"2026-02-05T13:52:27+00:00\",\"dateModified\":\"2026-02-06T09:51:27+00:00\",\"breadcrumb\":{\"@id\":\"https:\/\/ses-creative.com\/de\/produkt\/harry-potter-buegelperlen-farbmischung-wappen-hogwarts\/#breadcrumb\"},\"inLanguage\":\"de\",\"potentialAction\":[{\"@type\":\"ReadAction\",\"target\":[\"https:\/\/ses-creative.com\/de\/produkt\/harry-potter-buegelperlen-farbmischung-wappen-hogwarts\/\"]}]},{\"@type\":\"ImageObject\",\"inLanguage\":\"de\",\"@id\":\"https:\/\/ses-creative.com\/de\/produkt\/harry-potter-buegelperlen-farbmischung-wappen-hogwarts\/#primaryimage\",\"url\":\"https:\/\/ses-creative.com\/wp-content\/uploads\/2026\/01\/093461.jpg\",\"contentUrl\":\"https:\/\/ses-creative.com\/wp-content\/uploads\/2026\/01\/093461.jpg\",\"width\":1000,\"height\":1000},{\"@type\":\"BreadcrumbList\",\"@id\":\"https:\/\/ses-creative.com\/de\/produkt\/harry-potter-buegelperlen-farbmischung-wappen-hogwarts\/#breadcrumb\",\"itemListElement\":[{\"@type\":\"ListItem\",\"position\":1,\"name\":\"Shop\",\"item\":\"https:\/\/ses-creative.com\/de\/shop\/\"},{\"@type\":\"ListItem\",\"position\":2,\"name\":\"B\u00fcgelperlen\",\"item\":\"https:\/\/ses-creative.com\/de\/product-categorie\/buegelperlen\/\"},{\"@type\":\"ListItem\",\"position\":3,\"name\":\"Harry Potter &#8211; B\u00fcgelperlen Farbmischung (Wappen Hogwarts)\"}]},{\"@type\":\"WebSite\",\"@id\":\"https:\/\/ses-creative.com\/#website\",\"url\":\"https:\/\/ses-creative.com\/\",\"name\":\"SES Creative\",\"description\":\"\",\"publisher\":{\"@id\":\"https:\/\/ses-creative.com\/#organization\"},\"potentialAction\":[{\"@type\":\"SearchAction\",\"target\":{\"@type\":\"EntryPoint\",\"urlTemplate\":\"https:\/\/ses-creative.com\/?s={search_term_string}\"},\"query-input\":{\"@type\":\"PropertyValueSpecification\",\"valueRequired\":true,\"valueName\":\"search_term_string\"}}],\"inLanguage\":\"de\"},{\"@type\":\"Organization\",\"@id\":\"https:\/\/ses-creative.com\/#organization\",\"name\":\"SES Creative\",\"url\":\"https:\/\/ses-creative.com\/\",\"logo\":{\"@type\":\"ImageObject\",\"inLanguage\":\"de\",\"@id\":\"https:\/\/ses-creative.com\/#\/schema\/logo\/image\/\",\"url\":\"https:\/\/ses-creative.com\/wp-content\/uploads\/2025\/10\/ses-creative-logo.jpg\",\"contentUrl\":\"https:\/\/ses-creative.com\/wp-content\/uploads\/2025\/10\/ses-creative-logo.jpg\",\"width\":2037,\"height\":2037,\"caption\":\"SES Creative\"},\"image\":{\"@id\":\"https:\/\/ses-creative.com\/#\/schema\/logo\/image\/\"}}]}<\/script>\n<!-- \/ Yoast SEO plugin. -->","yoast_head_json":{"title":"Harry Potter - B\u00fcgelperlen Farbmischung (Wappen Hogwarts) - SES Creative","robots":{"index":"index","follow":"follow","max-snippet":"max-snippet:-1","max-image-preview":"max-image-preview:large","max-video-preview":"max-video-preview:-1"},"canonical":"https:\/\/ses-creative.com\/de\/produkt\/harry-potter-buegelperlen-farbmischung-wappen-hogwarts\/","og_locale":"de_DE","og_type":"article","og_title":"Harry Potter - B\u00fcgelperlen Farbmischung (Wappen Hogwarts) - SES Creative","og_description":"Mit diesem SES Creative Set k\u00f6nnen Kinder das ber\u00fchmte Wappen von Hogwarts mit 4000 bunten B\u00fcgelperlen nachbilden. Das beiliegende Poster in Originalgr\u00f6\u00dfe f\u00fchrt Schritt f\u00fcr Schritt durch die Platzierung der Perlen und sorgt so f\u00fcr eine originalgetreue Kreation. Das fertige Kunstwerk kann als Dekoration an einer Wand befestigt werden. Dieses Set f\u00f6rdert die Feinmotorik, die [&hellip;]","og_url":"https:\/\/ses-creative.com\/de\/produkt\/harry-potter-buegelperlen-farbmischung-wappen-hogwarts\/","og_site_name":"SES Creative","article_modified_time":"2026-02-06T09:51:27+00:00","twitter_card":"summary_large_image","schema":{"@context":"https:\/\/schema.org","@graph":[{"@type":"WebPage","@id":"https:\/\/ses-creative.com\/de\/produkt\/harry-potter-buegelperlen-farbmischung-wappen-hogwarts\/","url":"https:\/\/ses-creative.com\/de\/produkt\/harry-potter-buegelperlen-farbmischung-wappen-hogwarts\/","name":"Harry Potter - B\u00fcgelperlen Farbmischung (Wappen Hogwarts) - SES Creative","isPartOf":{"@id":"https:\/\/ses-creative.com\/#website"},"primaryImageOfPage":{"@id":"https:\/\/ses-creative.com\/de\/produkt\/harry-potter-buegelperlen-farbmischung-wappen-hogwarts\/#primaryimage"},"image":{"@id":"https:\/\/ses-creative.com\/de\/produkt\/harry-potter-buegelperlen-farbmischung-wappen-hogwarts\/#primaryimage"},"thumbnailUrl":"https:\/\/ses-creative.com\/wp-content\/uploads\/2026\/01\/093461.jpg","datePublished":"2026-02-05T13:52:27+00:00","dateModified":"2026-02-06T09:51:27+00:00","breadcrumb":{"@id":"https:\/\/ses-creative.com\/de\/produkt\/harry-potter-buegelperlen-farbmischung-wappen-hogwarts\/#breadcrumb"},"inLanguage":"de","potentialAction":[{"@type":"ReadAction","target":["https:\/\/ses-creative.com\/de\/produkt\/harry-potter-buegelperlen-farbmischung-wappen-hogwarts\/"]}]},{"@type":"ImageObject","inLanguage":"de","@id":"https:\/\/ses-creative.com\/de\/produkt\/harry-potter-buegelperlen-farbmischung-wappen-hogwarts\/#primaryimage","url":"https:\/\/ses-creative.com\/wp-content\/uploads\/2026\/01\/093461.jpg","contentUrl":"https:\/\/ses-creative.com\/wp-content\/uploads\/2026\/01\/093461.jpg","width":1000,"height":1000},{"@type":"BreadcrumbList","@id":"https:\/\/ses-creative.com\/de\/produkt\/harry-potter-buegelperlen-farbmischung-wappen-hogwarts\/#breadcrumb","itemListElement":[{"@type":"ListItem","position":1,"name":"Shop","item":"https:\/\/ses-creative.com\/de\/shop\/"},{"@type":"ListItem","position":2,"name":"B\u00fcgelperlen","item":"https:\/\/ses-creative.com\/de\/product-categorie\/buegelperlen\/"},{"@type":"ListItem","position":3,"name":"Harry Potter &#8211; B\u00fcgelperlen Farbmischung (Wappen Hogwarts)"}]},{"@type":"WebSite","@id":"https:\/\/ses-creative.com\/#website","url":"https:\/\/ses-creative.com\/","name":"SES Creative","description":"","publisher":{"@id":"https:\/\/ses-creative.com\/#organization"},"potentialAction":[{"@type":"SearchAction","target":{"@type":"EntryPoint","urlTemplate":"https:\/\/ses-creative.com\/?s={search_term_string}"},"query-input":{"@type":"PropertyValueSpecification","valueRequired":true,"valueName":"search_term_string"}}],"inLanguage":"de"},{"@type":"Organization","@id":"https:\/\/ses-creative.com\/#organization","name":"SES Creative","url":"https:\/\/ses-creative.com\/","logo":{"@type":"ImageObject","inLanguage":"de","@id":"https:\/\/ses-creative.com\/#\/schema\/logo\/image\/","url":"https:\/\/ses-creative.com\/wp-content\/uploads\/2025\/10\/ses-creative-logo.jpg","contentUrl":"https:\/\/ses-creative.com\/wp-content\/uploads\/2025\/10\/ses-creative-logo.jpg","width":2037,"height":2037,"caption":"SES Creative"},"image":{"@id":"https:\/\/ses-creative.com\/#\/schema\/logo\/image\/"}}]}},"_links":{"self":[{"href":"https:\/\/ses-creative.com\/de\/wp-json\/wp\/v2\/product\/114570","targetHints":{"allow":["GET"]}}],"collection":[{"href":"https:\/\/ses-creative.com\/de\/wp-json\/wp\/v2\/product"}],"about":[{"href":"https:\/\/ses-creative.com\/de\/wp-json\/wp\/v2\/types\/product"}],"replies":[{"embeddable":true,"href":"https:\/\/ses-creative.com\/de\/wp-json\/wp\/v2\/comments?post=114570"}],"wp:featuredmedia":[{"embeddable":true,"href":"https:\/\/ses-creative.com\/de\/wp-json\/wp\/v2\/media\/100508"}],"wp:attachment":[{"href":"https:\/\/ses-creative.com\/de\/wp-json\/wp\/v2\/media?parent=114570"}],"wp:term":[{"taxonomy":"product_brand","embeddable":true,"href":"https:\/\/ses-creative.com\/de\/wp-json\/wp\/v2\/product_brand?post=114570"},{"taxonomy":"product_cat","embeddable":true,"href":"https:\/\/ses-creative.com\/de\/wp-json\/wp\/v2\/product_cat?post=114570"},{"taxonomy":"product_tag","embeddable":true,"href":"https:\/\/ses-creative.com\/de\/wp-json\/wp\/v2\/product_tag?post=114570"}],"curies":[{"name":"wp","href":"https:\/\/api.w.org\/{rel}","templated":true}]}}