











{"id":114568,"date":"2026-02-05T13:52:27","date_gmt":"2026-02-05T13:52:27","guid":{"rendered":"https:\/\/ses-creative.com\/?post_type=product&#038;p=114568"},"modified":"2026-02-06T09:51:27","modified_gmt":"2026-02-06T09:51:27","slug":"harry-potter-reliefgiessset","status":"publish","type":"product","link":"https:\/\/ses-creative.com\/de\/produkt\/harry-potter-reliefgiessset\/","title":{"rendered":"Harry Potter &#8211; Reliefgie\u00dfset"},"content":{"rendered":"<p>Tauche mit dem Harry-Potter-Gipsabdruckset in die zauberhafte Welt von Hogwarts ein. Dieses Komplettset wurde f\u00fcr Kinder ab 5 Jahren entwickelt und bietet eine spielerische und lehrreiche handwerkliche T\u00e4tigkeit. Mit den enthaltenen 3D-Gipsformen k\u00f6nnen Kinder ihre eigenen Figuren von Harry, Hermine und Ron herstellen, die sie anschlie\u00dfend bemalen und stolz ausstellen k\u00f6nnen.<\/p>\n<p>Das Set enth\u00e4lt alles, was Sie zum Basteln dieser ikonischen Figuren ben\u00f6tigen: zwei Gipsbeutel, drei wiederverwendbare Tiefziehformen, eine geheimnisvolle Schachtel als Dekor, eine Palette mit sechs Farben, einen Pinsel, zwei Holzspachtel und Schleifpapier f\u00fcr die Feinarbeit. Nach der Fertigstellung der Figuren verwandelt sich die Mystery Box in eine Spielb\u00fchne, auf der Kinder ihre Lieblingsabenteuer aus der Saga nachspielen k\u00f6nnen.<\/p>\n<p>Diese Box f\u00f6rdert die Kreativit\u00e4t, die Konzentration und die Feinmotorik der Kinder und l\u00e4sst sie in die magische Welt von Harry Potter eintauchen. Hergestellt in Frankreich, erf\u00fcllt es die europ\u00e4ischen Sicherheitsstandards und sorgt so f\u00fcr ein sicheres und qualitativ hochwertiges Spielerlebnis.<\/p>\n","protected":false},"excerpt":{"rendered":"<p>Tauche mit dem Harry-Potter-Gipsabdruckset in die zauberhafte Welt von Hogwarts ein. Dieses Komplettset wurde f\u00fcr Kinder ab 5 Jahren entwickelt und bietet eine spielerische und lehrreiche handwerkliche T\u00e4tigkeit. Mit den enthaltenen 3D-Gipsformen k\u00f6nnen Kinder ihre eigenen Figuren von Harry, Hermine und Ron herstellen, die sie anschlie\u00dfend bemalen und stolz ausstellen k\u00f6nnen. Das Set enth\u00e4lt alles, [&hellip;]<\/p>\n","protected":false},"featured_media":100468,"comment_status":"closed","ping_status":"closed","template":"","meta":{"_acf_changed":false},"product_brand":[],"product_cat":[115],"product_tag":[],"class_list":{"0":"post-114568","1":"product","2":"type-product","3":"status-publish","4":"has-post-thumbnail","6":"product_cat-basteln","7":"pa_collecties-harry-potter","8":"pa_leeftijd-filter-4-6-jahre","9":"pa_meest-populair-bij-jungen-maedchen","11":"first","12":"instock","13":"shipping-taxable","14":"product-type-simple"},"acf":[],"yoast_head":"<!-- This site is optimized with the Yoast SEO plugin v27.2 - https:\/\/yoast.com\/product\/yoast-seo-wordpress\/ -->\n<title>Harry Potter - Reliefgie\u00dfset - SES Creative<\/title>\n<meta name=\"robots\" content=\"index, follow, max-snippet:-1, max-image-preview:large, max-video-preview:-1\" \/>\n<link rel=\"canonical\" href=\"https:\/\/ses-creative.com\/de\/produkt\/harry-potter-reliefgiessset\/\" \/>\n<meta property=\"og:locale\" content=\"de_DE\" \/>\n<meta property=\"og:type\" content=\"article\" \/>\n<meta property=\"og:title\" content=\"Harry Potter - Reliefgie\u00dfset - SES Creative\" \/>\n<meta property=\"og:description\" content=\"Tauche mit dem Harry-Potter-Gipsabdruckset in die zauberhafte Welt von Hogwarts ein. Dieses Komplettset wurde f\u00fcr Kinder ab 5 Jahren entwickelt und bietet eine spielerische und lehrreiche handwerkliche T\u00e4tigkeit. Mit den enthaltenen 3D-Gipsformen k\u00f6nnen Kinder ihre eigenen Figuren von Harry, Hermine und Ron herstellen, die sie anschlie\u00dfend bemalen und stolz ausstellen k\u00f6nnen. Das Set enth\u00e4lt alles, [&hellip;]\" \/>\n<meta property=\"og:url\" content=\"https:\/\/ses-creative.com\/de\/produkt\/harry-potter-reliefgiessset\/\" \/>\n<meta property=\"og:site_name\" content=\"SES Creative\" \/>\n<meta property=\"article:modified_time\" content=\"2026-02-06T09:51:27+00:00\" \/>\n<meta name=\"twitter:card\" content=\"summary_large_image\" \/>\n<meta name=\"twitter:label1\" content=\"Gesch\u00e4tzte Lesezeit\" \/>\n\t<meta name=\"twitter:data1\" content=\"1\u00a0Minute\" \/>\n<script type=\"application\/ld+json\" class=\"yoast-schema-graph\">{\"@context\":\"https:\/\/schema.org\",\"@graph\":[{\"@type\":\"WebPage\",\"@id\":\"https:\/\/ses-creative.com\/de\/produkt\/harry-potter-reliefgiessset\/\",\"url\":\"https:\/\/ses-creative.com\/de\/produkt\/harry-potter-reliefgiessset\/\",\"name\":\"Harry Potter - Reliefgie\u00dfset - SES Creative\",\"isPartOf\":{\"@id\":\"https:\/\/ses-creative.com\/#website\"},\"primaryImageOfPage\":{\"@id\":\"https:\/\/ses-creative.com\/de\/produkt\/harry-potter-reliefgiessset\/#primaryimage\"},\"image\":{\"@id\":\"https:\/\/ses-creative.com\/de\/produkt\/harry-potter-reliefgiessset\/#primaryimage\"},\"thumbnailUrl\":\"https:\/\/ses-creative.com\/wp-content\/uploads\/2026\/01\/093441.jpg\",\"datePublished\":\"2026-02-05T13:52:27+00:00\",\"dateModified\":\"2026-02-06T09:51:27+00:00\",\"breadcrumb\":{\"@id\":\"https:\/\/ses-creative.com\/de\/produkt\/harry-potter-reliefgiessset\/#breadcrumb\"},\"inLanguage\":\"de\",\"potentialAction\":[{\"@type\":\"ReadAction\",\"target\":[\"https:\/\/ses-creative.com\/de\/produkt\/harry-potter-reliefgiessset\/\"]}]},{\"@type\":\"ImageObject\",\"inLanguage\":\"de\",\"@id\":\"https:\/\/ses-creative.com\/de\/produkt\/harry-potter-reliefgiessset\/#primaryimage\",\"url\":\"https:\/\/ses-creative.com\/wp-content\/uploads\/2026\/01\/093441.jpg\",\"contentUrl\":\"https:\/\/ses-creative.com\/wp-content\/uploads\/2026\/01\/093441.jpg\",\"width\":1000,\"height\":1000},{\"@type\":\"BreadcrumbList\",\"@id\":\"https:\/\/ses-creative.com\/de\/produkt\/harry-potter-reliefgiessset\/#breadcrumb\",\"itemListElement\":[{\"@type\":\"ListItem\",\"position\":1,\"name\":\"Shop\",\"item\":\"https:\/\/ses-creative.com\/de\/shop\/\"},{\"@type\":\"ListItem\",\"position\":2,\"name\":\"Basteln\",\"item\":\"https:\/\/ses-creative.com\/de\/product-categorie\/basteln\/\"},{\"@type\":\"ListItem\",\"position\":3,\"name\":\"Harry Potter &#8211; Reliefgie\u00dfset\"}]},{\"@type\":\"WebSite\",\"@id\":\"https:\/\/ses-creative.com\/#website\",\"url\":\"https:\/\/ses-creative.com\/\",\"name\":\"SES Creative\",\"description\":\"\",\"publisher\":{\"@id\":\"https:\/\/ses-creative.com\/#organization\"},\"potentialAction\":[{\"@type\":\"SearchAction\",\"target\":{\"@type\":\"EntryPoint\",\"urlTemplate\":\"https:\/\/ses-creative.com\/?s={search_term_string}\"},\"query-input\":{\"@type\":\"PropertyValueSpecification\",\"valueRequired\":true,\"valueName\":\"search_term_string\"}}],\"inLanguage\":\"de\"},{\"@type\":\"Organization\",\"@id\":\"https:\/\/ses-creative.com\/#organization\",\"name\":\"SES Creative\",\"url\":\"https:\/\/ses-creative.com\/\",\"logo\":{\"@type\":\"ImageObject\",\"inLanguage\":\"de\",\"@id\":\"https:\/\/ses-creative.com\/#\/schema\/logo\/image\/\",\"url\":\"https:\/\/ses-creative.com\/wp-content\/uploads\/2025\/10\/ses-creative-logo.jpg\",\"contentUrl\":\"https:\/\/ses-creative.com\/wp-content\/uploads\/2025\/10\/ses-creative-logo.jpg\",\"width\":2037,\"height\":2037,\"caption\":\"SES Creative\"},\"image\":{\"@id\":\"https:\/\/ses-creative.com\/#\/schema\/logo\/image\/\"}}]}<\/script>\n<!-- \/ Yoast SEO plugin. -->","yoast_head_json":{"title":"Harry Potter - Reliefgie\u00dfset - SES Creative","robots":{"index":"index","follow":"follow","max-snippet":"max-snippet:-1","max-image-preview":"max-image-preview:large","max-video-preview":"max-video-preview:-1"},"canonical":"https:\/\/ses-creative.com\/de\/produkt\/harry-potter-reliefgiessset\/","og_locale":"de_DE","og_type":"article","og_title":"Harry Potter - Reliefgie\u00dfset - SES Creative","og_description":"Tauche mit dem Harry-Potter-Gipsabdruckset in die zauberhafte Welt von Hogwarts ein. Dieses Komplettset wurde f\u00fcr Kinder ab 5 Jahren entwickelt und bietet eine spielerische und lehrreiche handwerkliche T\u00e4tigkeit. Mit den enthaltenen 3D-Gipsformen k\u00f6nnen Kinder ihre eigenen Figuren von Harry, Hermine und Ron herstellen, die sie anschlie\u00dfend bemalen und stolz ausstellen k\u00f6nnen. Das Set enth\u00e4lt alles, [&hellip;]","og_url":"https:\/\/ses-creative.com\/de\/produkt\/harry-potter-reliefgiessset\/","og_site_name":"SES Creative","article_modified_time":"2026-02-06T09:51:27+00:00","twitter_card":"summary_large_image","twitter_misc":{"Gesch\u00e4tzte Lesezeit":"1\u00a0Minute"},"schema":{"@context":"https:\/\/schema.org","@graph":[{"@type":"WebPage","@id":"https:\/\/ses-creative.com\/de\/produkt\/harry-potter-reliefgiessset\/","url":"https:\/\/ses-creative.com\/de\/produkt\/harry-potter-reliefgiessset\/","name":"Harry Potter - Reliefgie\u00dfset - SES Creative","isPartOf":{"@id":"https:\/\/ses-creative.com\/#website"},"primaryImageOfPage":{"@id":"https:\/\/ses-creative.com\/de\/produkt\/harry-potter-reliefgiessset\/#primaryimage"},"image":{"@id":"https:\/\/ses-creative.com\/de\/produkt\/harry-potter-reliefgiessset\/#primaryimage"},"thumbnailUrl":"https:\/\/ses-creative.com\/wp-content\/uploads\/2026\/01\/093441.jpg","datePublished":"2026-02-05T13:52:27+00:00","dateModified":"2026-02-06T09:51:27+00:00","breadcrumb":{"@id":"https:\/\/ses-creative.com\/de\/produkt\/harry-potter-reliefgiessset\/#breadcrumb"},"inLanguage":"de","potentialAction":[{"@type":"ReadAction","target":["https:\/\/ses-creative.com\/de\/produkt\/harry-potter-reliefgiessset\/"]}]},{"@type":"ImageObject","inLanguage":"de","@id":"https:\/\/ses-creative.com\/de\/produkt\/harry-potter-reliefgiessset\/#primaryimage","url":"https:\/\/ses-creative.com\/wp-content\/uploads\/2026\/01\/093441.jpg","contentUrl":"https:\/\/ses-creative.com\/wp-content\/uploads\/2026\/01\/093441.jpg","width":1000,"height":1000},{"@type":"BreadcrumbList","@id":"https:\/\/ses-creative.com\/de\/produkt\/harry-potter-reliefgiessset\/#breadcrumb","itemListElement":[{"@type":"ListItem","position":1,"name":"Shop","item":"https:\/\/ses-creative.com\/de\/shop\/"},{"@type":"ListItem","position":2,"name":"Basteln","item":"https:\/\/ses-creative.com\/de\/product-categorie\/basteln\/"},{"@type":"ListItem","position":3,"name":"Harry Potter &#8211; Reliefgie\u00dfset"}]},{"@type":"WebSite","@id":"https:\/\/ses-creative.com\/#website","url":"https:\/\/ses-creative.com\/","name":"SES Creative","description":"","publisher":{"@id":"https:\/\/ses-creative.com\/#organization"},"potentialAction":[{"@type":"SearchAction","target":{"@type":"EntryPoint","urlTemplate":"https:\/\/ses-creative.com\/?s={search_term_string}"},"query-input":{"@type":"PropertyValueSpecification","valueRequired":true,"valueName":"search_term_string"}}],"inLanguage":"de"},{"@type":"Organization","@id":"https:\/\/ses-creative.com\/#organization","name":"SES Creative","url":"https:\/\/ses-creative.com\/","logo":{"@type":"ImageObject","inLanguage":"de","@id":"https:\/\/ses-creative.com\/#\/schema\/logo\/image\/","url":"https:\/\/ses-creative.com\/wp-content\/uploads\/2025\/10\/ses-creative-logo.jpg","contentUrl":"https:\/\/ses-creative.com\/wp-content\/uploads\/2025\/10\/ses-creative-logo.jpg","width":2037,"height":2037,"caption":"SES Creative"},"image":{"@id":"https:\/\/ses-creative.com\/#\/schema\/logo\/image\/"}}]}},"_links":{"self":[{"href":"https:\/\/ses-creative.com\/de\/wp-json\/wp\/v2\/product\/114568","targetHints":{"allow":["GET"]}}],"collection":[{"href":"https:\/\/ses-creative.com\/de\/wp-json\/wp\/v2\/product"}],"about":[{"href":"https:\/\/ses-creative.com\/de\/wp-json\/wp\/v2\/types\/product"}],"replies":[{"embeddable":true,"href":"https:\/\/ses-creative.com\/de\/wp-json\/wp\/v2\/comments?post=114568"}],"wp:featuredmedia":[{"embeddable":true,"href":"https:\/\/ses-creative.com\/de\/wp-json\/wp\/v2\/media\/100468"}],"wp:attachment":[{"href":"https:\/\/ses-creative.com\/de\/wp-json\/wp\/v2\/media?parent=114568"}],"wp:term":[{"taxonomy":"product_brand","embeddable":true,"href":"https:\/\/ses-creative.com\/de\/wp-json\/wp\/v2\/product_brand?post=114568"},{"taxonomy":"product_cat","embeddable":true,"href":"https:\/\/ses-creative.com\/de\/wp-json\/wp\/v2\/product_cat?post=114568"},{"taxonomy":"product_tag","embeddable":true,"href":"https:\/\/ses-creative.com\/de\/wp-json\/wp\/v2\/product_tag?post=114568"}],"curies":[{"name":"wp","href":"https:\/\/api.w.org\/{rel}","templated":true}]}}