











{"id":114567,"date":"2026-02-05T13:52:27","date_gmt":"2026-02-05T13:52:27","guid":{"rendered":"https:\/\/ses-creative.com\/?post_type=product&#038;p=114567"},"modified":"2026-02-06T09:51:27","modified_gmt":"2026-02-06T09:51:27","slug":"harry-potter-zauberschrumpffolien-armbaender","status":"publish","type":"product","link":"https:\/\/ses-creative.com\/de\/produkt\/harry-potter-zauberschrumpffolien-armbaender\/","title":{"rendered":"Harry Potter &#8211; Zauberschrumpffolien Armb\u00e4nder"},"content":{"rendered":"<p>Mit diesem Harry-Potter-Armband-Set k\u00f6nnen Kinder mithilfe einer Schrumpffolie und einer Mischung aus bunten Perlen ihren eigenen magischen Schmuck herstellen. Nachdem sie die Charms auf die Zauberfolie gezeichnet und ausgemalt haben, m\u00fcssen sie sie nur noch in den Ofen schieben, damit sie schrumpfen und dicker und stabiler werden. Eine lustige Aktivit\u00e4t, die einfache Zeichnungen in echte, widerstandsf\u00e4hige Anh\u00e4nger verwandelt.<\/p>\n<p>Die Box enth\u00e4lt alle ben\u00f6tigten Materialien: 2 Blatt Zauberfolie, 8 Buntstifte, eine elastische Schnur und eine Auswahl an bunten Perlen. Mithilfe der beiliegenden Anleitung k\u00f6nnen die Kinder ihre Kreationen ganz einfach zusammensetzen und individuelle Armb\u00e4nder zum Thema Zauberwelt herstellen.<\/p>\n<p>Dieses kreative Hobby regt die Fantasie an, f\u00f6rdert die Kreativit\u00e4t und entwickelt die Feinmotorik. Ideal f\u00fcr Kinder, die gerne handwerklich t\u00e4tig sind und ihre eigenen Accessoires herstellen m\u00f6chten. Ein Harry Potter DIY-Schmuckst\u00fcck, das perfekt ist, um den eigenen Stil zu personalisieren und seine Kreationen mit Freunden zu teilen.<\/p>\n<p>Entwickelt f\u00fcr Kinder ab 6 Jahren, ist dieses Set mit magischen Armb\u00e4ndern f\u00fcr Kinder eine tolle Geschenkidee. Eine komplette Aktivit\u00e4t, die Zeichnen, Malen und Zusammensetzen miteinander verbindet, um ein einzigartiges und originelles Ergebnis zu bieten.<\/p>\n","protected":false},"excerpt":{"rendered":"<p>Mit diesem Harry-Potter-Armband-Set k\u00f6nnen Kinder mithilfe einer Schrumpffolie und einer Mischung aus bunten Perlen ihren eigenen magischen Schmuck herstellen. Nachdem sie die Charms auf die Zauberfolie gezeichnet und ausgemalt haben, m\u00fcssen sie sie nur noch in den Ofen schieben, damit sie schrumpfen und dicker und stabiler werden. Eine lustige Aktivit\u00e4t, die einfache Zeichnungen in echte, [&hellip;]<\/p>\n","protected":false},"featured_media":100448,"comment_status":"closed","ping_status":"closed","template":"","meta":{"_acf_changed":false},"product_brand":[],"product_cat":[115],"product_tag":[],"class_list":{"0":"post-114567","1":"product","2":"type-product","3":"status-publish","4":"has-post-thumbnail","6":"product_cat-basteln","7":"pa_collecties-harry-potter","8":"pa_leeftijd-filter-4-6-jahre","9":"pa_meest-populair-bij-jungen-maedchen","11":"first","12":"instock","13":"shipping-taxable","14":"product-type-simple"},"acf":[],"yoast_head":"<!-- This site is optimized with the Yoast SEO plugin v27.2 - https:\/\/yoast.com\/product\/yoast-seo-wordpress\/ -->\n<title>Harry Potter - Zauberschrumpffolien Armb\u00e4nder - SES Creative<\/title>\n<meta name=\"robots\" content=\"index, follow, max-snippet:-1, max-image-preview:large, max-video-preview:-1\" \/>\n<link rel=\"canonical\" href=\"https:\/\/ses-creative.com\/de\/produkt\/harry-potter-zauberschrumpffolien-armbaender\/\" \/>\n<meta property=\"og:locale\" content=\"de_DE\" \/>\n<meta property=\"og:type\" content=\"article\" \/>\n<meta property=\"og:title\" content=\"Harry Potter - Zauberschrumpffolien Armb\u00e4nder - SES Creative\" \/>\n<meta property=\"og:description\" content=\"Mit diesem Harry-Potter-Armband-Set k\u00f6nnen Kinder mithilfe einer Schrumpffolie und einer Mischung aus bunten Perlen ihren eigenen magischen Schmuck herstellen. Nachdem sie die Charms auf die Zauberfolie gezeichnet und ausgemalt haben, m\u00fcssen sie sie nur noch in den Ofen schieben, damit sie schrumpfen und dicker und stabiler werden. Eine lustige Aktivit\u00e4t, die einfache Zeichnungen in echte, [&hellip;]\" \/>\n<meta property=\"og:url\" content=\"https:\/\/ses-creative.com\/de\/produkt\/harry-potter-zauberschrumpffolien-armbaender\/\" \/>\n<meta property=\"og:site_name\" content=\"SES Creative\" \/>\n<meta property=\"article:modified_time\" content=\"2026-02-06T09:51:27+00:00\" \/>\n<meta name=\"twitter:card\" content=\"summary_large_image\" \/>\n<meta name=\"twitter:label1\" content=\"Gesch\u00e4tzte Lesezeit\" \/>\n\t<meta name=\"twitter:data1\" content=\"1\u00a0Minute\" \/>\n<script type=\"application\/ld+json\" class=\"yoast-schema-graph\">{\"@context\":\"https:\/\/schema.org\",\"@graph\":[{\"@type\":\"WebPage\",\"@id\":\"https:\/\/ses-creative.com\/de\/produkt\/harry-potter-zauberschrumpffolien-armbaender\/\",\"url\":\"https:\/\/ses-creative.com\/de\/produkt\/harry-potter-zauberschrumpffolien-armbaender\/\",\"name\":\"Harry Potter - Zauberschrumpffolien Armb\u00e4nder - SES Creative\",\"isPartOf\":{\"@id\":\"https:\/\/ses-creative.com\/#website\"},\"primaryImageOfPage\":{\"@id\":\"https:\/\/ses-creative.com\/de\/produkt\/harry-potter-zauberschrumpffolien-armbaender\/#primaryimage\"},\"image\":{\"@id\":\"https:\/\/ses-creative.com\/de\/produkt\/harry-potter-zauberschrumpffolien-armbaender\/#primaryimage\"},\"thumbnailUrl\":\"https:\/\/ses-creative.com\/wp-content\/uploads\/2026\/01\/093431.jpg\",\"datePublished\":\"2026-02-05T13:52:27+00:00\",\"dateModified\":\"2026-02-06T09:51:27+00:00\",\"breadcrumb\":{\"@id\":\"https:\/\/ses-creative.com\/de\/produkt\/harry-potter-zauberschrumpffolien-armbaender\/#breadcrumb\"},\"inLanguage\":\"de\",\"potentialAction\":[{\"@type\":\"ReadAction\",\"target\":[\"https:\/\/ses-creative.com\/de\/produkt\/harry-potter-zauberschrumpffolien-armbaender\/\"]}]},{\"@type\":\"ImageObject\",\"inLanguage\":\"de\",\"@id\":\"https:\/\/ses-creative.com\/de\/produkt\/harry-potter-zauberschrumpffolien-armbaender\/#primaryimage\",\"url\":\"https:\/\/ses-creative.com\/wp-content\/uploads\/2026\/01\/093431.jpg\",\"contentUrl\":\"https:\/\/ses-creative.com\/wp-content\/uploads\/2026\/01\/093431.jpg\",\"width\":1000,\"height\":1000},{\"@type\":\"BreadcrumbList\",\"@id\":\"https:\/\/ses-creative.com\/de\/produkt\/harry-potter-zauberschrumpffolien-armbaender\/#breadcrumb\",\"itemListElement\":[{\"@type\":\"ListItem\",\"position\":1,\"name\":\"Shop\",\"item\":\"https:\/\/ses-creative.com\/de\/shop\/\"},{\"@type\":\"ListItem\",\"position\":2,\"name\":\"Basteln\",\"item\":\"https:\/\/ses-creative.com\/de\/product-categorie\/basteln\/\"},{\"@type\":\"ListItem\",\"position\":3,\"name\":\"Harry Potter &#8211; Zauberschrumpffolien Armb\u00e4nder\"}]},{\"@type\":\"WebSite\",\"@id\":\"https:\/\/ses-creative.com\/#website\",\"url\":\"https:\/\/ses-creative.com\/\",\"name\":\"SES Creative\",\"description\":\"\",\"publisher\":{\"@id\":\"https:\/\/ses-creative.com\/#organization\"},\"potentialAction\":[{\"@type\":\"SearchAction\",\"target\":{\"@type\":\"EntryPoint\",\"urlTemplate\":\"https:\/\/ses-creative.com\/?s={search_term_string}\"},\"query-input\":{\"@type\":\"PropertyValueSpecification\",\"valueRequired\":true,\"valueName\":\"search_term_string\"}}],\"inLanguage\":\"de\"},{\"@type\":\"Organization\",\"@id\":\"https:\/\/ses-creative.com\/#organization\",\"name\":\"SES Creative\",\"url\":\"https:\/\/ses-creative.com\/\",\"logo\":{\"@type\":\"ImageObject\",\"inLanguage\":\"de\",\"@id\":\"https:\/\/ses-creative.com\/#\/schema\/logo\/image\/\",\"url\":\"https:\/\/ses-creative.com\/wp-content\/uploads\/2025\/10\/ses-creative-logo.jpg\",\"contentUrl\":\"https:\/\/ses-creative.com\/wp-content\/uploads\/2025\/10\/ses-creative-logo.jpg\",\"width\":2037,\"height\":2037,\"caption\":\"SES Creative\"},\"image\":{\"@id\":\"https:\/\/ses-creative.com\/#\/schema\/logo\/image\/\"}}]}<\/script>\n<!-- \/ Yoast SEO plugin. -->","yoast_head_json":{"title":"Harry Potter - Zauberschrumpffolien Armb\u00e4nder - SES Creative","robots":{"index":"index","follow":"follow","max-snippet":"max-snippet:-1","max-image-preview":"max-image-preview:large","max-video-preview":"max-video-preview:-1"},"canonical":"https:\/\/ses-creative.com\/de\/produkt\/harry-potter-zauberschrumpffolien-armbaender\/","og_locale":"de_DE","og_type":"article","og_title":"Harry Potter - Zauberschrumpffolien Armb\u00e4nder - SES Creative","og_description":"Mit diesem Harry-Potter-Armband-Set k\u00f6nnen Kinder mithilfe einer Schrumpffolie und einer Mischung aus bunten Perlen ihren eigenen magischen Schmuck herstellen. Nachdem sie die Charms auf die Zauberfolie gezeichnet und ausgemalt haben, m\u00fcssen sie sie nur noch in den Ofen schieben, damit sie schrumpfen und dicker und stabiler werden. Eine lustige Aktivit\u00e4t, die einfache Zeichnungen in echte, [&hellip;]","og_url":"https:\/\/ses-creative.com\/de\/produkt\/harry-potter-zauberschrumpffolien-armbaender\/","og_site_name":"SES Creative","article_modified_time":"2026-02-06T09:51:27+00:00","twitter_card":"summary_large_image","twitter_misc":{"Gesch\u00e4tzte Lesezeit":"1\u00a0Minute"},"schema":{"@context":"https:\/\/schema.org","@graph":[{"@type":"WebPage","@id":"https:\/\/ses-creative.com\/de\/produkt\/harry-potter-zauberschrumpffolien-armbaender\/","url":"https:\/\/ses-creative.com\/de\/produkt\/harry-potter-zauberschrumpffolien-armbaender\/","name":"Harry Potter - Zauberschrumpffolien Armb\u00e4nder - SES Creative","isPartOf":{"@id":"https:\/\/ses-creative.com\/#website"},"primaryImageOfPage":{"@id":"https:\/\/ses-creative.com\/de\/produkt\/harry-potter-zauberschrumpffolien-armbaender\/#primaryimage"},"image":{"@id":"https:\/\/ses-creative.com\/de\/produkt\/harry-potter-zauberschrumpffolien-armbaender\/#primaryimage"},"thumbnailUrl":"https:\/\/ses-creative.com\/wp-content\/uploads\/2026\/01\/093431.jpg","datePublished":"2026-02-05T13:52:27+00:00","dateModified":"2026-02-06T09:51:27+00:00","breadcrumb":{"@id":"https:\/\/ses-creative.com\/de\/produkt\/harry-potter-zauberschrumpffolien-armbaender\/#breadcrumb"},"inLanguage":"de","potentialAction":[{"@type":"ReadAction","target":["https:\/\/ses-creative.com\/de\/produkt\/harry-potter-zauberschrumpffolien-armbaender\/"]}]},{"@type":"ImageObject","inLanguage":"de","@id":"https:\/\/ses-creative.com\/de\/produkt\/harry-potter-zauberschrumpffolien-armbaender\/#primaryimage","url":"https:\/\/ses-creative.com\/wp-content\/uploads\/2026\/01\/093431.jpg","contentUrl":"https:\/\/ses-creative.com\/wp-content\/uploads\/2026\/01\/093431.jpg","width":1000,"height":1000},{"@type":"BreadcrumbList","@id":"https:\/\/ses-creative.com\/de\/produkt\/harry-potter-zauberschrumpffolien-armbaender\/#breadcrumb","itemListElement":[{"@type":"ListItem","position":1,"name":"Shop","item":"https:\/\/ses-creative.com\/de\/shop\/"},{"@type":"ListItem","position":2,"name":"Basteln","item":"https:\/\/ses-creative.com\/de\/product-categorie\/basteln\/"},{"@type":"ListItem","position":3,"name":"Harry Potter &#8211; Zauberschrumpffolien Armb\u00e4nder"}]},{"@type":"WebSite","@id":"https:\/\/ses-creative.com\/#website","url":"https:\/\/ses-creative.com\/","name":"SES Creative","description":"","publisher":{"@id":"https:\/\/ses-creative.com\/#organization"},"potentialAction":[{"@type":"SearchAction","target":{"@type":"EntryPoint","urlTemplate":"https:\/\/ses-creative.com\/?s={search_term_string}"},"query-input":{"@type":"PropertyValueSpecification","valueRequired":true,"valueName":"search_term_string"}}],"inLanguage":"de"},{"@type":"Organization","@id":"https:\/\/ses-creative.com\/#organization","name":"SES Creative","url":"https:\/\/ses-creative.com\/","logo":{"@type":"ImageObject","inLanguage":"de","@id":"https:\/\/ses-creative.com\/#\/schema\/logo\/image\/","url":"https:\/\/ses-creative.com\/wp-content\/uploads\/2025\/10\/ses-creative-logo.jpg","contentUrl":"https:\/\/ses-creative.com\/wp-content\/uploads\/2025\/10\/ses-creative-logo.jpg","width":2037,"height":2037,"caption":"SES Creative"},"image":{"@id":"https:\/\/ses-creative.com\/#\/schema\/logo\/image\/"}}]}},"_links":{"self":[{"href":"https:\/\/ses-creative.com\/de\/wp-json\/wp\/v2\/product\/114567","targetHints":{"allow":["GET"]}}],"collection":[{"href":"https:\/\/ses-creative.com\/de\/wp-json\/wp\/v2\/product"}],"about":[{"href":"https:\/\/ses-creative.com\/de\/wp-json\/wp\/v2\/types\/product"}],"replies":[{"embeddable":true,"href":"https:\/\/ses-creative.com\/de\/wp-json\/wp\/v2\/comments?post=114567"}],"wp:featuredmedia":[{"embeddable":true,"href":"https:\/\/ses-creative.com\/de\/wp-json\/wp\/v2\/media\/100448"}],"wp:attachment":[{"href":"https:\/\/ses-creative.com\/de\/wp-json\/wp\/v2\/media?parent=114567"}],"wp:term":[{"taxonomy":"product_brand","embeddable":true,"href":"https:\/\/ses-creative.com\/de\/wp-json\/wp\/v2\/product_brand?post=114567"},{"taxonomy":"product_cat","embeddable":true,"href":"https:\/\/ses-creative.com\/de\/wp-json\/wp\/v2\/product_cat?post=114567"},{"taxonomy":"product_tag","embeddable":true,"href":"https:\/\/ses-creative.com\/de\/wp-json\/wp\/v2\/product_tag?post=114567"}],"curies":[{"name":"wp","href":"https:\/\/api.w.org\/{rel}","templated":true}]}}