











{"id":114562,"date":"2026-02-05T13:52:26","date_gmt":"2026-02-05T13:52:26","guid":{"rendered":"https:\/\/ses-creative.com\/?post_type=product&#038;p=114562"},"modified":"2026-02-06T09:51:27","modified_gmt":"2026-02-06T09:51:27","slug":"green-beedz-buegelperlenset-triceratops-dino","status":"publish","type":"product","link":"https:\/\/ses-creative.com\/de\/produkt\/green-beedz-buegelperlenset-triceratops-dino\/","title":{"rendered":"Green Beedz &#8211; B\u00fcgelperlenset Triceratops-Dino"},"content":{"rendered":"<p>Green Beedz \u2013 B\u00fcgelperlen Dinosaurier: Basteln Sie coole Dinosaurier mit umweltfreundlichen B\u00fcgelperlen<\/p>\n<p>Mit diesem Green Beedz-Set von SES Creative kannst du drei coole Dinosaurier basteln. Die stabile Triceratops-Basisplatte und 1200 umweltfreundliche B\u00fcgelperlen aus recyceltem Material sorgen daf\u00fcr, dass du wundersch\u00f6ne Figuren gestalten kannst. So verbindest du kreativen Spa\u00df mit einer nachhaltigen Entscheidung. Perfekt f\u00fcr Kinder ab 5 Jahren, die Dinosaurier lieben.<\/p>\n<p>Was dieses Set so toll macht<\/p>\n<p>Inklusive Triceratops-Basisplatte und 1200 \u00d6ko-B\u00fcgelperlen<br \/>\nHergestellt aus recyceltem Material<br \/>\nEntwerfen Sie mehrere Dinosaurierfiguren<br \/>\nGeeignet f\u00fcr Kinder ab 5 Jahren<br \/>\nF\u00f6rdert Kreativit\u00e4t, Feinmotorik und Nachhaltigkeitsbewusstsein<\/p>\n<p>Lassen Sie Ihrer Fantasie freien Lauf<br \/>\nMit diesem umweltfreundlichen Set k\u00f6nnen Kinder ihre eigenen Dinofiguren basteln. Die stabile Unterlage h\u00e4lt die Perlen an ihrem Platz, sodass coole und farbenfrohe Designs entstehen. Eine tolle M\u00f6glichkeit, Kreativit\u00e4t und Nachhaltigkeit zu verbinden.<\/p>\n<p>Inhalt des Sets<\/p>\n<p>1 umweltfreundliche Triceratops-Legetafel<br \/>\n1200 umweltfreundliche B\u00fcgelperlen<br \/>\nB\u00fcgelpapier<\/p>\n<p>Warum SES Creative w\u00e4hlen<br \/>\nBei SES Creative legen wir gro\u00dfen Wert auf Sicherheit und Nachhaltigkeit. Deshalb werden die Produkte in unserer Fabrik in den Niederlanden nach den strengsten europ\u00e4ischen Sicherheitsstandards und unter Ber\u00fccksichtigung der Umwelt hergestellt und getestet. Green Beedz verbindet kreativen Spielspa\u00df mit der Sorge um unseren Planeten.<\/p>\n<p>Beginnen Sie noch heute Ihr Green Beedz-Abenteuer<br \/>\nEntdecke den Spa\u00df am B\u00fcgelperlen und bastle mit diesem nachhaltigen Set die coolsten Dinosaurier. Perfekt f\u00fcr endlosen kreativen und verantwortungsvollen Spielspa\u00df!<\/p>\n","protected":false},"excerpt":{"rendered":"<p>Green Beedz \u2013 B\u00fcgelperlen Dinosaurier: Basteln Sie coole Dinosaurier mit umweltfreundlichen B\u00fcgelperlen Mit diesem Green Beedz-Set von SES Creative kannst du drei coole Dinosaurier basteln. Die stabile Triceratops-Basisplatte und 1200 umweltfreundliche B\u00fcgelperlen aus recyceltem Material sorgen daf\u00fcr, dass du wundersch\u00f6ne Figuren gestalten kannst. So verbindest du kreativen Spa\u00df mit einer nachhaltigen Entscheidung. Perfekt f\u00fcr Kinder [&hellip;]<\/p>\n","protected":false},"featured_media":93992,"comment_status":"closed","ping_status":"closed","template":"","meta":{"_acf_changed":false},"product_brand":[],"product_cat":[118],"product_tag":[],"class_list":{"0":"post-114562","1":"product","2":"type-product","3":"status-publish","4":"has-post-thumbnail","6":"product_cat-buegelperlen","7":"pa_leeftijd-filter-4-6-jahre","8":"pa_meest-populair-bij-jungen-maedchen","10":"first","11":"instock","12":"shipping-taxable","13":"product-type-simple"},"acf":[],"yoast_head":"<!-- This site is optimized with the Yoast SEO plugin v27.2 - https:\/\/yoast.com\/product\/yoast-seo-wordpress\/ -->\n<title>Green Beedz - B\u00fcgelperlenset Triceratops-Dino - SES Creative<\/title>\n<meta name=\"robots\" content=\"index, follow, max-snippet:-1, max-image-preview:large, max-video-preview:-1\" \/>\n<link rel=\"canonical\" href=\"https:\/\/ses-creative.com\/de\/produkt\/green-beedz-buegelperlenset-triceratops-dino\/\" \/>\n<meta property=\"og:locale\" content=\"de_DE\" \/>\n<meta property=\"og:type\" content=\"article\" \/>\n<meta property=\"og:title\" content=\"Green Beedz - B\u00fcgelperlenset Triceratops-Dino - SES Creative\" \/>\n<meta property=\"og:description\" content=\"Green Beedz \u2013 B\u00fcgelperlen Dinosaurier: Basteln Sie coole Dinosaurier mit umweltfreundlichen B\u00fcgelperlen Mit diesem Green Beedz-Set von SES Creative kannst du drei coole Dinosaurier basteln. Die stabile Triceratops-Basisplatte und 1200 umweltfreundliche B\u00fcgelperlen aus recyceltem Material sorgen daf\u00fcr, dass du wundersch\u00f6ne Figuren gestalten kannst. So verbindest du kreativen Spa\u00df mit einer nachhaltigen Entscheidung. Perfekt f\u00fcr Kinder [&hellip;]\" \/>\n<meta property=\"og:url\" content=\"https:\/\/ses-creative.com\/de\/produkt\/green-beedz-buegelperlenset-triceratops-dino\/\" \/>\n<meta property=\"og:site_name\" content=\"SES Creative\" \/>\n<meta property=\"article:modified_time\" content=\"2026-02-06T09:51:27+00:00\" \/>\n<meta name=\"twitter:card\" content=\"summary_large_image\" \/>\n<meta name=\"twitter:label1\" content=\"Gesch\u00e4tzte Lesezeit\" \/>\n\t<meta name=\"twitter:data1\" content=\"1\u00a0Minute\" \/>\n<script type=\"application\/ld+json\" class=\"yoast-schema-graph\">{\"@context\":\"https:\/\/schema.org\",\"@graph\":[{\"@type\":\"WebPage\",\"@id\":\"https:\/\/ses-creative.com\/de\/produkt\/green-beedz-buegelperlenset-triceratops-dino\/\",\"url\":\"https:\/\/ses-creative.com\/de\/produkt\/green-beedz-buegelperlenset-triceratops-dino\/\",\"name\":\"Green Beedz - B\u00fcgelperlenset Triceratops-Dino - SES Creative\",\"isPartOf\":{\"@id\":\"https:\/\/ses-creative.com\/#website\"},\"primaryImageOfPage\":{\"@id\":\"https:\/\/ses-creative.com\/de\/produkt\/green-beedz-buegelperlenset-triceratops-dino\/#primaryimage\"},\"image\":{\"@id\":\"https:\/\/ses-creative.com\/de\/produkt\/green-beedz-buegelperlenset-triceratops-dino\/#primaryimage\"},\"thumbnailUrl\":\"https:\/\/ses-creative.com\/wp-content\/uploads\/2026\/01\/064051.jpg\",\"datePublished\":\"2026-02-05T13:52:26+00:00\",\"dateModified\":\"2026-02-06T09:51:27+00:00\",\"breadcrumb\":{\"@id\":\"https:\/\/ses-creative.com\/de\/produkt\/green-beedz-buegelperlenset-triceratops-dino\/#breadcrumb\"},\"inLanguage\":\"de\",\"potentialAction\":[{\"@type\":\"ReadAction\",\"target\":[\"https:\/\/ses-creative.com\/de\/produkt\/green-beedz-buegelperlenset-triceratops-dino\/\"]}]},{\"@type\":\"ImageObject\",\"inLanguage\":\"de\",\"@id\":\"https:\/\/ses-creative.com\/de\/produkt\/green-beedz-buegelperlenset-triceratops-dino\/#primaryimage\",\"url\":\"https:\/\/ses-creative.com\/wp-content\/uploads\/2026\/01\/064051.jpg\",\"contentUrl\":\"https:\/\/ses-creative.com\/wp-content\/uploads\/2026\/01\/064051.jpg\",\"width\":1000,\"height\":1000},{\"@type\":\"BreadcrumbList\",\"@id\":\"https:\/\/ses-creative.com\/de\/produkt\/green-beedz-buegelperlenset-triceratops-dino\/#breadcrumb\",\"itemListElement\":[{\"@type\":\"ListItem\",\"position\":1,\"name\":\"Shop\",\"item\":\"https:\/\/ses-creative.com\/de\/shop\/\"},{\"@type\":\"ListItem\",\"position\":2,\"name\":\"B\u00fcgelperlen\",\"item\":\"https:\/\/ses-creative.com\/de\/product-categorie\/buegelperlen\/\"},{\"@type\":\"ListItem\",\"position\":3,\"name\":\"Green Beedz &#8211; B\u00fcgelperlenset Triceratops-Dino\"}]},{\"@type\":\"WebSite\",\"@id\":\"https:\/\/ses-creative.com\/#website\",\"url\":\"https:\/\/ses-creative.com\/\",\"name\":\"SES Creative\",\"description\":\"\",\"publisher\":{\"@id\":\"https:\/\/ses-creative.com\/#organization\"},\"potentialAction\":[{\"@type\":\"SearchAction\",\"target\":{\"@type\":\"EntryPoint\",\"urlTemplate\":\"https:\/\/ses-creative.com\/?s={search_term_string}\"},\"query-input\":{\"@type\":\"PropertyValueSpecification\",\"valueRequired\":true,\"valueName\":\"search_term_string\"}}],\"inLanguage\":\"de\"},{\"@type\":\"Organization\",\"@id\":\"https:\/\/ses-creative.com\/#organization\",\"name\":\"SES Creative\",\"url\":\"https:\/\/ses-creative.com\/\",\"logo\":{\"@type\":\"ImageObject\",\"inLanguage\":\"de\",\"@id\":\"https:\/\/ses-creative.com\/#\/schema\/logo\/image\/\",\"url\":\"https:\/\/ses-creative.com\/wp-content\/uploads\/2025\/10\/ses-creative-logo.jpg\",\"contentUrl\":\"https:\/\/ses-creative.com\/wp-content\/uploads\/2025\/10\/ses-creative-logo.jpg\",\"width\":2037,\"height\":2037,\"caption\":\"SES Creative\"},\"image\":{\"@id\":\"https:\/\/ses-creative.com\/#\/schema\/logo\/image\/\"}}]}<\/script>\n<!-- \/ Yoast SEO plugin. -->","yoast_head_json":{"title":"Green Beedz - B\u00fcgelperlenset Triceratops-Dino - SES Creative","robots":{"index":"index","follow":"follow","max-snippet":"max-snippet:-1","max-image-preview":"max-image-preview:large","max-video-preview":"max-video-preview:-1"},"canonical":"https:\/\/ses-creative.com\/de\/produkt\/green-beedz-buegelperlenset-triceratops-dino\/","og_locale":"de_DE","og_type":"article","og_title":"Green Beedz - B\u00fcgelperlenset Triceratops-Dino - SES Creative","og_description":"Green Beedz \u2013 B\u00fcgelperlen Dinosaurier: Basteln Sie coole Dinosaurier mit umweltfreundlichen B\u00fcgelperlen Mit diesem Green Beedz-Set von SES Creative kannst du drei coole Dinosaurier basteln. Die stabile Triceratops-Basisplatte und 1200 umweltfreundliche B\u00fcgelperlen aus recyceltem Material sorgen daf\u00fcr, dass du wundersch\u00f6ne Figuren gestalten kannst. So verbindest du kreativen Spa\u00df mit einer nachhaltigen Entscheidung. Perfekt f\u00fcr Kinder [&hellip;]","og_url":"https:\/\/ses-creative.com\/de\/produkt\/green-beedz-buegelperlenset-triceratops-dino\/","og_site_name":"SES Creative","article_modified_time":"2026-02-06T09:51:27+00:00","twitter_card":"summary_large_image","twitter_misc":{"Gesch\u00e4tzte Lesezeit":"1\u00a0Minute"},"schema":{"@context":"https:\/\/schema.org","@graph":[{"@type":"WebPage","@id":"https:\/\/ses-creative.com\/de\/produkt\/green-beedz-buegelperlenset-triceratops-dino\/","url":"https:\/\/ses-creative.com\/de\/produkt\/green-beedz-buegelperlenset-triceratops-dino\/","name":"Green Beedz - B\u00fcgelperlenset Triceratops-Dino - SES Creative","isPartOf":{"@id":"https:\/\/ses-creative.com\/#website"},"primaryImageOfPage":{"@id":"https:\/\/ses-creative.com\/de\/produkt\/green-beedz-buegelperlenset-triceratops-dino\/#primaryimage"},"image":{"@id":"https:\/\/ses-creative.com\/de\/produkt\/green-beedz-buegelperlenset-triceratops-dino\/#primaryimage"},"thumbnailUrl":"https:\/\/ses-creative.com\/wp-content\/uploads\/2026\/01\/064051.jpg","datePublished":"2026-02-05T13:52:26+00:00","dateModified":"2026-02-06T09:51:27+00:00","breadcrumb":{"@id":"https:\/\/ses-creative.com\/de\/produkt\/green-beedz-buegelperlenset-triceratops-dino\/#breadcrumb"},"inLanguage":"de","potentialAction":[{"@type":"ReadAction","target":["https:\/\/ses-creative.com\/de\/produkt\/green-beedz-buegelperlenset-triceratops-dino\/"]}]},{"@type":"ImageObject","inLanguage":"de","@id":"https:\/\/ses-creative.com\/de\/produkt\/green-beedz-buegelperlenset-triceratops-dino\/#primaryimage","url":"https:\/\/ses-creative.com\/wp-content\/uploads\/2026\/01\/064051.jpg","contentUrl":"https:\/\/ses-creative.com\/wp-content\/uploads\/2026\/01\/064051.jpg","width":1000,"height":1000},{"@type":"BreadcrumbList","@id":"https:\/\/ses-creative.com\/de\/produkt\/green-beedz-buegelperlenset-triceratops-dino\/#breadcrumb","itemListElement":[{"@type":"ListItem","position":1,"name":"Shop","item":"https:\/\/ses-creative.com\/de\/shop\/"},{"@type":"ListItem","position":2,"name":"B\u00fcgelperlen","item":"https:\/\/ses-creative.com\/de\/product-categorie\/buegelperlen\/"},{"@type":"ListItem","position":3,"name":"Green Beedz &#8211; B\u00fcgelperlenset Triceratops-Dino"}]},{"@type":"WebSite","@id":"https:\/\/ses-creative.com\/#website","url":"https:\/\/ses-creative.com\/","name":"SES Creative","description":"","publisher":{"@id":"https:\/\/ses-creative.com\/#organization"},"potentialAction":[{"@type":"SearchAction","target":{"@type":"EntryPoint","urlTemplate":"https:\/\/ses-creative.com\/?s={search_term_string}"},"query-input":{"@type":"PropertyValueSpecification","valueRequired":true,"valueName":"search_term_string"}}],"inLanguage":"de"},{"@type":"Organization","@id":"https:\/\/ses-creative.com\/#organization","name":"SES Creative","url":"https:\/\/ses-creative.com\/","logo":{"@type":"ImageObject","inLanguage":"de","@id":"https:\/\/ses-creative.com\/#\/schema\/logo\/image\/","url":"https:\/\/ses-creative.com\/wp-content\/uploads\/2025\/10\/ses-creative-logo.jpg","contentUrl":"https:\/\/ses-creative.com\/wp-content\/uploads\/2025\/10\/ses-creative-logo.jpg","width":2037,"height":2037,"caption":"SES Creative"},"image":{"@id":"https:\/\/ses-creative.com\/#\/schema\/logo\/image\/"}}]}},"_links":{"self":[{"href":"https:\/\/ses-creative.com\/de\/wp-json\/wp\/v2\/product\/114562","targetHints":{"allow":["GET"]}}],"collection":[{"href":"https:\/\/ses-creative.com\/de\/wp-json\/wp\/v2\/product"}],"about":[{"href":"https:\/\/ses-creative.com\/de\/wp-json\/wp\/v2\/types\/product"}],"replies":[{"embeddable":true,"href":"https:\/\/ses-creative.com\/de\/wp-json\/wp\/v2\/comments?post=114562"}],"wp:featuredmedia":[{"embeddable":true,"href":"https:\/\/ses-creative.com\/de\/wp-json\/wp\/v2\/media\/93992"}],"wp:attachment":[{"href":"https:\/\/ses-creative.com\/de\/wp-json\/wp\/v2\/media?parent=114562"}],"wp:term":[{"taxonomy":"product_brand","embeddable":true,"href":"https:\/\/ses-creative.com\/de\/wp-json\/wp\/v2\/product_brand?post=114562"},{"taxonomy":"product_cat","embeddable":true,"href":"https:\/\/ses-creative.com\/de\/wp-json\/wp\/v2\/product_cat?post=114562"},{"taxonomy":"product_tag","embeddable":true,"href":"https:\/\/ses-creative.com\/de\/wp-json\/wp\/v2\/product_tag?post=114562"}],"curies":[{"name":"wp","href":"https:\/\/api.w.org\/{rel}","templated":true}]}}