











{"id":114560,"date":"2026-02-05T13:52:26","date_gmt":"2026-02-05T13:52:26","guid":{"rendered":"https:\/\/ses-creative.com\/?post_type=product&#038;p=114560"},"modified":"2026-02-06T09:51:26","modified_gmt":"2026-02-06T09:51:26","slug":"green-beedz-buegelperlen-stiftplatten-4x-sortiert","status":"publish","type":"product","link":"https:\/\/ses-creative.com\/de\/produkt\/green-beedz-buegelperlen-stiftplatten-4x-sortiert\/","title":{"rendered":"Green Beedz &#8211; B\u00fcgelperlen Stiftplatten 4x sortiert"},"content":{"rendered":"<p>Green Beedz \u2013 4 B\u00fcgelperlen-Grundplatten: Gestalte deine eigenen Kreationen mit umweltfreundlichen Legebrettern<\/p>\n<p>Mit diesem Green Beedz-Set von SES Creative kannst du auf umweltfreundliche Weise die sch\u00f6nsten Kreationen gestalten. Die vier Grundplatten bestehen aus recyceltem Material und bieten unendliche M\u00f6glichkeiten f\u00fcr kreative Designs. Perfekt f\u00fcr Kinder ab 5 Jahren, die gerne basteln und sich bewusst mit Nachhaltigkeit besch\u00e4ftigen m\u00f6chten.<\/p>\n<p>Was dieses Set so gro\u00dfartig macht<\/p>\n<p>4 \u00d6ko-Bausteine: Sechseck, Quadrat, Stern und Kreis<br \/>\nAus recyceltem Material hergestellt<br \/>\nKompatibel mit allen SES-B\u00fcgelperlen<br \/>\nGeeignet f\u00fcr Kinder ab 5 Jahren<br \/>\nF\u00f6rdert Kreativit\u00e4t, Feinmotorik und Nachhaltigkeitsbewusstsein<\/p>\n<p>Lassen Sie Ihrer Fantasie freien Lauf<br \/>\nMit diesem Set k\u00f6nnen Kinder ihre eigenen farbenfrohen Designs auf umweltfreundlichen Grundplatten gestalten. Die verschiedenen Formen sorgen f\u00fcr viel Abwechslung und kreativen Spa\u00df, w\u00e4hrend sie gleichzeitig lernen, nachhaltig zu handeln.<\/p>\n<p>Inhalt des Sets<\/p>\n<p>1 \u00f6kologische Legeplatte, sechseckig<br \/>\n1 \u00f6kologische Legeplatte, quadratisch<br \/>\n1 \u00d6ko-Regalboden Stern<br \/>\n1 \u00d6ko-Regalboden Kreis<\/p>\n<p>Warum SES Creative w\u00e4hlen<br \/>\nBei SES Creative legen wir gro\u00dfen Wert auf Sicherheit und Nachhaltigkeit. Deshalb werden die Produkte in unserer Fabrik in den Niederlanden nach den strengsten europ\u00e4ischen Sicherheitsnormen und unter Ber\u00fccksichtigung der Umwelt hergestellt und getestet. Green Beedz verbindet kreativen Spielspa\u00df mit der Sorge um unseren Planeten.<\/p>\n<p>Beginnen Sie noch heute Ihr Green Beedz-Abenteuer<br \/>\nEntdecken Sie den Spa\u00df an B\u00fcgelperlen und gestalten Sie mit diesen umweltfreundlichen Grundplatten die sch\u00f6nsten \u00d6ko-Kreationen. Perfekt f\u00fcr endlosen kreativen und nachhaltigen Spielspa\u00df!<\/p>\n","protected":false},"excerpt":{"rendered":"<p>Green Beedz \u2013 4 B\u00fcgelperlen-Grundplatten: Gestalte deine eigenen Kreationen mit umweltfreundlichen Legebrettern Mit diesem Green Beedz-Set von SES Creative kannst du auf umweltfreundliche Weise die sch\u00f6nsten Kreationen gestalten. Die vier Grundplatten bestehen aus recyceltem Material und bieten unendliche M\u00f6glichkeiten f\u00fcr kreative Designs. Perfekt f\u00fcr Kinder ab 5 Jahren, die gerne basteln und sich bewusst mit [&hellip;]<\/p>\n","protected":false},"featured_media":93952,"comment_status":"closed","ping_status":"closed","template":"","meta":{"_acf_changed":false},"product_brand":[],"product_cat":[118],"product_tag":[],"class_list":{"0":"post-114560","1":"product","2":"type-product","3":"status-publish","4":"has-post-thumbnail","6":"product_cat-buegelperlen","7":"pa_leeftijd-filter-4-6-jahre","8":"pa_meest-populair-bij-jungen-maedchen","10":"first","11":"instock","12":"shipping-taxable","13":"product-type-simple"},"acf":[],"yoast_head":"<!-- This site is optimized with the Yoast SEO plugin v27.2 - https:\/\/yoast.com\/product\/yoast-seo-wordpress\/ -->\n<title>Green Beedz - B\u00fcgelperlen Stiftplatten 4x sortiert - SES Creative<\/title>\n<meta name=\"robots\" content=\"index, follow, max-snippet:-1, max-image-preview:large, max-video-preview:-1\" \/>\n<link rel=\"canonical\" href=\"https:\/\/ses-creative.com\/de\/produkt\/green-beedz-buegelperlen-stiftplatten-4x-sortiert\/\" \/>\n<meta property=\"og:locale\" content=\"de_DE\" \/>\n<meta property=\"og:type\" content=\"article\" \/>\n<meta property=\"og:title\" content=\"Green Beedz - B\u00fcgelperlen Stiftplatten 4x sortiert - SES Creative\" \/>\n<meta property=\"og:description\" content=\"Green Beedz \u2013 4 B\u00fcgelperlen-Grundplatten: Gestalte deine eigenen Kreationen mit umweltfreundlichen Legebrettern Mit diesem Green Beedz-Set von SES Creative kannst du auf umweltfreundliche Weise die sch\u00f6nsten Kreationen gestalten. Die vier Grundplatten bestehen aus recyceltem Material und bieten unendliche M\u00f6glichkeiten f\u00fcr kreative Designs. Perfekt f\u00fcr Kinder ab 5 Jahren, die gerne basteln und sich bewusst mit [&hellip;]\" \/>\n<meta property=\"og:url\" content=\"https:\/\/ses-creative.com\/de\/produkt\/green-beedz-buegelperlen-stiftplatten-4x-sortiert\/\" \/>\n<meta property=\"og:site_name\" content=\"SES Creative\" \/>\n<meta property=\"article:modified_time\" content=\"2026-02-06T09:51:26+00:00\" \/>\n<meta name=\"twitter:card\" content=\"summary_large_image\" \/>\n<meta name=\"twitter:label1\" content=\"Gesch\u00e4tzte Lesezeit\" \/>\n\t<meta name=\"twitter:data1\" content=\"1\u00a0Minute\" \/>\n<script type=\"application\/ld+json\" class=\"yoast-schema-graph\">{\"@context\":\"https:\/\/schema.org\",\"@graph\":[{\"@type\":\"WebPage\",\"@id\":\"https:\/\/ses-creative.com\/de\/produkt\/green-beedz-buegelperlen-stiftplatten-4x-sortiert\/\",\"url\":\"https:\/\/ses-creative.com\/de\/produkt\/green-beedz-buegelperlen-stiftplatten-4x-sortiert\/\",\"name\":\"Green Beedz - B\u00fcgelperlen Stiftplatten 4x sortiert - SES Creative\",\"isPartOf\":{\"@id\":\"https:\/\/ses-creative.com\/#website\"},\"primaryImageOfPage\":{\"@id\":\"https:\/\/ses-creative.com\/de\/produkt\/green-beedz-buegelperlen-stiftplatten-4x-sortiert\/#primaryimage\"},\"image\":{\"@id\":\"https:\/\/ses-creative.com\/de\/produkt\/green-beedz-buegelperlen-stiftplatten-4x-sortiert\/#primaryimage\"},\"thumbnailUrl\":\"https:\/\/ses-creative.com\/wp-content\/uploads\/2026\/01\/064031.jpg\",\"datePublished\":\"2026-02-05T13:52:26+00:00\",\"dateModified\":\"2026-02-06T09:51:26+00:00\",\"breadcrumb\":{\"@id\":\"https:\/\/ses-creative.com\/de\/produkt\/green-beedz-buegelperlen-stiftplatten-4x-sortiert\/#breadcrumb\"},\"inLanguage\":\"de\",\"potentialAction\":[{\"@type\":\"ReadAction\",\"target\":[\"https:\/\/ses-creative.com\/de\/produkt\/green-beedz-buegelperlen-stiftplatten-4x-sortiert\/\"]}]},{\"@type\":\"ImageObject\",\"inLanguage\":\"de\",\"@id\":\"https:\/\/ses-creative.com\/de\/produkt\/green-beedz-buegelperlen-stiftplatten-4x-sortiert\/#primaryimage\",\"url\":\"https:\/\/ses-creative.com\/wp-content\/uploads\/2026\/01\/064031.jpg\",\"contentUrl\":\"https:\/\/ses-creative.com\/wp-content\/uploads\/2026\/01\/064031.jpg\",\"width\":1000,\"height\":1000},{\"@type\":\"BreadcrumbList\",\"@id\":\"https:\/\/ses-creative.com\/de\/produkt\/green-beedz-buegelperlen-stiftplatten-4x-sortiert\/#breadcrumb\",\"itemListElement\":[{\"@type\":\"ListItem\",\"position\":1,\"name\":\"Shop\",\"item\":\"https:\/\/ses-creative.com\/de\/shop\/\"},{\"@type\":\"ListItem\",\"position\":2,\"name\":\"B\u00fcgelperlen\",\"item\":\"https:\/\/ses-creative.com\/de\/product-categorie\/buegelperlen\/\"},{\"@type\":\"ListItem\",\"position\":3,\"name\":\"Green Beedz &#8211; B\u00fcgelperlen Stiftplatten 4x sortiert\"}]},{\"@type\":\"WebSite\",\"@id\":\"https:\/\/ses-creative.com\/#website\",\"url\":\"https:\/\/ses-creative.com\/\",\"name\":\"SES Creative\",\"description\":\"\",\"publisher\":{\"@id\":\"https:\/\/ses-creative.com\/#organization\"},\"potentialAction\":[{\"@type\":\"SearchAction\",\"target\":{\"@type\":\"EntryPoint\",\"urlTemplate\":\"https:\/\/ses-creative.com\/?s={search_term_string}\"},\"query-input\":{\"@type\":\"PropertyValueSpecification\",\"valueRequired\":true,\"valueName\":\"search_term_string\"}}],\"inLanguage\":\"de\"},{\"@type\":\"Organization\",\"@id\":\"https:\/\/ses-creative.com\/#organization\",\"name\":\"SES Creative\",\"url\":\"https:\/\/ses-creative.com\/\",\"logo\":{\"@type\":\"ImageObject\",\"inLanguage\":\"de\",\"@id\":\"https:\/\/ses-creative.com\/#\/schema\/logo\/image\/\",\"url\":\"https:\/\/ses-creative.com\/wp-content\/uploads\/2025\/10\/ses-creative-logo.jpg\",\"contentUrl\":\"https:\/\/ses-creative.com\/wp-content\/uploads\/2025\/10\/ses-creative-logo.jpg\",\"width\":2037,\"height\":2037,\"caption\":\"SES Creative\"},\"image\":{\"@id\":\"https:\/\/ses-creative.com\/#\/schema\/logo\/image\/\"}}]}<\/script>\n<!-- \/ Yoast SEO plugin. -->","yoast_head_json":{"title":"Green Beedz - B\u00fcgelperlen Stiftplatten 4x sortiert - SES Creative","robots":{"index":"index","follow":"follow","max-snippet":"max-snippet:-1","max-image-preview":"max-image-preview:large","max-video-preview":"max-video-preview:-1"},"canonical":"https:\/\/ses-creative.com\/de\/produkt\/green-beedz-buegelperlen-stiftplatten-4x-sortiert\/","og_locale":"de_DE","og_type":"article","og_title":"Green Beedz - B\u00fcgelperlen Stiftplatten 4x sortiert - SES Creative","og_description":"Green Beedz \u2013 4 B\u00fcgelperlen-Grundplatten: Gestalte deine eigenen Kreationen mit umweltfreundlichen Legebrettern Mit diesem Green Beedz-Set von SES Creative kannst du auf umweltfreundliche Weise die sch\u00f6nsten Kreationen gestalten. Die vier Grundplatten bestehen aus recyceltem Material und bieten unendliche M\u00f6glichkeiten f\u00fcr kreative Designs. Perfekt f\u00fcr Kinder ab 5 Jahren, die gerne basteln und sich bewusst mit [&hellip;]","og_url":"https:\/\/ses-creative.com\/de\/produkt\/green-beedz-buegelperlen-stiftplatten-4x-sortiert\/","og_site_name":"SES Creative","article_modified_time":"2026-02-06T09:51:26+00:00","twitter_card":"summary_large_image","twitter_misc":{"Gesch\u00e4tzte Lesezeit":"1\u00a0Minute"},"schema":{"@context":"https:\/\/schema.org","@graph":[{"@type":"WebPage","@id":"https:\/\/ses-creative.com\/de\/produkt\/green-beedz-buegelperlen-stiftplatten-4x-sortiert\/","url":"https:\/\/ses-creative.com\/de\/produkt\/green-beedz-buegelperlen-stiftplatten-4x-sortiert\/","name":"Green Beedz - B\u00fcgelperlen Stiftplatten 4x sortiert - SES Creative","isPartOf":{"@id":"https:\/\/ses-creative.com\/#website"},"primaryImageOfPage":{"@id":"https:\/\/ses-creative.com\/de\/produkt\/green-beedz-buegelperlen-stiftplatten-4x-sortiert\/#primaryimage"},"image":{"@id":"https:\/\/ses-creative.com\/de\/produkt\/green-beedz-buegelperlen-stiftplatten-4x-sortiert\/#primaryimage"},"thumbnailUrl":"https:\/\/ses-creative.com\/wp-content\/uploads\/2026\/01\/064031.jpg","datePublished":"2026-02-05T13:52:26+00:00","dateModified":"2026-02-06T09:51:26+00:00","breadcrumb":{"@id":"https:\/\/ses-creative.com\/de\/produkt\/green-beedz-buegelperlen-stiftplatten-4x-sortiert\/#breadcrumb"},"inLanguage":"de","potentialAction":[{"@type":"ReadAction","target":["https:\/\/ses-creative.com\/de\/produkt\/green-beedz-buegelperlen-stiftplatten-4x-sortiert\/"]}]},{"@type":"ImageObject","inLanguage":"de","@id":"https:\/\/ses-creative.com\/de\/produkt\/green-beedz-buegelperlen-stiftplatten-4x-sortiert\/#primaryimage","url":"https:\/\/ses-creative.com\/wp-content\/uploads\/2026\/01\/064031.jpg","contentUrl":"https:\/\/ses-creative.com\/wp-content\/uploads\/2026\/01\/064031.jpg","width":1000,"height":1000},{"@type":"BreadcrumbList","@id":"https:\/\/ses-creative.com\/de\/produkt\/green-beedz-buegelperlen-stiftplatten-4x-sortiert\/#breadcrumb","itemListElement":[{"@type":"ListItem","position":1,"name":"Shop","item":"https:\/\/ses-creative.com\/de\/shop\/"},{"@type":"ListItem","position":2,"name":"B\u00fcgelperlen","item":"https:\/\/ses-creative.com\/de\/product-categorie\/buegelperlen\/"},{"@type":"ListItem","position":3,"name":"Green Beedz &#8211; B\u00fcgelperlen Stiftplatten 4x sortiert"}]},{"@type":"WebSite","@id":"https:\/\/ses-creative.com\/#website","url":"https:\/\/ses-creative.com\/","name":"SES Creative","description":"","publisher":{"@id":"https:\/\/ses-creative.com\/#organization"},"potentialAction":[{"@type":"SearchAction","target":{"@type":"EntryPoint","urlTemplate":"https:\/\/ses-creative.com\/?s={search_term_string}"},"query-input":{"@type":"PropertyValueSpecification","valueRequired":true,"valueName":"search_term_string"}}],"inLanguage":"de"},{"@type":"Organization","@id":"https:\/\/ses-creative.com\/#organization","name":"SES Creative","url":"https:\/\/ses-creative.com\/","logo":{"@type":"ImageObject","inLanguage":"de","@id":"https:\/\/ses-creative.com\/#\/schema\/logo\/image\/","url":"https:\/\/ses-creative.com\/wp-content\/uploads\/2025\/10\/ses-creative-logo.jpg","contentUrl":"https:\/\/ses-creative.com\/wp-content\/uploads\/2025\/10\/ses-creative-logo.jpg","width":2037,"height":2037,"caption":"SES Creative"},"image":{"@id":"https:\/\/ses-creative.com\/#\/schema\/logo\/image\/"}}]}},"_links":{"self":[{"href":"https:\/\/ses-creative.com\/de\/wp-json\/wp\/v2\/product\/114560","targetHints":{"allow":["GET"]}}],"collection":[{"href":"https:\/\/ses-creative.com\/de\/wp-json\/wp\/v2\/product"}],"about":[{"href":"https:\/\/ses-creative.com\/de\/wp-json\/wp\/v2\/types\/product"}],"replies":[{"embeddable":true,"href":"https:\/\/ses-creative.com\/de\/wp-json\/wp\/v2\/comments?post=114560"}],"wp:featuredmedia":[{"embeddable":true,"href":"https:\/\/ses-creative.com\/de\/wp-json\/wp\/v2\/media\/93952"}],"wp:attachment":[{"href":"https:\/\/ses-creative.com\/de\/wp-json\/wp\/v2\/media?parent=114560"}],"wp:term":[{"taxonomy":"product_brand","embeddable":true,"href":"https:\/\/ses-creative.com\/de\/wp-json\/wp\/v2\/product_brand?post=114560"},{"taxonomy":"product_cat","embeddable":true,"href":"https:\/\/ses-creative.com\/de\/wp-json\/wp\/v2\/product_cat?post=114560"},{"taxonomy":"product_tag","embeddable":true,"href":"https:\/\/ses-creative.com\/de\/wp-json\/wp\/v2\/product_tag?post=114560"}],"curies":[{"name":"wp","href":"https:\/\/api.w.org\/{rel}","templated":true}]}}