











{"id":114557,"date":"2026-02-05T13:52:25","date_gmt":"2026-02-05T13:52:25","guid":{"rendered":"https:\/\/ses-creative.com\/?post_type=product&#038;p=114557"},"modified":"2026-02-06T09:51:26","modified_gmt":"2026-02-06T09:51:26","slug":"hexagon-stiftplatte-verbindbar-3x","status":"publish","type":"product","link":"https:\/\/ses-creative.com\/de\/produkt\/hexagon-stiftplatte-verbindbar-3x\/","title":{"rendered":"Hexagon Stiftplatte verbindbar 3x"},"content":{"rendered":"<p>Beedz \u2013 Sechseckige Grundplatten 3 St\u00fcck: Kreieren Sie einzigartige B\u00fcgelperlen-Kunstwerke<\/p>\n<p>Mit diesem Beedz-Set von SES Creative kannst du die sch\u00f6nsten B\u00fcgelperlen-Kreationen mit einem modernen Touch gestalten. Die drei verbindbaren Hexagon-Grundplatten bieten unendlich viele M\u00f6glichkeiten, Muster und Designs zu erstellen. Durch die besondere sechseckige Form erhalten deine Kunstwerke einen zeitgem\u00e4\u00dfen Look. Perfekt f\u00fcr Kinder ab 5 Jahren, die gerne basteln und etwas Besonderes schaffen m\u00f6chten.<\/p>\n<p>Was dieses Set so toll macht<\/p>\n<p>Enth\u00e4lt 3 miteinander verbindbare sechseckige Grundplatten<br \/>\nKombinierbar f\u00fcr gr\u00f6\u00dfere und komplexere Kunstwerke<br \/>\nEinzigartige sechseckige Form f\u00fcr kreative Freiheit<br \/>\nGeeignet f\u00fcr Kinder ab 5 Jahren<br \/>\nF\u00f6rdert Kreativit\u00e4t und Feinmotorik<\/p>\n<p>Lassen Sie Ihrer Fantasie freien Lauf<br \/>\nMit diesem Set k\u00f6nnen Kinder ihre eigenen modernen Designs kreieren. Durch einfaches Aneinanderreihen der Platten entsteht eine gro\u00dfe Fl\u00e4che, auf der Muster oder farbenfrohe Kunstwerke entstehen k\u00f6nnen. Eine ideale M\u00f6glichkeit, kreativ zu sein und den eigenen Stil zu entdecken.<\/p>\n<p>Inhalt des Sets<\/p>\n<p>3 miteinander verbindbare sechseckige B\u00fcgelperlen-Grundplatten<\/p>\n<p>Warum SES Creative<br \/>\nBei SES Creative legen wir gro\u00dfen Wert auf Sicherheit. Deshalb werden die Produkte in unserem Werk in den Niederlanden nach den strengsten europ\u00e4ischen Sicherheitsnormen hergestellt und getestet. Spielzeug von SES Creative macht Spa\u00df und soll Kindern ein Gef\u00fchl des Stolzes auf ihre Arbeit vermitteln, was ihre Kreativit\u00e4t und Entwicklung f\u00f6rdert.<\/p>\n<p>Beginnen Sie noch heute Ihr Beedz-Abenteuer<br \/>\nEntdecken Sie, wie viel Spa\u00df es macht, mit diesen sechseckigen Grundplatten einzigartige Kunstwerke aus B\u00fcgelperlen zu gestalten. Kombinieren, entwerfen und b\u00fcgeln Sie Ihr Meisterwerk \u2013 die M\u00f6glichkeiten sind endlos!<\/p>\n","protected":false},"excerpt":{"rendered":"<p>Beedz \u2013 Sechseckige Grundplatten 3 St\u00fcck: Kreieren Sie einzigartige B\u00fcgelperlen-Kunstwerke Mit diesem Beedz-Set von SES Creative kannst du die sch\u00f6nsten B\u00fcgelperlen-Kreationen mit einem modernen Touch gestalten. Die drei verbindbaren Hexagon-Grundplatten bieten unendlich viele M\u00f6glichkeiten, Muster und Designs zu erstellen. Durch die besondere sechseckige Form erhalten deine Kunstwerke einen zeitgem\u00e4\u00dfen Look. Perfekt f\u00fcr Kinder ab 5 [&hellip;]<\/p>\n","protected":false},"featured_media":93932,"comment_status":"closed","ping_status":"closed","template":"","meta":{"_acf_changed":false},"product_brand":[],"product_cat":[118],"product_tag":[],"class_list":{"0":"post-114557","1":"product","2":"type-product","3":"status-publish","4":"has-post-thumbnail","6":"product_cat-buegelperlen","7":"pa_leeftijd-filter-4-6-jahre","8":"pa_meest-populair-bij-jungen-maedchen","10":"first","11":"instock","12":"shipping-taxable","13":"product-type-simple"},"acf":[],"yoast_head":"<!-- This site is optimized with the Yoast SEO plugin v27.2 - https:\/\/yoast.com\/product\/yoast-seo-wordpress\/ -->\n<title>Hexagon Stiftplatte verbindbar 3x - SES Creative<\/title>\n<meta name=\"robots\" content=\"index, follow, max-snippet:-1, max-image-preview:large, max-video-preview:-1\" \/>\n<link rel=\"canonical\" href=\"https:\/\/ses-creative.com\/de\/produkt\/hexagon-stiftplatte-verbindbar-3x\/\" \/>\n<meta property=\"og:locale\" content=\"de_DE\" \/>\n<meta property=\"og:type\" content=\"article\" \/>\n<meta property=\"og:title\" content=\"Hexagon Stiftplatte verbindbar 3x - SES Creative\" \/>\n<meta property=\"og:description\" content=\"Beedz \u2013 Sechseckige Grundplatten 3 St\u00fcck: Kreieren Sie einzigartige B\u00fcgelperlen-Kunstwerke Mit diesem Beedz-Set von SES Creative kannst du die sch\u00f6nsten B\u00fcgelperlen-Kreationen mit einem modernen Touch gestalten. Die drei verbindbaren Hexagon-Grundplatten bieten unendlich viele M\u00f6glichkeiten, Muster und Designs zu erstellen. Durch die besondere sechseckige Form erhalten deine Kunstwerke einen zeitgem\u00e4\u00dfen Look. Perfekt f\u00fcr Kinder ab 5 [&hellip;]\" \/>\n<meta property=\"og:url\" content=\"https:\/\/ses-creative.com\/de\/produkt\/hexagon-stiftplatte-verbindbar-3x\/\" \/>\n<meta property=\"og:site_name\" content=\"SES Creative\" \/>\n<meta property=\"article:modified_time\" content=\"2026-02-06T09:51:26+00:00\" \/>\n<meta name=\"twitter:card\" content=\"summary_large_image\" \/>\n<meta name=\"twitter:label1\" content=\"Gesch\u00e4tzte Lesezeit\" \/>\n\t<meta name=\"twitter:data1\" content=\"1\u00a0Minute\" \/>\n<script type=\"application\/ld+json\" class=\"yoast-schema-graph\">{\"@context\":\"https:\/\/schema.org\",\"@graph\":[{\"@type\":\"WebPage\",\"@id\":\"https:\/\/ses-creative.com\/de\/produkt\/hexagon-stiftplatte-verbindbar-3x\/\",\"url\":\"https:\/\/ses-creative.com\/de\/produkt\/hexagon-stiftplatte-verbindbar-3x\/\",\"name\":\"Hexagon Stiftplatte verbindbar 3x - SES Creative\",\"isPartOf\":{\"@id\":\"https:\/\/ses-creative.com\/#website\"},\"primaryImageOfPage\":{\"@id\":\"https:\/\/ses-creative.com\/de\/produkt\/hexagon-stiftplatte-verbindbar-3x\/#primaryimage\"},\"image\":{\"@id\":\"https:\/\/ses-creative.com\/de\/produkt\/hexagon-stiftplatte-verbindbar-3x\/#primaryimage\"},\"thumbnailUrl\":\"https:\/\/ses-creative.com\/wp-content\/uploads\/2026\/01\/063141.jpg\",\"datePublished\":\"2026-02-05T13:52:25+00:00\",\"dateModified\":\"2026-02-06T09:51:26+00:00\",\"breadcrumb\":{\"@id\":\"https:\/\/ses-creative.com\/de\/produkt\/hexagon-stiftplatte-verbindbar-3x\/#breadcrumb\"},\"inLanguage\":\"de\",\"potentialAction\":[{\"@type\":\"ReadAction\",\"target\":[\"https:\/\/ses-creative.com\/de\/produkt\/hexagon-stiftplatte-verbindbar-3x\/\"]}]},{\"@type\":\"ImageObject\",\"inLanguage\":\"de\",\"@id\":\"https:\/\/ses-creative.com\/de\/produkt\/hexagon-stiftplatte-verbindbar-3x\/#primaryimage\",\"url\":\"https:\/\/ses-creative.com\/wp-content\/uploads\/2026\/01\/063141.jpg\",\"contentUrl\":\"https:\/\/ses-creative.com\/wp-content\/uploads\/2026\/01\/063141.jpg\",\"width\":1000,\"height\":1000},{\"@type\":\"BreadcrumbList\",\"@id\":\"https:\/\/ses-creative.com\/de\/produkt\/hexagon-stiftplatte-verbindbar-3x\/#breadcrumb\",\"itemListElement\":[{\"@type\":\"ListItem\",\"position\":1,\"name\":\"Shop\",\"item\":\"https:\/\/ses-creative.com\/de\/shop\/\"},{\"@type\":\"ListItem\",\"position\":2,\"name\":\"B\u00fcgelperlen\",\"item\":\"https:\/\/ses-creative.com\/de\/product-categorie\/buegelperlen\/\"},{\"@type\":\"ListItem\",\"position\":3,\"name\":\"Hexagon Stiftplatte verbindbar 3x\"}]},{\"@type\":\"WebSite\",\"@id\":\"https:\/\/ses-creative.com\/#website\",\"url\":\"https:\/\/ses-creative.com\/\",\"name\":\"SES Creative\",\"description\":\"\",\"publisher\":{\"@id\":\"https:\/\/ses-creative.com\/#organization\"},\"potentialAction\":[{\"@type\":\"SearchAction\",\"target\":{\"@type\":\"EntryPoint\",\"urlTemplate\":\"https:\/\/ses-creative.com\/?s={search_term_string}\"},\"query-input\":{\"@type\":\"PropertyValueSpecification\",\"valueRequired\":true,\"valueName\":\"search_term_string\"}}],\"inLanguage\":\"de\"},{\"@type\":\"Organization\",\"@id\":\"https:\/\/ses-creative.com\/#organization\",\"name\":\"SES Creative\",\"url\":\"https:\/\/ses-creative.com\/\",\"logo\":{\"@type\":\"ImageObject\",\"inLanguage\":\"de\",\"@id\":\"https:\/\/ses-creative.com\/#\/schema\/logo\/image\/\",\"url\":\"https:\/\/ses-creative.com\/wp-content\/uploads\/2025\/10\/ses-creative-logo.jpg\",\"contentUrl\":\"https:\/\/ses-creative.com\/wp-content\/uploads\/2025\/10\/ses-creative-logo.jpg\",\"width\":2037,\"height\":2037,\"caption\":\"SES Creative\"},\"image\":{\"@id\":\"https:\/\/ses-creative.com\/#\/schema\/logo\/image\/\"}}]}<\/script>\n<!-- \/ Yoast SEO plugin. -->","yoast_head_json":{"title":"Hexagon Stiftplatte verbindbar 3x - SES Creative","robots":{"index":"index","follow":"follow","max-snippet":"max-snippet:-1","max-image-preview":"max-image-preview:large","max-video-preview":"max-video-preview:-1"},"canonical":"https:\/\/ses-creative.com\/de\/produkt\/hexagon-stiftplatte-verbindbar-3x\/","og_locale":"de_DE","og_type":"article","og_title":"Hexagon Stiftplatte verbindbar 3x - SES Creative","og_description":"Beedz \u2013 Sechseckige Grundplatten 3 St\u00fcck: Kreieren Sie einzigartige B\u00fcgelperlen-Kunstwerke Mit diesem Beedz-Set von SES Creative kannst du die sch\u00f6nsten B\u00fcgelperlen-Kreationen mit einem modernen Touch gestalten. Die drei verbindbaren Hexagon-Grundplatten bieten unendlich viele M\u00f6glichkeiten, Muster und Designs zu erstellen. Durch die besondere sechseckige Form erhalten deine Kunstwerke einen zeitgem\u00e4\u00dfen Look. Perfekt f\u00fcr Kinder ab 5 [&hellip;]","og_url":"https:\/\/ses-creative.com\/de\/produkt\/hexagon-stiftplatte-verbindbar-3x\/","og_site_name":"SES Creative","article_modified_time":"2026-02-06T09:51:26+00:00","twitter_card":"summary_large_image","twitter_misc":{"Gesch\u00e4tzte Lesezeit":"1\u00a0Minute"},"schema":{"@context":"https:\/\/schema.org","@graph":[{"@type":"WebPage","@id":"https:\/\/ses-creative.com\/de\/produkt\/hexagon-stiftplatte-verbindbar-3x\/","url":"https:\/\/ses-creative.com\/de\/produkt\/hexagon-stiftplatte-verbindbar-3x\/","name":"Hexagon Stiftplatte verbindbar 3x - SES Creative","isPartOf":{"@id":"https:\/\/ses-creative.com\/#website"},"primaryImageOfPage":{"@id":"https:\/\/ses-creative.com\/de\/produkt\/hexagon-stiftplatte-verbindbar-3x\/#primaryimage"},"image":{"@id":"https:\/\/ses-creative.com\/de\/produkt\/hexagon-stiftplatte-verbindbar-3x\/#primaryimage"},"thumbnailUrl":"https:\/\/ses-creative.com\/wp-content\/uploads\/2026\/01\/063141.jpg","datePublished":"2026-02-05T13:52:25+00:00","dateModified":"2026-02-06T09:51:26+00:00","breadcrumb":{"@id":"https:\/\/ses-creative.com\/de\/produkt\/hexagon-stiftplatte-verbindbar-3x\/#breadcrumb"},"inLanguage":"de","potentialAction":[{"@type":"ReadAction","target":["https:\/\/ses-creative.com\/de\/produkt\/hexagon-stiftplatte-verbindbar-3x\/"]}]},{"@type":"ImageObject","inLanguage":"de","@id":"https:\/\/ses-creative.com\/de\/produkt\/hexagon-stiftplatte-verbindbar-3x\/#primaryimage","url":"https:\/\/ses-creative.com\/wp-content\/uploads\/2026\/01\/063141.jpg","contentUrl":"https:\/\/ses-creative.com\/wp-content\/uploads\/2026\/01\/063141.jpg","width":1000,"height":1000},{"@type":"BreadcrumbList","@id":"https:\/\/ses-creative.com\/de\/produkt\/hexagon-stiftplatte-verbindbar-3x\/#breadcrumb","itemListElement":[{"@type":"ListItem","position":1,"name":"Shop","item":"https:\/\/ses-creative.com\/de\/shop\/"},{"@type":"ListItem","position":2,"name":"B\u00fcgelperlen","item":"https:\/\/ses-creative.com\/de\/product-categorie\/buegelperlen\/"},{"@type":"ListItem","position":3,"name":"Hexagon Stiftplatte verbindbar 3x"}]},{"@type":"WebSite","@id":"https:\/\/ses-creative.com\/#website","url":"https:\/\/ses-creative.com\/","name":"SES Creative","description":"","publisher":{"@id":"https:\/\/ses-creative.com\/#organization"},"potentialAction":[{"@type":"SearchAction","target":{"@type":"EntryPoint","urlTemplate":"https:\/\/ses-creative.com\/?s={search_term_string}"},"query-input":{"@type":"PropertyValueSpecification","valueRequired":true,"valueName":"search_term_string"}}],"inLanguage":"de"},{"@type":"Organization","@id":"https:\/\/ses-creative.com\/#organization","name":"SES Creative","url":"https:\/\/ses-creative.com\/","logo":{"@type":"ImageObject","inLanguage":"de","@id":"https:\/\/ses-creative.com\/#\/schema\/logo\/image\/","url":"https:\/\/ses-creative.com\/wp-content\/uploads\/2025\/10\/ses-creative-logo.jpg","contentUrl":"https:\/\/ses-creative.com\/wp-content\/uploads\/2025\/10\/ses-creative-logo.jpg","width":2037,"height":2037,"caption":"SES Creative"},"image":{"@id":"https:\/\/ses-creative.com\/#\/schema\/logo\/image\/"}}]}},"_links":{"self":[{"href":"https:\/\/ses-creative.com\/de\/wp-json\/wp\/v2\/product\/114557","targetHints":{"allow":["GET"]}}],"collection":[{"href":"https:\/\/ses-creative.com\/de\/wp-json\/wp\/v2\/product"}],"about":[{"href":"https:\/\/ses-creative.com\/de\/wp-json\/wp\/v2\/types\/product"}],"replies":[{"embeddable":true,"href":"https:\/\/ses-creative.com\/de\/wp-json\/wp\/v2\/comments?post=114557"}],"wp:featuredmedia":[{"embeddable":true,"href":"https:\/\/ses-creative.com\/de\/wp-json\/wp\/v2\/media\/93932"}],"wp:attachment":[{"href":"https:\/\/ses-creative.com\/de\/wp-json\/wp\/v2\/media?parent=114557"}],"wp:term":[{"taxonomy":"product_brand","embeddable":true,"href":"https:\/\/ses-creative.com\/de\/wp-json\/wp\/v2\/product_brand?post=114557"},{"taxonomy":"product_cat","embeddable":true,"href":"https:\/\/ses-creative.com\/de\/wp-json\/wp\/v2\/product_cat?post=114557"},{"taxonomy":"product_tag","embeddable":true,"href":"https:\/\/ses-creative.com\/de\/wp-json\/wp\/v2\/product_tag?post=114557"}],"curies":[{"name":"wp","href":"https:\/\/api.w.org\/{rel}","templated":true}]}}