











{"id":114549,"date":"2026-02-05T13:52:25","date_gmt":"2026-02-05T13:52:25","guid":{"rendered":"https:\/\/ses-creative.com\/?post_type=product&#038;p=114549"},"modified":"2026-02-06T09:51:26","modified_gmt":"2026-02-06T09:51:26","slug":"buegelperlenset-einhoerner-und-prinzessinnen","status":"publish","type":"product","link":"https:\/\/ses-creative.com\/de\/produkt\/buegelperlenset-einhoerner-und-prinzessinnen\/","title":{"rendered":"B\u00fcgelperlenset Einh\u00f6rner und Prinzessinnen"},"content":{"rendered":"<p>Dieses Kinder-Kreativset ist perfekt f\u00fcr kleine M\u00e4dchen, die sich f\u00fcr die Welt der M\u00e4rchen begeistern. Mit den farbenfrohen und leicht zu handhabenden B\u00fcgelperlen lassen sich wundersch\u00f6ne Einh\u00f6rner und Prinzessinnen kreieren. Das Set enth\u00e4lt aufb\u00fcgelbare Perlen, eine Platte in Form einer Prinzessin, ein Zauberpferd, B\u00fcgelpapier und eine leicht verst\u00e4ndliche Anleitung. Kinder ab 5 Jahren k\u00f6nnen ihre Feinmotorik und Fantasie entwickeln und dabei Spa\u00df haben. Dieses Spielzeug f\u00fcr M\u00e4dchen ab 5 Jahren entspricht den europ\u00e4ischen Sicherheitsnormen (EN-71), ist hypoallergen und PVC-frei. Wenn die Kreationen fertig sind, k\u00f6nnen sie als Dekoration im Zimmer ausgestellt oder als handgefertigte Geschenke verschenkt werden. Dieses kreative Lernspiel ist auch ideal f\u00fcr kindliche Bastelaktivit\u00e4ten zu Hause oder in der Gruppe. Es regt den k\u00fcnstlerischen Ausdruck an und f\u00f6rdert das Erz\u00e4hlen rund um die erstellten Figuren. Dieses Komplettset ist eine tolle Geschenkidee f\u00fcr Geburtstage oder Feiertage und bietet stundenlangen magischen Spa\u00df und pers\u00f6nliche Entwicklung.<\/p>\n","protected":false},"excerpt":{"rendered":"<p>Dieses Kinder-Kreativset ist perfekt f\u00fcr kleine M\u00e4dchen, die sich f\u00fcr die Welt der M\u00e4rchen begeistern. Mit den farbenfrohen und leicht zu handhabenden B\u00fcgelperlen lassen sich wundersch\u00f6ne Einh\u00f6rner und Prinzessinnen kreieren. Das Set enth\u00e4lt aufb\u00fcgelbare Perlen, eine Platte in Form einer Prinzessin, ein Zauberpferd, B\u00fcgelpapier und eine leicht verst\u00e4ndliche Anleitung. Kinder ab 5 Jahren k\u00f6nnen ihre [&hellip;]<\/p>\n","protected":false},"featured_media":100188,"comment_status":"closed","ping_status":"closed","template":"","meta":{"_acf_changed":false},"product_brand":[],"product_cat":[118],"product_tag":[],"class_list":{"0":"post-114549","1":"product","2":"type-product","3":"status-publish","4":"has-post-thumbnail","6":"product_cat-buegelperlen","7":"pa_leeftijd-filter-4-6-jahre","8":"pa_meest-populair-bij-jungen-maedchen","10":"first","11":"instock","12":"shipping-taxable","13":"product-type-simple"},"acf":[],"yoast_head":"<!-- This site is optimized with the Yoast SEO plugin v27.2 - https:\/\/yoast.com\/product\/yoast-seo-wordpress\/ -->\n<title>B\u00fcgelperlenset Einh\u00f6rner und Prinzessinnen - SES Creative<\/title>\n<meta name=\"robots\" content=\"index, follow, max-snippet:-1, max-image-preview:large, max-video-preview:-1\" \/>\n<link rel=\"canonical\" href=\"https:\/\/ses-creative.com\/de\/produkt\/buegelperlenset-einhoerner-und-prinzessinnen\/\" \/>\n<meta property=\"og:locale\" content=\"de_DE\" \/>\n<meta property=\"og:type\" content=\"article\" \/>\n<meta property=\"og:title\" content=\"B\u00fcgelperlenset Einh\u00f6rner und Prinzessinnen - SES Creative\" \/>\n<meta property=\"og:description\" content=\"Dieses Kinder-Kreativset ist perfekt f\u00fcr kleine M\u00e4dchen, die sich f\u00fcr die Welt der M\u00e4rchen begeistern. Mit den farbenfrohen und leicht zu handhabenden B\u00fcgelperlen lassen sich wundersch\u00f6ne Einh\u00f6rner und Prinzessinnen kreieren. Das Set enth\u00e4lt aufb\u00fcgelbare Perlen, eine Platte in Form einer Prinzessin, ein Zauberpferd, B\u00fcgelpapier und eine leicht verst\u00e4ndliche Anleitung. Kinder ab 5 Jahren k\u00f6nnen ihre [&hellip;]\" \/>\n<meta property=\"og:url\" content=\"https:\/\/ses-creative.com\/de\/produkt\/buegelperlenset-einhoerner-und-prinzessinnen\/\" \/>\n<meta property=\"og:site_name\" content=\"SES Creative\" \/>\n<meta property=\"article:modified_time\" content=\"2026-02-06T09:51:26+00:00\" \/>\n<meta name=\"twitter:card\" content=\"summary_large_image\" \/>\n<meta name=\"twitter:label1\" content=\"Gesch\u00e4tzte Lesezeit\" \/>\n\t<meta name=\"twitter:data1\" content=\"1\u00a0Minute\" \/>\n<script type=\"application\/ld+json\" class=\"yoast-schema-graph\">{\"@context\":\"https:\/\/schema.org\",\"@graph\":[{\"@type\":\"WebPage\",\"@id\":\"https:\/\/ses-creative.com\/de\/produkt\/buegelperlenset-einhoerner-und-prinzessinnen\/\",\"url\":\"https:\/\/ses-creative.com\/de\/produkt\/buegelperlenset-einhoerner-und-prinzessinnen\/\",\"name\":\"B\u00fcgelperlenset Einh\u00f6rner und Prinzessinnen - SES Creative\",\"isPartOf\":{\"@id\":\"https:\/\/ses-creative.com\/#website\"},\"primaryImageOfPage\":{\"@id\":\"https:\/\/ses-creative.com\/de\/produkt\/buegelperlenset-einhoerner-und-prinzessinnen\/#primaryimage\"},\"image\":{\"@id\":\"https:\/\/ses-creative.com\/de\/produkt\/buegelperlenset-einhoerner-und-prinzessinnen\/#primaryimage\"},\"thumbnailUrl\":\"https:\/\/ses-creative.com\/wp-content\/uploads\/2026\/01\/062161.jpg\",\"datePublished\":\"2026-02-05T13:52:25+00:00\",\"dateModified\":\"2026-02-06T09:51:26+00:00\",\"breadcrumb\":{\"@id\":\"https:\/\/ses-creative.com\/de\/produkt\/buegelperlenset-einhoerner-und-prinzessinnen\/#breadcrumb\"},\"inLanguage\":\"de\",\"potentialAction\":[{\"@type\":\"ReadAction\",\"target\":[\"https:\/\/ses-creative.com\/de\/produkt\/buegelperlenset-einhoerner-und-prinzessinnen\/\"]}]},{\"@type\":\"ImageObject\",\"inLanguage\":\"de\",\"@id\":\"https:\/\/ses-creative.com\/de\/produkt\/buegelperlenset-einhoerner-und-prinzessinnen\/#primaryimage\",\"url\":\"https:\/\/ses-creative.com\/wp-content\/uploads\/2026\/01\/062161.jpg\",\"contentUrl\":\"https:\/\/ses-creative.com\/wp-content\/uploads\/2026\/01\/062161.jpg\",\"width\":1000,\"height\":1000},{\"@type\":\"BreadcrumbList\",\"@id\":\"https:\/\/ses-creative.com\/de\/produkt\/buegelperlenset-einhoerner-und-prinzessinnen\/#breadcrumb\",\"itemListElement\":[{\"@type\":\"ListItem\",\"position\":1,\"name\":\"Shop\",\"item\":\"https:\/\/ses-creative.com\/de\/shop\/\"},{\"@type\":\"ListItem\",\"position\":2,\"name\":\"B\u00fcgelperlen\",\"item\":\"https:\/\/ses-creative.com\/de\/product-categorie\/buegelperlen\/\"},{\"@type\":\"ListItem\",\"position\":3,\"name\":\"B\u00fcgelperlenset Einh\u00f6rner und Prinzessinnen\"}]},{\"@type\":\"WebSite\",\"@id\":\"https:\/\/ses-creative.com\/#website\",\"url\":\"https:\/\/ses-creative.com\/\",\"name\":\"SES Creative\",\"description\":\"\",\"publisher\":{\"@id\":\"https:\/\/ses-creative.com\/#organization\"},\"potentialAction\":[{\"@type\":\"SearchAction\",\"target\":{\"@type\":\"EntryPoint\",\"urlTemplate\":\"https:\/\/ses-creative.com\/?s={search_term_string}\"},\"query-input\":{\"@type\":\"PropertyValueSpecification\",\"valueRequired\":true,\"valueName\":\"search_term_string\"}}],\"inLanguage\":\"de\"},{\"@type\":\"Organization\",\"@id\":\"https:\/\/ses-creative.com\/#organization\",\"name\":\"SES Creative\",\"url\":\"https:\/\/ses-creative.com\/\",\"logo\":{\"@type\":\"ImageObject\",\"inLanguage\":\"de\",\"@id\":\"https:\/\/ses-creative.com\/#\/schema\/logo\/image\/\",\"url\":\"https:\/\/ses-creative.com\/wp-content\/uploads\/2025\/10\/ses-creative-logo.jpg\",\"contentUrl\":\"https:\/\/ses-creative.com\/wp-content\/uploads\/2025\/10\/ses-creative-logo.jpg\",\"width\":2037,\"height\":2037,\"caption\":\"SES Creative\"},\"image\":{\"@id\":\"https:\/\/ses-creative.com\/#\/schema\/logo\/image\/\"}}]}<\/script>\n<!-- \/ Yoast SEO plugin. -->","yoast_head_json":{"title":"B\u00fcgelperlenset Einh\u00f6rner und Prinzessinnen - SES Creative","robots":{"index":"index","follow":"follow","max-snippet":"max-snippet:-1","max-image-preview":"max-image-preview:large","max-video-preview":"max-video-preview:-1"},"canonical":"https:\/\/ses-creative.com\/de\/produkt\/buegelperlenset-einhoerner-und-prinzessinnen\/","og_locale":"de_DE","og_type":"article","og_title":"B\u00fcgelperlenset Einh\u00f6rner und Prinzessinnen - SES Creative","og_description":"Dieses Kinder-Kreativset ist perfekt f\u00fcr kleine M\u00e4dchen, die sich f\u00fcr die Welt der M\u00e4rchen begeistern. Mit den farbenfrohen und leicht zu handhabenden B\u00fcgelperlen lassen sich wundersch\u00f6ne Einh\u00f6rner und Prinzessinnen kreieren. Das Set enth\u00e4lt aufb\u00fcgelbare Perlen, eine Platte in Form einer Prinzessin, ein Zauberpferd, B\u00fcgelpapier und eine leicht verst\u00e4ndliche Anleitung. Kinder ab 5 Jahren k\u00f6nnen ihre [&hellip;]","og_url":"https:\/\/ses-creative.com\/de\/produkt\/buegelperlenset-einhoerner-und-prinzessinnen\/","og_site_name":"SES Creative","article_modified_time":"2026-02-06T09:51:26+00:00","twitter_card":"summary_large_image","twitter_misc":{"Gesch\u00e4tzte Lesezeit":"1\u00a0Minute"},"schema":{"@context":"https:\/\/schema.org","@graph":[{"@type":"WebPage","@id":"https:\/\/ses-creative.com\/de\/produkt\/buegelperlenset-einhoerner-und-prinzessinnen\/","url":"https:\/\/ses-creative.com\/de\/produkt\/buegelperlenset-einhoerner-und-prinzessinnen\/","name":"B\u00fcgelperlenset Einh\u00f6rner und Prinzessinnen - SES Creative","isPartOf":{"@id":"https:\/\/ses-creative.com\/#website"},"primaryImageOfPage":{"@id":"https:\/\/ses-creative.com\/de\/produkt\/buegelperlenset-einhoerner-und-prinzessinnen\/#primaryimage"},"image":{"@id":"https:\/\/ses-creative.com\/de\/produkt\/buegelperlenset-einhoerner-und-prinzessinnen\/#primaryimage"},"thumbnailUrl":"https:\/\/ses-creative.com\/wp-content\/uploads\/2026\/01\/062161.jpg","datePublished":"2026-02-05T13:52:25+00:00","dateModified":"2026-02-06T09:51:26+00:00","breadcrumb":{"@id":"https:\/\/ses-creative.com\/de\/produkt\/buegelperlenset-einhoerner-und-prinzessinnen\/#breadcrumb"},"inLanguage":"de","potentialAction":[{"@type":"ReadAction","target":["https:\/\/ses-creative.com\/de\/produkt\/buegelperlenset-einhoerner-und-prinzessinnen\/"]}]},{"@type":"ImageObject","inLanguage":"de","@id":"https:\/\/ses-creative.com\/de\/produkt\/buegelperlenset-einhoerner-und-prinzessinnen\/#primaryimage","url":"https:\/\/ses-creative.com\/wp-content\/uploads\/2026\/01\/062161.jpg","contentUrl":"https:\/\/ses-creative.com\/wp-content\/uploads\/2026\/01\/062161.jpg","width":1000,"height":1000},{"@type":"BreadcrumbList","@id":"https:\/\/ses-creative.com\/de\/produkt\/buegelperlenset-einhoerner-und-prinzessinnen\/#breadcrumb","itemListElement":[{"@type":"ListItem","position":1,"name":"Shop","item":"https:\/\/ses-creative.com\/de\/shop\/"},{"@type":"ListItem","position":2,"name":"B\u00fcgelperlen","item":"https:\/\/ses-creative.com\/de\/product-categorie\/buegelperlen\/"},{"@type":"ListItem","position":3,"name":"B\u00fcgelperlenset Einh\u00f6rner und Prinzessinnen"}]},{"@type":"WebSite","@id":"https:\/\/ses-creative.com\/#website","url":"https:\/\/ses-creative.com\/","name":"SES Creative","description":"","publisher":{"@id":"https:\/\/ses-creative.com\/#organization"},"potentialAction":[{"@type":"SearchAction","target":{"@type":"EntryPoint","urlTemplate":"https:\/\/ses-creative.com\/?s={search_term_string}"},"query-input":{"@type":"PropertyValueSpecification","valueRequired":true,"valueName":"search_term_string"}}],"inLanguage":"de"},{"@type":"Organization","@id":"https:\/\/ses-creative.com\/#organization","name":"SES Creative","url":"https:\/\/ses-creative.com\/","logo":{"@type":"ImageObject","inLanguage":"de","@id":"https:\/\/ses-creative.com\/#\/schema\/logo\/image\/","url":"https:\/\/ses-creative.com\/wp-content\/uploads\/2025\/10\/ses-creative-logo.jpg","contentUrl":"https:\/\/ses-creative.com\/wp-content\/uploads\/2025\/10\/ses-creative-logo.jpg","width":2037,"height":2037,"caption":"SES Creative"},"image":{"@id":"https:\/\/ses-creative.com\/#\/schema\/logo\/image\/"}}]}},"_links":{"self":[{"href":"https:\/\/ses-creative.com\/de\/wp-json\/wp\/v2\/product\/114549","targetHints":{"allow":["GET"]}}],"collection":[{"href":"https:\/\/ses-creative.com\/de\/wp-json\/wp\/v2\/product"}],"about":[{"href":"https:\/\/ses-creative.com\/de\/wp-json\/wp\/v2\/types\/product"}],"replies":[{"embeddable":true,"href":"https:\/\/ses-creative.com\/de\/wp-json\/wp\/v2\/comments?post=114549"}],"wp:featuredmedia":[{"embeddable":true,"href":"https:\/\/ses-creative.com\/de\/wp-json\/wp\/v2\/media\/100188"}],"wp:attachment":[{"href":"https:\/\/ses-creative.com\/de\/wp-json\/wp\/v2\/media?parent=114549"}],"wp:term":[{"taxonomy":"product_brand","embeddable":true,"href":"https:\/\/ses-creative.com\/de\/wp-json\/wp\/v2\/product_brand?post=114549"},{"taxonomy":"product_cat","embeddable":true,"href":"https:\/\/ses-creative.com\/de\/wp-json\/wp\/v2\/product_cat?post=114549"},{"taxonomy":"product_tag","embeddable":true,"href":"https:\/\/ses-creative.com\/de\/wp-json\/wp\/v2\/product_tag?post=114549"}],"curies":[{"name":"wp","href":"https:\/\/api.w.org\/{rel}","templated":true}]}}