











{"id":114547,"date":"2026-02-05T13:52:24","date_gmt":"2026-02-05T13:52:24","guid":{"rendered":"https:\/\/ses-creative.com\/?post_type=product&#038;p=114547"},"modified":"2026-02-06T09:51:26","modified_gmt":"2026-02-06T09:51:26","slug":"buegelperlen-pferd","status":"publish","type":"product","link":"https:\/\/ses-creative.com\/de\/produkt\/buegelperlen-pferd\/","title":{"rendered":"B\u00fcgelperlen &#8211; Pferd"},"content":{"rendered":"<p>Mit diesem Set von SES Creative k\u00f6nnen Kinder mit 1200 bunten B\u00fcgelperlen einzigartige Pferde herstellen. Dank der pferdef\u00f6rmigen Platte lassen sich verschiedene Reittiere wie ein Pony, ein Mustang oder ein Haflinger ganz einfach nachbauen. Die mitgelieferten Vorlagen leiten die Kinder Schritt f\u00fcr Schritt an. Sobald die Perlen angeordnet sind, kann ein Erwachsener sie mit dem beigef\u00fcgten B\u00fcgelpapier fixieren. Um den Kreationen eine pers\u00f6nliche Note zu verleihen, werden au\u00dferdem Aufkleber mitgeliefert, mit denen M\u00e4hne und Augen hinzugef\u00fcgt werden k\u00f6nnen. Dieses Handspiel f\u00f6rdert die Feinmotorik, die Geduld und die Vorstellungskraft. Die Kinder k\u00f6nnen nicht nur h\u00fcbsche Dekorationen herstellen, sondern auch Geschichten zu ihren Kreationen erfinden. Die Perlen sind PVC-frei und entsprechen den europ\u00e4ischen Sicherheitsstandards (EN-71). Perfekt f\u00fcr Kinder ab 5 Jahren.<\/p>\n","protected":false},"excerpt":{"rendered":"<p>Mit diesem Set von SES Creative k\u00f6nnen Kinder mit 1200 bunten B\u00fcgelperlen einzigartige Pferde herstellen. Dank der pferdef\u00f6rmigen Platte lassen sich verschiedene Reittiere wie ein Pony, ein Mustang oder ein Haflinger ganz einfach nachbauen. Die mitgelieferten Vorlagen leiten die Kinder Schritt f\u00fcr Schritt an. Sobald die Perlen angeordnet sind, kann ein Erwachsener sie mit dem [&hellip;]<\/p>\n","protected":false},"featured_media":100148,"comment_status":"closed","ping_status":"closed","template":"","meta":{"_acf_changed":false},"product_brand":[],"product_cat":[118],"product_tag":[],"class_list":{"0":"post-114547","1":"product","2":"type-product","3":"status-publish","4":"has-post-thumbnail","6":"product_cat-buegelperlen","7":"pa_leeftijd-filter-4-6-jahre","8":"pa_meest-populair-bij-jungen-maedchen","10":"first","11":"instock","12":"shipping-taxable","13":"product-type-simple"},"acf":[],"yoast_head":"<!-- This site is optimized with the Yoast SEO plugin v27.2 - https:\/\/yoast.com\/product\/yoast-seo-wordpress\/ -->\n<title>B\u00fcgelperlen - Pferd - SES Creative<\/title>\n<meta name=\"robots\" content=\"index, follow, max-snippet:-1, max-image-preview:large, max-video-preview:-1\" \/>\n<link rel=\"canonical\" href=\"https:\/\/ses-creative.com\/de\/produkt\/buegelperlen-pferd\/\" \/>\n<meta property=\"og:locale\" content=\"de_DE\" \/>\n<meta property=\"og:type\" content=\"article\" \/>\n<meta property=\"og:title\" content=\"B\u00fcgelperlen - Pferd - SES Creative\" \/>\n<meta property=\"og:description\" content=\"Mit diesem Set von SES Creative k\u00f6nnen Kinder mit 1200 bunten B\u00fcgelperlen einzigartige Pferde herstellen. Dank der pferdef\u00f6rmigen Platte lassen sich verschiedene Reittiere wie ein Pony, ein Mustang oder ein Haflinger ganz einfach nachbauen. Die mitgelieferten Vorlagen leiten die Kinder Schritt f\u00fcr Schritt an. Sobald die Perlen angeordnet sind, kann ein Erwachsener sie mit dem [&hellip;]\" \/>\n<meta property=\"og:url\" content=\"https:\/\/ses-creative.com\/de\/produkt\/buegelperlen-pferd\/\" \/>\n<meta property=\"og:site_name\" content=\"SES Creative\" \/>\n<meta property=\"article:modified_time\" content=\"2026-02-06T09:51:26+00:00\" \/>\n<meta name=\"twitter:card\" content=\"summary_large_image\" \/>\n<meta name=\"twitter:label1\" content=\"Gesch\u00e4tzte Lesezeit\" \/>\n\t<meta name=\"twitter:data1\" content=\"1\u00a0Minute\" \/>\n<script type=\"application\/ld+json\" class=\"yoast-schema-graph\">{\"@context\":\"https:\/\/schema.org\",\"@graph\":[{\"@type\":\"WebPage\",\"@id\":\"https:\/\/ses-creative.com\/de\/produkt\/buegelperlen-pferd\/\",\"url\":\"https:\/\/ses-creative.com\/de\/produkt\/buegelperlen-pferd\/\",\"name\":\"B\u00fcgelperlen - Pferd - SES Creative\",\"isPartOf\":{\"@id\":\"https:\/\/ses-creative.com\/#website\"},\"primaryImageOfPage\":{\"@id\":\"https:\/\/ses-creative.com\/de\/produkt\/buegelperlen-pferd\/#primaryimage\"},\"image\":{\"@id\":\"https:\/\/ses-creative.com\/de\/produkt\/buegelperlen-pferd\/#primaryimage\"},\"thumbnailUrl\":\"https:\/\/ses-creative.com\/wp-content\/uploads\/2026\/01\/062141.jpg\",\"datePublished\":\"2026-02-05T13:52:24+00:00\",\"dateModified\":\"2026-02-06T09:51:26+00:00\",\"breadcrumb\":{\"@id\":\"https:\/\/ses-creative.com\/de\/produkt\/buegelperlen-pferd\/#breadcrumb\"},\"inLanguage\":\"de\",\"potentialAction\":[{\"@type\":\"ReadAction\",\"target\":[\"https:\/\/ses-creative.com\/de\/produkt\/buegelperlen-pferd\/\"]}]},{\"@type\":\"ImageObject\",\"inLanguage\":\"de\",\"@id\":\"https:\/\/ses-creative.com\/de\/produkt\/buegelperlen-pferd\/#primaryimage\",\"url\":\"https:\/\/ses-creative.com\/wp-content\/uploads\/2026\/01\/062141.jpg\",\"contentUrl\":\"https:\/\/ses-creative.com\/wp-content\/uploads\/2026\/01\/062141.jpg\",\"width\":1000,\"height\":1000},{\"@type\":\"BreadcrumbList\",\"@id\":\"https:\/\/ses-creative.com\/de\/produkt\/buegelperlen-pferd\/#breadcrumb\",\"itemListElement\":[{\"@type\":\"ListItem\",\"position\":1,\"name\":\"Shop\",\"item\":\"https:\/\/ses-creative.com\/de\/shop\/\"},{\"@type\":\"ListItem\",\"position\":2,\"name\":\"B\u00fcgelperlen\",\"item\":\"https:\/\/ses-creative.com\/de\/product-categorie\/buegelperlen\/\"},{\"@type\":\"ListItem\",\"position\":3,\"name\":\"B\u00fcgelperlen &#8211; Pferd\"}]},{\"@type\":\"WebSite\",\"@id\":\"https:\/\/ses-creative.com\/#website\",\"url\":\"https:\/\/ses-creative.com\/\",\"name\":\"SES Creative\",\"description\":\"\",\"publisher\":{\"@id\":\"https:\/\/ses-creative.com\/#organization\"},\"potentialAction\":[{\"@type\":\"SearchAction\",\"target\":{\"@type\":\"EntryPoint\",\"urlTemplate\":\"https:\/\/ses-creative.com\/?s={search_term_string}\"},\"query-input\":{\"@type\":\"PropertyValueSpecification\",\"valueRequired\":true,\"valueName\":\"search_term_string\"}}],\"inLanguage\":\"de\"},{\"@type\":\"Organization\",\"@id\":\"https:\/\/ses-creative.com\/#organization\",\"name\":\"SES Creative\",\"url\":\"https:\/\/ses-creative.com\/\",\"logo\":{\"@type\":\"ImageObject\",\"inLanguage\":\"de\",\"@id\":\"https:\/\/ses-creative.com\/#\/schema\/logo\/image\/\",\"url\":\"https:\/\/ses-creative.com\/wp-content\/uploads\/2025\/10\/ses-creative-logo.jpg\",\"contentUrl\":\"https:\/\/ses-creative.com\/wp-content\/uploads\/2025\/10\/ses-creative-logo.jpg\",\"width\":2037,\"height\":2037,\"caption\":\"SES Creative\"},\"image\":{\"@id\":\"https:\/\/ses-creative.com\/#\/schema\/logo\/image\/\"}}]}<\/script>\n<!-- \/ Yoast SEO plugin. -->","yoast_head_json":{"title":"B\u00fcgelperlen - Pferd - SES Creative","robots":{"index":"index","follow":"follow","max-snippet":"max-snippet:-1","max-image-preview":"max-image-preview:large","max-video-preview":"max-video-preview:-1"},"canonical":"https:\/\/ses-creative.com\/de\/produkt\/buegelperlen-pferd\/","og_locale":"de_DE","og_type":"article","og_title":"B\u00fcgelperlen - Pferd - SES Creative","og_description":"Mit diesem Set von SES Creative k\u00f6nnen Kinder mit 1200 bunten B\u00fcgelperlen einzigartige Pferde herstellen. Dank der pferdef\u00f6rmigen Platte lassen sich verschiedene Reittiere wie ein Pony, ein Mustang oder ein Haflinger ganz einfach nachbauen. Die mitgelieferten Vorlagen leiten die Kinder Schritt f\u00fcr Schritt an. Sobald die Perlen angeordnet sind, kann ein Erwachsener sie mit dem [&hellip;]","og_url":"https:\/\/ses-creative.com\/de\/produkt\/buegelperlen-pferd\/","og_site_name":"SES Creative","article_modified_time":"2026-02-06T09:51:26+00:00","twitter_card":"summary_large_image","twitter_misc":{"Gesch\u00e4tzte Lesezeit":"1\u00a0Minute"},"schema":{"@context":"https:\/\/schema.org","@graph":[{"@type":"WebPage","@id":"https:\/\/ses-creative.com\/de\/produkt\/buegelperlen-pferd\/","url":"https:\/\/ses-creative.com\/de\/produkt\/buegelperlen-pferd\/","name":"B\u00fcgelperlen - Pferd - SES Creative","isPartOf":{"@id":"https:\/\/ses-creative.com\/#website"},"primaryImageOfPage":{"@id":"https:\/\/ses-creative.com\/de\/produkt\/buegelperlen-pferd\/#primaryimage"},"image":{"@id":"https:\/\/ses-creative.com\/de\/produkt\/buegelperlen-pferd\/#primaryimage"},"thumbnailUrl":"https:\/\/ses-creative.com\/wp-content\/uploads\/2026\/01\/062141.jpg","datePublished":"2026-02-05T13:52:24+00:00","dateModified":"2026-02-06T09:51:26+00:00","breadcrumb":{"@id":"https:\/\/ses-creative.com\/de\/produkt\/buegelperlen-pferd\/#breadcrumb"},"inLanguage":"de","potentialAction":[{"@type":"ReadAction","target":["https:\/\/ses-creative.com\/de\/produkt\/buegelperlen-pferd\/"]}]},{"@type":"ImageObject","inLanguage":"de","@id":"https:\/\/ses-creative.com\/de\/produkt\/buegelperlen-pferd\/#primaryimage","url":"https:\/\/ses-creative.com\/wp-content\/uploads\/2026\/01\/062141.jpg","contentUrl":"https:\/\/ses-creative.com\/wp-content\/uploads\/2026\/01\/062141.jpg","width":1000,"height":1000},{"@type":"BreadcrumbList","@id":"https:\/\/ses-creative.com\/de\/produkt\/buegelperlen-pferd\/#breadcrumb","itemListElement":[{"@type":"ListItem","position":1,"name":"Shop","item":"https:\/\/ses-creative.com\/de\/shop\/"},{"@type":"ListItem","position":2,"name":"B\u00fcgelperlen","item":"https:\/\/ses-creative.com\/de\/product-categorie\/buegelperlen\/"},{"@type":"ListItem","position":3,"name":"B\u00fcgelperlen &#8211; Pferd"}]},{"@type":"WebSite","@id":"https:\/\/ses-creative.com\/#website","url":"https:\/\/ses-creative.com\/","name":"SES Creative","description":"","publisher":{"@id":"https:\/\/ses-creative.com\/#organization"},"potentialAction":[{"@type":"SearchAction","target":{"@type":"EntryPoint","urlTemplate":"https:\/\/ses-creative.com\/?s={search_term_string}"},"query-input":{"@type":"PropertyValueSpecification","valueRequired":true,"valueName":"search_term_string"}}],"inLanguage":"de"},{"@type":"Organization","@id":"https:\/\/ses-creative.com\/#organization","name":"SES Creative","url":"https:\/\/ses-creative.com\/","logo":{"@type":"ImageObject","inLanguage":"de","@id":"https:\/\/ses-creative.com\/#\/schema\/logo\/image\/","url":"https:\/\/ses-creative.com\/wp-content\/uploads\/2025\/10\/ses-creative-logo.jpg","contentUrl":"https:\/\/ses-creative.com\/wp-content\/uploads\/2025\/10\/ses-creative-logo.jpg","width":2037,"height":2037,"caption":"SES Creative"},"image":{"@id":"https:\/\/ses-creative.com\/#\/schema\/logo\/image\/"}}]}},"_links":{"self":[{"href":"https:\/\/ses-creative.com\/de\/wp-json\/wp\/v2\/product\/114547","targetHints":{"allow":["GET"]}}],"collection":[{"href":"https:\/\/ses-creative.com\/de\/wp-json\/wp\/v2\/product"}],"about":[{"href":"https:\/\/ses-creative.com\/de\/wp-json\/wp\/v2\/types\/product"}],"replies":[{"embeddable":true,"href":"https:\/\/ses-creative.com\/de\/wp-json\/wp\/v2\/comments?post=114547"}],"wp:featuredmedia":[{"embeddable":true,"href":"https:\/\/ses-creative.com\/de\/wp-json\/wp\/v2\/media\/100148"}],"wp:attachment":[{"href":"https:\/\/ses-creative.com\/de\/wp-json\/wp\/v2\/media?parent=114547"}],"wp:term":[{"taxonomy":"product_brand","embeddable":true,"href":"https:\/\/ses-creative.com\/de\/wp-json\/wp\/v2\/product_brand?post=114547"},{"taxonomy":"product_cat","embeddable":true,"href":"https:\/\/ses-creative.com\/de\/wp-json\/wp\/v2\/product_cat?post=114547"},{"taxonomy":"product_tag","embeddable":true,"href":"https:\/\/ses-creative.com\/de\/wp-json\/wp\/v2\/product_tag?post=114547"}],"curies":[{"name":"wp","href":"https:\/\/api.w.org\/{rel}","templated":true}]}}