











{"id":114542,"date":"2026-02-05T13:52:24","date_gmt":"2026-02-05T13:52:24","guid":{"rendered":"https:\/\/ses-creative.com\/?post_type=product&#038;p=114542"},"modified":"2026-02-06T09:51:25","modified_gmt":"2026-02-06T09:51:25","slug":"buegelperlen-baufahrzeuge","status":"publish","type":"product","link":"https:\/\/ses-creative.com\/de\/produkt\/buegelperlen-baufahrzeuge\/","title":{"rendered":"B\u00fcgelperlen &#8211; Baufahrzeuge"},"content":{"rendered":"<p>Beedz \u2013 Baufahrzeuge: Bauen und spielen Sie mit Ihren eigenen Fahrzeugen<\/p>\n<p>Mit diesem Beedz-Set von SES Creative k\u00f6nnen Kinder die coolsten Baufahrzeuge bauen. Mit 2400 B\u00fcgelperlen kannst du unter anderem einen Kipplaster, einen Bagger und einen Zementlaster entwerfen. Dank der mitgelieferten Splinte erhalten die Fahrzeuge bewegliche Teile, wie drehbare R\u00e4der und eine Kippmulde, die wirklich be- und entladen werden kann. Perfekt f\u00fcr kleine Baumeister, die ihre Kreativit\u00e4t einsetzen m\u00f6chten und gerne bauen und spielen.<\/p>\n<p>Was dieses Set so toll macht<\/p>\n<p>Enth\u00e4lt 2400 B\u00fcgelperlen, eine Unterlage, B\u00fcgelpapier und eine Anleitung<br \/>\nBaue mehrere Fahrzeuge wie einen Kipplaster, einen Bagger und einen Zementlaster<br \/>\nMit Splintstiften f\u00fcr bewegliche Teile<br \/>\nPVC-freie Perlen f\u00fcr ein sicheres Spielerlebnis<br \/>\nF\u00f6rdert Kreativit\u00e4t und Feinmotorik<\/p>\n<p>Lassen Sie Ihrer Fantasie freien Lauf<br \/>\nMit diesem umfangreichen Set k\u00f6nnen Kinder ihre eigene Baustelle bauen. Die leuchtenden Farben und stabilen Perlen machen es einfach, Fahrzeuge zu entwerfen, die nicht nur sch\u00f6n aussehen, sondern sich auch wirklich bewegen lassen. Eine kreative M\u00f6glichkeit, stundenlang zu basteln und anschlie\u00dfend mit den selbstgebauten Fahrzeugen zu spielen.<\/p>\n<p>Inhalt des Sets<\/p>\n<p>2400 B\u00fcgelperlen<br \/>\n1 quadratische Unterlage<br \/>\nB\u00fcgelpapier<br \/>\n12 Splinte<br \/>\nAnleitung<\/p>\n<p>Warum SES Creative<br \/>\nBei SES Creative legen wir gro\u00dfen Wert auf Sicherheit. Deshalb werden die Produkte in unserem Werk in den Niederlanden nach den strengsten europ\u00e4ischen Sicherheitsnormen hergestellt und getestet. Spielzeug von SES Creative sorgt f\u00fcr Spa\u00df und soll Kindern ein Gef\u00fchl des Stolzes auf ihre Arbeit vermitteln, was ihre Kreativit\u00e4t und Entwicklung f\u00f6rdert.<\/p>\n<p>Beginnen Sie noch heute Ihr Beedz-Abenteuer<br \/>\nEntdecken Sie den Spa\u00df am B\u00fcgelperlen und basteln Sie mit diesem Komplettset die coolsten Baufahrzeuge. Perfekt f\u00fcr endlosen kreativen Spielspa\u00df!<\/p>\n","protected":false},"excerpt":{"rendered":"<p>Beedz \u2013 Baufahrzeuge: Bauen und spielen Sie mit Ihren eigenen Fahrzeugen Mit diesem Beedz-Set von SES Creative k\u00f6nnen Kinder die coolsten Baufahrzeuge bauen. Mit 2400 B\u00fcgelperlen kannst du unter anderem einen Kipplaster, einen Bagger und einen Zementlaster entwerfen. Dank der mitgelieferten Splinte erhalten die Fahrzeuge bewegliche Teile, wie drehbare R\u00e4der und eine Kippmulde, die wirklich [&hellip;]<\/p>\n","protected":false},"featured_media":100048,"comment_status":"closed","ping_status":"closed","template":"","meta":{"_acf_changed":false},"product_brand":[],"product_cat":[118],"product_tag":[],"class_list":{"0":"post-114542","1":"product","2":"type-product","3":"status-publish","4":"has-post-thumbnail","6":"product_cat-buegelperlen","7":"pa_leeftijd-filter-4-6-jahre","8":"pa_meest-populair-bij-jungen-maedchen","10":"first","11":"instock","12":"shipping-taxable","13":"product-type-simple"},"acf":[],"yoast_head":"<!-- This site is optimized with the Yoast SEO plugin v27.2 - https:\/\/yoast.com\/product\/yoast-seo-wordpress\/ -->\n<title>B\u00fcgelperlen - Baufahrzeuge - SES Creative<\/title>\n<meta name=\"robots\" content=\"index, follow, max-snippet:-1, max-image-preview:large, max-video-preview:-1\" \/>\n<link rel=\"canonical\" href=\"https:\/\/ses-creative.com\/de\/produkt\/buegelperlen-baufahrzeuge\/\" \/>\n<meta property=\"og:locale\" content=\"de_DE\" \/>\n<meta property=\"og:type\" content=\"article\" \/>\n<meta property=\"og:title\" content=\"B\u00fcgelperlen - Baufahrzeuge - SES Creative\" \/>\n<meta property=\"og:description\" content=\"Beedz \u2013 Baufahrzeuge: Bauen und spielen Sie mit Ihren eigenen Fahrzeugen Mit diesem Beedz-Set von SES Creative k\u00f6nnen Kinder die coolsten Baufahrzeuge bauen. Mit 2400 B\u00fcgelperlen kannst du unter anderem einen Kipplaster, einen Bagger und einen Zementlaster entwerfen. Dank der mitgelieferten Splinte erhalten die Fahrzeuge bewegliche Teile, wie drehbare R\u00e4der und eine Kippmulde, die wirklich [&hellip;]\" \/>\n<meta property=\"og:url\" content=\"https:\/\/ses-creative.com\/de\/produkt\/buegelperlen-baufahrzeuge\/\" \/>\n<meta property=\"og:site_name\" content=\"SES Creative\" \/>\n<meta property=\"article:modified_time\" content=\"2026-02-06T09:51:25+00:00\" \/>\n<meta name=\"twitter:card\" content=\"summary_large_image\" \/>\n<meta name=\"twitter:label1\" content=\"Gesch\u00e4tzte Lesezeit\" \/>\n\t<meta name=\"twitter:data1\" content=\"1\u00a0Minute\" \/>\n<script type=\"application\/ld+json\" class=\"yoast-schema-graph\">{\"@context\":\"https:\/\/schema.org\",\"@graph\":[{\"@type\":\"WebPage\",\"@id\":\"https:\/\/ses-creative.com\/de\/produkt\/buegelperlen-baufahrzeuge\/\",\"url\":\"https:\/\/ses-creative.com\/de\/produkt\/buegelperlen-baufahrzeuge\/\",\"name\":\"B\u00fcgelperlen - Baufahrzeuge - SES Creative\",\"isPartOf\":{\"@id\":\"https:\/\/ses-creative.com\/#website\"},\"primaryImageOfPage\":{\"@id\":\"https:\/\/ses-creative.com\/de\/produkt\/buegelperlen-baufahrzeuge\/#primaryimage\"},\"image\":{\"@id\":\"https:\/\/ses-creative.com\/de\/produkt\/buegelperlen-baufahrzeuge\/#primaryimage\"},\"thumbnailUrl\":\"https:\/\/ses-creative.com\/wp-content\/uploads\/2026\/01\/062061.jpg\",\"datePublished\":\"2026-02-05T13:52:24+00:00\",\"dateModified\":\"2026-02-06T09:51:25+00:00\",\"breadcrumb\":{\"@id\":\"https:\/\/ses-creative.com\/de\/produkt\/buegelperlen-baufahrzeuge\/#breadcrumb\"},\"inLanguage\":\"de\",\"potentialAction\":[{\"@type\":\"ReadAction\",\"target\":[\"https:\/\/ses-creative.com\/de\/produkt\/buegelperlen-baufahrzeuge\/\"]}]},{\"@type\":\"ImageObject\",\"inLanguage\":\"de\",\"@id\":\"https:\/\/ses-creative.com\/de\/produkt\/buegelperlen-baufahrzeuge\/#primaryimage\",\"url\":\"https:\/\/ses-creative.com\/wp-content\/uploads\/2026\/01\/062061.jpg\",\"contentUrl\":\"https:\/\/ses-creative.com\/wp-content\/uploads\/2026\/01\/062061.jpg\",\"width\":1000,\"height\":1000},{\"@type\":\"BreadcrumbList\",\"@id\":\"https:\/\/ses-creative.com\/de\/produkt\/buegelperlen-baufahrzeuge\/#breadcrumb\",\"itemListElement\":[{\"@type\":\"ListItem\",\"position\":1,\"name\":\"Shop\",\"item\":\"https:\/\/ses-creative.com\/de\/shop\/\"},{\"@type\":\"ListItem\",\"position\":2,\"name\":\"B\u00fcgelperlen\",\"item\":\"https:\/\/ses-creative.com\/de\/product-categorie\/buegelperlen\/\"},{\"@type\":\"ListItem\",\"position\":3,\"name\":\"B\u00fcgelperlen &#8211; Baufahrzeuge\"}]},{\"@type\":\"WebSite\",\"@id\":\"https:\/\/ses-creative.com\/#website\",\"url\":\"https:\/\/ses-creative.com\/\",\"name\":\"SES Creative\",\"description\":\"\",\"publisher\":{\"@id\":\"https:\/\/ses-creative.com\/#organization\"},\"potentialAction\":[{\"@type\":\"SearchAction\",\"target\":{\"@type\":\"EntryPoint\",\"urlTemplate\":\"https:\/\/ses-creative.com\/?s={search_term_string}\"},\"query-input\":{\"@type\":\"PropertyValueSpecification\",\"valueRequired\":true,\"valueName\":\"search_term_string\"}}],\"inLanguage\":\"de\"},{\"@type\":\"Organization\",\"@id\":\"https:\/\/ses-creative.com\/#organization\",\"name\":\"SES Creative\",\"url\":\"https:\/\/ses-creative.com\/\",\"logo\":{\"@type\":\"ImageObject\",\"inLanguage\":\"de\",\"@id\":\"https:\/\/ses-creative.com\/#\/schema\/logo\/image\/\",\"url\":\"https:\/\/ses-creative.com\/wp-content\/uploads\/2025\/10\/ses-creative-logo.jpg\",\"contentUrl\":\"https:\/\/ses-creative.com\/wp-content\/uploads\/2025\/10\/ses-creative-logo.jpg\",\"width\":2037,\"height\":2037,\"caption\":\"SES Creative\"},\"image\":{\"@id\":\"https:\/\/ses-creative.com\/#\/schema\/logo\/image\/\"}}]}<\/script>\n<!-- \/ Yoast SEO plugin. -->","yoast_head_json":{"title":"B\u00fcgelperlen - Baufahrzeuge - SES Creative","robots":{"index":"index","follow":"follow","max-snippet":"max-snippet:-1","max-image-preview":"max-image-preview:large","max-video-preview":"max-video-preview:-1"},"canonical":"https:\/\/ses-creative.com\/de\/produkt\/buegelperlen-baufahrzeuge\/","og_locale":"de_DE","og_type":"article","og_title":"B\u00fcgelperlen - Baufahrzeuge - SES Creative","og_description":"Beedz \u2013 Baufahrzeuge: Bauen und spielen Sie mit Ihren eigenen Fahrzeugen Mit diesem Beedz-Set von SES Creative k\u00f6nnen Kinder die coolsten Baufahrzeuge bauen. Mit 2400 B\u00fcgelperlen kannst du unter anderem einen Kipplaster, einen Bagger und einen Zementlaster entwerfen. Dank der mitgelieferten Splinte erhalten die Fahrzeuge bewegliche Teile, wie drehbare R\u00e4der und eine Kippmulde, die wirklich [&hellip;]","og_url":"https:\/\/ses-creative.com\/de\/produkt\/buegelperlen-baufahrzeuge\/","og_site_name":"SES Creative","article_modified_time":"2026-02-06T09:51:25+00:00","twitter_card":"summary_large_image","twitter_misc":{"Gesch\u00e4tzte Lesezeit":"1\u00a0Minute"},"schema":{"@context":"https:\/\/schema.org","@graph":[{"@type":"WebPage","@id":"https:\/\/ses-creative.com\/de\/produkt\/buegelperlen-baufahrzeuge\/","url":"https:\/\/ses-creative.com\/de\/produkt\/buegelperlen-baufahrzeuge\/","name":"B\u00fcgelperlen - Baufahrzeuge - SES Creative","isPartOf":{"@id":"https:\/\/ses-creative.com\/#website"},"primaryImageOfPage":{"@id":"https:\/\/ses-creative.com\/de\/produkt\/buegelperlen-baufahrzeuge\/#primaryimage"},"image":{"@id":"https:\/\/ses-creative.com\/de\/produkt\/buegelperlen-baufahrzeuge\/#primaryimage"},"thumbnailUrl":"https:\/\/ses-creative.com\/wp-content\/uploads\/2026\/01\/062061.jpg","datePublished":"2026-02-05T13:52:24+00:00","dateModified":"2026-02-06T09:51:25+00:00","breadcrumb":{"@id":"https:\/\/ses-creative.com\/de\/produkt\/buegelperlen-baufahrzeuge\/#breadcrumb"},"inLanguage":"de","potentialAction":[{"@type":"ReadAction","target":["https:\/\/ses-creative.com\/de\/produkt\/buegelperlen-baufahrzeuge\/"]}]},{"@type":"ImageObject","inLanguage":"de","@id":"https:\/\/ses-creative.com\/de\/produkt\/buegelperlen-baufahrzeuge\/#primaryimage","url":"https:\/\/ses-creative.com\/wp-content\/uploads\/2026\/01\/062061.jpg","contentUrl":"https:\/\/ses-creative.com\/wp-content\/uploads\/2026\/01\/062061.jpg","width":1000,"height":1000},{"@type":"BreadcrumbList","@id":"https:\/\/ses-creative.com\/de\/produkt\/buegelperlen-baufahrzeuge\/#breadcrumb","itemListElement":[{"@type":"ListItem","position":1,"name":"Shop","item":"https:\/\/ses-creative.com\/de\/shop\/"},{"@type":"ListItem","position":2,"name":"B\u00fcgelperlen","item":"https:\/\/ses-creative.com\/de\/product-categorie\/buegelperlen\/"},{"@type":"ListItem","position":3,"name":"B\u00fcgelperlen &#8211; Baufahrzeuge"}]},{"@type":"WebSite","@id":"https:\/\/ses-creative.com\/#website","url":"https:\/\/ses-creative.com\/","name":"SES Creative","description":"","publisher":{"@id":"https:\/\/ses-creative.com\/#organization"},"potentialAction":[{"@type":"SearchAction","target":{"@type":"EntryPoint","urlTemplate":"https:\/\/ses-creative.com\/?s={search_term_string}"},"query-input":{"@type":"PropertyValueSpecification","valueRequired":true,"valueName":"search_term_string"}}],"inLanguage":"de"},{"@type":"Organization","@id":"https:\/\/ses-creative.com\/#organization","name":"SES Creative","url":"https:\/\/ses-creative.com\/","logo":{"@type":"ImageObject","inLanguage":"de","@id":"https:\/\/ses-creative.com\/#\/schema\/logo\/image\/","url":"https:\/\/ses-creative.com\/wp-content\/uploads\/2025\/10\/ses-creative-logo.jpg","contentUrl":"https:\/\/ses-creative.com\/wp-content\/uploads\/2025\/10\/ses-creative-logo.jpg","width":2037,"height":2037,"caption":"SES Creative"},"image":{"@id":"https:\/\/ses-creative.com\/#\/schema\/logo\/image\/"}}]}},"_links":{"self":[{"href":"https:\/\/ses-creative.com\/de\/wp-json\/wp\/v2\/product\/114542","targetHints":{"allow":["GET"]}}],"collection":[{"href":"https:\/\/ses-creative.com\/de\/wp-json\/wp\/v2\/product"}],"about":[{"href":"https:\/\/ses-creative.com\/de\/wp-json\/wp\/v2\/types\/product"}],"replies":[{"embeddable":true,"href":"https:\/\/ses-creative.com\/de\/wp-json\/wp\/v2\/comments?post=114542"}],"wp:featuredmedia":[{"embeddable":true,"href":"https:\/\/ses-creative.com\/de\/wp-json\/wp\/v2\/media\/100048"}],"wp:attachment":[{"href":"https:\/\/ses-creative.com\/de\/wp-json\/wp\/v2\/media?parent=114542"}],"wp:term":[{"taxonomy":"product_brand","embeddable":true,"href":"https:\/\/ses-creative.com\/de\/wp-json\/wp\/v2\/product_brand?post=114542"},{"taxonomy":"product_cat","embeddable":true,"href":"https:\/\/ses-creative.com\/de\/wp-json\/wp\/v2\/product_cat?post=114542"},{"taxonomy":"product_tag","embeddable":true,"href":"https:\/\/ses-creative.com\/de\/wp-json\/wp\/v2\/product_tag?post=114542"}],"curies":[{"name":"wp","href":"https:\/\/api.w.org\/{rel}","templated":true}]}}