











{"id":114538,"date":"2026-02-05T13:52:23","date_gmt":"2026-02-05T13:52:23","guid":{"rendered":"https:\/\/ses-creative.com\/?post_type=product&#038;p=114538"},"modified":"2026-02-06T09:51:25","modified_gmt":"2026-02-06T09:51:25","slug":"buegelperlen-dinowelt","status":"publish","type":"product","link":"https:\/\/ses-creative.com\/de\/produkt\/buegelperlen-dinowelt\/","title":{"rendered":"B\u00fcgelperlen &#8211; Dinowelt"},"content":{"rendered":"<p>Mit diesem Kreativset von SES Creative k\u00f6nnen Kinder Dinosaurier entdecken, indem sie mit 2100 B\u00fcgelperlen ihre eigenen Motive gestalten. Sie k\u00f6nnen verschiedene Arten, einen Vulkan und pr\u00e4historische Eier zusammensetzen. Dieses Spiel f\u00f6rdert die Feinmotorik, die Konzentration und die wissenschaftliche Neugier. Es wurde ohne PVC hergestellt und entspricht den europ\u00e4ischen Normen EN-71. Es ist hypoallergen und sicher f\u00fcr Kinder ab 5 Jahren. Die Schachtel enth\u00e4lt eine sechseckige Platte, B\u00fcgelpapier und eine Anleitung, mit der die Modelle einfach hergestellt werden k\u00f6nnen.<\/p>\n","protected":false},"excerpt":{"rendered":"<p>Mit diesem Kreativset von SES Creative k\u00f6nnen Kinder Dinosaurier entdecken, indem sie mit 2100 B\u00fcgelperlen ihre eigenen Motive gestalten. Sie k\u00f6nnen verschiedene Arten, einen Vulkan und pr\u00e4historische Eier zusammensetzen. Dieses Spiel f\u00f6rdert die Feinmotorik, die Konzentration und die wissenschaftliche Neugier. Es wurde ohne PVC hergestellt und entspricht den europ\u00e4ischen Normen EN-71. Es ist hypoallergen und [&hellip;]<\/p>\n","protected":false},"featured_media":99968,"comment_status":"closed","ping_status":"closed","template":"","meta":{"_acf_changed":false},"product_brand":[],"product_cat":[118],"product_tag":[],"class_list":{"0":"post-114538","1":"product","2":"type-product","3":"status-publish","4":"has-post-thumbnail","6":"product_cat-buegelperlen","7":"pa_leeftijd-filter-4-6-jahre","8":"pa_meest-populair-bij-jungen-maedchen","10":"first","11":"instock","12":"shipping-taxable","13":"product-type-simple"},"acf":[],"yoast_head":"<!-- This site is optimized with the Yoast SEO plugin v27.2 - https:\/\/yoast.com\/product\/yoast-seo-wordpress\/ -->\n<title>B\u00fcgelperlen - Dinowelt - SES Creative<\/title>\n<meta name=\"robots\" content=\"index, follow, max-snippet:-1, max-image-preview:large, max-video-preview:-1\" \/>\n<link rel=\"canonical\" href=\"https:\/\/ses-creative.com\/de\/produkt\/buegelperlen-dinowelt\/\" \/>\n<meta property=\"og:locale\" content=\"de_DE\" \/>\n<meta property=\"og:type\" content=\"article\" \/>\n<meta property=\"og:title\" content=\"B\u00fcgelperlen - Dinowelt - SES Creative\" \/>\n<meta property=\"og:description\" content=\"Mit diesem Kreativset von SES Creative k\u00f6nnen Kinder Dinosaurier entdecken, indem sie mit 2100 B\u00fcgelperlen ihre eigenen Motive gestalten. Sie k\u00f6nnen verschiedene Arten, einen Vulkan und pr\u00e4historische Eier zusammensetzen. Dieses Spiel f\u00f6rdert die Feinmotorik, die Konzentration und die wissenschaftliche Neugier. Es wurde ohne PVC hergestellt und entspricht den europ\u00e4ischen Normen EN-71. Es ist hypoallergen und [&hellip;]\" \/>\n<meta property=\"og:url\" content=\"https:\/\/ses-creative.com\/de\/produkt\/buegelperlen-dinowelt\/\" \/>\n<meta property=\"og:site_name\" content=\"SES Creative\" \/>\n<meta property=\"article:modified_time\" content=\"2026-02-06T09:51:25+00:00\" \/>\n<meta name=\"twitter:card\" content=\"summary_large_image\" \/>\n<script type=\"application\/ld+json\" class=\"yoast-schema-graph\">{\"@context\":\"https:\/\/schema.org\",\"@graph\":[{\"@type\":\"WebPage\",\"@id\":\"https:\/\/ses-creative.com\/de\/produkt\/buegelperlen-dinowelt\/\",\"url\":\"https:\/\/ses-creative.com\/de\/produkt\/buegelperlen-dinowelt\/\",\"name\":\"B\u00fcgelperlen - Dinowelt - SES Creative\",\"isPartOf\":{\"@id\":\"https:\/\/ses-creative.com\/#website\"},\"primaryImageOfPage\":{\"@id\":\"https:\/\/ses-creative.com\/de\/produkt\/buegelperlen-dinowelt\/#primaryimage\"},\"image\":{\"@id\":\"https:\/\/ses-creative.com\/de\/produkt\/buegelperlen-dinowelt\/#primaryimage\"},\"thumbnailUrl\":\"https:\/\/ses-creative.com\/wp-content\/uploads\/2026\/01\/062021.jpg\",\"datePublished\":\"2026-02-05T13:52:23+00:00\",\"dateModified\":\"2026-02-06T09:51:25+00:00\",\"breadcrumb\":{\"@id\":\"https:\/\/ses-creative.com\/de\/produkt\/buegelperlen-dinowelt\/#breadcrumb\"},\"inLanguage\":\"de\",\"potentialAction\":[{\"@type\":\"ReadAction\",\"target\":[\"https:\/\/ses-creative.com\/de\/produkt\/buegelperlen-dinowelt\/\"]}]},{\"@type\":\"ImageObject\",\"inLanguage\":\"de\",\"@id\":\"https:\/\/ses-creative.com\/de\/produkt\/buegelperlen-dinowelt\/#primaryimage\",\"url\":\"https:\/\/ses-creative.com\/wp-content\/uploads\/2026\/01\/062021.jpg\",\"contentUrl\":\"https:\/\/ses-creative.com\/wp-content\/uploads\/2026\/01\/062021.jpg\",\"width\":1000,\"height\":1000},{\"@type\":\"BreadcrumbList\",\"@id\":\"https:\/\/ses-creative.com\/de\/produkt\/buegelperlen-dinowelt\/#breadcrumb\",\"itemListElement\":[{\"@type\":\"ListItem\",\"position\":1,\"name\":\"Shop\",\"item\":\"https:\/\/ses-creative.com\/de\/shop\/\"},{\"@type\":\"ListItem\",\"position\":2,\"name\":\"B\u00fcgelperlen\",\"item\":\"https:\/\/ses-creative.com\/de\/product-categorie\/buegelperlen\/\"},{\"@type\":\"ListItem\",\"position\":3,\"name\":\"B\u00fcgelperlen &#8211; Dinowelt\"}]},{\"@type\":\"WebSite\",\"@id\":\"https:\/\/ses-creative.com\/#website\",\"url\":\"https:\/\/ses-creative.com\/\",\"name\":\"SES Creative\",\"description\":\"\",\"publisher\":{\"@id\":\"https:\/\/ses-creative.com\/#organization\"},\"potentialAction\":[{\"@type\":\"SearchAction\",\"target\":{\"@type\":\"EntryPoint\",\"urlTemplate\":\"https:\/\/ses-creative.com\/?s={search_term_string}\"},\"query-input\":{\"@type\":\"PropertyValueSpecification\",\"valueRequired\":true,\"valueName\":\"search_term_string\"}}],\"inLanguage\":\"de\"},{\"@type\":\"Organization\",\"@id\":\"https:\/\/ses-creative.com\/#organization\",\"name\":\"SES Creative\",\"url\":\"https:\/\/ses-creative.com\/\",\"logo\":{\"@type\":\"ImageObject\",\"inLanguage\":\"de\",\"@id\":\"https:\/\/ses-creative.com\/#\/schema\/logo\/image\/\",\"url\":\"https:\/\/ses-creative.com\/wp-content\/uploads\/2025\/10\/ses-creative-logo.jpg\",\"contentUrl\":\"https:\/\/ses-creative.com\/wp-content\/uploads\/2025\/10\/ses-creative-logo.jpg\",\"width\":2037,\"height\":2037,\"caption\":\"SES Creative\"},\"image\":{\"@id\":\"https:\/\/ses-creative.com\/#\/schema\/logo\/image\/\"}}]}<\/script>\n<!-- \/ Yoast SEO plugin. -->","yoast_head_json":{"title":"B\u00fcgelperlen - Dinowelt - SES Creative","robots":{"index":"index","follow":"follow","max-snippet":"max-snippet:-1","max-image-preview":"max-image-preview:large","max-video-preview":"max-video-preview:-1"},"canonical":"https:\/\/ses-creative.com\/de\/produkt\/buegelperlen-dinowelt\/","og_locale":"de_DE","og_type":"article","og_title":"B\u00fcgelperlen - Dinowelt - SES Creative","og_description":"Mit diesem Kreativset von SES Creative k\u00f6nnen Kinder Dinosaurier entdecken, indem sie mit 2100 B\u00fcgelperlen ihre eigenen Motive gestalten. Sie k\u00f6nnen verschiedene Arten, einen Vulkan und pr\u00e4historische Eier zusammensetzen. Dieses Spiel f\u00f6rdert die Feinmotorik, die Konzentration und die wissenschaftliche Neugier. Es wurde ohne PVC hergestellt und entspricht den europ\u00e4ischen Normen EN-71. Es ist hypoallergen und [&hellip;]","og_url":"https:\/\/ses-creative.com\/de\/produkt\/buegelperlen-dinowelt\/","og_site_name":"SES Creative","article_modified_time":"2026-02-06T09:51:25+00:00","twitter_card":"summary_large_image","schema":{"@context":"https:\/\/schema.org","@graph":[{"@type":"WebPage","@id":"https:\/\/ses-creative.com\/de\/produkt\/buegelperlen-dinowelt\/","url":"https:\/\/ses-creative.com\/de\/produkt\/buegelperlen-dinowelt\/","name":"B\u00fcgelperlen - Dinowelt - SES Creative","isPartOf":{"@id":"https:\/\/ses-creative.com\/#website"},"primaryImageOfPage":{"@id":"https:\/\/ses-creative.com\/de\/produkt\/buegelperlen-dinowelt\/#primaryimage"},"image":{"@id":"https:\/\/ses-creative.com\/de\/produkt\/buegelperlen-dinowelt\/#primaryimage"},"thumbnailUrl":"https:\/\/ses-creative.com\/wp-content\/uploads\/2026\/01\/062021.jpg","datePublished":"2026-02-05T13:52:23+00:00","dateModified":"2026-02-06T09:51:25+00:00","breadcrumb":{"@id":"https:\/\/ses-creative.com\/de\/produkt\/buegelperlen-dinowelt\/#breadcrumb"},"inLanguage":"de","potentialAction":[{"@type":"ReadAction","target":["https:\/\/ses-creative.com\/de\/produkt\/buegelperlen-dinowelt\/"]}]},{"@type":"ImageObject","inLanguage":"de","@id":"https:\/\/ses-creative.com\/de\/produkt\/buegelperlen-dinowelt\/#primaryimage","url":"https:\/\/ses-creative.com\/wp-content\/uploads\/2026\/01\/062021.jpg","contentUrl":"https:\/\/ses-creative.com\/wp-content\/uploads\/2026\/01\/062021.jpg","width":1000,"height":1000},{"@type":"BreadcrumbList","@id":"https:\/\/ses-creative.com\/de\/produkt\/buegelperlen-dinowelt\/#breadcrumb","itemListElement":[{"@type":"ListItem","position":1,"name":"Shop","item":"https:\/\/ses-creative.com\/de\/shop\/"},{"@type":"ListItem","position":2,"name":"B\u00fcgelperlen","item":"https:\/\/ses-creative.com\/de\/product-categorie\/buegelperlen\/"},{"@type":"ListItem","position":3,"name":"B\u00fcgelperlen &#8211; Dinowelt"}]},{"@type":"WebSite","@id":"https:\/\/ses-creative.com\/#website","url":"https:\/\/ses-creative.com\/","name":"SES Creative","description":"","publisher":{"@id":"https:\/\/ses-creative.com\/#organization"},"potentialAction":[{"@type":"SearchAction","target":{"@type":"EntryPoint","urlTemplate":"https:\/\/ses-creative.com\/?s={search_term_string}"},"query-input":{"@type":"PropertyValueSpecification","valueRequired":true,"valueName":"search_term_string"}}],"inLanguage":"de"},{"@type":"Organization","@id":"https:\/\/ses-creative.com\/#organization","name":"SES Creative","url":"https:\/\/ses-creative.com\/","logo":{"@type":"ImageObject","inLanguage":"de","@id":"https:\/\/ses-creative.com\/#\/schema\/logo\/image\/","url":"https:\/\/ses-creative.com\/wp-content\/uploads\/2025\/10\/ses-creative-logo.jpg","contentUrl":"https:\/\/ses-creative.com\/wp-content\/uploads\/2025\/10\/ses-creative-logo.jpg","width":2037,"height":2037,"caption":"SES Creative"},"image":{"@id":"https:\/\/ses-creative.com\/#\/schema\/logo\/image\/"}}]}},"_links":{"self":[{"href":"https:\/\/ses-creative.com\/de\/wp-json\/wp\/v2\/product\/114538","targetHints":{"allow":["GET"]}}],"collection":[{"href":"https:\/\/ses-creative.com\/de\/wp-json\/wp\/v2\/product"}],"about":[{"href":"https:\/\/ses-creative.com\/de\/wp-json\/wp\/v2\/types\/product"}],"replies":[{"embeddable":true,"href":"https:\/\/ses-creative.com\/de\/wp-json\/wp\/v2\/comments?post=114538"}],"wp:featuredmedia":[{"embeddable":true,"href":"https:\/\/ses-creative.com\/de\/wp-json\/wp\/v2\/media\/99968"}],"wp:attachment":[{"href":"https:\/\/ses-creative.com\/de\/wp-json\/wp\/v2\/media?parent=114538"}],"wp:term":[{"taxonomy":"product_brand","embeddable":true,"href":"https:\/\/ses-creative.com\/de\/wp-json\/wp\/v2\/product_brand?post=114538"},{"taxonomy":"product_cat","embeddable":true,"href":"https:\/\/ses-creative.com\/de\/wp-json\/wp\/v2\/product_cat?post=114538"},{"taxonomy":"product_tag","embeddable":true,"href":"https:\/\/ses-creative.com\/de\/wp-json\/wp\/v2\/product_tag?post=114538"}],"curies":[{"name":"wp","href":"https:\/\/api.w.org\/{rel}","templated":true}]}}