











{"id":114536,"date":"2026-02-05T13:52:23","date_gmt":"2026-02-05T13:52:23","guid":{"rendered":"https:\/\/ses-creative.com\/?post_type=product&#038;p=114536"},"modified":"2026-02-06T09:51:25","modified_gmt":"2026-02-06T09:51:25","slug":"buegelperlenset-einhorn-glow-in-the-dark","status":"publish","type":"product","link":"https:\/\/ses-creative.com\/de\/produkt\/buegelperlenset-einhorn-glow-in-the-dark\/","title":{"rendered":"B\u00fcgelperlenset Einhorn Glow in the Dark"},"content":{"rendered":"<p>Tauchen Sie mit diesem Einhorn-B\u00fcgelperlen-Set, das ideal f\u00fcr Kinder ab 5 Jahren ist, in die m\u00e4rchenhafte Welt der Einh\u00f6rner ein. Mit diesem Kreativset k\u00f6nnen kleine K\u00fcnstler zauberhafte Motive kreieren, indem sie die Perlen auf der Fantasy-Pferd-Platte platzieren und dann mit dem B\u00fcgelpapier fixieren. Lassen Sie Ihrer Fantasie freien Lauf, indem Sie die Farben mischen und Glow-in-the-Dark-Perlen hinzuf\u00fcgen, die nach dem Ausschalten des Lichts f\u00fcr einen spektakul\u00e4ren Leuchteffekt sorgen. Dieses kreative Kinderspielzeug wurde entwickelt, um ein unterhaltsames und lehrreiches Erlebnis zu bieten. Die Perlen sind PVC-frei und mit anderen Marken kompatibel, wodurch eine hohe Flexibilit\u00e4t bei den Kreationen gew\u00e4hrleistet wird. Diese manuelle Aktivit\u00e4t f\u00f6rdert die Feinmotorik und die Konzentration und sorgt f\u00fcr einen spielerischen Moment abseits der Bildschirme.<\/p>\n<p>Inhalt des Sets:<br \/>\n\u2714 1200 Perlen, darunter Perlen glow in the dark.<br \/>\n\u2714 1 Tablett Fantasy-Pferd<br \/>\n\u2714 1 B\u00fcgelpapier<\/p>\n<p>Ein originelles und kreatives Geschenk, ideal f\u00fcr kleine M\u00e4dchen und Jungen, die sich f\u00fcr Kunst und Einh\u00f6rner begeistern. Perfekt f\u00fcr ein Geschenk f\u00fcr M\u00e4dchen 5 Jahre, einen Geburtstag oder Weihnachten, bietet dieses Set ein magisches und lustiges Erlebnis!<\/p>\n","protected":false},"excerpt":{"rendered":"<p>Tauchen Sie mit diesem Einhorn-B\u00fcgelperlen-Set, das ideal f\u00fcr Kinder ab 5 Jahren ist, in die m\u00e4rchenhafte Welt der Einh\u00f6rner ein. Mit diesem Kreativset k\u00f6nnen kleine K\u00fcnstler zauberhafte Motive kreieren, indem sie die Perlen auf der Fantasy-Pferd-Platte platzieren und dann mit dem B\u00fcgelpapier fixieren. Lassen Sie Ihrer Fantasie freien Lauf, indem Sie die Farben mischen und [&hellip;]<\/p>\n","protected":false},"featured_media":99928,"comment_status":"closed","ping_status":"closed","template":"","meta":{"_acf_changed":false},"product_brand":[],"product_cat":[118],"product_tag":[],"class_list":{"0":"post-114536","1":"product","2":"type-product","3":"status-publish","4":"has-post-thumbnail","6":"product_cat-buegelperlen","7":"pa_leeftijd-filter-4-6-jahre","8":"pa_meest-populair-bij-jungen-maedchen","10":"first","11":"instock","12":"shipping-taxable","13":"product-type-simple"},"acf":[],"yoast_head":"<!-- This site is optimized with the Yoast SEO plugin v27.2 - https:\/\/yoast.com\/product\/yoast-seo-wordpress\/ -->\n<title>B\u00fcgelperlenset Einhorn Glow in the Dark - SES Creative<\/title>\n<meta name=\"robots\" content=\"index, follow, max-snippet:-1, max-image-preview:large, max-video-preview:-1\" \/>\n<link rel=\"canonical\" href=\"https:\/\/ses-creative.com\/de\/produkt\/buegelperlenset-einhorn-glow-in-the-dark\/\" \/>\n<meta property=\"og:locale\" content=\"de_DE\" \/>\n<meta property=\"og:type\" content=\"article\" \/>\n<meta property=\"og:title\" content=\"B\u00fcgelperlenset Einhorn Glow in the Dark - SES Creative\" \/>\n<meta property=\"og:description\" content=\"Tauchen Sie mit diesem Einhorn-B\u00fcgelperlen-Set, das ideal f\u00fcr Kinder ab 5 Jahren ist, in die m\u00e4rchenhafte Welt der Einh\u00f6rner ein. Mit diesem Kreativset k\u00f6nnen kleine K\u00fcnstler zauberhafte Motive kreieren, indem sie die Perlen auf der Fantasy-Pferd-Platte platzieren und dann mit dem B\u00fcgelpapier fixieren. Lassen Sie Ihrer Fantasie freien Lauf, indem Sie die Farben mischen und [&hellip;]\" \/>\n<meta property=\"og:url\" content=\"https:\/\/ses-creative.com\/de\/produkt\/buegelperlenset-einhorn-glow-in-the-dark\/\" \/>\n<meta property=\"og:site_name\" content=\"SES Creative\" \/>\n<meta property=\"article:modified_time\" content=\"2026-02-06T09:51:25+00:00\" \/>\n<meta name=\"twitter:card\" content=\"summary_large_image\" \/>\n<meta name=\"twitter:label1\" content=\"Gesch\u00e4tzte Lesezeit\" \/>\n\t<meta name=\"twitter:data1\" content=\"1\u00a0Minute\" \/>\n<script type=\"application\/ld+json\" class=\"yoast-schema-graph\">{\"@context\":\"https:\/\/schema.org\",\"@graph\":[{\"@type\":\"WebPage\",\"@id\":\"https:\/\/ses-creative.com\/de\/produkt\/buegelperlenset-einhorn-glow-in-the-dark\/\",\"url\":\"https:\/\/ses-creative.com\/de\/produkt\/buegelperlenset-einhorn-glow-in-the-dark\/\",\"name\":\"B\u00fcgelperlenset Einhorn Glow in the Dark - SES Creative\",\"isPartOf\":{\"@id\":\"https:\/\/ses-creative.com\/#website\"},\"primaryImageOfPage\":{\"@id\":\"https:\/\/ses-creative.com\/de\/produkt\/buegelperlenset-einhorn-glow-in-the-dark\/#primaryimage\"},\"image\":{\"@id\":\"https:\/\/ses-creative.com\/de\/produkt\/buegelperlenset-einhorn-glow-in-the-dark\/#primaryimage\"},\"thumbnailUrl\":\"https:\/\/ses-creative.com\/wp-content\/uploads\/2026\/01\/061151.jpg\",\"datePublished\":\"2026-02-05T13:52:23+00:00\",\"dateModified\":\"2026-02-06T09:51:25+00:00\",\"breadcrumb\":{\"@id\":\"https:\/\/ses-creative.com\/de\/produkt\/buegelperlenset-einhorn-glow-in-the-dark\/#breadcrumb\"},\"inLanguage\":\"de\",\"potentialAction\":[{\"@type\":\"ReadAction\",\"target\":[\"https:\/\/ses-creative.com\/de\/produkt\/buegelperlenset-einhorn-glow-in-the-dark\/\"]}]},{\"@type\":\"ImageObject\",\"inLanguage\":\"de\",\"@id\":\"https:\/\/ses-creative.com\/de\/produkt\/buegelperlenset-einhorn-glow-in-the-dark\/#primaryimage\",\"url\":\"https:\/\/ses-creative.com\/wp-content\/uploads\/2026\/01\/061151.jpg\",\"contentUrl\":\"https:\/\/ses-creative.com\/wp-content\/uploads\/2026\/01\/061151.jpg\",\"width\":1000,\"height\":1000},{\"@type\":\"BreadcrumbList\",\"@id\":\"https:\/\/ses-creative.com\/de\/produkt\/buegelperlenset-einhorn-glow-in-the-dark\/#breadcrumb\",\"itemListElement\":[{\"@type\":\"ListItem\",\"position\":1,\"name\":\"Shop\",\"item\":\"https:\/\/ses-creative.com\/de\/shop\/\"},{\"@type\":\"ListItem\",\"position\":2,\"name\":\"B\u00fcgelperlen\",\"item\":\"https:\/\/ses-creative.com\/de\/product-categorie\/buegelperlen\/\"},{\"@type\":\"ListItem\",\"position\":3,\"name\":\"B\u00fcgelperlenset Einhorn Glow in the Dark\"}]},{\"@type\":\"WebSite\",\"@id\":\"https:\/\/ses-creative.com\/#website\",\"url\":\"https:\/\/ses-creative.com\/\",\"name\":\"SES Creative\",\"description\":\"\",\"publisher\":{\"@id\":\"https:\/\/ses-creative.com\/#organization\"},\"potentialAction\":[{\"@type\":\"SearchAction\",\"target\":{\"@type\":\"EntryPoint\",\"urlTemplate\":\"https:\/\/ses-creative.com\/?s={search_term_string}\"},\"query-input\":{\"@type\":\"PropertyValueSpecification\",\"valueRequired\":true,\"valueName\":\"search_term_string\"}}],\"inLanguage\":\"de\"},{\"@type\":\"Organization\",\"@id\":\"https:\/\/ses-creative.com\/#organization\",\"name\":\"SES Creative\",\"url\":\"https:\/\/ses-creative.com\/\",\"logo\":{\"@type\":\"ImageObject\",\"inLanguage\":\"de\",\"@id\":\"https:\/\/ses-creative.com\/#\/schema\/logo\/image\/\",\"url\":\"https:\/\/ses-creative.com\/wp-content\/uploads\/2025\/10\/ses-creative-logo.jpg\",\"contentUrl\":\"https:\/\/ses-creative.com\/wp-content\/uploads\/2025\/10\/ses-creative-logo.jpg\",\"width\":2037,\"height\":2037,\"caption\":\"SES Creative\"},\"image\":{\"@id\":\"https:\/\/ses-creative.com\/#\/schema\/logo\/image\/\"}}]}<\/script>\n<!-- \/ Yoast SEO plugin. -->","yoast_head_json":{"title":"B\u00fcgelperlenset Einhorn Glow in the Dark - SES Creative","robots":{"index":"index","follow":"follow","max-snippet":"max-snippet:-1","max-image-preview":"max-image-preview:large","max-video-preview":"max-video-preview:-1"},"canonical":"https:\/\/ses-creative.com\/de\/produkt\/buegelperlenset-einhorn-glow-in-the-dark\/","og_locale":"de_DE","og_type":"article","og_title":"B\u00fcgelperlenset Einhorn Glow in the Dark - SES Creative","og_description":"Tauchen Sie mit diesem Einhorn-B\u00fcgelperlen-Set, das ideal f\u00fcr Kinder ab 5 Jahren ist, in die m\u00e4rchenhafte Welt der Einh\u00f6rner ein. Mit diesem Kreativset k\u00f6nnen kleine K\u00fcnstler zauberhafte Motive kreieren, indem sie die Perlen auf der Fantasy-Pferd-Platte platzieren und dann mit dem B\u00fcgelpapier fixieren. Lassen Sie Ihrer Fantasie freien Lauf, indem Sie die Farben mischen und [&hellip;]","og_url":"https:\/\/ses-creative.com\/de\/produkt\/buegelperlenset-einhorn-glow-in-the-dark\/","og_site_name":"SES Creative","article_modified_time":"2026-02-06T09:51:25+00:00","twitter_card":"summary_large_image","twitter_misc":{"Gesch\u00e4tzte Lesezeit":"1\u00a0Minute"},"schema":{"@context":"https:\/\/schema.org","@graph":[{"@type":"WebPage","@id":"https:\/\/ses-creative.com\/de\/produkt\/buegelperlenset-einhorn-glow-in-the-dark\/","url":"https:\/\/ses-creative.com\/de\/produkt\/buegelperlenset-einhorn-glow-in-the-dark\/","name":"B\u00fcgelperlenset Einhorn Glow in the Dark - SES Creative","isPartOf":{"@id":"https:\/\/ses-creative.com\/#website"},"primaryImageOfPage":{"@id":"https:\/\/ses-creative.com\/de\/produkt\/buegelperlenset-einhorn-glow-in-the-dark\/#primaryimage"},"image":{"@id":"https:\/\/ses-creative.com\/de\/produkt\/buegelperlenset-einhorn-glow-in-the-dark\/#primaryimage"},"thumbnailUrl":"https:\/\/ses-creative.com\/wp-content\/uploads\/2026\/01\/061151.jpg","datePublished":"2026-02-05T13:52:23+00:00","dateModified":"2026-02-06T09:51:25+00:00","breadcrumb":{"@id":"https:\/\/ses-creative.com\/de\/produkt\/buegelperlenset-einhorn-glow-in-the-dark\/#breadcrumb"},"inLanguage":"de","potentialAction":[{"@type":"ReadAction","target":["https:\/\/ses-creative.com\/de\/produkt\/buegelperlenset-einhorn-glow-in-the-dark\/"]}]},{"@type":"ImageObject","inLanguage":"de","@id":"https:\/\/ses-creative.com\/de\/produkt\/buegelperlenset-einhorn-glow-in-the-dark\/#primaryimage","url":"https:\/\/ses-creative.com\/wp-content\/uploads\/2026\/01\/061151.jpg","contentUrl":"https:\/\/ses-creative.com\/wp-content\/uploads\/2026\/01\/061151.jpg","width":1000,"height":1000},{"@type":"BreadcrumbList","@id":"https:\/\/ses-creative.com\/de\/produkt\/buegelperlenset-einhorn-glow-in-the-dark\/#breadcrumb","itemListElement":[{"@type":"ListItem","position":1,"name":"Shop","item":"https:\/\/ses-creative.com\/de\/shop\/"},{"@type":"ListItem","position":2,"name":"B\u00fcgelperlen","item":"https:\/\/ses-creative.com\/de\/product-categorie\/buegelperlen\/"},{"@type":"ListItem","position":3,"name":"B\u00fcgelperlenset Einhorn Glow in the Dark"}]},{"@type":"WebSite","@id":"https:\/\/ses-creative.com\/#website","url":"https:\/\/ses-creative.com\/","name":"SES Creative","description":"","publisher":{"@id":"https:\/\/ses-creative.com\/#organization"},"potentialAction":[{"@type":"SearchAction","target":{"@type":"EntryPoint","urlTemplate":"https:\/\/ses-creative.com\/?s={search_term_string}"},"query-input":{"@type":"PropertyValueSpecification","valueRequired":true,"valueName":"search_term_string"}}],"inLanguage":"de"},{"@type":"Organization","@id":"https:\/\/ses-creative.com\/#organization","name":"SES Creative","url":"https:\/\/ses-creative.com\/","logo":{"@type":"ImageObject","inLanguage":"de","@id":"https:\/\/ses-creative.com\/#\/schema\/logo\/image\/","url":"https:\/\/ses-creative.com\/wp-content\/uploads\/2025\/10\/ses-creative-logo.jpg","contentUrl":"https:\/\/ses-creative.com\/wp-content\/uploads\/2025\/10\/ses-creative-logo.jpg","width":2037,"height":2037,"caption":"SES Creative"},"image":{"@id":"https:\/\/ses-creative.com\/#\/schema\/logo\/image\/"}}]}},"_links":{"self":[{"href":"https:\/\/ses-creative.com\/de\/wp-json\/wp\/v2\/product\/114536","targetHints":{"allow":["GET"]}}],"collection":[{"href":"https:\/\/ses-creative.com\/de\/wp-json\/wp\/v2\/product"}],"about":[{"href":"https:\/\/ses-creative.com\/de\/wp-json\/wp\/v2\/types\/product"}],"replies":[{"embeddable":true,"href":"https:\/\/ses-creative.com\/de\/wp-json\/wp\/v2\/comments?post=114536"}],"wp:featuredmedia":[{"embeddable":true,"href":"https:\/\/ses-creative.com\/de\/wp-json\/wp\/v2\/media\/99928"}],"wp:attachment":[{"href":"https:\/\/ses-creative.com\/de\/wp-json\/wp\/v2\/media?parent=114536"}],"wp:term":[{"taxonomy":"product_brand","embeddable":true,"href":"https:\/\/ses-creative.com\/de\/wp-json\/wp\/v2\/product_brand?post=114536"},{"taxonomy":"product_cat","embeddable":true,"href":"https:\/\/ses-creative.com\/de\/wp-json\/wp\/v2\/product_cat?post=114536"},{"taxonomy":"product_tag","embeddable":true,"href":"https:\/\/ses-creative.com\/de\/wp-json\/wp\/v2\/product_tag?post=114536"}],"curies":[{"name":"wp","href":"https:\/\/api.w.org\/{rel}","templated":true}]}}