











{"id":114532,"date":"2026-02-05T13:52:23","date_gmt":"2026-02-05T13:52:23","guid":{"rendered":"https:\/\/ses-creative.com\/?post_type=product&#038;p=114532"},"modified":"2026-02-06T09:51:25","modified_gmt":"2026-02-06T09:51:25","slug":"buegelperlen-diamantschmuck","status":"publish","type":"product","link":"https:\/\/ses-creative.com\/de\/produkt\/buegelperlen-diamantschmuck\/","title":{"rendered":"B\u00fcgelperlen  Diamantschmuck"},"content":{"rendered":"<p>Beedz \u2013 Diamantschmuck: Entwerfen Sie Ihre eigene gl\u00e4nzende Kollektion<\/p>\n<p>Mit dem Beedz Diamantschmuck-Set von SES Creative kannst du wundersch\u00f6nen, funkelnden Schmuck herstellen. Mit 1200 diamantf\u00f6rmigen B\u00fcgelperlen, elastischen F\u00e4den, Verschl\u00fcssen und Anh\u00e4ngern entwirfst du einzigartige Armb\u00e4nder, Halsketten und Accessoires, die du mit Stolz tragen oder verschenken kannst. Perfekt f\u00fcr junge Modedesigner ab 5 Jahren, die ihrer Kreativit\u00e4t freien Lauf lassen m\u00f6chten.<\/p>\n<p>Was dieses Set so toll macht<\/p>\n<p>Enth\u00e4lt 1200 diamantf\u00f6rmige B\u00fcgelperlen in leuchtenden Farben<br \/>\nEnth\u00e4lt elastische F\u00e4den, Verschl\u00fcsse und niedliche Anh\u00e4nger<br \/>\nPVC-frei und sicheres Material<br \/>\nGeeignet f\u00fcr Kinder ab 5 Jahren<br \/>\nF\u00f6rdert Kreativit\u00e4t, Feinmotorik und Modebewusstsein<\/p>\n<p>Lassen Sie Ihrer Fantasie freien Lauf<br \/>\nMit diesem Set k\u00f6nnen Kinder ihren eigenen Schmuck entwerfen, der wie echte Diamanten funkelt. Die B\u00fcgelperlen sind einfach zu verwenden und verwandeln jedes Design in ein wundersch\u00f6nes Accessoire. Ob du alleine oder zusammen mit Freundinnen bastelst, du kreierst Schmuck, der perfekt zu deinem Stil und deiner Pers\u00f6nlichkeit passt.<\/p>\n<p>Inhalt des Sets<\/p>\n<p>1200 diamantf\u00f6rmige B\u00fcgelperlen<br \/>\nElastische F\u00e4den<br \/>\nVerschl\u00fcsse<br \/>\nAnh\u00e4nger<\/p>\n<p>Warum SES Creative w\u00e4hlen<br \/>\nBei SES Creative legen wir gro\u00dfen Wert auf Sicherheit. Deshalb werden die Produkte in unserem Werk in den Niederlanden nach den strengsten europ\u00e4ischen Sicherheitsnormen hergestellt und getestet. Spielzeug und Kreativsets von SES Creative sorgen f\u00fcr Spa\u00df und sind darauf ausgerichtet, dass Kinder stolz auf ihre Arbeit sein k\u00f6nnen, was ihre Kreativit\u00e4t und Entwicklung f\u00f6rdert.<\/p>\n<p>Beginnen Sie noch heute Ihr Beedz-Abenteuer<br \/>\nEntdecken Sie, wie viel Spa\u00df es macht, Ihren eigenen Schmuck zu entwerfen, und kreieren Sie mit diesem Diamant-Schmuckset wundersch\u00f6ne Kreationen. Perfekt f\u00fcr stundenlangen kreativen Spa\u00df und gl\u00e4nzende Ergebnisse!<\/p>\n","protected":false},"excerpt":{"rendered":"<p>Beedz \u2013 Diamantschmuck: Entwerfen Sie Ihre eigene gl\u00e4nzende Kollektion Mit dem Beedz Diamantschmuck-Set von SES Creative kannst du wundersch\u00f6nen, funkelnden Schmuck herstellen. Mit 1200 diamantf\u00f6rmigen B\u00fcgelperlen, elastischen F\u00e4den, Verschl\u00fcssen und Anh\u00e4ngern entwirfst du einzigartige Armb\u00e4nder, Halsketten und Accessoires, die du mit Stolz tragen oder verschenken kannst. Perfekt f\u00fcr junge Modedesigner ab 5 Jahren, die ihrer [&hellip;]<\/p>\n","protected":false},"featured_media":93912,"comment_status":"closed","ping_status":"closed","template":"","meta":{"_acf_changed":false},"product_brand":[],"product_cat":[118],"product_tag":[],"class_list":{"0":"post-114532","1":"product","2":"type-product","3":"status-publish","4":"has-post-thumbnail","6":"product_cat-buegelperlen","7":"pa_leeftijd-filter-4-6-jahre","8":"pa_meest-populair-bij-jungen-maedchen","10":"first","11":"instock","12":"shipping-taxable","13":"product-type-simple"},"acf":[],"yoast_head":"<!-- This site is optimized with the Yoast SEO plugin v27.2 - https:\/\/yoast.com\/product\/yoast-seo-wordpress\/ -->\n<title>B\u00fcgelperlen Diamantschmuck - SES Creative<\/title>\n<meta name=\"robots\" content=\"index, follow, max-snippet:-1, max-image-preview:large, max-video-preview:-1\" \/>\n<link rel=\"canonical\" href=\"https:\/\/ses-creative.com\/de\/produkt\/buegelperlen-diamantschmuck\/\" \/>\n<meta property=\"og:locale\" content=\"de_DE\" \/>\n<meta property=\"og:type\" content=\"article\" \/>\n<meta property=\"og:title\" content=\"B\u00fcgelperlen Diamantschmuck - SES Creative\" \/>\n<meta property=\"og:description\" content=\"Beedz \u2013 Diamantschmuck: Entwerfen Sie Ihre eigene gl\u00e4nzende Kollektion Mit dem Beedz Diamantschmuck-Set von SES Creative kannst du wundersch\u00f6nen, funkelnden Schmuck herstellen. Mit 1200 diamantf\u00f6rmigen B\u00fcgelperlen, elastischen F\u00e4den, Verschl\u00fcssen und Anh\u00e4ngern entwirfst du einzigartige Armb\u00e4nder, Halsketten und Accessoires, die du mit Stolz tragen oder verschenken kannst. Perfekt f\u00fcr junge Modedesigner ab 5 Jahren, die ihrer [&hellip;]\" \/>\n<meta property=\"og:url\" content=\"https:\/\/ses-creative.com\/de\/produkt\/buegelperlen-diamantschmuck\/\" \/>\n<meta property=\"og:site_name\" content=\"SES Creative\" \/>\n<meta property=\"article:modified_time\" content=\"2026-02-06T09:51:25+00:00\" \/>\n<meta name=\"twitter:card\" content=\"summary_large_image\" \/>\n<meta name=\"twitter:label1\" content=\"Gesch\u00e4tzte Lesezeit\" \/>\n\t<meta name=\"twitter:data1\" content=\"1\u00a0Minute\" \/>\n<script type=\"application\/ld+json\" class=\"yoast-schema-graph\">{\"@context\":\"https:\/\/schema.org\",\"@graph\":[{\"@type\":\"WebPage\",\"@id\":\"https:\/\/ses-creative.com\/de\/produkt\/buegelperlen-diamantschmuck\/\",\"url\":\"https:\/\/ses-creative.com\/de\/produkt\/buegelperlen-diamantschmuck\/\",\"name\":\"B\u00fcgelperlen Diamantschmuck - SES Creative\",\"isPartOf\":{\"@id\":\"https:\/\/ses-creative.com\/#website\"},\"primaryImageOfPage\":{\"@id\":\"https:\/\/ses-creative.com\/de\/produkt\/buegelperlen-diamantschmuck\/#primaryimage\"},\"image\":{\"@id\":\"https:\/\/ses-creative.com\/de\/produkt\/buegelperlen-diamantschmuck\/#primaryimage\"},\"thumbnailUrl\":\"https:\/\/ses-creative.com\/wp-content\/uploads\/2026\/01\/060781.jpg\",\"datePublished\":\"2026-02-05T13:52:23+00:00\",\"dateModified\":\"2026-02-06T09:51:25+00:00\",\"breadcrumb\":{\"@id\":\"https:\/\/ses-creative.com\/de\/produkt\/buegelperlen-diamantschmuck\/#breadcrumb\"},\"inLanguage\":\"de\",\"potentialAction\":[{\"@type\":\"ReadAction\",\"target\":[\"https:\/\/ses-creative.com\/de\/produkt\/buegelperlen-diamantschmuck\/\"]}]},{\"@type\":\"ImageObject\",\"inLanguage\":\"de\",\"@id\":\"https:\/\/ses-creative.com\/de\/produkt\/buegelperlen-diamantschmuck\/#primaryimage\",\"url\":\"https:\/\/ses-creative.com\/wp-content\/uploads\/2026\/01\/060781.jpg\",\"contentUrl\":\"https:\/\/ses-creative.com\/wp-content\/uploads\/2026\/01\/060781.jpg\",\"width\":1000,\"height\":1000},{\"@type\":\"BreadcrumbList\",\"@id\":\"https:\/\/ses-creative.com\/de\/produkt\/buegelperlen-diamantschmuck\/#breadcrumb\",\"itemListElement\":[{\"@type\":\"ListItem\",\"position\":1,\"name\":\"Shop\",\"item\":\"https:\/\/ses-creative.com\/de\/shop\/\"},{\"@type\":\"ListItem\",\"position\":2,\"name\":\"B\u00fcgelperlen\",\"item\":\"https:\/\/ses-creative.com\/de\/product-categorie\/buegelperlen\/\"},{\"@type\":\"ListItem\",\"position\":3,\"name\":\"B\u00fcgelperlen Diamantschmuck\"}]},{\"@type\":\"WebSite\",\"@id\":\"https:\/\/ses-creative.com\/#website\",\"url\":\"https:\/\/ses-creative.com\/\",\"name\":\"SES Creative\",\"description\":\"\",\"publisher\":{\"@id\":\"https:\/\/ses-creative.com\/#organization\"},\"potentialAction\":[{\"@type\":\"SearchAction\",\"target\":{\"@type\":\"EntryPoint\",\"urlTemplate\":\"https:\/\/ses-creative.com\/?s={search_term_string}\"},\"query-input\":{\"@type\":\"PropertyValueSpecification\",\"valueRequired\":true,\"valueName\":\"search_term_string\"}}],\"inLanguage\":\"de\"},{\"@type\":\"Organization\",\"@id\":\"https:\/\/ses-creative.com\/#organization\",\"name\":\"SES Creative\",\"url\":\"https:\/\/ses-creative.com\/\",\"logo\":{\"@type\":\"ImageObject\",\"inLanguage\":\"de\",\"@id\":\"https:\/\/ses-creative.com\/#\/schema\/logo\/image\/\",\"url\":\"https:\/\/ses-creative.com\/wp-content\/uploads\/2025\/10\/ses-creative-logo.jpg\",\"contentUrl\":\"https:\/\/ses-creative.com\/wp-content\/uploads\/2025\/10\/ses-creative-logo.jpg\",\"width\":2037,\"height\":2037,\"caption\":\"SES Creative\"},\"image\":{\"@id\":\"https:\/\/ses-creative.com\/#\/schema\/logo\/image\/\"}}]}<\/script>\n<!-- \/ Yoast SEO plugin. -->","yoast_head_json":{"title":"B\u00fcgelperlen Diamantschmuck - SES Creative","robots":{"index":"index","follow":"follow","max-snippet":"max-snippet:-1","max-image-preview":"max-image-preview:large","max-video-preview":"max-video-preview:-1"},"canonical":"https:\/\/ses-creative.com\/de\/produkt\/buegelperlen-diamantschmuck\/","og_locale":"de_DE","og_type":"article","og_title":"B\u00fcgelperlen Diamantschmuck - SES Creative","og_description":"Beedz \u2013 Diamantschmuck: Entwerfen Sie Ihre eigene gl\u00e4nzende Kollektion Mit dem Beedz Diamantschmuck-Set von SES Creative kannst du wundersch\u00f6nen, funkelnden Schmuck herstellen. Mit 1200 diamantf\u00f6rmigen B\u00fcgelperlen, elastischen F\u00e4den, Verschl\u00fcssen und Anh\u00e4ngern entwirfst du einzigartige Armb\u00e4nder, Halsketten und Accessoires, die du mit Stolz tragen oder verschenken kannst. Perfekt f\u00fcr junge Modedesigner ab 5 Jahren, die ihrer [&hellip;]","og_url":"https:\/\/ses-creative.com\/de\/produkt\/buegelperlen-diamantschmuck\/","og_site_name":"SES Creative","article_modified_time":"2026-02-06T09:51:25+00:00","twitter_card":"summary_large_image","twitter_misc":{"Gesch\u00e4tzte Lesezeit":"1\u00a0Minute"},"schema":{"@context":"https:\/\/schema.org","@graph":[{"@type":"WebPage","@id":"https:\/\/ses-creative.com\/de\/produkt\/buegelperlen-diamantschmuck\/","url":"https:\/\/ses-creative.com\/de\/produkt\/buegelperlen-diamantschmuck\/","name":"B\u00fcgelperlen Diamantschmuck - SES Creative","isPartOf":{"@id":"https:\/\/ses-creative.com\/#website"},"primaryImageOfPage":{"@id":"https:\/\/ses-creative.com\/de\/produkt\/buegelperlen-diamantschmuck\/#primaryimage"},"image":{"@id":"https:\/\/ses-creative.com\/de\/produkt\/buegelperlen-diamantschmuck\/#primaryimage"},"thumbnailUrl":"https:\/\/ses-creative.com\/wp-content\/uploads\/2026\/01\/060781.jpg","datePublished":"2026-02-05T13:52:23+00:00","dateModified":"2026-02-06T09:51:25+00:00","breadcrumb":{"@id":"https:\/\/ses-creative.com\/de\/produkt\/buegelperlen-diamantschmuck\/#breadcrumb"},"inLanguage":"de","potentialAction":[{"@type":"ReadAction","target":["https:\/\/ses-creative.com\/de\/produkt\/buegelperlen-diamantschmuck\/"]}]},{"@type":"ImageObject","inLanguage":"de","@id":"https:\/\/ses-creative.com\/de\/produkt\/buegelperlen-diamantschmuck\/#primaryimage","url":"https:\/\/ses-creative.com\/wp-content\/uploads\/2026\/01\/060781.jpg","contentUrl":"https:\/\/ses-creative.com\/wp-content\/uploads\/2026\/01\/060781.jpg","width":1000,"height":1000},{"@type":"BreadcrumbList","@id":"https:\/\/ses-creative.com\/de\/produkt\/buegelperlen-diamantschmuck\/#breadcrumb","itemListElement":[{"@type":"ListItem","position":1,"name":"Shop","item":"https:\/\/ses-creative.com\/de\/shop\/"},{"@type":"ListItem","position":2,"name":"B\u00fcgelperlen","item":"https:\/\/ses-creative.com\/de\/product-categorie\/buegelperlen\/"},{"@type":"ListItem","position":3,"name":"B\u00fcgelperlen Diamantschmuck"}]},{"@type":"WebSite","@id":"https:\/\/ses-creative.com\/#website","url":"https:\/\/ses-creative.com\/","name":"SES Creative","description":"","publisher":{"@id":"https:\/\/ses-creative.com\/#organization"},"potentialAction":[{"@type":"SearchAction","target":{"@type":"EntryPoint","urlTemplate":"https:\/\/ses-creative.com\/?s={search_term_string}"},"query-input":{"@type":"PropertyValueSpecification","valueRequired":true,"valueName":"search_term_string"}}],"inLanguage":"de"},{"@type":"Organization","@id":"https:\/\/ses-creative.com\/#organization","name":"SES Creative","url":"https:\/\/ses-creative.com\/","logo":{"@type":"ImageObject","inLanguage":"de","@id":"https:\/\/ses-creative.com\/#\/schema\/logo\/image\/","url":"https:\/\/ses-creative.com\/wp-content\/uploads\/2025\/10\/ses-creative-logo.jpg","contentUrl":"https:\/\/ses-creative.com\/wp-content\/uploads\/2025\/10\/ses-creative-logo.jpg","width":2037,"height":2037,"caption":"SES Creative"},"image":{"@id":"https:\/\/ses-creative.com\/#\/schema\/logo\/image\/"}}]}},"_links":{"self":[{"href":"https:\/\/ses-creative.com\/de\/wp-json\/wp\/v2\/product\/114532","targetHints":{"allow":["GET"]}}],"collection":[{"href":"https:\/\/ses-creative.com\/de\/wp-json\/wp\/v2\/product"}],"about":[{"href":"https:\/\/ses-creative.com\/de\/wp-json\/wp\/v2\/types\/product"}],"replies":[{"embeddable":true,"href":"https:\/\/ses-creative.com\/de\/wp-json\/wp\/v2\/comments?post=114532"}],"wp:featuredmedia":[{"embeddable":true,"href":"https:\/\/ses-creative.com\/de\/wp-json\/wp\/v2\/media\/93912"}],"wp:attachment":[{"href":"https:\/\/ses-creative.com\/de\/wp-json\/wp\/v2\/media?parent=114532"}],"wp:term":[{"taxonomy":"product_brand","embeddable":true,"href":"https:\/\/ses-creative.com\/de\/wp-json\/wp\/v2\/product_brand?post=114532"},{"taxonomy":"product_cat","embeddable":true,"href":"https:\/\/ses-creative.com\/de\/wp-json\/wp\/v2\/product_cat?post=114532"},{"taxonomy":"product_tag","embeddable":true,"href":"https:\/\/ses-creative.com\/de\/wp-json\/wp\/v2\/product_tag?post=114532"}],"curies":[{"name":"wp","href":"https:\/\/api.w.org\/{rel}","templated":true}]}}