











{"id":114530,"date":"2026-02-05T13:52:22","date_gmt":"2026-02-05T13:52:22","guid":{"rendered":"https:\/\/ses-creative.com\/?post_type=product&#038;p=114530"},"modified":"2026-02-06T09:51:24","modified_gmt":"2026-02-06T09:51:24","slug":"beedz-art-schmetterling-und-kaefer","status":"publish","type":"product","link":"https:\/\/ses-creative.com\/de\/produkt\/beedz-art-schmetterling-und-kaefer\/","title":{"rendered":"Beedz Art &#8211; Schmetterling und K\u00e4fer"},"content":{"rendered":"<p>Beedz Art \u2013 3D-Schmetterlinge und Insekten: Gestalte deine eigenen farbenfrohen Kunstwerke<\/p>\n<p>Mit diesem Beedz Art-Set von SES Creative erweckst du die Magie der Insekten zum Leben. Gestalte wundersch\u00f6ne Schmetterlinge und K\u00e4fer, die dank des 3D-Effekts wirklich auffallen. Mit 1600 bunten B\u00fcgelperlen und den mitgelieferten Materialien kannst du einzigartige Kunstwerke schaffen, die du stolz in deinem Zimmer aufh\u00e4ngen kannst. Perfekt f\u00fcr kreative Teenager und Erwachsene ab 12 Jahren, die Farben, Natur und anspruchsvolle Bastelprojekte lieben.<\/p>\n<p>Was dieses Set so gro\u00dfartig macht<\/p>\n<p>Komplettes Set mit 1600 gemischten Perlen, sechseckiger Grundplatte, Schaumstoffband, B\u00fcgelpapier und Anleitung<br \/>\nEinzigartiger 3D-Effekt, der die Insekten wirklich hervorhebt<br \/>\nF\u00f6rdert Kreativit\u00e4t, Feinmotorik, Konzentration und Geduld<br \/>\nGeeignet f\u00fcr Erwachsene und Kinder ab 12 Jahren<br \/>\nEndergebnis: farbenfrohe Schmetterlinge und K\u00e4fer, die Ihr Zimmer versch\u00f6nern<\/p>\n<p>Lassen Sie Ihrer Fantasie freien Lauf<br \/>\nDas Basteln dieser Insekten ist nicht nur ein Handwerk, sondern eine kreative Entdeckungsreise. Sie lernen Schritt f\u00fcr Schritt, mit Perlen zu arbeiten, w\u00e4hrend Sie Geduld und Pr\u00e4zision entwickeln. Der 3D-Effekt sorgt f\u00fcr ein verspieltes Ergebnis, das jede Kreation zu etwas Besonderem macht und Ihrem Interieur einen Hauch von Magie verleiht.<\/p>\n<p>Inhalt des Sets<\/p>\n<p>1600 bunte B\u00fcgelperlen<br \/>\n1 sechseckige Grundplatte<br \/>\nSchaumstoffband f\u00fcr den 3D-Effekt<br \/>\nB\u00fcgelpapier<br \/>\nAnleitung<\/p>\n<p>Warum SES Creative w\u00e4hlen<br \/>\nBei SES Creative legen wir gro\u00dfen Wert auf Sicherheit. Deshalb werden die Produkte in unserem Werk in den Niederlanden nach den strengsten europ\u00e4ischen Sicherheitsnormen hergestellt und getestet. Die Kreativsets von SES Creative sorgen f\u00fcr Spa\u00df und sind darauf ausgerichtet, dass die Bastler stolz auf ihre Arbeit sein k\u00f6nnen, was Kreativit\u00e4t und Entwicklung f\u00f6rdert.<\/p>\n<p>Beginnen Sie noch heute mit Ihrem Beedz Art-Meisterwerk<br \/>\nEntdecken Sie, wie viel Spa\u00df und Entspannung Beedz Art bieten kann, und gestalten Sie mit diesem 3D-Set die sch\u00f6nsten Schmetterlinge und Insekten. Perfekt f\u00fcr stundenlangen kreativen Spa\u00df und eine farbenfrohe Erg\u00e4nzung f\u00fcr Ihr Zimmer!<\/p>\n","protected":false},"excerpt":{"rendered":"<p>Beedz Art \u2013 3D-Schmetterlinge und Insekten: Gestalte deine eigenen farbenfrohen Kunstwerke Mit diesem Beedz Art-Set von SES Creative erweckst du die Magie der Insekten zum Leben. Gestalte wundersch\u00f6ne Schmetterlinge und K\u00e4fer, die dank des 3D-Effekts wirklich auffallen. Mit 1600 bunten B\u00fcgelperlen und den mitgelieferten Materialien kannst du einzigartige Kunstwerke schaffen, die du stolz in deinem [&hellip;]<\/p>\n","protected":false},"featured_media":99828,"comment_status":"closed","ping_status":"closed","template":"","meta":{"_acf_changed":false},"product_brand":[],"product_cat":[118],"product_tag":[],"class_list":{"0":"post-114530","1":"product","2":"type-product","3":"status-publish","4":"has-post-thumbnail","6":"product_cat-buegelperlen","7":"pa_leeftijd-filter-6-jahre","8":"pa_meest-populair-bij-jungen-maedchen","10":"first","11":"instock","12":"shipping-taxable","13":"product-type-simple"},"acf":[],"yoast_head":"<!-- This site is optimized with the Yoast SEO plugin v27.2 - https:\/\/yoast.com\/product\/yoast-seo-wordpress\/ -->\n<title>Beedz Art - Schmetterling und K\u00e4fer - SES Creative<\/title>\n<meta name=\"robots\" content=\"index, follow, max-snippet:-1, max-image-preview:large, max-video-preview:-1\" \/>\n<link rel=\"canonical\" href=\"https:\/\/ses-creative.com\/de\/produkt\/beedz-art-schmetterling-und-kaefer\/\" \/>\n<meta property=\"og:locale\" content=\"de_DE\" \/>\n<meta property=\"og:type\" content=\"article\" \/>\n<meta property=\"og:title\" content=\"Beedz Art - Schmetterling und K\u00e4fer - SES Creative\" \/>\n<meta property=\"og:description\" content=\"Beedz Art \u2013 3D-Schmetterlinge und Insekten: Gestalte deine eigenen farbenfrohen Kunstwerke Mit diesem Beedz Art-Set von SES Creative erweckst du die Magie der Insekten zum Leben. Gestalte wundersch\u00f6ne Schmetterlinge und K\u00e4fer, die dank des 3D-Effekts wirklich auffallen. Mit 1600 bunten B\u00fcgelperlen und den mitgelieferten Materialien kannst du einzigartige Kunstwerke schaffen, die du stolz in deinem [&hellip;]\" \/>\n<meta property=\"og:url\" content=\"https:\/\/ses-creative.com\/de\/produkt\/beedz-art-schmetterling-und-kaefer\/\" \/>\n<meta property=\"og:site_name\" content=\"SES Creative\" \/>\n<meta property=\"article:modified_time\" content=\"2026-02-06T09:51:24+00:00\" \/>\n<meta name=\"twitter:card\" content=\"summary_large_image\" \/>\n<meta name=\"twitter:label1\" content=\"Gesch\u00e4tzte Lesezeit\" \/>\n\t<meta name=\"twitter:data1\" content=\"2\u00a0Minuten\" \/>\n<script type=\"application\/ld+json\" class=\"yoast-schema-graph\">{\"@context\":\"https:\/\/schema.org\",\"@graph\":[{\"@type\":\"WebPage\",\"@id\":\"https:\/\/ses-creative.com\/de\/produkt\/beedz-art-schmetterling-und-kaefer\/\",\"url\":\"https:\/\/ses-creative.com\/de\/produkt\/beedz-art-schmetterling-und-kaefer\/\",\"name\":\"Beedz Art - Schmetterling und K\u00e4fer - SES Creative\",\"isPartOf\":{\"@id\":\"https:\/\/ses-creative.com\/#website\"},\"primaryImageOfPage\":{\"@id\":\"https:\/\/ses-creative.com\/de\/produkt\/beedz-art-schmetterling-und-kaefer\/#primaryimage\"},\"image\":{\"@id\":\"https:\/\/ses-creative.com\/de\/produkt\/beedz-art-schmetterling-und-kaefer\/#primaryimage\"},\"thumbnailUrl\":\"https:\/\/ses-creative.com\/wp-content\/uploads\/2026\/01\/060261.jpg\",\"datePublished\":\"2026-02-05T13:52:22+00:00\",\"dateModified\":\"2026-02-06T09:51:24+00:00\",\"breadcrumb\":{\"@id\":\"https:\/\/ses-creative.com\/de\/produkt\/beedz-art-schmetterling-und-kaefer\/#breadcrumb\"},\"inLanguage\":\"de\",\"potentialAction\":[{\"@type\":\"ReadAction\",\"target\":[\"https:\/\/ses-creative.com\/de\/produkt\/beedz-art-schmetterling-und-kaefer\/\"]}]},{\"@type\":\"ImageObject\",\"inLanguage\":\"de\",\"@id\":\"https:\/\/ses-creative.com\/de\/produkt\/beedz-art-schmetterling-und-kaefer\/#primaryimage\",\"url\":\"https:\/\/ses-creative.com\/wp-content\/uploads\/2026\/01\/060261.jpg\",\"contentUrl\":\"https:\/\/ses-creative.com\/wp-content\/uploads\/2026\/01\/060261.jpg\",\"width\":1000,\"height\":1000},{\"@type\":\"BreadcrumbList\",\"@id\":\"https:\/\/ses-creative.com\/de\/produkt\/beedz-art-schmetterling-und-kaefer\/#breadcrumb\",\"itemListElement\":[{\"@type\":\"ListItem\",\"position\":1,\"name\":\"Shop\",\"item\":\"https:\/\/ses-creative.com\/de\/shop\/\"},{\"@type\":\"ListItem\",\"position\":2,\"name\":\"B\u00fcgelperlen\",\"item\":\"https:\/\/ses-creative.com\/de\/product-categorie\/buegelperlen\/\"},{\"@type\":\"ListItem\",\"position\":3,\"name\":\"Beedz Art &#8211; Schmetterling und K\u00e4fer\"}]},{\"@type\":\"WebSite\",\"@id\":\"https:\/\/ses-creative.com\/#website\",\"url\":\"https:\/\/ses-creative.com\/\",\"name\":\"SES Creative\",\"description\":\"\",\"publisher\":{\"@id\":\"https:\/\/ses-creative.com\/#organization\"},\"potentialAction\":[{\"@type\":\"SearchAction\",\"target\":{\"@type\":\"EntryPoint\",\"urlTemplate\":\"https:\/\/ses-creative.com\/?s={search_term_string}\"},\"query-input\":{\"@type\":\"PropertyValueSpecification\",\"valueRequired\":true,\"valueName\":\"search_term_string\"}}],\"inLanguage\":\"de\"},{\"@type\":\"Organization\",\"@id\":\"https:\/\/ses-creative.com\/#organization\",\"name\":\"SES Creative\",\"url\":\"https:\/\/ses-creative.com\/\",\"logo\":{\"@type\":\"ImageObject\",\"inLanguage\":\"de\",\"@id\":\"https:\/\/ses-creative.com\/#\/schema\/logo\/image\/\",\"url\":\"https:\/\/ses-creative.com\/wp-content\/uploads\/2025\/10\/ses-creative-logo.jpg\",\"contentUrl\":\"https:\/\/ses-creative.com\/wp-content\/uploads\/2025\/10\/ses-creative-logo.jpg\",\"width\":2037,\"height\":2037,\"caption\":\"SES Creative\"},\"image\":{\"@id\":\"https:\/\/ses-creative.com\/#\/schema\/logo\/image\/\"}}]}<\/script>\n<!-- \/ Yoast SEO plugin. -->","yoast_head_json":{"title":"Beedz Art - Schmetterling und K\u00e4fer - SES Creative","robots":{"index":"index","follow":"follow","max-snippet":"max-snippet:-1","max-image-preview":"max-image-preview:large","max-video-preview":"max-video-preview:-1"},"canonical":"https:\/\/ses-creative.com\/de\/produkt\/beedz-art-schmetterling-und-kaefer\/","og_locale":"de_DE","og_type":"article","og_title":"Beedz Art - Schmetterling und K\u00e4fer - SES Creative","og_description":"Beedz Art \u2013 3D-Schmetterlinge und Insekten: Gestalte deine eigenen farbenfrohen Kunstwerke Mit diesem Beedz Art-Set von SES Creative erweckst du die Magie der Insekten zum Leben. Gestalte wundersch\u00f6ne Schmetterlinge und K\u00e4fer, die dank des 3D-Effekts wirklich auffallen. Mit 1600 bunten B\u00fcgelperlen und den mitgelieferten Materialien kannst du einzigartige Kunstwerke schaffen, die du stolz in deinem [&hellip;]","og_url":"https:\/\/ses-creative.com\/de\/produkt\/beedz-art-schmetterling-und-kaefer\/","og_site_name":"SES Creative","article_modified_time":"2026-02-06T09:51:24+00:00","twitter_card":"summary_large_image","twitter_misc":{"Gesch\u00e4tzte Lesezeit":"2\u00a0Minuten"},"schema":{"@context":"https:\/\/schema.org","@graph":[{"@type":"WebPage","@id":"https:\/\/ses-creative.com\/de\/produkt\/beedz-art-schmetterling-und-kaefer\/","url":"https:\/\/ses-creative.com\/de\/produkt\/beedz-art-schmetterling-und-kaefer\/","name":"Beedz Art - Schmetterling und K\u00e4fer - SES Creative","isPartOf":{"@id":"https:\/\/ses-creative.com\/#website"},"primaryImageOfPage":{"@id":"https:\/\/ses-creative.com\/de\/produkt\/beedz-art-schmetterling-und-kaefer\/#primaryimage"},"image":{"@id":"https:\/\/ses-creative.com\/de\/produkt\/beedz-art-schmetterling-und-kaefer\/#primaryimage"},"thumbnailUrl":"https:\/\/ses-creative.com\/wp-content\/uploads\/2026\/01\/060261.jpg","datePublished":"2026-02-05T13:52:22+00:00","dateModified":"2026-02-06T09:51:24+00:00","breadcrumb":{"@id":"https:\/\/ses-creative.com\/de\/produkt\/beedz-art-schmetterling-und-kaefer\/#breadcrumb"},"inLanguage":"de","potentialAction":[{"@type":"ReadAction","target":["https:\/\/ses-creative.com\/de\/produkt\/beedz-art-schmetterling-und-kaefer\/"]}]},{"@type":"ImageObject","inLanguage":"de","@id":"https:\/\/ses-creative.com\/de\/produkt\/beedz-art-schmetterling-und-kaefer\/#primaryimage","url":"https:\/\/ses-creative.com\/wp-content\/uploads\/2026\/01\/060261.jpg","contentUrl":"https:\/\/ses-creative.com\/wp-content\/uploads\/2026\/01\/060261.jpg","width":1000,"height":1000},{"@type":"BreadcrumbList","@id":"https:\/\/ses-creative.com\/de\/produkt\/beedz-art-schmetterling-und-kaefer\/#breadcrumb","itemListElement":[{"@type":"ListItem","position":1,"name":"Shop","item":"https:\/\/ses-creative.com\/de\/shop\/"},{"@type":"ListItem","position":2,"name":"B\u00fcgelperlen","item":"https:\/\/ses-creative.com\/de\/product-categorie\/buegelperlen\/"},{"@type":"ListItem","position":3,"name":"Beedz Art &#8211; Schmetterling und K\u00e4fer"}]},{"@type":"WebSite","@id":"https:\/\/ses-creative.com\/#website","url":"https:\/\/ses-creative.com\/","name":"SES Creative","description":"","publisher":{"@id":"https:\/\/ses-creative.com\/#organization"},"potentialAction":[{"@type":"SearchAction","target":{"@type":"EntryPoint","urlTemplate":"https:\/\/ses-creative.com\/?s={search_term_string}"},"query-input":{"@type":"PropertyValueSpecification","valueRequired":true,"valueName":"search_term_string"}}],"inLanguage":"de"},{"@type":"Organization","@id":"https:\/\/ses-creative.com\/#organization","name":"SES Creative","url":"https:\/\/ses-creative.com\/","logo":{"@type":"ImageObject","inLanguage":"de","@id":"https:\/\/ses-creative.com\/#\/schema\/logo\/image\/","url":"https:\/\/ses-creative.com\/wp-content\/uploads\/2025\/10\/ses-creative-logo.jpg","contentUrl":"https:\/\/ses-creative.com\/wp-content\/uploads\/2025\/10\/ses-creative-logo.jpg","width":2037,"height":2037,"caption":"SES Creative"},"image":{"@id":"https:\/\/ses-creative.com\/#\/schema\/logo\/image\/"}}]}},"_links":{"self":[{"href":"https:\/\/ses-creative.com\/de\/wp-json\/wp\/v2\/product\/114530","targetHints":{"allow":["GET"]}}],"collection":[{"href":"https:\/\/ses-creative.com\/de\/wp-json\/wp\/v2\/product"}],"about":[{"href":"https:\/\/ses-creative.com\/de\/wp-json\/wp\/v2\/types\/product"}],"replies":[{"embeddable":true,"href":"https:\/\/ses-creative.com\/de\/wp-json\/wp\/v2\/comments?post=114530"}],"wp:featuredmedia":[{"embeddable":true,"href":"https:\/\/ses-creative.com\/de\/wp-json\/wp\/v2\/media\/99828"}],"wp:attachment":[{"href":"https:\/\/ses-creative.com\/de\/wp-json\/wp\/v2\/media?parent=114530"}],"wp:term":[{"taxonomy":"product_brand","embeddable":true,"href":"https:\/\/ses-creative.com\/de\/wp-json\/wp\/v2\/product_brand?post=114530"},{"taxonomy":"product_cat","embeddable":true,"href":"https:\/\/ses-creative.com\/de\/wp-json\/wp\/v2\/product_cat?post=114530"},{"taxonomy":"product_tag","embeddable":true,"href":"https:\/\/ses-creative.com\/de\/wp-json\/wp\/v2\/product_tag?post=114530"}],"curies":[{"name":"wp","href":"https:\/\/api.w.org\/{rel}","templated":true}]}}