











{"id":114529,"date":"2026-02-05T13:52:21","date_gmt":"2026-02-05T13:52:21","guid":{"rendered":"https:\/\/ses-creative.com\/?post_type=product&#038;p=114529"},"modified":"2026-02-06T09:51:24","modified_gmt":"2026-02-06T09:51:24","slug":"beedz-art-wildblumen","status":"publish","type":"product","link":"https:\/\/ses-creative.com\/de\/produkt\/beedz-art-wildblumen\/","title":{"rendered":"Beedz Art &#8211; Wildblumen"},"content":{"rendered":"<p>Beedz Art \u2013 Mini-Blumenstrau\u00df: Erwecken Sie die Natur in 3D zum Leben<\/p>\n<p>Mit diesem Beedz Art-Set von SES Creative kannst du einen wundersch\u00f6nen Mini-Blumenstrau\u00df mit einzigartigem 3D-Effekt basteln. Mit 1600 bunten B\u00fcgelperlen und einer Sechseckplatte gestaltest du eine fr\u00f6hliche Blumenwiese, die dank der speziellen Konstruktion buchst\u00e4blich zum Leben erwacht. Perfekt f\u00fcr kreative Kinder ab 12 Jahren, die Farben, Natur und einen Hauch von Fantasie lieben.<\/p>\n<p>Was dieses Set so toll macht<\/p>\n<p>Komplettes Set mit 1600 B\u00fcgelperlen, sechseckiger Grundplatte, Schaumstoffband, B\u00fcgelpapier und Anleitung<br \/>\nEinzigartiger 3D-Effekt, durch den die Blumen wirklich hervorstechen<br \/>\nF\u00f6rdert Kreativit\u00e4t, Feinmotorik und Konzentration<br \/>\nGeeignet f\u00fcr Kinder ab 12 Jahren<br \/>\nEndergebnis: ein farbenfrohes Mini-Kunstwerk voller Blumenpracht<\/p>\n<p>Lassen Sie Ihrer Fantasie freien Lauf<br \/>\nDas Basteln dieses Blumenstrau\u00dfes ist mehr als nur Basteln \u2013 es ist eine kreative Reise. Kinder lernen Schritt f\u00fcr Schritt, ihre eigene Blumenwiese zusammenzustellen und sehen, wie sich ihr Kunstwerk in eine farbenfrohe, dreidimensionale Kreation verwandelt. Ein Projekt, das Stolz vermittelt und gleichzeitig stundenlangen kreativen Spielspa\u00df bietet.<\/p>\n<p>Inhalt des Sets<\/p>\n<p>1600 bunte B\u00fcgelperlen<br \/>\n1 sechseckige Grundplatte<br \/>\nSchaumstoffband f\u00fcr den 3D-Effekt<br \/>\nB\u00fcgelpapier<br \/>\nAnleitung<\/p>\n<p>Warum SES Creative<br \/>\nBei SES Creative legen wir gro\u00dfen Wert auf Sicherheit. Deshalb werden die Produkte in unserem Werk in den Niederlanden nach den strengsten europ\u00e4ischen Sicherheitsnormen hergestellt und getestet. Spielzeug und Kreativsets von SES Creative sorgen f\u00fcr Spa\u00df und sind darauf ausgerichtet, dass Kinder stolz auf ihre Arbeit sein k\u00f6nnen, was ihre Kreativit\u00e4t und Entwicklung f\u00f6rdert.<\/p>\n<p>Beginnen Sie noch heute Ihr Beedz Art-Abenteuer<br \/>\nEntdecken Sie die Sch\u00f6nheit der Natur und gestalten Sie mit diesem einzigartigen Beedz Art-Set einen bezaubernden Mini-Blumenstrau\u00df. Perfekt f\u00fcr ein lebendiges, kreatives Projekt, das wirklich zum Bl\u00fchen kommt!<\/p>\n","protected":false},"excerpt":{"rendered":"<p>Beedz Art \u2013 Mini-Blumenstrau\u00df: Erwecken Sie die Natur in 3D zum Leben Mit diesem Beedz Art-Set von SES Creative kannst du einen wundersch\u00f6nen Mini-Blumenstrau\u00df mit einzigartigem 3D-Effekt basteln. Mit 1600 bunten B\u00fcgelperlen und einer Sechseckplatte gestaltest du eine fr\u00f6hliche Blumenwiese, die dank der speziellen Konstruktion buchst\u00e4blich zum Leben erwacht. Perfekt f\u00fcr kreative Kinder ab 12 [&hellip;]<\/p>\n","protected":false},"featured_media":99808,"comment_status":"closed","ping_status":"closed","template":"","meta":{"_acf_changed":false},"product_brand":[],"product_cat":[118],"product_tag":[],"class_list":{"0":"post-114529","1":"product","2":"type-product","3":"status-publish","4":"has-post-thumbnail","6":"product_cat-buegelperlen","7":"pa_leeftijd-filter-6-jahre","8":"pa_meest-populair-bij-jungen-maedchen","10":"first","11":"instock","12":"shipping-taxable","13":"product-type-simple"},"acf":[],"yoast_head":"<!-- This site is optimized with the Yoast SEO plugin v27.2 - https:\/\/yoast.com\/product\/yoast-seo-wordpress\/ -->\n<title>Beedz Art - Wildblumen - SES Creative<\/title>\n<meta name=\"robots\" content=\"index, follow, max-snippet:-1, max-image-preview:large, max-video-preview:-1\" \/>\n<link rel=\"canonical\" href=\"https:\/\/ses-creative.com\/de\/produkt\/beedz-art-wildblumen\/\" \/>\n<meta property=\"og:locale\" content=\"de_DE\" \/>\n<meta property=\"og:type\" content=\"article\" \/>\n<meta property=\"og:title\" content=\"Beedz Art - Wildblumen - SES Creative\" \/>\n<meta property=\"og:description\" content=\"Beedz Art \u2013 Mini-Blumenstrau\u00df: Erwecken Sie die Natur in 3D zum Leben Mit diesem Beedz Art-Set von SES Creative kannst du einen wundersch\u00f6nen Mini-Blumenstrau\u00df mit einzigartigem 3D-Effekt basteln. Mit 1600 bunten B\u00fcgelperlen und einer Sechseckplatte gestaltest du eine fr\u00f6hliche Blumenwiese, die dank der speziellen Konstruktion buchst\u00e4blich zum Leben erwacht. Perfekt f\u00fcr kreative Kinder ab 12 [&hellip;]\" \/>\n<meta property=\"og:url\" content=\"https:\/\/ses-creative.com\/de\/produkt\/beedz-art-wildblumen\/\" \/>\n<meta property=\"og:site_name\" content=\"SES Creative\" \/>\n<meta property=\"article:modified_time\" content=\"2026-02-06T09:51:24+00:00\" \/>\n<meta name=\"twitter:card\" content=\"summary_large_image\" \/>\n<meta name=\"twitter:label1\" content=\"Gesch\u00e4tzte Lesezeit\" \/>\n\t<meta name=\"twitter:data1\" content=\"1\u00a0Minute\" \/>\n<script type=\"application\/ld+json\" class=\"yoast-schema-graph\">{\"@context\":\"https:\/\/schema.org\",\"@graph\":[{\"@type\":\"WebPage\",\"@id\":\"https:\/\/ses-creative.com\/de\/produkt\/beedz-art-wildblumen\/\",\"url\":\"https:\/\/ses-creative.com\/de\/produkt\/beedz-art-wildblumen\/\",\"name\":\"Beedz Art - Wildblumen - SES Creative\",\"isPartOf\":{\"@id\":\"https:\/\/ses-creative.com\/#website\"},\"primaryImageOfPage\":{\"@id\":\"https:\/\/ses-creative.com\/de\/produkt\/beedz-art-wildblumen\/#primaryimage\"},\"image\":{\"@id\":\"https:\/\/ses-creative.com\/de\/produkt\/beedz-art-wildblumen\/#primaryimage\"},\"thumbnailUrl\":\"https:\/\/ses-creative.com\/wp-content\/uploads\/2026\/01\/060251.jpg\",\"datePublished\":\"2026-02-05T13:52:21+00:00\",\"dateModified\":\"2026-02-06T09:51:24+00:00\",\"breadcrumb\":{\"@id\":\"https:\/\/ses-creative.com\/de\/produkt\/beedz-art-wildblumen\/#breadcrumb\"},\"inLanguage\":\"de\",\"potentialAction\":[{\"@type\":\"ReadAction\",\"target\":[\"https:\/\/ses-creative.com\/de\/produkt\/beedz-art-wildblumen\/\"]}]},{\"@type\":\"ImageObject\",\"inLanguage\":\"de\",\"@id\":\"https:\/\/ses-creative.com\/de\/produkt\/beedz-art-wildblumen\/#primaryimage\",\"url\":\"https:\/\/ses-creative.com\/wp-content\/uploads\/2026\/01\/060251.jpg\",\"contentUrl\":\"https:\/\/ses-creative.com\/wp-content\/uploads\/2026\/01\/060251.jpg\",\"width\":1000,\"height\":1000},{\"@type\":\"BreadcrumbList\",\"@id\":\"https:\/\/ses-creative.com\/de\/produkt\/beedz-art-wildblumen\/#breadcrumb\",\"itemListElement\":[{\"@type\":\"ListItem\",\"position\":1,\"name\":\"Shop\",\"item\":\"https:\/\/ses-creative.com\/de\/shop\/\"},{\"@type\":\"ListItem\",\"position\":2,\"name\":\"B\u00fcgelperlen\",\"item\":\"https:\/\/ses-creative.com\/de\/product-categorie\/buegelperlen\/\"},{\"@type\":\"ListItem\",\"position\":3,\"name\":\"Beedz Art &#8211; Wildblumen\"}]},{\"@type\":\"WebSite\",\"@id\":\"https:\/\/ses-creative.com\/#website\",\"url\":\"https:\/\/ses-creative.com\/\",\"name\":\"SES Creative\",\"description\":\"\",\"publisher\":{\"@id\":\"https:\/\/ses-creative.com\/#organization\"},\"potentialAction\":[{\"@type\":\"SearchAction\",\"target\":{\"@type\":\"EntryPoint\",\"urlTemplate\":\"https:\/\/ses-creative.com\/?s={search_term_string}\"},\"query-input\":{\"@type\":\"PropertyValueSpecification\",\"valueRequired\":true,\"valueName\":\"search_term_string\"}}],\"inLanguage\":\"de\"},{\"@type\":\"Organization\",\"@id\":\"https:\/\/ses-creative.com\/#organization\",\"name\":\"SES Creative\",\"url\":\"https:\/\/ses-creative.com\/\",\"logo\":{\"@type\":\"ImageObject\",\"inLanguage\":\"de\",\"@id\":\"https:\/\/ses-creative.com\/#\/schema\/logo\/image\/\",\"url\":\"https:\/\/ses-creative.com\/wp-content\/uploads\/2025\/10\/ses-creative-logo.jpg\",\"contentUrl\":\"https:\/\/ses-creative.com\/wp-content\/uploads\/2025\/10\/ses-creative-logo.jpg\",\"width\":2037,\"height\":2037,\"caption\":\"SES Creative\"},\"image\":{\"@id\":\"https:\/\/ses-creative.com\/#\/schema\/logo\/image\/\"}}]}<\/script>\n<!-- \/ Yoast SEO plugin. -->","yoast_head_json":{"title":"Beedz Art - Wildblumen - SES Creative","robots":{"index":"index","follow":"follow","max-snippet":"max-snippet:-1","max-image-preview":"max-image-preview:large","max-video-preview":"max-video-preview:-1"},"canonical":"https:\/\/ses-creative.com\/de\/produkt\/beedz-art-wildblumen\/","og_locale":"de_DE","og_type":"article","og_title":"Beedz Art - Wildblumen - SES Creative","og_description":"Beedz Art \u2013 Mini-Blumenstrau\u00df: Erwecken Sie die Natur in 3D zum Leben Mit diesem Beedz Art-Set von SES Creative kannst du einen wundersch\u00f6nen Mini-Blumenstrau\u00df mit einzigartigem 3D-Effekt basteln. Mit 1600 bunten B\u00fcgelperlen und einer Sechseckplatte gestaltest du eine fr\u00f6hliche Blumenwiese, die dank der speziellen Konstruktion buchst\u00e4blich zum Leben erwacht. Perfekt f\u00fcr kreative Kinder ab 12 [&hellip;]","og_url":"https:\/\/ses-creative.com\/de\/produkt\/beedz-art-wildblumen\/","og_site_name":"SES Creative","article_modified_time":"2026-02-06T09:51:24+00:00","twitter_card":"summary_large_image","twitter_misc":{"Gesch\u00e4tzte Lesezeit":"1\u00a0Minute"},"schema":{"@context":"https:\/\/schema.org","@graph":[{"@type":"WebPage","@id":"https:\/\/ses-creative.com\/de\/produkt\/beedz-art-wildblumen\/","url":"https:\/\/ses-creative.com\/de\/produkt\/beedz-art-wildblumen\/","name":"Beedz Art - Wildblumen - SES Creative","isPartOf":{"@id":"https:\/\/ses-creative.com\/#website"},"primaryImageOfPage":{"@id":"https:\/\/ses-creative.com\/de\/produkt\/beedz-art-wildblumen\/#primaryimage"},"image":{"@id":"https:\/\/ses-creative.com\/de\/produkt\/beedz-art-wildblumen\/#primaryimage"},"thumbnailUrl":"https:\/\/ses-creative.com\/wp-content\/uploads\/2026\/01\/060251.jpg","datePublished":"2026-02-05T13:52:21+00:00","dateModified":"2026-02-06T09:51:24+00:00","breadcrumb":{"@id":"https:\/\/ses-creative.com\/de\/produkt\/beedz-art-wildblumen\/#breadcrumb"},"inLanguage":"de","potentialAction":[{"@type":"ReadAction","target":["https:\/\/ses-creative.com\/de\/produkt\/beedz-art-wildblumen\/"]}]},{"@type":"ImageObject","inLanguage":"de","@id":"https:\/\/ses-creative.com\/de\/produkt\/beedz-art-wildblumen\/#primaryimage","url":"https:\/\/ses-creative.com\/wp-content\/uploads\/2026\/01\/060251.jpg","contentUrl":"https:\/\/ses-creative.com\/wp-content\/uploads\/2026\/01\/060251.jpg","width":1000,"height":1000},{"@type":"BreadcrumbList","@id":"https:\/\/ses-creative.com\/de\/produkt\/beedz-art-wildblumen\/#breadcrumb","itemListElement":[{"@type":"ListItem","position":1,"name":"Shop","item":"https:\/\/ses-creative.com\/de\/shop\/"},{"@type":"ListItem","position":2,"name":"B\u00fcgelperlen","item":"https:\/\/ses-creative.com\/de\/product-categorie\/buegelperlen\/"},{"@type":"ListItem","position":3,"name":"Beedz Art &#8211; Wildblumen"}]},{"@type":"WebSite","@id":"https:\/\/ses-creative.com\/#website","url":"https:\/\/ses-creative.com\/","name":"SES Creative","description":"","publisher":{"@id":"https:\/\/ses-creative.com\/#organization"},"potentialAction":[{"@type":"SearchAction","target":{"@type":"EntryPoint","urlTemplate":"https:\/\/ses-creative.com\/?s={search_term_string}"},"query-input":{"@type":"PropertyValueSpecification","valueRequired":true,"valueName":"search_term_string"}}],"inLanguage":"de"},{"@type":"Organization","@id":"https:\/\/ses-creative.com\/#organization","name":"SES Creative","url":"https:\/\/ses-creative.com\/","logo":{"@type":"ImageObject","inLanguage":"de","@id":"https:\/\/ses-creative.com\/#\/schema\/logo\/image\/","url":"https:\/\/ses-creative.com\/wp-content\/uploads\/2025\/10\/ses-creative-logo.jpg","contentUrl":"https:\/\/ses-creative.com\/wp-content\/uploads\/2025\/10\/ses-creative-logo.jpg","width":2037,"height":2037,"caption":"SES Creative"},"image":{"@id":"https:\/\/ses-creative.com\/#\/schema\/logo\/image\/"}}]}},"_links":{"self":[{"href":"https:\/\/ses-creative.com\/de\/wp-json\/wp\/v2\/product\/114529","targetHints":{"allow":["GET"]}}],"collection":[{"href":"https:\/\/ses-creative.com\/de\/wp-json\/wp\/v2\/product"}],"about":[{"href":"https:\/\/ses-creative.com\/de\/wp-json\/wp\/v2\/types\/product"}],"replies":[{"embeddable":true,"href":"https:\/\/ses-creative.com\/de\/wp-json\/wp\/v2\/comments?post=114529"}],"wp:featuredmedia":[{"embeddable":true,"href":"https:\/\/ses-creative.com\/de\/wp-json\/wp\/v2\/media\/99808"}],"wp:attachment":[{"href":"https:\/\/ses-creative.com\/de\/wp-json\/wp\/v2\/media?parent=114529"}],"wp:term":[{"taxonomy":"product_brand","embeddable":true,"href":"https:\/\/ses-creative.com\/de\/wp-json\/wp\/v2\/product_brand?post=114529"},{"taxonomy":"product_cat","embeddable":true,"href":"https:\/\/ses-creative.com\/de\/wp-json\/wp\/v2\/product_cat?post=114529"},{"taxonomy":"product_tag","embeddable":true,"href":"https:\/\/ses-creative.com\/de\/wp-json\/wp\/v2\/product_tag?post=114529"}],"curies":[{"name":"wp","href":"https:\/\/api.w.org\/{rel}","templated":true}]}}