











{"id":114528,"date":"2026-02-05T13:52:21","date_gmt":"2026-02-05T13:52:21","guid":{"rendered":"https:\/\/ses-creative.com\/?post_type=product&#038;p=114528"},"modified":"2026-02-06T09:51:24","modified_gmt":"2026-02-06T09:51:24","slug":"beedz-art-elefanten-fantasie-5000","status":"publish","type":"product","link":"https:\/\/ses-creative.com\/de\/produkt\/beedz-art-elefanten-fantasie-5000\/","title":{"rendered":"Beedz Art &#8211; Elefanten-Fantasie 5000"},"content":{"rendered":"<p>Beedz Art \u2013 Elefant Fantasie: Schaffen Sie Ihr eigenes bezauberndes Kunstwerk<\/p>\n<p>Mit diesem Beedz Art-Set von SES Creative kannst du ein wundersch\u00f6nes und detailreiches Kunstwerk eines Elefanten gestalten. Mit nicht weniger als 5000 B\u00fcgelperlen und vier miteinander verbindbaren Legebrettern baust du Schritt f\u00fcr Schritt ein beeindruckendes Design auf. Perfekt f\u00fcr kreative Teenager und Erwachsene, die eine k\u00fcnstlerische Herausforderung und ein gl\u00e4nzendes Ergebnis lieben.<\/p>\n<p>Was dieses Set so gro\u00dfartig macht<\/p>\n<p>Komplettes Set mit 5000 B\u00fcgelperlen, 4 miteinander verbindbaren Legebrettern, B\u00fcgelpapier und einer verst\u00e4ndlichen Anleitung<br \/>\nErstellen Sie ein farbenfrohes und detailreiches Elefantendesign<br \/>\nGeeignet f\u00fcr Erwachsene und Kinder ab 12 Jahren<br \/>\nF\u00f6rdert Kreativit\u00e4t, Konzentration und Geduld<br \/>\nEndergebnis: ein einzigartiger Blickfang f\u00fcr die Wand oder auf einem St\u00e4nder<\/p>\n<p>Lassen Sie Ihrer Fantasie freien Lauf<br \/>\nDie Herstellung dieses Kunstwerks ist nicht nur entspannend, sondern auch inspirierend. Durch die richtige Mischung aus Farben und das klare Muster entsteht ein detailreicher Elefant voller Charakter. Ein Projekt, auf das Sie stolz sein k\u00f6nnen, sobald es fertig ist, und das sofort zu einem Blickfang in Ihrer Einrichtung wird.<\/p>\n<p>Inhalt des Sets<\/p>\n<p>5000 B\u00fcgelperlen<br \/>\n4 miteinander verbindbare B\u00fcgelperlenplatten<br \/>\nB\u00fcgelpapier<br \/>\nKlare Anleitung<\/p>\n<p>Warum SES Creative w\u00e4hlen<br \/>\nBei SES Creative legen wir gro\u00dfen Wert auf Sicherheit. Deshalb werden die Produkte in unserem Werk in den Niederlanden nach den strengsten europ\u00e4ischen Sicherheitsnormen hergestellt und getestet. Spielzeug und Kreativsets von SES Creative sorgen f\u00fcr Spa\u00df und sind darauf ausgerichtet, dass Kinder und Erwachsene stolz auf ihre Arbeit sein k\u00f6nnen, was die Kreativit\u00e4t und Entwicklung f\u00f6rdert.<\/p>\n<p>Beginnen Sie noch heute mit Ihrem Beedz Art-Meisterwerk<br \/>\nEntdecken Sie den Spa\u00df an Beedz Art und gestalten Sie mit diesem einzigartigen B\u00fcgelperlen-Set einen detailreichen Elefanten. Perfekt f\u00fcr stundenlangen kreativen Spa\u00df und ein beeindruckendes Ergebnis, das Sie stolz pr\u00e4sentieren k\u00f6nnen!<\/p>\n","protected":false},"excerpt":{"rendered":"<p>Beedz Art \u2013 Elefant Fantasie: Schaffen Sie Ihr eigenes bezauberndes Kunstwerk Mit diesem Beedz Art-Set von SES Creative kannst du ein wundersch\u00f6nes und detailreiches Kunstwerk eines Elefanten gestalten. Mit nicht weniger als 5000 B\u00fcgelperlen und vier miteinander verbindbaren Legebrettern baust du Schritt f\u00fcr Schritt ein beeindruckendes Design auf. Perfekt f\u00fcr kreative Teenager und Erwachsene, die [&hellip;]<\/p>\n","protected":false},"featured_media":99788,"comment_status":"closed","ping_status":"closed","template":"","meta":{"_acf_changed":false},"product_brand":[],"product_cat":[118],"product_tag":[],"class_list":{"0":"post-114528","1":"product","2":"type-product","3":"status-publish","4":"has-post-thumbnail","6":"product_cat-buegelperlen","7":"pa_leeftijd-filter-6-jahre","8":"pa_meest-populair-bij-jungen-maedchen","10":"first","11":"instock","12":"shipping-taxable","13":"product-type-simple"},"acf":[],"yoast_head":"<!-- This site is optimized with the Yoast SEO plugin v27.2 - https:\/\/yoast.com\/product\/yoast-seo-wordpress\/ -->\n<title>Beedz Art - Elefanten-Fantasie 5000 - SES Creative<\/title>\n<meta name=\"robots\" content=\"index, follow, max-snippet:-1, max-image-preview:large, max-video-preview:-1\" \/>\n<link rel=\"canonical\" href=\"https:\/\/ses-creative.com\/de\/produkt\/beedz-art-elefanten-fantasie-5000\/\" \/>\n<meta property=\"og:locale\" content=\"de_DE\" \/>\n<meta property=\"og:type\" content=\"article\" \/>\n<meta property=\"og:title\" content=\"Beedz Art - Elefanten-Fantasie 5000 - SES Creative\" \/>\n<meta property=\"og:description\" content=\"Beedz Art \u2013 Elefant Fantasie: Schaffen Sie Ihr eigenes bezauberndes Kunstwerk Mit diesem Beedz Art-Set von SES Creative kannst du ein wundersch\u00f6nes und detailreiches Kunstwerk eines Elefanten gestalten. Mit nicht weniger als 5000 B\u00fcgelperlen und vier miteinander verbindbaren Legebrettern baust du Schritt f\u00fcr Schritt ein beeindruckendes Design auf. Perfekt f\u00fcr kreative Teenager und Erwachsene, die [&hellip;]\" \/>\n<meta property=\"og:url\" content=\"https:\/\/ses-creative.com\/de\/produkt\/beedz-art-elefanten-fantasie-5000\/\" \/>\n<meta property=\"og:site_name\" content=\"SES Creative\" \/>\n<meta property=\"article:modified_time\" content=\"2026-02-06T09:51:24+00:00\" \/>\n<meta name=\"twitter:card\" content=\"summary_large_image\" \/>\n<meta name=\"twitter:label1\" content=\"Gesch\u00e4tzte Lesezeit\" \/>\n\t<meta name=\"twitter:data1\" content=\"2\u00a0Minuten\" \/>\n<script type=\"application\/ld+json\" class=\"yoast-schema-graph\">{\"@context\":\"https:\/\/schema.org\",\"@graph\":[{\"@type\":\"WebPage\",\"@id\":\"https:\/\/ses-creative.com\/de\/produkt\/beedz-art-elefanten-fantasie-5000\/\",\"url\":\"https:\/\/ses-creative.com\/de\/produkt\/beedz-art-elefanten-fantasie-5000\/\",\"name\":\"Beedz Art - Elefanten-Fantasie 5000 - SES Creative\",\"isPartOf\":{\"@id\":\"https:\/\/ses-creative.com\/#website\"},\"primaryImageOfPage\":{\"@id\":\"https:\/\/ses-creative.com\/de\/produkt\/beedz-art-elefanten-fantasie-5000\/#primaryimage\"},\"image\":{\"@id\":\"https:\/\/ses-creative.com\/de\/produkt\/beedz-art-elefanten-fantasie-5000\/#primaryimage\"},\"thumbnailUrl\":\"https:\/\/ses-creative.com\/wp-content\/uploads\/2026\/01\/060121.jpg\",\"datePublished\":\"2026-02-05T13:52:21+00:00\",\"dateModified\":\"2026-02-06T09:51:24+00:00\",\"breadcrumb\":{\"@id\":\"https:\/\/ses-creative.com\/de\/produkt\/beedz-art-elefanten-fantasie-5000\/#breadcrumb\"},\"inLanguage\":\"de\",\"potentialAction\":[{\"@type\":\"ReadAction\",\"target\":[\"https:\/\/ses-creative.com\/de\/produkt\/beedz-art-elefanten-fantasie-5000\/\"]}]},{\"@type\":\"ImageObject\",\"inLanguage\":\"de\",\"@id\":\"https:\/\/ses-creative.com\/de\/produkt\/beedz-art-elefanten-fantasie-5000\/#primaryimage\",\"url\":\"https:\/\/ses-creative.com\/wp-content\/uploads\/2026\/01\/060121.jpg\",\"contentUrl\":\"https:\/\/ses-creative.com\/wp-content\/uploads\/2026\/01\/060121.jpg\",\"width\":1000,\"height\":1000},{\"@type\":\"BreadcrumbList\",\"@id\":\"https:\/\/ses-creative.com\/de\/produkt\/beedz-art-elefanten-fantasie-5000\/#breadcrumb\",\"itemListElement\":[{\"@type\":\"ListItem\",\"position\":1,\"name\":\"Shop\",\"item\":\"https:\/\/ses-creative.com\/de\/shop\/\"},{\"@type\":\"ListItem\",\"position\":2,\"name\":\"B\u00fcgelperlen\",\"item\":\"https:\/\/ses-creative.com\/de\/product-categorie\/buegelperlen\/\"},{\"@type\":\"ListItem\",\"position\":3,\"name\":\"Beedz Art &#8211; Elefanten-Fantasie 5000\"}]},{\"@type\":\"WebSite\",\"@id\":\"https:\/\/ses-creative.com\/#website\",\"url\":\"https:\/\/ses-creative.com\/\",\"name\":\"SES Creative\",\"description\":\"\",\"publisher\":{\"@id\":\"https:\/\/ses-creative.com\/#organization\"},\"potentialAction\":[{\"@type\":\"SearchAction\",\"target\":{\"@type\":\"EntryPoint\",\"urlTemplate\":\"https:\/\/ses-creative.com\/?s={search_term_string}\"},\"query-input\":{\"@type\":\"PropertyValueSpecification\",\"valueRequired\":true,\"valueName\":\"search_term_string\"}}],\"inLanguage\":\"de\"},{\"@type\":\"Organization\",\"@id\":\"https:\/\/ses-creative.com\/#organization\",\"name\":\"SES Creative\",\"url\":\"https:\/\/ses-creative.com\/\",\"logo\":{\"@type\":\"ImageObject\",\"inLanguage\":\"de\",\"@id\":\"https:\/\/ses-creative.com\/#\/schema\/logo\/image\/\",\"url\":\"https:\/\/ses-creative.com\/wp-content\/uploads\/2025\/10\/ses-creative-logo.jpg\",\"contentUrl\":\"https:\/\/ses-creative.com\/wp-content\/uploads\/2025\/10\/ses-creative-logo.jpg\",\"width\":2037,\"height\":2037,\"caption\":\"SES Creative\"},\"image\":{\"@id\":\"https:\/\/ses-creative.com\/#\/schema\/logo\/image\/\"}}]}<\/script>\n<!-- \/ Yoast SEO plugin. -->","yoast_head_json":{"title":"Beedz Art - Elefanten-Fantasie 5000 - SES Creative","robots":{"index":"index","follow":"follow","max-snippet":"max-snippet:-1","max-image-preview":"max-image-preview:large","max-video-preview":"max-video-preview:-1"},"canonical":"https:\/\/ses-creative.com\/de\/produkt\/beedz-art-elefanten-fantasie-5000\/","og_locale":"de_DE","og_type":"article","og_title":"Beedz Art - Elefanten-Fantasie 5000 - SES Creative","og_description":"Beedz Art \u2013 Elefant Fantasie: Schaffen Sie Ihr eigenes bezauberndes Kunstwerk Mit diesem Beedz Art-Set von SES Creative kannst du ein wundersch\u00f6nes und detailreiches Kunstwerk eines Elefanten gestalten. Mit nicht weniger als 5000 B\u00fcgelperlen und vier miteinander verbindbaren Legebrettern baust du Schritt f\u00fcr Schritt ein beeindruckendes Design auf. Perfekt f\u00fcr kreative Teenager und Erwachsene, die [&hellip;]","og_url":"https:\/\/ses-creative.com\/de\/produkt\/beedz-art-elefanten-fantasie-5000\/","og_site_name":"SES Creative","article_modified_time":"2026-02-06T09:51:24+00:00","twitter_card":"summary_large_image","twitter_misc":{"Gesch\u00e4tzte Lesezeit":"2\u00a0Minuten"},"schema":{"@context":"https:\/\/schema.org","@graph":[{"@type":"WebPage","@id":"https:\/\/ses-creative.com\/de\/produkt\/beedz-art-elefanten-fantasie-5000\/","url":"https:\/\/ses-creative.com\/de\/produkt\/beedz-art-elefanten-fantasie-5000\/","name":"Beedz Art - Elefanten-Fantasie 5000 - SES Creative","isPartOf":{"@id":"https:\/\/ses-creative.com\/#website"},"primaryImageOfPage":{"@id":"https:\/\/ses-creative.com\/de\/produkt\/beedz-art-elefanten-fantasie-5000\/#primaryimage"},"image":{"@id":"https:\/\/ses-creative.com\/de\/produkt\/beedz-art-elefanten-fantasie-5000\/#primaryimage"},"thumbnailUrl":"https:\/\/ses-creative.com\/wp-content\/uploads\/2026\/01\/060121.jpg","datePublished":"2026-02-05T13:52:21+00:00","dateModified":"2026-02-06T09:51:24+00:00","breadcrumb":{"@id":"https:\/\/ses-creative.com\/de\/produkt\/beedz-art-elefanten-fantasie-5000\/#breadcrumb"},"inLanguage":"de","potentialAction":[{"@type":"ReadAction","target":["https:\/\/ses-creative.com\/de\/produkt\/beedz-art-elefanten-fantasie-5000\/"]}]},{"@type":"ImageObject","inLanguage":"de","@id":"https:\/\/ses-creative.com\/de\/produkt\/beedz-art-elefanten-fantasie-5000\/#primaryimage","url":"https:\/\/ses-creative.com\/wp-content\/uploads\/2026\/01\/060121.jpg","contentUrl":"https:\/\/ses-creative.com\/wp-content\/uploads\/2026\/01\/060121.jpg","width":1000,"height":1000},{"@type":"BreadcrumbList","@id":"https:\/\/ses-creative.com\/de\/produkt\/beedz-art-elefanten-fantasie-5000\/#breadcrumb","itemListElement":[{"@type":"ListItem","position":1,"name":"Shop","item":"https:\/\/ses-creative.com\/de\/shop\/"},{"@type":"ListItem","position":2,"name":"B\u00fcgelperlen","item":"https:\/\/ses-creative.com\/de\/product-categorie\/buegelperlen\/"},{"@type":"ListItem","position":3,"name":"Beedz Art &#8211; Elefanten-Fantasie 5000"}]},{"@type":"WebSite","@id":"https:\/\/ses-creative.com\/#website","url":"https:\/\/ses-creative.com\/","name":"SES Creative","description":"","publisher":{"@id":"https:\/\/ses-creative.com\/#organization"},"potentialAction":[{"@type":"SearchAction","target":{"@type":"EntryPoint","urlTemplate":"https:\/\/ses-creative.com\/?s={search_term_string}"},"query-input":{"@type":"PropertyValueSpecification","valueRequired":true,"valueName":"search_term_string"}}],"inLanguage":"de"},{"@type":"Organization","@id":"https:\/\/ses-creative.com\/#organization","name":"SES Creative","url":"https:\/\/ses-creative.com\/","logo":{"@type":"ImageObject","inLanguage":"de","@id":"https:\/\/ses-creative.com\/#\/schema\/logo\/image\/","url":"https:\/\/ses-creative.com\/wp-content\/uploads\/2025\/10\/ses-creative-logo.jpg","contentUrl":"https:\/\/ses-creative.com\/wp-content\/uploads\/2025\/10\/ses-creative-logo.jpg","width":2037,"height":2037,"caption":"SES Creative"},"image":{"@id":"https:\/\/ses-creative.com\/#\/schema\/logo\/image\/"}}]}},"_links":{"self":[{"href":"https:\/\/ses-creative.com\/de\/wp-json\/wp\/v2\/product\/114528","targetHints":{"allow":["GET"]}}],"collection":[{"href":"https:\/\/ses-creative.com\/de\/wp-json\/wp\/v2\/product"}],"about":[{"href":"https:\/\/ses-creative.com\/de\/wp-json\/wp\/v2\/types\/product"}],"replies":[{"embeddable":true,"href":"https:\/\/ses-creative.com\/de\/wp-json\/wp\/v2\/comments?post=114528"}],"wp:featuredmedia":[{"embeddable":true,"href":"https:\/\/ses-creative.com\/de\/wp-json\/wp\/v2\/media\/99788"}],"wp:attachment":[{"href":"https:\/\/ses-creative.com\/de\/wp-json\/wp\/v2\/media?parent=114528"}],"wp:term":[{"taxonomy":"product_brand","embeddable":true,"href":"https:\/\/ses-creative.com\/de\/wp-json\/wp\/v2\/product_brand?post=114528"},{"taxonomy":"product_cat","embeddable":true,"href":"https:\/\/ses-creative.com\/de\/wp-json\/wp\/v2\/product_cat?post=114528"},{"taxonomy":"product_tag","embeddable":true,"href":"https:\/\/ses-creative.com\/de\/wp-json\/wp\/v2\/product_tag?post=114528"}],"curies":[{"name":"wp","href":"https:\/\/api.w.org\/{rel}","templated":true}]}}