











{"id":114523,"date":"2026-02-05T13:52:21","date_gmt":"2026-02-05T13:52:21","guid":{"rendered":"https:\/\/ses-creative.com\/?post_type=product&#038;p=114523"},"modified":"2026-02-06T09:51:23","modified_gmt":"2026-02-06T09:51:23","slug":"zen-yoga-animals","status":"publish","type":"product","link":"https:\/\/ses-creative.com\/de\/produkt\/zen-yoga-animals\/","title":{"rendered":"Zen yoga animals"},"content":{"rendered":"<p>Kommen Sie zur Ruhe mit Zen Yoga<br \/>\nTauchen Sie ein in eine Welt der Ruhe und Bewegung mit Zen Yoga Animals! Dieses Set enth\u00e4lt 28 Tierkarten mit Atem\u00fcbungen und Yoga-Posen, die Ihnen helfen, Ihre Emotionen auszudr\u00fccken und zu kontrollieren. Ob du nun gl\u00fccklich, traurig oder sogar ein bisschen w\u00fctend bist, f\u00fcr jede Emotion gibt es eine Karte, die dir helfen kann. Nimm eine Tierkarte, die zu deiner Emotion passt, ahme die Pose nach und finde zur Ruhe. Mit Zen Yoga Animals findest du auf spielerische Weise zur v\u00f6lligen Entspannung.<br \/>\nWas dieses Set so gro\u00dfartig macht<br \/>\n&#8211;    Lassen Sie Ihr Kind durch die \u00dcbungen zur Ruhe kommen<br \/>\n&#8211;    Die \u00dcbungen haben ein fr\u00f6hliches Tiermotiv<br \/>\n&#8211;    Die Karten enthalten klare Erkl\u00e4rungen anhand von Bildern. Au\u00dferdem gibt es zus\u00e4tzliche Anweisungen<br \/>\n&#8211;    Die \u00dcbungen konzentrieren sich auf die Atmung, Achtsamkeit und die Entspannung von K\u00f6rper und Geist<br \/>\n&#8211; Mit diesen Karten k\u00f6nnen Sie auf spielerische Weise zur Ruhe kommen<br \/>\nBewegung und Entspannung<br \/>\nDas Praktizieren von Zen Yoga Animals bietet mehr als nur k\u00f6rperliche Vorteile. Es hilft Ihnen, Achtsamkeit zu entwickeln, verbessert Ihre F\u00e4higkeit, mit Emotionen umzugehen, und bietet eine beruhigende Routine, zu der Sie jederzeit zur\u00fcckkehren k\u00f6nnen. Dar\u00fcber hinaus ist es eine unterhaltsame und gesunde Art, Zeit zu verbringen, die Ihrem Tag ein Gef\u00fchl der Ruhe und Freude verleiht. Spielen Sie alleine oder beginnen Sie gemeinsam eine Yoga-Sitzung.<br \/>\nInhalt des Sets<br \/>\n&#8211;    28 Tierkarten mit Yoga-\u00dcbungen<br \/>\n&#8211;    Anleitung<br \/>\nWarum SES Creative w\u00e4hlen?<br \/>\nBei SES Creative legen wir gro\u00dfen Wert auf Sicherheit. Deshalb werden die Produkte in der Fabrik in den Niederlanden nach den strengsten europ\u00e4ischen Sicherheitsstandards hergestellt und getestet. Spielzeug von SES Creative sorgt f\u00fcr Spa\u00df und zielt darauf ab, dass Kinder stolz auf ihre Arbeit sein k\u00f6nnen, was ihre Kreativit\u00e4t und Entwicklung f\u00f6rdert.<br \/>\nSind Sie bereit, Ihre innere Ruhe zu finden?<br \/>\nBeginnen Sie auf spielerische Weise, zur Ruhe zu kommen. Starten Sie noch heute mit Zen Yoga Animals!<\/p>\n","protected":false},"excerpt":{"rendered":"<p>Kommen Sie zur Ruhe mit Zen Yoga Tauchen Sie ein in eine Welt der Ruhe und Bewegung mit Zen Yoga Animals! Dieses Set enth\u00e4lt 28 Tierkarten mit Atem\u00fcbungen und Yoga-Posen, die Ihnen helfen, Ihre Emotionen auszudr\u00fccken und zu kontrollieren. Ob du nun gl\u00fccklich, traurig oder sogar ein bisschen w\u00fctend bist, f\u00fcr jede Emotion gibt es [&hellip;]<\/p>\n","protected":false},"featured_media":99648,"comment_status":"closed","ping_status":"closed","template":"","meta":{"_acf_changed":false},"product_brand":[],"product_cat":[119],"product_tag":[],"class_list":{"0":"post-114523","1":"product","2":"type-product","3":"status-publish","4":"has-post-thumbnail","6":"product_cat-draussen-spielen","7":"pa_collecties-fitness-kids","8":"pa_leeftijd-filter-3-4-jahre","9":"pa_meest-populair-bij-jungen-maedchen","11":"first","12":"instock","13":"shipping-taxable","14":"product-type-simple"},"acf":[],"yoast_head":"<!-- This site is optimized with the Yoast SEO plugin v27.4 - https:\/\/yoast.com\/product\/yoast-seo-wordpress\/ -->\n<title>Zen yoga animals - SES Creative<\/title>\n<meta name=\"robots\" content=\"index, follow, max-snippet:-1, max-image-preview:large, max-video-preview:-1\" \/>\n<link rel=\"canonical\" href=\"https:\/\/ses-creative.com\/de\/produkt\/zen-yoga-animals\/\" \/>\n<meta property=\"og:locale\" content=\"de_DE\" \/>\n<meta property=\"og:type\" content=\"article\" \/>\n<meta property=\"og:title\" content=\"Zen yoga animals - SES Creative\" \/>\n<meta property=\"og:description\" content=\"Kommen Sie zur Ruhe mit Zen Yoga Tauchen Sie ein in eine Welt der Ruhe und Bewegung mit Zen Yoga Animals! Dieses Set enth\u00e4lt 28 Tierkarten mit Atem\u00fcbungen und Yoga-Posen, die Ihnen helfen, Ihre Emotionen auszudr\u00fccken und zu kontrollieren. Ob du nun gl\u00fccklich, traurig oder sogar ein bisschen w\u00fctend bist, f\u00fcr jede Emotion gibt es [&hellip;]\" \/>\n<meta property=\"og:url\" content=\"https:\/\/ses-creative.com\/de\/produkt\/zen-yoga-animals\/\" \/>\n<meta property=\"og:site_name\" content=\"SES Creative\" \/>\n<meta property=\"article:modified_time\" content=\"2026-02-06T09:51:23+00:00\" \/>\n<meta name=\"twitter:card\" content=\"summary_large_image\" \/>\n<meta name=\"twitter:label1\" content=\"Gesch\u00e4tzte Lesezeit\" \/>\n\t<meta name=\"twitter:data1\" content=\"2\u00a0Minuten\" \/>\n<script type=\"application\/ld+json\" class=\"yoast-schema-graph\">{\"@context\":\"https:\\\/\\\/schema.org\",\"@graph\":[{\"@type\":\"WebPage\",\"@id\":\"https:\\\/\\\/ses-creative.com\\\/de\\\/produkt\\\/zen-yoga-animals\\\/\",\"url\":\"https:\\\/\\\/ses-creative.com\\\/de\\\/produkt\\\/zen-yoga-animals\\\/\",\"name\":\"Zen yoga animals - SES Creative\",\"isPartOf\":{\"@id\":\"https:\\\/\\\/ses-creative.com\\\/#website\"},\"primaryImageOfPage\":{\"@id\":\"https:\\\/\\\/ses-creative.com\\\/de\\\/produkt\\\/zen-yoga-animals\\\/#primaryimage\"},\"image\":{\"@id\":\"https:\\\/\\\/ses-creative.com\\\/de\\\/produkt\\\/zen-yoga-animals\\\/#primaryimage\"},\"thumbnailUrl\":\"https:\\\/\\\/ses-creative.com\\\/wp-content\\\/uploads\\\/2026\\\/01\\\/024071.jpg\",\"datePublished\":\"2026-02-05T13:52:21+00:00\",\"dateModified\":\"2026-02-06T09:51:23+00:00\",\"breadcrumb\":{\"@id\":\"https:\\\/\\\/ses-creative.com\\\/de\\\/produkt\\\/zen-yoga-animals\\\/#breadcrumb\"},\"inLanguage\":\"de\",\"potentialAction\":[{\"@type\":\"ReadAction\",\"target\":[\"https:\\\/\\\/ses-creative.com\\\/de\\\/produkt\\\/zen-yoga-animals\\\/\"]}]},{\"@type\":\"ImageObject\",\"inLanguage\":\"de\",\"@id\":\"https:\\\/\\\/ses-creative.com\\\/de\\\/produkt\\\/zen-yoga-animals\\\/#primaryimage\",\"url\":\"https:\\\/\\\/ses-creative.com\\\/wp-content\\\/uploads\\\/2026\\\/01\\\/024071.jpg\",\"contentUrl\":\"https:\\\/\\\/ses-creative.com\\\/wp-content\\\/uploads\\\/2026\\\/01\\\/024071.jpg\",\"width\":1000,\"height\":1000},{\"@type\":\"BreadcrumbList\",\"@id\":\"https:\\\/\\\/ses-creative.com\\\/de\\\/produkt\\\/zen-yoga-animals\\\/#breadcrumb\",\"itemListElement\":[{\"@type\":\"ListItem\",\"position\":1,\"name\":\"Shop\",\"item\":\"https:\\\/\\\/ses-creative.com\\\/de\\\/shop\\\/\"},{\"@type\":\"ListItem\",\"position\":2,\"name\":\"Drau\u00dfen spielen\",\"item\":\"https:\\\/\\\/ses-creative.com\\\/de\\\/product-categorie\\\/draussen-spielen\\\/\"},{\"@type\":\"ListItem\",\"position\":3,\"name\":\"Zen yoga animals\"}]},{\"@type\":\"WebSite\",\"@id\":\"https:\\\/\\\/ses-creative.com\\\/#website\",\"url\":\"https:\\\/\\\/ses-creative.com\\\/\",\"name\":\"SES Creative\",\"description\":\"\",\"publisher\":{\"@id\":\"https:\\\/\\\/ses-creative.com\\\/#organization\"},\"potentialAction\":[{\"@type\":\"SearchAction\",\"target\":{\"@type\":\"EntryPoint\",\"urlTemplate\":\"https:\\\/\\\/ses-creative.com\\\/?s={search_term_string}\"},\"query-input\":{\"@type\":\"PropertyValueSpecification\",\"valueRequired\":true,\"valueName\":\"search_term_string\"}}],\"inLanguage\":\"de\"},{\"@type\":\"Organization\",\"@id\":\"https:\\\/\\\/ses-creative.com\\\/#organization\",\"name\":\"SES Creative\",\"url\":\"https:\\\/\\\/ses-creative.com\\\/\",\"logo\":{\"@type\":\"ImageObject\",\"inLanguage\":\"de\",\"@id\":\"https:\\\/\\\/ses-creative.com\\\/#\\\/schema\\\/logo\\\/image\\\/\",\"url\":\"https:\\\/\\\/ses-creative.com\\\/wp-content\\\/uploads\\\/2025\\\/10\\\/ses-creative-logo.jpg\",\"contentUrl\":\"https:\\\/\\\/ses-creative.com\\\/wp-content\\\/uploads\\\/2025\\\/10\\\/ses-creative-logo.jpg\",\"width\":2037,\"height\":2037,\"caption\":\"SES Creative\"},\"image\":{\"@id\":\"https:\\\/\\\/ses-creative.com\\\/#\\\/schema\\\/logo\\\/image\\\/\"}}]}<\/script>\n<!-- \/ Yoast SEO plugin. -->","yoast_head_json":{"title":"Zen yoga animals - SES Creative","robots":{"index":"index","follow":"follow","max-snippet":"max-snippet:-1","max-image-preview":"max-image-preview:large","max-video-preview":"max-video-preview:-1"},"canonical":"https:\/\/ses-creative.com\/de\/produkt\/zen-yoga-animals\/","og_locale":"de_DE","og_type":"article","og_title":"Zen yoga animals - SES Creative","og_description":"Kommen Sie zur Ruhe mit Zen Yoga Tauchen Sie ein in eine Welt der Ruhe und Bewegung mit Zen Yoga Animals! Dieses Set enth\u00e4lt 28 Tierkarten mit Atem\u00fcbungen und Yoga-Posen, die Ihnen helfen, Ihre Emotionen auszudr\u00fccken und zu kontrollieren. Ob du nun gl\u00fccklich, traurig oder sogar ein bisschen w\u00fctend bist, f\u00fcr jede Emotion gibt es [&hellip;]","og_url":"https:\/\/ses-creative.com\/de\/produkt\/zen-yoga-animals\/","og_site_name":"SES Creative","article_modified_time":"2026-02-06T09:51:23+00:00","twitter_card":"summary_large_image","twitter_misc":{"Gesch\u00e4tzte Lesezeit":"2\u00a0Minuten"},"schema":{"@context":"https:\/\/schema.org","@graph":[{"@type":"WebPage","@id":"https:\/\/ses-creative.com\/de\/produkt\/zen-yoga-animals\/","url":"https:\/\/ses-creative.com\/de\/produkt\/zen-yoga-animals\/","name":"Zen yoga animals - SES Creative","isPartOf":{"@id":"https:\/\/ses-creative.com\/#website"},"primaryImageOfPage":{"@id":"https:\/\/ses-creative.com\/de\/produkt\/zen-yoga-animals\/#primaryimage"},"image":{"@id":"https:\/\/ses-creative.com\/de\/produkt\/zen-yoga-animals\/#primaryimage"},"thumbnailUrl":"https:\/\/ses-creative.com\/wp-content\/uploads\/2026\/01\/024071.jpg","datePublished":"2026-02-05T13:52:21+00:00","dateModified":"2026-02-06T09:51:23+00:00","breadcrumb":{"@id":"https:\/\/ses-creative.com\/de\/produkt\/zen-yoga-animals\/#breadcrumb"},"inLanguage":"de","potentialAction":[{"@type":"ReadAction","target":["https:\/\/ses-creative.com\/de\/produkt\/zen-yoga-animals\/"]}]},{"@type":"ImageObject","inLanguage":"de","@id":"https:\/\/ses-creative.com\/de\/produkt\/zen-yoga-animals\/#primaryimage","url":"https:\/\/ses-creative.com\/wp-content\/uploads\/2026\/01\/024071.jpg","contentUrl":"https:\/\/ses-creative.com\/wp-content\/uploads\/2026\/01\/024071.jpg","width":1000,"height":1000},{"@type":"BreadcrumbList","@id":"https:\/\/ses-creative.com\/de\/produkt\/zen-yoga-animals\/#breadcrumb","itemListElement":[{"@type":"ListItem","position":1,"name":"Shop","item":"https:\/\/ses-creative.com\/de\/shop\/"},{"@type":"ListItem","position":2,"name":"Drau\u00dfen spielen","item":"https:\/\/ses-creative.com\/de\/product-categorie\/draussen-spielen\/"},{"@type":"ListItem","position":3,"name":"Zen yoga animals"}]},{"@type":"WebSite","@id":"https:\/\/ses-creative.com\/#website","url":"https:\/\/ses-creative.com\/","name":"SES Creative","description":"","publisher":{"@id":"https:\/\/ses-creative.com\/#organization"},"potentialAction":[{"@type":"SearchAction","target":{"@type":"EntryPoint","urlTemplate":"https:\/\/ses-creative.com\/?s={search_term_string}"},"query-input":{"@type":"PropertyValueSpecification","valueRequired":true,"valueName":"search_term_string"}}],"inLanguage":"de"},{"@type":"Organization","@id":"https:\/\/ses-creative.com\/#organization","name":"SES Creative","url":"https:\/\/ses-creative.com\/","logo":{"@type":"ImageObject","inLanguage":"de","@id":"https:\/\/ses-creative.com\/#\/schema\/logo\/image\/","url":"https:\/\/ses-creative.com\/wp-content\/uploads\/2025\/10\/ses-creative-logo.jpg","contentUrl":"https:\/\/ses-creative.com\/wp-content\/uploads\/2025\/10\/ses-creative-logo.jpg","width":2037,"height":2037,"caption":"SES Creative"},"image":{"@id":"https:\/\/ses-creative.com\/#\/schema\/logo\/image\/"}}]}},"_links":{"self":[{"href":"https:\/\/ses-creative.com\/de\/wp-json\/wp\/v2\/product\/114523","targetHints":{"allow":["GET"]}}],"collection":[{"href":"https:\/\/ses-creative.com\/de\/wp-json\/wp\/v2\/product"}],"about":[{"href":"https:\/\/ses-creative.com\/de\/wp-json\/wp\/v2\/types\/product"}],"replies":[{"embeddable":true,"href":"https:\/\/ses-creative.com\/de\/wp-json\/wp\/v2\/comments?post=114523"}],"wp:featuredmedia":[{"embeddable":true,"href":"https:\/\/ses-creative.com\/de\/wp-json\/wp\/v2\/media\/99648"}],"wp:attachment":[{"href":"https:\/\/ses-creative.com\/de\/wp-json\/wp\/v2\/media?parent=114523"}],"wp:term":[{"taxonomy":"product_brand","embeddable":true,"href":"https:\/\/ses-creative.com\/de\/wp-json\/wp\/v2\/product_brand?post=114523"},{"taxonomy":"product_cat","embeddable":true,"href":"https:\/\/ses-creative.com\/de\/wp-json\/wp\/v2\/product_cat?post=114523"},{"taxonomy":"product_tag","embeddable":true,"href":"https:\/\/ses-creative.com\/de\/wp-json\/wp\/v2\/product_tag?post=114523"}],"curies":[{"name":"wp","href":"https:\/\/api.w.org\/{rel}","templated":true}]}}