











{"id":114522,"date":"2026-02-05T13:52:21","date_gmt":"2026-02-05T13:52:21","guid":{"rendered":"https:\/\/ses-creative.com\/?post_type=product&#038;p=114522"},"modified":"2026-02-06T09:51:23","modified_gmt":"2026-02-06T09:51:23","slug":"reise-fenstersticker-wer-ben-ich","status":"publish","type":"product","link":"https:\/\/ses-creative.com\/de\/produkt\/reise-fenstersticker-wer-ben-ich\/","title":{"rendered":"Reise-Fenstersticker-Wer ben ich?"},"content":{"rendered":"<p>Err\u00e4tst du, wer ich bin?<br \/>\nMach dich bereit f\u00fcr ein Abenteuer mit den \u201eWer bin ich?\u201c-Fensteraufklebern f\u00fcr unterwegs! Dieses lustige Spiel ist leicht zu erlernen und macht Jung und Alt viel Spa\u00df. Klebe die Aufkleber auf das Fenster, w\u00e4hle eine Figur, die du sein m\u00f6chtest, und rate durch clevere Fragen, wer dein Gegner ist. Wenn du Figuren abhaken kannst, nimmst du sie vom Fenster ab und klebst sie auf das Spielbrett. Ob zu Hause, im Auto oder auf Reisen \u2013 dieses Spiel sorgt \u00fcberall f\u00fcr Spa\u00df.<br \/>\nWas dieses Set so toll macht<br \/>\n&#8211;    Das klassische \u201eWer bin ich?\u201c f\u00fcr unterwegs<br \/>\n&#8211;    Fensteraufkleber<br \/>\n&#8211;    Spa\u00df im Auto<br \/>\n&#8211;    Die Fensteraufkleber haften gut und hinterlassen keine Kleber\u00fcckst\u00e4nde auf dem Glas<br \/>\n&#8211;    Wiederverwendbar<br \/>\nReisespiel f\u00fcr unterwegs<br \/>\nDieses Spiel ist perfekt f\u00fcr zwei Spieler und sorgt f\u00fcr stundenlangen Spielspa\u00df. Es ist die perfekte Option f\u00fcr eine bildschirmfreie Aktivit\u00e4t. Die Fensteraufkleber haften auf Glas und glatten Oberfl\u00e4chen. Die Aufkleber lassen sich leicht entfernen und hinterlassen keine Kleber\u00fcckst\u00e4nde. Au\u00dferdem sind die Aufkleber immer wieder wiederverwendbar.<br \/>\nInhalt des Sets<br \/>\n&#8211;    48 \u201eWer bin ich?\u201c-Fensteraufkleber<br \/>\n&#8211;    2 Spielbretter<br \/>\nWarum SES Creative w\u00e4hlen?<br \/>\nBei SES Creative legen wir gro\u00dfen Wert auf Sicherheit. Deshalb werden die Produkte in der Fabrik in den Niederlanden nach den strengsten europ\u00e4ischen Sicherheitsstandards hergestellt und getestet. Spielzeug von SES Creative sorgt f\u00fcr Spa\u00df und soll Kindern ein Gef\u00fchl des Stolzes auf ihre Arbeit vermitteln, was ihre Kreativit\u00e4t und Entwicklung f\u00f6rdert.<br \/>\nFangen Sie jetzt an zu spielen!<br \/>\nHolen Sie sich \u201eWer bin ich?\u201c-Fensteraufkleber f\u00fcr unterwegs und lassen Sie Ihrer Fantasie freien Lauf. Kleben, raten und teilen Sie die Freude am kreativen Spielen mit einem Freund. Es ist Zeit, jede Reise zu einem spannenden Erlebnis zu machen!<\/p>\n","protected":false},"excerpt":{"rendered":"<p>Err\u00e4tst du, wer ich bin? Mach dich bereit f\u00fcr ein Abenteuer mit den \u201eWer bin ich?\u201c-Fensteraufklebern f\u00fcr unterwegs! Dieses lustige Spiel ist leicht zu erlernen und macht Jung und Alt viel Spa\u00df. Klebe die Aufkleber auf das Fenster, w\u00e4hle eine Figur, die du sein m\u00f6chtest, und rate durch clevere Fragen, wer dein Gegner ist. Wenn [&hellip;]<\/p>\n","protected":false},"featured_media":99628,"comment_status":"closed","ping_status":"closed","template":"","meta":{"_acf_changed":false},"product_brand":[],"product_cat":[119],"product_tag":[],"class_list":{"0":"post-114522","1":"product","2":"type-product","3":"status-publish","4":"has-post-thumbnail","6":"product_cat-draussen-spielen","7":"pa_leeftijd-filter-3-4-jahre","8":"pa_meest-populair-bij-jungen-maedchen","10":"first","11":"instock","12":"shipping-taxable","13":"product-type-simple"},"acf":[],"yoast_head":"<!-- This site is optimized with the Yoast SEO plugin v27.4 - https:\/\/yoast.com\/product\/yoast-seo-wordpress\/ -->\n<title>Reise-Fenstersticker-Wer ben ich? - SES Creative<\/title>\n<meta name=\"robots\" content=\"index, follow, max-snippet:-1, max-image-preview:large, max-video-preview:-1\" \/>\n<link rel=\"canonical\" href=\"https:\/\/ses-creative.com\/de\/produkt\/reise-fenstersticker-wer-ben-ich\/\" \/>\n<meta property=\"og:locale\" content=\"de_DE\" \/>\n<meta property=\"og:type\" content=\"article\" \/>\n<meta property=\"og:title\" content=\"Reise-Fenstersticker-Wer ben ich? - SES Creative\" \/>\n<meta property=\"og:description\" content=\"Err\u00e4tst du, wer ich bin? Mach dich bereit f\u00fcr ein Abenteuer mit den \u201eWer bin ich?\u201c-Fensteraufklebern f\u00fcr unterwegs! Dieses lustige Spiel ist leicht zu erlernen und macht Jung und Alt viel Spa\u00df. Klebe die Aufkleber auf das Fenster, w\u00e4hle eine Figur, die du sein m\u00f6chtest, und rate durch clevere Fragen, wer dein Gegner ist. Wenn [&hellip;]\" \/>\n<meta property=\"og:url\" content=\"https:\/\/ses-creative.com\/de\/produkt\/reise-fenstersticker-wer-ben-ich\/\" \/>\n<meta property=\"og:site_name\" content=\"SES Creative\" \/>\n<meta property=\"article:modified_time\" content=\"2026-02-06T09:51:23+00:00\" \/>\n<meta name=\"twitter:card\" content=\"summary_large_image\" \/>\n<meta name=\"twitter:label1\" content=\"Gesch\u00e4tzte Lesezeit\" \/>\n\t<meta name=\"twitter:data1\" content=\"2\u00a0Minuten\" \/>\n<script type=\"application\/ld+json\" class=\"yoast-schema-graph\">{\"@context\":\"https:\\\/\\\/schema.org\",\"@graph\":[{\"@type\":\"WebPage\",\"@id\":\"https:\\\/\\\/ses-creative.com\\\/de\\\/produkt\\\/reise-fenstersticker-wer-ben-ich\\\/\",\"url\":\"https:\\\/\\\/ses-creative.com\\\/de\\\/produkt\\\/reise-fenstersticker-wer-ben-ich\\\/\",\"name\":\"Reise-Fenstersticker-Wer ben ich? - SES Creative\",\"isPartOf\":{\"@id\":\"https:\\\/\\\/ses-creative.com\\\/#website\"},\"primaryImageOfPage\":{\"@id\":\"https:\\\/\\\/ses-creative.com\\\/de\\\/produkt\\\/reise-fenstersticker-wer-ben-ich\\\/#primaryimage\"},\"image\":{\"@id\":\"https:\\\/\\\/ses-creative.com\\\/de\\\/produkt\\\/reise-fenstersticker-wer-ben-ich\\\/#primaryimage\"},\"thumbnailUrl\":\"https:\\\/\\\/ses-creative.com\\\/wp-content\\\/uploads\\\/2026\\\/01\\\/024061.jpg\",\"datePublished\":\"2026-02-05T13:52:21+00:00\",\"dateModified\":\"2026-02-06T09:51:23+00:00\",\"breadcrumb\":{\"@id\":\"https:\\\/\\\/ses-creative.com\\\/de\\\/produkt\\\/reise-fenstersticker-wer-ben-ich\\\/#breadcrumb\"},\"inLanguage\":\"de\",\"potentialAction\":[{\"@type\":\"ReadAction\",\"target\":[\"https:\\\/\\\/ses-creative.com\\\/de\\\/produkt\\\/reise-fenstersticker-wer-ben-ich\\\/\"]}]},{\"@type\":\"ImageObject\",\"inLanguage\":\"de\",\"@id\":\"https:\\\/\\\/ses-creative.com\\\/de\\\/produkt\\\/reise-fenstersticker-wer-ben-ich\\\/#primaryimage\",\"url\":\"https:\\\/\\\/ses-creative.com\\\/wp-content\\\/uploads\\\/2026\\\/01\\\/024061.jpg\",\"contentUrl\":\"https:\\\/\\\/ses-creative.com\\\/wp-content\\\/uploads\\\/2026\\\/01\\\/024061.jpg\",\"width\":1000,\"height\":1000},{\"@type\":\"BreadcrumbList\",\"@id\":\"https:\\\/\\\/ses-creative.com\\\/de\\\/produkt\\\/reise-fenstersticker-wer-ben-ich\\\/#breadcrumb\",\"itemListElement\":[{\"@type\":\"ListItem\",\"position\":1,\"name\":\"Shop\",\"item\":\"https:\\\/\\\/ses-creative.com\\\/de\\\/shop\\\/\"},{\"@type\":\"ListItem\",\"position\":2,\"name\":\"Drau\u00dfen spielen\",\"item\":\"https:\\\/\\\/ses-creative.com\\\/de\\\/product-categorie\\\/draussen-spielen\\\/\"},{\"@type\":\"ListItem\",\"position\":3,\"name\":\"Reise-Fenstersticker-Wer ben ich?\"}]},{\"@type\":\"WebSite\",\"@id\":\"https:\\\/\\\/ses-creative.com\\\/#website\",\"url\":\"https:\\\/\\\/ses-creative.com\\\/\",\"name\":\"SES Creative\",\"description\":\"\",\"publisher\":{\"@id\":\"https:\\\/\\\/ses-creative.com\\\/#organization\"},\"potentialAction\":[{\"@type\":\"SearchAction\",\"target\":{\"@type\":\"EntryPoint\",\"urlTemplate\":\"https:\\\/\\\/ses-creative.com\\\/?s={search_term_string}\"},\"query-input\":{\"@type\":\"PropertyValueSpecification\",\"valueRequired\":true,\"valueName\":\"search_term_string\"}}],\"inLanguage\":\"de\"},{\"@type\":\"Organization\",\"@id\":\"https:\\\/\\\/ses-creative.com\\\/#organization\",\"name\":\"SES Creative\",\"url\":\"https:\\\/\\\/ses-creative.com\\\/\",\"logo\":{\"@type\":\"ImageObject\",\"inLanguage\":\"de\",\"@id\":\"https:\\\/\\\/ses-creative.com\\\/#\\\/schema\\\/logo\\\/image\\\/\",\"url\":\"https:\\\/\\\/ses-creative.com\\\/wp-content\\\/uploads\\\/2025\\\/10\\\/ses-creative-logo.jpg\",\"contentUrl\":\"https:\\\/\\\/ses-creative.com\\\/wp-content\\\/uploads\\\/2025\\\/10\\\/ses-creative-logo.jpg\",\"width\":2037,\"height\":2037,\"caption\":\"SES Creative\"},\"image\":{\"@id\":\"https:\\\/\\\/ses-creative.com\\\/#\\\/schema\\\/logo\\\/image\\\/\"}}]}<\/script>\n<!-- \/ Yoast SEO plugin. -->","yoast_head_json":{"title":"Reise-Fenstersticker-Wer ben ich? - SES Creative","robots":{"index":"index","follow":"follow","max-snippet":"max-snippet:-1","max-image-preview":"max-image-preview:large","max-video-preview":"max-video-preview:-1"},"canonical":"https:\/\/ses-creative.com\/de\/produkt\/reise-fenstersticker-wer-ben-ich\/","og_locale":"de_DE","og_type":"article","og_title":"Reise-Fenstersticker-Wer ben ich? - SES Creative","og_description":"Err\u00e4tst du, wer ich bin? Mach dich bereit f\u00fcr ein Abenteuer mit den \u201eWer bin ich?\u201c-Fensteraufklebern f\u00fcr unterwegs! Dieses lustige Spiel ist leicht zu erlernen und macht Jung und Alt viel Spa\u00df. Klebe die Aufkleber auf das Fenster, w\u00e4hle eine Figur, die du sein m\u00f6chtest, und rate durch clevere Fragen, wer dein Gegner ist. Wenn [&hellip;]","og_url":"https:\/\/ses-creative.com\/de\/produkt\/reise-fenstersticker-wer-ben-ich\/","og_site_name":"SES Creative","article_modified_time":"2026-02-06T09:51:23+00:00","twitter_card":"summary_large_image","twitter_misc":{"Gesch\u00e4tzte Lesezeit":"2\u00a0Minuten"},"schema":{"@context":"https:\/\/schema.org","@graph":[{"@type":"WebPage","@id":"https:\/\/ses-creative.com\/de\/produkt\/reise-fenstersticker-wer-ben-ich\/","url":"https:\/\/ses-creative.com\/de\/produkt\/reise-fenstersticker-wer-ben-ich\/","name":"Reise-Fenstersticker-Wer ben ich? - SES Creative","isPartOf":{"@id":"https:\/\/ses-creative.com\/#website"},"primaryImageOfPage":{"@id":"https:\/\/ses-creative.com\/de\/produkt\/reise-fenstersticker-wer-ben-ich\/#primaryimage"},"image":{"@id":"https:\/\/ses-creative.com\/de\/produkt\/reise-fenstersticker-wer-ben-ich\/#primaryimage"},"thumbnailUrl":"https:\/\/ses-creative.com\/wp-content\/uploads\/2026\/01\/024061.jpg","datePublished":"2026-02-05T13:52:21+00:00","dateModified":"2026-02-06T09:51:23+00:00","breadcrumb":{"@id":"https:\/\/ses-creative.com\/de\/produkt\/reise-fenstersticker-wer-ben-ich\/#breadcrumb"},"inLanguage":"de","potentialAction":[{"@type":"ReadAction","target":["https:\/\/ses-creative.com\/de\/produkt\/reise-fenstersticker-wer-ben-ich\/"]}]},{"@type":"ImageObject","inLanguage":"de","@id":"https:\/\/ses-creative.com\/de\/produkt\/reise-fenstersticker-wer-ben-ich\/#primaryimage","url":"https:\/\/ses-creative.com\/wp-content\/uploads\/2026\/01\/024061.jpg","contentUrl":"https:\/\/ses-creative.com\/wp-content\/uploads\/2026\/01\/024061.jpg","width":1000,"height":1000},{"@type":"BreadcrumbList","@id":"https:\/\/ses-creative.com\/de\/produkt\/reise-fenstersticker-wer-ben-ich\/#breadcrumb","itemListElement":[{"@type":"ListItem","position":1,"name":"Shop","item":"https:\/\/ses-creative.com\/de\/shop\/"},{"@type":"ListItem","position":2,"name":"Drau\u00dfen spielen","item":"https:\/\/ses-creative.com\/de\/product-categorie\/draussen-spielen\/"},{"@type":"ListItem","position":3,"name":"Reise-Fenstersticker-Wer ben ich?"}]},{"@type":"WebSite","@id":"https:\/\/ses-creative.com\/#website","url":"https:\/\/ses-creative.com\/","name":"SES Creative","description":"","publisher":{"@id":"https:\/\/ses-creative.com\/#organization"},"potentialAction":[{"@type":"SearchAction","target":{"@type":"EntryPoint","urlTemplate":"https:\/\/ses-creative.com\/?s={search_term_string}"},"query-input":{"@type":"PropertyValueSpecification","valueRequired":true,"valueName":"search_term_string"}}],"inLanguage":"de"},{"@type":"Organization","@id":"https:\/\/ses-creative.com\/#organization","name":"SES Creative","url":"https:\/\/ses-creative.com\/","logo":{"@type":"ImageObject","inLanguage":"de","@id":"https:\/\/ses-creative.com\/#\/schema\/logo\/image\/","url":"https:\/\/ses-creative.com\/wp-content\/uploads\/2025\/10\/ses-creative-logo.jpg","contentUrl":"https:\/\/ses-creative.com\/wp-content\/uploads\/2025\/10\/ses-creative-logo.jpg","width":2037,"height":2037,"caption":"SES Creative"},"image":{"@id":"https:\/\/ses-creative.com\/#\/schema\/logo\/image\/"}}]}},"_links":{"self":[{"href":"https:\/\/ses-creative.com\/de\/wp-json\/wp\/v2\/product\/114522","targetHints":{"allow":["GET"]}}],"collection":[{"href":"https:\/\/ses-creative.com\/de\/wp-json\/wp\/v2\/product"}],"about":[{"href":"https:\/\/ses-creative.com\/de\/wp-json\/wp\/v2\/types\/product"}],"replies":[{"embeddable":true,"href":"https:\/\/ses-creative.com\/de\/wp-json\/wp\/v2\/comments?post=114522"}],"wp:featuredmedia":[{"embeddable":true,"href":"https:\/\/ses-creative.com\/de\/wp-json\/wp\/v2\/media\/99628"}],"wp:attachment":[{"href":"https:\/\/ses-creative.com\/de\/wp-json\/wp\/v2\/media?parent=114522"}],"wp:term":[{"taxonomy":"product_brand","embeddable":true,"href":"https:\/\/ses-creative.com\/de\/wp-json\/wp\/v2\/product_brand?post=114522"},{"taxonomy":"product_cat","embeddable":true,"href":"https:\/\/ses-creative.com\/de\/wp-json\/wp\/v2\/product_cat?post=114522"},{"taxonomy":"product_tag","embeddable":true,"href":"https:\/\/ses-creative.com\/de\/wp-json\/wp\/v2\/product_tag?post=114522"}],"curies":[{"name":"wp","href":"https:\/\/api.w.org\/{rel}","templated":true}]}}