











{"id":114520,"date":"2026-02-05T13:52:21","date_gmt":"2026-02-05T13:52:21","guid":{"rendered":"https:\/\/ses-creative.com\/?post_type=product&#038;p=114520"},"modified":"2026-02-06T09:51:23","modified_gmt":"2026-02-06T09:51:23","slug":"splash-wasserbaelle-xxl","status":"publish","type":"product","link":"https:\/\/ses-creative.com\/de\/produkt\/splash-wasserbaelle-xxl\/","title":{"rendered":"Splash-Wasserb\u00e4lle XXL"},"content":{"rendered":"<p>Splash Wasserb\u00e4lle: Nachhaltiger Wasserspa\u00df f\u00fcr den ganzen Sommer!<br \/>\nMachen Sie sich bereit f\u00fcr ultimativen Wasserspa\u00df mit unseren Splash Wasserb\u00e4llen XXL! Perfekt f\u00fcr den Garten, den Strand oder den Park, bieten sie eine fantastische M\u00f6glichkeit, sich an einem hei\u00dfen Tag abzuk\u00fchlen. F\u00fcllen Sie einfach einen Eimer oder eine Sch\u00fcssel mit Wasser, tauchen Sie die B\u00e4lle ein und schon k\u00f6nnen Sie Ihre Freunde nass spritzen. Das gr\u00f6\u00dfere Format macht das Spielen noch lustiger und sorgt f\u00fcr maximale Spritzer und Lachanf\u00e4lle. Sie sind immer wieder verwendbar. Diese nachhaltige Alternative zu Wasserballons hinterl\u00e4sst keine Unordnung im Garten.<br \/>\nWas dieses Set so gro\u00dfartig macht<br \/>\n&#8211;    XXL-Splash-B\u00e4lle<br \/>\n&#8211;    F\u00fcr noch mehr Wasserspa\u00df<br \/>\n&#8211;    Ideal f\u00fcr den Sommer, um sich abzuk\u00fchlen<br \/>\n&#8211;    Nachhaltige Alternative zu Wasserballons und hinterl\u00e4sst keine Unordnung<br \/>\n&#8211;    Wiederverwendbar<br \/>\nWasserspa\u00df im Sommer<br \/>\nSplash Water Balls XXL machen nicht nur Spa\u00df, sie sind auch eine gro\u00dfartige M\u00f6glichkeit, aktiv zu bleiben und die frische Luft zu genie\u00dfen. Sie helfen, die Hand-Augen-Koordination zu verbessern und bieten eine gesunde, energiegeladene Art zu spielen. Dar\u00fcber hinaus sind sie wiederverwendbar und somit eine nachhaltigere Wahl f\u00fcr Wasserspa\u00df, die zu umweltfreundlichen Werten passt.<br \/>\nInhalt des Sets<br \/>\n&#8211;    5 XXL-Wassersplashb\u00e4lle in verschiedenen Farben<br \/>\nWarum SES Creative w\u00e4hlen?<br \/>\nBei SES Creative legen wir gro\u00dfen Wert auf Sicherheit. Deshalb werden die Produkte in der Fabrik in den Niederlanden nach den strengsten europ\u00e4ischen Sicherheitsstandards hergestellt und getestet. Spielzeug von SES Creative sorgt f\u00fcr Spa\u00df und zielt darauf ab, dass Kinder stolz auf ihre Arbeit sein k\u00f6nnen, was ihre Kreativit\u00e4t und Entwicklung f\u00f6rdert.<br \/>\nBereit f\u00fcr die Wasserschlacht?<br \/>\nSchnapp dir deine Splash Water Balls XXL und geh nach drau\u00dfen, um unvergesslichen Wasserspa\u00df zu erleben. Zeit zum Nassewerden, Spritzen und Lachen in der ultimativen Wasserschlacht!<\/p>\n","protected":false},"excerpt":{"rendered":"<p>Splash Wasserb\u00e4lle: Nachhaltiger Wasserspa\u00df f\u00fcr den ganzen Sommer! Machen Sie sich bereit f\u00fcr ultimativen Wasserspa\u00df mit unseren Splash Wasserb\u00e4llen XXL! Perfekt f\u00fcr den Garten, den Strand oder den Park, bieten sie eine fantastische M\u00f6glichkeit, sich an einem hei\u00dfen Tag abzuk\u00fchlen. F\u00fcllen Sie einfach einen Eimer oder eine Sch\u00fcssel mit Wasser, tauchen Sie die B\u00e4lle ein [&hellip;]<\/p>\n","protected":false},"featured_media":99588,"comment_status":"closed","ping_status":"closed","template":"","meta":{"_acf_changed":false},"product_brand":[],"product_cat":[119],"product_tag":[],"class_list":{"0":"post-114520","1":"product","2":"type-product","3":"status-publish","4":"has-post-thumbnail","6":"product_cat-draussen-spielen","7":"pa_collecties-splash-water-balls","8":"pa_leeftijd-filter-3-4-jahre","9":"pa_meest-populair-bij-jungen-maedchen","11":"first","12":"instock","13":"shipping-taxable","14":"product-type-simple"},"acf":[],"yoast_head":"<!-- This site is optimized with the Yoast SEO plugin v27.4 - https:\/\/yoast.com\/product\/yoast-seo-wordpress\/ -->\n<title>Splash-Wasserb\u00e4lle XXL - SES Creative<\/title>\n<meta name=\"robots\" content=\"index, follow, max-snippet:-1, max-image-preview:large, max-video-preview:-1\" \/>\n<link rel=\"canonical\" href=\"https:\/\/ses-creative.com\/de\/produkt\/splash-wasserbaelle-xxl\/\" \/>\n<meta property=\"og:locale\" content=\"de_DE\" \/>\n<meta property=\"og:type\" content=\"article\" \/>\n<meta property=\"og:title\" content=\"Splash-Wasserb\u00e4lle XXL - SES Creative\" \/>\n<meta property=\"og:description\" content=\"Splash Wasserb\u00e4lle: Nachhaltiger Wasserspa\u00df f\u00fcr den ganzen Sommer! Machen Sie sich bereit f\u00fcr ultimativen Wasserspa\u00df mit unseren Splash Wasserb\u00e4llen XXL! Perfekt f\u00fcr den Garten, den Strand oder den Park, bieten sie eine fantastische M\u00f6glichkeit, sich an einem hei\u00dfen Tag abzuk\u00fchlen. F\u00fcllen Sie einfach einen Eimer oder eine Sch\u00fcssel mit Wasser, tauchen Sie die B\u00e4lle ein [&hellip;]\" \/>\n<meta property=\"og:url\" content=\"https:\/\/ses-creative.com\/de\/produkt\/splash-wasserbaelle-xxl\/\" \/>\n<meta property=\"og:site_name\" content=\"SES Creative\" \/>\n<meta property=\"article:modified_time\" content=\"2026-02-06T09:51:23+00:00\" \/>\n<meta name=\"twitter:card\" content=\"summary_large_image\" \/>\n<meta name=\"twitter:label1\" content=\"Gesch\u00e4tzte Lesezeit\" \/>\n\t<meta name=\"twitter:data1\" content=\"2\u00a0Minuten\" \/>\n<script type=\"application\/ld+json\" class=\"yoast-schema-graph\">{\"@context\":\"https:\\\/\\\/schema.org\",\"@graph\":[{\"@type\":\"WebPage\",\"@id\":\"https:\\\/\\\/ses-creative.com\\\/de\\\/produkt\\\/splash-wasserbaelle-xxl\\\/\",\"url\":\"https:\\\/\\\/ses-creative.com\\\/de\\\/produkt\\\/splash-wasserbaelle-xxl\\\/\",\"name\":\"Splash-Wasserb\u00e4lle XXL - SES Creative\",\"isPartOf\":{\"@id\":\"https:\\\/\\\/ses-creative.com\\\/#website\"},\"primaryImageOfPage\":{\"@id\":\"https:\\\/\\\/ses-creative.com\\\/de\\\/produkt\\\/splash-wasserbaelle-xxl\\\/#primaryimage\"},\"image\":{\"@id\":\"https:\\\/\\\/ses-creative.com\\\/de\\\/produkt\\\/splash-wasserbaelle-xxl\\\/#primaryimage\"},\"thumbnailUrl\":\"https:\\\/\\\/ses-creative.com\\\/wp-content\\\/uploads\\\/2026\\\/01\\\/024041.jpg\",\"datePublished\":\"2026-02-05T13:52:21+00:00\",\"dateModified\":\"2026-02-06T09:51:23+00:00\",\"breadcrumb\":{\"@id\":\"https:\\\/\\\/ses-creative.com\\\/de\\\/produkt\\\/splash-wasserbaelle-xxl\\\/#breadcrumb\"},\"inLanguage\":\"de\",\"potentialAction\":[{\"@type\":\"ReadAction\",\"target\":[\"https:\\\/\\\/ses-creative.com\\\/de\\\/produkt\\\/splash-wasserbaelle-xxl\\\/\"]}]},{\"@type\":\"ImageObject\",\"inLanguage\":\"de\",\"@id\":\"https:\\\/\\\/ses-creative.com\\\/de\\\/produkt\\\/splash-wasserbaelle-xxl\\\/#primaryimage\",\"url\":\"https:\\\/\\\/ses-creative.com\\\/wp-content\\\/uploads\\\/2026\\\/01\\\/024041.jpg\",\"contentUrl\":\"https:\\\/\\\/ses-creative.com\\\/wp-content\\\/uploads\\\/2026\\\/01\\\/024041.jpg\",\"width\":1000,\"height\":1000},{\"@type\":\"BreadcrumbList\",\"@id\":\"https:\\\/\\\/ses-creative.com\\\/de\\\/produkt\\\/splash-wasserbaelle-xxl\\\/#breadcrumb\",\"itemListElement\":[{\"@type\":\"ListItem\",\"position\":1,\"name\":\"Shop\",\"item\":\"https:\\\/\\\/ses-creative.com\\\/de\\\/shop\\\/\"},{\"@type\":\"ListItem\",\"position\":2,\"name\":\"Drau\u00dfen spielen\",\"item\":\"https:\\\/\\\/ses-creative.com\\\/de\\\/product-categorie\\\/draussen-spielen\\\/\"},{\"@type\":\"ListItem\",\"position\":3,\"name\":\"Splash-Wasserb\u00e4lle XXL\"}]},{\"@type\":\"WebSite\",\"@id\":\"https:\\\/\\\/ses-creative.com\\\/#website\",\"url\":\"https:\\\/\\\/ses-creative.com\\\/\",\"name\":\"SES Creative\",\"description\":\"\",\"publisher\":{\"@id\":\"https:\\\/\\\/ses-creative.com\\\/#organization\"},\"potentialAction\":[{\"@type\":\"SearchAction\",\"target\":{\"@type\":\"EntryPoint\",\"urlTemplate\":\"https:\\\/\\\/ses-creative.com\\\/?s={search_term_string}\"},\"query-input\":{\"@type\":\"PropertyValueSpecification\",\"valueRequired\":true,\"valueName\":\"search_term_string\"}}],\"inLanguage\":\"de\"},{\"@type\":\"Organization\",\"@id\":\"https:\\\/\\\/ses-creative.com\\\/#organization\",\"name\":\"SES Creative\",\"url\":\"https:\\\/\\\/ses-creative.com\\\/\",\"logo\":{\"@type\":\"ImageObject\",\"inLanguage\":\"de\",\"@id\":\"https:\\\/\\\/ses-creative.com\\\/#\\\/schema\\\/logo\\\/image\\\/\",\"url\":\"https:\\\/\\\/ses-creative.com\\\/wp-content\\\/uploads\\\/2025\\\/10\\\/ses-creative-logo.jpg\",\"contentUrl\":\"https:\\\/\\\/ses-creative.com\\\/wp-content\\\/uploads\\\/2025\\\/10\\\/ses-creative-logo.jpg\",\"width\":2037,\"height\":2037,\"caption\":\"SES Creative\"},\"image\":{\"@id\":\"https:\\\/\\\/ses-creative.com\\\/#\\\/schema\\\/logo\\\/image\\\/\"}}]}<\/script>\n<!-- \/ Yoast SEO plugin. -->","yoast_head_json":{"title":"Splash-Wasserb\u00e4lle XXL - SES Creative","robots":{"index":"index","follow":"follow","max-snippet":"max-snippet:-1","max-image-preview":"max-image-preview:large","max-video-preview":"max-video-preview:-1"},"canonical":"https:\/\/ses-creative.com\/de\/produkt\/splash-wasserbaelle-xxl\/","og_locale":"de_DE","og_type":"article","og_title":"Splash-Wasserb\u00e4lle XXL - SES Creative","og_description":"Splash Wasserb\u00e4lle: Nachhaltiger Wasserspa\u00df f\u00fcr den ganzen Sommer! Machen Sie sich bereit f\u00fcr ultimativen Wasserspa\u00df mit unseren Splash Wasserb\u00e4llen XXL! Perfekt f\u00fcr den Garten, den Strand oder den Park, bieten sie eine fantastische M\u00f6glichkeit, sich an einem hei\u00dfen Tag abzuk\u00fchlen. F\u00fcllen Sie einfach einen Eimer oder eine Sch\u00fcssel mit Wasser, tauchen Sie die B\u00e4lle ein [&hellip;]","og_url":"https:\/\/ses-creative.com\/de\/produkt\/splash-wasserbaelle-xxl\/","og_site_name":"SES Creative","article_modified_time":"2026-02-06T09:51:23+00:00","twitter_card":"summary_large_image","twitter_misc":{"Gesch\u00e4tzte Lesezeit":"2\u00a0Minuten"},"schema":{"@context":"https:\/\/schema.org","@graph":[{"@type":"WebPage","@id":"https:\/\/ses-creative.com\/de\/produkt\/splash-wasserbaelle-xxl\/","url":"https:\/\/ses-creative.com\/de\/produkt\/splash-wasserbaelle-xxl\/","name":"Splash-Wasserb\u00e4lle XXL - SES Creative","isPartOf":{"@id":"https:\/\/ses-creative.com\/#website"},"primaryImageOfPage":{"@id":"https:\/\/ses-creative.com\/de\/produkt\/splash-wasserbaelle-xxl\/#primaryimage"},"image":{"@id":"https:\/\/ses-creative.com\/de\/produkt\/splash-wasserbaelle-xxl\/#primaryimage"},"thumbnailUrl":"https:\/\/ses-creative.com\/wp-content\/uploads\/2026\/01\/024041.jpg","datePublished":"2026-02-05T13:52:21+00:00","dateModified":"2026-02-06T09:51:23+00:00","breadcrumb":{"@id":"https:\/\/ses-creative.com\/de\/produkt\/splash-wasserbaelle-xxl\/#breadcrumb"},"inLanguage":"de","potentialAction":[{"@type":"ReadAction","target":["https:\/\/ses-creative.com\/de\/produkt\/splash-wasserbaelle-xxl\/"]}]},{"@type":"ImageObject","inLanguage":"de","@id":"https:\/\/ses-creative.com\/de\/produkt\/splash-wasserbaelle-xxl\/#primaryimage","url":"https:\/\/ses-creative.com\/wp-content\/uploads\/2026\/01\/024041.jpg","contentUrl":"https:\/\/ses-creative.com\/wp-content\/uploads\/2026\/01\/024041.jpg","width":1000,"height":1000},{"@type":"BreadcrumbList","@id":"https:\/\/ses-creative.com\/de\/produkt\/splash-wasserbaelle-xxl\/#breadcrumb","itemListElement":[{"@type":"ListItem","position":1,"name":"Shop","item":"https:\/\/ses-creative.com\/de\/shop\/"},{"@type":"ListItem","position":2,"name":"Drau\u00dfen spielen","item":"https:\/\/ses-creative.com\/de\/product-categorie\/draussen-spielen\/"},{"@type":"ListItem","position":3,"name":"Splash-Wasserb\u00e4lle XXL"}]},{"@type":"WebSite","@id":"https:\/\/ses-creative.com\/#website","url":"https:\/\/ses-creative.com\/","name":"SES Creative","description":"","publisher":{"@id":"https:\/\/ses-creative.com\/#organization"},"potentialAction":[{"@type":"SearchAction","target":{"@type":"EntryPoint","urlTemplate":"https:\/\/ses-creative.com\/?s={search_term_string}"},"query-input":{"@type":"PropertyValueSpecification","valueRequired":true,"valueName":"search_term_string"}}],"inLanguage":"de"},{"@type":"Organization","@id":"https:\/\/ses-creative.com\/#organization","name":"SES Creative","url":"https:\/\/ses-creative.com\/","logo":{"@type":"ImageObject","inLanguage":"de","@id":"https:\/\/ses-creative.com\/#\/schema\/logo\/image\/","url":"https:\/\/ses-creative.com\/wp-content\/uploads\/2025\/10\/ses-creative-logo.jpg","contentUrl":"https:\/\/ses-creative.com\/wp-content\/uploads\/2025\/10\/ses-creative-logo.jpg","width":2037,"height":2037,"caption":"SES Creative"},"image":{"@id":"https:\/\/ses-creative.com\/#\/schema\/logo\/image\/"}}]}},"_links":{"self":[{"href":"https:\/\/ses-creative.com\/de\/wp-json\/wp\/v2\/product\/114520","targetHints":{"allow":["GET"]}}],"collection":[{"href":"https:\/\/ses-creative.com\/de\/wp-json\/wp\/v2\/product"}],"about":[{"href":"https:\/\/ses-creative.com\/de\/wp-json\/wp\/v2\/types\/product"}],"replies":[{"embeddable":true,"href":"https:\/\/ses-creative.com\/de\/wp-json\/wp\/v2\/comments?post=114520"}],"wp:featuredmedia":[{"embeddable":true,"href":"https:\/\/ses-creative.com\/de\/wp-json\/wp\/v2\/media\/99588"}],"wp:attachment":[{"href":"https:\/\/ses-creative.com\/de\/wp-json\/wp\/v2\/media?parent=114520"}],"wp:term":[{"taxonomy":"product_brand","embeddable":true,"href":"https:\/\/ses-creative.com\/de\/wp-json\/wp\/v2\/product_brand?post=114520"},{"taxonomy":"product_cat","embeddable":true,"href":"https:\/\/ses-creative.com\/de\/wp-json\/wp\/v2\/product_cat?post=114520"},{"taxonomy":"product_tag","embeddable":true,"href":"https:\/\/ses-creative.com\/de\/wp-json\/wp\/v2\/product_tag?post=114520"}],"curies":[{"name":"wp","href":"https:\/\/api.w.org\/{rel}","templated":true}]}}